{"id":42037,"date":"2025-06-13T14:47:50","date_gmt":"2025-06-13T12:47:50","guid":{"rendered":"https:\/\/ironsky.pl\/drony-sklep\/produkt\/lampa-kempingowa-superfire-t26-420lm\/"},"modified":"2026-03-05T15:57:11","modified_gmt":"2026-03-05T14:57:11","slug":"lampa-kempingowa-superfire-t26-420lm","status":"publish","type":"product","link":"https:\/\/ironsky.pl\/sklep\/produkt\/lampa-kempingowa-superfire-t26-420lm\/","title":{"rendered":"Lampa kempingowa Superfire T26, 420lm"},"content":{"rendered":"<h3>Lampa kempingowa Superfire T26<\/h3>\n<p>Por\u0119czna lampa kempingowa Superfire T26 gwarantuje r\u00f3wnomierne o\u015bwietlenie bez wzgl\u0119du na panuj\u0105ce warunki. Z \u0142atwo\u015bci\u0105 na\u0142adujesz j\u0105 za pomoc\u0105 kabla Micro USB do\u0142\u0105czonego w zestawie. Lampa generuje \u015bwiat\u0142o o jasno\u015bci 420 lm oraz zasi\u0119gu 25 m\u00b2, dzi\u0119ki czemu dok\u0142adnie o\u015bwietli pole namiotowe czy stworzy wyj\u0105tkowy klimat w ogrodzie. Mo\u017ce pracowa\u0107 nawet do 6 h oraz oferuje 3 tryby o\u015bwietlenia. Dodatkowo wyposa\u017cona zosta\u0142a w praktyczny haczyk, kt\u00f3ry u\u0142atwi monta\u017c.<\/p>\n<p><img decoding=\"async\" src=\"https:\/\/b2b.innpro.pl\/data\/include\/cms\/01Superfire\/T26\/9.jpg\"><\/p>\n<h3>Niezawodne \u017ar\u00f3d\u0142o o\u015bwietlenia<\/h3>\n<p>Wybierasz si\u0119 na biwak? A mo\u017ce organizujesz imprez\u0119 ze znajomymi w ogrodzie? Lampa Superfire doskonale sprawdzi si\u0119 w ka\u017cdej sytuacji oraz zapewni stabilne o\u015bwietlenie w zakresie 360\u00b0. Wysokiej klasy dioda sprawia, \u017ce urz\u0105dzenie generuje \u015bwiat\u0142o o jasno\u015bci 420 lumen\u00f3w, a jego zasi\u0119g wynosi 25 m\u00b2.<\/p>\n<p><img decoding=\"async\" src=\"https:\/\/b2b.innpro.pl\/data\/include\/cms\/01Superfire\/T26\/1.jpg\"><\/p>\n<h3>3 tryby pracy<\/h3>\n<p>Lampa kempingowa oferuje a\u017c 3 tryby o\u015bwietlenia, dzi\u0119ki czemu mo\u017cesz z \u0142atwo\u015bci\u0105 dopasowa\u0107 jej dzia\u0142anie do swoich potrzeb. Do Twojej dyspozycji s\u0105 tryby Low, High oraz Strobe. Mo\u017cesz wi\u0119c wykorzysta\u0107 urz\u0105dzenie podczas nag\u0142ej awarii samochodu, przyj\u0119cia w plenerze, wieczornego czytania ksi\u0105\u017cek czy \u0142owienia ryb! Ponadto dodatkowym atutem jest r\u00f3wnie\u017c przyjazne \u015brodowisku oraz energooszcz\u0119dne \u017ar\u00f3d\u0142o \u015bwiat\u0142a.<\/p>\n<p><img decoding=\"async\" src=\"https:\/\/b2b.innpro.pl\/data\/include\/cms\/01Superfire\/T26\/8.jpg\"><\/p>\n<h3>D\u0142ugi czas pracy<\/h3>\n<p>Urz\u0105dzenie zosta\u0142o wyposa\u017cone w wydajne akumulatory o ca\u0142kowitej pojemno\u015bci 3600 mAh, kt\u00f3re pozwalaj\u0105 na 6 h pracy na jednym na\u0142adowaniu. Aby odnowi\u0107 energi\u0119, wystarczy pod\u0142\u0105czy\u0107 lamp\u0119 do \u017ar\u00f3d\u0142a zasilania za pomoc\u0105 kabla Micro USB, kt\u00f3ry znajdziesz w zestawie. Ju\u017c po oko\u0142o 8 h b\u0119dzie ona ponownie gotowa do pracy! <\/p>\n<p><img decoding=\"async\" src=\"https:\/\/b2b.innpro.pl\/data\/include\/cms\/01Superfire\/T26\/12.jpg\"><\/p>\n<h3>Praktyczne detale <\/h3>\n<p>Model T26 posiada wbudowany wy\u015bwietlacz, z kt\u00f3rego dowiesz si\u0119 o aktualnym stanie na\u0142adowania lampy. Ju\u017c nie b\u0119dziesz musia\u0142 si\u0119 zastanawia\u0107, kiedy pod\u0142\u0105czy\u0107 urz\u0105dzenie do \u0142adowania! Co wi\u0119cej, lampa posiada r\u00f3wnie\u017c funkcjonalny haczyk, kt\u00f3ry u\u0142atwi Ci monta\u017c.<\/p>\n<p><img decoding=\"async\" src=\"https:\/\/b2b.innpro.pl\/data\/include\/cms\/01Superfire\/T26\/11.jpg\"><\/p>\n<h3>W zestawie<\/h3>\n<ul>\n<li>Lampa kempingowa Superfire T26<\/li>\n<li>Kabel USB<\/li>\n<li>Instrukcja obs\u0142ugi<\/li>\n<\/ul>\n<div class=\"table-wrapper\">\n<table>\n<tbody>\n<tr>\n<th>Producent<\/th>\n<td>Superfire<\/td>\n<\/tr>\n<tr>\n<th>Model<\/th>\n<td>T26<\/td>\n<\/tr>\n<tr>\n<th>Jasno\u015b\u0107<\/th>\n<td>420 lm<\/td>\n<\/tr>\n<tr>\n<th>Zasi\u0119g<\/th>\n<td>25 m\u00b2<\/td>\n<\/tr>\n<tr>\n<th>Czas pracy<\/th>\n<td>6 h<\/td>\n<\/tr>\n<tr>\n<th>Czas \u0142adowania<\/th>\n<td>8 h<\/td>\n<\/tr>\n<tr>\n<th>Zasilanie<\/th>\n<td>Akumulator litowo-jonowy typu 18650<\/td>\n<\/tr>\n<tr>\n<th>Pojemno\u015b\u0107 akumulatora<\/th>\n<td>3x 1200 mAh<\/td>\n<\/tr>\n<tr>\n<th>Moc<\/th>\n<td>18 W<\/td>\n<\/tr>\n<tr>\n<th>Wodoodporno\u015b\u0107<\/th>\n<td>IP42<\/td>\n<\/tr>\n<tr>\n<th>Tryby o\u015bwietlenia<\/th>\n<td>Low, High i Strobe<\/td>\n<\/tr>\n<tr>\n<th>Materia\u0142<\/th>\n<td>PC + ABS<\/td>\n<\/tr>\n<tr>\n<th>Waga<\/th>\n<td>490 g<\/td>\n<\/tr>\n<tr>\n<th>Wymiary<\/th>\n<td>\u03c699 x \u03c627 x 165 mm<\/td>\n<\/tr>\n<\/tbody>\n<\/table>\n<\/div>\n","protected":false},"excerpt":{"rendered":"<p>Lampa kempingowa Superfire T26 Por\u0119czna lampa kempingowa Superfire T26 gwarantuje r\u00f3wnomierne o\u015bwietlenie bez wzgl\u0119du na panuj\u0105ce warunki. Z \u0142atwo\u015bci\u0105 na\u0142adujesz<\/p>\n","protected":false},"featured_media":42038,"comment_status":"closed","ping_status":"open","template":"","meta":{"_acf_changed":false},"product_brand":[],"product_cat":[5947,5946,5937],"product_tag":[],"class_list":{"0":"post-42037","1":"product","2":"type-product","3":"status-publish","4":"has-post-thumbnail","6":"product_cat-lampy-kempingowe","7":"product_cat-oswietlenie","8":"product_cat-outdoor","9":"pa_okres-gwarancji-5754","10":"pa_producent-superfire","12":"first","13":"outofstock","14":"taxable","15":"shipping-taxable","16":"purchasable","17":"product-type-simple"},"acf":[],"yoast_head":"<!-- This site is optimized with the Yoast SEO plugin v27.2 - https:\/\/yoast.com\/product\/yoast-seo-wordpress\/ -->\n<title>Lampa kempingowa Superfire T26, 420lm - IRONSKY.PL Sklep z Dronami<\/title>\n<meta name=\"description\" content=\"Lampa kempingowa Superfire T26, 420lm - \u2705 sklep z dronami i fachowym doradztwem. \u2705 Tutaj kupisz produkty DJI, Yuneec, Parrot, Syma i wiele innych, a tak\u017ce kursy i licencje na operatora drona.\" \/>\n<meta name=\"robots\" content=\"index, follow, max-snippet:-1, max-image-preview:large, max-video-preview:-1\" \/>\n<link rel=\"canonical\" href=\"https:\/\/ironsky.pl\/sklep\/produkt\/lampa-kempingowa-superfire-t26-420lm\/\" \/>\n<meta property=\"og:locale\" content=\"pl_PL\" \/>\n<meta property=\"og:type\" content=\"article\" \/>\n<meta property=\"og:title\" content=\"Lampa kempingowa Superfire T26, 420lm - IRONSKY.PL Sklep z Dronami\" \/>\n<meta property=\"og:description\" content=\"Lampa kempingowa Superfire T26, 420lm - \u2705 sklep z dronami i fachowym doradztwem. \u2705 Tutaj kupisz produkty DJI, Yuneec, Parrot, Syma i wiele innych, a tak\u017ce kursy i licencje na operatora drona.\" \/>\n<meta property=\"og:url\" content=\"https:\/\/ironsky.pl\/sklep\/produkt\/lampa-kempingowa-superfire-t26-420lm\/\" \/>\n<meta property=\"og:site_name\" content=\"IRONSKY.PL Sklep z Dronami\" \/>\n<meta property=\"article:modified_time\" content=\"2026-03-05T14:57:11+00:00\" \/>\n<meta property=\"og:image\" content=\"https:\/\/ironsky.pl\/sklep\/wp-content\/uploads\/2025\/06\/25603_1.jpg\" \/>\n\t<meta property=\"og:image:width\" content=\"800\" \/>\n\t<meta property=\"og:image:height\" content=\"800\" \/>\n\t<meta property=\"og:image:type\" content=\"image\/jpeg\" \/>\n<meta name=\"twitter:card\" content=\"summary_large_image\" \/>\n<meta name=\"twitter:label1\" content=\"Szacowany czas czytania\" \/>\n\t<meta name=\"twitter:data1\" content=\"2 minuty\" \/>\n<script type=\"application\/ld+json\" class=\"yoast-schema-graph\">{\"@context\":\"https:\/\/schema.org\",\"@graph\":[{\"@type\":\"WebPage\",\"@id\":\"https:\/\/ironsky.pl\/sklep\/produkt\/lampa-kempingowa-superfire-t26-420lm\/\",\"url\":\"https:\/\/ironsky.pl\/sklep\/produkt\/lampa-kempingowa-superfire-t26-420lm\/\",\"name\":\"Lampa kempingowa Superfire T26, 420lm - IRONSKY.PL Sklep z Dronami\",\"isPartOf\":{\"@id\":\"https:\/\/ironsky.pl\/sklep\/#website\"},\"primaryImageOfPage\":{\"@id\":\"https:\/\/ironsky.pl\/sklep\/produkt\/lampa-kempingowa-superfire-t26-420lm\/#primaryimage\"},\"image\":{\"@id\":\"https:\/\/ironsky.pl\/sklep\/produkt\/lampa-kempingowa-superfire-t26-420lm\/#primaryimage\"},\"thumbnailUrl\":\"https:\/\/ironsky.pl\/sklep\/wp-content\/uploads\/2025\/06\/25603_1.jpg\",\"datePublished\":\"2025-06-13T12:47:50+00:00\",\"dateModified\":\"2026-03-05T14:57:11+00:00\",\"description\":\"Lampa kempingowa Superfire T26, 420lm - \u2705 sklep z dronami i fachowym doradztwem. \u2705 Tutaj kupisz produkty DJI, Yuneec, Parrot, Syma i wiele innych, a tak\u017ce kursy i licencje na operatora drona.\",\"breadcrumb\":{\"@id\":\"https:\/\/ironsky.pl\/sklep\/produkt\/lampa-kempingowa-superfire-t26-420lm\/#breadcrumb\"},\"inLanguage\":\"pl-PL\",\"potentialAction\":[{\"@type\":\"ReadAction\",\"target\":[\"https:\/\/ironsky.pl\/sklep\/produkt\/lampa-kempingowa-superfire-t26-420lm\/\"]}]},{\"@type\":\"ImageObject\",\"inLanguage\":\"pl-PL\",\"@id\":\"https:\/\/ironsky.pl\/sklep\/produkt\/lampa-kempingowa-superfire-t26-420lm\/#primaryimage\",\"url\":\"https:\/\/ironsky.pl\/sklep\/wp-content\/uploads\/2025\/06\/25603_1.jpg\",\"contentUrl\":\"https:\/\/ironsky.pl\/sklep\/wp-content\/uploads\/2025\/06\/25603_1.jpg\",\"width\":800,\"height\":800},{\"@type\":\"BreadcrumbList\",\"@id\":\"https:\/\/ironsky.pl\/sklep\/produkt\/lampa-kempingowa-superfire-t26-420lm\/#breadcrumb\",\"itemListElement\":[{\"@type\":\"ListItem\",\"position\":1,\"name\":\"Strona g\u0142\u00f3wna\",\"item\":\"https:\/\/ironsky.pl\/sklep\/\"},{\"@type\":\"ListItem\",\"position\":2,\"name\":\"Wszystkie produkty\",\"item\":\"https:\/\/ironsky.pl\/sklep\/produkty\/\"},{\"@type\":\"ListItem\",\"position\":3,\"name\":\"Lampa kempingowa Superfire T26, 420lm\"}]},{\"@type\":\"WebSite\",\"@id\":\"https:\/\/ironsky.pl\/sklep\/#website\",\"url\":\"https:\/\/ironsky.pl\/sklep\/\",\"name\":\"IRONSKY.PL Sklep z Dronami\",\"description\":\"IRONSKY.PL Sklep z Dronami\",\"potentialAction\":[{\"@type\":\"SearchAction\",\"target\":{\"@type\":\"EntryPoint\",\"urlTemplate\":\"https:\/\/ironsky.pl\/sklep\/?s={search_term_string}\"},\"query-input\":{\"@type\":\"PropertyValueSpecification\",\"valueRequired\":true,\"valueName\":\"search_term_string\"}}],\"inLanguage\":\"pl-PL\"}]}<\/script>\n<!-- \/ Yoast SEO plugin. -->","yoast_head_json":{"title":"Lampa kempingowa Superfire T26, 420lm - IRONSKY.PL Sklep z Dronami","description":"Lampa kempingowa Superfire T26, 420lm - \u2705 sklep z dronami i fachowym doradztwem. \u2705 Tutaj kupisz produkty DJI, Yuneec, Parrot, Syma i wiele innych, a tak\u017ce kursy i licencje na operatora drona.","robots":{"index":"index","follow":"follow","max-snippet":"max-snippet:-1","max-image-preview":"max-image-preview:large","max-video-preview":"max-video-preview:-1"},"canonical":"https:\/\/ironsky.pl\/sklep\/produkt\/lampa-kempingowa-superfire-t26-420lm\/","og_locale":"pl_PL","og_type":"article","og_title":"Lampa kempingowa Superfire T26, 420lm - IRONSKY.PL Sklep z Dronami","og_description":"Lampa kempingowa Superfire T26, 420lm - \u2705 sklep z dronami i fachowym doradztwem. \u2705 Tutaj kupisz produkty DJI, Yuneec, Parrot, Syma i wiele innych, a tak\u017ce kursy i licencje na operatora drona.","og_url":"https:\/\/ironsky.pl\/sklep\/produkt\/lampa-kempingowa-superfire-t26-420lm\/","og_site_name":"IRONSKY.PL Sklep z Dronami","article_modified_time":"2026-03-05T14:57:11+00:00","og_image":[{"width":800,"height":800,"url":"https:\/\/ironsky.pl\/sklep\/wp-content\/uploads\/2025\/06\/25603_1.jpg","type":"image\/jpeg"}],"twitter_card":"summary_large_image","twitter_misc":{"Szacowany czas czytania":"2 minuty"},"schema":{"@context":"https:\/\/schema.org","@graph":[{"@type":"WebPage","@id":"https:\/\/ironsky.pl\/sklep\/produkt\/lampa-kempingowa-superfire-t26-420lm\/","url":"https:\/\/ironsky.pl\/sklep\/produkt\/lampa-kempingowa-superfire-t26-420lm\/","name":"Lampa kempingowa Superfire T26, 420lm - IRONSKY.PL Sklep z Dronami","isPartOf":{"@id":"https:\/\/ironsky.pl\/sklep\/#website"},"primaryImageOfPage":{"@id":"https:\/\/ironsky.pl\/sklep\/produkt\/lampa-kempingowa-superfire-t26-420lm\/#primaryimage"},"image":{"@id":"https:\/\/ironsky.pl\/sklep\/produkt\/lampa-kempingowa-superfire-t26-420lm\/#primaryimage"},"thumbnailUrl":"https:\/\/ironsky.pl\/sklep\/wp-content\/uploads\/2025\/06\/25603_1.jpg","datePublished":"2025-06-13T12:47:50+00:00","dateModified":"2026-03-05T14:57:11+00:00","description":"Lampa kempingowa Superfire T26, 420lm - \u2705 sklep z dronami i fachowym doradztwem. \u2705 Tutaj kupisz produkty DJI, Yuneec, Parrot, Syma i wiele innych, a tak\u017ce kursy i licencje na operatora drona.","breadcrumb":{"@id":"https:\/\/ironsky.pl\/sklep\/produkt\/lampa-kempingowa-superfire-t26-420lm\/#breadcrumb"},"inLanguage":"pl-PL","potentialAction":[{"@type":"ReadAction","target":["https:\/\/ironsky.pl\/sklep\/produkt\/lampa-kempingowa-superfire-t26-420lm\/"]}]},{"@type":"ImageObject","inLanguage":"pl-PL","@id":"https:\/\/ironsky.pl\/sklep\/produkt\/lampa-kempingowa-superfire-t26-420lm\/#primaryimage","url":"https:\/\/ironsky.pl\/sklep\/wp-content\/uploads\/2025\/06\/25603_1.jpg","contentUrl":"https:\/\/ironsky.pl\/sklep\/wp-content\/uploads\/2025\/06\/25603_1.jpg","width":800,"height":800},{"@type":"BreadcrumbList","@id":"https:\/\/ironsky.pl\/sklep\/produkt\/lampa-kempingowa-superfire-t26-420lm\/#breadcrumb","itemListElement":[{"@type":"ListItem","position":1,"name":"Strona g\u0142\u00f3wna","item":"https:\/\/ironsky.pl\/sklep\/"},{"@type":"ListItem","position":2,"name":"Wszystkie produkty","item":"https:\/\/ironsky.pl\/sklep\/produkty\/"},{"@type":"ListItem","position":3,"name":"Lampa kempingowa Superfire T26, 420lm"}]},{"@type":"WebSite","@id":"https:\/\/ironsky.pl\/sklep\/#website","url":"https:\/\/ironsky.pl\/sklep\/","name":"IRONSKY.PL Sklep z Dronami","description":"IRONSKY.PL Sklep z Dronami","potentialAction":[{"@type":"SearchAction","target":{"@type":"EntryPoint","urlTemplate":"https:\/\/ironsky.pl\/sklep\/?s={search_term_string}"},"query-input":{"@type":"PropertyValueSpecification","valueRequired":true,"valueName":"search_term_string"}}],"inLanguage":"pl-PL"}]}},"_links":{"self":[{"href":"https:\/\/ironsky.pl\/sklep\/wp-json\/wp\/v2\/product\/42037","targetHints":{"allow":["GET"]}}],"collection":[{"href":"https:\/\/ironsky.pl\/sklep\/wp-json\/wp\/v2\/product"}],"about":[{"href":"https:\/\/ironsky.pl\/sklep\/wp-json\/wp\/v2\/types\/product"}],"replies":[{"embeddable":true,"href":"https:\/\/ironsky.pl\/sklep\/wp-json\/wp\/v2\/comments?post=42037"}],"wp:featuredmedia":[{"embeddable":true,"href":"https:\/\/ironsky.pl\/sklep\/wp-json\/wp\/v2\/media\/42038"}],"wp:attachment":[{"href":"https:\/\/ironsky.pl\/sklep\/wp-json\/wp\/v2\/media?parent=42037"}],"wp:term":[{"taxonomy":"product_brand","embeddable":true,"href":"https:\/\/ironsky.pl\/sklep\/wp-json\/wp\/v2\/product_brand?post=42037"},{"taxonomy":"product_cat","embeddable":true,"href":"https:\/\/ironsky.pl\/sklep\/wp-json\/wp\/v2\/product_cat?post=42037"},{"taxonomy":"product_tag","embeddable":true,"href":"https:\/\/ironsky.pl\/sklep\/wp-json\/wp\/v2\/product_tag?post=42037"}],"curies":[{"name":"wp","href":"https:\/\/api.w.org\/{rel}","templated":true}]}}