{"id":42034,"date":"2025-06-13T14:47:33","date_gmt":"2025-06-13T12:47:33","guid":{"rendered":"https:\/\/ironsky.pl\/drony-sklep\/produkt\/latarka-czolowa-superfire-hl75-x-220lm-usb\/"},"modified":"2026-03-05T15:57:11","modified_gmt":"2026-03-05T14:57:11","slug":"latarka-czolowa-superfire-hl75-x-220lm-usb","status":"publish","type":"product","link":"https:\/\/ironsky.pl\/sklep\/produkt\/latarka-czolowa-superfire-hl75-x-220lm-usb\/","title":{"rendered":"Latarka czo\u0142owa Superfire HL75-X, 220lm, USB"},"content":{"rendered":"<h3>Latarka czo\u0142owa Superfire HL75-X<\/h3>\n<p>Lekka i por\u0119czna latarka czo\u0142owa Superfire HL75-X zapewnia skuteczne o\u015bwietlenie i wysoki komfort podczas wieczornego biegania, prac w warsztacie czy na rybach. Generuje r\u00f3wnomierne \u015bwiat\u0142o o jasno\u015bci 220 lm i zasi\u0119gu 120 m, ponadto oferuje 7 tryb\u00f3w pracy i posiada czujnik ruchu. Jej zalet\u0105 jest r\u00f3wnie\u017c mo\u017cliwo\u015b\u0107 regulacji pozycji lampy i wodoodporno\u015b\u0107 IP44.<\/p>\n<p><img decoding=\"async\" src=\"https:\/\/b2b.innpro.pl\/data\/include\/cms\/01Superfire\/HL75-X\/9.jpg\"><\/p>\n<h3>Stabilne o\u015bwietlenie<\/h3>\n<p>Niezale\u017cnie od tego, co robisz i gdzie si\u0119 znajdujesz \u2014 latarka czo\u0142owa Superfire HL75-X zapewni Ci stabilne, r\u00f3wnomierne o\u015bwietlenie o jasno\u015bci 220 lm. Mo\u017cesz zabra\u0107 j\u0105 na wieczorn\u0105 przeja\u017cd\u017ck\u0119 rowerem lub pod namiot, a urz\u0105dzenie dostarczy Ci intensywne \u015bwiat\u0142o o zasi\u0119gu do 120 m. <\/p>\n<p><img decoding=\"async\" src=\"https:\/\/b2b.innpro.pl\/data\/include\/cms\/01Superfire\/HL75-X\/6.jpg\"><\/p>\n<h3>Regulowana konstrukcja<\/h3>\n<p>Latarka czo\u0142owa Superfire HL75-X jest niezwykle lekka i wygodna. Produkt wa\u017cy zaledwie 55 g, ponadto posiada regulowan\u0105 opask\u0119 na g\u0142ow\u0119 \u2014 dzi\u0119ki temu bez trudu dopasujesz j\u0105 do indywidualnych potrzeb. To nie wszystko! Mo\u017cesz zmienia\u0107 pozycj\u0119 lampy w zakresie 45\u00b0, aby skierowa\u0107 strumie\u0144 \u015bwiat\u0142a dok\u0142adnie na to, co chcesz zobaczy\u0107. <\/p>\n<p><img decoding=\"async\" src=\"https:\/\/b2b.innpro.pl\/data\/include\/cms\/01Superfire\/HL75-X\/2.jpg\"><\/p>\n<h3>7 tryb\u00f3w pracy<\/h3>\n<p>Latarka oferuje a\u017c 7 tryb\u00f3w pracy, dzi\u0119ki czemu mo\u017cesz korzysta\u0107 z niej w wielu r\u00f3\u017cnych sytuacjach. Do Twojej dyspozycji s\u0105 tryby Low, Medium i Strong, a tak\u017ce Strobe, podczas kt\u00f3rego jasne \u015bwiat\u0142o miga z wysok\u0105 cz\u0119stotliwo\u015bci\u0105. Do wyboru jest r\u00f3wnie\u017c tryb Red Light, Red Strobe Light oraz SOS, kt\u00f3ry pozwoli wezwa\u0107 pomoc w sytuacji zagro\u017cenia.<\/p>\n<p><img decoding=\"async\" src=\"https:\/\/b2b.innpro.pl\/data\/include\/cms\/01Superfire\/HL75-X\/8.jpg\"><\/p>\n<h3>Wydajne zasilanie i czujnik ruchu<\/h3>\n<p>Urz\u0105dzenie zosta\u0142o wyposa\u017cone w wytrzyma\u0142y akumulator, kt\u00f3ry zapewnia do 3 h pracy na jednym \u0142adowaniu. Atutem jest te\u017c wygodne odnawianie energii, a specjalne wska\u017aniki \u015bwietlne poinformuj\u0105 Ci\u0119 o statusie \u0142adowania. To nie koniec zalet latarki HL75-X &#8211; produkt posiada czujnik ruchu, dzi\u0119ki kt\u00f3remu uruchomisz urz\u0105dzenie poprzez prosty ruch r\u0119k\u0105. <\/p>\n<p><img decoding=\"async\" src=\"https:\/\/b2b.innpro.pl\/data\/include\/cms\/01Superfire\/HL75-X\/4.jpg\"><\/p>\n<h3>W zestawie<\/h3>\n<ul>\n<li>Latarka czo\u0142owa Superfire HL75-X x1<\/li>\n<li>Opaska na g\u0142ow\u0119 x1<\/li>\n<li>Kabel \u0142adowania x1<\/li>\n<li>Instrukcja obs\u0142ugi x1<\/li>\n<\/ul>\n<div class=\"table-wrapper\">\n<table>\n<tbody>\n<tr>\n<th>Producent <\/th>\n<td>Superfire<\/td>\n<\/tr>\n<tr>\n<th>Model <\/th>\n<td>HL75-X<\/td>\n<\/tr>\n<tr>\n<th>Jasno\u015b\u0107 <\/th>\n<td>220 lm<\/td>\n<\/tr>\n<tr>\n<th>Zasi\u0119g <\/th>\n<td>120 m<\/td>\n<\/tr>\n<tr>\n<th>Czas pracy <\/th>\n<td>3 h<\/td>\n<\/tr>\n<tr>\n<th>Czas \u0142adowania<\/th>\n<td>1,5 h<\/td>\n<\/tr>\n<tr>\n<th>Zasilanie <\/th>\n<td>Akumulator litowo-jonowy typu 14500<\/td>\n<\/tr>\n<tr>\n<th>Pojemno\u015b\u0107 akumulatora <\/th>\n<td>800 mAh<\/td>\n<\/tr>\n<tr>\n<th>Moc<\/th>\n<td>2 W (maks.)<\/td>\n<\/tr>\n<tr>\n<th>Wodoodporno\u015b\u0107 <\/th>\n<td>IP44<\/td>\n<\/tr>\n<tr>\n<th>Odporno\u015b\u0107 na upadek <\/th>\n<td>1 m<\/td>\n<\/tr>\n<tr>\n<th>Wymiary <\/th>\n<td>62 x 38 x 36 mm<\/td>\n<\/tr>\n<tr>\n<th>Waga <\/th>\n<td>55 g<\/td>\n<\/tr>\n<tr>\n<th>Tryby o\u015bwietlenia<\/th>\n<td>Low, Medium, Strong, Strobe, SOS, Red Light, Red Strobe Light <\/td>\n<\/tr>\n<tr>\n<th>Dodatkowe funkcje<\/th>\n<td>Czujnik ruchu<\/td>\n<\/tr>\n<\/tbody>\n<\/table>\n<\/div>\n","protected":false},"excerpt":{"rendered":"<p>Latarka czo\u0142owa Superfire HL75-X Lekka i por\u0119czna latarka czo\u0142owa Superfire HL75-X zapewnia skuteczne o\u015bwietlenie i wysoki komfort podczas wieczornego biegania,<\/p>\n","protected":false},"featured_media":42035,"comment_status":"closed","ping_status":"open","template":"","meta":{"_acf_changed":false},"product_brand":[],"product_cat":[5938,5940,5937],"product_tag":[],"class_list":{"0":"post-42034","1":"product","2":"type-product","3":"status-publish","4":"has-post-thumbnail","6":"product_cat-latarki","7":"product_cat-czolowe","8":"product_cat-outdoor","9":"pa_okres-gwarancji-5754","10":"pa_producent-superfire","12":"first","13":"outofstock","14":"taxable","15":"shipping-taxable","16":"purchasable","17":"product-type-simple"},"acf":[],"yoast_head":"<!-- This site is optimized with the Yoast SEO plugin v27.2 - https:\/\/yoast.com\/product\/yoast-seo-wordpress\/ -->\n<title>Latarka czo\u0142owa Superfire HL75-X, 220lm, USB - IRONSKY.PL Sklep z Dronami<\/title>\n<meta name=\"description\" content=\"Latarka czo\u0142owa Superfire HL75-X, 220lm, USB - \u2705 sklep z dronami i fachowym doradztwem. \u2705 Tutaj kupisz produkty DJI, Yuneec, Parrot, Syma i wiele innych, a tak\u017ce kursy i licencje na operatora drona.\" \/>\n<meta name=\"robots\" content=\"index, follow, max-snippet:-1, max-image-preview:large, max-video-preview:-1\" \/>\n<link rel=\"canonical\" href=\"https:\/\/ironsky.pl\/sklep\/produkt\/latarka-czolowa-superfire-hl75-x-220lm-usb\/\" \/>\n<meta property=\"og:locale\" content=\"pl_PL\" \/>\n<meta property=\"og:type\" content=\"article\" \/>\n<meta property=\"og:title\" content=\"Latarka czo\u0142owa Superfire HL75-X, 220lm, USB - IRONSKY.PL Sklep z Dronami\" \/>\n<meta property=\"og:description\" content=\"Latarka czo\u0142owa Superfire HL75-X, 220lm, USB - \u2705 sklep z dronami i fachowym doradztwem. \u2705 Tutaj kupisz produkty DJI, Yuneec, Parrot, Syma i wiele innych, a tak\u017ce kursy i licencje na operatora drona.\" \/>\n<meta property=\"og:url\" content=\"https:\/\/ironsky.pl\/sklep\/produkt\/latarka-czolowa-superfire-hl75-x-220lm-usb\/\" \/>\n<meta property=\"og:site_name\" content=\"IRONSKY.PL Sklep z Dronami\" \/>\n<meta property=\"article:modified_time\" content=\"2026-03-05T14:57:11+00:00\" \/>\n<meta property=\"og:image\" content=\"https:\/\/ironsky.pl\/sklep\/wp-content\/uploads\/2025\/06\/25602_1.jpg\" \/>\n\t<meta property=\"og:image:width\" content=\"800\" \/>\n\t<meta property=\"og:image:height\" content=\"800\" \/>\n\t<meta property=\"og:image:type\" content=\"image\/jpeg\" \/>\n<meta name=\"twitter:card\" content=\"summary_large_image\" \/>\n<meta name=\"twitter:label1\" content=\"Szacowany czas czytania\" \/>\n\t<meta name=\"twitter:data1\" content=\"2 minuty\" \/>\n<script type=\"application\/ld+json\" class=\"yoast-schema-graph\">{\"@context\":\"https:\/\/schema.org\",\"@graph\":[{\"@type\":\"WebPage\",\"@id\":\"https:\/\/ironsky.pl\/sklep\/produkt\/latarka-czolowa-superfire-hl75-x-220lm-usb\/\",\"url\":\"https:\/\/ironsky.pl\/sklep\/produkt\/latarka-czolowa-superfire-hl75-x-220lm-usb\/\",\"name\":\"Latarka czo\u0142owa Superfire HL75-X, 220lm, USB - IRONSKY.PL Sklep z Dronami\",\"isPartOf\":{\"@id\":\"https:\/\/ironsky.pl\/sklep\/#website\"},\"primaryImageOfPage\":{\"@id\":\"https:\/\/ironsky.pl\/sklep\/produkt\/latarka-czolowa-superfire-hl75-x-220lm-usb\/#primaryimage\"},\"image\":{\"@id\":\"https:\/\/ironsky.pl\/sklep\/produkt\/latarka-czolowa-superfire-hl75-x-220lm-usb\/#primaryimage\"},\"thumbnailUrl\":\"https:\/\/ironsky.pl\/sklep\/wp-content\/uploads\/2025\/06\/25602_1.jpg\",\"datePublished\":\"2025-06-13T12:47:33+00:00\",\"dateModified\":\"2026-03-05T14:57:11+00:00\",\"description\":\"Latarka czo\u0142owa Superfire HL75-X, 220lm, USB - \u2705 sklep z dronami i fachowym doradztwem. \u2705 Tutaj kupisz produkty DJI, Yuneec, Parrot, Syma i wiele innych, a tak\u017ce kursy i licencje na operatora drona.\",\"breadcrumb\":{\"@id\":\"https:\/\/ironsky.pl\/sklep\/produkt\/latarka-czolowa-superfire-hl75-x-220lm-usb\/#breadcrumb\"},\"inLanguage\":\"pl-PL\",\"potentialAction\":[{\"@type\":\"ReadAction\",\"target\":[\"https:\/\/ironsky.pl\/sklep\/produkt\/latarka-czolowa-superfire-hl75-x-220lm-usb\/\"]}]},{\"@type\":\"ImageObject\",\"inLanguage\":\"pl-PL\",\"@id\":\"https:\/\/ironsky.pl\/sklep\/produkt\/latarka-czolowa-superfire-hl75-x-220lm-usb\/#primaryimage\",\"url\":\"https:\/\/ironsky.pl\/sklep\/wp-content\/uploads\/2025\/06\/25602_1.jpg\",\"contentUrl\":\"https:\/\/ironsky.pl\/sklep\/wp-content\/uploads\/2025\/06\/25602_1.jpg\",\"width\":800,\"height\":800},{\"@type\":\"BreadcrumbList\",\"@id\":\"https:\/\/ironsky.pl\/sklep\/produkt\/latarka-czolowa-superfire-hl75-x-220lm-usb\/#breadcrumb\",\"itemListElement\":[{\"@type\":\"ListItem\",\"position\":1,\"name\":\"Strona g\u0142\u00f3wna\",\"item\":\"https:\/\/ironsky.pl\/sklep\/\"},{\"@type\":\"ListItem\",\"position\":2,\"name\":\"Wszystkie produkty\",\"item\":\"https:\/\/ironsky.pl\/sklep\/produkty\/\"},{\"@type\":\"ListItem\",\"position\":3,\"name\":\"Latarka czo\u0142owa Superfire HL75-X, 220lm, USB\"}]},{\"@type\":\"WebSite\",\"@id\":\"https:\/\/ironsky.pl\/sklep\/#website\",\"url\":\"https:\/\/ironsky.pl\/sklep\/\",\"name\":\"IRONSKY.PL Sklep z Dronami\",\"description\":\"IRONSKY.PL Sklep z Dronami\",\"potentialAction\":[{\"@type\":\"SearchAction\",\"target\":{\"@type\":\"EntryPoint\",\"urlTemplate\":\"https:\/\/ironsky.pl\/sklep\/?s={search_term_string}\"},\"query-input\":{\"@type\":\"PropertyValueSpecification\",\"valueRequired\":true,\"valueName\":\"search_term_string\"}}],\"inLanguage\":\"pl-PL\"}]}<\/script>\n<!-- \/ Yoast SEO plugin. -->","yoast_head_json":{"title":"Latarka czo\u0142owa Superfire HL75-X, 220lm, USB - IRONSKY.PL Sklep z Dronami","description":"Latarka czo\u0142owa Superfire HL75-X, 220lm, USB - \u2705 sklep z dronami i fachowym doradztwem. \u2705 Tutaj kupisz produkty DJI, Yuneec, Parrot, Syma i wiele innych, a tak\u017ce kursy i licencje na operatora drona.","robots":{"index":"index","follow":"follow","max-snippet":"max-snippet:-1","max-image-preview":"max-image-preview:large","max-video-preview":"max-video-preview:-1"},"canonical":"https:\/\/ironsky.pl\/sklep\/produkt\/latarka-czolowa-superfire-hl75-x-220lm-usb\/","og_locale":"pl_PL","og_type":"article","og_title":"Latarka czo\u0142owa Superfire HL75-X, 220lm, USB - IRONSKY.PL Sklep z Dronami","og_description":"Latarka czo\u0142owa Superfire HL75-X, 220lm, USB - \u2705 sklep z dronami i fachowym doradztwem. \u2705 Tutaj kupisz produkty DJI, Yuneec, Parrot, Syma i wiele innych, a tak\u017ce kursy i licencje na operatora drona.","og_url":"https:\/\/ironsky.pl\/sklep\/produkt\/latarka-czolowa-superfire-hl75-x-220lm-usb\/","og_site_name":"IRONSKY.PL Sklep z Dronami","article_modified_time":"2026-03-05T14:57:11+00:00","og_image":[{"width":800,"height":800,"url":"https:\/\/ironsky.pl\/sklep\/wp-content\/uploads\/2025\/06\/25602_1.jpg","type":"image\/jpeg"}],"twitter_card":"summary_large_image","twitter_misc":{"Szacowany czas czytania":"2 minuty"},"schema":{"@context":"https:\/\/schema.org","@graph":[{"@type":"WebPage","@id":"https:\/\/ironsky.pl\/sklep\/produkt\/latarka-czolowa-superfire-hl75-x-220lm-usb\/","url":"https:\/\/ironsky.pl\/sklep\/produkt\/latarka-czolowa-superfire-hl75-x-220lm-usb\/","name":"Latarka czo\u0142owa Superfire HL75-X, 220lm, USB - IRONSKY.PL Sklep z Dronami","isPartOf":{"@id":"https:\/\/ironsky.pl\/sklep\/#website"},"primaryImageOfPage":{"@id":"https:\/\/ironsky.pl\/sklep\/produkt\/latarka-czolowa-superfire-hl75-x-220lm-usb\/#primaryimage"},"image":{"@id":"https:\/\/ironsky.pl\/sklep\/produkt\/latarka-czolowa-superfire-hl75-x-220lm-usb\/#primaryimage"},"thumbnailUrl":"https:\/\/ironsky.pl\/sklep\/wp-content\/uploads\/2025\/06\/25602_1.jpg","datePublished":"2025-06-13T12:47:33+00:00","dateModified":"2026-03-05T14:57:11+00:00","description":"Latarka czo\u0142owa Superfire HL75-X, 220lm, USB - \u2705 sklep z dronami i fachowym doradztwem. \u2705 Tutaj kupisz produkty DJI, Yuneec, Parrot, Syma i wiele innych, a tak\u017ce kursy i licencje na operatora drona.","breadcrumb":{"@id":"https:\/\/ironsky.pl\/sklep\/produkt\/latarka-czolowa-superfire-hl75-x-220lm-usb\/#breadcrumb"},"inLanguage":"pl-PL","potentialAction":[{"@type":"ReadAction","target":["https:\/\/ironsky.pl\/sklep\/produkt\/latarka-czolowa-superfire-hl75-x-220lm-usb\/"]}]},{"@type":"ImageObject","inLanguage":"pl-PL","@id":"https:\/\/ironsky.pl\/sklep\/produkt\/latarka-czolowa-superfire-hl75-x-220lm-usb\/#primaryimage","url":"https:\/\/ironsky.pl\/sklep\/wp-content\/uploads\/2025\/06\/25602_1.jpg","contentUrl":"https:\/\/ironsky.pl\/sklep\/wp-content\/uploads\/2025\/06\/25602_1.jpg","width":800,"height":800},{"@type":"BreadcrumbList","@id":"https:\/\/ironsky.pl\/sklep\/produkt\/latarka-czolowa-superfire-hl75-x-220lm-usb\/#breadcrumb","itemListElement":[{"@type":"ListItem","position":1,"name":"Strona g\u0142\u00f3wna","item":"https:\/\/ironsky.pl\/sklep\/"},{"@type":"ListItem","position":2,"name":"Wszystkie produkty","item":"https:\/\/ironsky.pl\/sklep\/produkty\/"},{"@type":"ListItem","position":3,"name":"Latarka czo\u0142owa Superfire HL75-X, 220lm, USB"}]},{"@type":"WebSite","@id":"https:\/\/ironsky.pl\/sklep\/#website","url":"https:\/\/ironsky.pl\/sklep\/","name":"IRONSKY.PL Sklep z Dronami","description":"IRONSKY.PL Sklep z Dronami","potentialAction":[{"@type":"SearchAction","target":{"@type":"EntryPoint","urlTemplate":"https:\/\/ironsky.pl\/sklep\/?s={search_term_string}"},"query-input":{"@type":"PropertyValueSpecification","valueRequired":true,"valueName":"search_term_string"}}],"inLanguage":"pl-PL"}]}},"_links":{"self":[{"href":"https:\/\/ironsky.pl\/sklep\/wp-json\/wp\/v2\/product\/42034","targetHints":{"allow":["GET"]}}],"collection":[{"href":"https:\/\/ironsky.pl\/sklep\/wp-json\/wp\/v2\/product"}],"about":[{"href":"https:\/\/ironsky.pl\/sklep\/wp-json\/wp\/v2\/types\/product"}],"replies":[{"embeddable":true,"href":"https:\/\/ironsky.pl\/sklep\/wp-json\/wp\/v2\/comments?post=42034"}],"wp:featuredmedia":[{"embeddable":true,"href":"https:\/\/ironsky.pl\/sklep\/wp-json\/wp\/v2\/media\/42035"}],"wp:attachment":[{"href":"https:\/\/ironsky.pl\/sklep\/wp-json\/wp\/v2\/media?parent=42034"}],"wp:term":[{"taxonomy":"product_brand","embeddable":true,"href":"https:\/\/ironsky.pl\/sklep\/wp-json\/wp\/v2\/product_brand?post=42034"},{"taxonomy":"product_cat","embeddable":true,"href":"https:\/\/ironsky.pl\/sklep\/wp-json\/wp\/v2\/product_cat?post=42034"},{"taxonomy":"product_tag","embeddable":true,"href":"https:\/\/ironsky.pl\/sklep\/wp-json\/wp\/v2\/product_tag?post=42034"}],"curies":[{"name":"wp","href":"https:\/\/api.w.org\/{rel}","templated":true}]}}