{"id":41917,"date":"2025-06-13T14:46:46","date_gmt":"2025-06-13T12:46:46","guid":{"rendered":"https:\/\/ironsky.pl\/drony-sklep\/produkt\/rzutnik-projektor-byintek-k18-smart-lcd-4k-android-os\/"},"modified":"2026-03-05T15:57:09","modified_gmt":"2026-03-05T14:57:09","slug":"rzutnik-projektor-byintek-k18-smart-lcd-4k-android-os","status":"publish","type":"product","link":"https:\/\/ironsky.pl\/sklep\/produkt\/rzutnik-projektor-byintek-k18-smart-lcd-4k-android-os\/","title":{"rendered":"Rzutnik \/ projektor BYINTEK K18 Smart LCD 4K Android OS"},"content":{"rendered":"<h3>Rzutnik \/ projektor BYINTEK K18 Smart <\/h3>\n<p>Jako\u015b\u0107 4K, kompatybilno\u015b\u0107 z Androidem 9.0, korekcja trapezu i szeroka kompatybilno\u015b\u0107 to g\u0142\u00f3wne atuty projektora BYINTEK K18 Smart. Urz\u0105dzenie zapewnia doskona\u0142\u0105 jako\u015b\u0107 obrazu, jest te\u017c lekkie i por\u0119czne, wi\u0119c nie sprawia problem\u00f3w podczas transportu. K18 Smart oferuje te\u017c elektroniczny zoom i elektroniczn\u0105 regulacj\u0119 ostro\u015bci, posiada r\u00f3wnie\u017c g\u0142o\u015bnik Hi-Fi 3W.<\/p>\n<p><img decoding=\"async\" src=\"https:\/\/b2b.innpro.pl\/data\/include\/cms\/Byintek\/K18-Basic-Smart\/4.jpg\"><\/p>\n<h3>Wysoka jako\u015b\u0107 obrazu<\/h3>\n<p>Projektor BYINTEK K18 Smart wykorzystuje technologi\u0119 wy\u015bwietlania LCD, a wyra\u017any obraz i dobre odwzorowanie kolor\u00f3w to zas\u0142uga jasno\u015bci na poziomie 400 ANSI lumen\u00f3w i wsp\u00f3\u0142czynnika kontrastu 10000:1. Natywna rozdzielczo\u015b\u0107 urz\u0105dzenia to Full HD 1920&#215;1080, natomiast przy u\u017cyciu kabla mo\u017cesz zapewni\u0107 sobie jako\u015b\u0107 nawet 4K. <\/p>\n<p><img decoding=\"async\" src=\"https:\/\/b2b.innpro.pl\/data\/include\/cms\/Byintek\/K18-Basic-Smart\/3.jpg\"><\/p>\n<h3>Doskona\u0142a dla graczy<\/h3>\n<p>K18 Smart jest kompatybilna z Androidem 9.0, co stanowi doskona\u0142\u0105 propozycj\u0119 dla fan\u00f3w gier. Mo\u017cesz bowiem wy\u015bwietli\u0107 ulubion\u0105 gr\u0119 na du\u017cym ekranie i wej\u015b\u0107 na jeszcze wy\u017cszy poziom rozrywki. To nie koniec mo\u017cliwo\u015bci! Android 9.0 pozwala ogl\u0105da\u0107 filmy Netflixa, przegl\u0105da\u0107 YouTube i korzysta\u0107 z wielu innych, popularnych aplikacji. <\/p>\n<p><img decoding=\"async\" src=\"https:\/\/b2b.innpro.pl\/data\/include\/cms\/Byintek\/K18-Basic-Smart\/11.jpg\"><\/p>\n<h3>Szeroka kompatybilno\u015b\u0107<\/h3>\n<p>Rzutnik zosta\u0142 wyposa\u017cony w porty HDMI, AV, Mini Jack 3.5 mm, a tak\u017ce dwa porty USB 2.0. Dzi\u0119ki temu bez problemu po\u0142\u0105czysz K18 Smart z wybranymi urz\u0105dzeniami i zapewnisz sobie znakomity seans lub sesj\u0119 gamingow\u0105. Projektor sprawdzi si\u0119 w po\u0142\u0105czeniu z m.in. konsol\u0105 PS4, dyskiem U, laptopem, komputerem, DVD czy g\u0142o\u015bnikami.<\/p>\n<p><img decoding=\"async\" src=\"https:\/\/b2b.innpro.pl\/data\/include\/cms\/Byintek\/K18-Basic-Smart\/2.jpg\"><\/p>\n<h3>Wysoki komfort u\u017cytkowania<\/h3>\n<p>Przemy\u015blana konstrukcja rzutnika zapewnia wygodn\u0105 obs\u0142ug\u0119. Du\u017ce pokr\u0119t\u0142o z boku pozwala regulowa\u0107 focus, z kolei ma\u0142e, umieszczone w tylnej cz\u0119\u015bci, umo\u017cliwia korekcj\u0119 trapezu. Do Twojej dyspozycji jest tak\u017ce funkcjonalna klawiatura, dzi\u0119ki kt\u00f3rej mo\u017cesz szybko i wygodnie zarz\u0105dza\u0107 prac\u0105 urz\u0105dzenia.<\/p>\n<p><img decoding=\"async\" src=\"https:\/\/b2b.innpro.pl\/data\/include\/cms\/Byintek\/K18-Basic-Smart\/10.jpg\"><\/p>\n<h3>W zestawie<\/h3>\n<ul>\n<li>Rzutnik<\/li>\n<li>Pilot zdalnego sterowania<\/li>\n<li>Kabel AV 3w1<\/li>\n<li>Przew\u00f3d zasilania<\/li>\n<li>Instrukcja obs\u0142ugi<\/li>\n<\/ul>\n<div class=\"table-wrapper\">\n<table>\n<tbody>\n<tr>\n<th>Producent<\/th>\n<td>BYINTEK<\/td>\n<\/tr>\n<tr>\n<th>Model<\/th>\n<td>K18 Smart <\/td>\n<\/tr>\n<tr>\n<th>Typ wy\u015bwietlacza<\/th>\n<td>LCD<\/td>\n<\/tr>\n<tr>\n<th>Jasno\u015b\u0107<\/th>\n<td>400 ANSI lumen\u00f3w<\/td>\n<\/tr>\n<tr>\n<th>Wsp\u00f3\u0142czynnik kontrastu<\/th>\n<td>10000:1<\/td>\n<\/tr>\n<tr>\n<th>Rozdzielczo\u015b\u0107 natywna<\/th>\n<td>Full HD 1920&#215;1080<\/td>\n<\/tr>\n<tr>\n<th>Maksymalna rozdzielczo\u015b\u0107<\/th>\n<td>4K za pomoc\u0105 kabla<\/td>\n<\/tr>\n<tr>\n<th>Wsp\u00f3\u0142czynnik proporcji<\/th>\n<td>16:9 \/ 4:3<\/td>\n<\/tr>\n<tr>\n<th>Obszar projekcji <\/th>\n<td>30-180&#8221;<\/td>\n<\/tr>\n<tr>\n<th>Maksymalny obszar projekcji <\/th>\n<td>300&#8221;<\/td>\n<\/tr>\n<tr>\n<th>Keystone<\/th>\n<td>R\u0119czna korekcja pionowa, r\u0119czna korekcja naro\u017cna<\/td>\n<\/tr>\n<tr>\n<th>Keystone stopnie<\/th>\n<td>+\/-15 stopni, +\/- 50 stopni<\/td>\n<\/tr>\n<tr>\n<th>Zoom elektroniczny<\/th>\n<td>Tak<\/td>\n<\/tr>\n<tr>\n<th>Wi-Fi<\/th>\n<td>2.4G &amp; 5G<\/td>\n<\/tr>\n<tr>\n<th>Bluetooth<\/th>\n<td>5.0<\/td>\n<\/tr>\n<tr>\n<th>Po\u0142\u0105czenie bezprzewodowe<\/th>\n<td>Tak<\/td>\n<\/tr>\n<tr>\n<th>Android <\/th>\n<td>9.0<\/td>\n<\/tr>\n<tr>\n<th>Airplay<\/th>\n<td>Tak<\/td>\n<\/tr>\n<tr>\n<th>Smart<\/th>\n<td>Tak<\/td>\n<\/tr>\n<tr>\n<th>Elektroniczna regulacja ostro\u015bci<\/th>\n<td>Tak<\/td>\n<\/tr>\n<tr>\n<th>\u017bywotno\u015b\u0107 lampy<\/th>\n<td>30000 h<\/td>\n<\/tr>\n<tr>\n<th>Pami\u0119\u0107<\/th>\n<td>RAM 1G + ROM 8G<\/td>\n<\/tr>\n<tr>\n<th>Wymiary<\/th>\n<td>225 x 188 x 83,5 mm<\/td>\n<\/tr>\n<tr>\n<th>Waga<\/th>\n<td>1,52 kg<\/td>\n<\/tr>\n<tr>\n<th>G\u0142o\u015bniki<\/th>\n<td>3W x1<\/td>\n<\/tr>\n<tr>\n<th>Wej\u015bcia \/ wyj\u015bcia<\/th>\n<td>HDMI, AV, Mini Jack 3.5 mm, USB 2.0 x2<\/td>\n<\/tr>\n<tr>\n<th>Technologie<\/th>\n<td>Super Color technology, MEMC<\/td>\n<\/tr>\n<tr>\n<th>Odleg\u0142o\u015b\u0107 projekcji<\/th>\n<td>1.3 &#8211; 5.4 m<\/td>\n<\/tr>\n<\/tbody>\n<\/table>\n<\/div>\n","protected":false},"excerpt":{"rendered":"<p>Rzutnik \/ projektor BYINTEK K18 Smart Jako\u015b\u0107 4K, kompatybilno\u015b\u0107 z Androidem 9.0, korekcja trapezu i szeroka kompatybilno\u015b\u0107 to g\u0142\u00f3wne atuty<\/p>\n","protected":false},"featured_media":41918,"comment_status":"closed","ping_status":"open","template":"","meta":{"_acf_changed":false},"product_brand":[],"product_cat":[5929,5954,5953],"product_tag":[],"class_list":{"0":"post-41917","1":"product","2":"type-product","3":"status-publish","4":"has-post-thumbnail","6":"product_cat-akcesoria-it","7":"product_cat-projektory","8":"product_cat-projekcja","9":"pa_okres-gwarancji-5754","10":"pa_producent-byintek","12":"first","13":"outofstock","14":"taxable","15":"shipping-taxable","16":"purchasable","17":"product-type-simple"},"acf":[],"yoast_head":"<!-- This site is optimized with the Yoast SEO plugin v27.2 - https:\/\/yoast.com\/product\/yoast-seo-wordpress\/ -->\n<title>Rzutnik \/ projektor BYINTEK K18 Smart LCD 4K Android OS - IRONSKY.PL Sklep z Dronami<\/title>\n<meta name=\"description\" content=\"Rzutnik \/ projektor BYINTEK K18 Smart LCD 4K Android OS - \u2705 sklep z dronami i fachowym doradztwem. \u2705 Tutaj kupisz produkty DJI, Yuneec, Parrot, Syma i wiele innych, a tak\u017ce kursy i licencje na operatora drona.\" \/>\n<meta name=\"robots\" content=\"index, follow, max-snippet:-1, max-image-preview:large, max-video-preview:-1\" \/>\n<link rel=\"canonical\" href=\"https:\/\/ironsky.pl\/sklep\/produkt\/rzutnik-projektor-byintek-k18-smart-lcd-4k-android-os\/\" \/>\n<meta property=\"og:locale\" content=\"pl_PL\" \/>\n<meta property=\"og:type\" content=\"article\" \/>\n<meta property=\"og:title\" content=\"Rzutnik \/ projektor BYINTEK K18 Smart LCD 4K Android OS - IRONSKY.PL Sklep z Dronami\" \/>\n<meta property=\"og:description\" content=\"Rzutnik \/ projektor BYINTEK K18 Smart LCD 4K Android OS - \u2705 sklep z dronami i fachowym doradztwem. \u2705 Tutaj kupisz produkty DJI, Yuneec, Parrot, Syma i wiele innych, a tak\u017ce kursy i licencje na operatora drona.\" \/>\n<meta property=\"og:url\" content=\"https:\/\/ironsky.pl\/sklep\/produkt\/rzutnik-projektor-byintek-k18-smart-lcd-4k-android-os\/\" \/>\n<meta property=\"og:site_name\" content=\"IRONSKY.PL Sklep z Dronami\" \/>\n<meta property=\"article:modified_time\" content=\"2026-03-05T14:57:09+00:00\" \/>\n<meta property=\"og:image\" content=\"https:\/\/ironsky.pl\/sklep\/wp-content\/uploads\/2025\/06\/24727_3.jpg\" \/>\n\t<meta property=\"og:image:width\" content=\"800\" \/>\n\t<meta property=\"og:image:height\" content=\"800\" \/>\n\t<meta property=\"og:image:type\" content=\"image\/jpeg\" \/>\n<meta name=\"twitter:card\" content=\"summary_large_image\" \/>\n<meta name=\"twitter:label1\" content=\"Szacowany czas czytania\" \/>\n\t<meta name=\"twitter:data1\" content=\"2 minuty\" \/>\n<script type=\"application\/ld+json\" class=\"yoast-schema-graph\">{\"@context\":\"https:\/\/schema.org\",\"@graph\":[{\"@type\":\"WebPage\",\"@id\":\"https:\/\/ironsky.pl\/sklep\/produkt\/rzutnik-projektor-byintek-k18-smart-lcd-4k-android-os\/\",\"url\":\"https:\/\/ironsky.pl\/sklep\/produkt\/rzutnik-projektor-byintek-k18-smart-lcd-4k-android-os\/\",\"name\":\"Rzutnik \/ projektor BYINTEK K18 Smart LCD 4K Android OS - IRONSKY.PL Sklep z Dronami\",\"isPartOf\":{\"@id\":\"https:\/\/ironsky.pl\/sklep\/#website\"},\"primaryImageOfPage\":{\"@id\":\"https:\/\/ironsky.pl\/sklep\/produkt\/rzutnik-projektor-byintek-k18-smart-lcd-4k-android-os\/#primaryimage\"},\"image\":{\"@id\":\"https:\/\/ironsky.pl\/sklep\/produkt\/rzutnik-projektor-byintek-k18-smart-lcd-4k-android-os\/#primaryimage\"},\"thumbnailUrl\":\"https:\/\/ironsky.pl\/sklep\/wp-content\/uploads\/2025\/06\/24727_3.jpg\",\"datePublished\":\"2025-06-13T12:46:46+00:00\",\"dateModified\":\"2026-03-05T14:57:09+00:00\",\"description\":\"Rzutnik \/ projektor BYINTEK K18 Smart LCD 4K Android OS - \u2705 sklep z dronami i fachowym doradztwem. \u2705 Tutaj kupisz produkty DJI, Yuneec, Parrot, Syma i wiele innych, a tak\u017ce kursy i licencje na operatora drona.\",\"breadcrumb\":{\"@id\":\"https:\/\/ironsky.pl\/sklep\/produkt\/rzutnik-projektor-byintek-k18-smart-lcd-4k-android-os\/#breadcrumb\"},\"inLanguage\":\"pl-PL\",\"potentialAction\":[{\"@type\":\"ReadAction\",\"target\":[\"https:\/\/ironsky.pl\/sklep\/produkt\/rzutnik-projektor-byintek-k18-smart-lcd-4k-android-os\/\"]}]},{\"@type\":\"ImageObject\",\"inLanguage\":\"pl-PL\",\"@id\":\"https:\/\/ironsky.pl\/sklep\/produkt\/rzutnik-projektor-byintek-k18-smart-lcd-4k-android-os\/#primaryimage\",\"url\":\"https:\/\/ironsky.pl\/sklep\/wp-content\/uploads\/2025\/06\/24727_3.jpg\",\"contentUrl\":\"https:\/\/ironsky.pl\/sklep\/wp-content\/uploads\/2025\/06\/24727_3.jpg\",\"width\":800,\"height\":800},{\"@type\":\"BreadcrumbList\",\"@id\":\"https:\/\/ironsky.pl\/sklep\/produkt\/rzutnik-projektor-byintek-k18-smart-lcd-4k-android-os\/#breadcrumb\",\"itemListElement\":[{\"@type\":\"ListItem\",\"position\":1,\"name\":\"Strona g\u0142\u00f3wna\",\"item\":\"https:\/\/ironsky.pl\/sklep\/\"},{\"@type\":\"ListItem\",\"position\":2,\"name\":\"Wszystkie produkty\",\"item\":\"https:\/\/ironsky.pl\/sklep\/produkty\/\"},{\"@type\":\"ListItem\",\"position\":3,\"name\":\"Rzutnik \/ projektor BYINTEK K18 Smart LCD 4K Android OS\"}]},{\"@type\":\"WebSite\",\"@id\":\"https:\/\/ironsky.pl\/sklep\/#website\",\"url\":\"https:\/\/ironsky.pl\/sklep\/\",\"name\":\"IRONSKY.PL Sklep z Dronami\",\"description\":\"IRONSKY.PL Sklep z Dronami\",\"potentialAction\":[{\"@type\":\"SearchAction\",\"target\":{\"@type\":\"EntryPoint\",\"urlTemplate\":\"https:\/\/ironsky.pl\/sklep\/?s={search_term_string}\"},\"query-input\":{\"@type\":\"PropertyValueSpecification\",\"valueRequired\":true,\"valueName\":\"search_term_string\"}}],\"inLanguage\":\"pl-PL\"}]}<\/script>\n<!-- \/ Yoast SEO plugin. -->","yoast_head_json":{"title":"Rzutnik \/ projektor BYINTEK K18 Smart LCD 4K Android OS - IRONSKY.PL Sklep z Dronami","description":"Rzutnik \/ projektor BYINTEK K18 Smart LCD 4K Android OS - \u2705 sklep z dronami i fachowym doradztwem. \u2705 Tutaj kupisz produkty DJI, Yuneec, Parrot, Syma i wiele innych, a tak\u017ce kursy i licencje na operatora drona.","robots":{"index":"index","follow":"follow","max-snippet":"max-snippet:-1","max-image-preview":"max-image-preview:large","max-video-preview":"max-video-preview:-1"},"canonical":"https:\/\/ironsky.pl\/sklep\/produkt\/rzutnik-projektor-byintek-k18-smart-lcd-4k-android-os\/","og_locale":"pl_PL","og_type":"article","og_title":"Rzutnik \/ projektor BYINTEK K18 Smart LCD 4K Android OS - IRONSKY.PL Sklep z Dronami","og_description":"Rzutnik \/ projektor BYINTEK K18 Smart LCD 4K Android OS - \u2705 sklep z dronami i fachowym doradztwem. \u2705 Tutaj kupisz produkty DJI, Yuneec, Parrot, Syma i wiele innych, a tak\u017ce kursy i licencje na operatora drona.","og_url":"https:\/\/ironsky.pl\/sklep\/produkt\/rzutnik-projektor-byintek-k18-smart-lcd-4k-android-os\/","og_site_name":"IRONSKY.PL Sklep z Dronami","article_modified_time":"2026-03-05T14:57:09+00:00","og_image":[{"width":800,"height":800,"url":"https:\/\/ironsky.pl\/sklep\/wp-content\/uploads\/2025\/06\/24727_3.jpg","type":"image\/jpeg"}],"twitter_card":"summary_large_image","twitter_misc":{"Szacowany czas czytania":"2 minuty"},"schema":{"@context":"https:\/\/schema.org","@graph":[{"@type":"WebPage","@id":"https:\/\/ironsky.pl\/sklep\/produkt\/rzutnik-projektor-byintek-k18-smart-lcd-4k-android-os\/","url":"https:\/\/ironsky.pl\/sklep\/produkt\/rzutnik-projektor-byintek-k18-smart-lcd-4k-android-os\/","name":"Rzutnik \/ projektor BYINTEK K18 Smart LCD 4K Android OS - IRONSKY.PL Sklep z Dronami","isPartOf":{"@id":"https:\/\/ironsky.pl\/sklep\/#website"},"primaryImageOfPage":{"@id":"https:\/\/ironsky.pl\/sklep\/produkt\/rzutnik-projektor-byintek-k18-smart-lcd-4k-android-os\/#primaryimage"},"image":{"@id":"https:\/\/ironsky.pl\/sklep\/produkt\/rzutnik-projektor-byintek-k18-smart-lcd-4k-android-os\/#primaryimage"},"thumbnailUrl":"https:\/\/ironsky.pl\/sklep\/wp-content\/uploads\/2025\/06\/24727_3.jpg","datePublished":"2025-06-13T12:46:46+00:00","dateModified":"2026-03-05T14:57:09+00:00","description":"Rzutnik \/ projektor BYINTEK K18 Smart LCD 4K Android OS - \u2705 sklep z dronami i fachowym doradztwem. \u2705 Tutaj kupisz produkty DJI, Yuneec, Parrot, Syma i wiele innych, a tak\u017ce kursy i licencje na operatora drona.","breadcrumb":{"@id":"https:\/\/ironsky.pl\/sklep\/produkt\/rzutnik-projektor-byintek-k18-smart-lcd-4k-android-os\/#breadcrumb"},"inLanguage":"pl-PL","potentialAction":[{"@type":"ReadAction","target":["https:\/\/ironsky.pl\/sklep\/produkt\/rzutnik-projektor-byintek-k18-smart-lcd-4k-android-os\/"]}]},{"@type":"ImageObject","inLanguage":"pl-PL","@id":"https:\/\/ironsky.pl\/sklep\/produkt\/rzutnik-projektor-byintek-k18-smart-lcd-4k-android-os\/#primaryimage","url":"https:\/\/ironsky.pl\/sklep\/wp-content\/uploads\/2025\/06\/24727_3.jpg","contentUrl":"https:\/\/ironsky.pl\/sklep\/wp-content\/uploads\/2025\/06\/24727_3.jpg","width":800,"height":800},{"@type":"BreadcrumbList","@id":"https:\/\/ironsky.pl\/sklep\/produkt\/rzutnik-projektor-byintek-k18-smart-lcd-4k-android-os\/#breadcrumb","itemListElement":[{"@type":"ListItem","position":1,"name":"Strona g\u0142\u00f3wna","item":"https:\/\/ironsky.pl\/sklep\/"},{"@type":"ListItem","position":2,"name":"Wszystkie produkty","item":"https:\/\/ironsky.pl\/sklep\/produkty\/"},{"@type":"ListItem","position":3,"name":"Rzutnik \/ projektor BYINTEK K18 Smart LCD 4K Android OS"}]},{"@type":"WebSite","@id":"https:\/\/ironsky.pl\/sklep\/#website","url":"https:\/\/ironsky.pl\/sklep\/","name":"IRONSKY.PL Sklep z Dronami","description":"IRONSKY.PL Sklep z Dronami","potentialAction":[{"@type":"SearchAction","target":{"@type":"EntryPoint","urlTemplate":"https:\/\/ironsky.pl\/sklep\/?s={search_term_string}"},"query-input":{"@type":"PropertyValueSpecification","valueRequired":true,"valueName":"search_term_string"}}],"inLanguage":"pl-PL"}]}},"_links":{"self":[{"href":"https:\/\/ironsky.pl\/sklep\/wp-json\/wp\/v2\/product\/41917","targetHints":{"allow":["GET"]}}],"collection":[{"href":"https:\/\/ironsky.pl\/sklep\/wp-json\/wp\/v2\/product"}],"about":[{"href":"https:\/\/ironsky.pl\/sklep\/wp-json\/wp\/v2\/types\/product"}],"replies":[{"embeddable":true,"href":"https:\/\/ironsky.pl\/sklep\/wp-json\/wp\/v2\/comments?post=41917"}],"wp:featuredmedia":[{"embeddable":true,"href":"https:\/\/ironsky.pl\/sklep\/wp-json\/wp\/v2\/media\/41918"}],"wp:attachment":[{"href":"https:\/\/ironsky.pl\/sklep\/wp-json\/wp\/v2\/media?parent=41917"}],"wp:term":[{"taxonomy":"product_brand","embeddable":true,"href":"https:\/\/ironsky.pl\/sklep\/wp-json\/wp\/v2\/product_brand?post=41917"},{"taxonomy":"product_cat","embeddable":true,"href":"https:\/\/ironsky.pl\/sklep\/wp-json\/wp\/v2\/product_cat?post=41917"},{"taxonomy":"product_tag","embeddable":true,"href":"https:\/\/ironsky.pl\/sklep\/wp-json\/wp\/v2\/product_tag?post=41917"}],"curies":[{"name":"wp","href":"https:\/\/api.w.org\/{rel}","templated":true}]}}