{"id":41739,"date":"2025-06-13T14:45:29","date_gmt":"2025-06-13T12:45:29","guid":{"rendered":"https:\/\/ironsky.pl\/drony-sklep\/produkt\/multitool-nextool-ne20050-10w1-zielony\/"},"modified":"2026-03-05T15:57:06","modified_gmt":"2026-03-05T14:57:06","slug":"multitool-nextool-ne20050-10w1-zielony","status":"publish","type":"product","link":"https:\/\/ironsky.pl\/sklep\/produkt\/multitool-nextool-ne20050-10w1-zielony\/","title":{"rendered":"Multitool Nextool NE20050 10w1 (zielony)"},"content":{"rendered":"<h3>Multitool mini flagship Nextool NE20050<\/h3>\n<p>Chcesz wyposa\u017cy\u0107 si\u0119 w kieszonkowy zestaw narz\u0119dzi, kt\u00f3ry pomo\u017ce Ci podczas wykonywania codziennych oraz bardziej specjalistycznych czynno\u015bci? Nextool NE20050 jest w\u0142a\u015bnie dla Ciebie! Zosta\u0142 wyposa\u017cony w takie narz\u0119dzia jak szczypce czy \u015brubokr\u0119ty oraz praktyczne akcesoria pokroju otwieraczy do butelek i puszek.<\/p>\n<p><img decoding=\"async\" src=\"https:\/\/b2b.innpro.pl\/data\/include\/cms\/Nextool\/NE20050\/3.jpg\"><\/p>\n<h3>Wiele mo\u017cliwo\u015bci<\/h3>\n<p>Multitool marki Nextool zapewni Ci dost\u0119p do wielu przydatnych przyrz\u0105d\u00f3w. Model NE20050 zosta\u0142 wyposa\u017cony w m.in. 2 rodzaje szczypiec i \u015brubokr\u0119t\u00f3w, otwieracze do butelek i puszek czy no\u017cyczki (pe\u0142ny spis przyrz\u0105d\u00f3w w specyfikacji). Produkt z powodzeniem mo\u017ce asystowa\u0107 Ci zar\u00f3wno podczas codziennych czynno\u015bci, jak i tych bardziej specjalistycznych.<\/p>\n<p><img decoding=\"async\" src=\"https:\/\/b2b.innpro.pl\/data\/include\/cms\/Nextool\/NE20050\/1.jpg\"><\/p>\n<h3>Kompaktowy design<\/h3>\n<p>Nextool NE20050 stawia na niewielk\u0105, kompaktow\u0105 konstrukcj\u0119. Dzi\u0119ki temu mo\u017cesz zawsze mie\u0107 go przy sobie \u2013 zmie\u015bcisz go nawet w kieszeni! W zestawie znajdziesz r\u00f3wnie\u017c specjalny pier\u015bcie\u0144, umo\u017cliwiaj\u0105cy zamocowanie multitoola do kluczy. Postaw na funkcjonalno\u015b\u0107, kt\u00f3ra sprzyja Twojej wygodzie!<\/p>\n<p><img decoding=\"async\" src=\"https:\/\/b2b.innpro.pl\/data\/include\/cms\/Nextool\/NE20050\/5.jpg\"><\/p>\n<div class=\"table-wrapper\">\n<table>\n<tbody>\n<tr>\n<th>Producent<\/th>\n<td>Nextool<\/td>\n<\/tr>\n<tr>\n<th>Model<\/th>\n<td>NE20050<\/td>\n<\/tr>\n<tr>\n<th>Ilo\u015b\u0107 przyrz\u0105d\u00f3w<\/th>\n<td>12<\/td>\n<\/tr>\n<tr>\n<th>Dost\u0119pne przyrz\u0105dy<\/th>\n<td>Szczypce ig\u0142owe \/ szczypce klasyczne \/ przecinak do kabli \/ pilnik do paznokci \/ n\u00f3\u017c \/ otwieracz do butelek \/ otwieracz do puszek \/ \u015brubokr\u0119t p\u0142aski \/ \u015brubokr\u0119t krzy\u017cakowy \/ otw\u00f3r na brelok do kluczy \/ pier\u015bcie\u0144 na brelok do kluczy \/ no\u017cyczki<\/td>\n<\/tr>\n<tr>\n<th>Materia\u0142 g\u0142\u00f3wny<\/th>\n<td>30Cr13<\/td>\n<\/tr>\n<tr>\n<th>Kolor<\/th>\n<td>Srebrno-zielony<\/td>\n<\/tr>\n<tr>\n<th>Wymiary (produkt z\u0142o\u017cony)<\/th>\n<td>62 x 27 mm<\/td>\n<\/tr>\n<tr>\n<th>Waga<\/th>\n<td>78 g<\/td>\n<\/tr>\n<\/tbody>\n<\/table>\n<\/div>\n","protected":false},"excerpt":{"rendered":"<p>Multitool mini flagship Nextool NE20050 Chcesz wyposa\u017cy\u0107 si\u0119 w kieszonkowy zestaw narz\u0119dzi, kt\u00f3ry pomo\u017ce Ci podczas wykonywania codziennych oraz bardziej<\/p>\n","protected":false},"featured_media":41740,"comment_status":"closed","ping_status":"open","template":"","meta":{"_acf_changed":false},"product_brand":[],"product_cat":[5959,5937],"product_tag":[],"class_list":{"0":"post-41739","1":"product","2":"type-product","3":"status-publish","4":"has-post-thumbnail","6":"product_cat-multitoole","7":"product_cat-outdoor","8":"pa_okres-gwarancji-5754","9":"pa_producent-nextool","11":"first","12":"outofstock","13":"taxable","14":"shipping-taxable","15":"purchasable","16":"product-type-simple"},"acf":[],"yoast_head":"<!-- This site is optimized with the Yoast SEO plugin v27.2 - https:\/\/yoast.com\/product\/yoast-seo-wordpress\/ -->\n<title>Multitool Nextool NE20050 10w1 (zielony) - IRONSKY.PL Sklep z Dronami<\/title>\n<meta name=\"description\" content=\"Multitool Nextool NE20050 10w1 (zielony) - \u2705 sklep z dronami i fachowym doradztwem. \u2705 Tutaj kupisz produkty DJI, Yuneec, Parrot, Syma i wiele innych, a tak\u017ce kursy i licencje na operatora drona.\" \/>\n<meta name=\"robots\" content=\"index, follow, max-snippet:-1, max-image-preview:large, max-video-preview:-1\" \/>\n<link rel=\"canonical\" href=\"https:\/\/ironsky.pl\/sklep\/produkt\/multitool-nextool-ne20050-10w1-zielony\/\" \/>\n<meta property=\"og:locale\" content=\"pl_PL\" \/>\n<meta property=\"og:type\" content=\"article\" \/>\n<meta property=\"og:title\" content=\"Multitool Nextool NE20050 10w1 (zielony) - IRONSKY.PL Sklep z Dronami\" \/>\n<meta property=\"og:description\" content=\"Multitool Nextool NE20050 10w1 (zielony) - \u2705 sklep z dronami i fachowym doradztwem. \u2705 Tutaj kupisz produkty DJI, Yuneec, Parrot, Syma i wiele innych, a tak\u017ce kursy i licencje na operatora drona.\" \/>\n<meta property=\"og:url\" content=\"https:\/\/ironsky.pl\/sklep\/produkt\/multitool-nextool-ne20050-10w1-zielony\/\" \/>\n<meta property=\"og:site_name\" content=\"IRONSKY.PL Sklep z Dronami\" \/>\n<meta property=\"article:modified_time\" content=\"2026-03-05T14:57:06+00:00\" \/>\n<meta property=\"og:image\" content=\"https:\/\/ironsky.pl\/sklep\/wp-content\/uploads\/2025\/06\/23768_1.jpg\" \/>\n\t<meta property=\"og:image:width\" content=\"800\" \/>\n\t<meta property=\"og:image:height\" content=\"800\" \/>\n\t<meta property=\"og:image:type\" content=\"image\/jpeg\" \/>\n<meta name=\"twitter:card\" content=\"summary_large_image\" \/>\n<meta name=\"twitter:label1\" content=\"Szacowany czas czytania\" \/>\n\t<meta name=\"twitter:data1\" content=\"1 minuta\" \/>\n<script type=\"application\/ld+json\" class=\"yoast-schema-graph\">{\"@context\":\"https:\/\/schema.org\",\"@graph\":[{\"@type\":\"WebPage\",\"@id\":\"https:\/\/ironsky.pl\/sklep\/produkt\/multitool-nextool-ne20050-10w1-zielony\/\",\"url\":\"https:\/\/ironsky.pl\/sklep\/produkt\/multitool-nextool-ne20050-10w1-zielony\/\",\"name\":\"Multitool Nextool NE20050 10w1 (zielony) - IRONSKY.PL Sklep z Dronami\",\"isPartOf\":{\"@id\":\"https:\/\/ironsky.pl\/sklep\/#website\"},\"primaryImageOfPage\":{\"@id\":\"https:\/\/ironsky.pl\/sklep\/produkt\/multitool-nextool-ne20050-10w1-zielony\/#primaryimage\"},\"image\":{\"@id\":\"https:\/\/ironsky.pl\/sklep\/produkt\/multitool-nextool-ne20050-10w1-zielony\/#primaryimage\"},\"thumbnailUrl\":\"https:\/\/ironsky.pl\/sklep\/wp-content\/uploads\/2025\/06\/23768_1.jpg\",\"datePublished\":\"2025-06-13T12:45:29+00:00\",\"dateModified\":\"2026-03-05T14:57:06+00:00\",\"description\":\"Multitool Nextool NE20050 10w1 (zielony) - \u2705 sklep z dronami i fachowym doradztwem. \u2705 Tutaj kupisz produkty DJI, Yuneec, Parrot, Syma i wiele innych, a tak\u017ce kursy i licencje na operatora drona.\",\"breadcrumb\":{\"@id\":\"https:\/\/ironsky.pl\/sklep\/produkt\/multitool-nextool-ne20050-10w1-zielony\/#breadcrumb\"},\"inLanguage\":\"pl-PL\",\"potentialAction\":[{\"@type\":\"ReadAction\",\"target\":[\"https:\/\/ironsky.pl\/sklep\/produkt\/multitool-nextool-ne20050-10w1-zielony\/\"]}]},{\"@type\":\"ImageObject\",\"inLanguage\":\"pl-PL\",\"@id\":\"https:\/\/ironsky.pl\/sklep\/produkt\/multitool-nextool-ne20050-10w1-zielony\/#primaryimage\",\"url\":\"https:\/\/ironsky.pl\/sklep\/wp-content\/uploads\/2025\/06\/23768_1.jpg\",\"contentUrl\":\"https:\/\/ironsky.pl\/sklep\/wp-content\/uploads\/2025\/06\/23768_1.jpg\",\"width\":800,\"height\":800},{\"@type\":\"BreadcrumbList\",\"@id\":\"https:\/\/ironsky.pl\/sklep\/produkt\/multitool-nextool-ne20050-10w1-zielony\/#breadcrumb\",\"itemListElement\":[{\"@type\":\"ListItem\",\"position\":1,\"name\":\"Strona g\u0142\u00f3wna\",\"item\":\"https:\/\/ironsky.pl\/sklep\/\"},{\"@type\":\"ListItem\",\"position\":2,\"name\":\"Wszystkie produkty\",\"item\":\"https:\/\/ironsky.pl\/sklep\/produkty\/\"},{\"@type\":\"ListItem\",\"position\":3,\"name\":\"Multitool Nextool NE20050 10w1 (zielony)\"}]},{\"@type\":\"WebSite\",\"@id\":\"https:\/\/ironsky.pl\/sklep\/#website\",\"url\":\"https:\/\/ironsky.pl\/sklep\/\",\"name\":\"IRONSKY.PL Sklep z Dronami\",\"description\":\"IRONSKY.PL Sklep z Dronami\",\"potentialAction\":[{\"@type\":\"SearchAction\",\"target\":{\"@type\":\"EntryPoint\",\"urlTemplate\":\"https:\/\/ironsky.pl\/sklep\/?s={search_term_string}\"},\"query-input\":{\"@type\":\"PropertyValueSpecification\",\"valueRequired\":true,\"valueName\":\"search_term_string\"}}],\"inLanguage\":\"pl-PL\"}]}<\/script>\n<!-- \/ Yoast SEO plugin. -->","yoast_head_json":{"title":"Multitool Nextool NE20050 10w1 (zielony) - IRONSKY.PL Sklep z Dronami","description":"Multitool Nextool NE20050 10w1 (zielony) - \u2705 sklep z dronami i fachowym doradztwem. \u2705 Tutaj kupisz produkty DJI, Yuneec, Parrot, Syma i wiele innych, a tak\u017ce kursy i licencje na operatora drona.","robots":{"index":"index","follow":"follow","max-snippet":"max-snippet:-1","max-image-preview":"max-image-preview:large","max-video-preview":"max-video-preview:-1"},"canonical":"https:\/\/ironsky.pl\/sklep\/produkt\/multitool-nextool-ne20050-10w1-zielony\/","og_locale":"pl_PL","og_type":"article","og_title":"Multitool Nextool NE20050 10w1 (zielony) - IRONSKY.PL Sklep z Dronami","og_description":"Multitool Nextool NE20050 10w1 (zielony) - \u2705 sklep z dronami i fachowym doradztwem. \u2705 Tutaj kupisz produkty DJI, Yuneec, Parrot, Syma i wiele innych, a tak\u017ce kursy i licencje na operatora drona.","og_url":"https:\/\/ironsky.pl\/sklep\/produkt\/multitool-nextool-ne20050-10w1-zielony\/","og_site_name":"IRONSKY.PL Sklep z Dronami","article_modified_time":"2026-03-05T14:57:06+00:00","og_image":[{"width":800,"height":800,"url":"https:\/\/ironsky.pl\/sklep\/wp-content\/uploads\/2025\/06\/23768_1.jpg","type":"image\/jpeg"}],"twitter_card":"summary_large_image","twitter_misc":{"Szacowany czas czytania":"1 minuta"},"schema":{"@context":"https:\/\/schema.org","@graph":[{"@type":"WebPage","@id":"https:\/\/ironsky.pl\/sklep\/produkt\/multitool-nextool-ne20050-10w1-zielony\/","url":"https:\/\/ironsky.pl\/sklep\/produkt\/multitool-nextool-ne20050-10w1-zielony\/","name":"Multitool Nextool NE20050 10w1 (zielony) - IRONSKY.PL Sklep z Dronami","isPartOf":{"@id":"https:\/\/ironsky.pl\/sklep\/#website"},"primaryImageOfPage":{"@id":"https:\/\/ironsky.pl\/sklep\/produkt\/multitool-nextool-ne20050-10w1-zielony\/#primaryimage"},"image":{"@id":"https:\/\/ironsky.pl\/sklep\/produkt\/multitool-nextool-ne20050-10w1-zielony\/#primaryimage"},"thumbnailUrl":"https:\/\/ironsky.pl\/sklep\/wp-content\/uploads\/2025\/06\/23768_1.jpg","datePublished":"2025-06-13T12:45:29+00:00","dateModified":"2026-03-05T14:57:06+00:00","description":"Multitool Nextool NE20050 10w1 (zielony) - \u2705 sklep z dronami i fachowym doradztwem. \u2705 Tutaj kupisz produkty DJI, Yuneec, Parrot, Syma i wiele innych, a tak\u017ce kursy i licencje na operatora drona.","breadcrumb":{"@id":"https:\/\/ironsky.pl\/sklep\/produkt\/multitool-nextool-ne20050-10w1-zielony\/#breadcrumb"},"inLanguage":"pl-PL","potentialAction":[{"@type":"ReadAction","target":["https:\/\/ironsky.pl\/sklep\/produkt\/multitool-nextool-ne20050-10w1-zielony\/"]}]},{"@type":"ImageObject","inLanguage":"pl-PL","@id":"https:\/\/ironsky.pl\/sklep\/produkt\/multitool-nextool-ne20050-10w1-zielony\/#primaryimage","url":"https:\/\/ironsky.pl\/sklep\/wp-content\/uploads\/2025\/06\/23768_1.jpg","contentUrl":"https:\/\/ironsky.pl\/sklep\/wp-content\/uploads\/2025\/06\/23768_1.jpg","width":800,"height":800},{"@type":"BreadcrumbList","@id":"https:\/\/ironsky.pl\/sklep\/produkt\/multitool-nextool-ne20050-10w1-zielony\/#breadcrumb","itemListElement":[{"@type":"ListItem","position":1,"name":"Strona g\u0142\u00f3wna","item":"https:\/\/ironsky.pl\/sklep\/"},{"@type":"ListItem","position":2,"name":"Wszystkie produkty","item":"https:\/\/ironsky.pl\/sklep\/produkty\/"},{"@type":"ListItem","position":3,"name":"Multitool Nextool NE20050 10w1 (zielony)"}]},{"@type":"WebSite","@id":"https:\/\/ironsky.pl\/sklep\/#website","url":"https:\/\/ironsky.pl\/sklep\/","name":"IRONSKY.PL Sklep z Dronami","description":"IRONSKY.PL Sklep z Dronami","potentialAction":[{"@type":"SearchAction","target":{"@type":"EntryPoint","urlTemplate":"https:\/\/ironsky.pl\/sklep\/?s={search_term_string}"},"query-input":{"@type":"PropertyValueSpecification","valueRequired":true,"valueName":"search_term_string"}}],"inLanguage":"pl-PL"}]}},"_links":{"self":[{"href":"https:\/\/ironsky.pl\/sklep\/wp-json\/wp\/v2\/product\/41739","targetHints":{"allow":["GET"]}}],"collection":[{"href":"https:\/\/ironsky.pl\/sklep\/wp-json\/wp\/v2\/product"}],"about":[{"href":"https:\/\/ironsky.pl\/sklep\/wp-json\/wp\/v2\/types\/product"}],"replies":[{"embeddable":true,"href":"https:\/\/ironsky.pl\/sklep\/wp-json\/wp\/v2\/comments?post=41739"}],"wp:featuredmedia":[{"embeddable":true,"href":"https:\/\/ironsky.pl\/sklep\/wp-json\/wp\/v2\/media\/41740"}],"wp:attachment":[{"href":"https:\/\/ironsky.pl\/sklep\/wp-json\/wp\/v2\/media?parent=41739"}],"wp:term":[{"taxonomy":"product_brand","embeddable":true,"href":"https:\/\/ironsky.pl\/sklep\/wp-json\/wp\/v2\/product_brand?post=41739"},{"taxonomy":"product_cat","embeddable":true,"href":"https:\/\/ironsky.pl\/sklep\/wp-json\/wp\/v2\/product_cat?post=41739"},{"taxonomy":"product_tag","embeddable":true,"href":"https:\/\/ironsky.pl\/sklep\/wp-json\/wp\/v2\/product_tag?post=41739"}],"curies":[{"name":"wp","href":"https:\/\/api.w.org\/{rel}","templated":true}]}}