{"id":41733,"date":"2025-06-13T14:45:29","date_gmt":"2025-06-13T12:45:29","guid":{"rendered":"https:\/\/ironsky.pl\/drony-sklep\/produkt\/multitool-nextool-ne20120-16w1-szary\/"},"modified":"2026-03-05T15:57:06","modified_gmt":"2026-03-05T14:57:06","slug":"multitool-nextool-ne20120-16w1-szary","status":"publish","type":"product","link":"https:\/\/ironsky.pl\/sklep\/produkt\/multitool-nextool-ne20120-16w1-szary\/","title":{"rendered":"Multitool Nextool NE20120 16w1 (szary)"},"content":{"rendered":"<h3>Multitool 16 w 1 Nextool NE20120<\/h3>\n<p>Potrzebujesz niezawodnego, podr\u0119cznego zestawu narz\u0119dzi, kt\u00f3ry u\u0142atwi Ci wykonywanie codziennych czynno\u015bci? Multitool marki Nextool jest w\u0142a\u015bnie dla Ciebie! NE20120 zapewni Ci dost\u0119p do a\u017c 16 przyrz\u0105d\u00f3w, takich jak szczypce, \u015brubokr\u0119ty przy przecinaki. W produkcji wykorzystano najwy\u017cszej klasy materia\u0142y, dbaj\u0105c r\u00f3wnie\u017c o kompaktowy design.<\/p>\n<p><img decoding=\"async\" src=\"https:\/\/b2b.innpro.pl\/data\/include\/cms\/Nextool\/NE20120\/1.jpg\"><\/p>\n<h3>16 narz\u0119dzi w Twojej kieszeni<\/h3>\n<p>Model NE20120 zapewnia dost\u0119p do a\u017c 16 r\u00f3\u017cnych przyrz\u0105d\u00f3w. S\u0105 to m.ni. 2 rodzaje szczypiec, przecinaki do kabli, \u015brubokr\u0119ty czy otwieracz do butelek. Kompaktowa konstrukcja narz\u0119dzia pozwoli Ci mie\u0107 je zawsze przy sobie, nie odczuwaj\u0105c du\u017cego obci\u0105\u017cenia. Spis wszystkich dost\u0119pnych przyrz\u0105d\u00f3w znajdziesz w specyfikacji &#8211; na dole strony.<\/p>\n<p><img decoding=\"async\" src=\"https:\/\/b2b.innpro.pl\/data\/include\/cms\/Nextool\/NE20120\/11.jpg\"><\/p>\n<h3>R\u00f3wnie\u017c do zada\u0144 specjalnych<\/h3>\n<p>Na szczeg\u00f3ln\u0105 uwag\u0119 zas\u0142uguj\u0105 szczypce klasyczne oraz ig\u0142owe. Dzi\u0119ki nim bez trudu skr\u0119cisz stalowe druty czy dokr\u0119cisz \u015bruby z du\u017c\u0105 g\u0142\u00f3wk\u0105. Otrzymasz r\u00f3wnie\u017c dost\u0119p do 3 r\u00f3\u017cnych typ\u00f3w przecinak\u00f3w do kabli. Z tym narz\u0119dziem bezproblemowo przetniesz przewody o \u015brednicy 1.6 czy 2.5 mm (stalowe i elektryczne). Postaw na uniwersalno\u015b\u0107 \u2013 nie rezygnuj\u0105c z jako\u015bci!<\/p>\n<p><img decoding=\"async\" src=\"https:\/\/b2b.innpro.pl\/data\/include\/cms\/Nextool\/NE20120\/3.jpg\"><\/p>\n<h3>Najwy\u017cszej klasy materia\u0142y<\/h3>\n<p>W produkcji NE20120 wykorzystano najwy\u017cszej jako\u015bci materia\u0142y, co pozwoli\u0142o osi\u0105gn\u0105\u0107 wysok\u0105 wytrzyma\u0142o\u015b\u0107 oraz odporno\u015b\u0107 na uderzenia czy zu\u017cycie. Narz\u0119dzie powsta\u0142o g\u0142\u00f3wnie z ze stali nierdzewnej klasy 420J1, a ostrze ze specjalnej odmiany 50Cr15MoV. Zastosowanie najlepszych komponent\u00f3w sprawia, \u017ce Multitool jest niezawodny oraz niezwykle trwa\u0142y \u2013 pos\u0142u\u017cy Ci przez d\u0142ugie lata.<\/p>\n<p><img decoding=\"async\" src=\"https:\/\/b2b.innpro.pl\/data\/include\/cms\/Nextool\/NE20120\/5.jpg\"><\/p>\n<h3>Zestaw zawiera:<\/h3>\n<ul>\n<li>Multitool<\/li>\n<li>Futera\u0142<\/li>\n<li>2 x zapasowe ostrze do kabli<\/li>\n<li>2 x zapasowe \u015brubki<\/li>\n<\/ul>\n<div class=\"table-wrapper\">\n<table>\n<tbody>\n<tr>\n<th>Producent<\/th>\n<td>Nextool<\/td>\n<\/tr>\n<tr>\n<th>Model<\/th>\n<td>NE20120<\/td>\n<\/tr>\n<tr>\n<th>Ilo\u015b\u0107 przyrz\u0105d\u00f3w<\/th>\n<td>16<\/td>\n<\/tr>\n<tr>\n<th>Dost\u0119pne przyrz\u0105dy<\/th>\n<td>Szczypce ig\u0142owe \/ szczypce klasyczne \/ wyjmowany przecinak do kabli \/ wyjmowany przecinak do twardych kabli \/ przecinak do grubych kabli \/ linijka \/ pi\u0142a \/ n\u00f3\u017c \/ otwieracz do butelek \/ zbijak do szk\u0142a \/ \u015bci\u0105gacz izolacji \/ \u015brubokr\u0119t p\u0142aski \/ \u015brubokr\u0119t krzy\u017cakowy \/ przecinak linowy \/ klucz do szprych rowerowych \/ no\u017cyczki<\/td>\n<\/tr>\n<tr>\n<th>Materia\u0142 g\u0142\u00f3wny<\/th>\n<td>420J1<\/td>\n<\/tr>\n<tr>\n<th>Materia\u0142 ostrza<\/th>\n<td>50Cr15MoV<\/td>\n<\/tr>\n<tr>\n<th>Kolor<\/th>\n<td>Satynowy<\/td>\n<\/tr>\n<tr>\n<th>Wymiary (produkt z\u0142o\u017cony)<\/th>\n<td>110 x 40 x 21.5 mm<\/td>\n<\/tr>\n<tr>\n<th>Waga<\/th>\n<td>Oko\u0142o 245 g<\/td>\n<\/tr>\n<\/tbody>\n<\/table>\n<\/div>\n","protected":false},"excerpt":{"rendered":"<p>Multitool 16 w 1 Nextool NE20120 Potrzebujesz niezawodnego, podr\u0119cznego zestawu narz\u0119dzi, kt\u00f3ry u\u0142atwi Ci wykonywanie codziennych czynno\u015bci? Multitool marki Nextool<\/p>\n","protected":false},"featured_media":41734,"comment_status":"closed","ping_status":"open","template":"","meta":{"_acf_changed":false},"product_brand":[],"product_cat":[5959,5937],"product_tag":[],"class_list":{"0":"post-41733","1":"product","2":"type-product","3":"status-publish","4":"has-post-thumbnail","6":"product_cat-multitoole","7":"product_cat-outdoor","8":"pa_okres-gwarancji-5754","9":"pa_producent-nextool","11":"first","12":"outofstock","13":"taxable","14":"shipping-taxable","15":"purchasable","16":"product-type-simple"},"acf":[],"yoast_head":"<!-- This site is optimized with the Yoast SEO plugin v27.2 - https:\/\/yoast.com\/product\/yoast-seo-wordpress\/ -->\n<title>Multitool Nextool NE20120 16w1 (szary) - IRONSKY.PL Sklep z Dronami<\/title>\n<meta name=\"description\" content=\"Multitool Nextool NE20120 16w1 (szary) - \u2705 sklep z dronami i fachowym doradztwem. \u2705 Tutaj kupisz produkty DJI, Yuneec, Parrot, Syma i wiele innych, a tak\u017ce kursy i licencje na operatora drona.\" \/>\n<meta name=\"robots\" content=\"index, follow, max-snippet:-1, max-image-preview:large, max-video-preview:-1\" \/>\n<link rel=\"canonical\" href=\"https:\/\/ironsky.pl\/sklep\/produkt\/multitool-nextool-ne20120-16w1-szary\/\" \/>\n<meta property=\"og:locale\" content=\"pl_PL\" \/>\n<meta property=\"og:type\" content=\"article\" \/>\n<meta property=\"og:title\" content=\"Multitool Nextool NE20120 16w1 (szary) - IRONSKY.PL Sklep z Dronami\" \/>\n<meta property=\"og:description\" content=\"Multitool Nextool NE20120 16w1 (szary) - \u2705 sklep z dronami i fachowym doradztwem. \u2705 Tutaj kupisz produkty DJI, Yuneec, Parrot, Syma i wiele innych, a tak\u017ce kursy i licencje na operatora drona.\" \/>\n<meta property=\"og:url\" content=\"https:\/\/ironsky.pl\/sklep\/produkt\/multitool-nextool-ne20120-16w1-szary\/\" \/>\n<meta property=\"og:site_name\" content=\"IRONSKY.PL Sklep z Dronami\" \/>\n<meta property=\"article:modified_time\" content=\"2026-03-05T14:57:06+00:00\" \/>\n<meta property=\"og:image\" content=\"https:\/\/ironsky.pl\/sklep\/wp-content\/uploads\/2025\/06\/23763_1.jpg\" \/>\n\t<meta property=\"og:image:width\" content=\"800\" \/>\n\t<meta property=\"og:image:height\" content=\"800\" \/>\n\t<meta property=\"og:image:type\" content=\"image\/jpeg\" \/>\n<meta name=\"twitter:card\" content=\"summary_large_image\" \/>\n<meta name=\"twitter:label1\" content=\"Szacowany czas czytania\" \/>\n\t<meta name=\"twitter:data1\" content=\"2 minuty\" \/>\n<script type=\"application\/ld+json\" class=\"yoast-schema-graph\">{\"@context\":\"https:\/\/schema.org\",\"@graph\":[{\"@type\":\"WebPage\",\"@id\":\"https:\/\/ironsky.pl\/sklep\/produkt\/multitool-nextool-ne20120-16w1-szary\/\",\"url\":\"https:\/\/ironsky.pl\/sklep\/produkt\/multitool-nextool-ne20120-16w1-szary\/\",\"name\":\"Multitool Nextool NE20120 16w1 (szary) - IRONSKY.PL Sklep z Dronami\",\"isPartOf\":{\"@id\":\"https:\/\/ironsky.pl\/sklep\/#website\"},\"primaryImageOfPage\":{\"@id\":\"https:\/\/ironsky.pl\/sklep\/produkt\/multitool-nextool-ne20120-16w1-szary\/#primaryimage\"},\"image\":{\"@id\":\"https:\/\/ironsky.pl\/sklep\/produkt\/multitool-nextool-ne20120-16w1-szary\/#primaryimage\"},\"thumbnailUrl\":\"https:\/\/ironsky.pl\/sklep\/wp-content\/uploads\/2025\/06\/23763_1.jpg\",\"datePublished\":\"2025-06-13T12:45:29+00:00\",\"dateModified\":\"2026-03-05T14:57:06+00:00\",\"description\":\"Multitool Nextool NE20120 16w1 (szary) - \u2705 sklep z dronami i fachowym doradztwem. \u2705 Tutaj kupisz produkty DJI, Yuneec, Parrot, Syma i wiele innych, a tak\u017ce kursy i licencje na operatora drona.\",\"breadcrumb\":{\"@id\":\"https:\/\/ironsky.pl\/sklep\/produkt\/multitool-nextool-ne20120-16w1-szary\/#breadcrumb\"},\"inLanguage\":\"pl-PL\",\"potentialAction\":[{\"@type\":\"ReadAction\",\"target\":[\"https:\/\/ironsky.pl\/sklep\/produkt\/multitool-nextool-ne20120-16w1-szary\/\"]}]},{\"@type\":\"ImageObject\",\"inLanguage\":\"pl-PL\",\"@id\":\"https:\/\/ironsky.pl\/sklep\/produkt\/multitool-nextool-ne20120-16w1-szary\/#primaryimage\",\"url\":\"https:\/\/ironsky.pl\/sklep\/wp-content\/uploads\/2025\/06\/23763_1.jpg\",\"contentUrl\":\"https:\/\/ironsky.pl\/sklep\/wp-content\/uploads\/2025\/06\/23763_1.jpg\",\"width\":800,\"height\":800},{\"@type\":\"BreadcrumbList\",\"@id\":\"https:\/\/ironsky.pl\/sklep\/produkt\/multitool-nextool-ne20120-16w1-szary\/#breadcrumb\",\"itemListElement\":[{\"@type\":\"ListItem\",\"position\":1,\"name\":\"Strona g\u0142\u00f3wna\",\"item\":\"https:\/\/ironsky.pl\/sklep\/\"},{\"@type\":\"ListItem\",\"position\":2,\"name\":\"Wszystkie produkty\",\"item\":\"https:\/\/ironsky.pl\/sklep\/produkty\/\"},{\"@type\":\"ListItem\",\"position\":3,\"name\":\"Multitool Nextool NE20120 16w1 (szary)\"}]},{\"@type\":\"WebSite\",\"@id\":\"https:\/\/ironsky.pl\/sklep\/#website\",\"url\":\"https:\/\/ironsky.pl\/sklep\/\",\"name\":\"IRONSKY.PL Sklep z Dronami\",\"description\":\"IRONSKY.PL Sklep z Dronami\",\"potentialAction\":[{\"@type\":\"SearchAction\",\"target\":{\"@type\":\"EntryPoint\",\"urlTemplate\":\"https:\/\/ironsky.pl\/sklep\/?s={search_term_string}\"},\"query-input\":{\"@type\":\"PropertyValueSpecification\",\"valueRequired\":true,\"valueName\":\"search_term_string\"}}],\"inLanguage\":\"pl-PL\"}]}<\/script>\n<!-- \/ Yoast SEO plugin. -->","yoast_head_json":{"title":"Multitool Nextool NE20120 16w1 (szary) - IRONSKY.PL Sklep z Dronami","description":"Multitool Nextool NE20120 16w1 (szary) - \u2705 sklep z dronami i fachowym doradztwem. \u2705 Tutaj kupisz produkty DJI, Yuneec, Parrot, Syma i wiele innych, a tak\u017ce kursy i licencje na operatora drona.","robots":{"index":"index","follow":"follow","max-snippet":"max-snippet:-1","max-image-preview":"max-image-preview:large","max-video-preview":"max-video-preview:-1"},"canonical":"https:\/\/ironsky.pl\/sklep\/produkt\/multitool-nextool-ne20120-16w1-szary\/","og_locale":"pl_PL","og_type":"article","og_title":"Multitool Nextool NE20120 16w1 (szary) - IRONSKY.PL Sklep z Dronami","og_description":"Multitool Nextool NE20120 16w1 (szary) - \u2705 sklep z dronami i fachowym doradztwem. \u2705 Tutaj kupisz produkty DJI, Yuneec, Parrot, Syma i wiele innych, a tak\u017ce kursy i licencje na operatora drona.","og_url":"https:\/\/ironsky.pl\/sklep\/produkt\/multitool-nextool-ne20120-16w1-szary\/","og_site_name":"IRONSKY.PL Sklep z Dronami","article_modified_time":"2026-03-05T14:57:06+00:00","og_image":[{"width":800,"height":800,"url":"https:\/\/ironsky.pl\/sklep\/wp-content\/uploads\/2025\/06\/23763_1.jpg","type":"image\/jpeg"}],"twitter_card":"summary_large_image","twitter_misc":{"Szacowany czas czytania":"2 minuty"},"schema":{"@context":"https:\/\/schema.org","@graph":[{"@type":"WebPage","@id":"https:\/\/ironsky.pl\/sklep\/produkt\/multitool-nextool-ne20120-16w1-szary\/","url":"https:\/\/ironsky.pl\/sklep\/produkt\/multitool-nextool-ne20120-16w1-szary\/","name":"Multitool Nextool NE20120 16w1 (szary) - IRONSKY.PL Sklep z Dronami","isPartOf":{"@id":"https:\/\/ironsky.pl\/sklep\/#website"},"primaryImageOfPage":{"@id":"https:\/\/ironsky.pl\/sklep\/produkt\/multitool-nextool-ne20120-16w1-szary\/#primaryimage"},"image":{"@id":"https:\/\/ironsky.pl\/sklep\/produkt\/multitool-nextool-ne20120-16w1-szary\/#primaryimage"},"thumbnailUrl":"https:\/\/ironsky.pl\/sklep\/wp-content\/uploads\/2025\/06\/23763_1.jpg","datePublished":"2025-06-13T12:45:29+00:00","dateModified":"2026-03-05T14:57:06+00:00","description":"Multitool Nextool NE20120 16w1 (szary) - \u2705 sklep z dronami i fachowym doradztwem. \u2705 Tutaj kupisz produkty DJI, Yuneec, Parrot, Syma i wiele innych, a tak\u017ce kursy i licencje na operatora drona.","breadcrumb":{"@id":"https:\/\/ironsky.pl\/sklep\/produkt\/multitool-nextool-ne20120-16w1-szary\/#breadcrumb"},"inLanguage":"pl-PL","potentialAction":[{"@type":"ReadAction","target":["https:\/\/ironsky.pl\/sklep\/produkt\/multitool-nextool-ne20120-16w1-szary\/"]}]},{"@type":"ImageObject","inLanguage":"pl-PL","@id":"https:\/\/ironsky.pl\/sklep\/produkt\/multitool-nextool-ne20120-16w1-szary\/#primaryimage","url":"https:\/\/ironsky.pl\/sklep\/wp-content\/uploads\/2025\/06\/23763_1.jpg","contentUrl":"https:\/\/ironsky.pl\/sklep\/wp-content\/uploads\/2025\/06\/23763_1.jpg","width":800,"height":800},{"@type":"BreadcrumbList","@id":"https:\/\/ironsky.pl\/sklep\/produkt\/multitool-nextool-ne20120-16w1-szary\/#breadcrumb","itemListElement":[{"@type":"ListItem","position":1,"name":"Strona g\u0142\u00f3wna","item":"https:\/\/ironsky.pl\/sklep\/"},{"@type":"ListItem","position":2,"name":"Wszystkie produkty","item":"https:\/\/ironsky.pl\/sklep\/produkty\/"},{"@type":"ListItem","position":3,"name":"Multitool Nextool NE20120 16w1 (szary)"}]},{"@type":"WebSite","@id":"https:\/\/ironsky.pl\/sklep\/#website","url":"https:\/\/ironsky.pl\/sklep\/","name":"IRONSKY.PL Sklep z Dronami","description":"IRONSKY.PL Sklep z Dronami","potentialAction":[{"@type":"SearchAction","target":{"@type":"EntryPoint","urlTemplate":"https:\/\/ironsky.pl\/sklep\/?s={search_term_string}"},"query-input":{"@type":"PropertyValueSpecification","valueRequired":true,"valueName":"search_term_string"}}],"inLanguage":"pl-PL"}]}},"_links":{"self":[{"href":"https:\/\/ironsky.pl\/sklep\/wp-json\/wp\/v2\/product\/41733","targetHints":{"allow":["GET"]}}],"collection":[{"href":"https:\/\/ironsky.pl\/sklep\/wp-json\/wp\/v2\/product"}],"about":[{"href":"https:\/\/ironsky.pl\/sklep\/wp-json\/wp\/v2\/types\/product"}],"replies":[{"embeddable":true,"href":"https:\/\/ironsky.pl\/sklep\/wp-json\/wp\/v2\/comments?post=41733"}],"wp:featuredmedia":[{"embeddable":true,"href":"https:\/\/ironsky.pl\/sklep\/wp-json\/wp\/v2\/media\/41734"}],"wp:attachment":[{"href":"https:\/\/ironsky.pl\/sklep\/wp-json\/wp\/v2\/media?parent=41733"}],"wp:term":[{"taxonomy":"product_brand","embeddable":true,"href":"https:\/\/ironsky.pl\/sklep\/wp-json\/wp\/v2\/product_brand?post=41733"},{"taxonomy":"product_cat","embeddable":true,"href":"https:\/\/ironsky.pl\/sklep\/wp-json\/wp\/v2\/product_cat?post=41733"},{"taxonomy":"product_tag","embeddable":true,"href":"https:\/\/ironsky.pl\/sklep\/wp-json\/wp\/v2\/product_tag?post=41733"}],"curies":[{"name":"wp","href":"https:\/\/api.w.org\/{rel}","templated":true}]}}