{"id":41719,"date":"2025-06-13T14:45:07","date_gmt":"2025-06-13T12:45:07","guid":{"rendered":"https:\/\/ironsky.pl\/drony-sklep\/produkt\/lampa-kempingowa-superfire-t30-600lm-usb\/"},"modified":"2026-03-05T15:57:05","modified_gmt":"2026-03-05T14:57:05","slug":"lampa-kempingowa-superfire-t30-600lm-usb","status":"publish","type":"product","link":"https:\/\/ironsky.pl\/sklep\/produkt\/lampa-kempingowa-superfire-t30-600lm-usb\/","title":{"rendered":"Lampa kempingowa Superfire T30, 600lm, USB"},"content":{"rendered":"<h3>Lampa kempingowa Superfire T30<\/h3>\n<p>Szukasz idealnej lampy kempingowej dla siebie? Superfire T30 b\u0119dzie idealnym wyborem! Urz\u0105dzenie mo\u017ce o\u015bwietli\u0107 obszar o powierzchni do 36 m2 i pozwala wybiera\u0107 spo\u015br\u00f3d 4 tryb\u00f3w \u015bwiecenia. Umo\u017cliwia tak\u017ce swobodn\u0105 regulacj\u0119 jasno\u015bci. Jego czas pracy si\u0119ga 6,5 godziny na jednym \u0142adowaniu, mo\u017ce te\u017c pe\u0142ni\u0107 rol\u0119 powerbanku. Lampka jest przy tym wyj\u0105tkowo por\u0119czna, a zarazem wytrzyma\u0142a &#8211; sprawdzi si\u0119 niemal w ka\u017cdej sytuacji.<\/p>\n<p><img decoding=\"async\" src=\"https:\/\/b2b.innpro.pl\/data\/include\/cms\/01Superfire\/T30\/9.jpg\"><\/p>\n<h3>Wytrzyma\u0142y akumulator &#8211; funkcja powerbanku<\/h3>\n<p>Lampa T30 zosta\u0142a wyposa\u017cona w 2 wytrzyma\u0142e akumulatory, kt\u00f3rych \u0142\u0105czna pojemno\u015b\u0107 wynosi a\u017c 4400 mAh. Dzi\u0119ki temu w pe\u0142ni na\u0142adowana mo\u017ce pracowa\u0107 nawet przez 6,5 godziny. Wbudowany port micro USB pozwala \u0142adowa\u0107 j\u0105 nie tylko za pomoc\u0105 \u0142adowarki, ale te\u017c na przyk\u0142ad powerbanku lub laptopa. O statusie \u0142adowania poinformuje Ci\u0119 specjalny wska\u017anik. Za pomoc\u0105 lampki mo\u017cesz te\u017c na\u0142adowa\u0107 inne urz\u0105dzenie &#8211; na przyk\u0142ad telefon.<\/p>\n<p><img decoding=\"async\" src=\"https:\/\/b2b.innpro.pl\/data\/include\/cms\/01Superfire\/T30\/5.jpg\"><\/p>\n<h3>Optymalne o\u015bwietlenie<\/h3>\n<p>Zapewnij sobie optymalne o\u015bwietlenie, gdy przebywasz na kempingu lub podr\u00f3\u017cujesz kamperem. Lampka T30 generuje r\u00f3wnomierne, bezpieczne dla wzroku \u015bwiat\u0142o, kt\u00f3re nie razi ani nie miga. Wyr\u00f3\u017cnia si\u0119 k\u0105tem \u015bwiecenia a\u017c 360\u00b0 i mo\u017ce doskonale o\u015bwietli\u0107 obszar o powierzchni do 36 m2 (w zale\u017cno\u015bci od wybranego trybu). Idealnie sprawdzi si\u0119 zatem na przyk\u0142ad podczas czytania ksi\u0105\u017cki, grania w karty lub ogl\u0105dania filmu.<\/p>\n<p><img decoding=\"async\" src=\"https:\/\/b2b.innpro.pl\/data\/include\/cms\/01Superfire\/T30\/8.jpg\"><\/p>\n<h3>4 tryby \u015bwiecenia<\/h3>\n<p>Dostosuj prac\u0119 lampki do swoich potrzeb. T30 zosta\u0142a wyposa\u017cona w 46 wysokiej klasy diod LED i oferuje 4 tryby \u015bwiecenia do wyboru. Nale\u017c\u0105 do nich White Light (\u015bwiat\u0142o bia\u0142e o temperaturze barwowej 6200K), Yellow Light (\u015bwiat\u0142o \u017c\u00f3\u0142te o temperaturze barwowej 2800K), Warm Light (\u015bwiat\u0142o bia\u0142e i \u017c\u00f3\u0142te o temperaturze barwowej 4900K) i Strobe. Mo\u017cesz te\u017c swobodnie regulowa\u0107 jasno\u015b\u0107 o\u015bwietlenia.<\/p>\n<p><img decoding=\"async\" src=\"https:\/\/b2b.innpro.pl\/data\/include\/cms\/01Superfire\/T30\/6.jpg\"><\/p>\n<h3>Przemy\u015blany design<\/h3>\n<p>Lampka T30 zosta\u0142a wykonana z wysokiej jako\u015bci tworzyw PC, TPR i ABS, co sprawia, \u017ce jest niezwykle wytrzyma\u0142a i odporna na uszkodzenia, a zarazem przyjemna w dotyku. Mo\u017cna te\u017c korzysta\u0107 z niej na kilka sposob\u00f3w. Specjalny uchwyt umo\u017cliwia jej wygodne przenoszenie lub zawieszenie, na przyk\u0142ad na ga\u0142\u0119zi, a hak pozwala przymocowa\u0107 j\u0105 w namiocie. Mo\u017cesz te\u017c po prostu stabilnie postawi\u0107 j\u0105 na p\u0142askiej powierzchni.<\/p>\n<p><img decoding=\"async\" src=\"https:\/\/b2b.innpro.pl\/data\/include\/cms\/01Superfire\/T30\/2.jpg\"><\/p>\n<h3>W zestawie<\/h3>\n<ul>\n<li>Lampa kempingowa T30<\/li>\n<li>Kabel do \u0142adowania<\/li>\n<\/ul>\n<div class=\"table-wrapper\">\n<table>\n<tbody>\n<tr>\n<th>Producent<\/th>\n<td>Superfire<\/td>\n<\/tr>\n<tr>\n<th>Model<\/th>\n<td>T30<\/td>\n<\/tr>\n<tr>\n<th>Kolor<\/th>\n<td>Czarny + bia\u0142y<\/td>\n<\/tr>\n<tr>\n<th>Moc<\/th>\n<td>8,4 W (maks.) + 4 W (maks.)<\/td>\n<\/tr>\n<tr>\n<th>\u0179r\u00f3d\u0142o \u015bwiat\u0142a<\/th>\n<td>LED<\/td>\n<\/tr>\n<tr>\n<th>Kolor \u015bwiat\u0142a<\/th>\n<td>Bia\u0142y i \u017c\u00f3\u0142ty<\/td>\n<\/tr>\n<tr>\n<th>Temperatura barwowa<\/th>\n<td>\u015awiat\u0142o bia\u0142e: 6200K;<br \/>\u015awiat\u0142o \u017c\u00f3\u0142te: 2800K;<br \/>\u015awiat\u0142o bia\u0142e + \u017c\u00f3\u0142te: 4900K;<\/td>\n<\/tr>\n<tr>\n<th>O\u015bwietlana powierzchnia<\/th>\n<td>\u015awiat\u0142o bia\u0142e + \u017c\u00f3\u0142te: ok. 36 m2;<br \/>\u015awiat\u0142o bia\u0142e: ok. 26 m2;<br \/>\u015awiat\u0142o \u017c\u00f3\u0142te: ok. 17 m2;<\/td>\n<\/tr>\n<tr>\n<th>Jasno\u015b\u0107<\/th>\n<td>\u015awiat\u0142o bia\u0142e + \u017c\u00f3\u0142te: 600 lm;<br \/>\u015awiat\u0142o bia\u0142e: 530 lm;<br \/>\u015awiat\u0142o \u017c\u00f3\u0142te: 220 lm;<\/td>\n<\/tr>\n<tr>\n<th>Tryby \u015bwiecenia<\/th>\n<td>White Light \/ Yellow Light \/ Warm Light (White Light + Yellow Light) \/ Strobe<\/td>\n<\/tr>\n<tr>\n<th>Napi\u0119cie<\/th>\n<td>3,7 V<\/td>\n<\/tr>\n<tr>\n<th>Pojemno\u015b\u0107 akumulatora<\/th>\n<td>4400 mAh \/ 2x 18650<\/td>\n<\/tr>\n<tr>\n<th>Port \u0142adowania<\/th>\n<td>Micro USB<\/td>\n<\/tr>\n<tr>\n<th>Czas pracy<\/th>\n<td>\u015awiat\u0142o bia\u0142e + \u017c\u00f3\u0142te: ok. 6,5 h<\/td>\n<\/tr>\n<tr>\n<th>Czas \u0142adowania<\/th>\n<td>Ok. 7 h<\/td>\n<\/tr>\n<tr>\n<th>Odporno\u015b\u0107 na upadek<\/th>\n<td>Do 1 m<\/td>\n<\/tr>\n<tr>\n<th>Wodoodporno\u015b\u0107<\/th>\n<td>IP44<\/td>\n<\/tr>\n<tr>\n<th>Waga<\/th>\n<td>540 g<\/td>\n<\/tr>\n<tr>\n<th>Wymiary<\/th>\n<td>87 x 87 x 195 mm<\/td>\n<\/tr>\n<tr>\n<th>Materia\u0142<\/th>\n<td>PC + TPR + ABS<\/td>\n<\/tr>\n<\/tbody>\n<\/table>\n<\/div>\n","protected":false},"excerpt":{"rendered":"<p>Lampa kempingowa Superfire T30 Szukasz idealnej lampy kempingowej dla siebie? Superfire T30 b\u0119dzie idealnym wyborem! Urz\u0105dzenie mo\u017ce o\u015bwietli\u0107 obszar o<\/p>\n","protected":false},"featured_media":41720,"comment_status":"closed","ping_status":"open","template":"","meta":{"_acf_changed":false},"product_brand":[],"product_cat":[5947,5946,5937],"product_tag":[],"class_list":{"0":"post-41719","1":"product","2":"type-product","3":"status-publish","4":"has-post-thumbnail","6":"product_cat-lampy-kempingowe","7":"product_cat-oswietlenie","8":"product_cat-outdoor","9":"pa_okres-gwarancji-5754","10":"pa_producent-superfire","12":"first","13":"outofstock","14":"taxable","15":"shipping-taxable","16":"purchasable","17":"product-type-simple"},"acf":[],"yoast_head":"<!-- This site is optimized with the Yoast SEO plugin v27.2 - https:\/\/yoast.com\/product\/yoast-seo-wordpress\/ -->\n<title>Lampa kempingowa Superfire T30, 600lm, USB - IRONSKY.PL Sklep z Dronami<\/title>\n<meta name=\"description\" content=\"Lampa kempingowa Superfire T30, 600lm, USB - \u2705 sklep z dronami i fachowym doradztwem. \u2705 Tutaj kupisz produkty DJI, Yuneec, Parrot, Syma i wiele innych, a tak\u017ce kursy i licencje na operatora drona.\" \/>\n<meta name=\"robots\" content=\"index, follow, max-snippet:-1, max-image-preview:large, max-video-preview:-1\" \/>\n<link rel=\"canonical\" href=\"https:\/\/ironsky.pl\/sklep\/produkt\/lampa-kempingowa-superfire-t30-600lm-usb\/\" \/>\n<meta property=\"og:locale\" content=\"pl_PL\" \/>\n<meta property=\"og:type\" content=\"article\" \/>\n<meta property=\"og:title\" content=\"Lampa kempingowa Superfire T30, 600lm, USB - IRONSKY.PL Sklep z Dronami\" \/>\n<meta property=\"og:description\" content=\"Lampa kempingowa Superfire T30, 600lm, USB - \u2705 sklep z dronami i fachowym doradztwem. \u2705 Tutaj kupisz produkty DJI, Yuneec, Parrot, Syma i wiele innych, a tak\u017ce kursy i licencje na operatora drona.\" \/>\n<meta property=\"og:url\" content=\"https:\/\/ironsky.pl\/sklep\/produkt\/lampa-kempingowa-superfire-t30-600lm-usb\/\" \/>\n<meta property=\"og:site_name\" content=\"IRONSKY.PL Sklep z Dronami\" \/>\n<meta property=\"article:modified_time\" content=\"2026-03-05T14:57:05+00:00\" \/>\n<meta property=\"og:image\" content=\"https:\/\/ironsky.pl\/sklep\/wp-content\/uploads\/2025\/06\/23697_1.jpg\" \/>\n\t<meta property=\"og:image:width\" content=\"800\" \/>\n\t<meta property=\"og:image:height\" content=\"800\" \/>\n\t<meta property=\"og:image:type\" content=\"image\/jpeg\" \/>\n<meta name=\"twitter:card\" content=\"summary_large_image\" \/>\n<meta name=\"twitter:label1\" content=\"Szacowany czas czytania\" \/>\n\t<meta name=\"twitter:data1\" content=\"3 minuty\" \/>\n<script type=\"application\/ld+json\" class=\"yoast-schema-graph\">{\"@context\":\"https:\/\/schema.org\",\"@graph\":[{\"@type\":\"WebPage\",\"@id\":\"https:\/\/ironsky.pl\/sklep\/produkt\/lampa-kempingowa-superfire-t30-600lm-usb\/\",\"url\":\"https:\/\/ironsky.pl\/sklep\/produkt\/lampa-kempingowa-superfire-t30-600lm-usb\/\",\"name\":\"Lampa kempingowa Superfire T30, 600lm, USB - IRONSKY.PL Sklep z Dronami\",\"isPartOf\":{\"@id\":\"https:\/\/ironsky.pl\/sklep\/#website\"},\"primaryImageOfPage\":{\"@id\":\"https:\/\/ironsky.pl\/sklep\/produkt\/lampa-kempingowa-superfire-t30-600lm-usb\/#primaryimage\"},\"image\":{\"@id\":\"https:\/\/ironsky.pl\/sklep\/produkt\/lampa-kempingowa-superfire-t30-600lm-usb\/#primaryimage\"},\"thumbnailUrl\":\"https:\/\/ironsky.pl\/sklep\/wp-content\/uploads\/2025\/06\/23697_1.jpg\",\"datePublished\":\"2025-06-13T12:45:07+00:00\",\"dateModified\":\"2026-03-05T14:57:05+00:00\",\"description\":\"Lampa kempingowa Superfire T30, 600lm, USB - \u2705 sklep z dronami i fachowym doradztwem. \u2705 Tutaj kupisz produkty DJI, Yuneec, Parrot, Syma i wiele innych, a tak\u017ce kursy i licencje na operatora drona.\",\"breadcrumb\":{\"@id\":\"https:\/\/ironsky.pl\/sklep\/produkt\/lampa-kempingowa-superfire-t30-600lm-usb\/#breadcrumb\"},\"inLanguage\":\"pl-PL\",\"potentialAction\":[{\"@type\":\"ReadAction\",\"target\":[\"https:\/\/ironsky.pl\/sklep\/produkt\/lampa-kempingowa-superfire-t30-600lm-usb\/\"]}]},{\"@type\":\"ImageObject\",\"inLanguage\":\"pl-PL\",\"@id\":\"https:\/\/ironsky.pl\/sklep\/produkt\/lampa-kempingowa-superfire-t30-600lm-usb\/#primaryimage\",\"url\":\"https:\/\/ironsky.pl\/sklep\/wp-content\/uploads\/2025\/06\/23697_1.jpg\",\"contentUrl\":\"https:\/\/ironsky.pl\/sklep\/wp-content\/uploads\/2025\/06\/23697_1.jpg\",\"width\":800,\"height\":800},{\"@type\":\"BreadcrumbList\",\"@id\":\"https:\/\/ironsky.pl\/sklep\/produkt\/lampa-kempingowa-superfire-t30-600lm-usb\/#breadcrumb\",\"itemListElement\":[{\"@type\":\"ListItem\",\"position\":1,\"name\":\"Strona g\u0142\u00f3wna\",\"item\":\"https:\/\/ironsky.pl\/sklep\/\"},{\"@type\":\"ListItem\",\"position\":2,\"name\":\"Wszystkie produkty\",\"item\":\"https:\/\/ironsky.pl\/sklep\/produkty\/\"},{\"@type\":\"ListItem\",\"position\":3,\"name\":\"Lampa kempingowa Superfire T30, 600lm, USB\"}]},{\"@type\":\"WebSite\",\"@id\":\"https:\/\/ironsky.pl\/sklep\/#website\",\"url\":\"https:\/\/ironsky.pl\/sklep\/\",\"name\":\"IRONSKY.PL Sklep z Dronami\",\"description\":\"IRONSKY.PL Sklep z Dronami\",\"potentialAction\":[{\"@type\":\"SearchAction\",\"target\":{\"@type\":\"EntryPoint\",\"urlTemplate\":\"https:\/\/ironsky.pl\/sklep\/?s={search_term_string}\"},\"query-input\":{\"@type\":\"PropertyValueSpecification\",\"valueRequired\":true,\"valueName\":\"search_term_string\"}}],\"inLanguage\":\"pl-PL\"}]}<\/script>\n<!-- \/ Yoast SEO plugin. -->","yoast_head_json":{"title":"Lampa kempingowa Superfire T30, 600lm, USB - IRONSKY.PL Sklep z Dronami","description":"Lampa kempingowa Superfire T30, 600lm, USB - \u2705 sklep z dronami i fachowym doradztwem. \u2705 Tutaj kupisz produkty DJI, Yuneec, Parrot, Syma i wiele innych, a tak\u017ce kursy i licencje na operatora drona.","robots":{"index":"index","follow":"follow","max-snippet":"max-snippet:-1","max-image-preview":"max-image-preview:large","max-video-preview":"max-video-preview:-1"},"canonical":"https:\/\/ironsky.pl\/sklep\/produkt\/lampa-kempingowa-superfire-t30-600lm-usb\/","og_locale":"pl_PL","og_type":"article","og_title":"Lampa kempingowa Superfire T30, 600lm, USB - IRONSKY.PL Sklep z Dronami","og_description":"Lampa kempingowa Superfire T30, 600lm, USB - \u2705 sklep z dronami i fachowym doradztwem. \u2705 Tutaj kupisz produkty DJI, Yuneec, Parrot, Syma i wiele innych, a tak\u017ce kursy i licencje na operatora drona.","og_url":"https:\/\/ironsky.pl\/sklep\/produkt\/lampa-kempingowa-superfire-t30-600lm-usb\/","og_site_name":"IRONSKY.PL Sklep z Dronami","article_modified_time":"2026-03-05T14:57:05+00:00","og_image":[{"width":800,"height":800,"url":"https:\/\/ironsky.pl\/sklep\/wp-content\/uploads\/2025\/06\/23697_1.jpg","type":"image\/jpeg"}],"twitter_card":"summary_large_image","twitter_misc":{"Szacowany czas czytania":"3 minuty"},"schema":{"@context":"https:\/\/schema.org","@graph":[{"@type":"WebPage","@id":"https:\/\/ironsky.pl\/sklep\/produkt\/lampa-kempingowa-superfire-t30-600lm-usb\/","url":"https:\/\/ironsky.pl\/sklep\/produkt\/lampa-kempingowa-superfire-t30-600lm-usb\/","name":"Lampa kempingowa Superfire T30, 600lm, USB - IRONSKY.PL Sklep z Dronami","isPartOf":{"@id":"https:\/\/ironsky.pl\/sklep\/#website"},"primaryImageOfPage":{"@id":"https:\/\/ironsky.pl\/sklep\/produkt\/lampa-kempingowa-superfire-t30-600lm-usb\/#primaryimage"},"image":{"@id":"https:\/\/ironsky.pl\/sklep\/produkt\/lampa-kempingowa-superfire-t30-600lm-usb\/#primaryimage"},"thumbnailUrl":"https:\/\/ironsky.pl\/sklep\/wp-content\/uploads\/2025\/06\/23697_1.jpg","datePublished":"2025-06-13T12:45:07+00:00","dateModified":"2026-03-05T14:57:05+00:00","description":"Lampa kempingowa Superfire T30, 600lm, USB - \u2705 sklep z dronami i fachowym doradztwem. \u2705 Tutaj kupisz produkty DJI, Yuneec, Parrot, Syma i wiele innych, a tak\u017ce kursy i licencje na operatora drona.","breadcrumb":{"@id":"https:\/\/ironsky.pl\/sklep\/produkt\/lampa-kempingowa-superfire-t30-600lm-usb\/#breadcrumb"},"inLanguage":"pl-PL","potentialAction":[{"@type":"ReadAction","target":["https:\/\/ironsky.pl\/sklep\/produkt\/lampa-kempingowa-superfire-t30-600lm-usb\/"]}]},{"@type":"ImageObject","inLanguage":"pl-PL","@id":"https:\/\/ironsky.pl\/sklep\/produkt\/lampa-kempingowa-superfire-t30-600lm-usb\/#primaryimage","url":"https:\/\/ironsky.pl\/sklep\/wp-content\/uploads\/2025\/06\/23697_1.jpg","contentUrl":"https:\/\/ironsky.pl\/sklep\/wp-content\/uploads\/2025\/06\/23697_1.jpg","width":800,"height":800},{"@type":"BreadcrumbList","@id":"https:\/\/ironsky.pl\/sklep\/produkt\/lampa-kempingowa-superfire-t30-600lm-usb\/#breadcrumb","itemListElement":[{"@type":"ListItem","position":1,"name":"Strona g\u0142\u00f3wna","item":"https:\/\/ironsky.pl\/sklep\/"},{"@type":"ListItem","position":2,"name":"Wszystkie produkty","item":"https:\/\/ironsky.pl\/sklep\/produkty\/"},{"@type":"ListItem","position":3,"name":"Lampa kempingowa Superfire T30, 600lm, USB"}]},{"@type":"WebSite","@id":"https:\/\/ironsky.pl\/sklep\/#website","url":"https:\/\/ironsky.pl\/sklep\/","name":"IRONSKY.PL Sklep z Dronami","description":"IRONSKY.PL Sklep z Dronami","potentialAction":[{"@type":"SearchAction","target":{"@type":"EntryPoint","urlTemplate":"https:\/\/ironsky.pl\/sklep\/?s={search_term_string}"},"query-input":{"@type":"PropertyValueSpecification","valueRequired":true,"valueName":"search_term_string"}}],"inLanguage":"pl-PL"}]}},"_links":{"self":[{"href":"https:\/\/ironsky.pl\/sklep\/wp-json\/wp\/v2\/product\/41719","targetHints":{"allow":["GET"]}}],"collection":[{"href":"https:\/\/ironsky.pl\/sklep\/wp-json\/wp\/v2\/product"}],"about":[{"href":"https:\/\/ironsky.pl\/sklep\/wp-json\/wp\/v2\/types\/product"}],"replies":[{"embeddable":true,"href":"https:\/\/ironsky.pl\/sklep\/wp-json\/wp\/v2\/comments?post=41719"}],"wp:featuredmedia":[{"embeddable":true,"href":"https:\/\/ironsky.pl\/sklep\/wp-json\/wp\/v2\/media\/41720"}],"wp:attachment":[{"href":"https:\/\/ironsky.pl\/sklep\/wp-json\/wp\/v2\/media?parent=41719"}],"wp:term":[{"taxonomy":"product_brand","embeddable":true,"href":"https:\/\/ironsky.pl\/sklep\/wp-json\/wp\/v2\/product_brand?post=41719"},{"taxonomy":"product_cat","embeddable":true,"href":"https:\/\/ironsky.pl\/sklep\/wp-json\/wp\/v2\/product_cat?post=41719"},{"taxonomy":"product_tag","embeddable":true,"href":"https:\/\/ironsky.pl\/sklep\/wp-json\/wp\/v2\/product_tag?post=41719"}],"curies":[{"name":"wp","href":"https:\/\/api.w.org\/{rel}","templated":true}]}}