{"id":41658,"date":"2025-06-13T14:44:42","date_gmt":"2025-06-13T12:44:42","guid":{"rendered":"https:\/\/ironsky.pl\/drony-sklep\/produkt\/latarka-superfire-y16-1700lm-usb-c\/"},"modified":"2026-03-05T15:57:03","modified_gmt":"2026-03-05T14:57:03","slug":"latarka-superfire-y16-1700lm-usb-c","status":"publish","type":"product","link":"https:\/\/ironsky.pl\/sklep\/produkt\/latarka-superfire-y16-1700lm-usb-c\/","title":{"rendered":"Latarka Superfire Y16, 1700lm, USB-C"},"content":{"rendered":"<h3>Latarka Superfire Y16<\/h3>\n<p>Superfire Y16 to praktyczna latarka, kt\u00f3ra sprawdzi si\u0119 w wielu zastosowaniach. Oferuje 5 tryb\u00f3w \u015bwiecenia i wyr\u00f3\u017cnia si\u0119 moc\u0105 20 W. Jest te\u017c wodoodporna na poziomie IP46 i niezwykle trwa\u0142a. Czas pracy urz\u0105dzenia wynosi do 4 godzin, a informacji o statusie jego \u0142adowania dostarczy Ci wbudowany wska\u017anik \u015bwietlny. Wygodn\u0105 obs\u0142ug\u0119 latarki umo\u017cliwia mi\u0119kki, przyjemny w dotyku przycisk.<\/p>\n<p><img decoding=\"async\" src=\"https:\/\/b2b.innpro.pl\/data\/include\/cms\/01Superfire\/Y16\/3.jpg\"><\/p>\n<h3>Imponuj\u0105ca moc<\/h3>\n<p>Latarka Superfire Y16 przyda Ci si\u0119 zar\u00f3wno w domu, jak i w terenie &#8211; niezawodnie rozja\u015bni ciemno\u015bci. Jej moc LED wynosi 20 W, a zasi\u0119g \u015bwiecenia si\u0119ga 350 m. Brak pr\u0105du? Wycieczka pod namiot? A mo\u017ce nocna wyprawa do lasu? Ta por\u0119czna latarka mo\u017ce u\u0142atwi\u0107 Ci \u017cycie w r\u00f3\u017cnych sytuacjach!<\/p>\n<p><img decoding=\"async\" src=\"https:\/\/b2b.innpro.pl\/data\/include\/cms\/01Superfire\/Y16\/2.jpg\"><\/p>\n<h3>5 tryb\u00f3w \u015bwiecenia<\/h3>\n<p>Dostosuj dzia\u0142anie latarki do swoich potrzeb. Y16 mo\u017ce \u015bwieci\u0107 w 5 r\u00f3\u017cnych trybach &#8211; Low, Medium, High, Strobe i SOS. Dzi\u0119ki temu z powodzeniem wykorzystasz j\u0105 w r\u00f3\u017cnych warunkach, a w razie potrzeby nadasz sygna\u0142 ratunkowy. Dost\u0119pna jest r\u00f3wnie\u017c dodatkowa opcja super bright, kt\u00f3ra pozwoli Ci na przyk\u0142ad chwilowo o\u015blepi\u0107 ewentualnego napastnika. Aby j\u0105 uruchomi\u0107, wystarczy nacisn\u0105\u0107 przycisk 2 razy.<\/p>\n<p><img decoding=\"async\" src=\"https:\/\/b2b.innpro.pl\/data\/include\/cms\/01Superfire\/Y16\/6.jpg\"><\/p>\n<h3>D\u0142ugi czas pracy<\/h3>\n<p>Nie obawiaj si\u0119, \u017ce Y16 odm\u00f3wi Ci pos\u0142usze\u0144stwa w najmniej odpowiednim momencie. czas pracy urz\u0105dzenia si\u0119ga 4 godzin na jednym \u0142adowaniu &#8211; to wystarczaj\u0105co du\u017co, aby na przyk\u0142ad przeczeka\u0107 awari\u0119 pr\u0105du lub znale\u017a\u0107 jakie\u015b inne, tymczasowe rozwi\u0105zanie. Aby na\u0142adowa\u0107 latark\u0119, pod\u0142\u0105cz j\u0105 do \u017ar\u00f3d\u0142a zasilania za pomoc\u0105 kabla USB. O statusie akumulatora powiadomi Ci\u0119 kolorowy wska\u017anik.<\/p>\n<p><img decoding=\"async\" src=\"https:\/\/b2b.innpro.pl\/data\/include\/cms\/01Superfire\/Y16\/5.jpg\"><\/p>\n<h3>Wodoodporna i wytrzyma\u0142a<\/h3>\n<p>Urz\u0105dzenie wyr\u00f3\u017cnia si\u0119 niesamowicie szczeln\u0105 konstrukcj\u0105, dzi\u0119ki czemu jest wodoodporne. Stopie\u0144 ochrony IP46 oznacza, \u017ce niestraszne jej przypadkowe zachlapanie czy nag\u0142a ulewa. Co wi\u0119cej, latarka zosta\u0142a wykonana z wysokiej klasy stopu aluminium, co zapewnia jej wyj\u0105tkow\u0105 wytrzyma\u0142o\u015b\u0107 i odporno\u015b\u0107 na uszkodzenia. Y16 nie zawiedzie Ci\u0119 nawet w najtrudniejszych warunkach!<\/p>\n<p><img decoding=\"async\" src=\"https:\/\/b2b.innpro.pl\/data\/include\/cms\/01Superfire\/Y16\/11.jpg\"><\/p>\n<div class=\"table-wrapper\">\n<table>\n<tbody>\n<tr>\n<th>Producent<\/th>\n<td>Superfire<\/td>\n<\/tr>\n<tr>\n<th>Model<\/th>\n<td>Y16<\/td>\n<\/tr>\n<tr>\n<th>Opcja super bright<\/th>\n<td>Tak (naci\u015bnij przycisk 2 razy)<\/td>\n<\/tr>\n<tr>\n<th>Dost\u0119pne tryby<\/th>\n<td>Low \/ Middle \/ High \/ Strobe \/ SOS<\/td>\n<\/tr>\n<tr>\n<th>\u0179r\u00f3d\u0142o \u015bwiat\u0142a<\/th>\n<td>SH-S14<\/td>\n<\/tr>\n<tr>\n<th>Moc<\/th>\n<td>20 W<\/td>\n<\/tr>\n<tr>\n<th>Zasi\u0119g<\/th>\n<td>Do 350 m<\/td>\n<\/tr>\n<tr>\n<th>Waga<\/th>\n<td>264 g<\/td>\n<\/tr>\n<tr>\n<th>Wodoodporno\u015b\u0107<\/th>\n<td>IP46<\/td>\n<\/tr>\n<tr>\n<th>Odporno\u015b\u0107 na upadek<\/th>\n<td>Do 1 m<\/td>\n<\/tr>\n<tr>\n<th>\u0179r\u00f3d\u0142o zasilania<\/th>\n<td>2x akumulator 4000 mAh (21700)<\/td>\n<\/tr>\n<tr>\n<th>Materia\u0142<\/th>\n<td>Stop aluminium<\/td>\n<\/tr>\n<tr>\n<th>Czas pracy<\/th>\n<td>Do 4 h<\/td>\n<\/tr>\n<tr>\n<th>Wymiary<\/th>\n<td>48 x 27 x 241 mm<\/td>\n<\/tr>\n<\/tbody>\n<\/table>\n<\/div>\n","protected":false},"excerpt":{"rendered":"<p>Latarka Superfire Y16 Superfire Y16 to praktyczna latarka, kt\u00f3ra sprawdzi si\u0119 w wielu zastosowaniach. Oferuje 5 tryb\u00f3w \u015bwiecenia i wyr\u00f3\u017cnia<\/p>\n","protected":false},"featured_media":41659,"comment_status":"closed","ping_status":"open","template":"","meta":{"_acf_changed":false},"product_brand":[],"product_cat":[5938,5937,5939],"product_tag":[],"class_list":{"0":"post-41658","1":"product","2":"type-product","3":"status-publish","4":"has-post-thumbnail","6":"product_cat-latarki","7":"product_cat-outdoor","8":"product_cat-pozostale-latarki","9":"pa_okres-gwarancji-5754","10":"pa_producent-superfire","12":"first","13":"outofstock","14":"taxable","15":"shipping-taxable","16":"purchasable","17":"product-type-simple"},"acf":[],"yoast_head":"<!-- This site is optimized with the Yoast SEO plugin v27.2 - https:\/\/yoast.com\/product\/yoast-seo-wordpress\/ -->\n<title>Latarka Superfire Y16, 1700lm, USB-C - IRONSKY.PL Sklep z Dronami<\/title>\n<meta name=\"description\" content=\"Latarka Superfire Y16, 1700lm, USB-C - \u2705 sklep z dronami i fachowym doradztwem. \u2705 Tutaj kupisz produkty DJI, Yuneec, Parrot, Syma i wiele innych, a tak\u017ce kursy i licencje na operatora drona.\" \/>\n<meta name=\"robots\" content=\"index, follow, max-snippet:-1, max-image-preview:large, max-video-preview:-1\" \/>\n<link rel=\"canonical\" href=\"https:\/\/ironsky.pl\/sklep\/produkt\/latarka-superfire-y16-1700lm-usb-c\/\" \/>\n<meta property=\"og:locale\" content=\"pl_PL\" \/>\n<meta property=\"og:type\" content=\"article\" \/>\n<meta property=\"og:title\" content=\"Latarka Superfire Y16, 1700lm, USB-C - IRONSKY.PL Sklep z Dronami\" \/>\n<meta property=\"og:description\" content=\"Latarka Superfire Y16, 1700lm, USB-C - \u2705 sklep z dronami i fachowym doradztwem. \u2705 Tutaj kupisz produkty DJI, Yuneec, Parrot, Syma i wiele innych, a tak\u017ce kursy i licencje na operatora drona.\" \/>\n<meta property=\"og:url\" content=\"https:\/\/ironsky.pl\/sklep\/produkt\/latarka-superfire-y16-1700lm-usb-c\/\" \/>\n<meta property=\"og:site_name\" content=\"IRONSKY.PL Sklep z Dronami\" \/>\n<meta property=\"article:modified_time\" content=\"2026-03-05T14:57:03+00:00\" \/>\n<meta property=\"og:image\" content=\"https:\/\/ironsky.pl\/sklep\/wp-content\/uploads\/2025\/06\/23037_3.jpg\" \/>\n\t<meta property=\"og:image:width\" content=\"800\" \/>\n\t<meta property=\"og:image:height\" content=\"800\" \/>\n\t<meta property=\"og:image:type\" content=\"image\/jpeg\" \/>\n<meta name=\"twitter:card\" content=\"summary_large_image\" \/>\n<meta name=\"twitter:label1\" content=\"Szacowany czas czytania\" \/>\n\t<meta name=\"twitter:data1\" content=\"2 minuty\" \/>\n<script type=\"application\/ld+json\" class=\"yoast-schema-graph\">{\"@context\":\"https:\/\/schema.org\",\"@graph\":[{\"@type\":\"WebPage\",\"@id\":\"https:\/\/ironsky.pl\/sklep\/produkt\/latarka-superfire-y16-1700lm-usb-c\/\",\"url\":\"https:\/\/ironsky.pl\/sklep\/produkt\/latarka-superfire-y16-1700lm-usb-c\/\",\"name\":\"Latarka Superfire Y16, 1700lm, USB-C - IRONSKY.PL Sklep z Dronami\",\"isPartOf\":{\"@id\":\"https:\/\/ironsky.pl\/sklep\/#website\"},\"primaryImageOfPage\":{\"@id\":\"https:\/\/ironsky.pl\/sklep\/produkt\/latarka-superfire-y16-1700lm-usb-c\/#primaryimage\"},\"image\":{\"@id\":\"https:\/\/ironsky.pl\/sklep\/produkt\/latarka-superfire-y16-1700lm-usb-c\/#primaryimage\"},\"thumbnailUrl\":\"https:\/\/ironsky.pl\/sklep\/wp-content\/uploads\/2025\/06\/23037_3.jpg\",\"datePublished\":\"2025-06-13T12:44:42+00:00\",\"dateModified\":\"2026-03-05T14:57:03+00:00\",\"description\":\"Latarka Superfire Y16, 1700lm, USB-C - \u2705 sklep z dronami i fachowym doradztwem. \u2705 Tutaj kupisz produkty DJI, Yuneec, Parrot, Syma i wiele innych, a tak\u017ce kursy i licencje na operatora drona.\",\"breadcrumb\":{\"@id\":\"https:\/\/ironsky.pl\/sklep\/produkt\/latarka-superfire-y16-1700lm-usb-c\/#breadcrumb\"},\"inLanguage\":\"pl-PL\",\"potentialAction\":[{\"@type\":\"ReadAction\",\"target\":[\"https:\/\/ironsky.pl\/sklep\/produkt\/latarka-superfire-y16-1700lm-usb-c\/\"]}]},{\"@type\":\"ImageObject\",\"inLanguage\":\"pl-PL\",\"@id\":\"https:\/\/ironsky.pl\/sklep\/produkt\/latarka-superfire-y16-1700lm-usb-c\/#primaryimage\",\"url\":\"https:\/\/ironsky.pl\/sklep\/wp-content\/uploads\/2025\/06\/23037_3.jpg\",\"contentUrl\":\"https:\/\/ironsky.pl\/sklep\/wp-content\/uploads\/2025\/06\/23037_3.jpg\",\"width\":800,\"height\":800},{\"@type\":\"BreadcrumbList\",\"@id\":\"https:\/\/ironsky.pl\/sklep\/produkt\/latarka-superfire-y16-1700lm-usb-c\/#breadcrumb\",\"itemListElement\":[{\"@type\":\"ListItem\",\"position\":1,\"name\":\"Strona g\u0142\u00f3wna\",\"item\":\"https:\/\/ironsky.pl\/sklep\/\"},{\"@type\":\"ListItem\",\"position\":2,\"name\":\"Wszystkie produkty\",\"item\":\"https:\/\/ironsky.pl\/sklep\/produkty\/\"},{\"@type\":\"ListItem\",\"position\":3,\"name\":\"Latarka Superfire Y16, 1700lm, USB-C\"}]},{\"@type\":\"WebSite\",\"@id\":\"https:\/\/ironsky.pl\/sklep\/#website\",\"url\":\"https:\/\/ironsky.pl\/sklep\/\",\"name\":\"IRONSKY.PL Sklep z Dronami\",\"description\":\"IRONSKY.PL Sklep z Dronami\",\"potentialAction\":[{\"@type\":\"SearchAction\",\"target\":{\"@type\":\"EntryPoint\",\"urlTemplate\":\"https:\/\/ironsky.pl\/sklep\/?s={search_term_string}\"},\"query-input\":{\"@type\":\"PropertyValueSpecification\",\"valueRequired\":true,\"valueName\":\"search_term_string\"}}],\"inLanguage\":\"pl-PL\"}]}<\/script>\n<!-- \/ Yoast SEO plugin. -->","yoast_head_json":{"title":"Latarka Superfire Y16, 1700lm, USB-C - IRONSKY.PL Sklep z Dronami","description":"Latarka Superfire Y16, 1700lm, USB-C - \u2705 sklep z dronami i fachowym doradztwem. \u2705 Tutaj kupisz produkty DJI, Yuneec, Parrot, Syma i wiele innych, a tak\u017ce kursy i licencje na operatora drona.","robots":{"index":"index","follow":"follow","max-snippet":"max-snippet:-1","max-image-preview":"max-image-preview:large","max-video-preview":"max-video-preview:-1"},"canonical":"https:\/\/ironsky.pl\/sklep\/produkt\/latarka-superfire-y16-1700lm-usb-c\/","og_locale":"pl_PL","og_type":"article","og_title":"Latarka Superfire Y16, 1700lm, USB-C - IRONSKY.PL Sklep z Dronami","og_description":"Latarka Superfire Y16, 1700lm, USB-C - \u2705 sklep z dronami i fachowym doradztwem. \u2705 Tutaj kupisz produkty DJI, Yuneec, Parrot, Syma i wiele innych, a tak\u017ce kursy i licencje na operatora drona.","og_url":"https:\/\/ironsky.pl\/sklep\/produkt\/latarka-superfire-y16-1700lm-usb-c\/","og_site_name":"IRONSKY.PL Sklep z Dronami","article_modified_time":"2026-03-05T14:57:03+00:00","og_image":[{"width":800,"height":800,"url":"https:\/\/ironsky.pl\/sklep\/wp-content\/uploads\/2025\/06\/23037_3.jpg","type":"image\/jpeg"}],"twitter_card":"summary_large_image","twitter_misc":{"Szacowany czas czytania":"2 minuty"},"schema":{"@context":"https:\/\/schema.org","@graph":[{"@type":"WebPage","@id":"https:\/\/ironsky.pl\/sklep\/produkt\/latarka-superfire-y16-1700lm-usb-c\/","url":"https:\/\/ironsky.pl\/sklep\/produkt\/latarka-superfire-y16-1700lm-usb-c\/","name":"Latarka Superfire Y16, 1700lm, USB-C - IRONSKY.PL Sklep z Dronami","isPartOf":{"@id":"https:\/\/ironsky.pl\/sklep\/#website"},"primaryImageOfPage":{"@id":"https:\/\/ironsky.pl\/sklep\/produkt\/latarka-superfire-y16-1700lm-usb-c\/#primaryimage"},"image":{"@id":"https:\/\/ironsky.pl\/sklep\/produkt\/latarka-superfire-y16-1700lm-usb-c\/#primaryimage"},"thumbnailUrl":"https:\/\/ironsky.pl\/sklep\/wp-content\/uploads\/2025\/06\/23037_3.jpg","datePublished":"2025-06-13T12:44:42+00:00","dateModified":"2026-03-05T14:57:03+00:00","description":"Latarka Superfire Y16, 1700lm, USB-C - \u2705 sklep z dronami i fachowym doradztwem. \u2705 Tutaj kupisz produkty DJI, Yuneec, Parrot, Syma i wiele innych, a tak\u017ce kursy i licencje na operatora drona.","breadcrumb":{"@id":"https:\/\/ironsky.pl\/sklep\/produkt\/latarka-superfire-y16-1700lm-usb-c\/#breadcrumb"},"inLanguage":"pl-PL","potentialAction":[{"@type":"ReadAction","target":["https:\/\/ironsky.pl\/sklep\/produkt\/latarka-superfire-y16-1700lm-usb-c\/"]}]},{"@type":"ImageObject","inLanguage":"pl-PL","@id":"https:\/\/ironsky.pl\/sklep\/produkt\/latarka-superfire-y16-1700lm-usb-c\/#primaryimage","url":"https:\/\/ironsky.pl\/sklep\/wp-content\/uploads\/2025\/06\/23037_3.jpg","contentUrl":"https:\/\/ironsky.pl\/sklep\/wp-content\/uploads\/2025\/06\/23037_3.jpg","width":800,"height":800},{"@type":"BreadcrumbList","@id":"https:\/\/ironsky.pl\/sklep\/produkt\/latarka-superfire-y16-1700lm-usb-c\/#breadcrumb","itemListElement":[{"@type":"ListItem","position":1,"name":"Strona g\u0142\u00f3wna","item":"https:\/\/ironsky.pl\/sklep\/"},{"@type":"ListItem","position":2,"name":"Wszystkie produkty","item":"https:\/\/ironsky.pl\/sklep\/produkty\/"},{"@type":"ListItem","position":3,"name":"Latarka Superfire Y16, 1700lm, USB-C"}]},{"@type":"WebSite","@id":"https:\/\/ironsky.pl\/sklep\/#website","url":"https:\/\/ironsky.pl\/sklep\/","name":"IRONSKY.PL Sklep z Dronami","description":"IRONSKY.PL Sklep z Dronami","potentialAction":[{"@type":"SearchAction","target":{"@type":"EntryPoint","urlTemplate":"https:\/\/ironsky.pl\/sklep\/?s={search_term_string}"},"query-input":{"@type":"PropertyValueSpecification","valueRequired":true,"valueName":"search_term_string"}}],"inLanguage":"pl-PL"}]}},"_links":{"self":[{"href":"https:\/\/ironsky.pl\/sklep\/wp-json\/wp\/v2\/product\/41658","targetHints":{"allow":["GET"]}}],"collection":[{"href":"https:\/\/ironsky.pl\/sklep\/wp-json\/wp\/v2\/product"}],"about":[{"href":"https:\/\/ironsky.pl\/sklep\/wp-json\/wp\/v2\/types\/product"}],"replies":[{"embeddable":true,"href":"https:\/\/ironsky.pl\/sklep\/wp-json\/wp\/v2\/comments?post=41658"}],"wp:featuredmedia":[{"embeddable":true,"href":"https:\/\/ironsky.pl\/sklep\/wp-json\/wp\/v2\/media\/41659"}],"wp:attachment":[{"href":"https:\/\/ironsky.pl\/sklep\/wp-json\/wp\/v2\/media?parent=41658"}],"wp:term":[{"taxonomy":"product_brand","embeddable":true,"href":"https:\/\/ironsky.pl\/sklep\/wp-json\/wp\/v2\/product_brand?post=41658"},{"taxonomy":"product_cat","embeddable":true,"href":"https:\/\/ironsky.pl\/sklep\/wp-json\/wp\/v2\/product_cat?post=41658"},{"taxonomy":"product_tag","embeddable":true,"href":"https:\/\/ironsky.pl\/sklep\/wp-json\/wp\/v2\/product_tag?post=41658"}],"curies":[{"name":"wp","href":"https:\/\/api.w.org\/{rel}","templated":true}]}}