{"id":41452,"date":"2025-06-13T14:43:04","date_gmt":"2025-06-13T12:43:04","guid":{"rendered":"https:\/\/ironsky.pl\/drony-sklep\/produkt\/ugreen-nw153-kabel-sieciowy-w-oplocie-ethernet-rj45-cat-8-f-ftp-1-5m-czarny\/"},"modified":"2026-04-03T19:05:51","modified_gmt":"2026-04-03T17:05:51","slug":"ugreen-nw153-kabel-sieciowy-w-oplocie-ethernet-rj45-cat-8-f-ftp-1-5m-czarny","status":"publish","type":"product","link":"https:\/\/ironsky.pl\/sklep\/produkt\/ugreen-nw153-kabel-sieciowy-w-oplocie-ethernet-rj45-cat-8-f-ftp-1-5m-czarny\/","title":{"rendered":"UGREEN NW153 Kabel sieciowy w oplocie, Ethernet RJ45, Cat.8, F\/FTP, 1.5m (czarny)"},"content":{"rendered":"<h3>Kabel sieciowy RJ45 Cat 8 UGREEN NW153<\/h3>\n<p>Bez przeszk\u00f3d ogl\u0105daj filmy w Internecie lub graj w dynamiczne gry. Kabel sieciowy UGREEN NW153 umo\u017cliwia transmisj\u0119 z pr\u0119dko\u015bci\u0105 do 25 Gbps i jest kompatybilny z urz\u0105dzeniami wyposa\u017conymi w porty RJ45. Miedziany przew\u00f3d i poz\u0142acane z\u0142\u0105cza zapewniaj\u0105 szybkie, bezproblemowe po\u0142\u0105czenie, a nylonowy oplot sprawia, \u017ce produkt jest niesamowicie wytrzyma\u0142y i odporny na uszkodzenia.<\/p>\n<p><img decoding=\"async\" src=\"https:\/\/b2b.innpro.pl\/data\/include\/cms\/UGREEN\/14.07.21\/NW153\/2.jpg?v=1628774078757\"><\/p>\n<h3>Ciesz si\u0119 szybkim po\u0142\u0105czeniem<\/h3>\n<p>Teraz mo\u017cesz jeszcze wygodniej odwiedza\u0107 strony Internetowe, pobiera\u0107 i przesy\u0142a\u0107 pliki, ogl\u0105da\u0107 filmy, a nawet gra\u0107 w gry sieciowe. Kabel UGREEN NW153 umo\u017cliwia osi\u0105ganie pr\u0119dko\u015bci transmisji do 25 Gbps. Dzi\u0119ki temu zapomnisz o op\u00f3\u017anieniach i zacinaniu si\u0119 &#8211; podobne problemy z po\u0142\u0105czeniem ju\u017c nie b\u0119d\u0105 Ci\u0119 denerwowa\u0107!<\/p>\n<p><img decoding=\"async\" src=\"https:\/\/b2b.innpro.pl\/data\/include\/cms\/UGREEN\/14.07.21\/NW153\/3.jpg?v=1628774078757\"><\/p>\n<h3>Doskonale przemy\u015blana konstrukcja<\/h3>\n<p>Co sprawia, \u017ce kabel NW153 zaskakuje tak du\u017c\u0105 wydajno\u015bci\u0105? Z\u0142\u0105cza z poz\u0142acanymi chipami typu Trident oraz miedziany przew\u00f3d 30AWG zapewniaj\u0105 szybk\u0105 i stabiln\u0105 transmisj\u0119 sygna\u0142u. Aluminiowe ekranowanie eliminuje zak\u0142\u00f3cenia i pozwala cieszy\u0107 si\u0119 niezawodnym po\u0142\u0105czeniem niemal w ka\u017cdej sytuacji.<\/p>\n<p><img decoding=\"async\" src=\"https:\/\/b2b.innpro.pl\/data\/include\/cms\/UGREEN\/14.07.21\/NW153\/11.jpg?v=1628774078757\"><\/p>\n<h3>Szeroka kompatybilno\u015b\u0107<\/h3>\n<p>Nie musisz si\u0119 obawia\u0107 problem\u00f3w z kompatybilno\u015bci\u0105 sprz\u0119tu. Kabel NW153 wsp\u00f3\u0142pracuje z wi\u0119kszo\u015bci\u0105 urz\u0105dze\u0144, kt\u00f3re maj\u0105 porty RJ45. Z powodzeniem pod\u0142\u0105czysz go na przyk\u0142ad do laptopa, komputera stacjonarnego, modemu, routera, konsoli PlayStation lub XBOX, drukarki sieciowej albo switch boxa.<\/p>\n<p><img decoding=\"async\" src=\"https:\/\/b2b.innpro.pl\/data\/include\/cms\/UGREEN\/14.07.21\/NW153\/13.jpg?v=1628774078757\"><\/p>\n<h3>B\u0119dzie Ci s\u0142u\u017cy\u0142 przez d\u0142ugi czas<\/h3>\n<p>Produkt jest te\u017c niezwykle wytrzyma\u0142y. 7-milimetrowy \u0142\u0105cznik chroni miejsce styku przewodu ze z\u0142\u0105czem, a wielopasmowy, nylonowy oplot zabezpiecza kabel przed wyginaniem, ci\u0105gni\u0119ciem, z\u0142amaniem, rozerwaniem i innego rodzaju uszkodzeniami. Co wi\u0119cej, oba z\u0142\u0105cza zosta\u0142y wyposa\u017cone w os\u0142ony, kt\u00f3re zapobiegaj\u0105 ich zniszczeniu, oksydacji i zbieraniu si\u0119 na nich kurzu.<\/p>\n<p><img decoding=\"async\" src=\"https:\/\/b2b.innpro.pl\/data\/include\/cms\/UGREEN\/14.07.21\/NW153\/4.jpg?v=1628774078757\"><\/p>\n<div class=\"table-wrapper\">\n<table>\n<tbody>\n<tr>\n<th>Producent<\/th>\n<td>UGREEN<\/td>\n<\/tr>\n<tr>\n<th>Model<\/th>\n<td>NW153<\/td>\n<\/tr>\n<tr>\n<th>Rodzaj<\/th>\n<td>Cat 8<\/td>\n<\/tr>\n<tr>\n<th>Przew\u00f3d<\/th>\n<td>Mied\u017a beztlenowa 30AWG, poz\u0142acana ko\u0144c\u00f3wka<\/td>\n<\/tr>\n<tr>\n<th>\u015arednica<\/th>\n<td>5,5 mm<\/td>\n<\/tr>\n<tr>\n<th>Z\u0142\u0105cza<\/th>\n<td>RJ45<\/td>\n<\/tr>\n<tr>\n<th>Metoda po\u0142\u0105czenia<\/th>\n<td>T568B<\/td>\n<\/tr>\n<tr>\n<th>Pr\u0119dko\u015b\u0107 transmisji<\/th>\n<td>Do 25 Gbps<\/td>\n<\/tr>\n<tr>\n<th>Pasmo przenoszenia<\/th>\n<td>2000 MHz<\/td>\n<\/tr>\n<tr>\n<th>D\u0142ugo\u015b\u0107<\/th>\n<td>1,5 m<\/td>\n<\/tr>\n<tr>\n<th>Materia\u0142<\/th>\n<td>nylon<\/td>\n<\/tr>\n<\/tbody>\n<\/table>\n<\/div>\n","protected":false},"excerpt":{"rendered":"<p>Kabel sieciowy RJ45 Cat 8 UGREEN NW153 Bez przeszk\u00f3d ogl\u0105daj filmy w Internecie lub graj w dynamiczne gry. Kabel sieciowy<\/p>\n","protected":false},"featured_media":41453,"comment_status":"closed","ping_status":"open","template":"","meta":{"_acf_changed":false},"product_brand":[],"product_cat":[5929,5931,5942],"product_tag":[],"class_list":{"0":"post-41452","1":"product","2":"type-product","3":"status-publish","4":"has-post-thumbnail","6":"product_cat-akcesoria-it","7":"product_cat-kable","8":"product_cat-sieciowe","9":"pa_okres-gwarancji-5757","10":"pa_producent-ugreen","12":"first","13":"instock","14":"taxable","15":"shipping-taxable","16":"purchasable","17":"product-type-simple"},"acf":[],"yoast_head":"<!-- This site is optimized with the Yoast SEO plugin v27.2 - https:\/\/yoast.com\/product\/yoast-seo-wordpress\/ -->\n<title>UGREEN NW153 Kabel sieciowy w oplocie, Ethernet RJ45, Cat.8, F\/FTP, 1.5m (czarny) - IRONSKY.PL Sklep z Dronami<\/title>\n<meta name=\"description\" content=\"UGREEN NW153 Kabel sieciowy w oplocie, Ethernet RJ45, Cat.8, F\/FTP, 1.5m (czarny) - \u2705 sklep z dronami i fachowym doradztwem. \u2705 Tutaj kupisz produkty DJI, Yuneec, Parrot, Syma i wiele innych, a tak\u017ce kursy i licencje na operatora drona.\" \/>\n<meta name=\"robots\" content=\"index, follow, max-snippet:-1, max-image-preview:large, max-video-preview:-1\" \/>\n<link rel=\"canonical\" href=\"https:\/\/ironsky.pl\/sklep\/produkt\/ugreen-nw153-kabel-sieciowy-w-oplocie-ethernet-rj45-cat-8-f-ftp-1-5m-czarny\/\" \/>\n<meta property=\"og:locale\" content=\"pl_PL\" \/>\n<meta property=\"og:type\" content=\"article\" \/>\n<meta property=\"og:title\" content=\"UGREEN NW153 Kabel sieciowy w oplocie, Ethernet RJ45, Cat.8, F\/FTP, 1.5m (czarny) - IRONSKY.PL Sklep z Dronami\" \/>\n<meta property=\"og:description\" content=\"UGREEN NW153 Kabel sieciowy w oplocie, Ethernet RJ45, Cat.8, F\/FTP, 1.5m (czarny) - \u2705 sklep z dronami i fachowym doradztwem. \u2705 Tutaj kupisz produkty DJI, Yuneec, Parrot, Syma i wiele innych, a tak\u017ce kursy i licencje na operatora drona.\" \/>\n<meta property=\"og:url\" content=\"https:\/\/ironsky.pl\/sklep\/produkt\/ugreen-nw153-kabel-sieciowy-w-oplocie-ethernet-rj45-cat-8-f-ftp-1-5m-czarny\/\" \/>\n<meta property=\"og:site_name\" content=\"IRONSKY.PL Sklep z Dronami\" \/>\n<meta property=\"article:modified_time\" content=\"2026-04-03T17:05:51+00:00\" \/>\n<meta property=\"og:image\" content=\"https:\/\/ironsky.pl\/sklep\/wp-content\/uploads\/2025\/06\/21216_1.jpg\" \/>\n\t<meta property=\"og:image:width\" content=\"800\" \/>\n\t<meta property=\"og:image:height\" content=\"800\" \/>\n\t<meta property=\"og:image:type\" content=\"image\/jpeg\" \/>\n<meta name=\"twitter:card\" content=\"summary_large_image\" \/>\n<meta name=\"twitter:label1\" content=\"Szacowany czas czytania\" \/>\n\t<meta name=\"twitter:data1\" content=\"2 minuty\" \/>\n<script type=\"application\/ld+json\" class=\"yoast-schema-graph\">{\"@context\":\"https:\/\/schema.org\",\"@graph\":[{\"@type\":\"WebPage\",\"@id\":\"https:\/\/ironsky.pl\/sklep\/produkt\/ugreen-nw153-kabel-sieciowy-w-oplocie-ethernet-rj45-cat-8-f-ftp-1-5m-czarny\/\",\"url\":\"https:\/\/ironsky.pl\/sklep\/produkt\/ugreen-nw153-kabel-sieciowy-w-oplocie-ethernet-rj45-cat-8-f-ftp-1-5m-czarny\/\",\"name\":\"UGREEN NW153 Kabel sieciowy w oplocie, Ethernet RJ45, Cat.8, F\/FTP, 1.5m (czarny) - IRONSKY.PL Sklep z Dronami\",\"isPartOf\":{\"@id\":\"https:\/\/ironsky.pl\/sklep\/#website\"},\"primaryImageOfPage\":{\"@id\":\"https:\/\/ironsky.pl\/sklep\/produkt\/ugreen-nw153-kabel-sieciowy-w-oplocie-ethernet-rj45-cat-8-f-ftp-1-5m-czarny\/#primaryimage\"},\"image\":{\"@id\":\"https:\/\/ironsky.pl\/sklep\/produkt\/ugreen-nw153-kabel-sieciowy-w-oplocie-ethernet-rj45-cat-8-f-ftp-1-5m-czarny\/#primaryimage\"},\"thumbnailUrl\":\"https:\/\/ironsky.pl\/sklep\/wp-content\/uploads\/2025\/06\/21216_1.jpg\",\"datePublished\":\"2025-06-13T12:43:04+00:00\",\"dateModified\":\"2026-04-03T17:05:51+00:00\",\"description\":\"UGREEN NW153 Kabel sieciowy w oplocie, Ethernet RJ45, Cat.8, F\/FTP, 1.5m (czarny) - \u2705 sklep z dronami i fachowym doradztwem. \u2705 Tutaj kupisz produkty DJI, Yuneec, Parrot, Syma i wiele innych, a tak\u017ce kursy i licencje na operatora drona.\",\"breadcrumb\":{\"@id\":\"https:\/\/ironsky.pl\/sklep\/produkt\/ugreen-nw153-kabel-sieciowy-w-oplocie-ethernet-rj45-cat-8-f-ftp-1-5m-czarny\/#breadcrumb\"},\"inLanguage\":\"pl-PL\",\"potentialAction\":[{\"@type\":\"ReadAction\",\"target\":[\"https:\/\/ironsky.pl\/sklep\/produkt\/ugreen-nw153-kabel-sieciowy-w-oplocie-ethernet-rj45-cat-8-f-ftp-1-5m-czarny\/\"]}]},{\"@type\":\"ImageObject\",\"inLanguage\":\"pl-PL\",\"@id\":\"https:\/\/ironsky.pl\/sklep\/produkt\/ugreen-nw153-kabel-sieciowy-w-oplocie-ethernet-rj45-cat-8-f-ftp-1-5m-czarny\/#primaryimage\",\"url\":\"https:\/\/ironsky.pl\/sklep\/wp-content\/uploads\/2025\/06\/21216_1.jpg\",\"contentUrl\":\"https:\/\/ironsky.pl\/sklep\/wp-content\/uploads\/2025\/06\/21216_1.jpg\",\"width\":800,\"height\":800},{\"@type\":\"BreadcrumbList\",\"@id\":\"https:\/\/ironsky.pl\/sklep\/produkt\/ugreen-nw153-kabel-sieciowy-w-oplocie-ethernet-rj45-cat-8-f-ftp-1-5m-czarny\/#breadcrumb\",\"itemListElement\":[{\"@type\":\"ListItem\",\"position\":1,\"name\":\"Strona g\u0142\u00f3wna\",\"item\":\"https:\/\/ironsky.pl\/sklep\/\"},{\"@type\":\"ListItem\",\"position\":2,\"name\":\"Wszystkie produkty\",\"item\":\"https:\/\/ironsky.pl\/sklep\/sklep\/\"},{\"@type\":\"ListItem\",\"position\":3,\"name\":\"UGREEN NW153 Kabel sieciowy w oplocie, Ethernet RJ45, Cat.8, F\/FTP, 1.5m (czarny)\"}]},{\"@type\":\"WebSite\",\"@id\":\"https:\/\/ironsky.pl\/sklep\/#website\",\"url\":\"https:\/\/ironsky.pl\/sklep\/\",\"name\":\"IRONSKY.PL Sklep z Dronami\",\"description\":\"IRONSKY.PL Sklep z Dronami\",\"potentialAction\":[{\"@type\":\"SearchAction\",\"target\":{\"@type\":\"EntryPoint\",\"urlTemplate\":\"https:\/\/ironsky.pl\/sklep\/?s={search_term_string}\"},\"query-input\":{\"@type\":\"PropertyValueSpecification\",\"valueRequired\":true,\"valueName\":\"search_term_string\"}}],\"inLanguage\":\"pl-PL\"}]}<\/script>\n<!-- \/ Yoast SEO plugin. -->","yoast_head_json":{"title":"UGREEN NW153 Kabel sieciowy w oplocie, Ethernet RJ45, Cat.8, F\/FTP, 1.5m (czarny) - IRONSKY.PL Sklep z Dronami","description":"UGREEN NW153 Kabel sieciowy w oplocie, Ethernet RJ45, Cat.8, F\/FTP, 1.5m (czarny) - \u2705 sklep z dronami i fachowym doradztwem. \u2705 Tutaj kupisz produkty DJI, Yuneec, Parrot, Syma i wiele innych, a tak\u017ce kursy i licencje na operatora drona.","robots":{"index":"index","follow":"follow","max-snippet":"max-snippet:-1","max-image-preview":"max-image-preview:large","max-video-preview":"max-video-preview:-1"},"canonical":"https:\/\/ironsky.pl\/sklep\/produkt\/ugreen-nw153-kabel-sieciowy-w-oplocie-ethernet-rj45-cat-8-f-ftp-1-5m-czarny\/","og_locale":"pl_PL","og_type":"article","og_title":"UGREEN NW153 Kabel sieciowy w oplocie, Ethernet RJ45, Cat.8, F\/FTP, 1.5m (czarny) - IRONSKY.PL Sklep z Dronami","og_description":"UGREEN NW153 Kabel sieciowy w oplocie, Ethernet RJ45, Cat.8, F\/FTP, 1.5m (czarny) - \u2705 sklep z dronami i fachowym doradztwem. \u2705 Tutaj kupisz produkty DJI, Yuneec, Parrot, Syma i wiele innych, a tak\u017ce kursy i licencje na operatora drona.","og_url":"https:\/\/ironsky.pl\/sklep\/produkt\/ugreen-nw153-kabel-sieciowy-w-oplocie-ethernet-rj45-cat-8-f-ftp-1-5m-czarny\/","og_site_name":"IRONSKY.PL Sklep z Dronami","article_modified_time":"2026-04-03T17:05:51+00:00","og_image":[{"width":800,"height":800,"url":"https:\/\/ironsky.pl\/sklep\/wp-content\/uploads\/2025\/06\/21216_1.jpg","type":"image\/jpeg"}],"twitter_card":"summary_large_image","twitter_misc":{"Szacowany czas czytania":"2 minuty"},"schema":{"@context":"https:\/\/schema.org","@graph":[{"@type":"WebPage","@id":"https:\/\/ironsky.pl\/sklep\/produkt\/ugreen-nw153-kabel-sieciowy-w-oplocie-ethernet-rj45-cat-8-f-ftp-1-5m-czarny\/","url":"https:\/\/ironsky.pl\/sklep\/produkt\/ugreen-nw153-kabel-sieciowy-w-oplocie-ethernet-rj45-cat-8-f-ftp-1-5m-czarny\/","name":"UGREEN NW153 Kabel sieciowy w oplocie, Ethernet RJ45, Cat.8, F\/FTP, 1.5m (czarny) - IRONSKY.PL Sklep z Dronami","isPartOf":{"@id":"https:\/\/ironsky.pl\/sklep\/#website"},"primaryImageOfPage":{"@id":"https:\/\/ironsky.pl\/sklep\/produkt\/ugreen-nw153-kabel-sieciowy-w-oplocie-ethernet-rj45-cat-8-f-ftp-1-5m-czarny\/#primaryimage"},"image":{"@id":"https:\/\/ironsky.pl\/sklep\/produkt\/ugreen-nw153-kabel-sieciowy-w-oplocie-ethernet-rj45-cat-8-f-ftp-1-5m-czarny\/#primaryimage"},"thumbnailUrl":"https:\/\/ironsky.pl\/sklep\/wp-content\/uploads\/2025\/06\/21216_1.jpg","datePublished":"2025-06-13T12:43:04+00:00","dateModified":"2026-04-03T17:05:51+00:00","description":"UGREEN NW153 Kabel sieciowy w oplocie, Ethernet RJ45, Cat.8, F\/FTP, 1.5m (czarny) - \u2705 sklep z dronami i fachowym doradztwem. \u2705 Tutaj kupisz produkty DJI, Yuneec, Parrot, Syma i wiele innych, a tak\u017ce kursy i licencje na operatora drona.","breadcrumb":{"@id":"https:\/\/ironsky.pl\/sklep\/produkt\/ugreen-nw153-kabel-sieciowy-w-oplocie-ethernet-rj45-cat-8-f-ftp-1-5m-czarny\/#breadcrumb"},"inLanguage":"pl-PL","potentialAction":[{"@type":"ReadAction","target":["https:\/\/ironsky.pl\/sklep\/produkt\/ugreen-nw153-kabel-sieciowy-w-oplocie-ethernet-rj45-cat-8-f-ftp-1-5m-czarny\/"]}]},{"@type":"ImageObject","inLanguage":"pl-PL","@id":"https:\/\/ironsky.pl\/sklep\/produkt\/ugreen-nw153-kabel-sieciowy-w-oplocie-ethernet-rj45-cat-8-f-ftp-1-5m-czarny\/#primaryimage","url":"https:\/\/ironsky.pl\/sklep\/wp-content\/uploads\/2025\/06\/21216_1.jpg","contentUrl":"https:\/\/ironsky.pl\/sklep\/wp-content\/uploads\/2025\/06\/21216_1.jpg","width":800,"height":800},{"@type":"BreadcrumbList","@id":"https:\/\/ironsky.pl\/sklep\/produkt\/ugreen-nw153-kabel-sieciowy-w-oplocie-ethernet-rj45-cat-8-f-ftp-1-5m-czarny\/#breadcrumb","itemListElement":[{"@type":"ListItem","position":1,"name":"Strona g\u0142\u00f3wna","item":"https:\/\/ironsky.pl\/sklep\/"},{"@type":"ListItem","position":2,"name":"Wszystkie produkty","item":"https:\/\/ironsky.pl\/sklep\/sklep\/"},{"@type":"ListItem","position":3,"name":"UGREEN NW153 Kabel sieciowy w oplocie, Ethernet RJ45, Cat.8, F\/FTP, 1.5m (czarny)"}]},{"@type":"WebSite","@id":"https:\/\/ironsky.pl\/sklep\/#website","url":"https:\/\/ironsky.pl\/sklep\/","name":"IRONSKY.PL Sklep z Dronami","description":"IRONSKY.PL Sklep z Dronami","potentialAction":[{"@type":"SearchAction","target":{"@type":"EntryPoint","urlTemplate":"https:\/\/ironsky.pl\/sklep\/?s={search_term_string}"},"query-input":{"@type":"PropertyValueSpecification","valueRequired":true,"valueName":"search_term_string"}}],"inLanguage":"pl-PL"}]}},"_links":{"self":[{"href":"https:\/\/ironsky.pl\/sklep\/wp-json\/wp\/v2\/product\/41452","targetHints":{"allow":["GET"]}}],"collection":[{"href":"https:\/\/ironsky.pl\/sklep\/wp-json\/wp\/v2\/product"}],"about":[{"href":"https:\/\/ironsky.pl\/sklep\/wp-json\/wp\/v2\/types\/product"}],"replies":[{"embeddable":true,"href":"https:\/\/ironsky.pl\/sklep\/wp-json\/wp\/v2\/comments?post=41452"}],"wp:featuredmedia":[{"embeddable":true,"href":"https:\/\/ironsky.pl\/sklep\/wp-json\/wp\/v2\/media\/41453"}],"wp:attachment":[{"href":"https:\/\/ironsky.pl\/sklep\/wp-json\/wp\/v2\/media?parent=41452"}],"wp:term":[{"taxonomy":"product_brand","embeddable":true,"href":"https:\/\/ironsky.pl\/sklep\/wp-json\/wp\/v2\/product_brand?post=41452"},{"taxonomy":"product_cat","embeddable":true,"href":"https:\/\/ironsky.pl\/sklep\/wp-json\/wp\/v2\/product_cat?post=41452"},{"taxonomy":"product_tag","embeddable":true,"href":"https:\/\/ironsky.pl\/sklep\/wp-json\/wp\/v2\/product_tag?post=41452"}],"curies":[{"name":"wp","href":"https:\/\/api.w.org\/{rel}","templated":true}]}}