{"id":41228,"date":"2025-06-13T14:41:02","date_gmt":"2025-06-13T12:41:02","guid":{"rendered":"https:\/\/ironsky.pl\/drony-sklep\/produkt\/latarka-warsztatowa-superfire-g7-1000lm-usb\/"},"modified":"2026-03-05T15:56:51","modified_gmt":"2026-03-05T14:56:51","slug":"latarka-warsztatowa-superfire-g7-1000lm-usb","status":"publish","type":"product","link":"https:\/\/ironsky.pl\/sklep\/produkt\/latarka-warsztatowa-superfire-g7-1000lm-usb\/","title":{"rendered":"Latarka warsztatowa Superfire G7, 1000lm, USB"},"content":{"rendered":"<h3>Latarka warsztatowa Superfire G7<\/h3>\n<p>Dwustronna, sk\u0142adana latarka warsztatowa Superfire G7 zapewnia doskona\u0142e o\u015bwietlenie o \u0142\u0105cznej jasno\u015bci do 1600 lm. Dzi\u0119ki obrotowej konstrukcji mo\u017ce \u015bwieci\u0107 na 3 sposoby, co pozwala dostosowa\u0107 jej dzia\u0142anie do Twoich potrzeb. Akumulator o pojemno\u015bci a\u017c 5000 mAh na\u0142adujesz z pomoc\u0105 zwyk\u0142ego kabla USB, co w po\u0142\u0105czeniu z wytrzyma\u0142o\u015bci\u0105 i lekk\u0105 wag\u0105 urz\u0105dzenia sprawia, \u017ce mo\u017cesz bez wi\u0119kszych problem\u00f3w zawsze mie\u0107 je pod r\u0119k\u0105 i korzysta\u0107 z jego mo\u017cliwo\u015bci.<\/p>\n<p><img decoding=\"async\" src=\"https:\/\/b2b.innpro.pl\/data\/include\/cms\/Klaudia-Palenga\/supfire\/g7\/1574134983750618.jpg\"><\/p>\n<h3>3 sposoby stosowania &#8211; wybierz najlepszy w ka\u017cdej sytuacji<\/h3>\n<p>Mo\u017cliwe jest stosowanie reflektora na 3 r\u00f3\u017cne sposoby. Mo\u017ce on \u015bwieci\u0107 dwukierunkowo, a tak\u017ce zapewnia\u0107 podw\u00f3jne lub pojedyncze o\u015bwietlenie z jednej strony. To Ty decydujesz, jak ma Ci s\u0142u\u017cy\u0107. Zabierz go na camping, wykorzystaj jako awaryjne \u017ar\u00f3d\u0142o bezpiecznego dla oczu \u015bwiat\u0142a lub u\u017cyj, kiedy noc\u0105 naprawiasz samoch\u00f3d na poboczu drogi &#8211; G7 pomo\u017ce Ci w ka\u017cdej potrzebie!<\/p>\n<p><img decoding=\"async\" src=\"https:\/\/b2b.innpro.pl\/data\/include\/cms\/01Superfire\/G7\/1.jpg\"><\/p>\n<h3>Ustaw go, jak chcesz<\/h3>\n<p>Co sprawia, \u017ce urz\u0105dzenie zachwyca tak du\u017c\u0105 wszechstronno\u015bci\u0105? Doskonale przemy\u015blana konstrukcja! Jego podw\u00f3jn\u0105 g\u0142owic\u0119 mo\u017cesz obraca\u0107 o 360\u00b0 i regulowa\u0107 w zakresie 180\u00b0. To nie wszystko! Masz tak\u017ce mo\u017cliwo\u015b\u0107 ustawiania k\u0105ta rozstawienia latarki do 270\u00b0. Dzi\u0119ki temu zyskujesz niesamowit\u0105 elastyczno\u015b\u0107 &#8211; bez problemu dopasujesz G7 do swoich potrzeb!<\/p>\n<p><img decoding=\"async\" src=\"https:\/\/b2b.innpro.pl\/data\/include\/cms\/01Superfire\/G7\/2.jpg\"><\/p>\n<h3>B\u0119dzie Ci s\u0142u\u017cy\u0107 tak d\u0142ugo, jak trzeba<\/h3>\n<p>Urz\u0105dzenie zosta\u0142o wyposa\u017cone w pot\u0119\u017cny akumulator 5000 mAh, kt\u00f3ry zapewnia imponuj\u0105co d\u0142ugi czas pracy. Kiedy zapalone s\u0105 oba \u015bwiat\u0142a, wynosi on nawet 6 godzin. Z kolei kiedy korzystasz tylko z jednej lampy, G7 mo\u017ce \u015bwieci\u0107 do 12 godzin! Reflektor zosta\u0142 te\u017c wyposa\u017cony w 2 porty USB &#8211; \u0142adowania oraz roz\u0142adowywania, co daje Ci mn\u00f3stwo mo\u017cliwo\u015bci. Dzi\u0119ki temu mo\u017cesz na przyk\u0142ad \u0142adowa\u0107 sw\u00f3j telefon!<\/p>\n<p><img decoding=\"async\" src=\"https:\/\/b2b.innpro.pl\/data\/include\/cms\/01Superfire\/G7\/3.jpg\"><\/p>\n<h3>Niestraszne jej nawet uderzenia<\/h3>\n<p>Latarka charakteryzuje si\u0119 niezwyk\u0142\u0105 wytrzyma\u0142o\u015bci\u0105. Specjalne elementy zabezpieczaj\u0105ce na jej rogach chroni\u0105 j\u0105 przed uszkodzeniem. Wszystko to sprawia, \u017ce ewentualne uderzenia nie stanowi\u0105 wi\u0119kszego zagro\u017cenia dla G7. Nawet upadek z wysoko\u015bci do 1 m nie b\u0119dzie dla niej szczeg\u00f3lnie niebezpieczny! Ponadto urz\u0105dzenie jest odporne na drobne zachlapania. Bez obaw wykorzystasz je zatem niemal w ka\u017cdej sytuacji.<\/p>\n<p><img decoding=\"async\" src=\"https:\/\/b2b.innpro.pl\/data\/include\/cms\/01Superfire\/G7\/4.jpg\"><\/p>\n<h3>Zapewni Ci bezpiecze\u0144stwo u\u017cytkowania<\/h3>\n<p>G7 zosta\u0142 odpowiednio zabezpieczony r\u00f3wnie\u017c od wewn\u0105trz. Dzi\u0119ki temu zapewnia niezawodne, stabilne dzia\u0142anie niezale\u017cnie od warunk\u00f3w. Zmiany napi\u0119cia czy warunk\u00f3w atmosferycznych nie maj\u0105 wi\u0119kszego wp\u0142ywu na jego prac\u0119. Obw\u00f3d pr\u0105du sta\u0142ego urz\u0105dzenia gwarantuje bezpiecze\u0144stwo u\u017cytkowania i pewno\u015b\u0107, \u017ce wszystko b\u0119dzie dzia\u0142a\u0107, jak nale\u017cy.<\/p>\n<p><img decoding=\"async\" src=\"https:\/\/b2b.innpro.pl\/data\/include\/cms\/Klaudia-Palenga\/supfire\/g7\/2.jpg\"><\/p>\n<h3>Wiele mo\u017cliwo\u015bci zastosowania<\/h3>\n<p>Superfire G7 dzi\u0119ki swojej wszechstronno\u015bci idealnie sprawdzi si\u0119 w wielu zastosowaniach. Konieczno\u015b\u0107 naprawy samochodu po zmroku? Wyprawa na camping z rodzin\u0105 lub przyjaci\u00f3\u0142mi? Potrzeba zyskania \u017ar\u00f3d\u0142a \u015bwiat\u0142a na nocnym stoisku z jedzeniem? Latarka warsztatowa doskonale nadaje si\u0119 do wykorzystania w tych i wielu innych sytuacjach!<\/p>\n<p><img decoding=\"async\" src=\"https:\/\/b2b.innpro.pl\/data\/include\/cms\/Klaudia-Palenga\/supfire\/g7\/1.jpg\"><\/p>\n<div class=\"table-wrapper\">\n<table>\n<tbody>\n<tr>\n<th>Producent<\/th>\n<td>Superfire<\/td>\n<\/tr>\n<tr>\n<th>Model<\/th>\n<td>G7<\/td>\n<\/tr>\n<tr>\n<th>Akumulator<\/th>\n<td>Polimerowo-jonowy akumulator 5000 mAh<\/td>\n<\/tr>\n<tr>\n<th>Strumie\u0144 \u015bwietlny<\/th>\n<td>Double 1600 lm\/Single 1000 lm<\/td>\n<\/tr>\n<tr>\n<th>Waga<\/th>\n<td>560 g<\/td>\n<\/tr>\n<tr>\n<th>Wymiary<\/th>\n<td>200x195x60 mm (roz\u0142o\u017cona); 200x145x60 mm (z\u0142o\u017cona)<\/td>\n<\/tr>\n<tr>\n<th>Moc<\/th>\n<td>2x 10W<\/td>\n<\/tr>\n<tr>\n<th>Zasi\u0119g<\/th>\n<td>50 m (tryb podw\u00f3jny); 38 m (tryb pojedynczy)<\/td>\n<\/tr>\n<tr>\n<th>Czas pracy<\/th>\n<td>6 h (tryb podw\u00f3jny); 12 h (tryb pojedynczy)<\/td>\n<\/tr>\n<tr>\n<th>Odporno\u015b\u0107 na upadek<\/th>\n<td>do 1 m<\/td>\n<\/tr>\n<\/tbody>\n<\/table>\n<\/div>\n","protected":false},"excerpt":{"rendered":"<p>Latarka warsztatowa Superfire G7 Dwustronna, sk\u0142adana latarka warsztatowa Superfire G7 zapewnia doskona\u0142e o\u015bwietlenie o \u0142\u0105cznej jasno\u015bci do 1600 lm. Dzi\u0119ki<\/p>\n","protected":false},"featured_media":41229,"comment_status":"closed","ping_status":"open","template":"","meta":{"_acf_changed":false},"product_brand":[],"product_cat":[5938,5941,5937],"product_tag":[],"class_list":{"0":"post-41228","1":"product","2":"type-product","3":"status-publish","4":"has-post-thumbnail","6":"product_cat-latarki","7":"product_cat-warsztatowe","8":"product_cat-outdoor","9":"pa_okres-gwarancji-5754","10":"pa_producent-superfire","12":"first","13":"outofstock","14":"taxable","15":"shipping-taxable","16":"purchasable","17":"product-type-simple"},"acf":[],"yoast_head":"<!-- This site is optimized with the Yoast SEO plugin v27.2 - https:\/\/yoast.com\/product\/yoast-seo-wordpress\/ -->\n<title>Latarka warsztatowa Superfire G7, 1000lm, USB - IRONSKY.PL Sklep z Dronami<\/title>\n<meta name=\"description\" content=\"Latarka warsztatowa Superfire G7, 1000lm, USB - \u2705 sklep z dronami i fachowym doradztwem. \u2705 Tutaj kupisz produkty DJI, Yuneec, Parrot, Syma i wiele innych, a tak\u017ce kursy i licencje na operatora drona.\" \/>\n<meta name=\"robots\" content=\"index, follow, max-snippet:-1, max-image-preview:large, max-video-preview:-1\" \/>\n<link rel=\"canonical\" href=\"https:\/\/ironsky.pl\/sklep\/produkt\/latarka-warsztatowa-superfire-g7-1000lm-usb\/\" \/>\n<meta property=\"og:locale\" content=\"pl_PL\" \/>\n<meta property=\"og:type\" content=\"article\" \/>\n<meta property=\"og:title\" content=\"Latarka warsztatowa Superfire G7, 1000lm, USB - IRONSKY.PL Sklep z Dronami\" \/>\n<meta property=\"og:description\" content=\"Latarka warsztatowa Superfire G7, 1000lm, USB - \u2705 sklep z dronami i fachowym doradztwem. \u2705 Tutaj kupisz produkty DJI, Yuneec, Parrot, Syma i wiele innych, a tak\u017ce kursy i licencje na operatora drona.\" \/>\n<meta property=\"og:url\" content=\"https:\/\/ironsky.pl\/sklep\/produkt\/latarka-warsztatowa-superfire-g7-1000lm-usb\/\" \/>\n<meta property=\"og:site_name\" content=\"IRONSKY.PL Sklep z Dronami\" \/>\n<meta property=\"article:modified_time\" content=\"2026-03-05T14:56:51+00:00\" \/>\n<meta property=\"og:image\" content=\"https:\/\/ironsky.pl\/sklep\/wp-content\/uploads\/2025\/06\/19679_1.jpg\" \/>\n\t<meta property=\"og:image:width\" content=\"800\" \/>\n\t<meta property=\"og:image:height\" content=\"800\" \/>\n\t<meta property=\"og:image:type\" content=\"image\/jpeg\" \/>\n<meta name=\"twitter:card\" content=\"summary_large_image\" \/>\n<meta name=\"twitter:label1\" content=\"Szacowany czas czytania\" \/>\n\t<meta name=\"twitter:data1\" content=\"3 minuty\" \/>\n<script type=\"application\/ld+json\" class=\"yoast-schema-graph\">{\"@context\":\"https:\/\/schema.org\",\"@graph\":[{\"@type\":\"WebPage\",\"@id\":\"https:\/\/ironsky.pl\/sklep\/produkt\/latarka-warsztatowa-superfire-g7-1000lm-usb\/\",\"url\":\"https:\/\/ironsky.pl\/sklep\/produkt\/latarka-warsztatowa-superfire-g7-1000lm-usb\/\",\"name\":\"Latarka warsztatowa Superfire G7, 1000lm, USB - IRONSKY.PL Sklep z Dronami\",\"isPartOf\":{\"@id\":\"https:\/\/ironsky.pl\/sklep\/#website\"},\"primaryImageOfPage\":{\"@id\":\"https:\/\/ironsky.pl\/sklep\/produkt\/latarka-warsztatowa-superfire-g7-1000lm-usb\/#primaryimage\"},\"image\":{\"@id\":\"https:\/\/ironsky.pl\/sklep\/produkt\/latarka-warsztatowa-superfire-g7-1000lm-usb\/#primaryimage\"},\"thumbnailUrl\":\"https:\/\/ironsky.pl\/sklep\/wp-content\/uploads\/2025\/06\/19679_1.jpg\",\"datePublished\":\"2025-06-13T12:41:02+00:00\",\"dateModified\":\"2026-03-05T14:56:51+00:00\",\"description\":\"Latarka warsztatowa Superfire G7, 1000lm, USB - \u2705 sklep z dronami i fachowym doradztwem. \u2705 Tutaj kupisz produkty DJI, Yuneec, Parrot, Syma i wiele innych, a tak\u017ce kursy i licencje na operatora drona.\",\"breadcrumb\":{\"@id\":\"https:\/\/ironsky.pl\/sklep\/produkt\/latarka-warsztatowa-superfire-g7-1000lm-usb\/#breadcrumb\"},\"inLanguage\":\"pl-PL\",\"potentialAction\":[{\"@type\":\"ReadAction\",\"target\":[\"https:\/\/ironsky.pl\/sklep\/produkt\/latarka-warsztatowa-superfire-g7-1000lm-usb\/\"]}]},{\"@type\":\"ImageObject\",\"inLanguage\":\"pl-PL\",\"@id\":\"https:\/\/ironsky.pl\/sklep\/produkt\/latarka-warsztatowa-superfire-g7-1000lm-usb\/#primaryimage\",\"url\":\"https:\/\/ironsky.pl\/sklep\/wp-content\/uploads\/2025\/06\/19679_1.jpg\",\"contentUrl\":\"https:\/\/ironsky.pl\/sklep\/wp-content\/uploads\/2025\/06\/19679_1.jpg\",\"width\":800,\"height\":800},{\"@type\":\"BreadcrumbList\",\"@id\":\"https:\/\/ironsky.pl\/sklep\/produkt\/latarka-warsztatowa-superfire-g7-1000lm-usb\/#breadcrumb\",\"itemListElement\":[{\"@type\":\"ListItem\",\"position\":1,\"name\":\"Strona g\u0142\u00f3wna\",\"item\":\"https:\/\/ironsky.pl\/sklep\/\"},{\"@type\":\"ListItem\",\"position\":2,\"name\":\"Wszystkie produkty\",\"item\":\"https:\/\/ironsky.pl\/sklep\/produkty\/\"},{\"@type\":\"ListItem\",\"position\":3,\"name\":\"Latarka warsztatowa Superfire G7, 1000lm, USB\"}]},{\"@type\":\"WebSite\",\"@id\":\"https:\/\/ironsky.pl\/sklep\/#website\",\"url\":\"https:\/\/ironsky.pl\/sklep\/\",\"name\":\"IRONSKY.PL Sklep z Dronami\",\"description\":\"IRONSKY.PL Sklep z Dronami\",\"potentialAction\":[{\"@type\":\"SearchAction\",\"target\":{\"@type\":\"EntryPoint\",\"urlTemplate\":\"https:\/\/ironsky.pl\/sklep\/?s={search_term_string}\"},\"query-input\":{\"@type\":\"PropertyValueSpecification\",\"valueRequired\":true,\"valueName\":\"search_term_string\"}}],\"inLanguage\":\"pl-PL\"}]}<\/script>\n<!-- \/ Yoast SEO plugin. -->","yoast_head_json":{"title":"Latarka warsztatowa Superfire G7, 1000lm, USB - IRONSKY.PL Sklep z Dronami","description":"Latarka warsztatowa Superfire G7, 1000lm, USB - \u2705 sklep z dronami i fachowym doradztwem. \u2705 Tutaj kupisz produkty DJI, Yuneec, Parrot, Syma i wiele innych, a tak\u017ce kursy i licencje na operatora drona.","robots":{"index":"index","follow":"follow","max-snippet":"max-snippet:-1","max-image-preview":"max-image-preview:large","max-video-preview":"max-video-preview:-1"},"canonical":"https:\/\/ironsky.pl\/sklep\/produkt\/latarka-warsztatowa-superfire-g7-1000lm-usb\/","og_locale":"pl_PL","og_type":"article","og_title":"Latarka warsztatowa Superfire G7, 1000lm, USB - IRONSKY.PL Sklep z Dronami","og_description":"Latarka warsztatowa Superfire G7, 1000lm, USB - \u2705 sklep z dronami i fachowym doradztwem. \u2705 Tutaj kupisz produkty DJI, Yuneec, Parrot, Syma i wiele innych, a tak\u017ce kursy i licencje na operatora drona.","og_url":"https:\/\/ironsky.pl\/sklep\/produkt\/latarka-warsztatowa-superfire-g7-1000lm-usb\/","og_site_name":"IRONSKY.PL Sklep z Dronami","article_modified_time":"2026-03-05T14:56:51+00:00","og_image":[{"width":800,"height":800,"url":"https:\/\/ironsky.pl\/sklep\/wp-content\/uploads\/2025\/06\/19679_1.jpg","type":"image\/jpeg"}],"twitter_card":"summary_large_image","twitter_misc":{"Szacowany czas czytania":"3 minuty"},"schema":{"@context":"https:\/\/schema.org","@graph":[{"@type":"WebPage","@id":"https:\/\/ironsky.pl\/sklep\/produkt\/latarka-warsztatowa-superfire-g7-1000lm-usb\/","url":"https:\/\/ironsky.pl\/sklep\/produkt\/latarka-warsztatowa-superfire-g7-1000lm-usb\/","name":"Latarka warsztatowa Superfire G7, 1000lm, USB - IRONSKY.PL Sklep z Dronami","isPartOf":{"@id":"https:\/\/ironsky.pl\/sklep\/#website"},"primaryImageOfPage":{"@id":"https:\/\/ironsky.pl\/sklep\/produkt\/latarka-warsztatowa-superfire-g7-1000lm-usb\/#primaryimage"},"image":{"@id":"https:\/\/ironsky.pl\/sklep\/produkt\/latarka-warsztatowa-superfire-g7-1000lm-usb\/#primaryimage"},"thumbnailUrl":"https:\/\/ironsky.pl\/sklep\/wp-content\/uploads\/2025\/06\/19679_1.jpg","datePublished":"2025-06-13T12:41:02+00:00","dateModified":"2026-03-05T14:56:51+00:00","description":"Latarka warsztatowa Superfire G7, 1000lm, USB - \u2705 sklep z dronami i fachowym doradztwem. \u2705 Tutaj kupisz produkty DJI, Yuneec, Parrot, Syma i wiele innych, a tak\u017ce kursy i licencje na operatora drona.","breadcrumb":{"@id":"https:\/\/ironsky.pl\/sklep\/produkt\/latarka-warsztatowa-superfire-g7-1000lm-usb\/#breadcrumb"},"inLanguage":"pl-PL","potentialAction":[{"@type":"ReadAction","target":["https:\/\/ironsky.pl\/sklep\/produkt\/latarka-warsztatowa-superfire-g7-1000lm-usb\/"]}]},{"@type":"ImageObject","inLanguage":"pl-PL","@id":"https:\/\/ironsky.pl\/sklep\/produkt\/latarka-warsztatowa-superfire-g7-1000lm-usb\/#primaryimage","url":"https:\/\/ironsky.pl\/sklep\/wp-content\/uploads\/2025\/06\/19679_1.jpg","contentUrl":"https:\/\/ironsky.pl\/sklep\/wp-content\/uploads\/2025\/06\/19679_1.jpg","width":800,"height":800},{"@type":"BreadcrumbList","@id":"https:\/\/ironsky.pl\/sklep\/produkt\/latarka-warsztatowa-superfire-g7-1000lm-usb\/#breadcrumb","itemListElement":[{"@type":"ListItem","position":1,"name":"Strona g\u0142\u00f3wna","item":"https:\/\/ironsky.pl\/sklep\/"},{"@type":"ListItem","position":2,"name":"Wszystkie produkty","item":"https:\/\/ironsky.pl\/sklep\/produkty\/"},{"@type":"ListItem","position":3,"name":"Latarka warsztatowa Superfire G7, 1000lm, USB"}]},{"@type":"WebSite","@id":"https:\/\/ironsky.pl\/sklep\/#website","url":"https:\/\/ironsky.pl\/sklep\/","name":"IRONSKY.PL Sklep z Dronami","description":"IRONSKY.PL Sklep z Dronami","potentialAction":[{"@type":"SearchAction","target":{"@type":"EntryPoint","urlTemplate":"https:\/\/ironsky.pl\/sklep\/?s={search_term_string}"},"query-input":{"@type":"PropertyValueSpecification","valueRequired":true,"valueName":"search_term_string"}}],"inLanguage":"pl-PL"}]}},"_links":{"self":[{"href":"https:\/\/ironsky.pl\/sklep\/wp-json\/wp\/v2\/product\/41228","targetHints":{"allow":["GET"]}}],"collection":[{"href":"https:\/\/ironsky.pl\/sklep\/wp-json\/wp\/v2\/product"}],"about":[{"href":"https:\/\/ironsky.pl\/sklep\/wp-json\/wp\/v2\/types\/product"}],"replies":[{"embeddable":true,"href":"https:\/\/ironsky.pl\/sklep\/wp-json\/wp\/v2\/comments?post=41228"}],"wp:featuredmedia":[{"embeddable":true,"href":"https:\/\/ironsky.pl\/sklep\/wp-json\/wp\/v2\/media\/41229"}],"wp:attachment":[{"href":"https:\/\/ironsky.pl\/sklep\/wp-json\/wp\/v2\/media?parent=41228"}],"wp:term":[{"taxonomy":"product_brand","embeddable":true,"href":"https:\/\/ironsky.pl\/sklep\/wp-json\/wp\/v2\/product_brand?post=41228"},{"taxonomy":"product_cat","embeddable":true,"href":"https:\/\/ironsky.pl\/sklep\/wp-json\/wp\/v2\/product_cat?post=41228"},{"taxonomy":"product_tag","embeddable":true,"href":"https:\/\/ironsky.pl\/sklep\/wp-json\/wp\/v2\/product_tag?post=41228"}],"curies":[{"name":"wp","href":"https:\/\/api.w.org\/{rel}","templated":true}]}}