{"id":41185,"date":"2025-06-13T14:40:57","date_gmt":"2025-06-13T12:40:57","guid":{"rendered":"https:\/\/ironsky.pl\/drony-sklep\/produkt\/latarka-czolowa-superfire-hl50-150lm-usb\/"},"modified":"2026-03-05T15:56:49","modified_gmt":"2026-03-05T14:56:49","slug":"latarka-czolowa-superfire-hl50-150lm-usb","status":"publish","type":"product","link":"https:\/\/ironsky.pl\/sklep\/produkt\/latarka-czolowa-superfire-hl50-150lm-usb\/","title":{"rendered":"Latarka czo\u0142owa Superfire HL50, 150lm, USB"},"content":{"rendered":"<h3>Latarka czo\u0142owa Superfire HL50<\/h3>\n<p>Kompaktowa latarka czo\u0142owa Superfire HL50 jest wyj\u0105tkowo por\u0119czna i sprawdzi si\u0119 w wielu sytuacjach. Mocowana na elastycznym pasku dopasuje si\u0119 idealnie do ka\u017cdej g\u0142owy i zapewni o\u015bwietlenie a\u017c do 200m. Mo\u017cesz wybra\u0107 jeden z czterech tryb\u00f3w oraz korzysta\u0107 z latarki nawet w deszczu. Wyj\u0105tkowo d\u0142ugi czas pracy baterii pozwoli na nieograniczone mo\u017cliwo\u015bci korzystania w ka\u017cdych warunkach.<\/p>\n<p><img decoding=\"async\" src=\"https:\/\/b2b.innpro.pl\/data\/include\/cms\/01Superfire\/HL50\/1.jpg\" border=\"0\" \/><\/p>\n<h3>Daleki i szeroki zasi\u0119g<\/h3>\n<p>Wbudowany zoom pozwala na regulacj\u0119 rozmiaru wi\u0105zki \u015bwiat\u0142a, od bardzo w\u0105skiej przypominaj\u0105cej reflektor do szerokiej, kt\u00f3ra mo\u017ce o\u015bwietli\u0107 rozleg\u0142y teren. Dodatkowo bardzo daleki zasi\u0119g do 200 m pozwala na praktyczne zastosowanie, kiedy potrzebujesz du\u017cej widoczno\u015bci w ciemnym pomieszczeniu czy w nocy. Ledowa dioda zapewnia a\u017c 150 lumen\u00f3w co w zupe\u0142no\u015bci wystarcza, nawet w bardzo ciemnych miejscach.<\/p>\n<p><img decoding=\"async\" src=\"https:\/\/b2b.innpro.pl\/data\/include\/cms\/Klaudia-Palenga\/supfire\/hl07\/2.jpg\" border=\"0\" \/><\/p>\n<h3>D\u0142ugie dzia\u0142anie<\/h3>\n<p>Akumulator litowy zastosowany w latarce mo\u017ce dzia\u0142a\u0107 do 5 h na jednym \u0142adowaniu, co w zupe\u0142no\u015bci wystarcza podczas wielu zastosowa\u0144. Kiedy tylko bateria spadnie do niskiego poziomu, poinformuje o tym czerwona dioda, a po pod\u0142\u0105czeniu do \u0142adowania niebieskie \u015bwiat\u0142o zasygnalizuje, \u017ce akumulator jest gotowy do ponownej pracy. Bez problemu na\u0142adujesz latark\u0119 przy u\u017cyciu kabla micro USB.<\/p>\n<p><img decoding=\"async\" src=\"https:\/\/b2b.innpro.pl\/data\/include\/cms\/01Superfire\/HL50\/4.jpg\" border=\"0\" \/><\/p>\n<h3>Wybierz tryb dla siebie<\/h3>\n<p>W latarce zosta\u0142y zastosowane cztery predefiniowane tryby, ka\u017cdy przydatny w innej sytuacji. Dwa podstawowe: mocne i s\u0142abe \u015bwiat\u0142o b\u0119d\u0105 zapewne u\u017cywane najcz\u0119\u015bciej w zale\u017cno\u015bci od potrzeby. Mo\u017cna r\u00f3wnie\u017c wybra\u0107 tryb stroboskopowy, a po przytrzymaniu przycisku \u201cw\u0142\u0105cz\/wy\u0142\u0105cz\u201d przez 2 sekundy, uruchomisz tryb SOS, czyli miarowe miganie sygna\u0142u wskazuj\u0105cego, \u017ce potrzebujesz pomocy.<\/p>\n<p><img decoding=\"async\" src=\"https:\/\/b2b.innpro.pl\/data\/include\/cms\/01Superfire\/HL50\/3.jpg\" border=\"0\" \/><\/p>\n<h3>Na ka\u017cd\u0105 okazj\u0119<\/h3>\n<p>Mo\u017cesz korzysta\u0107 z latarki w wielu r\u00f3\u017cnych sytuacjach: na rybach, podczas wspinaczki g\u00f3rskiej, nocnego biegania czy wypadu pod namiot. W zale\u017cno\u015bci od potrzeb mo\u017cesz ustawi\u0107 k\u0105t latarki, a jej specjalna budowa pozwala na korzystanie nawet podczas deszczu. Wygodna elastyczna opaska dopasuje si\u0119 do ka\u017cdej g\u0142owy i nie b\u0119dzie sprawia\u0107 dyskomfortu nawet przy d\u0142ugim noszeniu.<\/p>\n<p><img decoding=\"async\" src=\"https:\/\/b2b.innpro.pl\/data\/include\/cms\/Klaudia-Palenga\/supfire\/hl07\/3.jpg\" border=\"0\" \/><\/p>\n<h3>W zestawie<\/h3>\n<ul>\n<li>Latarka czo\u0142owa<\/li>\n<li>Kabel USB C<\/li>\n<\/ul>\n<div class=\"table-wrapper\">\n<table>\n<tbody>\n<tr>\n<th>Model<\/th>\n<td>HL50<\/td>\n<\/tr>\n<tr>\n<th>\u0179r\u00f3d\u0142o \u015bwiat\u0142a<\/th>\n<td>JIGNRUI XD<\/td>\n<\/tr>\n<tr>\n<th>Moc znamionowa<\/th>\n<td>3<\/td>\n<\/tr>\n<tr>\n<th>Czas pracy<\/th>\n<td>2-5h<\/td>\n<\/tr>\n<tr>\n<th>Lumeny<\/th>\n<td>150<\/td>\n<\/tr>\n<tr>\n<th>Odporno\u015b\u0107 na upadek (metry)<\/th>\n<td>1<\/td>\n<\/tr>\n<tr>\n<th>Rozmiar (mm)<\/th>\n<td>80x60x40<\/td>\n<\/tr>\n<tr>\n<th>Waga (g)<\/th>\n<td>102<\/td>\n<\/tr>\n<tr>\n<th>Wodoodporno\u015b\u0107<\/th>\n<td>IP31<\/td>\n<\/tr>\n<tr>\n<th>Max. odleg\u0142o\u015b\u0107 wi\u0105zki<\/th>\n<td>200<\/td>\n<\/tr>\n<tr>\n<th>Port \u0142adowania<\/th>\n<td>mikro USB<\/td>\n<\/tr>\n<tr>\n<th>Pojemno\u015b\u0107 akumulatora (mAh)<\/th>\n<td>1200<\/td>\n<\/tr>\n<tr>\n<th>Tryby o\u015bwietlenia<\/th>\n<td>Wysoki&gt;Niski&gt;Stroboskopowy<\/td>\n<\/tr>\n<tr>\n<th>Materia\u0142<\/th>\n<td>ABS<\/td>\n<\/tr>\n<tr>\n<th>Czas \u0142adowania<\/th>\n<td>160 min.<\/td>\n<\/tr>\n<\/tbody>\n<\/table>\n<\/div>\n","protected":false},"excerpt":{"rendered":"<p>Latarka czo\u0142owa Superfire HL50 Kompaktowa latarka czo\u0142owa Superfire HL50 jest wyj\u0105tkowo por\u0119czna i sprawdzi si\u0119 w wielu sytuacjach. Mocowana na<\/p>\n","protected":false},"featured_media":41186,"comment_status":"closed","ping_status":"open","template":"","meta":{"_acf_changed":false},"product_brand":[],"product_cat":[5938,5940,5937],"product_tag":[],"class_list":{"0":"post-41185","1":"product","2":"type-product","3":"status-publish","4":"has-post-thumbnail","6":"product_cat-latarki","7":"product_cat-czolowe","8":"product_cat-outdoor","9":"pa_okres-gwarancji-5754","10":"pa_producent-superfire","12":"first","13":"outofstock","14":"taxable","15":"shipping-taxable","16":"purchasable","17":"product-type-simple"},"acf":[],"yoast_head":"<!-- This site is optimized with the Yoast SEO plugin v27.2 - https:\/\/yoast.com\/product\/yoast-seo-wordpress\/ -->\n<title>Latarka czo\u0142owa Superfire HL50, 150lm, USB - IRONSKY.PL Sklep z Dronami<\/title>\n<meta name=\"description\" content=\"Latarka czo\u0142owa Superfire HL50, 150lm, USB - \u2705 sklep z dronami i fachowym doradztwem. \u2705 Tutaj kupisz produkty DJI, Yuneec, Parrot, Syma i wiele innych, a tak\u017ce kursy i licencje na operatora drona.\" \/>\n<meta name=\"robots\" content=\"index, follow, max-snippet:-1, max-image-preview:large, max-video-preview:-1\" \/>\n<link rel=\"canonical\" href=\"https:\/\/ironsky.pl\/sklep\/produkt\/latarka-czolowa-superfire-hl50-150lm-usb\/\" \/>\n<meta property=\"og:locale\" content=\"pl_PL\" \/>\n<meta property=\"og:type\" content=\"article\" \/>\n<meta property=\"og:title\" content=\"Latarka czo\u0142owa Superfire HL50, 150lm, USB - IRONSKY.PL Sklep z Dronami\" \/>\n<meta property=\"og:description\" content=\"Latarka czo\u0142owa Superfire HL50, 150lm, USB - \u2705 sklep z dronami i fachowym doradztwem. \u2705 Tutaj kupisz produkty DJI, Yuneec, Parrot, Syma i wiele innych, a tak\u017ce kursy i licencje na operatora drona.\" \/>\n<meta property=\"og:url\" content=\"https:\/\/ironsky.pl\/sklep\/produkt\/latarka-czolowa-superfire-hl50-150lm-usb\/\" \/>\n<meta property=\"og:site_name\" content=\"IRONSKY.PL Sklep z Dronami\" \/>\n<meta property=\"article:modified_time\" content=\"2026-03-05T14:56:49+00:00\" \/>\n<meta property=\"og:image\" content=\"https:\/\/ironsky.pl\/sklep\/wp-content\/uploads\/2025\/06\/19457_3.jpg\" \/>\n\t<meta property=\"og:image:width\" content=\"800\" \/>\n\t<meta property=\"og:image:height\" content=\"800\" \/>\n\t<meta property=\"og:image:type\" content=\"image\/jpeg\" \/>\n<meta name=\"twitter:card\" content=\"summary_large_image\" \/>\n<meta name=\"twitter:label1\" content=\"Szacowany czas czytania\" \/>\n\t<meta name=\"twitter:data1\" content=\"2 minuty\" \/>\n<script type=\"application\/ld+json\" class=\"yoast-schema-graph\">{\"@context\":\"https:\/\/schema.org\",\"@graph\":[{\"@type\":\"WebPage\",\"@id\":\"https:\/\/ironsky.pl\/sklep\/produkt\/latarka-czolowa-superfire-hl50-150lm-usb\/\",\"url\":\"https:\/\/ironsky.pl\/sklep\/produkt\/latarka-czolowa-superfire-hl50-150lm-usb\/\",\"name\":\"Latarka czo\u0142owa Superfire HL50, 150lm, USB - IRONSKY.PL Sklep z Dronami\",\"isPartOf\":{\"@id\":\"https:\/\/ironsky.pl\/sklep\/#website\"},\"primaryImageOfPage\":{\"@id\":\"https:\/\/ironsky.pl\/sklep\/produkt\/latarka-czolowa-superfire-hl50-150lm-usb\/#primaryimage\"},\"image\":{\"@id\":\"https:\/\/ironsky.pl\/sklep\/produkt\/latarka-czolowa-superfire-hl50-150lm-usb\/#primaryimage\"},\"thumbnailUrl\":\"https:\/\/ironsky.pl\/sklep\/wp-content\/uploads\/2025\/06\/19457_3.jpg\",\"datePublished\":\"2025-06-13T12:40:57+00:00\",\"dateModified\":\"2026-03-05T14:56:49+00:00\",\"description\":\"Latarka czo\u0142owa Superfire HL50, 150lm, USB - \u2705 sklep z dronami i fachowym doradztwem. \u2705 Tutaj kupisz produkty DJI, Yuneec, Parrot, Syma i wiele innych, a tak\u017ce kursy i licencje na operatora drona.\",\"breadcrumb\":{\"@id\":\"https:\/\/ironsky.pl\/sklep\/produkt\/latarka-czolowa-superfire-hl50-150lm-usb\/#breadcrumb\"},\"inLanguage\":\"pl-PL\",\"potentialAction\":[{\"@type\":\"ReadAction\",\"target\":[\"https:\/\/ironsky.pl\/sklep\/produkt\/latarka-czolowa-superfire-hl50-150lm-usb\/\"]}]},{\"@type\":\"ImageObject\",\"inLanguage\":\"pl-PL\",\"@id\":\"https:\/\/ironsky.pl\/sklep\/produkt\/latarka-czolowa-superfire-hl50-150lm-usb\/#primaryimage\",\"url\":\"https:\/\/ironsky.pl\/sklep\/wp-content\/uploads\/2025\/06\/19457_3.jpg\",\"contentUrl\":\"https:\/\/ironsky.pl\/sklep\/wp-content\/uploads\/2025\/06\/19457_3.jpg\",\"width\":800,\"height\":800},{\"@type\":\"BreadcrumbList\",\"@id\":\"https:\/\/ironsky.pl\/sklep\/produkt\/latarka-czolowa-superfire-hl50-150lm-usb\/#breadcrumb\",\"itemListElement\":[{\"@type\":\"ListItem\",\"position\":1,\"name\":\"Strona g\u0142\u00f3wna\",\"item\":\"https:\/\/ironsky.pl\/sklep\/\"},{\"@type\":\"ListItem\",\"position\":2,\"name\":\"Wszystkie produkty\",\"item\":\"https:\/\/ironsky.pl\/sklep\/produkty\/\"},{\"@type\":\"ListItem\",\"position\":3,\"name\":\"Latarka czo\u0142owa Superfire HL50, 150lm, USB\"}]},{\"@type\":\"WebSite\",\"@id\":\"https:\/\/ironsky.pl\/sklep\/#website\",\"url\":\"https:\/\/ironsky.pl\/sklep\/\",\"name\":\"IRONSKY.PL Sklep z Dronami\",\"description\":\"IRONSKY.PL Sklep z Dronami\",\"potentialAction\":[{\"@type\":\"SearchAction\",\"target\":{\"@type\":\"EntryPoint\",\"urlTemplate\":\"https:\/\/ironsky.pl\/sklep\/?s={search_term_string}\"},\"query-input\":{\"@type\":\"PropertyValueSpecification\",\"valueRequired\":true,\"valueName\":\"search_term_string\"}}],\"inLanguage\":\"pl-PL\"}]}<\/script>\n<!-- \/ Yoast SEO plugin. -->","yoast_head_json":{"title":"Latarka czo\u0142owa Superfire HL50, 150lm, USB - IRONSKY.PL Sklep z Dronami","description":"Latarka czo\u0142owa Superfire HL50, 150lm, USB - \u2705 sklep z dronami i fachowym doradztwem. \u2705 Tutaj kupisz produkty DJI, Yuneec, Parrot, Syma i wiele innych, a tak\u017ce kursy i licencje na operatora drona.","robots":{"index":"index","follow":"follow","max-snippet":"max-snippet:-1","max-image-preview":"max-image-preview:large","max-video-preview":"max-video-preview:-1"},"canonical":"https:\/\/ironsky.pl\/sklep\/produkt\/latarka-czolowa-superfire-hl50-150lm-usb\/","og_locale":"pl_PL","og_type":"article","og_title":"Latarka czo\u0142owa Superfire HL50, 150lm, USB - IRONSKY.PL Sklep z Dronami","og_description":"Latarka czo\u0142owa Superfire HL50, 150lm, USB - \u2705 sklep z dronami i fachowym doradztwem. \u2705 Tutaj kupisz produkty DJI, Yuneec, Parrot, Syma i wiele innych, a tak\u017ce kursy i licencje na operatora drona.","og_url":"https:\/\/ironsky.pl\/sklep\/produkt\/latarka-czolowa-superfire-hl50-150lm-usb\/","og_site_name":"IRONSKY.PL Sklep z Dronami","article_modified_time":"2026-03-05T14:56:49+00:00","og_image":[{"width":800,"height":800,"url":"https:\/\/ironsky.pl\/sklep\/wp-content\/uploads\/2025\/06\/19457_3.jpg","type":"image\/jpeg"}],"twitter_card":"summary_large_image","twitter_misc":{"Szacowany czas czytania":"2 minuty"},"schema":{"@context":"https:\/\/schema.org","@graph":[{"@type":"WebPage","@id":"https:\/\/ironsky.pl\/sklep\/produkt\/latarka-czolowa-superfire-hl50-150lm-usb\/","url":"https:\/\/ironsky.pl\/sklep\/produkt\/latarka-czolowa-superfire-hl50-150lm-usb\/","name":"Latarka czo\u0142owa Superfire HL50, 150lm, USB - IRONSKY.PL Sklep z Dronami","isPartOf":{"@id":"https:\/\/ironsky.pl\/sklep\/#website"},"primaryImageOfPage":{"@id":"https:\/\/ironsky.pl\/sklep\/produkt\/latarka-czolowa-superfire-hl50-150lm-usb\/#primaryimage"},"image":{"@id":"https:\/\/ironsky.pl\/sklep\/produkt\/latarka-czolowa-superfire-hl50-150lm-usb\/#primaryimage"},"thumbnailUrl":"https:\/\/ironsky.pl\/sklep\/wp-content\/uploads\/2025\/06\/19457_3.jpg","datePublished":"2025-06-13T12:40:57+00:00","dateModified":"2026-03-05T14:56:49+00:00","description":"Latarka czo\u0142owa Superfire HL50, 150lm, USB - \u2705 sklep z dronami i fachowym doradztwem. \u2705 Tutaj kupisz produkty DJI, Yuneec, Parrot, Syma i wiele innych, a tak\u017ce kursy i licencje na operatora drona.","breadcrumb":{"@id":"https:\/\/ironsky.pl\/sklep\/produkt\/latarka-czolowa-superfire-hl50-150lm-usb\/#breadcrumb"},"inLanguage":"pl-PL","potentialAction":[{"@type":"ReadAction","target":["https:\/\/ironsky.pl\/sklep\/produkt\/latarka-czolowa-superfire-hl50-150lm-usb\/"]}]},{"@type":"ImageObject","inLanguage":"pl-PL","@id":"https:\/\/ironsky.pl\/sklep\/produkt\/latarka-czolowa-superfire-hl50-150lm-usb\/#primaryimage","url":"https:\/\/ironsky.pl\/sklep\/wp-content\/uploads\/2025\/06\/19457_3.jpg","contentUrl":"https:\/\/ironsky.pl\/sklep\/wp-content\/uploads\/2025\/06\/19457_3.jpg","width":800,"height":800},{"@type":"BreadcrumbList","@id":"https:\/\/ironsky.pl\/sklep\/produkt\/latarka-czolowa-superfire-hl50-150lm-usb\/#breadcrumb","itemListElement":[{"@type":"ListItem","position":1,"name":"Strona g\u0142\u00f3wna","item":"https:\/\/ironsky.pl\/sklep\/"},{"@type":"ListItem","position":2,"name":"Wszystkie produkty","item":"https:\/\/ironsky.pl\/sklep\/produkty\/"},{"@type":"ListItem","position":3,"name":"Latarka czo\u0142owa Superfire HL50, 150lm, USB"}]},{"@type":"WebSite","@id":"https:\/\/ironsky.pl\/sklep\/#website","url":"https:\/\/ironsky.pl\/sklep\/","name":"IRONSKY.PL Sklep z Dronami","description":"IRONSKY.PL Sklep z Dronami","potentialAction":[{"@type":"SearchAction","target":{"@type":"EntryPoint","urlTemplate":"https:\/\/ironsky.pl\/sklep\/?s={search_term_string}"},"query-input":{"@type":"PropertyValueSpecification","valueRequired":true,"valueName":"search_term_string"}}],"inLanguage":"pl-PL"}]}},"_links":{"self":[{"href":"https:\/\/ironsky.pl\/sklep\/wp-json\/wp\/v2\/product\/41185","targetHints":{"allow":["GET"]}}],"collection":[{"href":"https:\/\/ironsky.pl\/sklep\/wp-json\/wp\/v2\/product"}],"about":[{"href":"https:\/\/ironsky.pl\/sklep\/wp-json\/wp\/v2\/types\/product"}],"replies":[{"embeddable":true,"href":"https:\/\/ironsky.pl\/sklep\/wp-json\/wp\/v2\/comments?post=41185"}],"wp:featuredmedia":[{"embeddable":true,"href":"https:\/\/ironsky.pl\/sklep\/wp-json\/wp\/v2\/media\/41186"}],"wp:attachment":[{"href":"https:\/\/ironsky.pl\/sklep\/wp-json\/wp\/v2\/media?parent=41185"}],"wp:term":[{"taxonomy":"product_brand","embeddable":true,"href":"https:\/\/ironsky.pl\/sklep\/wp-json\/wp\/v2\/product_brand?post=41185"},{"taxonomy":"product_cat","embeddable":true,"href":"https:\/\/ironsky.pl\/sklep\/wp-json\/wp\/v2\/product_cat?post=41185"},{"taxonomy":"product_tag","embeddable":true,"href":"https:\/\/ironsky.pl\/sklep\/wp-json\/wp\/v2\/product_tag?post=41185"}],"curies":[{"name":"wp","href":"https:\/\/api.w.org\/{rel}","templated":true}]}}