{"id":41171,"date":"2025-06-13T14:40:46","date_gmt":"2025-06-13T12:40:46","guid":{"rendered":"https:\/\/ironsky.pl\/drony-sklep\/produkt\/latarka-szperacz-superfire-m9-x-440lm-usb\/"},"modified":"2026-03-05T15:56:49","modified_gmt":"2026-03-05T14:56:49","slug":"latarka-szperacz-superfire-m9-x-440lm-usb","status":"publish","type":"product","link":"https:\/\/ironsky.pl\/sklep\/produkt\/latarka-szperacz-superfire-m9-x-440lm-usb\/","title":{"rendered":"Latarka szperacz Superfire M9-X, 440lm, USB"},"content":{"rendered":"<h3>Latarka szperacz SuperFire M9-X &#8211; optymalne o\u015bwietlenie<\/h3>\n<p>Pot\u0119\u017cna latarka SuperFire M9-X dzi\u0119ki 5 trybom \u015bwiecenia doskonale sprawdza si\u0119 w wielu zr\u00f3\u017cnicowanych scenariuszach. 2 wydajne akumulatory 18650 zapewniaj\u0105 d\u0142ugotrwa\u0142e dzia\u0142anie, a jasno\u015b\u0107 do 440 lumen\u00f3w idealnie roz\u015bwietli ciemno\u015b\u0107 na odleg\u0142o\u015b\u0107 do 390 m. Stosunkowo lekka waga 388 g oraz szereg praktycznych udogodnie\u0144 konstrukcyjnych gwarantuj\u0105 wyj\u0105tkowy komfort u\u017cytkowania.<\/p>\n<p><img decoding=\"async\" src=\"\/data\/include\/cms\/1SupFire\/M9-X\/a.jpg\"><\/p>\n<h3>5 tryb\u00f3w \u015bwiecenia<\/h3>\n<p>Latarka nadaje si\u0119 do wielu zastosowa\u0144. Mo\u017ce \u015bwieci\u0107 na 5 r\u00f3\u017cnych sposob\u00f3w &#8211; mocno, \u015brednio, s\u0142abo, z efektem stroboskopowym oraz w trybie SOS. Dzi\u0119ki temu doskonale sprawdzi si\u0119 na przyk\u0142ad podczas akcji ratunkowej, jako o\u015bwietlenie na campingu, \u015bwiat\u0142o ostrzegawcze i wiele innych. SuperFire oferuje niezast\u0105piony produkt, kt\u00f3ry zawsze mo\u017ce stanowi\u0107 idealn\u0105 odpowied\u017a na Twoje potrzeby.<\/p>\n<p><img decoding=\"async\" src=\"\/data\/include\/cms\/Klaudia-Palenga\/supfire\/m9-e\/2.jpg\"><\/p>\n<h3>Niezniszczalna latarka<\/h3>\n<p>Urz\u0105dzenie wykonane zosta\u0142o z wyj\u0105tkowo wytrzyma\u0142ych materia\u0142\u00f3w. Jest niesamowicie odporne na uszkodzenia i zachwyci Ci\u0119 swoj\u0105 niezawodno\u015bci\u0105. Ju\u017c nie musisz obawia\u0107 si\u0119 ka\u017cdego uderzenia &#8211; dla M9-X nawet upadek z wysoko\u015bci 1 m nie stanowi zagro\u017cenia!<\/p>\n<p><img decoding=\"async\" src=\"\/data\/include\/cms\/1SupFire\/M9-X\/1565590736313723.jpg\"><\/p>\n<h3>Pot\u0119\u017cny powerbank<\/h3>\n<p>2 pot\u0119\u017cne akumulatory \u0142adowane przez USB zapewniaj\u0105 a\u017c do 150 minut dzia\u0142ania latarki. Ich poziom na\u0142adowania sygnalizuj\u0105 umieszczone na jej obudowie wska\u017aniki. To nie wszystko! Urz\u0105dzenie mo\u017ce te\u017c s\u0142u\u017cy\u0107 jako uniwersalny powerbank. Ju\u017c nie musisz si\u0119 obawia\u0107, \u017ce akumulator Twojego telefonu odm\u00f3wi pos\u0142usze\u0144stwa, gdy przebywasz poza domem, na przyk\u0142ad na campingu. Je\u015bli masz przy sobie M9-X, szybko i bezpiecznie go na\u0142adujesz.<\/p>\n<p><img decoding=\"async\" src=\"\/data\/include\/cms\/1SupFire\/M9-X\/1565590734689891.jpg\"><\/p>\n<h3>Doskonale przemy\u015blana konstrukcja<\/h3>\n<p>Tym, co jeszcze wyr\u00f3\u017cnia latark\u0119 SuperFire, jest kilka praktycznych udogodnie\u0144 konstrukcyjnych. Umieszczony na spodzie sk\u0142adany wspornik umo\u017cliwia stabilne ustawienie urz\u0105dzenia na dowolnej powierzchni. Dzi\u0119ki temu idealnie sprawdzi si\u0119 ono na przyk\u0142ad podczas nocnej wyprawy na ryby. Specjalny hak na ko\u0144cu latarki pozwala wygodnie j\u0105 zawiesi\u0107. Dodatkowa przestrze\u0144 do przechowywania w uchwycie u\u0142atwia mi\u0119dzy innymi transport kabli, \u015brubokr\u0119t\u00f3w czy innych drobnych akcesori\u00f3w.<\/p>\n<p><img decoding=\"async\" src=\"\/data\/include\/cms\/1SupFire\/M9-X\/1565590732959779.jpg\"><\/p>\n<h3>Lekki, wytrzyma\u0142y, wydajny<\/h3>\n<p>Do produkcji latarki wykorzystano wytrzyma\u0142e, a zarazem lekkie tworzywo ABS. Dzi\u0119ki temu urz\u0105dzenie nie wa\u017cy zbyt wiele, co w po\u0142\u0105czeniu ze stosunkowo niewielkim rozmiarem pozwala na jego wygodny transport. Dodatkowym atutem sprz\u0119tu jest klasa wodoodporno\u015bci IP31. Przednia bia\u0142a lampa oraz lampki boczne, czerwona i bia\u0142a, zapewniaj\u0105 optymalne o\u015bwietlenie w niemal ka\u017cdej sytuacji.<\/p>\n<p><img decoding=\"async\" src=\"\/data\/include\/cms\/1SupFire\/M9-X\/b.jpg\"><\/p>\n<h3><\/h3>\n<h3>W zestawie<\/h3>\n<ul>\n<li>Latarka<\/li>\n<li>Kabel USB<\/li>\n<\/ul>\n<div class=\"table-wrapper\">\n<table>\n<tbody>\n<tr>\n<th>Producent <\/th>\n<td>superfire<\/td>\n<\/tr>\n<tr>\n<th>Model <\/th>\n<td>M9-X<\/td>\n<\/tr>\n<tr>\n<th>\u0179r\u00f3d\u0142o \u015bwiat\u0142a<\/th>\n<td>JINGRUI XK<\/td>\n<\/tr>\n<tr>\n<th>Moc znamionowa<\/th>\n<td>9,08<\/td>\n<\/tr>\n<tr>\n<th>Czas pracy<\/th>\n<td>150mins<\/td>\n<\/tr>\n<tr>\n<th>Lumeny<\/th>\n<td>440<\/td>\n<\/tr>\n<tr>\n<th>Odporno\u015b\u0107 na upadek (metry)<\/th>\n<td>1<\/td>\n<\/tr>\n<tr>\n<th>Rozmiar (mm)<\/th>\n<td>200x94x140<\/td>\n<\/tr>\n<tr>\n<th>Waga (g)<\/th>\n<td>388<\/td>\n<\/tr>\n<tr>\n<th>Wodoodporno\u015b\u0107<\/th>\n<td>IP31<\/td>\n<\/tr>\n<tr>\n<th>Maks. odleg\u0142o\u015b\u0107 wi\u0105zki<\/th>\n<td>390<\/td>\n<\/tr>\n<tr>\n<th>Port \u0142adowania<\/th>\n<td>mikro USB<\/td>\n<\/tr>\n<tr>\n<th>Pojemno\u015b\u0107 akumulatora (mAh)<\/th>\n<td>1500<\/td>\n<\/tr>\n<tr>\n<th>Materia\u0142<\/th>\n<td>Plastik ABS<\/td>\n<\/tr>\n<tr>\n<th>Czas \u0142adowania<\/th>\n<td>4H<\/td>\n<\/tr>\n<\/tbody>\n<\/table>\n<\/div>\n","protected":false},"excerpt":{"rendered":"<p>Latarka szperacz SuperFire M9-X &#8211; optymalne o\u015bwietlenie Pot\u0119\u017cna latarka SuperFire M9-X dzi\u0119ki 5 trybom \u015bwiecenia doskonale sprawdza si\u0119 w wielu<\/p>\n","protected":false},"featured_media":41172,"comment_status":"closed","ping_status":"open","template":"","meta":{"_acf_changed":false},"product_brand":[],"product_cat":[5938,5937,5939],"product_tag":[],"class_list":{"0":"post-41171","1":"product","2":"type-product","3":"status-publish","4":"has-post-thumbnail","6":"product_cat-latarki","7":"product_cat-outdoor","8":"product_cat-pozostale-latarki","9":"pa_okres-gwarancji-5754","10":"pa_producent-superfire","12":"first","13":"outofstock","14":"taxable","15":"shipping-taxable","16":"purchasable","17":"product-type-simple"},"acf":[],"yoast_head":"<!-- This site is optimized with the Yoast SEO plugin v27.2 - https:\/\/yoast.com\/product\/yoast-seo-wordpress\/ -->\n<title>Latarka szperacz Superfire M9-X, 440lm, USB - IRONSKY.PL Sklep z Dronami<\/title>\n<meta name=\"description\" content=\"Latarka szperacz Superfire M9-X, 440lm, USB - \u2705 sklep z dronami i fachowym doradztwem. \u2705 Tutaj kupisz produkty DJI, Yuneec, Parrot, Syma i wiele innych, a tak\u017ce kursy i licencje na operatora drona.\" \/>\n<meta name=\"robots\" content=\"index, follow, max-snippet:-1, max-image-preview:large, max-video-preview:-1\" \/>\n<link rel=\"canonical\" href=\"https:\/\/ironsky.pl\/sklep\/produkt\/latarka-szperacz-superfire-m9-x-440lm-usb\/\" \/>\n<meta property=\"og:locale\" content=\"pl_PL\" \/>\n<meta property=\"og:type\" content=\"article\" \/>\n<meta property=\"og:title\" content=\"Latarka szperacz Superfire M9-X, 440lm, USB - IRONSKY.PL Sklep z Dronami\" \/>\n<meta property=\"og:description\" content=\"Latarka szperacz Superfire M9-X, 440lm, USB - \u2705 sklep z dronami i fachowym doradztwem. \u2705 Tutaj kupisz produkty DJI, Yuneec, Parrot, Syma i wiele innych, a tak\u017ce kursy i licencje na operatora drona.\" \/>\n<meta property=\"og:url\" content=\"https:\/\/ironsky.pl\/sklep\/produkt\/latarka-szperacz-superfire-m9-x-440lm-usb\/\" \/>\n<meta property=\"og:site_name\" content=\"IRONSKY.PL Sklep z Dronami\" \/>\n<meta property=\"article:modified_time\" content=\"2026-03-05T14:56:49+00:00\" \/>\n<meta property=\"og:image\" content=\"https:\/\/ironsky.pl\/sklep\/wp-content\/uploads\/2025\/06\/19231_2.jpg\" \/>\n\t<meta property=\"og:image:width\" content=\"800\" \/>\n\t<meta property=\"og:image:height\" content=\"800\" \/>\n\t<meta property=\"og:image:type\" content=\"image\/jpeg\" \/>\n<meta name=\"twitter:card\" content=\"summary_large_image\" \/>\n<meta name=\"twitter:label1\" content=\"Szacowany czas czytania\" \/>\n\t<meta name=\"twitter:data1\" content=\"2 minuty\" \/>\n<script type=\"application\/ld+json\" class=\"yoast-schema-graph\">{\"@context\":\"https:\/\/schema.org\",\"@graph\":[{\"@type\":\"WebPage\",\"@id\":\"https:\/\/ironsky.pl\/sklep\/produkt\/latarka-szperacz-superfire-m9-x-440lm-usb\/\",\"url\":\"https:\/\/ironsky.pl\/sklep\/produkt\/latarka-szperacz-superfire-m9-x-440lm-usb\/\",\"name\":\"Latarka szperacz Superfire M9-X, 440lm, USB - IRONSKY.PL Sklep z Dronami\",\"isPartOf\":{\"@id\":\"https:\/\/ironsky.pl\/sklep\/#website\"},\"primaryImageOfPage\":{\"@id\":\"https:\/\/ironsky.pl\/sklep\/produkt\/latarka-szperacz-superfire-m9-x-440lm-usb\/#primaryimage\"},\"image\":{\"@id\":\"https:\/\/ironsky.pl\/sklep\/produkt\/latarka-szperacz-superfire-m9-x-440lm-usb\/#primaryimage\"},\"thumbnailUrl\":\"https:\/\/ironsky.pl\/sklep\/wp-content\/uploads\/2025\/06\/19231_2.jpg\",\"datePublished\":\"2025-06-13T12:40:46+00:00\",\"dateModified\":\"2026-03-05T14:56:49+00:00\",\"description\":\"Latarka szperacz Superfire M9-X, 440lm, USB - \u2705 sklep z dronami i fachowym doradztwem. \u2705 Tutaj kupisz produkty DJI, Yuneec, Parrot, Syma i wiele innych, a tak\u017ce kursy i licencje na operatora drona.\",\"breadcrumb\":{\"@id\":\"https:\/\/ironsky.pl\/sklep\/produkt\/latarka-szperacz-superfire-m9-x-440lm-usb\/#breadcrumb\"},\"inLanguage\":\"pl-PL\",\"potentialAction\":[{\"@type\":\"ReadAction\",\"target\":[\"https:\/\/ironsky.pl\/sklep\/produkt\/latarka-szperacz-superfire-m9-x-440lm-usb\/\"]}]},{\"@type\":\"ImageObject\",\"inLanguage\":\"pl-PL\",\"@id\":\"https:\/\/ironsky.pl\/sklep\/produkt\/latarka-szperacz-superfire-m9-x-440lm-usb\/#primaryimage\",\"url\":\"https:\/\/ironsky.pl\/sklep\/wp-content\/uploads\/2025\/06\/19231_2.jpg\",\"contentUrl\":\"https:\/\/ironsky.pl\/sklep\/wp-content\/uploads\/2025\/06\/19231_2.jpg\",\"width\":800,\"height\":800},{\"@type\":\"BreadcrumbList\",\"@id\":\"https:\/\/ironsky.pl\/sklep\/produkt\/latarka-szperacz-superfire-m9-x-440lm-usb\/#breadcrumb\",\"itemListElement\":[{\"@type\":\"ListItem\",\"position\":1,\"name\":\"Strona g\u0142\u00f3wna\",\"item\":\"https:\/\/ironsky.pl\/sklep\/\"},{\"@type\":\"ListItem\",\"position\":2,\"name\":\"Wszystkie produkty\",\"item\":\"https:\/\/ironsky.pl\/sklep\/produkty\/\"},{\"@type\":\"ListItem\",\"position\":3,\"name\":\"Latarka szperacz Superfire M9-X, 440lm, USB\"}]},{\"@type\":\"WebSite\",\"@id\":\"https:\/\/ironsky.pl\/sklep\/#website\",\"url\":\"https:\/\/ironsky.pl\/sklep\/\",\"name\":\"IRONSKY.PL Sklep z Dronami\",\"description\":\"IRONSKY.PL Sklep z Dronami\",\"potentialAction\":[{\"@type\":\"SearchAction\",\"target\":{\"@type\":\"EntryPoint\",\"urlTemplate\":\"https:\/\/ironsky.pl\/sklep\/?s={search_term_string}\"},\"query-input\":{\"@type\":\"PropertyValueSpecification\",\"valueRequired\":true,\"valueName\":\"search_term_string\"}}],\"inLanguage\":\"pl-PL\"}]}<\/script>\n<!-- \/ Yoast SEO plugin. -->","yoast_head_json":{"title":"Latarka szperacz Superfire M9-X, 440lm, USB - IRONSKY.PL Sklep z Dronami","description":"Latarka szperacz Superfire M9-X, 440lm, USB - \u2705 sklep z dronami i fachowym doradztwem. \u2705 Tutaj kupisz produkty DJI, Yuneec, Parrot, Syma i wiele innych, a tak\u017ce kursy i licencje na operatora drona.","robots":{"index":"index","follow":"follow","max-snippet":"max-snippet:-1","max-image-preview":"max-image-preview:large","max-video-preview":"max-video-preview:-1"},"canonical":"https:\/\/ironsky.pl\/sklep\/produkt\/latarka-szperacz-superfire-m9-x-440lm-usb\/","og_locale":"pl_PL","og_type":"article","og_title":"Latarka szperacz Superfire M9-X, 440lm, USB - IRONSKY.PL Sklep z Dronami","og_description":"Latarka szperacz Superfire M9-X, 440lm, USB - \u2705 sklep z dronami i fachowym doradztwem. \u2705 Tutaj kupisz produkty DJI, Yuneec, Parrot, Syma i wiele innych, a tak\u017ce kursy i licencje na operatora drona.","og_url":"https:\/\/ironsky.pl\/sklep\/produkt\/latarka-szperacz-superfire-m9-x-440lm-usb\/","og_site_name":"IRONSKY.PL Sklep z Dronami","article_modified_time":"2026-03-05T14:56:49+00:00","og_image":[{"width":800,"height":800,"url":"https:\/\/ironsky.pl\/sklep\/wp-content\/uploads\/2025\/06\/19231_2.jpg","type":"image\/jpeg"}],"twitter_card":"summary_large_image","twitter_misc":{"Szacowany czas czytania":"2 minuty"},"schema":{"@context":"https:\/\/schema.org","@graph":[{"@type":"WebPage","@id":"https:\/\/ironsky.pl\/sklep\/produkt\/latarka-szperacz-superfire-m9-x-440lm-usb\/","url":"https:\/\/ironsky.pl\/sklep\/produkt\/latarka-szperacz-superfire-m9-x-440lm-usb\/","name":"Latarka szperacz Superfire M9-X, 440lm, USB - IRONSKY.PL Sklep z Dronami","isPartOf":{"@id":"https:\/\/ironsky.pl\/sklep\/#website"},"primaryImageOfPage":{"@id":"https:\/\/ironsky.pl\/sklep\/produkt\/latarka-szperacz-superfire-m9-x-440lm-usb\/#primaryimage"},"image":{"@id":"https:\/\/ironsky.pl\/sklep\/produkt\/latarka-szperacz-superfire-m9-x-440lm-usb\/#primaryimage"},"thumbnailUrl":"https:\/\/ironsky.pl\/sklep\/wp-content\/uploads\/2025\/06\/19231_2.jpg","datePublished":"2025-06-13T12:40:46+00:00","dateModified":"2026-03-05T14:56:49+00:00","description":"Latarka szperacz Superfire M9-X, 440lm, USB - \u2705 sklep z dronami i fachowym doradztwem. \u2705 Tutaj kupisz produkty DJI, Yuneec, Parrot, Syma i wiele innych, a tak\u017ce kursy i licencje na operatora drona.","breadcrumb":{"@id":"https:\/\/ironsky.pl\/sklep\/produkt\/latarka-szperacz-superfire-m9-x-440lm-usb\/#breadcrumb"},"inLanguage":"pl-PL","potentialAction":[{"@type":"ReadAction","target":["https:\/\/ironsky.pl\/sklep\/produkt\/latarka-szperacz-superfire-m9-x-440lm-usb\/"]}]},{"@type":"ImageObject","inLanguage":"pl-PL","@id":"https:\/\/ironsky.pl\/sklep\/produkt\/latarka-szperacz-superfire-m9-x-440lm-usb\/#primaryimage","url":"https:\/\/ironsky.pl\/sklep\/wp-content\/uploads\/2025\/06\/19231_2.jpg","contentUrl":"https:\/\/ironsky.pl\/sklep\/wp-content\/uploads\/2025\/06\/19231_2.jpg","width":800,"height":800},{"@type":"BreadcrumbList","@id":"https:\/\/ironsky.pl\/sklep\/produkt\/latarka-szperacz-superfire-m9-x-440lm-usb\/#breadcrumb","itemListElement":[{"@type":"ListItem","position":1,"name":"Strona g\u0142\u00f3wna","item":"https:\/\/ironsky.pl\/sklep\/"},{"@type":"ListItem","position":2,"name":"Wszystkie produkty","item":"https:\/\/ironsky.pl\/sklep\/produkty\/"},{"@type":"ListItem","position":3,"name":"Latarka szperacz Superfire M9-X, 440lm, USB"}]},{"@type":"WebSite","@id":"https:\/\/ironsky.pl\/sklep\/#website","url":"https:\/\/ironsky.pl\/sklep\/","name":"IRONSKY.PL Sklep z Dronami","description":"IRONSKY.PL Sklep z Dronami","potentialAction":[{"@type":"SearchAction","target":{"@type":"EntryPoint","urlTemplate":"https:\/\/ironsky.pl\/sklep\/?s={search_term_string}"},"query-input":{"@type":"PropertyValueSpecification","valueRequired":true,"valueName":"search_term_string"}}],"inLanguage":"pl-PL"}]}},"_links":{"self":[{"href":"https:\/\/ironsky.pl\/sklep\/wp-json\/wp\/v2\/product\/41171","targetHints":{"allow":["GET"]}}],"collection":[{"href":"https:\/\/ironsky.pl\/sklep\/wp-json\/wp\/v2\/product"}],"about":[{"href":"https:\/\/ironsky.pl\/sklep\/wp-json\/wp\/v2\/types\/product"}],"replies":[{"embeddable":true,"href":"https:\/\/ironsky.pl\/sklep\/wp-json\/wp\/v2\/comments?post=41171"}],"wp:featuredmedia":[{"embeddable":true,"href":"https:\/\/ironsky.pl\/sklep\/wp-json\/wp\/v2\/media\/41172"}],"wp:attachment":[{"href":"https:\/\/ironsky.pl\/sklep\/wp-json\/wp\/v2\/media?parent=41171"}],"wp:term":[{"taxonomy":"product_brand","embeddable":true,"href":"https:\/\/ironsky.pl\/sklep\/wp-json\/wp\/v2\/product_brand?post=41171"},{"taxonomy":"product_cat","embeddable":true,"href":"https:\/\/ironsky.pl\/sklep\/wp-json\/wp\/v2\/product_cat?post=41171"},{"taxonomy":"product_tag","embeddable":true,"href":"https:\/\/ironsky.pl\/sklep\/wp-json\/wp\/v2\/product_tag?post=41171"}],"curies":[{"name":"wp","href":"https:\/\/api.w.org\/{rel}","templated":true}]}}