{"id":40417,"date":"2025-05-26T18:04:50","date_gmt":"2025-05-26T16:04:50","guid":{"rendered":"https:\/\/ironsky.pl\/drony-sklep\/produkt\/modul-do-sledzenia-insta360-flow-2-pro-ai-tracker\/"},"modified":"2026-03-05T15:56:29","modified_gmt":"2026-03-05T14:56:29","slug":"modul-do-sledzenia-insta360-flow-2-pro-ai-tracker","status":"publish","type":"product","link":"https:\/\/ironsky.pl\/sklep\/produkt\/modul-do-sledzenia-insta360-flow-2-pro-ai-tracker\/","title":{"rendered":"Modu\u0142 do \u015bledzenia Insta360 Flow 2 Pro AI Tracker"},"content":{"rendered":"<h3>Modu\u0142 do \u015bledzenia Insta360 Flow 2 Pro AI Tracker<\/h3>\n<p>Insta360 Flow 2 Pro AI Tracker to inteligentny modu\u0142 \u015bledzenia, kt\u00f3ry dzia\u0142a niezale\u017cnie od aplikacji czy konkretnego modelu telefonu. Umo\u017cliwia \u015bledzenie w czasie rzeczywistym podczas rozm\u00f3w wideo, transmisji na \u017cywo i spotka\u0144 online \u2013 z wi\u0119ksz\u0105 kompatybilno\u015bci\u0105 i bez potrzeby korzystania z dodatkowych narz\u0119dzi.<\/p>\n<p>\n<img decoding=\"async\" src=\"https:\/\/assets.innpro.pl\/15648\/19666\/5.jpg\" border=\"0\" alt=\"\" \/>\n<\/p>\n<h3>Dok\u0142adne \u015bledzenie dzi\u0119ki AI w ka\u017cdej sytuacji<\/h3>\n<p>Zaawansowane algorytmy sztucznej inteligencji sprawiaj\u0105, \u017ce Flow 2 Pro skutecznie rozpoznaje i \u015bledzi osoby nawet w trudnych warunkach, np. przy du\u017cym ruchu w tle czy zmiennym o\u015bwietleniu. Urz\u0105dzenie utrzymuje p\u0142ynne i stabilne \u015bledzenie obiektu, co przek\u0142ada si\u0119 na bardziej profesjonalne, dynamiczne nagrania.<\/p>\n<p>\n<img decoding=\"async\" src=\"https:\/\/assets.innpro.pl\/15648\/19666\/4.jpg\" border=\"0\" alt=\"\" \/>\n<\/p>\n<h3>Wbudowane o\u015bwietlenie<\/h3>\n<p>Modu\u0142 zosta\u0142 wyposa\u017cony w zintegrowan\u0105 lamp\u0119 LED z trzema poziomami jasno\u015bci i trzema ustawieniami temperatury barwowej. Pozwala to szybko i wygodnie dopasowa\u0107 o\u015bwietlenie do warunk\u00f3w otoczenia, niezale\u017cnie od tego, czy nagrywasz w domu, biurze czy na zewn\u0105trz.<\/p>\n<p>\n<img decoding=\"async\" src=\"https:\/\/assets.innpro.pl\/15648\/19666\/6.jpg\" border=\"0\" alt=\"\" \/>\n<\/p>\n<h3>Obs\u0142uga gest\u00f3w \u2013 prostota dzia\u0142ania<\/h3>\n<p>Sterowanie gestami sprawia, \u017ce obs\u0142uga jest szybka i intuicyjna. Wystarczy unie\u015b\u0107 d\u0142o\u0144, aby uruchomi\u0107 lub zatrzyma\u0107 tryb \u015bledzenia. To wygodne rozwi\u0105zanie, kt\u00f3re pozwala skupi\u0107 si\u0119 na nagraniu bez dotykania sprz\u0119tu.<\/p>\n<p>\n<img decoding=\"async\" src=\"https:\/\/assets.innpro.pl\/15648\/19666\/1.jpg\" border=\"0\" alt=\"\" \/>\n<\/p>\n<div class=\"table-wrapper\">\n<p>\u00a0<\/p>\n<h3><\/h3>\n<table>\n<tbody>\n<tr>\n<th>Producent<\/th>\n<td>insta360<\/td>\n<\/tr>\n<tr>\n<th>Kod produktu<\/th>\n<td>CINSBBQA<\/td>\n<\/tr>\n<tr>\n<th>Waga<\/th>\n<td>14 g (\u00b10.5 g)<\/td>\n<\/tr>\n<tr>\n<th>Wymiary<\/th>\n<td>57.4 x 46 x 15.8 mm<\/td>\n<\/tr>\n<tr>\n<th>Materia\u0142<\/th>\n<td>PC<\/td>\n<\/tr>\n<tr>\n<th>Pob\u00f3r mocy<\/th>\n<td>1.6 W<\/td>\n<\/tr>\n<tr>\n<th>Napi\u0119cie wej\u015bciowe<\/th>\n<td>5V=320 mA<\/td>\n<\/tr>\n<tr>\n<th>Temperatura barwowa<\/th>\n<td>zimna (5000 K), ciep\u0142a (2900 K), mieszana (3500 K)<\/td>\n<\/tr>\n<tr>\n<th>Jasno\u015b\u0107<\/th>\n<td>10-80 lux (odleg\u0142o\u015b\u0107 0.6 m)<\/td>\n<\/tr>\n<tr>\n<th>Temperatura robocza<\/th>\n<td>od -10\u00b0C do 40\u00b0C<\/td>\n<\/tr>\n<\/tbody>\n<\/table>\n<\/div>\n","protected":false},"excerpt":{"rendered":"<p>Modu\u0142 do \u015bledzenia Insta360 Flow 2 Pro AI Tracker Insta360 Flow 2 Pro AI Tracker to inteligentny modu\u0142 \u015bledzenia, kt\u00f3ry<\/p>\n","protected":false},"featured_media":40418,"comment_status":"closed","ping_status":"open","template":"","meta":{"_acf_changed":false},"product_brand":[],"product_cat":[1130,1165,1128],"product_tag":[],"class_list":{"0":"post-40417","1":"product","2":"type-product","3":"status-publish","4":"has-post-thumbnail","6":"product_cat-akcesoria-foto","7":"product_cat-do-gmbali","8":"product_cat-foto-wideo","9":"pa_okres-gwarancji-5757","10":"pa_producent-insta360","12":"first","13":"outofstock","14":"taxable","15":"shipping-taxable","16":"purchasable","17":"product-type-simple"},"acf":[],"yoast_head":"<!-- This site is optimized with the Yoast SEO plugin v27.2 - https:\/\/yoast.com\/product\/yoast-seo-wordpress\/ -->\n<title>Modu\u0142 do \u015bledzenia Insta360 Flow 2 Pro AI Tracker - IRONSKY.PL Sklep z Dronami<\/title>\n<meta name=\"description\" content=\"Modu\u0142 do \u015bledzenia Insta360 Flow 2 Pro AI Tracker - \u2705 sklep z dronami i fachowym doradztwem. \u2705 Tutaj kupisz produkty DJI, Yuneec, Parrot, Syma i wiele innych, a tak\u017ce kursy i licencje na operatora drona.\" \/>\n<meta name=\"robots\" content=\"index, follow, max-snippet:-1, max-image-preview:large, max-video-preview:-1\" \/>\n<link rel=\"canonical\" href=\"https:\/\/ironsky.pl\/sklep\/produkt\/modul-do-sledzenia-insta360-flow-2-pro-ai-tracker\/\" \/>\n<meta property=\"og:locale\" content=\"pl_PL\" \/>\n<meta property=\"og:type\" content=\"article\" \/>\n<meta property=\"og:title\" content=\"Modu\u0142 do \u015bledzenia Insta360 Flow 2 Pro AI Tracker - IRONSKY.PL Sklep z Dronami\" \/>\n<meta property=\"og:description\" content=\"Modu\u0142 do \u015bledzenia Insta360 Flow 2 Pro AI Tracker - \u2705 sklep z dronami i fachowym doradztwem. \u2705 Tutaj kupisz produkty DJI, Yuneec, Parrot, Syma i wiele innych, a tak\u017ce kursy i licencje na operatora drona.\" \/>\n<meta property=\"og:url\" content=\"https:\/\/ironsky.pl\/sklep\/produkt\/modul-do-sledzenia-insta360-flow-2-pro-ai-tracker\/\" \/>\n<meta property=\"og:site_name\" content=\"IRONSKY.PL Sklep z Dronami\" \/>\n<meta property=\"article:modified_time\" content=\"2026-03-05T14:56:29+00:00\" \/>\n<meta property=\"og:image\" content=\"https:\/\/ironsky.pl\/sklep\/wp-content\/uploads\/2025\/05\/52457_2.jpg\" \/>\n\t<meta property=\"og:image:width\" content=\"800\" \/>\n\t<meta property=\"og:image:height\" content=\"800\" \/>\n\t<meta property=\"og:image:type\" content=\"image\/jpeg\" \/>\n<meta name=\"twitter:card\" content=\"summary_large_image\" \/>\n<meta name=\"twitter:label1\" content=\"Szacowany czas czytania\" \/>\n\t<meta name=\"twitter:data1\" content=\"1 minuta\" \/>\n<script type=\"application\/ld+json\" class=\"yoast-schema-graph\">{\"@context\":\"https:\/\/schema.org\",\"@graph\":[{\"@type\":\"WebPage\",\"@id\":\"https:\/\/ironsky.pl\/sklep\/produkt\/modul-do-sledzenia-insta360-flow-2-pro-ai-tracker\/\",\"url\":\"https:\/\/ironsky.pl\/sklep\/produkt\/modul-do-sledzenia-insta360-flow-2-pro-ai-tracker\/\",\"name\":\"Modu\u0142 do \u015bledzenia Insta360 Flow 2 Pro AI Tracker - IRONSKY.PL Sklep z Dronami\",\"isPartOf\":{\"@id\":\"https:\/\/ironsky.pl\/sklep\/#website\"},\"primaryImageOfPage\":{\"@id\":\"https:\/\/ironsky.pl\/sklep\/produkt\/modul-do-sledzenia-insta360-flow-2-pro-ai-tracker\/#primaryimage\"},\"image\":{\"@id\":\"https:\/\/ironsky.pl\/sklep\/produkt\/modul-do-sledzenia-insta360-flow-2-pro-ai-tracker\/#primaryimage\"},\"thumbnailUrl\":\"https:\/\/ironsky.pl\/sklep\/wp-content\/uploads\/2025\/05\/52457_2.jpg\",\"datePublished\":\"2025-05-26T16:04:50+00:00\",\"dateModified\":\"2026-03-05T14:56:29+00:00\",\"description\":\"Modu\u0142 do \u015bledzenia Insta360 Flow 2 Pro AI Tracker - \u2705 sklep z dronami i fachowym doradztwem. \u2705 Tutaj kupisz produkty DJI, Yuneec, Parrot, Syma i wiele innych, a tak\u017ce kursy i licencje na operatora drona.\",\"breadcrumb\":{\"@id\":\"https:\/\/ironsky.pl\/sklep\/produkt\/modul-do-sledzenia-insta360-flow-2-pro-ai-tracker\/#breadcrumb\"},\"inLanguage\":\"pl-PL\",\"potentialAction\":[{\"@type\":\"ReadAction\",\"target\":[\"https:\/\/ironsky.pl\/sklep\/produkt\/modul-do-sledzenia-insta360-flow-2-pro-ai-tracker\/\"]}]},{\"@type\":\"ImageObject\",\"inLanguage\":\"pl-PL\",\"@id\":\"https:\/\/ironsky.pl\/sklep\/produkt\/modul-do-sledzenia-insta360-flow-2-pro-ai-tracker\/#primaryimage\",\"url\":\"https:\/\/ironsky.pl\/sklep\/wp-content\/uploads\/2025\/05\/52457_2.jpg\",\"contentUrl\":\"https:\/\/ironsky.pl\/sklep\/wp-content\/uploads\/2025\/05\/52457_2.jpg\",\"width\":800,\"height\":800},{\"@type\":\"BreadcrumbList\",\"@id\":\"https:\/\/ironsky.pl\/sklep\/produkt\/modul-do-sledzenia-insta360-flow-2-pro-ai-tracker\/#breadcrumb\",\"itemListElement\":[{\"@type\":\"ListItem\",\"position\":1,\"name\":\"Strona g\u0142\u00f3wna\",\"item\":\"https:\/\/ironsky.pl\/sklep\/\"},{\"@type\":\"ListItem\",\"position\":2,\"name\":\"Wszystkie produkty\",\"item\":\"https:\/\/ironsky.pl\/sklep\/produkty\/\"},{\"@type\":\"ListItem\",\"position\":3,\"name\":\"Modu\u0142 do \u015bledzenia Insta360 Flow 2 Pro AI Tracker\"}]},{\"@type\":\"WebSite\",\"@id\":\"https:\/\/ironsky.pl\/sklep\/#website\",\"url\":\"https:\/\/ironsky.pl\/sklep\/\",\"name\":\"IRONSKY.PL Sklep z Dronami\",\"description\":\"IRONSKY.PL Sklep z Dronami\",\"potentialAction\":[{\"@type\":\"SearchAction\",\"target\":{\"@type\":\"EntryPoint\",\"urlTemplate\":\"https:\/\/ironsky.pl\/sklep\/?s={search_term_string}\"},\"query-input\":{\"@type\":\"PropertyValueSpecification\",\"valueRequired\":true,\"valueName\":\"search_term_string\"}}],\"inLanguage\":\"pl-PL\"}]}<\/script>\n<!-- \/ Yoast SEO plugin. -->","yoast_head_json":{"title":"Modu\u0142 do \u015bledzenia Insta360 Flow 2 Pro AI Tracker - IRONSKY.PL Sklep z Dronami","description":"Modu\u0142 do \u015bledzenia Insta360 Flow 2 Pro AI Tracker - \u2705 sklep z dronami i fachowym doradztwem. \u2705 Tutaj kupisz produkty DJI, Yuneec, Parrot, Syma i wiele innych, a tak\u017ce kursy i licencje na operatora drona.","robots":{"index":"index","follow":"follow","max-snippet":"max-snippet:-1","max-image-preview":"max-image-preview:large","max-video-preview":"max-video-preview:-1"},"canonical":"https:\/\/ironsky.pl\/sklep\/produkt\/modul-do-sledzenia-insta360-flow-2-pro-ai-tracker\/","og_locale":"pl_PL","og_type":"article","og_title":"Modu\u0142 do \u015bledzenia Insta360 Flow 2 Pro AI Tracker - IRONSKY.PL Sklep z Dronami","og_description":"Modu\u0142 do \u015bledzenia Insta360 Flow 2 Pro AI Tracker - \u2705 sklep z dronami i fachowym doradztwem. \u2705 Tutaj kupisz produkty DJI, Yuneec, Parrot, Syma i wiele innych, a tak\u017ce kursy i licencje na operatora drona.","og_url":"https:\/\/ironsky.pl\/sklep\/produkt\/modul-do-sledzenia-insta360-flow-2-pro-ai-tracker\/","og_site_name":"IRONSKY.PL Sklep z Dronami","article_modified_time":"2026-03-05T14:56:29+00:00","og_image":[{"width":800,"height":800,"url":"https:\/\/ironsky.pl\/sklep\/wp-content\/uploads\/2025\/05\/52457_2.jpg","type":"image\/jpeg"}],"twitter_card":"summary_large_image","twitter_misc":{"Szacowany czas czytania":"1 minuta"},"schema":{"@context":"https:\/\/schema.org","@graph":[{"@type":"WebPage","@id":"https:\/\/ironsky.pl\/sklep\/produkt\/modul-do-sledzenia-insta360-flow-2-pro-ai-tracker\/","url":"https:\/\/ironsky.pl\/sklep\/produkt\/modul-do-sledzenia-insta360-flow-2-pro-ai-tracker\/","name":"Modu\u0142 do \u015bledzenia Insta360 Flow 2 Pro AI Tracker - IRONSKY.PL Sklep z Dronami","isPartOf":{"@id":"https:\/\/ironsky.pl\/sklep\/#website"},"primaryImageOfPage":{"@id":"https:\/\/ironsky.pl\/sklep\/produkt\/modul-do-sledzenia-insta360-flow-2-pro-ai-tracker\/#primaryimage"},"image":{"@id":"https:\/\/ironsky.pl\/sklep\/produkt\/modul-do-sledzenia-insta360-flow-2-pro-ai-tracker\/#primaryimage"},"thumbnailUrl":"https:\/\/ironsky.pl\/sklep\/wp-content\/uploads\/2025\/05\/52457_2.jpg","datePublished":"2025-05-26T16:04:50+00:00","dateModified":"2026-03-05T14:56:29+00:00","description":"Modu\u0142 do \u015bledzenia Insta360 Flow 2 Pro AI Tracker - \u2705 sklep z dronami i fachowym doradztwem. \u2705 Tutaj kupisz produkty DJI, Yuneec, Parrot, Syma i wiele innych, a tak\u017ce kursy i licencje na operatora drona.","breadcrumb":{"@id":"https:\/\/ironsky.pl\/sklep\/produkt\/modul-do-sledzenia-insta360-flow-2-pro-ai-tracker\/#breadcrumb"},"inLanguage":"pl-PL","potentialAction":[{"@type":"ReadAction","target":["https:\/\/ironsky.pl\/sklep\/produkt\/modul-do-sledzenia-insta360-flow-2-pro-ai-tracker\/"]}]},{"@type":"ImageObject","inLanguage":"pl-PL","@id":"https:\/\/ironsky.pl\/sklep\/produkt\/modul-do-sledzenia-insta360-flow-2-pro-ai-tracker\/#primaryimage","url":"https:\/\/ironsky.pl\/sklep\/wp-content\/uploads\/2025\/05\/52457_2.jpg","contentUrl":"https:\/\/ironsky.pl\/sklep\/wp-content\/uploads\/2025\/05\/52457_2.jpg","width":800,"height":800},{"@type":"BreadcrumbList","@id":"https:\/\/ironsky.pl\/sklep\/produkt\/modul-do-sledzenia-insta360-flow-2-pro-ai-tracker\/#breadcrumb","itemListElement":[{"@type":"ListItem","position":1,"name":"Strona g\u0142\u00f3wna","item":"https:\/\/ironsky.pl\/sklep\/"},{"@type":"ListItem","position":2,"name":"Wszystkie produkty","item":"https:\/\/ironsky.pl\/sklep\/produkty\/"},{"@type":"ListItem","position":3,"name":"Modu\u0142 do \u015bledzenia Insta360 Flow 2 Pro AI Tracker"}]},{"@type":"WebSite","@id":"https:\/\/ironsky.pl\/sklep\/#website","url":"https:\/\/ironsky.pl\/sklep\/","name":"IRONSKY.PL Sklep z Dronami","description":"IRONSKY.PL Sklep z Dronami","potentialAction":[{"@type":"SearchAction","target":{"@type":"EntryPoint","urlTemplate":"https:\/\/ironsky.pl\/sklep\/?s={search_term_string}"},"query-input":{"@type":"PropertyValueSpecification","valueRequired":true,"valueName":"search_term_string"}}],"inLanguage":"pl-PL"}]}},"_links":{"self":[{"href":"https:\/\/ironsky.pl\/sklep\/wp-json\/wp\/v2\/product\/40417","targetHints":{"allow":["GET"]}}],"collection":[{"href":"https:\/\/ironsky.pl\/sklep\/wp-json\/wp\/v2\/product"}],"about":[{"href":"https:\/\/ironsky.pl\/sklep\/wp-json\/wp\/v2\/types\/product"}],"replies":[{"embeddable":true,"href":"https:\/\/ironsky.pl\/sklep\/wp-json\/wp\/v2\/comments?post=40417"}],"wp:featuredmedia":[{"embeddable":true,"href":"https:\/\/ironsky.pl\/sklep\/wp-json\/wp\/v2\/media\/40418"}],"wp:attachment":[{"href":"https:\/\/ironsky.pl\/sklep\/wp-json\/wp\/v2\/media?parent=40417"}],"wp:term":[{"taxonomy":"product_brand","embeddable":true,"href":"https:\/\/ironsky.pl\/sklep\/wp-json\/wp\/v2\/product_brand?post=40417"},{"taxonomy":"product_cat","embeddable":true,"href":"https:\/\/ironsky.pl\/sklep\/wp-json\/wp\/v2\/product_cat?post=40417"},{"taxonomy":"product_tag","embeddable":true,"href":"https:\/\/ironsky.pl\/sklep\/wp-json\/wp\/v2\/product_tag?post=40417"}],"curies":[{"name":"wp","href":"https:\/\/api.w.org\/{rel}","templated":true}]}}