{"id":40304,"date":"2025-05-26T18:03:37","date_gmt":"2025-05-26T16:03:37","guid":{"rendered":"https:\/\/ironsky.pl\/drony-sklep\/produkt\/stabilizator-insta360-flow-2-pro-ai-tracker-bundle-szary\/"},"modified":"2026-03-05T15:56:26","modified_gmt":"2026-03-05T14:56:26","slug":"stabilizator-insta360-flow-2-pro-ai-tracker-bundle-szary","status":"publish","type":"product","link":"https:\/\/ironsky.pl\/sklep\/produkt\/stabilizator-insta360-flow-2-pro-ai-tracker-bundle-szary\/","title":{"rendered":"Stabilizator Insta360 Flow 2 Pro AI Tracker Bundle (szary)"},"content":{"rendered":"<h3>Stabilizator Insta360 Flow 2 Pro AI Tracker Bundle (szary)<\/h3>\n<p>Insta360 Flow 2 Pro pozwoli Ci tworzy\u0107 materia\u0142y w jeszcze lepszej jako\u015bci. Sk\u0142adana konstrukcja mie\u015bci si\u0119 w kieszeni, a dzi\u0119ki systemowi szybkiego rozk\u0142adania 1-Step Rapid Deploy, jest gotowy do dzia\u0142ania w kilka sekund \u2013 bez zb\u0119dnych przycisk\u00f3w czy konfiguracji. Tr\u00f3josiowa stabilizacja gwarantuje p\u0142ynne uj\u0119cia bez drga\u0144, a wbudowane funkcje, takie jak automatyczne \u015bledzenie obiekt\u00f3w, sterowanie gestami, aktywne \u015bledzenie z oddali, czy powerbank, sprawiaj\u0105, \u017ce sprawdzi si\u0119 podczas tworzenia r\u00f3\u017cnych materia\u0142\u00f3w.\u00a0<\/p>\n<p>\n<img decoding=\"async\" src=\"https:\/\/assets.innpro.pl\/13822\/17059\/5.jpg\" border=\"0\" alt=\"\" \/>\n<\/p>\n<h3>Gotowy do dzia\u0142ania w kilka sekund<\/h3>\n<p>Z Flow 2 Pro nagrywanie zaczynasz dok\u0142adnie wtedy, gdy masz na to ochot\u0119 \u2013 bez szukania przycisk\u00f3w, bez uruchamiania aplikacji, bez zb\u0119dnego czekania. Innowacyjna funkcja 1-Step Rapid Deploy pozwala natychmiast uruchomi\u0107 stabilizator \u2013 wystarczy roz\u0142o\u017cy\u0107 rami\u0119, zamocowa\u0107 telefon i mo\u017cna od razu przej\u015b\u0107 do dzia\u0142ania. To ogromna wygoda, szczeg\u00f3lnie w sytuacjach, gdy liczy si\u0119 ka\u017cda sekunda, a chcesz uchwyci\u0107 spontaniczny moment. Po zako\u0144czeniu nagra\u0144 urz\u0105dzenie sk\u0142ada si\u0119 do niewielkich rozmiar\u00f3w, dzi\u0119ki czemu bez problemu zmie\u015bci si\u0119 w kieszeni kurtki, plecaku czy torbie.\u00a0<\/p>\n<p>\n<img decoding=\"async\" src=\"https:\/\/assets.innpro.pl\/13822\/17059\/1.jpg\" border=\"0\" alt=\"\" \/>\n<\/p>\n<h3>Niezawodna stabilizacja<\/h3>\n<p>Insta360 Flow 2 Pro wykorzystuje w 3-osiow\u0105 stabilizacj\u0119, kt\u00f3ra znacz\u0105co poprawia jako\u015b\u0107 nagra\u0144, eliminuj\u0105c drgania i wstrz\u0105sy podczas nagrywania. Efekt? P\u0142ynne, profesjonalne uj\u0119cia, kt\u00f3re robi\u0105 wra\u017cenie zar\u00f3wno podczas codziennego vlogowania, jak i przy bardziej wymagaj\u0105cych projektach. Niezale\u017cnie od tego, czy nagrywasz spacer po mie\u015bcie, jazd\u0119 na rowerze, relacj\u0119 z wydarzenia czy zabawy z dzie\u0107mi \u2013 Twoje nagrania b\u0119d\u0105 wyra\u017ane i stabilne.<\/p>\n<p>\n<img decoding=\"async\" src=\"https:\/\/assets.innpro.pl\/13822\/17059\/6.jpg\" border=\"0\" alt=\"\" \/>\n<\/p>\n<h3>Pe\u0142na kompatybilno\u015b\u0107 z iPhone\u2019em dzi\u0119ki Apple DockKit<\/h3>\n<p>Flow 2 Pro to pierwszy gimbal, kt\u00f3ry w pe\u0142ni wykorzystuje mo\u017cliwo\u015bci Apple DockKit \u2013 nowego rozwi\u0105zania Apple do \u015bledzenia obiekt\u00f3w. Dzi\u0119ki temu mo\u017cesz korzysta\u0107 z funkcji automatycznego \u015bledzenia twarzy i ruchu bezpo\u015brednio w natywnej aplikacji aparatu iPhone\u2019a. Nie potrzebujesz \u017cadnych zewn\u0119trznych aplikacji ani skomplikowanej konfiguracji. Niezale\u017cnie od tego, czy nagrywasz vlogi, prowadzisz transmisje na \u017cywo, rozmawiasz na FaceTime czy bierzesz udzia\u0142 w spotkaniach online \u2013 Flow 2 Pro zadba o to, \u017ceby\u015b zawsze by\u0142 w centrum kadru. Kompatybilno\u015b\u0107 z Apple ProRes i Dolby Vision dodatkowo otwiera drzwi do nagrywania materia\u0142\u00f3w w jako\u015bci zarezerwowanej dot\u0105d dla profesjonalist\u00f3w.<\/p>\n<p>\n<img decoding=\"async\" src=\"https:\/\/assets.innpro.pl\/13822\/17059\/12.jpg\" border=\"0\" alt=\"\" \/>\n<\/p>\n<h3>Uniwersalne \u015bledzenie, tak\u017ce w innych aplikacjach<\/h3>\n<p>Flow 2 Pro w zestawie z AI Trackerem pozwala rozszerzy\u0107 mo\u017cliwo\u015bci \u015bledzenia poza ekosystem Apple. Zaawansowane algorytmy rozpoznaj\u0105 osoby, zwierz\u0119ta i obiekty, a funkcja dzia\u0142a nie tylko w aplikacji Insta360, ale tak\u017ce w Twoim ulubionym komunikatorze, programie do streamingu czy aparacie. Co wi\u0119cej, mo\u017cesz korzysta\u0107 z natywnej aplikacji aparatu w systemie iOS lub Android, bez konieczno\u015bci prze\u0142\u0105czania si\u0119 pomi\u0119dzy aplikacjami.\u00a0<\/p>\n<p>\n<img decoding=\"async\" src=\"https:\/\/assets.innpro.pl\/13822\/17059\/3.jpg\" border=\"0\" alt=\"\" \/>\n<\/p>\n<h3>Sterowanie gestami<\/h3>\n<p>Jedn\u0105 z najbardziej praktycznych funkcji Flow 2 Pro jest sterowanie gestami. Wystarczy odpowiedni ruch d\u0142oni, by rozpocz\u0105\u0107 nagrywanie, aktywowa\u0107 \u015bledzenie lub zako\u0144czy\u0107 sesj\u0119 \u2013 bez podchodzenia do telefonu czy przerywania uj\u0119cia. To ogromne u\u0142atwienie przy pracy w pojedynk\u0119, a tak\u017ce wtedy, gdy masz zaj\u0119te r\u0119ce lub chcesz nagrywa\u0107 bardziej naturalnie. Gimbal sam rozpozna sygna\u0142 i zrobi dok\u0142adnie to, czego oczekujesz \u2013 szybko, sprawnie i bezb\u0142\u0119dnie.<\/p>\n<p>\n<img decoding=\"async\" src=\"https:\/\/assets.innpro.pl\/13822\/17059\/8.jpg\" border=\"0\" alt=\"\" \/>\n<\/p>\n<h3>Wi\u0119kszy zasi\u0119g, wi\u0119ksze mo\u017cliwo\u015bci<\/h3>\n<p>Dzi\u0119ki funkcji Active Zoom Tracking Flow 2 Pro potrafi utrzyma\u0107 ostro\u015b\u0107 i \u015bledzenie nawet przy nagrywaniu z du\u017cej odleg\u0142o\u015bci. To \u015bwietne rozwi\u0105zanie do nagra\u0144 sportowych, wyst\u0119p\u00f3w scenicznych, pokaz\u00f3w czy dynamicznych wydarze\u0144 na otwartej przestrzeni. Gimbal radzi sobie z szybkim ruchem, nie trac\u0105c kontaktu z obiektem \u2013 co pozwala tworzy\u0107 bardziej filmowe i zr\u00f3\u017cnicowane uj\u0119cia. Do tego dochodzi mo\u017cliwo\u015b\u0107 \u015bledzenia wielu os\u00f3b jednocze\u015bnie \u2013 idealne przy nagraniach grupowych, rodzinnych czy eventowych.<\/p>\n<p>\n<img decoding=\"async\" src=\"https:\/\/assets.innpro.pl\/13822\/17059\/13.jpg\" border=\"0\" alt=\"\" \/>\n<\/p>\n<h3>Narz\u0119dzia tw\u00f3rcze w jednym urz\u0105dzeniu<\/h3>\n<p>Flow 2 Pro to prawdziwe centrum dowodzenia dla tw\u00f3rcy \u2013 z wysuwanym kijkiem do selfie, wbudowanym statywem, funkcj\u0105 lusterka do selfie przy tylnej kamerze i nawet z opcj\u0105 powerbanku. Dost\u0119pna jest r\u00f3wnie\u017c funkcja telepromptera, co pozwoli nagrywa\u0107 Ci jeszcze swobodniej i bez stresu. Wystarczy jedno urz\u0105dzenie, aby zrealizowa\u0107 ca\u0142y materia\u0142 \u2013 bez konieczno\u015bci noszenia osobnych akcesori\u00f3w. Ponadto 10 godzin pracy na jednym \u0142adowaniu pozwala swobodnie nagrywa\u0107 przez ca\u0142y dzie\u0144 bez obaw, \u017ce zabraknie Ci energii w najwa\u017cniejszym momencie.<\/p>\n<p>\n<img decoding=\"async\" src=\"https:\/\/assets.innpro.pl\/13822\/17059\/11.jpg\" border=\"0\" alt=\"\" \/>\n<\/p>\n<h3>Zdalna kontrola i kreatywne uj\u0119cia bez wysi\u0142ku<\/h3>\n<p>Stabilizatorem mo\u017cesz sterowa\u0107 nie tylko gestami, ale r\u00f3wnie\u017c zdalnie \u2013 z poziomu Apple Watch lub drugiego smartfona. To \u015bwietne rozwi\u0105zanie przy bardziej skomplikowanych uj\u0119ciach, kt\u00f3re wymagaj\u0105 precyzji i kontroli, a tak\u017ce wtedy, gdy nagrywasz sam. Dodatkowo funkcja 360\u00b0 Pan Shot pozwala jednym klikni\u0119ciem nagra\u0107 pe\u0142ny obr\u00f3t \u2013 to \u015bwietna opcja do vlog\u00f3w podr\u00f3\u017cniczych, relacji z wydarze\u0144 czy dynamicznych prezentacji w social mediach.<\/p>\n<p>\n<img decoding=\"async\" src=\"https:\/\/assets.innpro.pl\/13822\/17059\/7.jpg\" border=\"0\" alt=\"\" \/>\n<\/p>\n<h3>Profesjonalne efekty i jako\u015b\u0107 wideo<\/h3>\n<p>Dzi\u0119ki funkcjom takim jak Free Tilt Mode, Apple ProRes czy Dolby Vision mo\u017cesz tworzy\u0107 nagrania w jako\u015bci kinowej \u2013 z szerokim zakresem ruchu, doskona\u0142\u0105 kolorystyk\u0105 i wyrazistymi szczeg\u00f3\u0142ami. Efekty specjalne takie jak panoramiczne uj\u0119cia 360\u00b0, Dolly Zoom, Barrel Roll czy TimeShift pozwol\u0105 Ci eksperymentowa\u0107 z form\u0105 i tworzy\u0107 bardziej anga\u017cuj\u0105ce tre\u015bci.<\/p>\n<p>\n<img decoding=\"async\" src=\"https:\/\/assets.innpro.pl\/13822\/17059\/10.jpg\" border=\"0\" alt=\"\" \/>\n<\/p>\n<h3>Edycja z pomoc\u0105 AI<\/h3>\n<p>Z aplikacj\u0105 Insta360 nie musisz by\u0107 monta\u017cyst\u0105, \u017ceby stworzy\u0107 ciekawy film. Wystarczy kilka klikni\u0119\u0107, by skorzysta\u0107 z funkcji FlashCut, kt\u00f3ra wybierze najlepsze momenty i z\u0142o\u017cy je w dynamiczny klip z muzyk\u0105. Dzi\u0119ki temu mo\u017cesz szybko podzieli\u0107 si\u0119 swoimi nagraniami w mediach spo\u0142eczno\u015bciowych.<\/p>\n<p>\n<img decoding=\"async\" src=\"https:\/\/assets.innpro.pl\/13822\/17059\/2.jpg\" border=\"0\" alt=\"\" \/>\n<\/p>\n<h3>W zestawie<\/h3>\n<ul class=\"list-disc pl-5\">\n<li>Stabilizator Insta360 Flow 2 Pro<\/li>\n<li>AI Tracker<\/li>\n<li>Magnetyczny uchwyt na telefon<\/li>\n<li>Kabel \u0142adowania USB-C do USB-A<\/li>\n<li>Etui ochronne<\/li>\n<\/ul>\n<div class=\"table-wrapper\">\n<p>\u00a0<\/p>\n<h3><\/h3>\n<table>\n<tbody>\n<tr>\n<th>Producent<\/th>\n<td>Insta360<\/td>\n<\/tr>\n<tr>\n<th>Model<\/th>\n<td>Flow 2 Pro AI Tracker Bundle<\/td>\n<\/tr>\n<tr>\n<th>Kolor<\/th>\n<td>szary<\/td>\n<\/tr>\n<tr>\n<th>Waga<\/th>\n<td>gimbal: ok. 357 g; magnetyczny uchwyt na telefon: ok. 25 g<\/td>\n<\/tr>\n<tr>\n<th>Wymiary gimbala (bez uchwytu, z\u0142o\u017cone n\u00f3\u017cki tripodu)<\/th>\n<td>z\u0142o\u017cony: 97.9 x 178.4 x 36.7 mm; roz\u0142o\u017cony: 121.1 x 282.1 x 54 mm<\/td>\n<\/tr>\n<tr>\n<th>Odpowiednia grubo\u015b\u0107 telefonu<\/th>\n<td>6.9\u201310 mm<\/td>\n<\/tr>\n<tr>\n<th>Odpowiednia szeroko\u015b\u0107 telefonu<\/th>\n<td>64\u201384mm<\/td>\n<\/tr>\n<tr>\n<th>Odpowiednia waga telefonu<\/th>\n<td>130-300 g<\/td>\n<\/tr>\n<tr>\n<th>Port<\/th>\n<td>USB-C<\/td>\n<\/tr>\n<tr>\n<th>D\u0142ugo\u015b\u0107 wbudowanego selfie sticka<\/th>\n<td>210 mm<\/td>\n<\/tr>\n<tr>\n<th>Wymiary wbudowanego tripodu<\/th>\n<td>max. d\u0142ugo\u015b\u0107: 94 mm, max. \u015brednica: 204 mm<\/td>\n<\/tr>\n<tr>\n<th>Pojemno\u015b\u0107 akumulatora<\/th>\n<td>1100 mAh<\/td>\n<\/tr>\n<tr>\n<th>Czas pracy<\/th>\n<td>ok. 10 h (Testowano w temperaturze pokojowej (25\u2103), z gimbalem w pe\u0142ni wywa\u017conym na p\u0142askiej powierzchni i wy\u0142\u0105czonym pier\u015bcieniem \u015bledz\u0105cym)<\/td>\n<\/tr>\n<tr>\n<th>Czas \u0142adowania<\/th>\n<td>2 h (5V\/2A)<\/td>\n<\/tr>\n<tr>\n<th>Temperatura robocza<\/th>\n<td>-10\u2103 to 40\u2103<\/td>\n<\/tr>\n<tr>\n<th>Temperatura \u0142adowania<\/th>\n<td>0\u00b0C\u201340\u00b0C<\/td>\n<\/tr>\n<tr>\n<th>Zakres obrotu<\/th>\n<td>Pan: 360\u00b0; Roll: -390\u00b0 &#8211; 135\u00b0; Tilt: -99\u00b0 &#8211; 231\u00b0<\/td>\n<\/tr>\n<tr>\n<th>Max. pr\u0119dko\u015b\u0107 sterowania<\/th>\n<td>120\u00b0\/s<\/td>\n<\/tr>\n<tr>\n<th>Bluetooth<\/th>\n<td>5.0<\/td>\n<\/tr>\n<tr>\n<th>NFC<\/th>\n<td>obs\u0142uga standardu ISO\/IEC 14443A<\/td>\n<\/tr>\n<\/tbody>\n<\/table>\n<\/div>\n","protected":false},"excerpt":{"rendered":"<p>Stabilizator Insta360 Flow 2 Pro AI Tracker Bundle (szary) Insta360 Flow 2 Pro pozwoli Ci tworzy\u0107 materia\u0142y w jeszcze lepszej<\/p>\n","protected":false},"featured_media":40305,"comment_status":"closed","ping_status":"open","template":"","meta":{"_acf_changed":false},"product_brand":[],"product_cat":[1128,1129],"product_tag":[],"class_list":{"0":"post-40304","1":"product","2":"type-product","3":"status-publish","4":"has-post-thumbnail","6":"product_cat-foto-wideo","7":"product_cat-gimbale-i-stabilizatory","8":"pa_okres-gwarancji-5757","9":"pa_producent-insta360","11":"first","12":"outofstock","13":"taxable","14":"shipping-taxable","15":"purchasable","16":"product-type-simple"},"acf":[],"yoast_head":"<!-- This site is optimized with the Yoast SEO plugin v27.2 - https:\/\/yoast.com\/product\/yoast-seo-wordpress\/ -->\n<title>Stabilizator Insta360 Flow 2 Pro AI Tracker Bundle (szary) - IRONSKY.PL Sklep z Dronami<\/title>\n<meta name=\"description\" content=\"Stabilizator Insta360 Flow 2 Pro AI Tracker Bundle (szary) - \u2705 sklep z dronami i fachowym doradztwem. \u2705 Tutaj kupisz produkty DJI, Yuneec, Parrot, Syma i wiele innych, a tak\u017ce kursy i licencje na operatora drona.\" \/>\n<meta name=\"robots\" content=\"index, follow, max-snippet:-1, max-image-preview:large, max-video-preview:-1\" \/>\n<link rel=\"canonical\" href=\"https:\/\/ironsky.pl\/sklep\/produkt\/stabilizator-insta360-flow-2-pro-ai-tracker-bundle-szary\/\" \/>\n<meta property=\"og:locale\" content=\"pl_PL\" \/>\n<meta property=\"og:type\" content=\"article\" \/>\n<meta property=\"og:title\" content=\"Stabilizator Insta360 Flow 2 Pro AI Tracker Bundle (szary) - IRONSKY.PL Sklep z Dronami\" \/>\n<meta property=\"og:description\" content=\"Stabilizator Insta360 Flow 2 Pro AI Tracker Bundle (szary) - \u2705 sklep z dronami i fachowym doradztwem. \u2705 Tutaj kupisz produkty DJI, Yuneec, Parrot, Syma i wiele innych, a tak\u017ce kursy i licencje na operatora drona.\" \/>\n<meta property=\"og:url\" content=\"https:\/\/ironsky.pl\/sklep\/produkt\/stabilizator-insta360-flow-2-pro-ai-tracker-bundle-szary\/\" \/>\n<meta property=\"og:site_name\" content=\"IRONSKY.PL Sklep z Dronami\" \/>\n<meta property=\"article:modified_time\" content=\"2026-03-05T14:56:26+00:00\" \/>\n<meta property=\"og:image\" content=\"https:\/\/ironsky.pl\/sklep\/wp-content\/uploads\/2025\/05\/51806_2.jpg\" \/>\n\t<meta property=\"og:image:width\" content=\"800\" \/>\n\t<meta property=\"og:image:height\" content=\"800\" \/>\n\t<meta property=\"og:image:type\" content=\"image\/jpeg\" \/>\n<meta name=\"twitter:card\" content=\"summary_large_image\" \/>\n<meta name=\"twitter:label1\" content=\"Szacowany czas czytania\" \/>\n\t<meta name=\"twitter:data1\" content=\"5 minut\" \/>\n<script type=\"application\/ld+json\" class=\"yoast-schema-graph\">{\"@context\":\"https:\/\/schema.org\",\"@graph\":[{\"@type\":\"WebPage\",\"@id\":\"https:\/\/ironsky.pl\/sklep\/produkt\/stabilizator-insta360-flow-2-pro-ai-tracker-bundle-szary\/\",\"url\":\"https:\/\/ironsky.pl\/sklep\/produkt\/stabilizator-insta360-flow-2-pro-ai-tracker-bundle-szary\/\",\"name\":\"Stabilizator Insta360 Flow 2 Pro AI Tracker Bundle (szary) - IRONSKY.PL Sklep z Dronami\",\"isPartOf\":{\"@id\":\"https:\/\/ironsky.pl\/sklep\/#website\"},\"primaryImageOfPage\":{\"@id\":\"https:\/\/ironsky.pl\/sklep\/produkt\/stabilizator-insta360-flow-2-pro-ai-tracker-bundle-szary\/#primaryimage\"},\"image\":{\"@id\":\"https:\/\/ironsky.pl\/sklep\/produkt\/stabilizator-insta360-flow-2-pro-ai-tracker-bundle-szary\/#primaryimage\"},\"thumbnailUrl\":\"https:\/\/ironsky.pl\/sklep\/wp-content\/uploads\/2025\/05\/51806_2.jpg\",\"datePublished\":\"2025-05-26T16:03:37+00:00\",\"dateModified\":\"2026-03-05T14:56:26+00:00\",\"description\":\"Stabilizator Insta360 Flow 2 Pro AI Tracker Bundle (szary) - \u2705 sklep z dronami i fachowym doradztwem. \u2705 Tutaj kupisz produkty DJI, Yuneec, Parrot, Syma i wiele innych, a tak\u017ce kursy i licencje na operatora drona.\",\"breadcrumb\":{\"@id\":\"https:\/\/ironsky.pl\/sklep\/produkt\/stabilizator-insta360-flow-2-pro-ai-tracker-bundle-szary\/#breadcrumb\"},\"inLanguage\":\"pl-PL\",\"potentialAction\":[{\"@type\":\"ReadAction\",\"target\":[\"https:\/\/ironsky.pl\/sklep\/produkt\/stabilizator-insta360-flow-2-pro-ai-tracker-bundle-szary\/\"]}]},{\"@type\":\"ImageObject\",\"inLanguage\":\"pl-PL\",\"@id\":\"https:\/\/ironsky.pl\/sklep\/produkt\/stabilizator-insta360-flow-2-pro-ai-tracker-bundle-szary\/#primaryimage\",\"url\":\"https:\/\/ironsky.pl\/sklep\/wp-content\/uploads\/2025\/05\/51806_2.jpg\",\"contentUrl\":\"https:\/\/ironsky.pl\/sklep\/wp-content\/uploads\/2025\/05\/51806_2.jpg\",\"width\":800,\"height\":800},{\"@type\":\"BreadcrumbList\",\"@id\":\"https:\/\/ironsky.pl\/sklep\/produkt\/stabilizator-insta360-flow-2-pro-ai-tracker-bundle-szary\/#breadcrumb\",\"itemListElement\":[{\"@type\":\"ListItem\",\"position\":1,\"name\":\"Strona g\u0142\u00f3wna\",\"item\":\"https:\/\/ironsky.pl\/sklep\/\"},{\"@type\":\"ListItem\",\"position\":2,\"name\":\"Wszystkie produkty\",\"item\":\"https:\/\/ironsky.pl\/sklep\/produkty\/\"},{\"@type\":\"ListItem\",\"position\":3,\"name\":\"Stabilizator Insta360 Flow 2 Pro AI Tracker Bundle (szary)\"}]},{\"@type\":\"WebSite\",\"@id\":\"https:\/\/ironsky.pl\/sklep\/#website\",\"url\":\"https:\/\/ironsky.pl\/sklep\/\",\"name\":\"IRONSKY.PL Sklep z Dronami\",\"description\":\"IRONSKY.PL Sklep z Dronami\",\"potentialAction\":[{\"@type\":\"SearchAction\",\"target\":{\"@type\":\"EntryPoint\",\"urlTemplate\":\"https:\/\/ironsky.pl\/sklep\/?s={search_term_string}\"},\"query-input\":{\"@type\":\"PropertyValueSpecification\",\"valueRequired\":true,\"valueName\":\"search_term_string\"}}],\"inLanguage\":\"pl-PL\"}]}<\/script>\n<!-- \/ Yoast SEO plugin. -->","yoast_head_json":{"title":"Stabilizator Insta360 Flow 2 Pro AI Tracker Bundle (szary) - IRONSKY.PL Sklep z Dronami","description":"Stabilizator Insta360 Flow 2 Pro AI Tracker Bundle (szary) - \u2705 sklep z dronami i fachowym doradztwem. \u2705 Tutaj kupisz produkty DJI, Yuneec, Parrot, Syma i wiele innych, a tak\u017ce kursy i licencje na operatora drona.","robots":{"index":"index","follow":"follow","max-snippet":"max-snippet:-1","max-image-preview":"max-image-preview:large","max-video-preview":"max-video-preview:-1"},"canonical":"https:\/\/ironsky.pl\/sklep\/produkt\/stabilizator-insta360-flow-2-pro-ai-tracker-bundle-szary\/","og_locale":"pl_PL","og_type":"article","og_title":"Stabilizator Insta360 Flow 2 Pro AI Tracker Bundle (szary) - IRONSKY.PL Sklep z Dronami","og_description":"Stabilizator Insta360 Flow 2 Pro AI Tracker Bundle (szary) - \u2705 sklep z dronami i fachowym doradztwem. \u2705 Tutaj kupisz produkty DJI, Yuneec, Parrot, Syma i wiele innych, a tak\u017ce kursy i licencje na operatora drona.","og_url":"https:\/\/ironsky.pl\/sklep\/produkt\/stabilizator-insta360-flow-2-pro-ai-tracker-bundle-szary\/","og_site_name":"IRONSKY.PL Sklep z Dronami","article_modified_time":"2026-03-05T14:56:26+00:00","og_image":[{"width":800,"height":800,"url":"https:\/\/ironsky.pl\/sklep\/wp-content\/uploads\/2025\/05\/51806_2.jpg","type":"image\/jpeg"}],"twitter_card":"summary_large_image","twitter_misc":{"Szacowany czas czytania":"5 minut"},"schema":{"@context":"https:\/\/schema.org","@graph":[{"@type":"WebPage","@id":"https:\/\/ironsky.pl\/sklep\/produkt\/stabilizator-insta360-flow-2-pro-ai-tracker-bundle-szary\/","url":"https:\/\/ironsky.pl\/sklep\/produkt\/stabilizator-insta360-flow-2-pro-ai-tracker-bundle-szary\/","name":"Stabilizator Insta360 Flow 2 Pro AI Tracker Bundle (szary) - IRONSKY.PL Sklep z Dronami","isPartOf":{"@id":"https:\/\/ironsky.pl\/sklep\/#website"},"primaryImageOfPage":{"@id":"https:\/\/ironsky.pl\/sklep\/produkt\/stabilizator-insta360-flow-2-pro-ai-tracker-bundle-szary\/#primaryimage"},"image":{"@id":"https:\/\/ironsky.pl\/sklep\/produkt\/stabilizator-insta360-flow-2-pro-ai-tracker-bundle-szary\/#primaryimage"},"thumbnailUrl":"https:\/\/ironsky.pl\/sklep\/wp-content\/uploads\/2025\/05\/51806_2.jpg","datePublished":"2025-05-26T16:03:37+00:00","dateModified":"2026-03-05T14:56:26+00:00","description":"Stabilizator Insta360 Flow 2 Pro AI Tracker Bundle (szary) - \u2705 sklep z dronami i fachowym doradztwem. \u2705 Tutaj kupisz produkty DJI, Yuneec, Parrot, Syma i wiele innych, a tak\u017ce kursy i licencje na operatora drona.","breadcrumb":{"@id":"https:\/\/ironsky.pl\/sklep\/produkt\/stabilizator-insta360-flow-2-pro-ai-tracker-bundle-szary\/#breadcrumb"},"inLanguage":"pl-PL","potentialAction":[{"@type":"ReadAction","target":["https:\/\/ironsky.pl\/sklep\/produkt\/stabilizator-insta360-flow-2-pro-ai-tracker-bundle-szary\/"]}]},{"@type":"ImageObject","inLanguage":"pl-PL","@id":"https:\/\/ironsky.pl\/sklep\/produkt\/stabilizator-insta360-flow-2-pro-ai-tracker-bundle-szary\/#primaryimage","url":"https:\/\/ironsky.pl\/sklep\/wp-content\/uploads\/2025\/05\/51806_2.jpg","contentUrl":"https:\/\/ironsky.pl\/sklep\/wp-content\/uploads\/2025\/05\/51806_2.jpg","width":800,"height":800},{"@type":"BreadcrumbList","@id":"https:\/\/ironsky.pl\/sklep\/produkt\/stabilizator-insta360-flow-2-pro-ai-tracker-bundle-szary\/#breadcrumb","itemListElement":[{"@type":"ListItem","position":1,"name":"Strona g\u0142\u00f3wna","item":"https:\/\/ironsky.pl\/sklep\/"},{"@type":"ListItem","position":2,"name":"Wszystkie produkty","item":"https:\/\/ironsky.pl\/sklep\/produkty\/"},{"@type":"ListItem","position":3,"name":"Stabilizator Insta360 Flow 2 Pro AI Tracker Bundle (szary)"}]},{"@type":"WebSite","@id":"https:\/\/ironsky.pl\/sklep\/#website","url":"https:\/\/ironsky.pl\/sklep\/","name":"IRONSKY.PL Sklep z Dronami","description":"IRONSKY.PL Sklep z Dronami","potentialAction":[{"@type":"SearchAction","target":{"@type":"EntryPoint","urlTemplate":"https:\/\/ironsky.pl\/sklep\/?s={search_term_string}"},"query-input":{"@type":"PropertyValueSpecification","valueRequired":true,"valueName":"search_term_string"}}],"inLanguage":"pl-PL"}]}},"_links":{"self":[{"href":"https:\/\/ironsky.pl\/sklep\/wp-json\/wp\/v2\/product\/40304","targetHints":{"allow":["GET"]}}],"collection":[{"href":"https:\/\/ironsky.pl\/sklep\/wp-json\/wp\/v2\/product"}],"about":[{"href":"https:\/\/ironsky.pl\/sklep\/wp-json\/wp\/v2\/types\/product"}],"replies":[{"embeddable":true,"href":"https:\/\/ironsky.pl\/sklep\/wp-json\/wp\/v2\/comments?post=40304"}],"wp:featuredmedia":[{"embeddable":true,"href":"https:\/\/ironsky.pl\/sklep\/wp-json\/wp\/v2\/media\/40305"}],"wp:attachment":[{"href":"https:\/\/ironsky.pl\/sklep\/wp-json\/wp\/v2\/media?parent=40304"}],"wp:term":[{"taxonomy":"product_brand","embeddable":true,"href":"https:\/\/ironsky.pl\/sklep\/wp-json\/wp\/v2\/product_brand?post=40304"},{"taxonomy":"product_cat","embeddable":true,"href":"https:\/\/ironsky.pl\/sklep\/wp-json\/wp\/v2\/product_cat?post=40304"},{"taxonomy":"product_tag","embeddable":true,"href":"https:\/\/ironsky.pl\/sklep\/wp-json\/wp\/v2\/product_tag?post=40304"}],"curies":[{"name":"wp","href":"https:\/\/api.w.org\/{rel}","templated":true}]}}