{"id":40281,"date":"2025-05-26T18:03:16","date_gmt":"2025-05-26T16:03:16","guid":{"rendered":"https:\/\/ironsky.pl\/drony-sklep\/produkt\/system-zrzutu-th1\/"},"modified":"2026-03-05T15:56:25","modified_gmt":"2026-03-05T14:56:25","slug":"system-zrzutu-th1","status":"publish","type":"product","link":"https:\/\/ironsky.pl\/sklep\/produkt\/system-zrzutu-th1\/","title":{"rendered":"System zrzutu TH1"},"content":{"rendered":"<h3>System zrzutu TH1<\/h3>\n<p>Chengzhi TH1 to dwustopniowy modu\u0142 zrzutowy zaprojektowany specjalnie dla urz\u0105dze\u0144 z serii DJI Mavic 3 Enterprise. Umo\u017cliwia szybkie i kontrolowane uwalnianie \u0142adunku, a jako sygna\u0142 wyzwalaj\u0105cy wykorzystuje dolne \u015bwiat\u0142o drona. Produkt wyr\u00f3\u017cnia si\u0119 lekk\u0105 konstrukcj\u0105, prostym monta\u017cem oraz mo\u017cliwo\u015bci\u0105 przenoszenia do 500 g na pojedynczym haku lub 600 g przy zastosowaniu dw\u00f3ch hak\u00f3w. To niezast\u0105pione narz\u0119dzie w dzia\u0142aniach ratowniczych, logistycznych i technicznych, gdzie liczy si\u0119 precyzja oraz czas reakcji.<\/p>\n<p>\n<img decoding=\"async\" src=\"https:\/\/assets.innpro.pl\/13781\/17002\/2.jpg\" border=\"0\" alt=\"\" \/>\n<\/p>\n<h3>Imponuj\u0105cy ud\u017awig przy niewielkiej wadze<\/h3>\n<p>Cho\u0107 urz\u0105dzenie wa\u017cy zaledwie oko\u0142o 56 g, mo\u017ce ud\u017awign\u0105\u0107 nawet 500 g na jednym haku. Przy zastosowaniu dw\u00f3ch hak\u00f3w, \u0142\u0105czny ud\u017awig wynosi a\u017c 600 g. To wystarczaj\u0105co du\u017co, by dostarczy\u0107 apteczk\u0119, butelkowan\u0105 wod\u0119 czy paczk\u0119 z wyposa\u017ceniem technicznym w trudno dost\u0119pnym terenie. Modu\u0142 mo\u017ce te\u017c by\u0107 u\u017cywany w po\u0142\u0105czeniu z lin\u0105 trakcyjn\u0105.<\/p>\n<p>\n<img decoding=\"async\" src=\"https:\/\/assets.innpro.pl\/13781\/17002\/4.jpg\" border=\"0\" alt=\"\" \/>\n<\/p>\n<h3>Zasilanie bez dodatkowych \u017ar\u00f3de\u0142 energii<\/h3>\n<p>Modu\u0142 TH1 jest zasilany przez USB-C bezpo\u015brednio z akumulatora drona. Eliminuje to konieczno\u015b\u0107 stosowania dodatkowych baterii, a przy tym minimalizuje wag\u0119 i ryzyko awarii. Rozwi\u0105zanie to jest w pe\u0142ni kompatybilne z DJI Mavic 3 Enterprise i nie wymaga ingerencji w struktur\u0119 sprz\u0119tu. Co wi\u0119cej, unikalna konstrukcja urz\u0105dzenia pozwala na precyzyjne podanie i zwolnienie \u0142adunku nawet w sytuacji utraty zasilania. To funkcjonalne zabezpieczenie zwi\u0119ksza niezawodno\u015b\u0107 systemu i zapewnia operatorowi pe\u0142n\u0105 kontrol\u0119 nad procesem zrzutu, niezale\u017cnie od warunk\u00f3w.<\/p>\n<p>\n<img decoding=\"async\" src=\"https:\/\/assets.innpro.pl\/13781\/17002\/5.jpg\" border=\"0\" alt=\"\" \/>\n<\/p>\n<h3>Bezproblemowa kontrola<\/h3>\n<p>Urz\u0105dzenie uruchamiane jest za pomoc\u0105 czujnika reaguj\u0105cego na \u015bwiat\u0142o dolne drona. Dzi\u0119ki temu dzia\u0142a w dok\u0142adnie takim samym zasi\u0119gu jak system sterowania UAV \u2013 bez konieczno\u015bci stosowania dodatkowych modu\u0142\u00f3w czy przewod\u00f3w.<\/p>\n<p>\n<img decoding=\"async\" src=\"https:\/\/assets.innpro.pl\/13781\/17002\/1.jpg\" border=\"0\" alt=\"\" \/>\n<\/p>\n<h3>Kompaktowa forma, solidna konstrukcja<\/h3>\n<p>TH1 wyr\u00f3\u017cnia si\u0119 kompaktowymi wymiarami i niewielk\u0105 wag\u0105, dzi\u0119ki czemu nie wp\u0142ywa negatywnie na aerodynamik\u0119 czy czas lotu drona. Ponadto do jego wykonania zastosowano trwa\u0142e, wysokiej jako\u015bci materia\u0142y, kt\u00f3re zapewniaj\u0105 mu wytrzyma\u0142o\u015b\u0107 i odporno\u015b\u0107 na uszkodzenia. Modu\u0142 jest te\u017c bardzo prosty w instalacji \u2013 jego monta\u017c lub demonta\u017c zajmie tylko chwil\u0119. Takie rozwi\u0105zanie zwi\u0119ksza efektywno\u015b\u0107 operacyjn\u0105 i skraca czas przygotowania drona do lotu<\/p>\n<p>\n<img decoding=\"async\" src=\"https:\/\/assets.innpro.pl\/13781\/17002\/3.jpg\" border=\"0\" alt=\"\" \/>\n<\/p>\n<div class=\"table-wrapper\">\n<p>\u00a0<\/p>\n<h3><\/h3>\n<table>\n<tbody>\n<tr>\n<th>Producent<\/th>\n<td>Chengzhi<\/td>\n<\/tr>\n<tr>\n<th>Model  <\/th>\n<td>TH1  <\/td>\n<\/tr>\n<tr>\n<th>Waga  <\/th>\n<td>Ok. 56 g  <\/td>\n<\/tr>\n<tr>\n<th>Tryb sterowania  <\/th>\n<td>Fotorezystor reaguj\u0105cy na \u015bwiat\u0142o dolne drona<\/td>\n<\/tr>\n<tr>\n<th>Napi\u0119cie znamionowe  <\/th>\n<td>5 V  <\/td>\n<\/tr>\n<tr>\n<th>Maksymalna masa zrzutu  <\/th>\n<td>Maks. 500 g (pojedynczy hak) \/ maks. 600 g (dwa haki)  <\/td>\n<\/tr>\n<tr>\n<th>Temperatura robocza<\/th>\n<td>Od -20\u00b0C do 50\u00b0C<\/td>\n<\/tr>\n<tr>\n<th>Wilgotno\u015b\u0107 \u015brodowiska pracy<\/th>\n<td>15%~95%  <\/td>\n<\/tr>\n<tr>\n<th>Temperatura przechowywania<\/th>\n<td>Od -20\u00b0C do 60\u00b0C<\/td>\n<\/tr>\n<tr>\n<th>Wilgotno\u015b\u0107 \u015brodowiska przechowywania<\/th>\n<td>15%~95%  <\/td>\n<\/tr>\n<tr>\n<th>Zalecana d\u0142ugo\u015b\u0107 liny do zrzutu  <\/th>\n<td>1 m<\/td>\n<\/tr>\n<tr>\n<th>Kompatybilno\u015b\u0107<\/th>\n<td>Seria DJI Mavic 3 Enterprise<\/td>\n<\/tr>\n<\/tbody>\n<\/table>\n<\/div>\n","protected":false},"excerpt":{"rendered":"<p>System zrzutu TH1 Chengzhi TH1 to dwustopniowy modu\u0142 zrzutowy zaprojektowany specjalnie dla urz\u0105dze\u0144 z serii DJI Mavic 3 Enterprise. Umo\u017cliwia<\/p>\n","protected":false},"featured_media":40282,"comment_status":"closed","ping_status":"open","template":"","meta":{"_acf_changed":false},"product_brand":[],"product_cat":[6094,1093],"product_tag":[],"class_list":{"0":"post-40281","1":"product","2":"type-product","3":"status-publish","4":"has-post-thumbnail","6":"product_cat-czujniki-do-dronow","7":"product_cat-urzadzenia-i-akcesoria","8":"pa_okres-gwarancji-5757","9":"pa_producent-chengzhi","11":"first","12":"outofstock","13":"taxable","14":"shipping-taxable","15":"purchasable","16":"product-type-simple"},"acf":[],"yoast_head":"<!-- This site is optimized with the Yoast SEO plugin v27.2 - https:\/\/yoast.com\/product\/yoast-seo-wordpress\/ -->\n<title>System zrzutu TH1 - IRONSKY.PL Sklep z Dronami<\/title>\n<meta name=\"description\" content=\"System zrzutu TH1 - \u2705 sklep z dronami i fachowym doradztwem. \u2705 Tutaj kupisz produkty DJI, Yuneec, Parrot, Syma i wiele innych, a tak\u017ce kursy i licencje na operatora drona.\" \/>\n<meta name=\"robots\" content=\"index, follow, max-snippet:-1, max-image-preview:large, max-video-preview:-1\" \/>\n<link rel=\"canonical\" href=\"https:\/\/ironsky.pl\/sklep\/produkt\/system-zrzutu-th1\/\" \/>\n<meta property=\"og:locale\" content=\"pl_PL\" \/>\n<meta property=\"og:type\" content=\"article\" \/>\n<meta property=\"og:title\" content=\"System zrzutu TH1 - IRONSKY.PL Sklep z Dronami\" \/>\n<meta property=\"og:description\" content=\"System zrzutu TH1 - \u2705 sklep z dronami i fachowym doradztwem. \u2705 Tutaj kupisz produkty DJI, Yuneec, Parrot, Syma i wiele innych, a tak\u017ce kursy i licencje na operatora drona.\" \/>\n<meta property=\"og:url\" content=\"https:\/\/ironsky.pl\/sklep\/produkt\/system-zrzutu-th1\/\" \/>\n<meta property=\"og:site_name\" content=\"IRONSKY.PL Sklep z Dronami\" \/>\n<meta property=\"article:modified_time\" content=\"2026-03-05T14:56:25+00:00\" \/>\n<meta property=\"og:image\" content=\"https:\/\/ironsky.pl\/sklep\/wp-content\/uploads\/2025\/05\/51789_4.jpg\" \/>\n\t<meta property=\"og:image:width\" content=\"800\" \/>\n\t<meta property=\"og:image:height\" content=\"800\" \/>\n\t<meta property=\"og:image:type\" content=\"image\/jpeg\" \/>\n<meta name=\"twitter:card\" content=\"summary_large_image\" \/>\n<meta name=\"twitter:label1\" content=\"Szacowany czas czytania\" \/>\n\t<meta name=\"twitter:data1\" content=\"2 minuty\" \/>\n<script type=\"application\/ld+json\" class=\"yoast-schema-graph\">{\"@context\":\"https:\/\/schema.org\",\"@graph\":[{\"@type\":\"WebPage\",\"@id\":\"https:\/\/ironsky.pl\/sklep\/produkt\/system-zrzutu-th1\/\",\"url\":\"https:\/\/ironsky.pl\/sklep\/produkt\/system-zrzutu-th1\/\",\"name\":\"System zrzutu TH1 - IRONSKY.PL Sklep z Dronami\",\"isPartOf\":{\"@id\":\"https:\/\/ironsky.pl\/sklep\/#website\"},\"primaryImageOfPage\":{\"@id\":\"https:\/\/ironsky.pl\/sklep\/produkt\/system-zrzutu-th1\/#primaryimage\"},\"image\":{\"@id\":\"https:\/\/ironsky.pl\/sklep\/produkt\/system-zrzutu-th1\/#primaryimage\"},\"thumbnailUrl\":\"https:\/\/ironsky.pl\/sklep\/wp-content\/uploads\/2025\/05\/51789_4.jpg\",\"datePublished\":\"2025-05-26T16:03:16+00:00\",\"dateModified\":\"2026-03-05T14:56:25+00:00\",\"description\":\"System zrzutu TH1 - \u2705 sklep z dronami i fachowym doradztwem. \u2705 Tutaj kupisz produkty DJI, Yuneec, Parrot, Syma i wiele innych, a tak\u017ce kursy i licencje na operatora drona.\",\"breadcrumb\":{\"@id\":\"https:\/\/ironsky.pl\/sklep\/produkt\/system-zrzutu-th1\/#breadcrumb\"},\"inLanguage\":\"pl-PL\",\"potentialAction\":[{\"@type\":\"ReadAction\",\"target\":[\"https:\/\/ironsky.pl\/sklep\/produkt\/system-zrzutu-th1\/\"]}]},{\"@type\":\"ImageObject\",\"inLanguage\":\"pl-PL\",\"@id\":\"https:\/\/ironsky.pl\/sklep\/produkt\/system-zrzutu-th1\/#primaryimage\",\"url\":\"https:\/\/ironsky.pl\/sklep\/wp-content\/uploads\/2025\/05\/51789_4.jpg\",\"contentUrl\":\"https:\/\/ironsky.pl\/sklep\/wp-content\/uploads\/2025\/05\/51789_4.jpg\",\"width\":800,\"height\":800},{\"@type\":\"BreadcrumbList\",\"@id\":\"https:\/\/ironsky.pl\/sklep\/produkt\/system-zrzutu-th1\/#breadcrumb\",\"itemListElement\":[{\"@type\":\"ListItem\",\"position\":1,\"name\":\"Strona g\u0142\u00f3wna\",\"item\":\"https:\/\/ironsky.pl\/sklep\/\"},{\"@type\":\"ListItem\",\"position\":2,\"name\":\"Wszystkie produkty\",\"item\":\"https:\/\/ironsky.pl\/sklep\/produkty\/\"},{\"@type\":\"ListItem\",\"position\":3,\"name\":\"System zrzutu TH1\"}]},{\"@type\":\"WebSite\",\"@id\":\"https:\/\/ironsky.pl\/sklep\/#website\",\"url\":\"https:\/\/ironsky.pl\/sklep\/\",\"name\":\"IRONSKY.PL Sklep z Dronami\",\"description\":\"IRONSKY.PL Sklep z Dronami\",\"potentialAction\":[{\"@type\":\"SearchAction\",\"target\":{\"@type\":\"EntryPoint\",\"urlTemplate\":\"https:\/\/ironsky.pl\/sklep\/?s={search_term_string}\"},\"query-input\":{\"@type\":\"PropertyValueSpecification\",\"valueRequired\":true,\"valueName\":\"search_term_string\"}}],\"inLanguage\":\"pl-PL\"}]}<\/script>\n<!-- \/ Yoast SEO plugin. -->","yoast_head_json":{"title":"System zrzutu TH1 - IRONSKY.PL Sklep z Dronami","description":"System zrzutu TH1 - \u2705 sklep z dronami i fachowym doradztwem. \u2705 Tutaj kupisz produkty DJI, Yuneec, Parrot, Syma i wiele innych, a tak\u017ce kursy i licencje na operatora drona.","robots":{"index":"index","follow":"follow","max-snippet":"max-snippet:-1","max-image-preview":"max-image-preview:large","max-video-preview":"max-video-preview:-1"},"canonical":"https:\/\/ironsky.pl\/sklep\/produkt\/system-zrzutu-th1\/","og_locale":"pl_PL","og_type":"article","og_title":"System zrzutu TH1 - IRONSKY.PL Sklep z Dronami","og_description":"System zrzutu TH1 - \u2705 sklep z dronami i fachowym doradztwem. \u2705 Tutaj kupisz produkty DJI, Yuneec, Parrot, Syma i wiele innych, a tak\u017ce kursy i licencje na operatora drona.","og_url":"https:\/\/ironsky.pl\/sklep\/produkt\/system-zrzutu-th1\/","og_site_name":"IRONSKY.PL Sklep z Dronami","article_modified_time":"2026-03-05T14:56:25+00:00","og_image":[{"width":800,"height":800,"url":"https:\/\/ironsky.pl\/sklep\/wp-content\/uploads\/2025\/05\/51789_4.jpg","type":"image\/jpeg"}],"twitter_card":"summary_large_image","twitter_misc":{"Szacowany czas czytania":"2 minuty"},"schema":{"@context":"https:\/\/schema.org","@graph":[{"@type":"WebPage","@id":"https:\/\/ironsky.pl\/sklep\/produkt\/system-zrzutu-th1\/","url":"https:\/\/ironsky.pl\/sklep\/produkt\/system-zrzutu-th1\/","name":"System zrzutu TH1 - IRONSKY.PL Sklep z Dronami","isPartOf":{"@id":"https:\/\/ironsky.pl\/sklep\/#website"},"primaryImageOfPage":{"@id":"https:\/\/ironsky.pl\/sklep\/produkt\/system-zrzutu-th1\/#primaryimage"},"image":{"@id":"https:\/\/ironsky.pl\/sklep\/produkt\/system-zrzutu-th1\/#primaryimage"},"thumbnailUrl":"https:\/\/ironsky.pl\/sklep\/wp-content\/uploads\/2025\/05\/51789_4.jpg","datePublished":"2025-05-26T16:03:16+00:00","dateModified":"2026-03-05T14:56:25+00:00","description":"System zrzutu TH1 - \u2705 sklep z dronami i fachowym doradztwem. \u2705 Tutaj kupisz produkty DJI, Yuneec, Parrot, Syma i wiele innych, a tak\u017ce kursy i licencje na operatora drona.","breadcrumb":{"@id":"https:\/\/ironsky.pl\/sklep\/produkt\/system-zrzutu-th1\/#breadcrumb"},"inLanguage":"pl-PL","potentialAction":[{"@type":"ReadAction","target":["https:\/\/ironsky.pl\/sklep\/produkt\/system-zrzutu-th1\/"]}]},{"@type":"ImageObject","inLanguage":"pl-PL","@id":"https:\/\/ironsky.pl\/sklep\/produkt\/system-zrzutu-th1\/#primaryimage","url":"https:\/\/ironsky.pl\/sklep\/wp-content\/uploads\/2025\/05\/51789_4.jpg","contentUrl":"https:\/\/ironsky.pl\/sklep\/wp-content\/uploads\/2025\/05\/51789_4.jpg","width":800,"height":800},{"@type":"BreadcrumbList","@id":"https:\/\/ironsky.pl\/sklep\/produkt\/system-zrzutu-th1\/#breadcrumb","itemListElement":[{"@type":"ListItem","position":1,"name":"Strona g\u0142\u00f3wna","item":"https:\/\/ironsky.pl\/sklep\/"},{"@type":"ListItem","position":2,"name":"Wszystkie produkty","item":"https:\/\/ironsky.pl\/sklep\/produkty\/"},{"@type":"ListItem","position":3,"name":"System zrzutu TH1"}]},{"@type":"WebSite","@id":"https:\/\/ironsky.pl\/sklep\/#website","url":"https:\/\/ironsky.pl\/sklep\/","name":"IRONSKY.PL Sklep z Dronami","description":"IRONSKY.PL Sklep z Dronami","potentialAction":[{"@type":"SearchAction","target":{"@type":"EntryPoint","urlTemplate":"https:\/\/ironsky.pl\/sklep\/?s={search_term_string}"},"query-input":{"@type":"PropertyValueSpecification","valueRequired":true,"valueName":"search_term_string"}}],"inLanguage":"pl-PL"}]}},"_links":{"self":[{"href":"https:\/\/ironsky.pl\/sklep\/wp-json\/wp\/v2\/product\/40281","targetHints":{"allow":["GET"]}}],"collection":[{"href":"https:\/\/ironsky.pl\/sklep\/wp-json\/wp\/v2\/product"}],"about":[{"href":"https:\/\/ironsky.pl\/sklep\/wp-json\/wp\/v2\/types\/product"}],"replies":[{"embeddable":true,"href":"https:\/\/ironsky.pl\/sklep\/wp-json\/wp\/v2\/comments?post=40281"}],"wp:featuredmedia":[{"embeddable":true,"href":"https:\/\/ironsky.pl\/sklep\/wp-json\/wp\/v2\/media\/40282"}],"wp:attachment":[{"href":"https:\/\/ironsky.pl\/sklep\/wp-json\/wp\/v2\/media?parent=40281"}],"wp:term":[{"taxonomy":"product_brand","embeddable":true,"href":"https:\/\/ironsky.pl\/sklep\/wp-json\/wp\/v2\/product_brand?post=40281"},{"taxonomy":"product_cat","embeddable":true,"href":"https:\/\/ironsky.pl\/sklep\/wp-json\/wp\/v2\/product_cat?post=40281"},{"taxonomy":"product_tag","embeddable":true,"href":"https:\/\/ironsky.pl\/sklep\/wp-json\/wp\/v2\/product_tag?post=40281"}],"curies":[{"name":"wp","href":"https:\/\/api.w.org\/{rel}","templated":true}]}}