{"id":40191,"date":"2025-05-26T18:01:50","date_gmt":"2025-05-26T16:01:50","guid":{"rendered":"https:\/\/ironsky.pl\/drony-sklep\/produkt\/filtry-mcuv-cpl-nd8-nd16-nd32-nd64-sunnylife-do-dji-flip\/"},"modified":"2026-03-12T11:54:19","modified_gmt":"2026-03-12T10:54:19","slug":"filtry-mcuv-cpl-nd8-nd16-nd32-nd64-sunnylife-do-dji-flip","status":"publish","type":"product","link":"https:\/\/ironsky.pl\/sklep\/produkt\/filtry-mcuv-cpl-nd8-nd16-nd32-nd64-sunnylife-do-dji-flip\/","title":{"rendered":"Filtry MCUV, CPL, ND8, ND16, ND32, ND64 Sunnylife do DJI Flip"},"content":{"rendered":"<h3>Filtry MCUV, CPL, ND8, ND16, ND32, ND64 Sunnylife do DJI Flip<\/h3>\n<p>Filtry MCUV, CPL, ND8, ND16, ND32 i ND64 Sunnylife do DJI Flip to profesjonalne akcesoria, kt\u00f3re umo\u017cliwi\u0105 Ci wykonywanie jeszcze lepszych zdj\u0119\u0107 i film\u00f3w. Dzi\u0119ki innowacyjnym materia\u0142om, doskona\u0142ej jako\u015bci optycznej i wysokiej odporno\u015bci na uszkodzenia, te filtry s\u0105 doskona\u0142ym wyborem dla ka\u017cdego w\u0142a\u015bciciela drona. Zainwestuj w nie ju\u017c teraz i podnie\u015b jako\u015b\u0107 swoich uj\u0119\u0107 na wy\u017cszy poziom!<\/p>\n<p>\n<img decoding=\"async\" src=\"https:\/\/assets.innpro.pl\/12751\/15459\/1.jpg\" border=\"0\" alt=\"\" \/>\n<\/p>\n<h3>Lekkie jak pi\u00f3rko, trwa\u0142e jak ska\u0142a<\/h3>\n<p>Filtry Sunnylife s\u0105 niezwykle lekkie \u2013 ka\u017cdy wa\u017cy zaledwie 0,5 g, co oznacza, \u017ce nie obci\u0105\u017caj\u0105 gimbala Twojego drona, zapewniaj\u0105c stabilno\u015b\u0107 podczas lotu. Mimo swojej wagi filtry charakteryzuj\u0105 si\u0119 wyj\u0105tkow\u0105 trwa\u0142o\u015bci\u0105 dzi\u0119ki zastosowaniu niemieckiego szk\u0142a optycznego, kt\u00f3re zosta\u0142o poddane precyzyjnemu procesowi szlifowania. To po\u0142\u0105czenie nowoczesnej technologii i doskona\u0142ych materia\u0142\u00f3w sprawia, \u017ce filtry te s\u0105 niezwykle wytrzyma\u0142e i odporne na zarysowania.<\/p>\n<p>\n<img decoding=\"async\" src=\"https:\/\/assets.innpro.pl\/12751\/15459\/5.jpg\" border=\"0\" alt=\"\" \/>\n<\/p>\n<h3>Doskona\u0142a jako\u015b\u0107 obrazu<\/h3>\n<p>Filtry Sunnylife wyr\u00f3\u017cniaj\u0105 si\u0119 nie tylko lekk\u0105 konstrukcj\u0105, ale r\u00f3wnie\u017c wysok\u0105 jako\u015bci\u0105 optyczn\u0105. Dzi\u0119ki wielowarstwowym pow\u0142okom oraz wysokiej przepuszczalno\u015bci \u015bwiat\u0142a, filtry te skutecznie przywracaj\u0105 naturalne kolory zdj\u0119\u0107 i film\u00f3w. Doskonale redukuj\u0105 odblaski oraz poprawiaj\u0105 kontrast, co umo\u017cliwia uzyskanie wyra\u017anych i profesjonalnych obraz\u00f3w w ka\u017cdych warunkach o\u015bwietleniowych.<\/p>\n<p>\n<img decoding=\"async\" src=\"https:\/\/assets.innpro.pl\/12751\/15459\/2.jpg\" border=\"0\" alt=\"\" \/>\n<\/p>\n<h3>Ochrona Twojego obiektywu<\/h3>\n<p>Zastosowanie filtr\u00f3w Sunnylife to tak\u017ce skuteczna ochrona obiektywu Twojego drona. Dzi\u0119ki odporno\u015bci na wod\u0119, oleje i zarysowania, filtry te zabezpieczaj\u0105 obiektyw przed uszkodzeniami mechanicznymi i zabrudzeniami, zapewniaj\u0105c d\u0142ugotrwa\u0142\u0105 niezawodno\u015b\u0107 sprz\u0119tu w terenie.<\/p>\n<p>\n<img decoding=\"async\" src=\"https:\/\/assets.innpro.pl\/12751\/15459\/4.jpg\" border=\"0\" alt=\"\" \/>\n<\/p>\n<h3>\u0141atwo\u015b\u0107 u\u017cycia i wygodne przechowywanie<\/h3>\n<p>Filtry s\u0105 niezwykle \u0142atwe do zamontowania i demonta\u017cu, dzi\u0119ki innowacyjnej konstrukcji. Aby zamontowa\u0107 filtr, wystarczy ustawi\u0107 go logo w lew\u0105 stron\u0119, a nast\u0119pnie delikatnie wcisn\u0105\u0107, a\u017c filtr \u201ekliknie\u201d na swoim miejscu. Aby go zdj\u0105\u0107, wystarczy unie\u015b\u0107 filtr z lewej strony. Ka\u017cdy filtr jest starannie zapakowany w eleganck\u0105, miniaturow\u0105 kartonow\u0105 obudow\u0119, kt\u00f3ra skutecznie chroni go przed zarysowaniami i uszkodzeniami mechanicznymi.<\/p>\n<p>\n<img decoding=\"async\" src=\"https:\/\/assets.innpro.pl\/12751\/15459\/8.jpg\" border=\"0\" alt=\"\" \/>\n<\/p>\n<div class=\"table-wrapper\">\n<p>\u00a0<\/p>\n<h3><\/h3>\n<table>\n<tbody>\n<tr>\n<th>Producent<\/th>\n<td>Sunnylife<\/td>\n<\/tr>\n<tr>\n<th>Filtry w zestawie<\/th>\n<td>MCUV, CPL, ND8, ND16, ND32, ND64 <\/td>\n<\/tr>\n<tr>\n<th>Kompatybilne urz\u0105dzenia<\/th>\n<td>DJI Flip<\/td>\n<\/tr>\n<tr>\n<th>Materia\u0142 wykonania<\/th>\n<td>PC i szk\u0142o optyczne<\/td>\n<\/tr>\n<tr>\n<th>Waga<\/th>\n<td>0.5 g<\/td>\n<\/tr>\n<tr>\n<th>Wymiary<\/th>\n<td>16 x 22 mm<\/td>\n<\/tr>\n<\/tbody>\n<\/table>\n<\/div>\n","protected":false},"excerpt":{"rendered":"<p>Filtry MCUV, CPL, ND8, ND16, ND32, ND64 Sunnylife do DJI Flip Filtry MCUV, CPL, ND8, ND16, ND32 i ND64 Sunnylife<\/p>\n","protected":false},"featured_media":40192,"comment_status":"closed","ping_status":"open","template":"","meta":{"_acf_changed":false},"product_brand":[],"product_cat":[1132,1152,1128],"product_tag":[],"class_list":{"0":"post-40191","1":"product","2":"type-product","3":"status-publish","4":"has-post-thumbnail","6":"product_cat-filtry-foto","7":"product_cat-do-kamer","8":"product_cat-foto-wideo","9":"pa_okres-gwarancji-5754","10":"pa_producent-sunnylife","12":"first","13":"instock","14":"taxable","15":"shipping-taxable","16":"purchasable","17":"product-type-simple"},"acf":[],"yoast_head":"<!-- This site is optimized with the Yoast SEO plugin v27.2 - https:\/\/yoast.com\/product\/yoast-seo-wordpress\/ -->\n<title>Filtry MCUV, CPL, ND8, ND16, ND32, ND64 Sunnylife do DJI Flip - IRONSKY.PL Sklep z Dronami<\/title>\n<meta name=\"description\" content=\"Filtry MCUV, CPL, ND8, ND16, ND32, ND64 Sunnylife do DJI Flip - \u2705 sklep z dronami i fachowym doradztwem. \u2705 Tutaj kupisz produkty DJI, Yuneec, Parrot, Syma i wiele innych, a tak\u017ce kursy i licencje na operatora drona.\" \/>\n<meta name=\"robots\" content=\"index, follow, max-snippet:-1, max-image-preview:large, max-video-preview:-1\" \/>\n<link rel=\"canonical\" href=\"https:\/\/ironsky.pl\/sklep\/produkt\/filtry-mcuv-cpl-nd8-nd16-nd32-nd64-sunnylife-do-dji-flip\/\" \/>\n<meta property=\"og:locale\" content=\"pl_PL\" \/>\n<meta property=\"og:type\" content=\"article\" \/>\n<meta property=\"og:title\" content=\"Filtry MCUV, CPL, ND8, ND16, ND32, ND64 Sunnylife do DJI Flip - IRONSKY.PL Sklep z Dronami\" \/>\n<meta property=\"og:description\" content=\"Filtry MCUV, CPL, ND8, ND16, ND32, ND64 Sunnylife do DJI Flip - \u2705 sklep z dronami i fachowym doradztwem. \u2705 Tutaj kupisz produkty DJI, Yuneec, Parrot, Syma i wiele innych, a tak\u017ce kursy i licencje na operatora drona.\" \/>\n<meta property=\"og:url\" content=\"https:\/\/ironsky.pl\/sklep\/produkt\/filtry-mcuv-cpl-nd8-nd16-nd32-nd64-sunnylife-do-dji-flip\/\" \/>\n<meta property=\"og:site_name\" content=\"IRONSKY.PL Sklep z Dronami\" \/>\n<meta property=\"article:modified_time\" content=\"2026-03-12T10:54:19+00:00\" \/>\n<meta property=\"og:image\" content=\"https:\/\/ironsky.pl\/sklep\/wp-content\/uploads\/2025\/05\/50408_1.jpg\" \/>\n\t<meta property=\"og:image:width\" content=\"800\" \/>\n\t<meta property=\"og:image:height\" content=\"800\" \/>\n\t<meta property=\"og:image:type\" content=\"image\/jpeg\" \/>\n<meta name=\"twitter:card\" content=\"summary_large_image\" \/>\n<meta name=\"twitter:label1\" content=\"Szacowany czas czytania\" \/>\n\t<meta name=\"twitter:data1\" content=\"2 minuty\" \/>\n<script type=\"application\/ld+json\" class=\"yoast-schema-graph\">{\"@context\":\"https:\/\/schema.org\",\"@graph\":[{\"@type\":\"WebPage\",\"@id\":\"https:\/\/ironsky.pl\/sklep\/produkt\/filtry-mcuv-cpl-nd8-nd16-nd32-nd64-sunnylife-do-dji-flip\/\",\"url\":\"https:\/\/ironsky.pl\/sklep\/produkt\/filtry-mcuv-cpl-nd8-nd16-nd32-nd64-sunnylife-do-dji-flip\/\",\"name\":\"Filtry MCUV, CPL, ND8, ND16, ND32, ND64 Sunnylife do DJI Flip - IRONSKY.PL Sklep z Dronami\",\"isPartOf\":{\"@id\":\"https:\/\/ironsky.pl\/sklep\/#website\"},\"primaryImageOfPage\":{\"@id\":\"https:\/\/ironsky.pl\/sklep\/produkt\/filtry-mcuv-cpl-nd8-nd16-nd32-nd64-sunnylife-do-dji-flip\/#primaryimage\"},\"image\":{\"@id\":\"https:\/\/ironsky.pl\/sklep\/produkt\/filtry-mcuv-cpl-nd8-nd16-nd32-nd64-sunnylife-do-dji-flip\/#primaryimage\"},\"thumbnailUrl\":\"https:\/\/ironsky.pl\/sklep\/wp-content\/uploads\/2025\/05\/50408_1.jpg\",\"datePublished\":\"2025-05-26T16:01:50+00:00\",\"dateModified\":\"2026-03-12T10:54:19+00:00\",\"description\":\"Filtry MCUV, CPL, ND8, ND16, ND32, ND64 Sunnylife do DJI Flip - \u2705 sklep z dronami i fachowym doradztwem. \u2705 Tutaj kupisz produkty DJI, Yuneec, Parrot, Syma i wiele innych, a tak\u017ce kursy i licencje na operatora drona.\",\"breadcrumb\":{\"@id\":\"https:\/\/ironsky.pl\/sklep\/produkt\/filtry-mcuv-cpl-nd8-nd16-nd32-nd64-sunnylife-do-dji-flip\/#breadcrumb\"},\"inLanguage\":\"pl-PL\",\"potentialAction\":[{\"@type\":\"ReadAction\",\"target\":[\"https:\/\/ironsky.pl\/sklep\/produkt\/filtry-mcuv-cpl-nd8-nd16-nd32-nd64-sunnylife-do-dji-flip\/\"]}]},{\"@type\":\"ImageObject\",\"inLanguage\":\"pl-PL\",\"@id\":\"https:\/\/ironsky.pl\/sklep\/produkt\/filtry-mcuv-cpl-nd8-nd16-nd32-nd64-sunnylife-do-dji-flip\/#primaryimage\",\"url\":\"https:\/\/ironsky.pl\/sklep\/wp-content\/uploads\/2025\/05\/50408_1.jpg\",\"contentUrl\":\"https:\/\/ironsky.pl\/sklep\/wp-content\/uploads\/2025\/05\/50408_1.jpg\",\"width\":800,\"height\":800},{\"@type\":\"BreadcrumbList\",\"@id\":\"https:\/\/ironsky.pl\/sklep\/produkt\/filtry-mcuv-cpl-nd8-nd16-nd32-nd64-sunnylife-do-dji-flip\/#breadcrumb\",\"itemListElement\":[{\"@type\":\"ListItem\",\"position\":1,\"name\":\"Strona g\u0142\u00f3wna\",\"item\":\"https:\/\/ironsky.pl\/sklep\/\"},{\"@type\":\"ListItem\",\"position\":2,\"name\":\"Wszystkie produkty\",\"item\":\"https:\/\/ironsky.pl\/sklep\/sklep\/\"},{\"@type\":\"ListItem\",\"position\":3,\"name\":\"Filtry MCUV, CPL, ND8, ND16, ND32, ND64 Sunnylife do DJI Flip\"}]},{\"@type\":\"WebSite\",\"@id\":\"https:\/\/ironsky.pl\/sklep\/#website\",\"url\":\"https:\/\/ironsky.pl\/sklep\/\",\"name\":\"IRONSKY.PL Sklep z Dronami\",\"description\":\"IRONSKY.PL Sklep z Dronami\",\"potentialAction\":[{\"@type\":\"SearchAction\",\"target\":{\"@type\":\"EntryPoint\",\"urlTemplate\":\"https:\/\/ironsky.pl\/sklep\/?s={search_term_string}\"},\"query-input\":{\"@type\":\"PropertyValueSpecification\",\"valueRequired\":true,\"valueName\":\"search_term_string\"}}],\"inLanguage\":\"pl-PL\"}]}<\/script>\n<!-- \/ Yoast SEO plugin. -->","yoast_head_json":{"title":"Filtry MCUV, CPL, ND8, ND16, ND32, ND64 Sunnylife do DJI Flip - IRONSKY.PL Sklep z Dronami","description":"Filtry MCUV, CPL, ND8, ND16, ND32, ND64 Sunnylife do DJI Flip - \u2705 sklep z dronami i fachowym doradztwem. \u2705 Tutaj kupisz produkty DJI, Yuneec, Parrot, Syma i wiele innych, a tak\u017ce kursy i licencje na operatora drona.","robots":{"index":"index","follow":"follow","max-snippet":"max-snippet:-1","max-image-preview":"max-image-preview:large","max-video-preview":"max-video-preview:-1"},"canonical":"https:\/\/ironsky.pl\/sklep\/produkt\/filtry-mcuv-cpl-nd8-nd16-nd32-nd64-sunnylife-do-dji-flip\/","og_locale":"pl_PL","og_type":"article","og_title":"Filtry MCUV, CPL, ND8, ND16, ND32, ND64 Sunnylife do DJI Flip - IRONSKY.PL Sklep z Dronami","og_description":"Filtry MCUV, CPL, ND8, ND16, ND32, ND64 Sunnylife do DJI Flip - \u2705 sklep z dronami i fachowym doradztwem. \u2705 Tutaj kupisz produkty DJI, Yuneec, Parrot, Syma i wiele innych, a tak\u017ce kursy i licencje na operatora drona.","og_url":"https:\/\/ironsky.pl\/sklep\/produkt\/filtry-mcuv-cpl-nd8-nd16-nd32-nd64-sunnylife-do-dji-flip\/","og_site_name":"IRONSKY.PL Sklep z Dronami","article_modified_time":"2026-03-12T10:54:19+00:00","og_image":[{"width":800,"height":800,"url":"https:\/\/ironsky.pl\/sklep\/wp-content\/uploads\/2025\/05\/50408_1.jpg","type":"image\/jpeg"}],"twitter_card":"summary_large_image","twitter_misc":{"Szacowany czas czytania":"2 minuty"},"schema":{"@context":"https:\/\/schema.org","@graph":[{"@type":"WebPage","@id":"https:\/\/ironsky.pl\/sklep\/produkt\/filtry-mcuv-cpl-nd8-nd16-nd32-nd64-sunnylife-do-dji-flip\/","url":"https:\/\/ironsky.pl\/sklep\/produkt\/filtry-mcuv-cpl-nd8-nd16-nd32-nd64-sunnylife-do-dji-flip\/","name":"Filtry MCUV, CPL, ND8, ND16, ND32, ND64 Sunnylife do DJI Flip - IRONSKY.PL Sklep z Dronami","isPartOf":{"@id":"https:\/\/ironsky.pl\/sklep\/#website"},"primaryImageOfPage":{"@id":"https:\/\/ironsky.pl\/sklep\/produkt\/filtry-mcuv-cpl-nd8-nd16-nd32-nd64-sunnylife-do-dji-flip\/#primaryimage"},"image":{"@id":"https:\/\/ironsky.pl\/sklep\/produkt\/filtry-mcuv-cpl-nd8-nd16-nd32-nd64-sunnylife-do-dji-flip\/#primaryimage"},"thumbnailUrl":"https:\/\/ironsky.pl\/sklep\/wp-content\/uploads\/2025\/05\/50408_1.jpg","datePublished":"2025-05-26T16:01:50+00:00","dateModified":"2026-03-12T10:54:19+00:00","description":"Filtry MCUV, CPL, ND8, ND16, ND32, ND64 Sunnylife do DJI Flip - \u2705 sklep z dronami i fachowym doradztwem. \u2705 Tutaj kupisz produkty DJI, Yuneec, Parrot, Syma i wiele innych, a tak\u017ce kursy i licencje na operatora drona.","breadcrumb":{"@id":"https:\/\/ironsky.pl\/sklep\/produkt\/filtry-mcuv-cpl-nd8-nd16-nd32-nd64-sunnylife-do-dji-flip\/#breadcrumb"},"inLanguage":"pl-PL","potentialAction":[{"@type":"ReadAction","target":["https:\/\/ironsky.pl\/sklep\/produkt\/filtry-mcuv-cpl-nd8-nd16-nd32-nd64-sunnylife-do-dji-flip\/"]}]},{"@type":"ImageObject","inLanguage":"pl-PL","@id":"https:\/\/ironsky.pl\/sklep\/produkt\/filtry-mcuv-cpl-nd8-nd16-nd32-nd64-sunnylife-do-dji-flip\/#primaryimage","url":"https:\/\/ironsky.pl\/sklep\/wp-content\/uploads\/2025\/05\/50408_1.jpg","contentUrl":"https:\/\/ironsky.pl\/sklep\/wp-content\/uploads\/2025\/05\/50408_1.jpg","width":800,"height":800},{"@type":"BreadcrumbList","@id":"https:\/\/ironsky.pl\/sklep\/produkt\/filtry-mcuv-cpl-nd8-nd16-nd32-nd64-sunnylife-do-dji-flip\/#breadcrumb","itemListElement":[{"@type":"ListItem","position":1,"name":"Strona g\u0142\u00f3wna","item":"https:\/\/ironsky.pl\/sklep\/"},{"@type":"ListItem","position":2,"name":"Wszystkie produkty","item":"https:\/\/ironsky.pl\/sklep\/sklep\/"},{"@type":"ListItem","position":3,"name":"Filtry MCUV, CPL, ND8, ND16, ND32, ND64 Sunnylife do DJI Flip"}]},{"@type":"WebSite","@id":"https:\/\/ironsky.pl\/sklep\/#website","url":"https:\/\/ironsky.pl\/sklep\/","name":"IRONSKY.PL Sklep z Dronami","description":"IRONSKY.PL Sklep z Dronami","potentialAction":[{"@type":"SearchAction","target":{"@type":"EntryPoint","urlTemplate":"https:\/\/ironsky.pl\/sklep\/?s={search_term_string}"},"query-input":{"@type":"PropertyValueSpecification","valueRequired":true,"valueName":"search_term_string"}}],"inLanguage":"pl-PL"}]}},"_links":{"self":[{"href":"https:\/\/ironsky.pl\/sklep\/wp-json\/wp\/v2\/product\/40191","targetHints":{"allow":["GET"]}}],"collection":[{"href":"https:\/\/ironsky.pl\/sklep\/wp-json\/wp\/v2\/product"}],"about":[{"href":"https:\/\/ironsky.pl\/sklep\/wp-json\/wp\/v2\/types\/product"}],"replies":[{"embeddable":true,"href":"https:\/\/ironsky.pl\/sklep\/wp-json\/wp\/v2\/comments?post=40191"}],"wp:featuredmedia":[{"embeddable":true,"href":"https:\/\/ironsky.pl\/sklep\/wp-json\/wp\/v2\/media\/40192"}],"wp:attachment":[{"href":"https:\/\/ironsky.pl\/sklep\/wp-json\/wp\/v2\/media?parent=40191"}],"wp:term":[{"taxonomy":"product_brand","embeddable":true,"href":"https:\/\/ironsky.pl\/sklep\/wp-json\/wp\/v2\/product_brand?post=40191"},{"taxonomy":"product_cat","embeddable":true,"href":"https:\/\/ironsky.pl\/sklep\/wp-json\/wp\/v2\/product_cat?post=40191"},{"taxonomy":"product_tag","embeddable":true,"href":"https:\/\/ironsky.pl\/sklep\/wp-json\/wp\/v2\/product_tag?post=40191"}],"curies":[{"name":"wp","href":"https:\/\/api.w.org\/{rel}","templated":true}]}}