{"id":40062,"date":"2025-05-26T17:59:06","date_gmt":"2025-05-26T15:59:06","guid":{"rendered":"https:\/\/ironsky.pl\/drony-sklep\/produkt\/etui-do-przechowywania-gogli-n3_-sunnylife-073528\/"},"modified":"2026-05-07T20:11:22","modified_gmt":"2026-05-07T18:11:22","slug":"etui-do-przechowywania-gogli-n3_-sunnylife-073528","status":"publish","type":"product","link":"https:\/\/ironsky.pl\/sklep\/produkt\/etui-do-przechowywania-gogli-n3_-sunnylife-073528\/","title":{"rendered":"Etui do przechowywania gogli N3_ Sunnylife 073528"},"content":{"rendered":"<h3>Etui do przechowywania gogli N3_ Sunnylife 073528<\/h3>\n<p>Etui Sunnylife B937 to doskona\u0142e rozwi\u0105zanie do przechowywania i transportu gogli DJI Goggles N3. Zaprojektowane z my\u015bl\u0105 o bezpiecze\u0144stwie i wygodzie u\u017cytkownika \u2013 oferuje niezawodn\u0105 ochron\u0119 sprz\u0119tu, a jednocze\u015bnie jest bardzo lekkie i por\u0119czne. Wyr\u00f3\u017cnia si\u0119 tak\u017ce du\u017c\u0105 wytrzyma\u0142o\u015bci\u0105 i odporno\u015bci\u0105 na uszkodzenia. W sk\u0142ad zestawu wchodzi r\u00f3wnie\u017c niewielki karabi\u0144czyk, kt\u00f3ry pozwoli Ci na przyk\u0142ad przymocowa\u0107 etui do plecaka.<\/p>\n<p>\n<img decoding=\"async\" src=\"https:\/\/assets.innpro.pl\/11506\/13625\/3.jpg\" border=\"0\" \/>\n<\/p>\n<h3>Wytrzyma\u0142a i wstrz\u0105soodporna konstrukcja<\/h3>\n<p>Etui zosta\u0142o wykonane z trwa\u0142ej tkaniny, dzi\u0119ki czemu zapewnia skuteczne zabezpieczenie przed wstrz\u0105sami, zadrapaniami oraz innymi uszkodzeniami mechanicznymi. Ponadto twarda, odporna na uderzenia obudowa chroni gogle i akcesoria w trakcie transportu, a wewn\u0119trzna wy\u015bci\u00f3\u0142ka z mi\u0119kkiej flaneli zapobiega powstawaniu zarysowa\u0144, dbaj\u0105c o idealny stan Twojego sprz\u0119tu.<\/p>\n<p>\n<img decoding=\"async\" src=\"https:\/\/assets.innpro.pl\/11506\/13625\/1.jpg\" border=\"0\" \/>\n<\/p>\n<h3>Precyzyjne dopasowanie<\/h3>\n<p>Etui Sunnylife B937 zosta\u0142o wyposa\u017cone w precyzyjnie formowan\u0105 wk\u0142adk\u0119, kt\u00f3ra pozwala na stabilne przechowywanie gogli DJI Goggles N3. Do dyspozycji masz tak\u017ce siatkow\u0105 kiesze\u0144 na zamek, kt\u00f3ra umo\u017cliwia wygodne przechowywanie drobnych przedmiot\u00f3w, takich jak karty SD czy kable do \u0142adowania. Dzi\u0119ki temu z \u0142atwo\u015bci\u0105 zachowasz porz\u0105dek i b\u0119dziesz mie\u0107 wszystkie niezb\u0119dne akcesoria zawsze pod r\u0119k\u0105!<\/p>\n<p>\n<img decoding=\"async\" src=\"https:\/\/assets.innpro.pl\/11506\/13625\/4.jpg\" border=\"0\" \/>\n<\/p>\n<h3>Dopracowane w ka\u017cdym szczeg\u00f3le<\/h3>\n<p>Etui wyr\u00f3\u017cnia si\u0119 wysok\u0105 jako\u015bci\u0105 wykonania \u2013 delikatne przeszycia zapewniaj\u0105 estetyczny wygl\u0105d, a solidne zamki b\u0142yskawiczne umo\u017cliwiaj\u0105 jego p\u0142ynne otwieranie i zamykanie. Do zestawu do\u0142\u0105czono tak\u017ce praktyczny karabi\u0144czyk, za pomoc\u0105 kt\u00f3rego z \u0142atwo\u015bci\u0105 przypniesz je do plecaka. Mo\u017cesz wi\u0119c mie\u0107 wolne r\u0119ce w trakcie podr\u00f3\u017cy!<\/p>\n<p>\n<img decoding=\"async\" src=\"https:\/\/assets.innpro.pl\/11506\/13625\/2.jpg\" border=\"0\" \/>\n<\/p>\n<h3>W zestawie<\/h3>\n<ul class=\"list-disc pl-5\">\n<li>Etui<\/li>\n<li>Karabi\u0144czyk<\/li>\n<\/ul>\n<div class=\"table-wrapper\">\n<p>\u00a0<\/p>\n<h3><\/h3>\n<table>\n<tbody>\n<tr>\n<th>Producent<\/th>\n<td>Sunnylife<\/td>\n<\/tr>\n<tr>\n<th>Model<\/th>\n<td>B937<\/td>\n<\/tr>\n<tr>\n<th>Materia\u0142<\/th>\n<td>Tkanina<\/td>\n<\/tr>\n<tr>\n<th>Waga<\/th>\n<td>322 g<\/td>\n<\/tr>\n<tr>\n<th>Wymiary<\/th>\n<td>228 x 202 x 102 mm<\/td>\n<\/tr>\n<tr>\n<th>Kompatybilno\u015b\u0107<\/th>\n<td>DJI Goggles N3<\/td>\n<\/tr>\n<\/tbody>\n<\/table>\n<\/div>\n","protected":false},"excerpt":{"rendered":"<p>Etui do przechowywania gogli N3_ Sunnylife 073528 Etui Sunnylife B937 to doskona\u0142e rozwi\u0105zanie do przechowywania i transportu gogli DJI Goggles<\/p>\n","protected":false},"featured_media":40063,"comment_status":"closed","ping_status":"open","template":"","meta":{"_acf_changed":false},"product_brand":[],"product_cat":[1090,1091,1088,5579,1097],"product_tag":[],"class_list":{"0":"post-40062","1":"product","2":"type-product","3":"status-publish","4":"has-post-thumbnail","6":"product_cat-akcesoria","7":"product_cat-dji","8":"product_cat-drony","9":"product_cat-gogle","10":"product_cat-symulatory-lotu-dronem","11":"pa_okres-gwarancji-5754","12":"pa_producent-sunnylife","14":"first","15":"instock","16":"taxable","17":"shipping-taxable","18":"purchasable","19":"product-type-simple"},"acf":[],"yoast_head":"<!-- This site is optimized with the Yoast SEO plugin v27.2 - https:\/\/yoast.com\/product\/yoast-seo-wordpress\/ -->\n<title>Etui do przechowywania gogli N3_ Sunnylife 073528 - IRONSKY.PL Sklep z Dronami<\/title>\n<meta name=\"description\" content=\"Etui do przechowywania gogli N3_ Sunnylife 073528 - \u2705 sklep z dronami i fachowym doradztwem. \u2705 Tutaj kupisz produkty DJI, Yuneec, Parrot, Syma i wiele innych, a tak\u017ce kursy i licencje na operatora drona.\" \/>\n<meta name=\"robots\" content=\"index, follow, max-snippet:-1, max-image-preview:large, max-video-preview:-1\" \/>\n<link rel=\"canonical\" href=\"https:\/\/ironsky.pl\/sklep\/produkt\/etui-do-przechowywania-gogli-n3_-sunnylife-073528\/\" \/>\n<meta property=\"og:locale\" content=\"pl_PL\" \/>\n<meta property=\"og:type\" content=\"article\" \/>\n<meta property=\"og:title\" content=\"Etui do przechowywania gogli N3_ Sunnylife 073528 - IRONSKY.PL Sklep z Dronami\" \/>\n<meta property=\"og:description\" content=\"Etui do przechowywania gogli N3_ Sunnylife 073528 - \u2705 sklep z dronami i fachowym doradztwem. \u2705 Tutaj kupisz produkty DJI, Yuneec, Parrot, Syma i wiele innych, a tak\u017ce kursy i licencje na operatora drona.\" \/>\n<meta property=\"og:url\" content=\"https:\/\/ironsky.pl\/sklep\/produkt\/etui-do-przechowywania-gogli-n3_-sunnylife-073528\/\" \/>\n<meta property=\"og:site_name\" content=\"IRONSKY.PL Sklep z Dronami\" \/>\n<meta property=\"article:modified_time\" content=\"2026-05-07T18:11:22+00:00\" \/>\n<meta property=\"og:image\" content=\"https:\/\/ironsky.pl\/sklep\/wp-content\/uploads\/2025\/05\/49010_1.jpg\" \/>\n\t<meta property=\"og:image:width\" content=\"800\" \/>\n\t<meta property=\"og:image:height\" content=\"800\" \/>\n\t<meta property=\"og:image:type\" content=\"image\/jpeg\" \/>\n<meta name=\"twitter:card\" content=\"summary_large_image\" \/>\n<meta name=\"twitter:label1\" content=\"Szacowany czas czytania\" \/>\n\t<meta name=\"twitter:data1\" content=\"1 minuta\" \/>\n<script type=\"application\/ld+json\" class=\"yoast-schema-graph\">{\"@context\":\"https:\/\/schema.org\",\"@graph\":[{\"@type\":\"WebPage\",\"@id\":\"https:\/\/ironsky.pl\/sklep\/produkt\/etui-do-przechowywania-gogli-n3_-sunnylife-073528\/\",\"url\":\"https:\/\/ironsky.pl\/sklep\/produkt\/etui-do-przechowywania-gogli-n3_-sunnylife-073528\/\",\"name\":\"Etui do przechowywania gogli N3_ Sunnylife 073528 - IRONSKY.PL Sklep z Dronami\",\"isPartOf\":{\"@id\":\"https:\/\/ironsky.pl\/sklep\/#website\"},\"primaryImageOfPage\":{\"@id\":\"https:\/\/ironsky.pl\/sklep\/produkt\/etui-do-przechowywania-gogli-n3_-sunnylife-073528\/#primaryimage\"},\"image\":{\"@id\":\"https:\/\/ironsky.pl\/sklep\/produkt\/etui-do-przechowywania-gogli-n3_-sunnylife-073528\/#primaryimage\"},\"thumbnailUrl\":\"https:\/\/ironsky.pl\/sklep\/wp-content\/uploads\/2025\/05\/49010_1.jpg\",\"datePublished\":\"2025-05-26T15:59:06+00:00\",\"dateModified\":\"2026-05-07T18:11:22+00:00\",\"description\":\"Etui do przechowywania gogli N3_ Sunnylife 073528 - \u2705 sklep z dronami i fachowym doradztwem. \u2705 Tutaj kupisz produkty DJI, Yuneec, Parrot, Syma i wiele innych, a tak\u017ce kursy i licencje na operatora drona.\",\"breadcrumb\":{\"@id\":\"https:\/\/ironsky.pl\/sklep\/produkt\/etui-do-przechowywania-gogli-n3_-sunnylife-073528\/#breadcrumb\"},\"inLanguage\":\"pl-PL\",\"potentialAction\":[{\"@type\":\"ReadAction\",\"target\":[\"https:\/\/ironsky.pl\/sklep\/produkt\/etui-do-przechowywania-gogli-n3_-sunnylife-073528\/\"]}]},{\"@type\":\"ImageObject\",\"inLanguage\":\"pl-PL\",\"@id\":\"https:\/\/ironsky.pl\/sklep\/produkt\/etui-do-przechowywania-gogli-n3_-sunnylife-073528\/#primaryimage\",\"url\":\"https:\/\/ironsky.pl\/sklep\/wp-content\/uploads\/2025\/05\/49010_1.jpg\",\"contentUrl\":\"https:\/\/ironsky.pl\/sklep\/wp-content\/uploads\/2025\/05\/49010_1.jpg\",\"width\":800,\"height\":800},{\"@type\":\"BreadcrumbList\",\"@id\":\"https:\/\/ironsky.pl\/sklep\/produkt\/etui-do-przechowywania-gogli-n3_-sunnylife-073528\/#breadcrumb\",\"itemListElement\":[{\"@type\":\"ListItem\",\"position\":1,\"name\":\"Strona g\u0142\u00f3wna\",\"item\":\"https:\/\/ironsky.pl\/sklep\/\"},{\"@type\":\"ListItem\",\"position\":2,\"name\":\"Wszystkie produkty\",\"item\":\"https:\/\/ironsky.pl\/sklep\/produkty\/\"},{\"@type\":\"ListItem\",\"position\":3,\"name\":\"Etui do przechowywania gogli N3_ Sunnylife 073528\"}]},{\"@type\":\"WebSite\",\"@id\":\"https:\/\/ironsky.pl\/sklep\/#website\",\"url\":\"https:\/\/ironsky.pl\/sklep\/\",\"name\":\"IRONSKY.PL Sklep z Dronami\",\"description\":\"IRONSKY.PL Sklep z Dronami\",\"potentialAction\":[{\"@type\":\"SearchAction\",\"target\":{\"@type\":\"EntryPoint\",\"urlTemplate\":\"https:\/\/ironsky.pl\/sklep\/?s={search_term_string}\"},\"query-input\":{\"@type\":\"PropertyValueSpecification\",\"valueRequired\":true,\"valueName\":\"search_term_string\"}}],\"inLanguage\":\"pl-PL\"}]}<\/script>\n<!-- \/ Yoast SEO plugin. -->","yoast_head_json":{"title":"Etui do przechowywania gogli N3_ Sunnylife 073528 - IRONSKY.PL Sklep z Dronami","description":"Etui do przechowywania gogli N3_ Sunnylife 073528 - \u2705 sklep z dronami i fachowym doradztwem. \u2705 Tutaj kupisz produkty DJI, Yuneec, Parrot, Syma i wiele innych, a tak\u017ce kursy i licencje na operatora drona.","robots":{"index":"index","follow":"follow","max-snippet":"max-snippet:-1","max-image-preview":"max-image-preview:large","max-video-preview":"max-video-preview:-1"},"canonical":"https:\/\/ironsky.pl\/sklep\/produkt\/etui-do-przechowywania-gogli-n3_-sunnylife-073528\/","og_locale":"pl_PL","og_type":"article","og_title":"Etui do przechowywania gogli N3_ Sunnylife 073528 - IRONSKY.PL Sklep z Dronami","og_description":"Etui do przechowywania gogli N3_ Sunnylife 073528 - \u2705 sklep z dronami i fachowym doradztwem. \u2705 Tutaj kupisz produkty DJI, Yuneec, Parrot, Syma i wiele innych, a tak\u017ce kursy i licencje na operatora drona.","og_url":"https:\/\/ironsky.pl\/sklep\/produkt\/etui-do-przechowywania-gogli-n3_-sunnylife-073528\/","og_site_name":"IRONSKY.PL Sklep z Dronami","article_modified_time":"2026-05-07T18:11:22+00:00","og_image":[{"width":800,"height":800,"url":"https:\/\/ironsky.pl\/sklep\/wp-content\/uploads\/2025\/05\/49010_1.jpg","type":"image\/jpeg"}],"twitter_card":"summary_large_image","twitter_misc":{"Szacowany czas czytania":"1 minuta"},"schema":{"@context":"https:\/\/schema.org","@graph":[{"@type":"WebPage","@id":"https:\/\/ironsky.pl\/sklep\/produkt\/etui-do-przechowywania-gogli-n3_-sunnylife-073528\/","url":"https:\/\/ironsky.pl\/sklep\/produkt\/etui-do-przechowywania-gogli-n3_-sunnylife-073528\/","name":"Etui do przechowywania gogli N3_ Sunnylife 073528 - IRONSKY.PL Sklep z Dronami","isPartOf":{"@id":"https:\/\/ironsky.pl\/sklep\/#website"},"primaryImageOfPage":{"@id":"https:\/\/ironsky.pl\/sklep\/produkt\/etui-do-przechowywania-gogli-n3_-sunnylife-073528\/#primaryimage"},"image":{"@id":"https:\/\/ironsky.pl\/sklep\/produkt\/etui-do-przechowywania-gogli-n3_-sunnylife-073528\/#primaryimage"},"thumbnailUrl":"https:\/\/ironsky.pl\/sklep\/wp-content\/uploads\/2025\/05\/49010_1.jpg","datePublished":"2025-05-26T15:59:06+00:00","dateModified":"2026-05-07T18:11:22+00:00","description":"Etui do przechowywania gogli N3_ Sunnylife 073528 - \u2705 sklep z dronami i fachowym doradztwem. \u2705 Tutaj kupisz produkty DJI, Yuneec, Parrot, Syma i wiele innych, a tak\u017ce kursy i licencje na operatora drona.","breadcrumb":{"@id":"https:\/\/ironsky.pl\/sklep\/produkt\/etui-do-przechowywania-gogli-n3_-sunnylife-073528\/#breadcrumb"},"inLanguage":"pl-PL","potentialAction":[{"@type":"ReadAction","target":["https:\/\/ironsky.pl\/sklep\/produkt\/etui-do-przechowywania-gogli-n3_-sunnylife-073528\/"]}]},{"@type":"ImageObject","inLanguage":"pl-PL","@id":"https:\/\/ironsky.pl\/sklep\/produkt\/etui-do-przechowywania-gogli-n3_-sunnylife-073528\/#primaryimage","url":"https:\/\/ironsky.pl\/sklep\/wp-content\/uploads\/2025\/05\/49010_1.jpg","contentUrl":"https:\/\/ironsky.pl\/sklep\/wp-content\/uploads\/2025\/05\/49010_1.jpg","width":800,"height":800},{"@type":"BreadcrumbList","@id":"https:\/\/ironsky.pl\/sklep\/produkt\/etui-do-przechowywania-gogli-n3_-sunnylife-073528\/#breadcrumb","itemListElement":[{"@type":"ListItem","position":1,"name":"Strona g\u0142\u00f3wna","item":"https:\/\/ironsky.pl\/sklep\/"},{"@type":"ListItem","position":2,"name":"Wszystkie produkty","item":"https:\/\/ironsky.pl\/sklep\/produkty\/"},{"@type":"ListItem","position":3,"name":"Etui do przechowywania gogli N3_ Sunnylife 073528"}]},{"@type":"WebSite","@id":"https:\/\/ironsky.pl\/sklep\/#website","url":"https:\/\/ironsky.pl\/sklep\/","name":"IRONSKY.PL Sklep z Dronami","description":"IRONSKY.PL Sklep z Dronami","potentialAction":[{"@type":"SearchAction","target":{"@type":"EntryPoint","urlTemplate":"https:\/\/ironsky.pl\/sklep\/?s={search_term_string}"},"query-input":{"@type":"PropertyValueSpecification","valueRequired":true,"valueName":"search_term_string"}}],"inLanguage":"pl-PL"}]}},"_links":{"self":[{"href":"https:\/\/ironsky.pl\/sklep\/wp-json\/wp\/v2\/product\/40062","targetHints":{"allow":["GET"]}}],"collection":[{"href":"https:\/\/ironsky.pl\/sklep\/wp-json\/wp\/v2\/product"}],"about":[{"href":"https:\/\/ironsky.pl\/sklep\/wp-json\/wp\/v2\/types\/product"}],"replies":[{"embeddable":true,"href":"https:\/\/ironsky.pl\/sklep\/wp-json\/wp\/v2\/comments?post=40062"}],"wp:featuredmedia":[{"embeddable":true,"href":"https:\/\/ironsky.pl\/sklep\/wp-json\/wp\/v2\/media\/40063"}],"wp:attachment":[{"href":"https:\/\/ironsky.pl\/sklep\/wp-json\/wp\/v2\/media?parent=40062"}],"wp:term":[{"taxonomy":"product_brand","embeddable":true,"href":"https:\/\/ironsky.pl\/sklep\/wp-json\/wp\/v2\/product_brand?post=40062"},{"taxonomy":"product_cat","embeddable":true,"href":"https:\/\/ironsky.pl\/sklep\/wp-json\/wp\/v2\/product_cat?post=40062"},{"taxonomy":"product_tag","embeddable":true,"href":"https:\/\/ironsky.pl\/sklep\/wp-json\/wp\/v2\/product_tag?post=40062"}],"curies":[{"name":"wp","href":"https:\/\/api.w.org\/{rel}","templated":true}]}}