{"id":39824,"date":"2025-04-28T10:15:29","date_gmt":"2025-04-28T08:15:29","guid":{"rendered":"https:\/\/ironsky.pl\/drony-sklep\/?post_type=product&#038;p=39824"},"modified":"2026-03-05T15:38:22","modified_gmt":"2026-03-05T14:38:22","slug":"szkolenie-produktowe-z-obslugi-drona-dji-matrice-30-thermal-w-praktyce","status":"publish","type":"product","link":"https:\/\/ironsky.pl\/sklep\/produkt\/szkolenie-produktowe-z-obslugi-drona-dji-matrice-30-thermal-w-praktyce\/","title":{"rendered":"Szkolenie produktowe z obs\u0142ugi drona DJI Matrice 30 i 30T w praktyce"},"content":{"rendered":"<p class=\"\" data-start=\"176\" data-end=\"301\"><strong data-start=\"176\" data-end=\"221\">Szkolenie eksperckie DJI Matrice 30 \/ 30T. <\/strong><strong data-start=\"224\" data-end=\"301\">W pe\u0142ni praktyczne warsztaty 4 godziny \u2013 poznaj wszystkie mo\u017cliwo\u015bci Twojego drona! Zaj\u0119cia 100% praktyki z dronem.<\/strong><\/p>\n<p class=\"\" data-start=\"303\" data-end=\"325\"><strong data-start=\"303\" data-end=\"325\">Podczas szkolenia:<\/strong><\/p>\n<ul data-start=\"326\" data-end=\"2409\">\n<li class=\"\" data-start=\"326\" data-end=\"437\">\n<p class=\"\" data-start=\"328\" data-end=\"437\">Poznasz r\u00f3\u017cnice mi\u0119dzy Matrice 30 a Matrice 30T i ich zastosowania w inspekcjach, ratownictwie i monitoringu.<\/p>\n<\/li>\n<li class=\"\" data-start=\"438\" data-end=\"779\">\n<p class=\"\" data-start=\"440\" data-end=\"473\">Opanujesz obs\u0142ug\u0119 system\u00f3w kamer:<\/p>\n<ul data-start=\"476\" data-end=\"779\">\n<li class=\"\" data-start=\"476\" data-end=\"555\">\n<p class=\"\" data-start=\"478\" data-end=\"555\">Kamera szerokok\u0105tna 12 MP (1\/2&#8243; CMOS), k\u0105t widzenia 84\u00b0, nagrywanie 4K\/30FPS.<\/p>\n<\/li>\n<li class=\"\" data-start=\"558\" data-end=\"634\">\n<p class=\"\" data-start=\"560\" data-end=\"634\">Kamera z zoomem 48 MP, zoom optyczny 5\u201316x, hybrydowy do 200x, zdj\u0119cia 8K.<\/p>\n<\/li>\n<li class=\"\" data-start=\"637\" data-end=\"710\">\n<p class=\"\" data-start=\"639\" data-end=\"710\">Kamera termowizyjna (tylko M30T) \u2013 640\u00d7512 px, dok\u0142adno\u015b\u0107 \u00b12\u00b0C lub \u00b12%.<\/p>\n<\/li>\n<li class=\"\" data-start=\"713\" data-end=\"779\">\n<p class=\"\" data-start=\"715\" data-end=\"779\">Dalmierz laserowy o zasi\u0119gu do 1200 m z wysok\u0105 precyzj\u0105 pomiaru.<\/p>\n<\/li>\n<\/ul>\n<\/li>\n<li class=\"\" data-start=\"780\" data-end=\"875\">\n<p class=\"\" data-start=\"782\" data-end=\"875\">Nauczysz si\u0119 korzysta\u0107 z wielokierunkowych czujnik\u00f3w Dual Vision i ToF do unikania przeszk\u00f3d.<\/p>\n<\/li>\n<li class=\"\" data-start=\"876\" data-end=\"958\">\n<p class=\"\" data-start=\"878\" data-end=\"958\">Poznasz dzia\u0142anie odbiornika ADS-B \u2013 wykrywanie za\u0142ogowych statk\u00f3w powietrznych.<\/p>\n<\/li>\n<li class=\"\" data-start=\"959\" data-end=\"1086\">\n<p class=\"\" data-start=\"961\" data-end=\"1086\">Dowiesz si\u0119, jak dzia\u0142a zaawansowana redundancja systemowa (podw\u00f3jne IMU, RTK\/GNSS, anteny, barometry, kompasy, akumulatory).<\/p>\n<\/li>\n<li class=\"\" data-start=\"1087\" data-end=\"1221\">\n<p class=\"\" data-start=\"1089\" data-end=\"1221\">Nauczysz si\u0119 efektywnej pracy z transmisj\u0105 OcuSync 3 Enterprise \u2013 stabilne po\u0142\u0105czenie na du\u017ce odleg\u0142o\u015bci i tr\u00f3jkana\u0142owy obraz 1080p.<\/p>\n<\/li>\n<li class=\"\" data-start=\"1222\" data-end=\"1291\">\n<p class=\"\" data-start=\"1224\" data-end=\"1291\">Om\u00f3wimy opcjonalne rozwi\u0105zanie DJI Cellular Module \u2013 transmisja 4G.<\/p>\n<\/li>\n<li class=\"\" data-start=\"1448\" data-end=\"1588\">\n<p class=\"\" data-start=\"1450\" data-end=\"1588\">Nauczysz si\u0119 bezpiecznego latania w trudnych warunkach atmosferycznych \u2013 klasa ochrony IP55, praca w zakresie temperatur od -20\u00b0C do 50\u00b0C.<\/p>\n<\/li>\n<li class=\"\" data-start=\"1589\" data-end=\"1767\">\n<p class=\"\" data-start=\"1591\" data-end=\"1641\">Poznasz szczeg\u00f3\u0142ow\u0105 obs\u0142ug\u0119 aparatury DJI RC Plus:<\/p>\n<ul data-start=\"1644\" data-end=\"1767\">\n<li class=\"\" data-start=\"1644\" data-end=\"1713\">\n<p class=\"\" data-start=\"1646\" data-end=\"1713\">7-calowy ekran, IP54, funkcja Dual Control, czas pracy do 6 godzin.<\/p>\n<\/li>\n<li class=\"\" data-start=\"1716\" data-end=\"1767\">\n<p class=\"\" data-start=\"1718\" data-end=\"1767\">Obs\u0142uga OcuSync 3 Enterprise z czterema antenami.<\/p>\n<\/li>\n<\/ul>\n<\/li>\n<li class=\"\" data-start=\"1768\" data-end=\"1972\">\n<p class=\"\" data-start=\"1770\" data-end=\"1813\">Prze\u0107wiczysz planowanie i realizacj\u0119 misji:<\/p>\n<ul data-start=\"1816\" data-end=\"1972\">\n<li class=\"\" data-start=\"1816\" data-end=\"1894\">\n<p class=\"\" data-start=\"1818\" data-end=\"1894\">Inspekcje infrastruktury, dzia\u0142ania SAR (Search And Rescue), pomiary terenu.<\/p>\n<\/li>\n<li class=\"\" data-start=\"1897\" data-end=\"1972\">\n<p class=\"\" data-start=\"1899\" data-end=\"1972\">Wykorzystanie dalmierza laserowego do lokalizacji cel\u00f3w i analizy terenu.<\/p>\n<\/li>\n<\/ul>\n<\/li>\n<li class=\"\" data-start=\"1973\" data-end=\"2046\">\n<p class=\"\" data-start=\"1975\" data-end=\"2046\">Nauczysz si\u0119 analizy i obr\u00f3bki danych z kamer i pomiar\u00f3w w DJI Pilot 2.<\/p>\n<\/li>\n<li class=\"\" data-start=\"2047\" data-end=\"2201\">\n<p class=\"\" data-start=\"2049\" data-end=\"2092\">Om\u00f3wimy praktyczne zastosowanie akcesori\u00f3w.<\/p>\n<\/li>\n<li class=\"\" data-start=\"2202\" data-end=\"2316\">\n<p class=\"\" data-start=\"2204\" data-end=\"2316\">Poznasz zasady szybkiego przygotowania drona do pracy, w tym hot-swap akumulator\u00f3w i start w trudnych warunkach.<\/p>\n<\/li>\n<li class=\"\" data-start=\"2317\" data-end=\"2409\">\n<p class=\"\" data-start=\"2319\" data-end=\"2409\">Nauczysz si\u0119 procedur bezpiecze\u0144stwa, awaryjnego powrotu i zarz\u0105dzania ryzykiem w misjach.<\/p>\n<\/li>\n<\/ul>\n<p class=\"\" data-start=\"2411\" data-end=\"2461\"><strong data-start=\"2411\" data-end=\"2461\">Twoje narz\u0119dzie. Twoja wiedza. Twoja przewaga.<\/strong><\/p>\n","protected":false},"excerpt":{"rendered":"<p>Na tym szkoleniu skupimy si\u0119 wy\u0142\u0105cznie na dronie DJI Matrice 30 i wersji z kamer\u0105 termowizyjn\u0105 30T dzi\u0119ki czemu poznasz wszystkie mo\u017cliwo\u015bci tego drona oraz radia steruj\u0105cego. 100% praktyka z dronem, sp\u0119dzisz 4 godziny z in\u017cynierem DJI.<\/p>\n","protected":false},"featured_media":39826,"comment_status":"open","ping_status":"closed","template":"","meta":{"_acf_changed":false},"product_brand":[],"product_cat":[5564,5566],"product_tag":[5842,469,5841],"class_list":{"0":"post-39824","1":"product","2":"type-product","3":"status-publish","4":"has-post-thumbnail","6":"product_cat-kursy","7":"product_cat-specjalistyczne","8":"product_tag-szkolenie-na-drona-dji-matrice-30","9":"product_tag-szkolenie-produktowe","10":"product_tag-szkolenie-z-obslugi-drona-dji-matrice-30t","12":"first","13":"outofstock","14":"taxable","15":"shipping-taxable","16":"purchasable","17":"product-type-simple"},"acf":[],"yoast_head":"<!-- This site is optimized with the Yoast SEO plugin v27.2 - https:\/\/yoast.com\/product\/yoast-seo-wordpress\/ -->\n<title>Szkolenie produktowe z obs\u0142ugi drona DJI Matrice 30 i 30T w praktyce - IRONSKY.PL Sklep z Dronami<\/title>\n<meta name=\"description\" content=\"Szkolenie produktowe z obs\u0142ugi drona DJI Matrice 30 i 30T w praktyce - \u2705 sklep z dronami i fachowym doradztwem. \u2705 Tutaj kupisz produkty DJI, Yuneec, Parrot, Syma i wiele innych, a tak\u017ce kursy i licencje na operatora drona.\" \/>\n<meta name=\"robots\" content=\"index, follow, max-snippet:-1, max-image-preview:large, max-video-preview:-1\" \/>\n<link rel=\"canonical\" href=\"https:\/\/ironsky.pl\/sklep\/produkt\/szkolenie-produktowe-z-obslugi-drona-dji-matrice-30-thermal-w-praktyce\/\" \/>\n<meta property=\"og:locale\" content=\"pl_PL\" \/>\n<meta property=\"og:type\" content=\"article\" \/>\n<meta property=\"og:title\" content=\"Szkolenie produktowe z obs\u0142ugi drona DJI Matrice 30 i 30T w praktyce - IRONSKY.PL Sklep z Dronami\" \/>\n<meta property=\"og:description\" content=\"Szkolenie produktowe z obs\u0142ugi drona DJI Matrice 30 i 30T w praktyce - \u2705 sklep z dronami i fachowym doradztwem. \u2705 Tutaj kupisz produkty DJI, Yuneec, Parrot, Syma i wiele innych, a tak\u017ce kursy i licencje na operatora drona.\" \/>\n<meta property=\"og:url\" content=\"https:\/\/ironsky.pl\/sklep\/produkt\/szkolenie-produktowe-z-obslugi-drona-dji-matrice-30-thermal-w-praktyce\/\" \/>\n<meta property=\"og:site_name\" content=\"IRONSKY.PL Sklep z Dronami\" \/>\n<meta property=\"article:modified_time\" content=\"2026-03-05T14:38:22+00:00\" \/>\n<meta property=\"og:image\" content=\"https:\/\/ironsky.pl\/sklep\/wp-content\/uploads\/2025\/04\/Szkolenie-produktowe-DJI-Matrice-30-i-30T.png\" \/>\n\t<meta property=\"og:image:width\" content=\"940\" \/>\n\t<meta property=\"og:image:height\" content=\"788\" \/>\n\t<meta property=\"og:image:type\" content=\"image\/png\" \/>\n<meta name=\"twitter:card\" content=\"summary_large_image\" \/>\n<meta name=\"twitter:label1\" content=\"Szacowany czas czytania\" \/>\n\t<meta name=\"twitter:data1\" content=\"2 minuty\" \/>\n<script type=\"application\/ld+json\" class=\"yoast-schema-graph\">{\"@context\":\"https:\/\/schema.org\",\"@graph\":[{\"@type\":\"WebPage\",\"@id\":\"https:\/\/ironsky.pl\/sklep\/produkt\/szkolenie-produktowe-z-obslugi-drona-dji-matrice-30-thermal-w-praktyce\/\",\"url\":\"https:\/\/ironsky.pl\/sklep\/produkt\/szkolenie-produktowe-z-obslugi-drona-dji-matrice-30-thermal-w-praktyce\/\",\"name\":\"Szkolenie produktowe z obs\u0142ugi drona DJI Matrice 30 i 30T w praktyce - IRONSKY.PL Sklep z Dronami\",\"isPartOf\":{\"@id\":\"https:\/\/ironsky.pl\/sklep\/#website\"},\"primaryImageOfPage\":{\"@id\":\"https:\/\/ironsky.pl\/sklep\/produkt\/szkolenie-produktowe-z-obslugi-drona-dji-matrice-30-thermal-w-praktyce\/#primaryimage\"},\"image\":{\"@id\":\"https:\/\/ironsky.pl\/sklep\/produkt\/szkolenie-produktowe-z-obslugi-drona-dji-matrice-30-thermal-w-praktyce\/#primaryimage\"},\"thumbnailUrl\":\"https:\/\/ironsky.pl\/sklep\/wp-content\/uploads\/2025\/04\/Szkolenie-produktowe-DJI-Matrice-30-i-30T.png\",\"datePublished\":\"2025-04-28T08:15:29+00:00\",\"dateModified\":\"2026-03-05T14:38:22+00:00\",\"description\":\"Szkolenie produktowe z obs\u0142ugi drona DJI Matrice 30 i 30T w praktyce - \u2705 sklep z dronami i fachowym doradztwem. \u2705 Tutaj kupisz produkty DJI, Yuneec, Parrot, Syma i wiele innych, a tak\u017ce kursy i licencje na operatora drona.\",\"breadcrumb\":{\"@id\":\"https:\/\/ironsky.pl\/sklep\/produkt\/szkolenie-produktowe-z-obslugi-drona-dji-matrice-30-thermal-w-praktyce\/#breadcrumb\"},\"inLanguage\":\"pl-PL\",\"potentialAction\":[{\"@type\":\"ReadAction\",\"target\":[\"https:\/\/ironsky.pl\/sklep\/produkt\/szkolenie-produktowe-z-obslugi-drona-dji-matrice-30-thermal-w-praktyce\/\"]}]},{\"@type\":\"ImageObject\",\"inLanguage\":\"pl-PL\",\"@id\":\"https:\/\/ironsky.pl\/sklep\/produkt\/szkolenie-produktowe-z-obslugi-drona-dji-matrice-30-thermal-w-praktyce\/#primaryimage\",\"url\":\"https:\/\/ironsky.pl\/sklep\/wp-content\/uploads\/2025\/04\/Szkolenie-produktowe-DJI-Matrice-30-i-30T.png\",\"contentUrl\":\"https:\/\/ironsky.pl\/sklep\/wp-content\/uploads\/2025\/04\/Szkolenie-produktowe-DJI-Matrice-30-i-30T.png\",\"width\":940,\"height\":788},{\"@type\":\"BreadcrumbList\",\"@id\":\"https:\/\/ironsky.pl\/sklep\/produkt\/szkolenie-produktowe-z-obslugi-drona-dji-matrice-30-thermal-w-praktyce\/#breadcrumb\",\"itemListElement\":[{\"@type\":\"ListItem\",\"position\":1,\"name\":\"Strona g\u0142\u00f3wna\",\"item\":\"https:\/\/ironsky.pl\/sklep\/\"},{\"@type\":\"ListItem\",\"position\":2,\"name\":\"Wszystkie produkty\",\"item\":\"https:\/\/ironsky.pl\/sklep\/produkty\/\"},{\"@type\":\"ListItem\",\"position\":3,\"name\":\"Szkolenie produktowe z obs\u0142ugi drona DJI Matrice 30 i 30T w praktyce\"}]},{\"@type\":\"WebSite\",\"@id\":\"https:\/\/ironsky.pl\/sklep\/#website\",\"url\":\"https:\/\/ironsky.pl\/sklep\/\",\"name\":\"IRONSKY.PL Sklep z Dronami\",\"description\":\"IRONSKY.PL Sklep z Dronami\",\"potentialAction\":[{\"@type\":\"SearchAction\",\"target\":{\"@type\":\"EntryPoint\",\"urlTemplate\":\"https:\/\/ironsky.pl\/sklep\/?s={search_term_string}\"},\"query-input\":{\"@type\":\"PropertyValueSpecification\",\"valueRequired\":true,\"valueName\":\"search_term_string\"}}],\"inLanguage\":\"pl-PL\"}]}<\/script>\n<!-- \/ Yoast SEO plugin. -->","yoast_head_json":{"title":"Szkolenie produktowe z obs\u0142ugi drona DJI Matrice 30 i 30T w praktyce - IRONSKY.PL Sklep z Dronami","description":"Szkolenie produktowe z obs\u0142ugi drona DJI Matrice 30 i 30T w praktyce - \u2705 sklep z dronami i fachowym doradztwem. \u2705 Tutaj kupisz produkty DJI, Yuneec, Parrot, Syma i wiele innych, a tak\u017ce kursy i licencje na operatora drona.","robots":{"index":"index","follow":"follow","max-snippet":"max-snippet:-1","max-image-preview":"max-image-preview:large","max-video-preview":"max-video-preview:-1"},"canonical":"https:\/\/ironsky.pl\/sklep\/produkt\/szkolenie-produktowe-z-obslugi-drona-dji-matrice-30-thermal-w-praktyce\/","og_locale":"pl_PL","og_type":"article","og_title":"Szkolenie produktowe z obs\u0142ugi drona DJI Matrice 30 i 30T w praktyce - IRONSKY.PL Sklep z Dronami","og_description":"Szkolenie produktowe z obs\u0142ugi drona DJI Matrice 30 i 30T w praktyce - \u2705 sklep z dronami i fachowym doradztwem. \u2705 Tutaj kupisz produkty DJI, Yuneec, Parrot, Syma i wiele innych, a tak\u017ce kursy i licencje na operatora drona.","og_url":"https:\/\/ironsky.pl\/sklep\/produkt\/szkolenie-produktowe-z-obslugi-drona-dji-matrice-30-thermal-w-praktyce\/","og_site_name":"IRONSKY.PL Sklep z Dronami","article_modified_time":"2026-03-05T14:38:22+00:00","og_image":[{"width":940,"height":788,"url":"https:\/\/ironsky.pl\/sklep\/wp-content\/uploads\/2025\/04\/Szkolenie-produktowe-DJI-Matrice-30-i-30T.png","type":"image\/png"}],"twitter_card":"summary_large_image","twitter_misc":{"Szacowany czas czytania":"2 minuty"},"schema":{"@context":"https:\/\/schema.org","@graph":[{"@type":"WebPage","@id":"https:\/\/ironsky.pl\/sklep\/produkt\/szkolenie-produktowe-z-obslugi-drona-dji-matrice-30-thermal-w-praktyce\/","url":"https:\/\/ironsky.pl\/sklep\/produkt\/szkolenie-produktowe-z-obslugi-drona-dji-matrice-30-thermal-w-praktyce\/","name":"Szkolenie produktowe z obs\u0142ugi drona DJI Matrice 30 i 30T w praktyce - IRONSKY.PL Sklep z Dronami","isPartOf":{"@id":"https:\/\/ironsky.pl\/sklep\/#website"},"primaryImageOfPage":{"@id":"https:\/\/ironsky.pl\/sklep\/produkt\/szkolenie-produktowe-z-obslugi-drona-dji-matrice-30-thermal-w-praktyce\/#primaryimage"},"image":{"@id":"https:\/\/ironsky.pl\/sklep\/produkt\/szkolenie-produktowe-z-obslugi-drona-dji-matrice-30-thermal-w-praktyce\/#primaryimage"},"thumbnailUrl":"https:\/\/ironsky.pl\/sklep\/wp-content\/uploads\/2025\/04\/Szkolenie-produktowe-DJI-Matrice-30-i-30T.png","datePublished":"2025-04-28T08:15:29+00:00","dateModified":"2026-03-05T14:38:22+00:00","description":"Szkolenie produktowe z obs\u0142ugi drona DJI Matrice 30 i 30T w praktyce - \u2705 sklep z dronami i fachowym doradztwem. \u2705 Tutaj kupisz produkty DJI, Yuneec, Parrot, Syma i wiele innych, a tak\u017ce kursy i licencje na operatora drona.","breadcrumb":{"@id":"https:\/\/ironsky.pl\/sklep\/produkt\/szkolenie-produktowe-z-obslugi-drona-dji-matrice-30-thermal-w-praktyce\/#breadcrumb"},"inLanguage":"pl-PL","potentialAction":[{"@type":"ReadAction","target":["https:\/\/ironsky.pl\/sklep\/produkt\/szkolenie-produktowe-z-obslugi-drona-dji-matrice-30-thermal-w-praktyce\/"]}]},{"@type":"ImageObject","inLanguage":"pl-PL","@id":"https:\/\/ironsky.pl\/sklep\/produkt\/szkolenie-produktowe-z-obslugi-drona-dji-matrice-30-thermal-w-praktyce\/#primaryimage","url":"https:\/\/ironsky.pl\/sklep\/wp-content\/uploads\/2025\/04\/Szkolenie-produktowe-DJI-Matrice-30-i-30T.png","contentUrl":"https:\/\/ironsky.pl\/sklep\/wp-content\/uploads\/2025\/04\/Szkolenie-produktowe-DJI-Matrice-30-i-30T.png","width":940,"height":788},{"@type":"BreadcrumbList","@id":"https:\/\/ironsky.pl\/sklep\/produkt\/szkolenie-produktowe-z-obslugi-drona-dji-matrice-30-thermal-w-praktyce\/#breadcrumb","itemListElement":[{"@type":"ListItem","position":1,"name":"Strona g\u0142\u00f3wna","item":"https:\/\/ironsky.pl\/sklep\/"},{"@type":"ListItem","position":2,"name":"Wszystkie produkty","item":"https:\/\/ironsky.pl\/sklep\/produkty\/"},{"@type":"ListItem","position":3,"name":"Szkolenie produktowe z obs\u0142ugi drona DJI Matrice 30 i 30T w praktyce"}]},{"@type":"WebSite","@id":"https:\/\/ironsky.pl\/sklep\/#website","url":"https:\/\/ironsky.pl\/sklep\/","name":"IRONSKY.PL Sklep z Dronami","description":"IRONSKY.PL Sklep z Dronami","potentialAction":[{"@type":"SearchAction","target":{"@type":"EntryPoint","urlTemplate":"https:\/\/ironsky.pl\/sklep\/?s={search_term_string}"},"query-input":{"@type":"PropertyValueSpecification","valueRequired":true,"valueName":"search_term_string"}}],"inLanguage":"pl-PL"}]}},"_links":{"self":[{"href":"https:\/\/ironsky.pl\/sklep\/wp-json\/wp\/v2\/product\/39824","targetHints":{"allow":["GET"]}}],"collection":[{"href":"https:\/\/ironsky.pl\/sklep\/wp-json\/wp\/v2\/product"}],"about":[{"href":"https:\/\/ironsky.pl\/sklep\/wp-json\/wp\/v2\/types\/product"}],"replies":[{"embeddable":true,"href":"https:\/\/ironsky.pl\/sklep\/wp-json\/wp\/v2\/comments?post=39824"}],"wp:featuredmedia":[{"embeddable":true,"href":"https:\/\/ironsky.pl\/sklep\/wp-json\/wp\/v2\/media\/39826"}],"wp:attachment":[{"href":"https:\/\/ironsky.pl\/sklep\/wp-json\/wp\/v2\/media?parent=39824"}],"wp:term":[{"taxonomy":"product_brand","embeddable":true,"href":"https:\/\/ironsky.pl\/sklep\/wp-json\/wp\/v2\/product_brand?post=39824"},{"taxonomy":"product_cat","embeddable":true,"href":"https:\/\/ironsky.pl\/sklep\/wp-json\/wp\/v2\/product_cat?post=39824"},{"taxonomy":"product_tag","embeddable":true,"href":"https:\/\/ironsky.pl\/sklep\/wp-json\/wp\/v2\/product_tag?post=39824"}],"curies":[{"name":"wp","href":"https:\/\/api.w.org\/{rel}","templated":true}]}}