{"id":39817,"date":"2025-04-28T10:06:16","date_gmt":"2025-04-28T08:06:16","guid":{"rendered":"https:\/\/ironsky.pl\/drony-sklep\/?post_type=product&#038;p=39817"},"modified":"2026-03-05T15:38:22","modified_gmt":"2026-03-05T14:38:22","slug":"szkolenie-produktowe-z-obslugi-drona-dji-matrice-4-thermal-w-praktyce","status":"publish","type":"product","link":"https:\/\/ironsky.pl\/sklep\/produkt\/szkolenie-produktowe-z-obslugi-drona-dji-matrice-4-thermal-w-praktyce\/","title":{"rendered":"Szkolenie produktowe z obs\u0142ugi drona DJI Matrice 4 Thermal w praktyce"},"content":{"rendered":"<h2 data-start=\"54\" data-end=\"154\"><strong data-start=\"54\" data-end=\"109\">Szkolenie eksperckie DJI Matrice 4T i DJI Matrice 4. <\/strong><strong data-start=\"112\" data-end=\"154\">Poznaj pe\u0142ne mo\u017cliwo\u015bci swojego drona!<\/strong><\/h2>\n<p>Zaufaj ekspertom z IRONSKY, kt\u00f3rzy s\u0105 nie tylko instruktorami, egzaminatorami, ale w szczeg\u00f3lno\u015bci zajmuj\u0105 si\u0119 dronami specjalistycznymi DJI od 2014 roku i wdra\u017caj\u0105 je w firmach od A do Z.<\/p>\n<p>&nbsp;<\/p>\n<div style=\"width: 1386px;\" class=\"wp-video\"><video class=\"wp-video-shortcode\" id=\"video-39817-1\" width=\"1386\" height=\"1040\" preload=\"metadata\" controls=\"controls\"><source type=\"video\/mp4\" src=\"https:\/\/ironsky.pl\/drony-sklep\/wp-content\/uploads\/2025\/04\/skanowanie-terenu-dji-matrice-4t-dron-ironsky.mp4?_=1\" \/><a href=\"https:\/\/ironsky.pl\/drony-sklep\/wp-content\/uploads\/2025\/04\/skanowanie-terenu-dji-matrice-4t-dron-ironsky.mp4\">https:\/\/ironsky.pl\/drony-sklep\/wp-content\/uploads\/2025\/04\/skanowanie-terenu-dji-matrice-4t-dron-ironsky.mp4<\/a><\/video><\/div>\n<h2 data-start=\"156\" data-end=\"449\"><\/h2>\n<h2 data-start=\"156\" data-end=\"449\"><strong>Nie musisz mie\u0107 swojego drona, mamy DJI Matrice 4 Thermal. Zapraszamy na intensywne 4 godziny &#8211; w 100% praktyczne szkolenie, w ca\u0142o\u015bci po\u015bwi\u0119cone Twojemu dronowi:<\/strong><\/h2>\n<ul>\n<li data-start=\"156\" data-end=\"449\"><a href=\"https:\/\/ironsky.pl\/drony-sklep\/produkt\/dron-dji-matrice-4t-dji-care-plus-1-rok\/\">DJI Matrice 4 Thermal<\/a><\/li>\n<li data-start=\"156\" data-end=\"449\"><a href=\"https:\/\/ironsky.pl\/drony-sklep\/produkt\/dron-dji-matrice-4e-dji-care-plus-1-rok\/\">DJI Matrice 4<\/a><\/li>\n<\/ul>\n<p class=\"\" data-start=\"156\" data-end=\"449\">\u00a0To <strong data-start=\"289\" data-end=\"313\">eksperckie warsztaty<\/strong>, podczas kt\u00f3rych nauczysz si\u0119 wykorzystywa\u0107 ca\u0142y potencja\u0142 Twojego sprz\u0119tu \u2013 od podstaw po najbardziej zaawansowane funkcje operacyjne.<\/p>\n<p data-start=\"156\" data-end=\"449\"><strong>Chcesz o co\u015b zapyta\u0107 przed szkoleniem? A mo\u017ce chcesz kupi\u0107 drona na najlepszych warunkach, a mo\u017ce na raty lub leasing, albo od razu zestaw w pakiecie z innymi szkoleniami? Skontaktuj si\u0119 z nami:<\/strong><\/p>\n<ul>\n<li data-start=\"156\" data-end=\"449\">sklep@ironsky.pl<\/li>\n<li data-start=\"156\" data-end=\"449\">503 503 517<\/li>\n<\/ul>\n<p>&nbsp;<\/p>\n<div style=\"width: 1386px;\" class=\"wp-video\"><video class=\"wp-video-shortcode\" id=\"video-39817-2\" width=\"1386\" height=\"924\" preload=\"metadata\" controls=\"controls\"><source type=\"video\/mp4\" src=\"https:\/\/ironsky.pl\/drony-sklep\/wp-content\/uploads\/2025\/04\/pomiary-dronem-dji-matrice-4-ironsky.mp4?_=2\" \/><a href=\"https:\/\/ironsky.pl\/drony-sklep\/wp-content\/uploads\/2025\/04\/pomiary-dronem-dji-matrice-4-ironsky.mp4\">https:\/\/ironsky.pl\/drony-sklep\/wp-content\/uploads\/2025\/04\/pomiary-dronem-dji-matrice-4-ironsky.mp4<\/a><\/video><\/div>\n<h2 data-start=\"245\" data-end=\"267\"><\/h2>\n<h2 data-start=\"245\" data-end=\"267\"><strong>Podczas szkolenia:<\/strong><\/h2>\n<ul data-start=\"268\" data-end=\"1995\">\n<li class=\"\" data-start=\"268\" data-end=\"403\">\n<p class=\"\" data-start=\"270\" data-end=\"403\"><strong>Nauczysz si\u0119 obs\u0142ugi wszystkich sensor\u00f3w<\/strong> &#8211; kamera szerokok\u0105tna, teleobiektyw, kamera termowizyjna, dalmierz laserowy, o\u015bwietlenie NIR.<\/p>\n<\/li>\n<li class=\"\" data-start=\"404\" data-end=\"518\">\n<p class=\"\" data-start=\"406\" data-end=\"518\">Poznasz <strong>zaawansowane funkcje sztucznej inteligencji <\/strong> takie jak\u00a0rozpoznawanie obiekt\u00f3w, zdj\u0119cia rastrowe, Smart Track, POI.<\/p>\n<\/li>\n<li class=\"\" data-start=\"519\" data-end=\"613\">\n<p class=\"\" data-start=\"521\" data-end=\"613\">Opanujesz korzystanie z <strong>dalmierza laserowego<\/strong> do precyzyjnych pomiar\u00f3w w czasie rzeczywistym.<\/p>\n<\/li>\n<li class=\"\" data-start=\"614\" data-end=\"713\">\n<p class=\"\" data-start=\"616\" data-end=\"713\">Dowiesz si\u0119, jak oznacza\u0107 i analizowa\u0107 teren za pomoc\u0105<strong> funkcji Rejestrowanego Zakresu Obserwacji.<\/strong><\/p>\n<\/li>\n<li class=\"\" data-start=\"714\" data-end=\"797\">\n<p class=\"\" data-start=\"716\" data-end=\"797\">Nauczysz si\u0119 efektywnego u\u017cycia tryb\u00f3w: <strong>&#8222;Cruise&#8221;, &#8222;FlyTo&#8221;, &#8222;Smart Track&#8221; i &#8222;POI&#8221;.<\/strong><\/p>\n<\/li>\n<li class=\"\" data-start=\"907\" data-end=\"1034\">\n<p class=\"\" data-start=\"909\" data-end=\"1034\">Poznasz<strong> zaawansowan\u0105 obs\u0142ug\u0119 kamery termowizyjnej<\/strong> o rozdzielczo\u015bci do 1280 \u00d7 1024 i wysokiej dok\u0142adno\u015bci pomiaru temperatury.<\/p>\n<\/li>\n<li class=\"\" data-start=\"1035\" data-end=\"1146\">\n<p class=\"\" data-start=\"1037\" data-end=\"1146\">Nauczysz si\u0119 pracy w trudnych warunkach dzi\u0119ki 6 czujnikom Fisheye do<strong> omijania przeszk\u00f3d<\/strong> przy s\u0142abym \u015bwietle.<\/p>\n<\/li>\n<li class=\"\" data-start=\"1147\" data-end=\"1260\">\n<p class=\"\" data-start=\"1149\" data-end=\"1260\">Wykorzystasz ulepszony <strong>teleobiektyw<\/strong> 48 MP do inspekcji z du\u017cych odleg\u0142o\u015bci i precyzyjnego rozpoznawania detali.<\/p>\n<\/li>\n<li class=\"\" data-start=\"1261\" data-end=\"1379\">\n<p class=\"\" data-start=\"1263\" data-end=\"1379\">Poznasz stabilizacj\u0119 obrazu w teleobiektywie, funkcj\u0119 <strong>Electronic Dehazing<\/strong> oraz szybkie fotografowanie (0,5 sekundy).<\/p>\n<\/li>\n<li class=\"\" data-start=\"1380\" data-end=\"1506\">\n<p class=\"\" data-start=\"1382\" data-end=\"1506\">Nauczysz si\u0119 <strong>wykorzystywa\u0107 5-kierunkowe fotografowanie uko\u015bne i 3-kierunkowe ortofotografowanie<\/strong> do zaawansowanego mapowania.<\/p>\n<\/li>\n<li class=\"\" data-start=\"1507\" data-end=\"1589\">\n<p class=\"\" data-start=\"1509\" data-end=\"1589\">Poznasz funkcj\u0119 <strong>Smart 3D Capture<\/strong> \u2013 tworzenie wst\u0119pnych modeli 3D na kontrolerze.<\/p>\n<\/li>\n<li class=\"\" data-start=\"1590\" data-end=\"1705\">\n<p class=\"\" data-start=\"1592\" data-end=\"1705\">Opanujesz <strong>fuzj\u0119 pozycjonowania<\/strong> GNSS+Vision oraz technologi\u0119 RTK dla precyzyjnego latania nawet w trudnym terenie.<\/p>\n<\/li>\n<li class=\"\" data-start=\"1706\" data-end=\"1818\">\n<p class=\"\" data-start=\"1708\" data-end=\"1818\">Dowiesz si\u0119, <strong>jak korzysta\u0107 z inteligentnego naprowadzania<\/strong> i unikania przeszk\u00f3d w terenie g\u00f3rskim lub miejskim.<\/p>\n<\/li>\n<li class=\"\" data-start=\"1819\" data-end=\"1897\">\n<p class=\"\" data-start=\"1821\" data-end=\"1897\">Poznasz <strong>nowe mo\u017cliwo\u015bci transmisji wideo<\/strong> z szybko\u015bci\u0105 pobierania do 20 MB\/s.<\/p>\n<\/li>\n<li class=\"\" data-start=\"1898\" data-end=\"1995\">\n<p class=\"\" data-start=\"1900\" data-end=\"1995\">Zapoznasz si\u0119 z <strong>opcjonalnym wyposa\u017ceniem<\/strong>: o\u015bwietleniem AL1, g\u0142o\u015bnikiem AS1.<\/p>\n<\/li>\n<\/ul>\n<p>&nbsp;<\/p>\n<div style=\"width: 2400px;\" class=\"wp-video\"><video class=\"wp-video-shortcode\" id=\"video-39817-3\" width=\"2400\" height=\"1200\" preload=\"metadata\" controls=\"controls\"><source type=\"video\/mp4\" src=\"https:\/\/ironsky.pl\/drony-sklep\/wp-content\/uploads\/2025\/04\/rozszerzona-sztuczna-inteligencja-w-dronie-dji-matrice-4t-ironsky.mp4?_=3\" \/><a href=\"https:\/\/ironsky.pl\/drony-sklep\/wp-content\/uploads\/2025\/04\/rozszerzona-sztuczna-inteligencja-w-dronie-dji-matrice-4t-ironsky.mp4\">https:\/\/ironsky.pl\/drony-sklep\/wp-content\/uploads\/2025\/04\/rozszerzona-sztuczna-inteligencja-w-dronie-dji-matrice-4t-ironsky.mp4<\/a><\/video><\/div>\n<h2 data-start=\"1447\" data-end=\"1643\"><\/h2>\n<h2 data-start=\"1447\" data-end=\"1643\"><strong>To szkolenie skierowane jest do operator\u00f3w, kt\u00f3rzy chc\u0105 osi\u0105gn\u0105\u0107 maksymaln\u0105 bieg\u0142o\u015b\u0107 w obs\u0142udze Matrice 4T i 4, realizuj\u0105c misje inspekcyjne, poszukiwawcze i techniczne na najwy\u017cszym poziomie.<\/strong><\/h2>\n<p class=\"\" data-start=\"1645\" data-end=\"1695\"><strong data-start=\"1645\" data-end=\"1695\">Twoje narz\u0119dzie. Twoja wiedza. Twoja przewaga.<\/strong><\/p>\n","protected":false},"excerpt":{"rendered":"<p>Na tym szkoleniu skupimy si\u0119 wy\u0142\u0105cznie na dronie DJI Matrice 4 i 4T dzi\u0119ki czemu poznasz wszystkie mo\u017cliwo\u015bci tego drona oraz radia steruj\u0105cego DJI Pilot 2. Loty z AI, pinpointy, zaawansowane pomiary i\u00a0 ustawienia nalot\u00f3w automatycznych, to i wiele wi\u0119cej na naszym specjalnym kursie &#8211; 100% praktyka z dronem.<\/p>\n","protected":false},"featured_media":39821,"comment_status":"open","ping_status":"closed","template":"","meta":{"_acf_changed":false},"product_brand":[],"product_cat":[5564,5566],"product_tag":[5839,469,5840],"class_list":{"0":"post-39817","1":"product","2":"type-product","3":"status-publish","4":"has-post-thumbnail","6":"product_cat-kursy","7":"product_cat-specjalistyczne","8":"product_tag-szkolenie-na-drona-dji-matrice-4","9":"product_tag-szkolenie-produktowe","10":"product_tag-szkolenie-z-obslugi-drona-dji-matrice-4t","12":"first","13":"outofstock","14":"taxable","15":"shipping-taxable","16":"purchasable","17":"product-type-simple"},"acf":[],"yoast_head":"<!-- This site is optimized with the Yoast SEO plugin v27.2 - https:\/\/yoast.com\/product\/yoast-seo-wordpress\/ -->\n<title>Szkolenie produktowe z obs\u0142ugi drona DJI Matrice 4 Thermal w praktyce - IRONSKY.PL Sklep z Dronami<\/title>\n<meta name=\"description\" content=\"Szkolenie produktowe z obs\u0142ugi drona DJI Matrice 4 Thermal w praktyce - \u2705 sklep z dronami i fachowym doradztwem. \u2705 Tutaj kupisz produkty DJI, Yuneec, Parrot, Syma i wiele innych, a tak\u017ce kursy i licencje na operatora drona.\" \/>\n<meta name=\"robots\" content=\"index, follow, max-snippet:-1, max-image-preview:large, max-video-preview:-1\" \/>\n<link rel=\"canonical\" href=\"https:\/\/ironsky.pl\/sklep\/produkt\/szkolenie-produktowe-z-obslugi-drona-dji-matrice-4-thermal-w-praktyce\/\" \/>\n<meta property=\"og:locale\" content=\"pl_PL\" \/>\n<meta property=\"og:type\" content=\"article\" \/>\n<meta property=\"og:title\" content=\"Szkolenie produktowe z obs\u0142ugi drona DJI Matrice 4 Thermal w praktyce - IRONSKY.PL Sklep z Dronami\" \/>\n<meta property=\"og:description\" content=\"Szkolenie produktowe z obs\u0142ugi drona DJI Matrice 4 Thermal w praktyce - \u2705 sklep z dronami i fachowym doradztwem. \u2705 Tutaj kupisz produkty DJI, Yuneec, Parrot, Syma i wiele innych, a tak\u017ce kursy i licencje na operatora drona.\" \/>\n<meta property=\"og:url\" content=\"https:\/\/ironsky.pl\/sklep\/produkt\/szkolenie-produktowe-z-obslugi-drona-dji-matrice-4-thermal-w-praktyce\/\" \/>\n<meta property=\"og:site_name\" content=\"IRONSKY.PL Sklep z Dronami\" \/>\n<meta property=\"article:modified_time\" content=\"2026-03-05T14:38:22+00:00\" \/>\n<meta property=\"og:image\" content=\"https:\/\/ironsky.pl\/sklep\/wp-content\/uploads\/2025\/04\/Szkolenie-produktowe-DJI-Matrice-4-i-4T.png\" \/>\n\t<meta property=\"og:image:width\" content=\"940\" \/>\n\t<meta property=\"og:image:height\" content=\"788\" \/>\n\t<meta property=\"og:image:type\" content=\"image\/png\" \/>\n<meta name=\"twitter:card\" content=\"summary_large_image\" \/>\n<meta name=\"twitter:label1\" content=\"Szacowany czas czytania\" \/>\n\t<meta name=\"twitter:data1\" content=\"3 minuty\" \/>\n<script type=\"application\/ld+json\" class=\"yoast-schema-graph\">{\"@context\":\"https:\/\/schema.org\",\"@graph\":[{\"@type\":\"WebPage\",\"@id\":\"https:\/\/ironsky.pl\/sklep\/produkt\/szkolenie-produktowe-z-obslugi-drona-dji-matrice-4-thermal-w-praktyce\/\",\"url\":\"https:\/\/ironsky.pl\/sklep\/produkt\/szkolenie-produktowe-z-obslugi-drona-dji-matrice-4-thermal-w-praktyce\/\",\"name\":\"Szkolenie produktowe z obs\u0142ugi drona DJI Matrice 4 Thermal w praktyce - IRONSKY.PL Sklep z Dronami\",\"isPartOf\":{\"@id\":\"https:\/\/ironsky.pl\/sklep\/#website\"},\"primaryImageOfPage\":{\"@id\":\"https:\/\/ironsky.pl\/sklep\/produkt\/szkolenie-produktowe-z-obslugi-drona-dji-matrice-4-thermal-w-praktyce\/#primaryimage\"},\"image\":{\"@id\":\"https:\/\/ironsky.pl\/sklep\/produkt\/szkolenie-produktowe-z-obslugi-drona-dji-matrice-4-thermal-w-praktyce\/#primaryimage\"},\"thumbnailUrl\":\"https:\/\/ironsky.pl\/sklep\/wp-content\/uploads\/2025\/04\/Szkolenie-produktowe-DJI-Matrice-4-i-4T.png\",\"datePublished\":\"2025-04-28T08:06:16+00:00\",\"dateModified\":\"2026-03-05T14:38:22+00:00\",\"description\":\"Szkolenie produktowe z obs\u0142ugi drona DJI Matrice 4 Thermal w praktyce - \u2705 sklep z dronami i fachowym doradztwem. \u2705 Tutaj kupisz produkty DJI, Yuneec, Parrot, Syma i wiele innych, a tak\u017ce kursy i licencje na operatora drona.\",\"breadcrumb\":{\"@id\":\"https:\/\/ironsky.pl\/sklep\/produkt\/szkolenie-produktowe-z-obslugi-drona-dji-matrice-4-thermal-w-praktyce\/#breadcrumb\"},\"inLanguage\":\"pl-PL\",\"potentialAction\":[{\"@type\":\"ReadAction\",\"target\":[\"https:\/\/ironsky.pl\/sklep\/produkt\/szkolenie-produktowe-z-obslugi-drona-dji-matrice-4-thermal-w-praktyce\/\"]}]},{\"@type\":\"ImageObject\",\"inLanguage\":\"pl-PL\",\"@id\":\"https:\/\/ironsky.pl\/sklep\/produkt\/szkolenie-produktowe-z-obslugi-drona-dji-matrice-4-thermal-w-praktyce\/#primaryimage\",\"url\":\"https:\/\/ironsky.pl\/sklep\/wp-content\/uploads\/2025\/04\/Szkolenie-produktowe-DJI-Matrice-4-i-4T.png\",\"contentUrl\":\"https:\/\/ironsky.pl\/sklep\/wp-content\/uploads\/2025\/04\/Szkolenie-produktowe-DJI-Matrice-4-i-4T.png\",\"width\":940,\"height\":788},{\"@type\":\"BreadcrumbList\",\"@id\":\"https:\/\/ironsky.pl\/sklep\/produkt\/szkolenie-produktowe-z-obslugi-drona-dji-matrice-4-thermal-w-praktyce\/#breadcrumb\",\"itemListElement\":[{\"@type\":\"ListItem\",\"position\":1,\"name\":\"Strona g\u0142\u00f3wna\",\"item\":\"https:\/\/ironsky.pl\/sklep\/\"},{\"@type\":\"ListItem\",\"position\":2,\"name\":\"Wszystkie produkty\",\"item\":\"https:\/\/ironsky.pl\/sklep\/produkty\/\"},{\"@type\":\"ListItem\",\"position\":3,\"name\":\"Szkolenie produktowe z obs\u0142ugi drona DJI Matrice 4 Thermal w praktyce\"}]},{\"@type\":\"WebSite\",\"@id\":\"https:\/\/ironsky.pl\/sklep\/#website\",\"url\":\"https:\/\/ironsky.pl\/sklep\/\",\"name\":\"IRONSKY.PL Sklep z Dronami\",\"description\":\"IRONSKY.PL Sklep z Dronami\",\"potentialAction\":[{\"@type\":\"SearchAction\",\"target\":{\"@type\":\"EntryPoint\",\"urlTemplate\":\"https:\/\/ironsky.pl\/sklep\/?s={search_term_string}\"},\"query-input\":{\"@type\":\"PropertyValueSpecification\",\"valueRequired\":true,\"valueName\":\"search_term_string\"}}],\"inLanguage\":\"pl-PL\"}]}<\/script>\n<!-- \/ Yoast SEO plugin. -->","yoast_head_json":{"title":"Szkolenie produktowe z obs\u0142ugi drona DJI Matrice 4 Thermal w praktyce - IRONSKY.PL Sklep z Dronami","description":"Szkolenie produktowe z obs\u0142ugi drona DJI Matrice 4 Thermal w praktyce - \u2705 sklep z dronami i fachowym doradztwem. \u2705 Tutaj kupisz produkty DJI, Yuneec, Parrot, Syma i wiele innych, a tak\u017ce kursy i licencje na operatora drona.","robots":{"index":"index","follow":"follow","max-snippet":"max-snippet:-1","max-image-preview":"max-image-preview:large","max-video-preview":"max-video-preview:-1"},"canonical":"https:\/\/ironsky.pl\/sklep\/produkt\/szkolenie-produktowe-z-obslugi-drona-dji-matrice-4-thermal-w-praktyce\/","og_locale":"pl_PL","og_type":"article","og_title":"Szkolenie produktowe z obs\u0142ugi drona DJI Matrice 4 Thermal w praktyce - IRONSKY.PL Sklep z Dronami","og_description":"Szkolenie produktowe z obs\u0142ugi drona DJI Matrice 4 Thermal w praktyce - \u2705 sklep z dronami i fachowym doradztwem. \u2705 Tutaj kupisz produkty DJI, Yuneec, Parrot, Syma i wiele innych, a tak\u017ce kursy i licencje na operatora drona.","og_url":"https:\/\/ironsky.pl\/sklep\/produkt\/szkolenie-produktowe-z-obslugi-drona-dji-matrice-4-thermal-w-praktyce\/","og_site_name":"IRONSKY.PL Sklep z Dronami","article_modified_time":"2026-03-05T14:38:22+00:00","og_image":[{"width":940,"height":788,"url":"https:\/\/ironsky.pl\/sklep\/wp-content\/uploads\/2025\/04\/Szkolenie-produktowe-DJI-Matrice-4-i-4T.png","type":"image\/png"}],"twitter_card":"summary_large_image","twitter_misc":{"Szacowany czas czytania":"3 minuty"},"schema":{"@context":"https:\/\/schema.org","@graph":[{"@type":"WebPage","@id":"https:\/\/ironsky.pl\/sklep\/produkt\/szkolenie-produktowe-z-obslugi-drona-dji-matrice-4-thermal-w-praktyce\/","url":"https:\/\/ironsky.pl\/sklep\/produkt\/szkolenie-produktowe-z-obslugi-drona-dji-matrice-4-thermal-w-praktyce\/","name":"Szkolenie produktowe z obs\u0142ugi drona DJI Matrice 4 Thermal w praktyce - IRONSKY.PL Sklep z Dronami","isPartOf":{"@id":"https:\/\/ironsky.pl\/sklep\/#website"},"primaryImageOfPage":{"@id":"https:\/\/ironsky.pl\/sklep\/produkt\/szkolenie-produktowe-z-obslugi-drona-dji-matrice-4-thermal-w-praktyce\/#primaryimage"},"image":{"@id":"https:\/\/ironsky.pl\/sklep\/produkt\/szkolenie-produktowe-z-obslugi-drona-dji-matrice-4-thermal-w-praktyce\/#primaryimage"},"thumbnailUrl":"https:\/\/ironsky.pl\/sklep\/wp-content\/uploads\/2025\/04\/Szkolenie-produktowe-DJI-Matrice-4-i-4T.png","datePublished":"2025-04-28T08:06:16+00:00","dateModified":"2026-03-05T14:38:22+00:00","description":"Szkolenie produktowe z obs\u0142ugi drona DJI Matrice 4 Thermal w praktyce - \u2705 sklep z dronami i fachowym doradztwem. \u2705 Tutaj kupisz produkty DJI, Yuneec, Parrot, Syma i wiele innych, a tak\u017ce kursy i licencje na operatora drona.","breadcrumb":{"@id":"https:\/\/ironsky.pl\/sklep\/produkt\/szkolenie-produktowe-z-obslugi-drona-dji-matrice-4-thermal-w-praktyce\/#breadcrumb"},"inLanguage":"pl-PL","potentialAction":[{"@type":"ReadAction","target":["https:\/\/ironsky.pl\/sklep\/produkt\/szkolenie-produktowe-z-obslugi-drona-dji-matrice-4-thermal-w-praktyce\/"]}]},{"@type":"ImageObject","inLanguage":"pl-PL","@id":"https:\/\/ironsky.pl\/sklep\/produkt\/szkolenie-produktowe-z-obslugi-drona-dji-matrice-4-thermal-w-praktyce\/#primaryimage","url":"https:\/\/ironsky.pl\/sklep\/wp-content\/uploads\/2025\/04\/Szkolenie-produktowe-DJI-Matrice-4-i-4T.png","contentUrl":"https:\/\/ironsky.pl\/sklep\/wp-content\/uploads\/2025\/04\/Szkolenie-produktowe-DJI-Matrice-4-i-4T.png","width":940,"height":788},{"@type":"BreadcrumbList","@id":"https:\/\/ironsky.pl\/sklep\/produkt\/szkolenie-produktowe-z-obslugi-drona-dji-matrice-4-thermal-w-praktyce\/#breadcrumb","itemListElement":[{"@type":"ListItem","position":1,"name":"Strona g\u0142\u00f3wna","item":"https:\/\/ironsky.pl\/sklep\/"},{"@type":"ListItem","position":2,"name":"Wszystkie produkty","item":"https:\/\/ironsky.pl\/sklep\/produkty\/"},{"@type":"ListItem","position":3,"name":"Szkolenie produktowe z obs\u0142ugi drona DJI Matrice 4 Thermal w praktyce"}]},{"@type":"WebSite","@id":"https:\/\/ironsky.pl\/sklep\/#website","url":"https:\/\/ironsky.pl\/sklep\/","name":"IRONSKY.PL Sklep z Dronami","description":"IRONSKY.PL Sklep z Dronami","potentialAction":[{"@type":"SearchAction","target":{"@type":"EntryPoint","urlTemplate":"https:\/\/ironsky.pl\/sklep\/?s={search_term_string}"},"query-input":{"@type":"PropertyValueSpecification","valueRequired":true,"valueName":"search_term_string"}}],"inLanguage":"pl-PL"}]}},"_links":{"self":[{"href":"https:\/\/ironsky.pl\/sklep\/wp-json\/wp\/v2\/product\/39817","targetHints":{"allow":["GET"]}}],"collection":[{"href":"https:\/\/ironsky.pl\/sklep\/wp-json\/wp\/v2\/product"}],"about":[{"href":"https:\/\/ironsky.pl\/sklep\/wp-json\/wp\/v2\/types\/product"}],"replies":[{"embeddable":true,"href":"https:\/\/ironsky.pl\/sklep\/wp-json\/wp\/v2\/comments?post=39817"}],"wp:featuredmedia":[{"embeddable":true,"href":"https:\/\/ironsky.pl\/sklep\/wp-json\/wp\/v2\/media\/39821"}],"wp:attachment":[{"href":"https:\/\/ironsky.pl\/sklep\/wp-json\/wp\/v2\/media?parent=39817"}],"wp:term":[{"taxonomy":"product_brand","embeddable":true,"href":"https:\/\/ironsky.pl\/sklep\/wp-json\/wp\/v2\/product_brand?post=39817"},{"taxonomy":"product_cat","embeddable":true,"href":"https:\/\/ironsky.pl\/sklep\/wp-json\/wp\/v2\/product_cat?post=39817"},{"taxonomy":"product_tag","embeddable":true,"href":"https:\/\/ironsky.pl\/sklep\/wp-json\/wp\/v2\/product_tag?post=39817"}],"curies":[{"name":"wp","href":"https:\/\/api.w.org\/{rel}","templated":true}]}}