{"id":39558,"date":"2025-04-01T13:57:26","date_gmt":"2025-04-01T11:57:26","guid":{"rendered":"https:\/\/ironsky.pl\/drony-sklep\/produkt\/flight-termination-system-fts-ze-spadochronem-do-dji-matrice-350\/"},"modified":"2026-03-05T15:56:03","modified_gmt":"2026-03-05T14:56:03","slug":"flight-termination-system-fts-ze-spadochronem-do-dji-matrice-350","status":"publish","type":"product","link":"https:\/\/ironsky.pl\/sklep\/produkt\/flight-termination-system-fts-ze-spadochronem-do-dji-matrice-350\/","title":{"rendered":"Flight termination system (FTS) ze spadochronem do   DJI Matrice 350 (KLASA C5)"},"content":{"rendered":"<h3>PRS-FTS-MOC Kronos AD Matrice 350<\/h3>\n<div class=\"flex max-w-full flex-col flex-grow\">\n<div class=\"min-h-8 text-message flex w-full flex-col items-end gap-2 whitespace-normal break-words [.text-message+&amp;]:mt-5\" data-message-author-role=\"assistant\" data-message-id=\"afcc8227-c0ea-450c-84bc-6445484a7c6c\" data-message-model-slug=\"gpt-4o\">\n<div class=\"flex w-full flex-col gap-1 empty:hidden first:pt-[3px]\">\n<div class=\"markdown prose w-full break-words dark:prose-invert dark\">\n<p>PRS-FTS-MOC Kronos to zaawansowany system awaryjnego przerwania lotu dedykowany dla drona DJI Matrice 350. Urz\u0105dzenie wykorzystuje niezawodny mechanizm wyzwalania spadochronu, kt\u00f3ry mo\u017ce by\u0107 aktywowany automatycznie lub manualnie, minimalizuj\u0105c ryzyko uszkodzenia drona oraz otoczenia w przypadku awarii. Dzi\u0119ki integracji z systemem zako\u0144czenia lotu (Flight Termination System, FTS) zapewnia pe\u0142n\u0105 kontrol\u0119 i szybkie reagowanie w sytuacjach krytycznych.<\/p>\n<p>Kompaktowa i lekka konstrukcja PRS-FTS-MOC Kronos nie wp\u0142ywa na wydajno\u015b\u0107 ani osi\u0105gi drona, co pozwala na jego wszechstronne zastosowanie. Wbudowany system autodiagnostyki monitoruje stan urz\u0105dzenia i zapisuje dane o ka\u017cdej aktywacji, wspieraj\u0105c regularn\u0105 kontrol\u0119 techniczn\u0105. To niezast\u0105pione rozwi\u0105zanie dla operator\u00f3w, kt\u00f3rzy ceni\u0105 bezpiecze\u0144stwo i niezawodno\u015b\u0107 w najbardziej wymagaj\u0105cych misjach.<\/p>\n<p><img decoding=\"async\" src=\"\/data\/include\/cms\/Dronavia\/Product_image_-_Kronos_for_Matrice_350_PRS_10.png\" alt=\"\" width=\"983\" height=\"983\" border=\"0\" \/><\/p>\n<\/div>\n<\/div>\n<\/div>\n<\/div>\n","protected":false},"excerpt":{"rendered":"<p>PRS-FTS-MOC Kronos AD Matrice 350 PRS-FTS-MOC Kronos to zaawansowany system awaryjnego przerwania lotu dedykowany dla drona DJI Matrice 350. Urz\u0105dzenie<\/p>\n","protected":false},"featured_media":39559,"comment_status":"closed","ping_status":"closed","template":"","meta":{"_acf_changed":false},"product_brand":[],"product_cat":[5663,5717,1093],"product_tag":[],"class_list":{"0":"post-39558","1":"product","2":"type-product","3":"status-publish","4":"has-post-thumbnail","6":"product_cat-matrice-350-rtk","7":"product_cat-do-25kg","8":"product_cat-urzadzenia-i-akcesoria","9":"pa_producent-dronavia","11":"first","12":"outofstock","13":"taxable","14":"shipping-taxable","15":"purchasable","16":"product-type-simple"},"acf":[],"yoast_head":"<!-- This site is optimized with the Yoast SEO plugin v27.2 - https:\/\/yoast.com\/product\/yoast-seo-wordpress\/ -->\n<title>Flight termination system (FTS) ze spadochronem do  DJI Matrice 350 (KLASA C5) - IRONSKY.PL Sklep z Dronami<\/title>\n<meta name=\"description\" content=\"Flight termination system (FTS) ze spadochronem do  DJI Matrice 350 (KLASA C5) -Osi\u0105gnij wy\u017cszy poziom i klas\u0119 C5, dzi\u0119ki systemowi FTS.\" \/>\n<meta name=\"robots\" content=\"index, follow, max-snippet:-1, max-image-preview:large, max-video-preview:-1\" \/>\n<link rel=\"canonical\" href=\"https:\/\/ironsky.pl\/sklep\/produkt\/flight-termination-system-fts-ze-spadochronem-do-dji-matrice-350\/\" \/>\n<meta property=\"og:locale\" content=\"pl_PL\" \/>\n<meta property=\"og:type\" content=\"article\" \/>\n<meta property=\"og:title\" content=\"Flight termination system (FTS) ze spadochronem do  DJI Matrice 350 (KLASA C5) - IRONSKY.PL Sklep z Dronami\" \/>\n<meta property=\"og:description\" content=\"Flight termination system (FTS) ze spadochronem do  DJI Matrice 350 (KLASA C5) -Osi\u0105gnij wy\u017cszy poziom i klas\u0119 C5, dzi\u0119ki systemowi FTS.\" \/>\n<meta property=\"og:url\" content=\"https:\/\/ironsky.pl\/sklep\/produkt\/flight-termination-system-fts-ze-spadochronem-do-dji-matrice-350\/\" \/>\n<meta property=\"og:site_name\" content=\"IRONSKY.PL Sklep z Dronami\" \/>\n<meta property=\"article:modified_time\" content=\"2026-03-05T14:56:03+00:00\" \/>\n<meta property=\"og:image\" content=\"https:\/\/ironsky.pl\/sklep\/wp-content\/uploads\/2025\/04\/49171_1.png\" \/>\n\t<meta property=\"og:image:width\" content=\"1100\" \/>\n\t<meta property=\"og:image:height\" content=\"1100\" \/>\n\t<meta property=\"og:image:type\" content=\"image\/png\" \/>\n<meta name=\"twitter:card\" content=\"summary_large_image\" \/>\n<meta name=\"twitter:label1\" content=\"Szacowany czas czytania\" \/>\n\t<meta name=\"twitter:data1\" content=\"2 minuty\" \/>\n<script type=\"application\/ld+json\" class=\"yoast-schema-graph\">{\"@context\":\"https:\/\/schema.org\",\"@graph\":[{\"@type\":\"WebPage\",\"@id\":\"https:\/\/ironsky.pl\/sklep\/produkt\/flight-termination-system-fts-ze-spadochronem-do-dji-matrice-350\/\",\"url\":\"https:\/\/ironsky.pl\/sklep\/produkt\/flight-termination-system-fts-ze-spadochronem-do-dji-matrice-350\/\",\"name\":\"Flight termination system (FTS) ze spadochronem do DJI Matrice 350 (KLASA C5) - IRONSKY.PL Sklep z Dronami\",\"isPartOf\":{\"@id\":\"https:\/\/ironsky.pl\/sklep\/#website\"},\"primaryImageOfPage\":{\"@id\":\"https:\/\/ironsky.pl\/sklep\/produkt\/flight-termination-system-fts-ze-spadochronem-do-dji-matrice-350\/#primaryimage\"},\"image\":{\"@id\":\"https:\/\/ironsky.pl\/sklep\/produkt\/flight-termination-system-fts-ze-spadochronem-do-dji-matrice-350\/#primaryimage\"},\"thumbnailUrl\":\"https:\/\/ironsky.pl\/sklep\/wp-content\/uploads\/2025\/04\/49171_1.png\",\"datePublished\":\"2025-04-01T11:57:26+00:00\",\"dateModified\":\"2026-03-05T14:56:03+00:00\",\"description\":\"Flight termination system (FTS) ze spadochronem do DJI Matrice 350 (KLASA C5) -Osi\u0105gnij wy\u017cszy poziom i klas\u0119 C5, dzi\u0119ki systemowi FTS.\",\"breadcrumb\":{\"@id\":\"https:\/\/ironsky.pl\/sklep\/produkt\/flight-termination-system-fts-ze-spadochronem-do-dji-matrice-350\/#breadcrumb\"},\"inLanguage\":\"pl-PL\",\"potentialAction\":[{\"@type\":\"ReadAction\",\"target\":[\"https:\/\/ironsky.pl\/sklep\/produkt\/flight-termination-system-fts-ze-spadochronem-do-dji-matrice-350\/\"]}]},{\"@type\":\"ImageObject\",\"inLanguage\":\"pl-PL\",\"@id\":\"https:\/\/ironsky.pl\/sklep\/produkt\/flight-termination-system-fts-ze-spadochronem-do-dji-matrice-350\/#primaryimage\",\"url\":\"https:\/\/ironsky.pl\/sklep\/wp-content\/uploads\/2025\/04\/49171_1.png\",\"contentUrl\":\"https:\/\/ironsky.pl\/sklep\/wp-content\/uploads\/2025\/04\/49171_1.png\",\"width\":1100,\"height\":1100},{\"@type\":\"BreadcrumbList\",\"@id\":\"https:\/\/ironsky.pl\/sklep\/produkt\/flight-termination-system-fts-ze-spadochronem-do-dji-matrice-350\/#breadcrumb\",\"itemListElement\":[{\"@type\":\"ListItem\",\"position\":1,\"name\":\"Strona g\u0142\u00f3wna\",\"item\":\"https:\/\/ironsky.pl\/sklep\/\"},{\"@type\":\"ListItem\",\"position\":2,\"name\":\"Wszystkie produkty\",\"item\":\"https:\/\/ironsky.pl\/sklep\/sklep\/\"},{\"@type\":\"ListItem\",\"position\":3,\"name\":\"Flight termination system (FTS) ze spadochronem do DJI Matrice 350 (KLASA C5)\"}]},{\"@type\":\"WebSite\",\"@id\":\"https:\/\/ironsky.pl\/sklep\/#website\",\"url\":\"https:\/\/ironsky.pl\/sklep\/\",\"name\":\"IRONSKY.PL Sklep z Dronami\",\"description\":\"IRONSKY.PL Sklep z Dronami\",\"potentialAction\":[{\"@type\":\"SearchAction\",\"target\":{\"@type\":\"EntryPoint\",\"urlTemplate\":\"https:\/\/ironsky.pl\/sklep\/?s={search_term_string}\"},\"query-input\":{\"@type\":\"PropertyValueSpecification\",\"valueRequired\":true,\"valueName\":\"search_term_string\"}}],\"inLanguage\":\"pl-PL\"}]}<\/script>\n<!-- \/ Yoast SEO plugin. -->","yoast_head_json":{"title":"Flight termination system (FTS) ze spadochronem do  DJI Matrice 350 (KLASA C5) - IRONSKY.PL Sklep z Dronami","description":"Flight termination system (FTS) ze spadochronem do  DJI Matrice 350 (KLASA C5) -Osi\u0105gnij wy\u017cszy poziom i klas\u0119 C5, dzi\u0119ki systemowi FTS.","robots":{"index":"index","follow":"follow","max-snippet":"max-snippet:-1","max-image-preview":"max-image-preview:large","max-video-preview":"max-video-preview:-1"},"canonical":"https:\/\/ironsky.pl\/sklep\/produkt\/flight-termination-system-fts-ze-spadochronem-do-dji-matrice-350\/","og_locale":"pl_PL","og_type":"article","og_title":"Flight termination system (FTS) ze spadochronem do  DJI Matrice 350 (KLASA C5) - IRONSKY.PL Sklep z Dronami","og_description":"Flight termination system (FTS) ze spadochronem do  DJI Matrice 350 (KLASA C5) -Osi\u0105gnij wy\u017cszy poziom i klas\u0119 C5, dzi\u0119ki systemowi FTS.","og_url":"https:\/\/ironsky.pl\/sklep\/produkt\/flight-termination-system-fts-ze-spadochronem-do-dji-matrice-350\/","og_site_name":"IRONSKY.PL Sklep z Dronami","article_modified_time":"2026-03-05T14:56:03+00:00","og_image":[{"width":1100,"height":1100,"url":"https:\/\/ironsky.pl\/sklep\/wp-content\/uploads\/2025\/04\/49171_1.png","type":"image\/png"}],"twitter_card":"summary_large_image","twitter_misc":{"Szacowany czas czytania":"2 minuty"},"schema":{"@context":"https:\/\/schema.org","@graph":[{"@type":"WebPage","@id":"https:\/\/ironsky.pl\/sklep\/produkt\/flight-termination-system-fts-ze-spadochronem-do-dji-matrice-350\/","url":"https:\/\/ironsky.pl\/sklep\/produkt\/flight-termination-system-fts-ze-spadochronem-do-dji-matrice-350\/","name":"Flight termination system (FTS) ze spadochronem do DJI Matrice 350 (KLASA C5) - IRONSKY.PL Sklep z Dronami","isPartOf":{"@id":"https:\/\/ironsky.pl\/sklep\/#website"},"primaryImageOfPage":{"@id":"https:\/\/ironsky.pl\/sklep\/produkt\/flight-termination-system-fts-ze-spadochronem-do-dji-matrice-350\/#primaryimage"},"image":{"@id":"https:\/\/ironsky.pl\/sklep\/produkt\/flight-termination-system-fts-ze-spadochronem-do-dji-matrice-350\/#primaryimage"},"thumbnailUrl":"https:\/\/ironsky.pl\/sklep\/wp-content\/uploads\/2025\/04\/49171_1.png","datePublished":"2025-04-01T11:57:26+00:00","dateModified":"2026-03-05T14:56:03+00:00","description":"Flight termination system (FTS) ze spadochronem do DJI Matrice 350 (KLASA C5) -Osi\u0105gnij wy\u017cszy poziom i klas\u0119 C5, dzi\u0119ki systemowi FTS.","breadcrumb":{"@id":"https:\/\/ironsky.pl\/sklep\/produkt\/flight-termination-system-fts-ze-spadochronem-do-dji-matrice-350\/#breadcrumb"},"inLanguage":"pl-PL","potentialAction":[{"@type":"ReadAction","target":["https:\/\/ironsky.pl\/sklep\/produkt\/flight-termination-system-fts-ze-spadochronem-do-dji-matrice-350\/"]}]},{"@type":"ImageObject","inLanguage":"pl-PL","@id":"https:\/\/ironsky.pl\/sklep\/produkt\/flight-termination-system-fts-ze-spadochronem-do-dji-matrice-350\/#primaryimage","url":"https:\/\/ironsky.pl\/sklep\/wp-content\/uploads\/2025\/04\/49171_1.png","contentUrl":"https:\/\/ironsky.pl\/sklep\/wp-content\/uploads\/2025\/04\/49171_1.png","width":1100,"height":1100},{"@type":"BreadcrumbList","@id":"https:\/\/ironsky.pl\/sklep\/produkt\/flight-termination-system-fts-ze-spadochronem-do-dji-matrice-350\/#breadcrumb","itemListElement":[{"@type":"ListItem","position":1,"name":"Strona g\u0142\u00f3wna","item":"https:\/\/ironsky.pl\/sklep\/"},{"@type":"ListItem","position":2,"name":"Wszystkie produkty","item":"https:\/\/ironsky.pl\/sklep\/sklep\/"},{"@type":"ListItem","position":3,"name":"Flight termination system (FTS) ze spadochronem do DJI Matrice 350 (KLASA C5)"}]},{"@type":"WebSite","@id":"https:\/\/ironsky.pl\/sklep\/#website","url":"https:\/\/ironsky.pl\/sklep\/","name":"IRONSKY.PL Sklep z Dronami","description":"IRONSKY.PL Sklep z Dronami","potentialAction":[{"@type":"SearchAction","target":{"@type":"EntryPoint","urlTemplate":"https:\/\/ironsky.pl\/sklep\/?s={search_term_string}"},"query-input":{"@type":"PropertyValueSpecification","valueRequired":true,"valueName":"search_term_string"}}],"inLanguage":"pl-PL"}]}},"_links":{"self":[{"href":"https:\/\/ironsky.pl\/sklep\/wp-json\/wp\/v2\/product\/39558","targetHints":{"allow":["GET"]}}],"collection":[{"href":"https:\/\/ironsky.pl\/sklep\/wp-json\/wp\/v2\/product"}],"about":[{"href":"https:\/\/ironsky.pl\/sklep\/wp-json\/wp\/v2\/types\/product"}],"replies":[{"embeddable":true,"href":"https:\/\/ironsky.pl\/sklep\/wp-json\/wp\/v2\/comments?post=39558"}],"wp:featuredmedia":[{"embeddable":true,"href":"https:\/\/ironsky.pl\/sklep\/wp-json\/wp\/v2\/media\/39559"}],"wp:attachment":[{"href":"https:\/\/ironsky.pl\/sklep\/wp-json\/wp\/v2\/media?parent=39558"}],"wp:term":[{"taxonomy":"product_brand","embeddable":true,"href":"https:\/\/ironsky.pl\/sklep\/wp-json\/wp\/v2\/product_brand?post=39558"},{"taxonomy":"product_cat","embeddable":true,"href":"https:\/\/ironsky.pl\/sklep\/wp-json\/wp\/v2\/product_cat?post=39558"},{"taxonomy":"product_tag","embeddable":true,"href":"https:\/\/ironsky.pl\/sklep\/wp-json\/wp\/v2\/product_tag?post=39558"}],"curies":[{"name":"wp","href":"https:\/\/api.w.org\/{rel}","templated":true}]}}