{"id":39554,"date":"2025-04-01T13:57:07","date_gmt":"2025-04-01T11:57:07","guid":{"rendered":"https:\/\/ironsky.pl\/drony-sklep\/produkt\/flight-termination-system-fts-ze-spadochronem-do-dji-inspire-3\/"},"modified":"2026-03-05T15:56:03","modified_gmt":"2026-03-05T14:56:03","slug":"flight-termination-system-fts-ze-spadochronem-do-dji-inspire-3","status":"publish","type":"product","link":"https:\/\/ironsky.pl\/sklep\/produkt\/flight-termination-system-fts-ze-spadochronem-do-dji-inspire-3\/","title":{"rendered":"Flight termination system (FTS) ze spadochronem do DJI Inspire 3 (KLASA C5)"},"content":{"rendered":"<h3>PRS-FTS-MOC Kronos AD Inspire 3<\/h3>\n<div class=\"flex max-w-full flex-col flex-grow\">\n<div class=\"min-h-8 text-message flex w-full flex-col items-end gap-2 whitespace-normal break-words [.text-message+&amp;]:mt-5\" data-message-author-role=\"assistant\" data-message-id=\"a2a40a19-ada4-4da7-967f-970ac11d6c62\" data-message-model-slug=\"gpt-4o\">\n<div class=\"flex w-full flex-col gap-1 empty:hidden first:pt-[3px]\">\n<div class=\"markdown prose w-full break-words dark:prose-invert dark\">\n<div class=\"flex max-w-full flex-col flex-grow\">\n<div class=\"min-h-8 text-message flex w-full flex-col items-end gap-2 whitespace-normal break-words [.text-message+&amp;]:mt-5\" data-message-author-role=\"assistant\" data-message-id=\"a2a40a19-ada4-4da7-967f-970ac11d6c62\" data-message-model-slug=\"gpt-4o\">\n<div class=\"flex w-full flex-col gap-1 empty:hidden first:pt-[3px]\">\n<div class=\"markdown prose w-full break-words dark:prose-invert dark\">\n<p><strong>Kronos I3 plug &amp; play Parachute Recovery System (PRS)<\/strong> dla drona DJI Inspire 3 zwi\u0119ksza bezpiecze\u0144stwo lot\u00f3w, zmniejszaj\u0105c pr\u0119dko\u015b\u0107 opadania oraz energi\u0119 uderzenia w przypadku wyst\u0105pienia problemu. System spadochronowego odzyskiwania (PRS) mo\u017ce by\u0107 aktywowany automatycznie lub manualnie za pomoc\u0105 pilota zdalnego sterowania <strong>Klick trigger<\/strong>.<\/p>\n<\/div>\n<\/div>\n<\/div>\n<\/div>\n<div class=\"mb-2 flex gap-3 empty:hidden -ml-2\">\n<div class=\"items-center justify-start rounded-xl p-1 flex\">\n<div class=\"flex items-center\">\n<div class=\"flex\"><\/div>\n<div class=\"flex items-center pb-0\"><\/div>\n<\/div>\n<\/div>\n<\/div>\n<\/div>\n<\/div>\n<\/div>\n<\/div>\n<div class=\"mb-2 flex gap-3 empty:hidden -ml-2\">\n<div class=\"items-center justify-start rounded-xl p-1 flex\">\n<div class=\"flex items-center\">\n<p>&nbsp;<\/p>\n<div class=\"flex items-center pb-0\"><\/div>\n<\/div>\n<\/div>\n<\/div>\n<p><img decoding=\"async\" src=\"\/data\/include\/cms\/Dronavia\/Product_image_-_Kronos_for_Inspire_3_PRS_5_1.png\" alt=\"\" width=\"923\" height=\"923\" border=\"0\" \/><\/p>\n<h3>Skup si\u0119 na zadaniu<\/h3>\n<p>Aby skr\u00f3ci\u0107 czas aktywacji i zwi\u0119kszy\u0107 szanse na unikni\u0119cie kolizji lub wypadku, systemy spadochronowe Kronos wykorzystuj\u0105 autonomiczn\u0105 technologi\u0119 rozk\u0142adania. Modu\u0142 ten uruchamia spadochron w czasie kr\u00f3tszym ni\u017c 0,27 sekundy, w por\u00f3wnaniu do oko\u0142o 3 sekund przy r\u0119cznym uruchamianiu. Dzi\u0119ki temu operatorzy mog\u0105 dzia\u0142a\u0107 szybciej i pozosta\u0107 w pe\u0142ni skoncentrowani na swoich misjach lotniczych.<\/p>\n<p><img decoding=\"async\" src=\"\/data\/include\/cms\/Dronavia\/Product_image_-_Kronos_for_Inspire_3_PRS_3.png\" alt=\"\" width=\"923\" height=\"923\" border=\"0\" \/><\/p>\n<h3>Zachowaj wydajno\u015b\u0107 lotu<\/h3>\n<p data-pm-slice=\"1 1 []\">Dzi\u0119ki po\u0142\u0105czeniu z dronem spadochron Kronos oferuje nieograniczon\u0105 autonomi\u0119, umo\u017cliwiaj\u0105c realizacj\u0119 nawet najd\u0142u\u017cszych misji lotniczych. Wa\u017c\u0105c jedynie 376 gram\u00f3w, zosta\u0142 zaprojektowany z my\u015bl\u0105 o minimalnej wadze, co pozwala na monta\u017c dodatkowych akcesori\u00f3w bez negatywnego wp\u0142ywu na osi\u0105gi lotu.<\/p>\n","protected":false},"excerpt":{"rendered":"<p>PRS-FTS-MOC Kronos AD Inspire 3 Kronos I3 plug &amp; play Parachute Recovery System (PRS) dla drona DJI Inspire 3 zwi\u0119ksza<\/p>\n","protected":false},"featured_media":39555,"comment_status":"closed","ping_status":"closed","template":"","meta":{"_acf_changed":false},"product_brand":[],"product_cat":[1093],"product_tag":[],"class_list":{"0":"post-39554","1":"product","2":"type-product","3":"status-publish","4":"has-post-thumbnail","6":"product_cat-urzadzenia-i-akcesoria","7":"pa_producent-dronavia","9":"first","10":"outofstock","11":"taxable","12":"shipping-taxable","13":"purchasable","14":"product-type-simple"},"acf":[],"yoast_head":"<!-- This site is optimized with the Yoast SEO plugin v27.2 - https:\/\/yoast.com\/product\/yoast-seo-wordpress\/ -->\n<title>Flight termination system (FTS) ze spadochronem do DJI Inspire 3 (KLASA C5) - IRONSKY.PL Sklep z Dronami<\/title>\n<meta name=\"description\" content=\"Flight termination system (FTS) ze spadochronem do DJI Inspire 3 (KLASA C5) - Zabezpiecz sw\u00f3j lot przy pomocy systemu FTS oraz zyskaj klas\u0119 C5, co pozwoli ci lata\u0107 w STS-01\" \/>\n<meta name=\"robots\" content=\"index, follow, max-snippet:-1, max-image-preview:large, max-video-preview:-1\" \/>\n<link rel=\"canonical\" href=\"https:\/\/ironsky.pl\/sklep\/produkt\/flight-termination-system-fts-ze-spadochronem-do-dji-inspire-3\/\" \/>\n<meta property=\"og:locale\" content=\"pl_PL\" \/>\n<meta property=\"og:type\" content=\"article\" \/>\n<meta property=\"og:title\" content=\"Flight termination system (FTS) ze spadochronem do DJI Inspire 3 (KLASA C5) - IRONSKY.PL Sklep z Dronami\" \/>\n<meta property=\"og:description\" content=\"Flight termination system (FTS) ze spadochronem do DJI Inspire 3 (KLASA C5) - Zabezpiecz sw\u00f3j lot przy pomocy systemu FTS oraz zyskaj klas\u0119 C5, co pozwoli ci lata\u0107 w STS-01\" \/>\n<meta property=\"og:url\" content=\"https:\/\/ironsky.pl\/sklep\/produkt\/flight-termination-system-fts-ze-spadochronem-do-dji-inspire-3\/\" \/>\n<meta property=\"og:site_name\" content=\"IRONSKY.PL Sklep z Dronami\" \/>\n<meta property=\"article:modified_time\" content=\"2026-03-05T14:56:03+00:00\" \/>\n<meta property=\"og:image\" content=\"https:\/\/ironsky.pl\/sklep\/wp-content\/uploads\/2025\/04\/49144_1.png\" \/>\n\t<meta property=\"og:image:width\" content=\"1100\" \/>\n\t<meta property=\"og:image:height\" content=\"1100\" \/>\n\t<meta property=\"og:image:type\" content=\"image\/png\" \/>\n<meta name=\"twitter:card\" content=\"summary_large_image\" \/>\n<meta name=\"twitter:label1\" content=\"Szacowany czas czytania\" \/>\n\t<meta name=\"twitter:data1\" content=\"2 minuty\" \/>\n<script type=\"application\/ld+json\" class=\"yoast-schema-graph\">{\"@context\":\"https:\/\/schema.org\",\"@graph\":[{\"@type\":\"WebPage\",\"@id\":\"https:\/\/ironsky.pl\/sklep\/produkt\/flight-termination-system-fts-ze-spadochronem-do-dji-inspire-3\/\",\"url\":\"https:\/\/ironsky.pl\/sklep\/produkt\/flight-termination-system-fts-ze-spadochronem-do-dji-inspire-3\/\",\"name\":\"Flight termination system (FTS) ze spadochronem do DJI Inspire 3 (KLASA C5) - IRONSKY.PL Sklep z Dronami\",\"isPartOf\":{\"@id\":\"https:\/\/ironsky.pl\/sklep\/#website\"},\"primaryImageOfPage\":{\"@id\":\"https:\/\/ironsky.pl\/sklep\/produkt\/flight-termination-system-fts-ze-spadochronem-do-dji-inspire-3\/#primaryimage\"},\"image\":{\"@id\":\"https:\/\/ironsky.pl\/sklep\/produkt\/flight-termination-system-fts-ze-spadochronem-do-dji-inspire-3\/#primaryimage\"},\"thumbnailUrl\":\"https:\/\/ironsky.pl\/sklep\/wp-content\/uploads\/2025\/04\/49144_1.png\",\"datePublished\":\"2025-04-01T11:57:07+00:00\",\"dateModified\":\"2026-03-05T14:56:03+00:00\",\"description\":\"Flight termination system (FTS) ze spadochronem do DJI Inspire 3 (KLASA C5) - Zabezpiecz sw\u00f3j lot przy pomocy systemu FTS oraz zyskaj klas\u0119 C5, co pozwoli ci lata\u0107 w STS-01\",\"breadcrumb\":{\"@id\":\"https:\/\/ironsky.pl\/sklep\/produkt\/flight-termination-system-fts-ze-spadochronem-do-dji-inspire-3\/#breadcrumb\"},\"inLanguage\":\"pl-PL\",\"potentialAction\":[{\"@type\":\"ReadAction\",\"target\":[\"https:\/\/ironsky.pl\/sklep\/produkt\/flight-termination-system-fts-ze-spadochronem-do-dji-inspire-3\/\"]}]},{\"@type\":\"ImageObject\",\"inLanguage\":\"pl-PL\",\"@id\":\"https:\/\/ironsky.pl\/sklep\/produkt\/flight-termination-system-fts-ze-spadochronem-do-dji-inspire-3\/#primaryimage\",\"url\":\"https:\/\/ironsky.pl\/sklep\/wp-content\/uploads\/2025\/04\/49144_1.png\",\"contentUrl\":\"https:\/\/ironsky.pl\/sklep\/wp-content\/uploads\/2025\/04\/49144_1.png\",\"width\":1100,\"height\":1100},{\"@type\":\"BreadcrumbList\",\"@id\":\"https:\/\/ironsky.pl\/sklep\/produkt\/flight-termination-system-fts-ze-spadochronem-do-dji-inspire-3\/#breadcrumb\",\"itemListElement\":[{\"@type\":\"ListItem\",\"position\":1,\"name\":\"Strona g\u0142\u00f3wna\",\"item\":\"https:\/\/ironsky.pl\/sklep\/\"},{\"@type\":\"ListItem\",\"position\":2,\"name\":\"Wszystkie produkty\",\"item\":\"https:\/\/ironsky.pl\/sklep\/sklep\/\"},{\"@type\":\"ListItem\",\"position\":3,\"name\":\"Flight termination system (FTS) ze spadochronem do DJI Inspire 3 (KLASA C5)\"}]},{\"@type\":\"WebSite\",\"@id\":\"https:\/\/ironsky.pl\/sklep\/#website\",\"url\":\"https:\/\/ironsky.pl\/sklep\/\",\"name\":\"IRONSKY.PL Sklep z Dronami\",\"description\":\"IRONSKY.PL Sklep z Dronami\",\"potentialAction\":[{\"@type\":\"SearchAction\",\"target\":{\"@type\":\"EntryPoint\",\"urlTemplate\":\"https:\/\/ironsky.pl\/sklep\/?s={search_term_string}\"},\"query-input\":{\"@type\":\"PropertyValueSpecification\",\"valueRequired\":true,\"valueName\":\"search_term_string\"}}],\"inLanguage\":\"pl-PL\"}]}<\/script>\n<!-- \/ Yoast SEO plugin. -->","yoast_head_json":{"title":"Flight termination system (FTS) ze spadochronem do DJI Inspire 3 (KLASA C5) - IRONSKY.PL Sklep z Dronami","description":"Flight termination system (FTS) ze spadochronem do DJI Inspire 3 (KLASA C5) - Zabezpiecz sw\u00f3j lot przy pomocy systemu FTS oraz zyskaj klas\u0119 C5, co pozwoli ci lata\u0107 w STS-01","robots":{"index":"index","follow":"follow","max-snippet":"max-snippet:-1","max-image-preview":"max-image-preview:large","max-video-preview":"max-video-preview:-1"},"canonical":"https:\/\/ironsky.pl\/sklep\/produkt\/flight-termination-system-fts-ze-spadochronem-do-dji-inspire-3\/","og_locale":"pl_PL","og_type":"article","og_title":"Flight termination system (FTS) ze spadochronem do DJI Inspire 3 (KLASA C5) - IRONSKY.PL Sklep z Dronami","og_description":"Flight termination system (FTS) ze spadochronem do DJI Inspire 3 (KLASA C5) - Zabezpiecz sw\u00f3j lot przy pomocy systemu FTS oraz zyskaj klas\u0119 C5, co pozwoli ci lata\u0107 w STS-01","og_url":"https:\/\/ironsky.pl\/sklep\/produkt\/flight-termination-system-fts-ze-spadochronem-do-dji-inspire-3\/","og_site_name":"IRONSKY.PL Sklep z Dronami","article_modified_time":"2026-03-05T14:56:03+00:00","og_image":[{"width":1100,"height":1100,"url":"https:\/\/ironsky.pl\/sklep\/wp-content\/uploads\/2025\/04\/49144_1.png","type":"image\/png"}],"twitter_card":"summary_large_image","twitter_misc":{"Szacowany czas czytania":"2 minuty"},"schema":{"@context":"https:\/\/schema.org","@graph":[{"@type":"WebPage","@id":"https:\/\/ironsky.pl\/sklep\/produkt\/flight-termination-system-fts-ze-spadochronem-do-dji-inspire-3\/","url":"https:\/\/ironsky.pl\/sklep\/produkt\/flight-termination-system-fts-ze-spadochronem-do-dji-inspire-3\/","name":"Flight termination system (FTS) ze spadochronem do DJI Inspire 3 (KLASA C5) - IRONSKY.PL Sklep z Dronami","isPartOf":{"@id":"https:\/\/ironsky.pl\/sklep\/#website"},"primaryImageOfPage":{"@id":"https:\/\/ironsky.pl\/sklep\/produkt\/flight-termination-system-fts-ze-spadochronem-do-dji-inspire-3\/#primaryimage"},"image":{"@id":"https:\/\/ironsky.pl\/sklep\/produkt\/flight-termination-system-fts-ze-spadochronem-do-dji-inspire-3\/#primaryimage"},"thumbnailUrl":"https:\/\/ironsky.pl\/sklep\/wp-content\/uploads\/2025\/04\/49144_1.png","datePublished":"2025-04-01T11:57:07+00:00","dateModified":"2026-03-05T14:56:03+00:00","description":"Flight termination system (FTS) ze spadochronem do DJI Inspire 3 (KLASA C5) - Zabezpiecz sw\u00f3j lot przy pomocy systemu FTS oraz zyskaj klas\u0119 C5, co pozwoli ci lata\u0107 w STS-01","breadcrumb":{"@id":"https:\/\/ironsky.pl\/sklep\/produkt\/flight-termination-system-fts-ze-spadochronem-do-dji-inspire-3\/#breadcrumb"},"inLanguage":"pl-PL","potentialAction":[{"@type":"ReadAction","target":["https:\/\/ironsky.pl\/sklep\/produkt\/flight-termination-system-fts-ze-spadochronem-do-dji-inspire-3\/"]}]},{"@type":"ImageObject","inLanguage":"pl-PL","@id":"https:\/\/ironsky.pl\/sklep\/produkt\/flight-termination-system-fts-ze-spadochronem-do-dji-inspire-3\/#primaryimage","url":"https:\/\/ironsky.pl\/sklep\/wp-content\/uploads\/2025\/04\/49144_1.png","contentUrl":"https:\/\/ironsky.pl\/sklep\/wp-content\/uploads\/2025\/04\/49144_1.png","width":1100,"height":1100},{"@type":"BreadcrumbList","@id":"https:\/\/ironsky.pl\/sklep\/produkt\/flight-termination-system-fts-ze-spadochronem-do-dji-inspire-3\/#breadcrumb","itemListElement":[{"@type":"ListItem","position":1,"name":"Strona g\u0142\u00f3wna","item":"https:\/\/ironsky.pl\/sklep\/"},{"@type":"ListItem","position":2,"name":"Wszystkie produkty","item":"https:\/\/ironsky.pl\/sklep\/sklep\/"},{"@type":"ListItem","position":3,"name":"Flight termination system (FTS) ze spadochronem do DJI Inspire 3 (KLASA C5)"}]},{"@type":"WebSite","@id":"https:\/\/ironsky.pl\/sklep\/#website","url":"https:\/\/ironsky.pl\/sklep\/","name":"IRONSKY.PL Sklep z Dronami","description":"IRONSKY.PL Sklep z Dronami","potentialAction":[{"@type":"SearchAction","target":{"@type":"EntryPoint","urlTemplate":"https:\/\/ironsky.pl\/sklep\/?s={search_term_string}"},"query-input":{"@type":"PropertyValueSpecification","valueRequired":true,"valueName":"search_term_string"}}],"inLanguage":"pl-PL"}]}},"_links":{"self":[{"href":"https:\/\/ironsky.pl\/sklep\/wp-json\/wp\/v2\/product\/39554","targetHints":{"allow":["GET"]}}],"collection":[{"href":"https:\/\/ironsky.pl\/sklep\/wp-json\/wp\/v2\/product"}],"about":[{"href":"https:\/\/ironsky.pl\/sklep\/wp-json\/wp\/v2\/types\/product"}],"replies":[{"embeddable":true,"href":"https:\/\/ironsky.pl\/sklep\/wp-json\/wp\/v2\/comments?post=39554"}],"wp:featuredmedia":[{"embeddable":true,"href":"https:\/\/ironsky.pl\/sklep\/wp-json\/wp\/v2\/media\/39555"}],"wp:attachment":[{"href":"https:\/\/ironsky.pl\/sklep\/wp-json\/wp\/v2\/media?parent=39554"}],"wp:term":[{"taxonomy":"product_brand","embeddable":true,"href":"https:\/\/ironsky.pl\/sklep\/wp-json\/wp\/v2\/product_brand?post=39554"},{"taxonomy":"product_cat","embeddable":true,"href":"https:\/\/ironsky.pl\/sklep\/wp-json\/wp\/v2\/product_cat?post=39554"},{"taxonomy":"product_tag","embeddable":true,"href":"https:\/\/ironsky.pl\/sklep\/wp-json\/wp\/v2\/product_tag?post=39554"}],"curies":[{"name":"wp","href":"https:\/\/api.w.org\/{rel}","templated":true}]}}