{"id":39548,"date":"2025-04-01T13:57:07","date_gmt":"2025-04-01T11:57:07","guid":{"rendered":"https:\/\/ironsky.pl\/drony-sklep\/produkt\/zasobnik-ze-spadochronem-pod-kronos-matrice-350-rtk\/"},"modified":"2026-03-05T15:56:02","modified_gmt":"2026-03-05T14:56:02","slug":"zasobnik-ze-spadochronem-pod-kronos-matrice-350-rtk","status":"publish","type":"product","link":"https:\/\/ironsky.pl\/sklep\/produkt\/zasobnik-ze-spadochronem-pod-kronos-matrice-350-rtk\/","title":{"rendered":"Zasobnik ze spadochronem POD Kronos Matrice 350 RTK"},"content":{"rendered":"<h3>POD Kronos Matrice 350<\/h3>\n<p>Wymienny zasobnik ze spadochronem POD Kronos firmy Dronavia to zaawansowany system bezpiecze\u0144stwa zaprojektowany specjalnie dla drona DJI Matrice 350. Modu\u0142owy zasobnik umo\u017cliwia szybki monta\u017c i demonta\u017c, co pozwala na \u0142atw\u0105 adaptacj\u0119 drona do r\u00f3\u017cnorodnych zada\u0144. Wyposa\u017cony w niezawodny mechanizm wyzwalania, system spadochronowy skutecznie chroni sprz\u0119t przed uszkodzeniami w przypadku awarii. POD Kronos jest kompatybilny z systemami diagnostycznymi, rejestruj\u0105c dane z ka\u017cdej aktywacji, co u\u0142atwia monitorowanie jego sprawno\u015bci. Lekka i aerodynamiczna konstrukcja minimalizuje wp\u0142yw na osi\u0105gi drona, czyni\u0105c go idealnym rozwi\u0105zaniem dla operator\u00f3w DJI Matrice 350, kt\u00f3rym zale\u017cy na bezpiecze\u0144stwie i wszechstronno\u015bci operacyjnej.<\/p>\n","protected":false},"excerpt":{"rendered":"<p>POD Kronos Matrice 350 Wymienny zasobnik ze spadochronem POD Kronos firmy Dronavia to zaawansowany system bezpiecze\u0144stwa zaprojektowany specjalnie dla drona<\/p>\n","protected":false},"featured_media":39549,"comment_status":"closed","ping_status":"open","template":"","meta":{"_acf_changed":false},"product_brand":[],"product_cat":[5663,6094,1093],"product_tag":[],"class_list":{"0":"post-39548","1":"product","2":"type-product","3":"status-publish","4":"has-post-thumbnail","6":"product_cat-matrice-350-rtk","7":"product_cat-czujniki-do-dronow","8":"product_cat-urzadzenia-i-akcesoria","9":"pa_producent-dronavia","11":"first","12":"outofstock","13":"taxable","14":"shipping-taxable","15":"purchasable","16":"product-type-simple"},"acf":[],"yoast_head":"<!-- This site is optimized with the Yoast SEO plugin v27.2 - https:\/\/yoast.com\/product\/yoast-seo-wordpress\/ -->\n<title>Zasobnik ze spadochronem POD Kronos Matrice 350 RTK - IRONSKY.PL Sklep z Dronami<\/title>\n<meta name=\"description\" content=\"Zasobnik ze spadochronem POD Kronos Matrice 350 RTK - \u2705 sklep z dronami i fachowym doradztwem. \u2705 Tutaj kupisz produkty DJI, Yuneec, Parrot, Syma i wiele innych, a tak\u017ce kursy i licencje na operatora drona.\" \/>\n<meta name=\"robots\" content=\"index, follow, max-snippet:-1, max-image-preview:large, max-video-preview:-1\" \/>\n<link rel=\"canonical\" href=\"https:\/\/ironsky.pl\/sklep\/produkt\/zasobnik-ze-spadochronem-pod-kronos-matrice-350-rtk\/\" \/>\n<meta property=\"og:locale\" content=\"pl_PL\" \/>\n<meta property=\"og:type\" content=\"article\" \/>\n<meta property=\"og:title\" content=\"Zasobnik ze spadochronem POD Kronos Matrice 350 RTK - IRONSKY.PL Sklep z Dronami\" \/>\n<meta property=\"og:description\" content=\"Zasobnik ze spadochronem POD Kronos Matrice 350 RTK - \u2705 sklep z dronami i fachowym doradztwem. \u2705 Tutaj kupisz produkty DJI, Yuneec, Parrot, Syma i wiele innych, a tak\u017ce kursy i licencje na operatora drona.\" \/>\n<meta property=\"og:url\" content=\"https:\/\/ironsky.pl\/sklep\/produkt\/zasobnik-ze-spadochronem-pod-kronos-matrice-350-rtk\/\" \/>\n<meta property=\"og:site_name\" content=\"IRONSKY.PL Sklep z Dronami\" \/>\n<meta property=\"article:modified_time\" content=\"2026-03-05T14:56:02+00:00\" \/>\n<meta property=\"og:image\" content=\"https:\/\/ironsky.pl\/sklep\/wp-content\/uploads\/2025\/04\/49137_1.png\" \/>\n\t<meta property=\"og:image:width\" content=\"1100\" \/>\n\t<meta property=\"og:image:height\" content=\"1100\" \/>\n\t<meta property=\"og:image:type\" content=\"image\/png\" \/>\n<meta name=\"twitter:card\" content=\"summary_large_image\" \/>\n<meta name=\"twitter:label1\" content=\"Szacowany czas czytania\" \/>\n\t<meta name=\"twitter:data1\" content=\"1 minuta\" \/>\n<script type=\"application\/ld+json\" class=\"yoast-schema-graph\">{\"@context\":\"https:\/\/schema.org\",\"@graph\":[{\"@type\":\"WebPage\",\"@id\":\"https:\/\/ironsky.pl\/sklep\/produkt\/zasobnik-ze-spadochronem-pod-kronos-matrice-350-rtk\/\",\"url\":\"https:\/\/ironsky.pl\/sklep\/produkt\/zasobnik-ze-spadochronem-pod-kronos-matrice-350-rtk\/\",\"name\":\"Zasobnik ze spadochronem POD Kronos Matrice 350 RTK - IRONSKY.PL Sklep z Dronami\",\"isPartOf\":{\"@id\":\"https:\/\/ironsky.pl\/sklep\/#website\"},\"primaryImageOfPage\":{\"@id\":\"https:\/\/ironsky.pl\/sklep\/produkt\/zasobnik-ze-spadochronem-pod-kronos-matrice-350-rtk\/#primaryimage\"},\"image\":{\"@id\":\"https:\/\/ironsky.pl\/sklep\/produkt\/zasobnik-ze-spadochronem-pod-kronos-matrice-350-rtk\/#primaryimage\"},\"thumbnailUrl\":\"https:\/\/ironsky.pl\/sklep\/wp-content\/uploads\/2025\/04\/49137_1.png\",\"datePublished\":\"2025-04-01T11:57:07+00:00\",\"dateModified\":\"2026-03-05T14:56:02+00:00\",\"description\":\"Zasobnik ze spadochronem POD Kronos Matrice 350 RTK - \u2705 sklep z dronami i fachowym doradztwem. \u2705 Tutaj kupisz produkty DJI, Yuneec, Parrot, Syma i wiele innych, a tak\u017ce kursy i licencje na operatora drona.\",\"breadcrumb\":{\"@id\":\"https:\/\/ironsky.pl\/sklep\/produkt\/zasobnik-ze-spadochronem-pod-kronos-matrice-350-rtk\/#breadcrumb\"},\"inLanguage\":\"pl-PL\",\"potentialAction\":[{\"@type\":\"ReadAction\",\"target\":[\"https:\/\/ironsky.pl\/sklep\/produkt\/zasobnik-ze-spadochronem-pod-kronos-matrice-350-rtk\/\"]}]},{\"@type\":\"ImageObject\",\"inLanguage\":\"pl-PL\",\"@id\":\"https:\/\/ironsky.pl\/sklep\/produkt\/zasobnik-ze-spadochronem-pod-kronos-matrice-350-rtk\/#primaryimage\",\"url\":\"https:\/\/ironsky.pl\/sklep\/wp-content\/uploads\/2025\/04\/49137_1.png\",\"contentUrl\":\"https:\/\/ironsky.pl\/sklep\/wp-content\/uploads\/2025\/04\/49137_1.png\",\"width\":1100,\"height\":1100},{\"@type\":\"BreadcrumbList\",\"@id\":\"https:\/\/ironsky.pl\/sklep\/produkt\/zasobnik-ze-spadochronem-pod-kronos-matrice-350-rtk\/#breadcrumb\",\"itemListElement\":[{\"@type\":\"ListItem\",\"position\":1,\"name\":\"Strona g\u0142\u00f3wna\",\"item\":\"https:\/\/ironsky.pl\/sklep\/\"},{\"@type\":\"ListItem\",\"position\":2,\"name\":\"Wszystkie produkty\",\"item\":\"https:\/\/ironsky.pl\/sklep\/sklep\/\"},{\"@type\":\"ListItem\",\"position\":3,\"name\":\"Zasobnik ze spadochronem POD Kronos Matrice 350 RTK\"}]},{\"@type\":\"WebSite\",\"@id\":\"https:\/\/ironsky.pl\/sklep\/#website\",\"url\":\"https:\/\/ironsky.pl\/sklep\/\",\"name\":\"IRONSKY.PL Sklep z Dronami\",\"description\":\"IRONSKY.PL Sklep z Dronami\",\"potentialAction\":[{\"@type\":\"SearchAction\",\"target\":{\"@type\":\"EntryPoint\",\"urlTemplate\":\"https:\/\/ironsky.pl\/sklep\/?s={search_term_string}\"},\"query-input\":{\"@type\":\"PropertyValueSpecification\",\"valueRequired\":true,\"valueName\":\"search_term_string\"}}],\"inLanguage\":\"pl-PL\"}]}<\/script>\n<!-- \/ Yoast SEO plugin. -->","yoast_head_json":{"title":"Zasobnik ze spadochronem POD Kronos Matrice 350 RTK - IRONSKY.PL Sklep z Dronami","description":"Zasobnik ze spadochronem POD Kronos Matrice 350 RTK - \u2705 sklep z dronami i fachowym doradztwem. \u2705 Tutaj kupisz produkty DJI, Yuneec, Parrot, Syma i wiele innych, a tak\u017ce kursy i licencje na operatora drona.","robots":{"index":"index","follow":"follow","max-snippet":"max-snippet:-1","max-image-preview":"max-image-preview:large","max-video-preview":"max-video-preview:-1"},"canonical":"https:\/\/ironsky.pl\/sklep\/produkt\/zasobnik-ze-spadochronem-pod-kronos-matrice-350-rtk\/","og_locale":"pl_PL","og_type":"article","og_title":"Zasobnik ze spadochronem POD Kronos Matrice 350 RTK - IRONSKY.PL Sklep z Dronami","og_description":"Zasobnik ze spadochronem POD Kronos Matrice 350 RTK - \u2705 sklep z dronami i fachowym doradztwem. \u2705 Tutaj kupisz produkty DJI, Yuneec, Parrot, Syma i wiele innych, a tak\u017ce kursy i licencje na operatora drona.","og_url":"https:\/\/ironsky.pl\/sklep\/produkt\/zasobnik-ze-spadochronem-pod-kronos-matrice-350-rtk\/","og_site_name":"IRONSKY.PL Sklep z Dronami","article_modified_time":"2026-03-05T14:56:02+00:00","og_image":[{"width":1100,"height":1100,"url":"https:\/\/ironsky.pl\/sklep\/wp-content\/uploads\/2025\/04\/49137_1.png","type":"image\/png"}],"twitter_card":"summary_large_image","twitter_misc":{"Szacowany czas czytania":"1 minuta"},"schema":{"@context":"https:\/\/schema.org","@graph":[{"@type":"WebPage","@id":"https:\/\/ironsky.pl\/sklep\/produkt\/zasobnik-ze-spadochronem-pod-kronos-matrice-350-rtk\/","url":"https:\/\/ironsky.pl\/sklep\/produkt\/zasobnik-ze-spadochronem-pod-kronos-matrice-350-rtk\/","name":"Zasobnik ze spadochronem POD Kronos Matrice 350 RTK - IRONSKY.PL Sklep z Dronami","isPartOf":{"@id":"https:\/\/ironsky.pl\/sklep\/#website"},"primaryImageOfPage":{"@id":"https:\/\/ironsky.pl\/sklep\/produkt\/zasobnik-ze-spadochronem-pod-kronos-matrice-350-rtk\/#primaryimage"},"image":{"@id":"https:\/\/ironsky.pl\/sklep\/produkt\/zasobnik-ze-spadochronem-pod-kronos-matrice-350-rtk\/#primaryimage"},"thumbnailUrl":"https:\/\/ironsky.pl\/sklep\/wp-content\/uploads\/2025\/04\/49137_1.png","datePublished":"2025-04-01T11:57:07+00:00","dateModified":"2026-03-05T14:56:02+00:00","description":"Zasobnik ze spadochronem POD Kronos Matrice 350 RTK - \u2705 sklep z dronami i fachowym doradztwem. \u2705 Tutaj kupisz produkty DJI, Yuneec, Parrot, Syma i wiele innych, a tak\u017ce kursy i licencje na operatora drona.","breadcrumb":{"@id":"https:\/\/ironsky.pl\/sklep\/produkt\/zasobnik-ze-spadochronem-pod-kronos-matrice-350-rtk\/#breadcrumb"},"inLanguage":"pl-PL","potentialAction":[{"@type":"ReadAction","target":["https:\/\/ironsky.pl\/sklep\/produkt\/zasobnik-ze-spadochronem-pod-kronos-matrice-350-rtk\/"]}]},{"@type":"ImageObject","inLanguage":"pl-PL","@id":"https:\/\/ironsky.pl\/sklep\/produkt\/zasobnik-ze-spadochronem-pod-kronos-matrice-350-rtk\/#primaryimage","url":"https:\/\/ironsky.pl\/sklep\/wp-content\/uploads\/2025\/04\/49137_1.png","contentUrl":"https:\/\/ironsky.pl\/sklep\/wp-content\/uploads\/2025\/04\/49137_1.png","width":1100,"height":1100},{"@type":"BreadcrumbList","@id":"https:\/\/ironsky.pl\/sklep\/produkt\/zasobnik-ze-spadochronem-pod-kronos-matrice-350-rtk\/#breadcrumb","itemListElement":[{"@type":"ListItem","position":1,"name":"Strona g\u0142\u00f3wna","item":"https:\/\/ironsky.pl\/sklep\/"},{"@type":"ListItem","position":2,"name":"Wszystkie produkty","item":"https:\/\/ironsky.pl\/sklep\/sklep\/"},{"@type":"ListItem","position":3,"name":"Zasobnik ze spadochronem POD Kronos Matrice 350 RTK"}]},{"@type":"WebSite","@id":"https:\/\/ironsky.pl\/sklep\/#website","url":"https:\/\/ironsky.pl\/sklep\/","name":"IRONSKY.PL Sklep z Dronami","description":"IRONSKY.PL Sklep z Dronami","potentialAction":[{"@type":"SearchAction","target":{"@type":"EntryPoint","urlTemplate":"https:\/\/ironsky.pl\/sklep\/?s={search_term_string}"},"query-input":{"@type":"PropertyValueSpecification","valueRequired":true,"valueName":"search_term_string"}}],"inLanguage":"pl-PL"}]}},"_links":{"self":[{"href":"https:\/\/ironsky.pl\/sklep\/wp-json\/wp\/v2\/product\/39548","targetHints":{"allow":["GET"]}}],"collection":[{"href":"https:\/\/ironsky.pl\/sklep\/wp-json\/wp\/v2\/product"}],"about":[{"href":"https:\/\/ironsky.pl\/sklep\/wp-json\/wp\/v2\/types\/product"}],"replies":[{"embeddable":true,"href":"https:\/\/ironsky.pl\/sklep\/wp-json\/wp\/v2\/comments?post=39548"}],"wp:featuredmedia":[{"embeddable":true,"href":"https:\/\/ironsky.pl\/sklep\/wp-json\/wp\/v2\/media\/39549"}],"wp:attachment":[{"href":"https:\/\/ironsky.pl\/sklep\/wp-json\/wp\/v2\/media?parent=39548"}],"wp:term":[{"taxonomy":"product_brand","embeddable":true,"href":"https:\/\/ironsky.pl\/sklep\/wp-json\/wp\/v2\/product_brand?post=39548"},{"taxonomy":"product_cat","embeddable":true,"href":"https:\/\/ironsky.pl\/sklep\/wp-json\/wp\/v2\/product_cat?post=39548"},{"taxonomy":"product_tag","embeddable":true,"href":"https:\/\/ironsky.pl\/sklep\/wp-json\/wp\/v2\/product_tag?post=39548"}],"curies":[{"name":"wp","href":"https:\/\/api.w.org\/{rel}","templated":true}]}}