{"id":39448,"date":"2025-04-01T13:56:10","date_gmt":"2025-04-01T11:56:10","guid":{"rendered":"https:\/\/ironsky.pl\/drony-sklep\/produkt\/deepthink-s8\/"},"modified":"2026-03-05T15:56:00","modified_gmt":"2026-03-05T14:56:00","slug":"deepthink-s8","status":"publish","type":"product","link":"https:\/\/ironsky.pl\/sklep\/produkt\/deepthink-s8\/","title":{"rendered":"Deepthink S8"},"content":{"rendered":"<h3>Deepthink S8<\/h3>\n<p>Deepthink S8 to kamera noktowizyjna stworzona dla dron\u00f3w Mavic 3 Enterprise oraz Mavic 3 Thermal. Koncentruje si\u0119 na rewolucji w nocnych operacjach w zakresie bezpiecze\u0144stwa publicznego, stra\u017cy po\u017carnej, poszukiwa\u0144 i ratownictwa oraz inspekcj. Kamera zosta\u0142a zamocowana na trzy-osiowym gimbalu, jest wyposa\u017cona w technologi\u0119 AI ISP opracowan\u0105 przez Deepthink. Potrafi uchwyci\u0107 obrazy w pe\u0142nych kolorach i z doskona\u0142ymi szczeg\u00f3\u0142ami, nawet w bardzo s\u0142abych warunkach o\u015bwietleniowych.<\/p>\n<div class=\"table-wrapper\">\n<table style=\"height: 23px;\" width=\"539\">\n<tbody>\n<tr>\n<td><strong>Obiektyw<\/strong><\/td>\n<td>1\/1.8&#8243;CMOS<\/td>\n<\/tr>\n<tr>\n<td><strong>True Color<\/strong><\/td>\n<td>0.0001 Lux<\/td>\n<\/tr>\n<tr>\n<td><strong>Maksymalna Rozdzielczo\u015b\u0107<\/strong><\/td>\n<td>4MP<\/td>\n<\/tr>\n<tr>\n<td><strong>Ilo\u015b\u0107 klatek<\/strong><\/td>\n<td>5fps~30fps<\/td>\n<\/tr>\n<tr>\n<td><strong>Zakres dynamiczny<\/strong><\/td>\n<td>120db<\/td>\n<\/tr>\n<tr>\n<td><strong>Ogniskowa<\/strong><\/td>\n<td>f=15.40\u00b15%mm = 74.07mm<\/td>\n<\/tr>\n<tr>\n<td><strong>Przys\u0142ona<\/strong><\/td>\n<td>F1.6<\/td>\n<\/tr>\n<tr>\n<td><strong>Zakres temperatur<\/strong><\/td>\n<td>-20<span>\u00b0C ~ 60\u00b0C<\/span><\/td>\n<\/tr>\n<\/tbody>\n<\/table>\n<\/div>\n","protected":false},"excerpt":{"rendered":"<p>Deepthink S8 Deepthink S8 to kamera noktowizyjna stworzona dla dron\u00f3w Mavic 3 Enterprise oraz Mavic 3 Thermal. Koncentruje si\u0119 na<\/p>\n","protected":false},"featured_media":39449,"comment_status":"closed","ping_status":"open","template":"","meta":{"_acf_changed":false},"product_brand":[],"product_cat":[6140,1093],"product_tag":[],"class_list":{"0":"post-39448","1":"product","2":"type-product","3":"status-publish","4":"has-post-thumbnail","6":"product_cat-termowizyjne","7":"product_cat-urzadzenia-i-akcesoria","8":"pa_producent-deepthink","10":"first","11":"outofstock","12":"taxable","13":"shipping-taxable","14":"purchasable","15":"product-type-simple"},"acf":[],"yoast_head":"<!-- This site is optimized with the Yoast SEO plugin v27.2 - https:\/\/yoast.com\/product\/yoast-seo-wordpress\/ -->\n<title>Deepthink S8 - IRONSKY.PL Sklep z Dronami<\/title>\n<meta name=\"description\" content=\"Deepthink S8 - \u2705 sklep z dronami i fachowym doradztwem. \u2705 Tutaj kupisz produkty DJI, Yuneec, Parrot, Syma i wiele innych, a tak\u017ce kursy i licencje na operatora drona.\" \/>\n<meta name=\"robots\" content=\"index, follow, max-snippet:-1, max-image-preview:large, max-video-preview:-1\" \/>\n<link rel=\"canonical\" href=\"https:\/\/ironsky.pl\/sklep\/produkt\/deepthink-s8\/\" \/>\n<meta property=\"og:locale\" content=\"pl_PL\" \/>\n<meta property=\"og:type\" content=\"article\" \/>\n<meta property=\"og:title\" content=\"Deepthink S8 - IRONSKY.PL Sklep z Dronami\" \/>\n<meta property=\"og:description\" content=\"Deepthink S8 - \u2705 sklep z dronami i fachowym doradztwem. \u2705 Tutaj kupisz produkty DJI, Yuneec, Parrot, Syma i wiele innych, a tak\u017ce kursy i licencje na operatora drona.\" \/>\n<meta property=\"og:url\" content=\"https:\/\/ironsky.pl\/sklep\/produkt\/deepthink-s8\/\" \/>\n<meta property=\"og:site_name\" content=\"IRONSKY.PL Sklep z Dronami\" \/>\n<meta property=\"article:modified_time\" content=\"2026-03-05T14:56:00+00:00\" \/>\n<meta property=\"og:image\" content=\"https:\/\/ironsky.pl\/sklep\/wp-content\/uploads\/2025\/04\/47761_1.jpg\" \/>\n\t<meta property=\"og:image:width\" content=\"800\" \/>\n\t<meta property=\"og:image:height\" content=\"600\" \/>\n\t<meta property=\"og:image:type\" content=\"image\/jpeg\" \/>\n<meta name=\"twitter:card\" content=\"summary_large_image\" \/>\n<meta name=\"twitter:label1\" content=\"Szacowany czas czytania\" \/>\n\t<meta name=\"twitter:data1\" content=\"1 minuta\" \/>\n<script type=\"application\/ld+json\" class=\"yoast-schema-graph\">{\"@context\":\"https:\/\/schema.org\",\"@graph\":[{\"@type\":\"WebPage\",\"@id\":\"https:\/\/ironsky.pl\/sklep\/produkt\/deepthink-s8\/\",\"url\":\"https:\/\/ironsky.pl\/sklep\/produkt\/deepthink-s8\/\",\"name\":\"Deepthink S8 - IRONSKY.PL Sklep z Dronami\",\"isPartOf\":{\"@id\":\"https:\/\/ironsky.pl\/sklep\/#website\"},\"primaryImageOfPage\":{\"@id\":\"https:\/\/ironsky.pl\/sklep\/produkt\/deepthink-s8\/#primaryimage\"},\"image\":{\"@id\":\"https:\/\/ironsky.pl\/sklep\/produkt\/deepthink-s8\/#primaryimage\"},\"thumbnailUrl\":\"https:\/\/ironsky.pl\/sklep\/wp-content\/uploads\/2025\/04\/47761_1.jpg\",\"datePublished\":\"2025-04-01T11:56:10+00:00\",\"dateModified\":\"2026-03-05T14:56:00+00:00\",\"description\":\"Deepthink S8 - \u2705 sklep z dronami i fachowym doradztwem. \u2705 Tutaj kupisz produkty DJI, Yuneec, Parrot, Syma i wiele innych, a tak\u017ce kursy i licencje na operatora drona.\",\"breadcrumb\":{\"@id\":\"https:\/\/ironsky.pl\/sklep\/produkt\/deepthink-s8\/#breadcrumb\"},\"inLanguage\":\"pl-PL\",\"potentialAction\":[{\"@type\":\"ReadAction\",\"target\":[\"https:\/\/ironsky.pl\/sklep\/produkt\/deepthink-s8\/\"]}]},{\"@type\":\"ImageObject\",\"inLanguage\":\"pl-PL\",\"@id\":\"https:\/\/ironsky.pl\/sklep\/produkt\/deepthink-s8\/#primaryimage\",\"url\":\"https:\/\/ironsky.pl\/sklep\/wp-content\/uploads\/2025\/04\/47761_1.jpg\",\"contentUrl\":\"https:\/\/ironsky.pl\/sklep\/wp-content\/uploads\/2025\/04\/47761_1.jpg\",\"width\":800,\"height\":600},{\"@type\":\"BreadcrumbList\",\"@id\":\"https:\/\/ironsky.pl\/sklep\/produkt\/deepthink-s8\/#breadcrumb\",\"itemListElement\":[{\"@type\":\"ListItem\",\"position\":1,\"name\":\"Strona g\u0142\u00f3wna\",\"item\":\"https:\/\/ironsky.pl\/sklep\/\"},{\"@type\":\"ListItem\",\"position\":2,\"name\":\"Wszystkie produkty\",\"item\":\"https:\/\/ironsky.pl\/sklep\/sklep\/\"},{\"@type\":\"ListItem\",\"position\":3,\"name\":\"Deepthink S8\"}]},{\"@type\":\"WebSite\",\"@id\":\"https:\/\/ironsky.pl\/sklep\/#website\",\"url\":\"https:\/\/ironsky.pl\/sklep\/\",\"name\":\"IRONSKY.PL Sklep z Dronami\",\"description\":\"IRONSKY.PL Sklep z Dronami\",\"potentialAction\":[{\"@type\":\"SearchAction\",\"target\":{\"@type\":\"EntryPoint\",\"urlTemplate\":\"https:\/\/ironsky.pl\/sklep\/?s={search_term_string}\"},\"query-input\":{\"@type\":\"PropertyValueSpecification\",\"valueRequired\":true,\"valueName\":\"search_term_string\"}}],\"inLanguage\":\"pl-PL\"}]}<\/script>\n<!-- \/ Yoast SEO plugin. -->","yoast_head_json":{"title":"Deepthink S8 - IRONSKY.PL Sklep z Dronami","description":"Deepthink S8 - \u2705 sklep z dronami i fachowym doradztwem. \u2705 Tutaj kupisz produkty DJI, Yuneec, Parrot, Syma i wiele innych, a tak\u017ce kursy i licencje na operatora drona.","robots":{"index":"index","follow":"follow","max-snippet":"max-snippet:-1","max-image-preview":"max-image-preview:large","max-video-preview":"max-video-preview:-1"},"canonical":"https:\/\/ironsky.pl\/sklep\/produkt\/deepthink-s8\/","og_locale":"pl_PL","og_type":"article","og_title":"Deepthink S8 - IRONSKY.PL Sklep z Dronami","og_description":"Deepthink S8 - \u2705 sklep z dronami i fachowym doradztwem. \u2705 Tutaj kupisz produkty DJI, Yuneec, Parrot, Syma i wiele innych, a tak\u017ce kursy i licencje na operatora drona.","og_url":"https:\/\/ironsky.pl\/sklep\/produkt\/deepthink-s8\/","og_site_name":"IRONSKY.PL Sklep z Dronami","article_modified_time":"2026-03-05T14:56:00+00:00","og_image":[{"width":800,"height":600,"url":"https:\/\/ironsky.pl\/sklep\/wp-content\/uploads\/2025\/04\/47761_1.jpg","type":"image\/jpeg"}],"twitter_card":"summary_large_image","twitter_misc":{"Szacowany czas czytania":"1 minuta"},"schema":{"@context":"https:\/\/schema.org","@graph":[{"@type":"WebPage","@id":"https:\/\/ironsky.pl\/sklep\/produkt\/deepthink-s8\/","url":"https:\/\/ironsky.pl\/sklep\/produkt\/deepthink-s8\/","name":"Deepthink S8 - IRONSKY.PL Sklep z Dronami","isPartOf":{"@id":"https:\/\/ironsky.pl\/sklep\/#website"},"primaryImageOfPage":{"@id":"https:\/\/ironsky.pl\/sklep\/produkt\/deepthink-s8\/#primaryimage"},"image":{"@id":"https:\/\/ironsky.pl\/sklep\/produkt\/deepthink-s8\/#primaryimage"},"thumbnailUrl":"https:\/\/ironsky.pl\/sklep\/wp-content\/uploads\/2025\/04\/47761_1.jpg","datePublished":"2025-04-01T11:56:10+00:00","dateModified":"2026-03-05T14:56:00+00:00","description":"Deepthink S8 - \u2705 sklep z dronami i fachowym doradztwem. \u2705 Tutaj kupisz produkty DJI, Yuneec, Parrot, Syma i wiele innych, a tak\u017ce kursy i licencje na operatora drona.","breadcrumb":{"@id":"https:\/\/ironsky.pl\/sklep\/produkt\/deepthink-s8\/#breadcrumb"},"inLanguage":"pl-PL","potentialAction":[{"@type":"ReadAction","target":["https:\/\/ironsky.pl\/sklep\/produkt\/deepthink-s8\/"]}]},{"@type":"ImageObject","inLanguage":"pl-PL","@id":"https:\/\/ironsky.pl\/sklep\/produkt\/deepthink-s8\/#primaryimage","url":"https:\/\/ironsky.pl\/sklep\/wp-content\/uploads\/2025\/04\/47761_1.jpg","contentUrl":"https:\/\/ironsky.pl\/sklep\/wp-content\/uploads\/2025\/04\/47761_1.jpg","width":800,"height":600},{"@type":"BreadcrumbList","@id":"https:\/\/ironsky.pl\/sklep\/produkt\/deepthink-s8\/#breadcrumb","itemListElement":[{"@type":"ListItem","position":1,"name":"Strona g\u0142\u00f3wna","item":"https:\/\/ironsky.pl\/sklep\/"},{"@type":"ListItem","position":2,"name":"Wszystkie produkty","item":"https:\/\/ironsky.pl\/sklep\/sklep\/"},{"@type":"ListItem","position":3,"name":"Deepthink S8"}]},{"@type":"WebSite","@id":"https:\/\/ironsky.pl\/sklep\/#website","url":"https:\/\/ironsky.pl\/sklep\/","name":"IRONSKY.PL Sklep z Dronami","description":"IRONSKY.PL Sklep z Dronami","potentialAction":[{"@type":"SearchAction","target":{"@type":"EntryPoint","urlTemplate":"https:\/\/ironsky.pl\/sklep\/?s={search_term_string}"},"query-input":{"@type":"PropertyValueSpecification","valueRequired":true,"valueName":"search_term_string"}}],"inLanguage":"pl-PL"}]}},"_links":{"self":[{"href":"https:\/\/ironsky.pl\/sklep\/wp-json\/wp\/v2\/product\/39448","targetHints":{"allow":["GET"]}}],"collection":[{"href":"https:\/\/ironsky.pl\/sklep\/wp-json\/wp\/v2\/product"}],"about":[{"href":"https:\/\/ironsky.pl\/sklep\/wp-json\/wp\/v2\/types\/product"}],"replies":[{"embeddable":true,"href":"https:\/\/ironsky.pl\/sklep\/wp-json\/wp\/v2\/comments?post=39448"}],"wp:featuredmedia":[{"embeddable":true,"href":"https:\/\/ironsky.pl\/sklep\/wp-json\/wp\/v2\/media\/39449"}],"wp:attachment":[{"href":"https:\/\/ironsky.pl\/sklep\/wp-json\/wp\/v2\/media?parent=39448"}],"wp:term":[{"taxonomy":"product_brand","embeddable":true,"href":"https:\/\/ironsky.pl\/sklep\/wp-json\/wp\/v2\/product_brand?post=39448"},{"taxonomy":"product_cat","embeddable":true,"href":"https:\/\/ironsky.pl\/sklep\/wp-json\/wp\/v2\/product_cat?post=39448"},{"taxonomy":"product_tag","embeddable":true,"href":"https:\/\/ironsky.pl\/sklep\/wp-json\/wp\/v2\/product_tag?post=39448"}],"curies":[{"name":"wp","href":"https:\/\/api.w.org\/{rel}","templated":true}]}}