{"id":39446,"date":"2025-04-01T13:56:10","date_gmt":"2025-04-01T11:56:10","guid":{"rendered":"https:\/\/ironsky.pl\/drony-sklep\/produkt\/wisson-orion-ap30-p2\/"},"modified":"2026-03-05T15:56:00","modified_gmt":"2026-03-05T14:56:00","slug":"wisson-orion-ap30-p2","status":"publish","type":"product","link":"https:\/\/ironsky.pl\/sklep\/produkt\/wisson-orion-ap30-p2\/","title":{"rendered":"System do mycia dronem &#8211; Wisson Orion AP30-P2"},"content":{"rendered":"<h3>Wisson Orion AP30-P2<\/h3>\n<p>Orion AP30-P2 &#8211; system wysokoci\u015bnieniowego czyszczenia powietrznego. Kompatybilny z dronami o du\u017cej \u0142adowno\u015bci, zapewnia wygodne, efektywne, bezpieczne i stabilne rozwi\u0105zanie do czyszczenia z du\u017c\u0105 wydajno\u015bci\u0105 i mo\u017cliwo\u015bci\u0105 pracy pod r\u00f3\u017cnymi k\u0105tami. Idealnie sprawdza si\u0119 przy zadaniach na du\u017cych wysoko\u015bciach, takich jak czyszczenie \u0142opat turbin wiatrowych, paneli s\u0142onecznych, izolator\u00f3w, budynk\u00f3w, \u015bcian i wie\u017c.<\/p>\n<div class=\"table-wrapper\">\n<table style=\"height: 23px;\" width=\"486\">\n<tbody>\n<tr>\n<td><strong>Waga<\/strong><\/td>\n<td>13kg<\/td>\n<\/tr>\n<tr>\n<td><strong>Moc<\/strong><\/td>\n<td>900W<\/td>\n<\/tr>\n<tr>\n<td><strong>D\u0142ugo\u015b\u0107 Ramienia<\/strong><\/td>\n<td>2.5m<\/td>\n<\/tr>\n<tr>\n<td><strong>Maksymalny Dystans Oprysku<\/strong><\/td>\n<td>6m<\/td>\n<\/tr>\n<tr>\n<td><strong>Ci\u015bnienie<\/strong><\/td>\n<td>1~4Mpa<\/td>\n<\/tr>\n<tr>\n<td><strong>Maksymalny Przep\u0142yw Cieczy<\/strong><\/td>\n<td>5L\/min<\/td>\n<\/tr>\n<tr>\n<td><strong>Zbiornik<\/strong><\/td>\n<td>30L<\/td>\n<\/tr>\n<tr>\n<td><strong>Stopie\u0144 ochrony IP<\/strong><\/td>\n<td>IP55<\/td>\n<\/tr>\n<tr>\n<td><strong>Zakres ruchu(Lewo\/Prawo)<\/strong><\/td>\n<td>-45\u00b0 ~ 45\u00b0<\/td>\n<\/tr>\n<tr>\n<td><strong>Zakres ruchu(G\u00f3ra\/D\u00f3\u0142)<\/strong><\/td>\n<td>-60\u00b0 ~ 35\u00b0<\/td>\n<\/tr>\n<tr>\n<td><strong>Wymiary opakowania<\/strong><\/td>\n<td>1&#215;0.7&#215;07\u00b3m 23kg<\/td>\n<\/tr>\n<\/tbody>\n<\/table>\n<\/div>\n","protected":false},"excerpt":{"rendered":"<p>Masz pytania? Dzwo\u0144 <strong>503 503 517<\/strong> i pisz na <strong>sklep@ironsky.pl<\/strong><\/p>\n","protected":false},"featured_media":39447,"comment_status":"closed","ping_status":"closed","template":"","meta":{"_acf_changed":false},"product_brand":[],"product_cat":[1088,6063,1105,1093],"product_tag":[],"class_list":{"0":"post-39446","1":"product","2":"type-product","3":"status-publish","4":"has-post-thumbnail","6":"product_cat-drony","7":"product_cat-myjace","8":"product_cat-przemyslowe","9":"product_cat-urzadzenia-i-akcesoria","10":"pa_producent-wisson-robotics","12":"first","13":"outofstock","14":"taxable","15":"shipping-taxable","16":"purchasable","17":"product-type-simple"},"acf":[],"yoast_head":"<!-- This site is optimized with the Yoast SEO plugin v27.2 - https:\/\/yoast.com\/product\/yoast-seo-wordpress\/ -->\n<title>System do mycia dronem - Wisson Orion AP30-P2 - IRONSKY.PL Sklep z Dronami<\/title>\n<meta name=\"description\" content=\"System do mycia dronem - Wisson Orion AP30-P2 - \u2705 sklep z dronami i fachowym doradztwem. \u2705 Tutaj kupisz produkty DJI, Yuneec, Parrot, Syma i wiele innych, a tak\u017ce kursy i licencje na operatora drona.\" \/>\n<meta name=\"robots\" content=\"index, follow, max-snippet:-1, max-image-preview:large, max-video-preview:-1\" \/>\n<link rel=\"canonical\" href=\"https:\/\/ironsky.pl\/sklep\/produkt\/wisson-orion-ap30-p2\/\" \/>\n<meta property=\"og:locale\" content=\"pl_PL\" \/>\n<meta property=\"og:type\" content=\"article\" \/>\n<meta property=\"og:title\" content=\"System do mycia dronem - Wisson Orion AP30-P2 - IRONSKY.PL Sklep z Dronami\" \/>\n<meta property=\"og:description\" content=\"System do mycia dronem - Wisson Orion AP30-P2 - \u2705 sklep z dronami i fachowym doradztwem. \u2705 Tutaj kupisz produkty DJI, Yuneec, Parrot, Syma i wiele innych, a tak\u017ce kursy i licencje na operatora drona.\" \/>\n<meta property=\"og:url\" content=\"https:\/\/ironsky.pl\/sklep\/produkt\/wisson-orion-ap30-p2\/\" \/>\n<meta property=\"og:site_name\" content=\"IRONSKY.PL Sklep z Dronami\" \/>\n<meta property=\"article:modified_time\" content=\"2026-03-05T14:56:00+00:00\" \/>\n<meta property=\"og:image\" content=\"https:\/\/ironsky.pl\/sklep\/wp-content\/uploads\/2025\/04\/47759_1.jpg\" \/>\n\t<meta property=\"og:image:width\" content=\"800\" \/>\n\t<meta property=\"og:image:height\" content=\"800\" \/>\n\t<meta property=\"og:image:type\" content=\"image\/jpeg\" \/>\n<meta name=\"twitter:card\" content=\"summary_large_image\" \/>\n<meta name=\"twitter:label1\" content=\"Szacowany czas czytania\" \/>\n\t<meta name=\"twitter:data1\" content=\"1 minuta\" \/>\n<script type=\"application\/ld+json\" class=\"yoast-schema-graph\">{\"@context\":\"https:\/\/schema.org\",\"@graph\":[{\"@type\":\"WebPage\",\"@id\":\"https:\/\/ironsky.pl\/sklep\/produkt\/wisson-orion-ap30-p2\/\",\"url\":\"https:\/\/ironsky.pl\/sklep\/produkt\/wisson-orion-ap30-p2\/\",\"name\":\"System do mycia dronem - Wisson Orion AP30-P2 - IRONSKY.PL Sklep z Dronami\",\"isPartOf\":{\"@id\":\"https:\/\/ironsky.pl\/sklep\/#website\"},\"primaryImageOfPage\":{\"@id\":\"https:\/\/ironsky.pl\/sklep\/produkt\/wisson-orion-ap30-p2\/#primaryimage\"},\"image\":{\"@id\":\"https:\/\/ironsky.pl\/sklep\/produkt\/wisson-orion-ap30-p2\/#primaryimage\"},\"thumbnailUrl\":\"https:\/\/ironsky.pl\/sklep\/wp-content\/uploads\/2025\/04\/47759_1.jpg\",\"datePublished\":\"2025-04-01T11:56:10+00:00\",\"dateModified\":\"2026-03-05T14:56:00+00:00\",\"description\":\"System do mycia dronem - Wisson Orion AP30-P2 - \u2705 sklep z dronami i fachowym doradztwem. \u2705 Tutaj kupisz produkty DJI, Yuneec, Parrot, Syma i wiele innych, a tak\u017ce kursy i licencje na operatora drona.\",\"breadcrumb\":{\"@id\":\"https:\/\/ironsky.pl\/sklep\/produkt\/wisson-orion-ap30-p2\/#breadcrumb\"},\"inLanguage\":\"pl-PL\",\"potentialAction\":[{\"@type\":\"ReadAction\",\"target\":[\"https:\/\/ironsky.pl\/sklep\/produkt\/wisson-orion-ap30-p2\/\"]}]},{\"@type\":\"ImageObject\",\"inLanguage\":\"pl-PL\",\"@id\":\"https:\/\/ironsky.pl\/sklep\/produkt\/wisson-orion-ap30-p2\/#primaryimage\",\"url\":\"https:\/\/ironsky.pl\/sklep\/wp-content\/uploads\/2025\/04\/47759_1.jpg\",\"contentUrl\":\"https:\/\/ironsky.pl\/sklep\/wp-content\/uploads\/2025\/04\/47759_1.jpg\",\"width\":800,\"height\":800},{\"@type\":\"BreadcrumbList\",\"@id\":\"https:\/\/ironsky.pl\/sklep\/produkt\/wisson-orion-ap30-p2\/#breadcrumb\",\"itemListElement\":[{\"@type\":\"ListItem\",\"position\":1,\"name\":\"Strona g\u0142\u00f3wna\",\"item\":\"https:\/\/ironsky.pl\/sklep\/\"},{\"@type\":\"ListItem\",\"position\":2,\"name\":\"Wszystkie produkty\",\"item\":\"https:\/\/ironsky.pl\/sklep\/sklep\/\"},{\"@type\":\"ListItem\",\"position\":3,\"name\":\"System do mycia dronem &#8211; Wisson Orion AP30-P2\"}]},{\"@type\":\"WebSite\",\"@id\":\"https:\/\/ironsky.pl\/sklep\/#website\",\"url\":\"https:\/\/ironsky.pl\/sklep\/\",\"name\":\"IRONSKY.PL Sklep z Dronami\",\"description\":\"IRONSKY.PL Sklep z Dronami\",\"potentialAction\":[{\"@type\":\"SearchAction\",\"target\":{\"@type\":\"EntryPoint\",\"urlTemplate\":\"https:\/\/ironsky.pl\/sklep\/?s={search_term_string}\"},\"query-input\":{\"@type\":\"PropertyValueSpecification\",\"valueRequired\":true,\"valueName\":\"search_term_string\"}}],\"inLanguage\":\"pl-PL\"}]}<\/script>\n<!-- \/ Yoast SEO plugin. -->","yoast_head_json":{"title":"System do mycia dronem - Wisson Orion AP30-P2 - IRONSKY.PL Sklep z Dronami","description":"System do mycia dronem - Wisson Orion AP30-P2 - \u2705 sklep z dronami i fachowym doradztwem. \u2705 Tutaj kupisz produkty DJI, Yuneec, Parrot, Syma i wiele innych, a tak\u017ce kursy i licencje na operatora drona.","robots":{"index":"index","follow":"follow","max-snippet":"max-snippet:-1","max-image-preview":"max-image-preview:large","max-video-preview":"max-video-preview:-1"},"canonical":"https:\/\/ironsky.pl\/sklep\/produkt\/wisson-orion-ap30-p2\/","og_locale":"pl_PL","og_type":"article","og_title":"System do mycia dronem - Wisson Orion AP30-P2 - IRONSKY.PL Sklep z Dronami","og_description":"System do mycia dronem - Wisson Orion AP30-P2 - \u2705 sklep z dronami i fachowym doradztwem. \u2705 Tutaj kupisz produkty DJI, Yuneec, Parrot, Syma i wiele innych, a tak\u017ce kursy i licencje na operatora drona.","og_url":"https:\/\/ironsky.pl\/sklep\/produkt\/wisson-orion-ap30-p2\/","og_site_name":"IRONSKY.PL Sklep z Dronami","article_modified_time":"2026-03-05T14:56:00+00:00","og_image":[{"width":800,"height":800,"url":"https:\/\/ironsky.pl\/sklep\/wp-content\/uploads\/2025\/04\/47759_1.jpg","type":"image\/jpeg"}],"twitter_card":"summary_large_image","twitter_misc":{"Szacowany czas czytania":"1 minuta"},"schema":{"@context":"https:\/\/schema.org","@graph":[{"@type":"WebPage","@id":"https:\/\/ironsky.pl\/sklep\/produkt\/wisson-orion-ap30-p2\/","url":"https:\/\/ironsky.pl\/sklep\/produkt\/wisson-orion-ap30-p2\/","name":"System do mycia dronem - Wisson Orion AP30-P2 - IRONSKY.PL Sklep z Dronami","isPartOf":{"@id":"https:\/\/ironsky.pl\/sklep\/#website"},"primaryImageOfPage":{"@id":"https:\/\/ironsky.pl\/sklep\/produkt\/wisson-orion-ap30-p2\/#primaryimage"},"image":{"@id":"https:\/\/ironsky.pl\/sklep\/produkt\/wisson-orion-ap30-p2\/#primaryimage"},"thumbnailUrl":"https:\/\/ironsky.pl\/sklep\/wp-content\/uploads\/2025\/04\/47759_1.jpg","datePublished":"2025-04-01T11:56:10+00:00","dateModified":"2026-03-05T14:56:00+00:00","description":"System do mycia dronem - Wisson Orion AP30-P2 - \u2705 sklep z dronami i fachowym doradztwem. \u2705 Tutaj kupisz produkty DJI, Yuneec, Parrot, Syma i wiele innych, a tak\u017ce kursy i licencje na operatora drona.","breadcrumb":{"@id":"https:\/\/ironsky.pl\/sklep\/produkt\/wisson-orion-ap30-p2\/#breadcrumb"},"inLanguage":"pl-PL","potentialAction":[{"@type":"ReadAction","target":["https:\/\/ironsky.pl\/sklep\/produkt\/wisson-orion-ap30-p2\/"]}]},{"@type":"ImageObject","inLanguage":"pl-PL","@id":"https:\/\/ironsky.pl\/sklep\/produkt\/wisson-orion-ap30-p2\/#primaryimage","url":"https:\/\/ironsky.pl\/sklep\/wp-content\/uploads\/2025\/04\/47759_1.jpg","contentUrl":"https:\/\/ironsky.pl\/sklep\/wp-content\/uploads\/2025\/04\/47759_1.jpg","width":800,"height":800},{"@type":"BreadcrumbList","@id":"https:\/\/ironsky.pl\/sklep\/produkt\/wisson-orion-ap30-p2\/#breadcrumb","itemListElement":[{"@type":"ListItem","position":1,"name":"Strona g\u0142\u00f3wna","item":"https:\/\/ironsky.pl\/sklep\/"},{"@type":"ListItem","position":2,"name":"Wszystkie produkty","item":"https:\/\/ironsky.pl\/sklep\/sklep\/"},{"@type":"ListItem","position":3,"name":"System do mycia dronem &#8211; Wisson Orion AP30-P2"}]},{"@type":"WebSite","@id":"https:\/\/ironsky.pl\/sklep\/#website","url":"https:\/\/ironsky.pl\/sklep\/","name":"IRONSKY.PL Sklep z Dronami","description":"IRONSKY.PL Sklep z Dronami","potentialAction":[{"@type":"SearchAction","target":{"@type":"EntryPoint","urlTemplate":"https:\/\/ironsky.pl\/sklep\/?s={search_term_string}"},"query-input":{"@type":"PropertyValueSpecification","valueRequired":true,"valueName":"search_term_string"}}],"inLanguage":"pl-PL"}]}},"_links":{"self":[{"href":"https:\/\/ironsky.pl\/sklep\/wp-json\/wp\/v2\/product\/39446","targetHints":{"allow":["GET"]}}],"collection":[{"href":"https:\/\/ironsky.pl\/sklep\/wp-json\/wp\/v2\/product"}],"about":[{"href":"https:\/\/ironsky.pl\/sklep\/wp-json\/wp\/v2\/types\/product"}],"replies":[{"embeddable":true,"href":"https:\/\/ironsky.pl\/sklep\/wp-json\/wp\/v2\/comments?post=39446"}],"wp:featuredmedia":[{"embeddable":true,"href":"https:\/\/ironsky.pl\/sklep\/wp-json\/wp\/v2\/media\/39447"}],"wp:attachment":[{"href":"https:\/\/ironsky.pl\/sklep\/wp-json\/wp\/v2\/media?parent=39446"}],"wp:term":[{"taxonomy":"product_brand","embeddable":true,"href":"https:\/\/ironsky.pl\/sklep\/wp-json\/wp\/v2\/product_brand?post=39446"},{"taxonomy":"product_cat","embeddable":true,"href":"https:\/\/ironsky.pl\/sklep\/wp-json\/wp\/v2\/product_cat?post=39446"},{"taxonomy":"product_tag","embeddable":true,"href":"https:\/\/ironsky.pl\/sklep\/wp-json\/wp\/v2\/product_tag?post=39446"}],"curies":[{"name":"wp","href":"https:\/\/api.w.org\/{rel}","templated":true}]}}