{"id":39439,"date":"2025-04-01T13:56:10","date_gmt":"2025-04-01T11:56:10","guid":{"rendered":"https:\/\/ironsky.pl\/drony-sklep\/produkt\/wisson-orion-ap3-p1\/"},"modified":"2026-03-05T15:55:59","modified_gmt":"2026-03-05T14:55:59","slug":"wisson-orion-ap3-p1","status":"publish","type":"product","link":"https:\/\/ironsky.pl\/sklep\/produkt\/wisson-orion-ap3-p1\/","title":{"rendered":"System myj\u0105cy do drona &#8211; Wisson Orion AP3-P1"},"content":{"rendered":"<h3>Orion AP3-P1<\/h3>\n<p>AP3-P1 to pierwszy Powietrzny System Precyzyjnego Opryskiwania zaprojektowany dla dron\u00f3w o lekkim ud\u017awigu. Zdolny do opryskiwania wszystkich powierzchni obiektu docelowego, mo\u017ce by\u0107 wykorzystywany w r\u00f3\u017cnych bran\u017cach, w tym w energetyce, elektryce i budownictwie.\u00a0AP3-P1 jest kompatybilny z dronami DJI M350\/300 (lub innymi dronami o ud\u017awigu poni\u017cej 5 kg)<\/p>\n<p><img decoding=\"async\" src=\"\/data\/include\/cms\/\/EN_OrionAP3-P1_picture1_Wisson_20240604.png\" alt=\"\" width=\"1947\" height=\"926\" border=\"0\" \/><\/p>\n<h3>Ca\u0142kowite Pokrycie, Bez Martwych Punkt\u00f3w<\/h3>\n<p>Dzi\u0119ki\u00a0szerokiemu zakresowi ruch\u00f3w, AP3-P1 zapewnia dost\u0119p do nawet najtrudniej dost\u0119pnych miejsc.<\/p>\n<p><img decoding=\"async\" src=\"\/data\/include\/cms\/wisson\/obraz_2024-10-18_110044477.png\" alt=\"\" width=\"1033\" height=\"767\" border=\"0\" \/><\/p>\n<h3>\u00a0Wiele Rodzaj\u00f3w Cieczy oraz Precyzyjny Oprysk<\/h3>\n<p>Urz\u0105dzenie zosta\u0142o wyposa\u017cone w zbiornik o pojemno\u015bci 2L kt\u00f3ry obs\u0142uguje r\u00f3\u017cne rodzaje cieczy, takie jak woda, olej i farba\u00a0 (farba izolacyjna, p\u0142yn ch\u0142odz\u0105cy, odrdzewiacz, farba antykorozyjna itp.). W po\u0142\u0105czeniu z wbudowana kamer\u0105 pierwszoosobow\u0105(FPV) zapewnia precyzyjne celowanie i natrysk, minimalizuj\u0105c straty i chroni\u0105c elementy wra\u017cliwe na ciecz.<\/p>\n<p><img decoding=\"async\" src=\"\/data\/include\/cms\/wisson\/EN_OrionAP3-P1_picture2_Wisson_20240604.png\" alt=\"\" width=\"1802\" height=\"819\" border=\"0\" \/><\/p>\n<div class=\"table-wrapper\">\n<table style=\"height: 23px;\" width=\"864\">\n<tbody>\n<tr>\n<td><strong>Wymiary<\/strong><\/td>\n<td>1576*255*255mm<\/td>\n<\/tr>\n<tr>\n<td><strong>Waga<\/strong><\/td>\n<td>1.8kg<\/td>\n<\/tr>\n<tr>\n<td><strong>Pojemno\u015b\u0107 Zbiornika<\/strong><\/td>\n<td>2L<\/td>\n<\/tr>\n<tr>\n<td><strong>Zakres Ruchu(G\u00f3ra\/D\u00f3\u0142)<\/strong><\/td>\n<td>30\u00b0<\/td>\n<\/tr>\n<tr>\n<td><strong>Zakres Ruchu(Lewo\/Prawo)<\/strong><\/td>\n<td>90\u00b0<\/td>\n<\/tr>\n<tr>\n<td><strong>Kompatybilno\u015b\u0107<\/strong><\/td>\n<td>DJI Matrice 300RTK\/DJI Matrice 350RTK<\/td>\n<\/tr>\n<\/tbody>\n<\/table>\n<\/div>\n","protected":false},"excerpt":{"rendered":"<p>Orion AP3-P1 AP3-P1 to pierwszy Powietrzny System Precyzyjnego Opryskiwania zaprojektowany dla dron\u00f3w o lekkim ud\u017awigu. Zdolny do opryskiwania wszystkich powierzchni<\/p>\n","protected":false},"featured_media":39440,"comment_status":"closed","ping_status":"closed","template":"","meta":{"_acf_changed":false},"product_brand":[],"product_cat":[1088,6063,1105],"product_tag":[],"class_list":{"0":"post-39439","1":"product","2":"type-product","3":"status-publish","4":"has-post-thumbnail","6":"product_cat-drony","7":"product_cat-myjace","8":"product_cat-przemyslowe","9":"pa_producent-wisson-robotics","11":"first","12":"outofstock","13":"taxable","14":"shipping-taxable","15":"purchasable","16":"product-type-simple"},"acf":[],"yoast_head":"<!-- This site is optimized with the Yoast SEO plugin v27.2 - https:\/\/yoast.com\/product\/yoast-seo-wordpress\/ -->\n<title>System myj\u0105cy do drona - Wisson Orion AP3-P1 - IRONSKY.PL Sklep z Dronami<\/title>\n<meta name=\"description\" content=\"System myj\u0105cy do drona - Wisson Orion AP3-P1 - \u2705 sklep z dronami i fachowym doradztwem. \u2705 Tutaj kupisz produkty DJI, Yuneec, Parrot, Syma i wiele innych, a tak\u017ce kursy i licencje na operatora drona.\" \/>\n<meta name=\"robots\" content=\"index, follow, max-snippet:-1, max-image-preview:large, max-video-preview:-1\" \/>\n<link rel=\"canonical\" href=\"https:\/\/ironsky.pl\/sklep\/produkt\/wisson-orion-ap3-p1\/\" \/>\n<meta property=\"og:locale\" content=\"pl_PL\" \/>\n<meta property=\"og:type\" content=\"article\" \/>\n<meta property=\"og:title\" content=\"System myj\u0105cy do drona - Wisson Orion AP3-P1 - IRONSKY.PL Sklep z Dronami\" \/>\n<meta property=\"og:description\" content=\"System myj\u0105cy do drona - Wisson Orion AP3-P1 - \u2705 sklep z dronami i fachowym doradztwem. \u2705 Tutaj kupisz produkty DJI, Yuneec, Parrot, Syma i wiele innych, a tak\u017ce kursy i licencje na operatora drona.\" \/>\n<meta property=\"og:url\" content=\"https:\/\/ironsky.pl\/sklep\/produkt\/wisson-orion-ap3-p1\/\" \/>\n<meta property=\"og:site_name\" content=\"IRONSKY.PL Sklep z Dronami\" \/>\n<meta property=\"article:modified_time\" content=\"2026-03-05T14:55:59+00:00\" \/>\n<meta property=\"og:image\" content=\"https:\/\/ironsky.pl\/sklep\/wp-content\/uploads\/2025\/04\/47758_2.jpg\" \/>\n\t<meta property=\"og:image:width\" content=\"800\" \/>\n\t<meta property=\"og:image:height\" content=\"800\" \/>\n\t<meta property=\"og:image:type\" content=\"image\/jpeg\" \/>\n<meta name=\"twitter:card\" content=\"summary_large_image\" \/>\n<meta name=\"twitter:label1\" content=\"Szacowany czas czytania\" \/>\n\t<meta name=\"twitter:data1\" content=\"2 minuty\" \/>\n<script type=\"application\/ld+json\" class=\"yoast-schema-graph\">{\"@context\":\"https:\/\/schema.org\",\"@graph\":[{\"@type\":\"WebPage\",\"@id\":\"https:\/\/ironsky.pl\/sklep\/produkt\/wisson-orion-ap3-p1\/\",\"url\":\"https:\/\/ironsky.pl\/sklep\/produkt\/wisson-orion-ap3-p1\/\",\"name\":\"System myj\u0105cy do drona - Wisson Orion AP3-P1 - IRONSKY.PL Sklep z Dronami\",\"isPartOf\":{\"@id\":\"https:\/\/ironsky.pl\/sklep\/#website\"},\"primaryImageOfPage\":{\"@id\":\"https:\/\/ironsky.pl\/sklep\/produkt\/wisson-orion-ap3-p1\/#primaryimage\"},\"image\":{\"@id\":\"https:\/\/ironsky.pl\/sklep\/produkt\/wisson-orion-ap3-p1\/#primaryimage\"},\"thumbnailUrl\":\"https:\/\/ironsky.pl\/sklep\/wp-content\/uploads\/2025\/04\/47758_2.jpg\",\"datePublished\":\"2025-04-01T11:56:10+00:00\",\"dateModified\":\"2026-03-05T14:55:59+00:00\",\"description\":\"System myj\u0105cy do drona - Wisson Orion AP3-P1 - \u2705 sklep z dronami i fachowym doradztwem. \u2705 Tutaj kupisz produkty DJI, Yuneec, Parrot, Syma i wiele innych, a tak\u017ce kursy i licencje na operatora drona.\",\"breadcrumb\":{\"@id\":\"https:\/\/ironsky.pl\/sklep\/produkt\/wisson-orion-ap3-p1\/#breadcrumb\"},\"inLanguage\":\"pl-PL\",\"potentialAction\":[{\"@type\":\"ReadAction\",\"target\":[\"https:\/\/ironsky.pl\/sklep\/produkt\/wisson-orion-ap3-p1\/\"]}]},{\"@type\":\"ImageObject\",\"inLanguage\":\"pl-PL\",\"@id\":\"https:\/\/ironsky.pl\/sklep\/produkt\/wisson-orion-ap3-p1\/#primaryimage\",\"url\":\"https:\/\/ironsky.pl\/sklep\/wp-content\/uploads\/2025\/04\/47758_2.jpg\",\"contentUrl\":\"https:\/\/ironsky.pl\/sklep\/wp-content\/uploads\/2025\/04\/47758_2.jpg\",\"width\":800,\"height\":800},{\"@type\":\"BreadcrumbList\",\"@id\":\"https:\/\/ironsky.pl\/sklep\/produkt\/wisson-orion-ap3-p1\/#breadcrumb\",\"itemListElement\":[{\"@type\":\"ListItem\",\"position\":1,\"name\":\"Strona g\u0142\u00f3wna\",\"item\":\"https:\/\/ironsky.pl\/sklep\/\"},{\"@type\":\"ListItem\",\"position\":2,\"name\":\"Wszystkie produkty\",\"item\":\"https:\/\/ironsky.pl\/sklep\/sklep\/\"},{\"@type\":\"ListItem\",\"position\":3,\"name\":\"System myj\u0105cy do drona &#8211; Wisson Orion AP3-P1\"}]},{\"@type\":\"WebSite\",\"@id\":\"https:\/\/ironsky.pl\/sklep\/#website\",\"url\":\"https:\/\/ironsky.pl\/sklep\/\",\"name\":\"IRONSKY.PL Sklep z Dronami\",\"description\":\"IRONSKY.PL Sklep z Dronami\",\"potentialAction\":[{\"@type\":\"SearchAction\",\"target\":{\"@type\":\"EntryPoint\",\"urlTemplate\":\"https:\/\/ironsky.pl\/sklep\/?s={search_term_string}\"},\"query-input\":{\"@type\":\"PropertyValueSpecification\",\"valueRequired\":true,\"valueName\":\"search_term_string\"}}],\"inLanguage\":\"pl-PL\"}]}<\/script>\n<!-- \/ Yoast SEO plugin. -->","yoast_head_json":{"title":"System myj\u0105cy do drona - Wisson Orion AP3-P1 - IRONSKY.PL Sklep z Dronami","description":"System myj\u0105cy do drona - Wisson Orion AP3-P1 - \u2705 sklep z dronami i fachowym doradztwem. \u2705 Tutaj kupisz produkty DJI, Yuneec, Parrot, Syma i wiele innych, a tak\u017ce kursy i licencje na operatora drona.","robots":{"index":"index","follow":"follow","max-snippet":"max-snippet:-1","max-image-preview":"max-image-preview:large","max-video-preview":"max-video-preview:-1"},"canonical":"https:\/\/ironsky.pl\/sklep\/produkt\/wisson-orion-ap3-p1\/","og_locale":"pl_PL","og_type":"article","og_title":"System myj\u0105cy do drona - Wisson Orion AP3-P1 - IRONSKY.PL Sklep z Dronami","og_description":"System myj\u0105cy do drona - Wisson Orion AP3-P1 - \u2705 sklep z dronami i fachowym doradztwem. \u2705 Tutaj kupisz produkty DJI, Yuneec, Parrot, Syma i wiele innych, a tak\u017ce kursy i licencje na operatora drona.","og_url":"https:\/\/ironsky.pl\/sklep\/produkt\/wisson-orion-ap3-p1\/","og_site_name":"IRONSKY.PL Sklep z Dronami","article_modified_time":"2026-03-05T14:55:59+00:00","og_image":[{"width":800,"height":800,"url":"https:\/\/ironsky.pl\/sklep\/wp-content\/uploads\/2025\/04\/47758_2.jpg","type":"image\/jpeg"}],"twitter_card":"summary_large_image","twitter_misc":{"Szacowany czas czytania":"2 minuty"},"schema":{"@context":"https:\/\/schema.org","@graph":[{"@type":"WebPage","@id":"https:\/\/ironsky.pl\/sklep\/produkt\/wisson-orion-ap3-p1\/","url":"https:\/\/ironsky.pl\/sklep\/produkt\/wisson-orion-ap3-p1\/","name":"System myj\u0105cy do drona - Wisson Orion AP3-P1 - IRONSKY.PL Sklep z Dronami","isPartOf":{"@id":"https:\/\/ironsky.pl\/sklep\/#website"},"primaryImageOfPage":{"@id":"https:\/\/ironsky.pl\/sklep\/produkt\/wisson-orion-ap3-p1\/#primaryimage"},"image":{"@id":"https:\/\/ironsky.pl\/sklep\/produkt\/wisson-orion-ap3-p1\/#primaryimage"},"thumbnailUrl":"https:\/\/ironsky.pl\/sklep\/wp-content\/uploads\/2025\/04\/47758_2.jpg","datePublished":"2025-04-01T11:56:10+00:00","dateModified":"2026-03-05T14:55:59+00:00","description":"System myj\u0105cy do drona - Wisson Orion AP3-P1 - \u2705 sklep z dronami i fachowym doradztwem. \u2705 Tutaj kupisz produkty DJI, Yuneec, Parrot, Syma i wiele innych, a tak\u017ce kursy i licencje na operatora drona.","breadcrumb":{"@id":"https:\/\/ironsky.pl\/sklep\/produkt\/wisson-orion-ap3-p1\/#breadcrumb"},"inLanguage":"pl-PL","potentialAction":[{"@type":"ReadAction","target":["https:\/\/ironsky.pl\/sklep\/produkt\/wisson-orion-ap3-p1\/"]}]},{"@type":"ImageObject","inLanguage":"pl-PL","@id":"https:\/\/ironsky.pl\/sklep\/produkt\/wisson-orion-ap3-p1\/#primaryimage","url":"https:\/\/ironsky.pl\/sklep\/wp-content\/uploads\/2025\/04\/47758_2.jpg","contentUrl":"https:\/\/ironsky.pl\/sklep\/wp-content\/uploads\/2025\/04\/47758_2.jpg","width":800,"height":800},{"@type":"BreadcrumbList","@id":"https:\/\/ironsky.pl\/sklep\/produkt\/wisson-orion-ap3-p1\/#breadcrumb","itemListElement":[{"@type":"ListItem","position":1,"name":"Strona g\u0142\u00f3wna","item":"https:\/\/ironsky.pl\/sklep\/"},{"@type":"ListItem","position":2,"name":"Wszystkie produkty","item":"https:\/\/ironsky.pl\/sklep\/sklep\/"},{"@type":"ListItem","position":3,"name":"System myj\u0105cy do drona &#8211; Wisson Orion AP3-P1"}]},{"@type":"WebSite","@id":"https:\/\/ironsky.pl\/sklep\/#website","url":"https:\/\/ironsky.pl\/sklep\/","name":"IRONSKY.PL Sklep z Dronami","description":"IRONSKY.PL Sklep z Dronami","potentialAction":[{"@type":"SearchAction","target":{"@type":"EntryPoint","urlTemplate":"https:\/\/ironsky.pl\/sklep\/?s={search_term_string}"},"query-input":{"@type":"PropertyValueSpecification","valueRequired":true,"valueName":"search_term_string"}}],"inLanguage":"pl-PL"}]}},"_links":{"self":[{"href":"https:\/\/ironsky.pl\/sklep\/wp-json\/wp\/v2\/product\/39439","targetHints":{"allow":["GET"]}}],"collection":[{"href":"https:\/\/ironsky.pl\/sklep\/wp-json\/wp\/v2\/product"}],"about":[{"href":"https:\/\/ironsky.pl\/sklep\/wp-json\/wp\/v2\/types\/product"}],"replies":[{"embeddable":true,"href":"https:\/\/ironsky.pl\/sklep\/wp-json\/wp\/v2\/comments?post=39439"}],"wp:featuredmedia":[{"embeddable":true,"href":"https:\/\/ironsky.pl\/sklep\/wp-json\/wp\/v2\/media\/39440"}],"wp:attachment":[{"href":"https:\/\/ironsky.pl\/sklep\/wp-json\/wp\/v2\/media?parent=39439"}],"wp:term":[{"taxonomy":"product_brand","embeddable":true,"href":"https:\/\/ironsky.pl\/sklep\/wp-json\/wp\/v2\/product_brand?post=39439"},{"taxonomy":"product_cat","embeddable":true,"href":"https:\/\/ironsky.pl\/sklep\/wp-json\/wp\/v2\/product_cat?post=39439"},{"taxonomy":"product_tag","embeddable":true,"href":"https:\/\/ironsky.pl\/sklep\/wp-json\/wp\/v2\/product_tag?post=39439"}],"curies":[{"name":"wp","href":"https:\/\/api.w.org\/{rel}","templated":true}]}}