{"id":39435,"date":"2025-04-01T13:56:07","date_gmt":"2025-04-01T11:56:07","guid":{"rendered":"https:\/\/ironsky.pl\/drony-sklep\/produkt\/wisson-orion-ap3-p3-light\/"},"modified":"2026-03-05T15:55:59","modified_gmt":"2026-03-05T14:55:59","slug":"wisson-orion-ap3-p3-light","status":"publish","type":"product","link":"https:\/\/ironsky.pl\/sklep\/produkt\/wisson-orion-ap3-p3-light\/","title":{"rendered":"System myj\u0105cy do drona &#8211; Wisson Orion AP3-P3 Light"},"content":{"rendered":"<h3>Wisson Orion AP3-P3<\/h3>\n<p>Orion AP3-P3 Lotniczy System Czyszczenia na Uwi\u0119zi jest kompatybilny z dronami o ud\u017awigu 3-10 kg, Oferuje wydajne i wszechstronne rozwi\u0105zanie do czyszczenia pod wysokim ci\u015bnieniem w r\u00f3\u017cnych sytuacjach, w tym fasad budynk\u00f3w, paneli s\u0142onecznych, ci\u0105g\u00f3w izolator\u00f3w oraz wysokich konstrukcji.<\/p>\n<p><img decoding=\"async\" src=\"\/data\/include\/cms\/wisson\/20240829-143006.png\" alt=\"\" width=\"1709\" height=\"1068\" border=\"0\" \/><\/p>\n<h3>Oferuje Ci\u0105g\u0142o\u015b\u0107 Operacyjna oraz Szybkie i\u00a0Dok\u0142adne Mycie Ci\u015bnieniowe<\/h3>\n<p>Przez zastosowanie uwi\u0119zi, ciecz jest stale dostarczana\u00a0do urz\u0105dzenia co gwarantuje d\u0142ugotrwa\u0142a i ci\u0105g\u0142\u0105 prac\u0119. W po\u0142\u0105czeniu z du\u017cym ci\u015bnieniem 13mpa oraz elastycznym gimbalem o szerokim zakresie ruchu i wymiennych modu\u0142owych dyszach Orion AP3-P3 gwarantuje wydajno\u015b\u0107 na poziomie\u00a0600 m\u00b2\/h.<\/p>\n<p><img decoding=\"async\" src=\"\/data\/include\/cms\/wisson\/20240829-142958.png\" alt=\"\" width=\"1795\" height=\"1122\" border=\"0\" \/><\/p>\n<div class=\"table-wrapper\">\n<table style=\"height: 23px;\" width=\"1133\">\n<tbody>\n<tr>\n<td><strong>Wymiary<\/strong><\/td>\n<td>936x146x192mm<\/td>\n<\/tr>\n<tr>\n<td><strong>Waga<\/strong><\/td>\n<td>1.3kg<\/td>\n<\/tr>\n<tr>\n<td><strong>Maksymalna d\u0142ugo\u015b\u0107 w\u0119\u017ca<\/strong><\/td>\n<td>100m<\/td>\n<\/tr>\n<tr>\n<td><strong>Maksymalne ci\u015bnienie<\/strong><\/td>\n<td>13MPa<\/td>\n<\/tr>\n<tr>\n<td><strong>Zakres rotacyjny\u00a0<\/strong><\/td>\n<td>+10~-50 (G\u00f3ra\/D\u00f3\u0142)<\/td>\n<\/tr>\n<tr>\n<td><strong>Czas instalacji<\/strong><\/td>\n<td>1min<\/td>\n<\/tr>\n<tr>\n<td><strong>Stopie\u0144 ochrony IP<\/strong><\/td>\n<td>IP55<\/td>\n<\/tr>\n<tr>\n<td><strong>Odporno\u015b\u0107 na wiatr<\/strong><\/td>\n<td>6m\/s<\/td>\n<\/tr>\n<tr>\n<td><strong>Maksymalna pr\u0119dko\u015b\u0107<\/strong><\/td>\n<td>10m\/s<\/td>\n<\/tr>\n<tr>\n<td><strong>Maksymalna wysoko\u015b\u0107 pracy<\/strong><\/td>\n<td>45m<\/td>\n<\/tr>\n<tr>\n<td><strong>Czas operacyjny na jednym zastawie baterii<\/strong><\/td>\n<td>20min<\/td>\n<\/tr>\n<tr>\n<td><strong>Temperatura pracy<\/strong><\/td>\n<td>0~50\u00b0C<\/td>\n<\/tr>\n<\/tbody>\n<\/table>\n<\/div>\n<h3><\/h3>\n","protected":false},"excerpt":{"rendered":"<p>Wisson Orion AP3-P3 Orion AP3-P3 Lotniczy System Czyszczenia na Uwi\u0119zi jest kompatybilny z dronami o ud\u017awigu 3-10 kg, Oferuje wydajne<\/p>\n","protected":false},"featured_media":39436,"comment_status":"closed","ping_status":"closed","template":"","meta":{"_acf_changed":false},"product_brand":[],"product_cat":[1088,6063,1105],"product_tag":[],"class_list":{"0":"post-39435","1":"product","2":"type-product","3":"status-publish","4":"has-post-thumbnail","6":"product_cat-drony","7":"product_cat-myjace","8":"product_cat-przemyslowe","9":"pa_producent-wisson-robotics","11":"first","12":"outofstock","13":"taxable","14":"shipping-taxable","15":"purchasable","16":"product-type-simple"},"acf":[],"yoast_head":"<!-- This site is optimized with the Yoast SEO plugin v27.2 - https:\/\/yoast.com\/product\/yoast-seo-wordpress\/ -->\n<title>System myj\u0105cy do drona - Wisson Orion AP3-P3 Light - IRONSKY.PL Sklep z Dronami<\/title>\n<meta name=\"description\" content=\"System myj\u0105cy do drona - Wisson Orion AP3-P3 Light - \u2705 sklep z dronami i fachowym doradztwem. \u2705 Tutaj kupisz produkty DJI, Yuneec, Parrot, Syma i wiele innych, a tak\u017ce kursy i licencje na operatora drona.\" \/>\n<meta name=\"robots\" content=\"index, follow, max-snippet:-1, max-image-preview:large, max-video-preview:-1\" \/>\n<link rel=\"canonical\" href=\"https:\/\/ironsky.pl\/sklep\/produkt\/wisson-orion-ap3-p3-light\/\" \/>\n<meta property=\"og:locale\" content=\"pl_PL\" \/>\n<meta property=\"og:type\" content=\"article\" \/>\n<meta property=\"og:title\" content=\"System myj\u0105cy do drona - Wisson Orion AP3-P3 Light - IRONSKY.PL Sklep z Dronami\" \/>\n<meta property=\"og:description\" content=\"System myj\u0105cy do drona - Wisson Orion AP3-P3 Light - \u2705 sklep z dronami i fachowym doradztwem. \u2705 Tutaj kupisz produkty DJI, Yuneec, Parrot, Syma i wiele innych, a tak\u017ce kursy i licencje na operatora drona.\" \/>\n<meta property=\"og:url\" content=\"https:\/\/ironsky.pl\/sklep\/produkt\/wisson-orion-ap3-p3-light\/\" \/>\n<meta property=\"og:site_name\" content=\"IRONSKY.PL Sklep z Dronami\" \/>\n<meta property=\"article:modified_time\" content=\"2026-03-05T14:55:59+00:00\" \/>\n<meta property=\"og:image\" content=\"https:\/\/ironsky.pl\/sklep\/wp-content\/uploads\/2025\/04\/47757_3.jpg\" \/>\n\t<meta property=\"og:image:width\" content=\"800\" \/>\n\t<meta property=\"og:image:height\" content=\"800\" \/>\n\t<meta property=\"og:image:type\" content=\"image\/jpeg\" \/>\n<meta name=\"twitter:card\" content=\"summary_large_image\" \/>\n<meta name=\"twitter:label1\" content=\"Szacowany czas czytania\" \/>\n\t<meta name=\"twitter:data1\" content=\"2 minuty\" \/>\n<script type=\"application\/ld+json\" class=\"yoast-schema-graph\">{\"@context\":\"https:\/\/schema.org\",\"@graph\":[{\"@type\":\"WebPage\",\"@id\":\"https:\/\/ironsky.pl\/sklep\/produkt\/wisson-orion-ap3-p3-light\/\",\"url\":\"https:\/\/ironsky.pl\/sklep\/produkt\/wisson-orion-ap3-p3-light\/\",\"name\":\"System myj\u0105cy do drona - Wisson Orion AP3-P3 Light - IRONSKY.PL Sklep z Dronami\",\"isPartOf\":{\"@id\":\"https:\/\/ironsky.pl\/sklep\/#website\"},\"primaryImageOfPage\":{\"@id\":\"https:\/\/ironsky.pl\/sklep\/produkt\/wisson-orion-ap3-p3-light\/#primaryimage\"},\"image\":{\"@id\":\"https:\/\/ironsky.pl\/sklep\/produkt\/wisson-orion-ap3-p3-light\/#primaryimage\"},\"thumbnailUrl\":\"https:\/\/ironsky.pl\/sklep\/wp-content\/uploads\/2025\/04\/47757_3.jpg\",\"datePublished\":\"2025-04-01T11:56:07+00:00\",\"dateModified\":\"2026-03-05T14:55:59+00:00\",\"description\":\"System myj\u0105cy do drona - Wisson Orion AP3-P3 Light - \u2705 sklep z dronami i fachowym doradztwem. \u2705 Tutaj kupisz produkty DJI, Yuneec, Parrot, Syma i wiele innych, a tak\u017ce kursy i licencje na operatora drona.\",\"breadcrumb\":{\"@id\":\"https:\/\/ironsky.pl\/sklep\/produkt\/wisson-orion-ap3-p3-light\/#breadcrumb\"},\"inLanguage\":\"pl-PL\",\"potentialAction\":[{\"@type\":\"ReadAction\",\"target\":[\"https:\/\/ironsky.pl\/sklep\/produkt\/wisson-orion-ap3-p3-light\/\"]}]},{\"@type\":\"ImageObject\",\"inLanguage\":\"pl-PL\",\"@id\":\"https:\/\/ironsky.pl\/sklep\/produkt\/wisson-orion-ap3-p3-light\/#primaryimage\",\"url\":\"https:\/\/ironsky.pl\/sklep\/wp-content\/uploads\/2025\/04\/47757_3.jpg\",\"contentUrl\":\"https:\/\/ironsky.pl\/sklep\/wp-content\/uploads\/2025\/04\/47757_3.jpg\",\"width\":800,\"height\":800},{\"@type\":\"BreadcrumbList\",\"@id\":\"https:\/\/ironsky.pl\/sklep\/produkt\/wisson-orion-ap3-p3-light\/#breadcrumb\",\"itemListElement\":[{\"@type\":\"ListItem\",\"position\":1,\"name\":\"Strona g\u0142\u00f3wna\",\"item\":\"https:\/\/ironsky.pl\/sklep\/\"},{\"@type\":\"ListItem\",\"position\":2,\"name\":\"Wszystkie produkty\",\"item\":\"https:\/\/ironsky.pl\/sklep\/sklep\/\"},{\"@type\":\"ListItem\",\"position\":3,\"name\":\"System myj\u0105cy do drona &#8211; Wisson Orion AP3-P3 Light\"}]},{\"@type\":\"WebSite\",\"@id\":\"https:\/\/ironsky.pl\/sklep\/#website\",\"url\":\"https:\/\/ironsky.pl\/sklep\/\",\"name\":\"IRONSKY.PL Sklep z Dronami\",\"description\":\"IRONSKY.PL Sklep z Dronami\",\"potentialAction\":[{\"@type\":\"SearchAction\",\"target\":{\"@type\":\"EntryPoint\",\"urlTemplate\":\"https:\/\/ironsky.pl\/sklep\/?s={search_term_string}\"},\"query-input\":{\"@type\":\"PropertyValueSpecification\",\"valueRequired\":true,\"valueName\":\"search_term_string\"}}],\"inLanguage\":\"pl-PL\"}]}<\/script>\n<!-- \/ Yoast SEO plugin. -->","yoast_head_json":{"title":"System myj\u0105cy do drona - Wisson Orion AP3-P3 Light - IRONSKY.PL Sklep z Dronami","description":"System myj\u0105cy do drona - Wisson Orion AP3-P3 Light - \u2705 sklep z dronami i fachowym doradztwem. \u2705 Tutaj kupisz produkty DJI, Yuneec, Parrot, Syma i wiele innych, a tak\u017ce kursy i licencje na operatora drona.","robots":{"index":"index","follow":"follow","max-snippet":"max-snippet:-1","max-image-preview":"max-image-preview:large","max-video-preview":"max-video-preview:-1"},"canonical":"https:\/\/ironsky.pl\/sklep\/produkt\/wisson-orion-ap3-p3-light\/","og_locale":"pl_PL","og_type":"article","og_title":"System myj\u0105cy do drona - Wisson Orion AP3-P3 Light - IRONSKY.PL Sklep z Dronami","og_description":"System myj\u0105cy do drona - Wisson Orion AP3-P3 Light - \u2705 sklep z dronami i fachowym doradztwem. \u2705 Tutaj kupisz produkty DJI, Yuneec, Parrot, Syma i wiele innych, a tak\u017ce kursy i licencje na operatora drona.","og_url":"https:\/\/ironsky.pl\/sklep\/produkt\/wisson-orion-ap3-p3-light\/","og_site_name":"IRONSKY.PL Sklep z Dronami","article_modified_time":"2026-03-05T14:55:59+00:00","og_image":[{"width":800,"height":800,"url":"https:\/\/ironsky.pl\/sklep\/wp-content\/uploads\/2025\/04\/47757_3.jpg","type":"image\/jpeg"}],"twitter_card":"summary_large_image","twitter_misc":{"Szacowany czas czytania":"2 minuty"},"schema":{"@context":"https:\/\/schema.org","@graph":[{"@type":"WebPage","@id":"https:\/\/ironsky.pl\/sklep\/produkt\/wisson-orion-ap3-p3-light\/","url":"https:\/\/ironsky.pl\/sklep\/produkt\/wisson-orion-ap3-p3-light\/","name":"System myj\u0105cy do drona - Wisson Orion AP3-P3 Light - IRONSKY.PL Sklep z Dronami","isPartOf":{"@id":"https:\/\/ironsky.pl\/sklep\/#website"},"primaryImageOfPage":{"@id":"https:\/\/ironsky.pl\/sklep\/produkt\/wisson-orion-ap3-p3-light\/#primaryimage"},"image":{"@id":"https:\/\/ironsky.pl\/sklep\/produkt\/wisson-orion-ap3-p3-light\/#primaryimage"},"thumbnailUrl":"https:\/\/ironsky.pl\/sklep\/wp-content\/uploads\/2025\/04\/47757_3.jpg","datePublished":"2025-04-01T11:56:07+00:00","dateModified":"2026-03-05T14:55:59+00:00","description":"System myj\u0105cy do drona - Wisson Orion AP3-P3 Light - \u2705 sklep z dronami i fachowym doradztwem. \u2705 Tutaj kupisz produkty DJI, Yuneec, Parrot, Syma i wiele innych, a tak\u017ce kursy i licencje na operatora drona.","breadcrumb":{"@id":"https:\/\/ironsky.pl\/sklep\/produkt\/wisson-orion-ap3-p3-light\/#breadcrumb"},"inLanguage":"pl-PL","potentialAction":[{"@type":"ReadAction","target":["https:\/\/ironsky.pl\/sklep\/produkt\/wisson-orion-ap3-p3-light\/"]}]},{"@type":"ImageObject","inLanguage":"pl-PL","@id":"https:\/\/ironsky.pl\/sklep\/produkt\/wisson-orion-ap3-p3-light\/#primaryimage","url":"https:\/\/ironsky.pl\/sklep\/wp-content\/uploads\/2025\/04\/47757_3.jpg","contentUrl":"https:\/\/ironsky.pl\/sklep\/wp-content\/uploads\/2025\/04\/47757_3.jpg","width":800,"height":800},{"@type":"BreadcrumbList","@id":"https:\/\/ironsky.pl\/sklep\/produkt\/wisson-orion-ap3-p3-light\/#breadcrumb","itemListElement":[{"@type":"ListItem","position":1,"name":"Strona g\u0142\u00f3wna","item":"https:\/\/ironsky.pl\/sklep\/"},{"@type":"ListItem","position":2,"name":"Wszystkie produkty","item":"https:\/\/ironsky.pl\/sklep\/sklep\/"},{"@type":"ListItem","position":3,"name":"System myj\u0105cy do drona &#8211; Wisson Orion AP3-P3 Light"}]},{"@type":"WebSite","@id":"https:\/\/ironsky.pl\/sklep\/#website","url":"https:\/\/ironsky.pl\/sklep\/","name":"IRONSKY.PL Sklep z Dronami","description":"IRONSKY.PL Sklep z Dronami","potentialAction":[{"@type":"SearchAction","target":{"@type":"EntryPoint","urlTemplate":"https:\/\/ironsky.pl\/sklep\/?s={search_term_string}"},"query-input":{"@type":"PropertyValueSpecification","valueRequired":true,"valueName":"search_term_string"}}],"inLanguage":"pl-PL"}]}},"_links":{"self":[{"href":"https:\/\/ironsky.pl\/sklep\/wp-json\/wp\/v2\/product\/39435","targetHints":{"allow":["GET"]}}],"collection":[{"href":"https:\/\/ironsky.pl\/sklep\/wp-json\/wp\/v2\/product"}],"about":[{"href":"https:\/\/ironsky.pl\/sklep\/wp-json\/wp\/v2\/types\/product"}],"replies":[{"embeddable":true,"href":"https:\/\/ironsky.pl\/sklep\/wp-json\/wp\/v2\/comments?post=39435"}],"wp:featuredmedia":[{"embeddable":true,"href":"https:\/\/ironsky.pl\/sklep\/wp-json\/wp\/v2\/media\/39436"}],"wp:attachment":[{"href":"https:\/\/ironsky.pl\/sklep\/wp-json\/wp\/v2\/media?parent=39435"}],"wp:term":[{"taxonomy":"product_brand","embeddable":true,"href":"https:\/\/ironsky.pl\/sklep\/wp-json\/wp\/v2\/product_brand?post=39435"},{"taxonomy":"product_cat","embeddable":true,"href":"https:\/\/ironsky.pl\/sklep\/wp-json\/wp\/v2\/product_cat?post=39435"},{"taxonomy":"product_tag","embeddable":true,"href":"https:\/\/ironsky.pl\/sklep\/wp-json\/wp\/v2\/product_tag?post=39435"}],"curies":[{"name":"wp","href":"https:\/\/api.w.org\/{rel}","templated":true}]}}