{"id":39023,"date":"2025-03-06T12:56:22","date_gmt":"2025-03-06T11:56:22","guid":{"rendered":"https:\/\/ironsky.pl\/drony-sklep\/produkt\/zestaw-do-montazu-insta360-na-rower\/"},"modified":"2026-03-05T15:55:50","modified_gmt":"2026-03-05T14:55:50","slug":"zestaw-do-montazu-insta360-na-rower","status":"publish","type":"product","link":"https:\/\/ironsky.pl\/sklep\/produkt\/zestaw-do-montazu-insta360-na-rower\/","title":{"rendered":"Zestaw do monta\u017cu Insta360 na rower"},"content":{"rendered":"<h3>Zestaw do monta\u017cu Insta360 na rower<\/h3>\n<p>Zestaw do monta\u017cu Insta360 na rower to idealne rozwi\u0105zanie dla rowerzyst\u00f3w, kt\u00f3rzy chc\u0105 uchwyci\u0107 dynamiczne uj\u0119cia podczas jazdy. Dzi\u0119ki mo\u017cliwo\u015bci monta\u017cu pod siode\u0142kiem lub na tyle roweru pozwala na rejestrowanie trasy z niecodziennych perspektyw.<\/p>\n<p>\n<img decoding=\"async\" src=\"https:\/\/assets.innpro.pl\/13169\/16120\/2.jpg\" border=\"0\" alt=\"\" \/>\n<\/p>\n<h3>Stabilno\u015b\u0107 i regulacja k\u0105ta uj\u0119cia<\/h3>\n<p>Nowa konstrukcja obejmuje podw\u00f3jne zaciski, kt\u00f3re zapewniaj\u0105 maksymaln\u0105 stabilno\u015b\u0107 nawet na nier\u00f3wnych trasach. Inspiracja technologi\u0105 gimbali pozwala na p\u0142ynn\u0105 regulacj\u0119 k\u0105ta kamery, co umo\u017cliwia precyzyjne dostosowanie uj\u0119cia do Twoich potrzeb.<\/p>\n<p>\n<img decoding=\"async\" src=\"https:\/\/assets.innpro.pl\/13169\/16120\/3.jpg\" border=\"0\" alt=\"\" \/>\n<\/p>\n<h3>Uniwersalno\u015b\u0107 i solidna konstrukcja<\/h3>\n<p>Zestaw jest przeznaczony do rower\u00f3w szosowych i oferuje kilka punkt\u00f3w mocowania, co zwi\u0119ksza elastyczno\u015b\u0107 u\u017cytkowania. Kompatybilno\u015b\u0107 z mocowaniem na szyn\u0119 siode\u0142ka Insta360 umo\u017cliwia szybkie prze\u0142\u0105czanie mi\u0119dzy r\u00f3\u017cnymi konfiguracjami nagrywania.<\/p>\n<p>\n<img decoding=\"async\" src=\"https:\/\/assets.innpro.pl\/13169\/16120\/1.jpg\" border=\"0\" alt=\"\" \/>\n<\/p>\n<h3>W zestawie<\/h3>\n<ul class=\"list-disc pl-5\">\n<li>G\u0142\u00f3wny zacisk uchwytu na rower<\/li>\n<li>Uchwyt mocuj\u0105cy A<\/li>\n<li>Uchwyt mocuj\u0105cy B<\/li>\n<li>Zacisk wspieraj\u0105cy<\/li>\n<li>\u015aruba M5 55 mm x2<\/li>\n<li>\u015aruba M5 44 mm x2<\/li>\n<li>Silikonowa podk\u0142adka x2<\/li>\n<li>Zacisk na szyn\u0119 siode\u0142ka rowerowego<\/li>\n<li>Uchwyt zaciskowy na szyn\u0119 siode\u0142ka<\/li>\n<li>\u015aruba M4 16 mm x2<\/li>\n<li>Adapter 1\/4&#8243; na 2 bolce (ulepszony)<\/li>\n<li>\u015aruba motylkowa x2<\/li>\n<li>Klucz imbusowy<\/li>\n<li>Antypo\u015blizgowy pier\u015bcie\u0144 x4<\/li>\n<\/ul>\n<div class=\"table-wrapper\">\n<p>\u00a0<\/p>\n<h3><\/h3>\n<table>\n<tbody>\n<tr>\n<th>Producent<\/th>\n<td>Insta360<\/td>\n<\/tr>\n<tr>\n<th>Nazwa<\/th>\n<td>Bike Tail Mount Kit<\/td>\n<\/tr>\n<tr>\n<th>Model<\/th>\n<td>CINSBAVP<\/td>\n<\/tr>\n<tr>\n<th>Materia\u0142<\/th>\n<td>Stop aluminium, plastik, silikon<\/td>\n<\/tr>\n<tr>\n<th>Waga<\/th>\n<td>458 g<\/td>\n<\/tr>\n<tr>\n<th>Kompatybilno\u015b\u0107<\/th>\n<td>Insta360 Ace Pro 2, X4, GO 3S, Insta360 Ace Pro, Insta360 Ace, GO 3, X3, ONE RS (Twin\/4K), GO 2, ONE X2, ONE R, ONE X<\/td>\n<\/tr>\n<\/tbody>\n<\/table>\n<\/div>\n","protected":false},"excerpt":{"rendered":"<p>Zestaw do monta\u017cu Insta360 na rower Zestaw do monta\u017cu Insta360 na rower to idealne rozwi\u0105zanie dla rowerzyst\u00f3w, kt\u00f3rzy chc\u0105 uchwyci\u0107<\/p>\n","protected":false},"featured_media":39024,"comment_status":"closed","ping_status":"open","template":"","meta":{"_acf_changed":false},"product_brand":[],"product_cat":[1130,1137,1128],"product_tag":[],"class_list":{"0":"post-39023","1":"product","2":"type-product","3":"status-publish","4":"has-post-thumbnail","6":"product_cat-akcesoria-foto","7":"product_cat-do-kamer-sportowych","8":"product_cat-foto-wideo","9":"pa_okres-gwarancji-5757","10":"pa_producent-insta360","12":"first","13":"outofstock","14":"taxable","15":"shipping-taxable","16":"purchasable","17":"product-type-simple"},"acf":[],"yoast_head":"<!-- This site is optimized with the Yoast SEO plugin v27.2 - https:\/\/yoast.com\/product\/yoast-seo-wordpress\/ -->\n<title>Zestaw do monta\u017cu Insta360 na rower - IRONSKY.PL Sklep z Dronami<\/title>\n<meta name=\"description\" content=\"Zestaw do monta\u017cu Insta360 na rower - \u2705 sklep z dronami i fachowym doradztwem. \u2705 Tutaj kupisz produkty DJI, Yuneec, Parrot, Syma i wiele innych, a tak\u017ce kursy i licencje na operatora drona.\" \/>\n<meta name=\"robots\" content=\"index, follow, max-snippet:-1, max-image-preview:large, max-video-preview:-1\" \/>\n<link rel=\"canonical\" href=\"https:\/\/ironsky.pl\/sklep\/produkt\/zestaw-do-montazu-insta360-na-rower\/\" \/>\n<meta property=\"og:locale\" content=\"pl_PL\" \/>\n<meta property=\"og:type\" content=\"article\" \/>\n<meta property=\"og:title\" content=\"Zestaw do monta\u017cu Insta360 na rower - IRONSKY.PL Sklep z Dronami\" \/>\n<meta property=\"og:description\" content=\"Zestaw do monta\u017cu Insta360 na rower - \u2705 sklep z dronami i fachowym doradztwem. \u2705 Tutaj kupisz produkty DJI, Yuneec, Parrot, Syma i wiele innych, a tak\u017ce kursy i licencje na operatora drona.\" \/>\n<meta property=\"og:url\" content=\"https:\/\/ironsky.pl\/sklep\/produkt\/zestaw-do-montazu-insta360-na-rower\/\" \/>\n<meta property=\"og:site_name\" content=\"IRONSKY.PL Sklep z Dronami\" \/>\n<meta property=\"article:modified_time\" content=\"2026-03-05T14:55:50+00:00\" \/>\n<meta property=\"og:image\" content=\"https:\/\/ironsky.pl\/sklep\/wp-content\/uploads\/2025\/03\/50845_1.jpg\" \/>\n\t<meta property=\"og:image:width\" content=\"800\" \/>\n\t<meta property=\"og:image:height\" content=\"800\" \/>\n\t<meta property=\"og:image:type\" content=\"image\/jpeg\" \/>\n<meta name=\"twitter:card\" content=\"summary_large_image\" \/>\n<meta name=\"twitter:label1\" content=\"Szacowany czas czytania\" \/>\n\t<meta name=\"twitter:data1\" content=\"1 minuta\" \/>\n<script type=\"application\/ld+json\" class=\"yoast-schema-graph\">{\"@context\":\"https:\/\/schema.org\",\"@graph\":[{\"@type\":\"WebPage\",\"@id\":\"https:\/\/ironsky.pl\/sklep\/produkt\/zestaw-do-montazu-insta360-na-rower\/\",\"url\":\"https:\/\/ironsky.pl\/sklep\/produkt\/zestaw-do-montazu-insta360-na-rower\/\",\"name\":\"Zestaw do monta\u017cu Insta360 na rower - IRONSKY.PL Sklep z Dronami\",\"isPartOf\":{\"@id\":\"https:\/\/ironsky.pl\/sklep\/#website\"},\"primaryImageOfPage\":{\"@id\":\"https:\/\/ironsky.pl\/sklep\/produkt\/zestaw-do-montazu-insta360-na-rower\/#primaryimage\"},\"image\":{\"@id\":\"https:\/\/ironsky.pl\/sklep\/produkt\/zestaw-do-montazu-insta360-na-rower\/#primaryimage\"},\"thumbnailUrl\":\"https:\/\/ironsky.pl\/sklep\/wp-content\/uploads\/2025\/03\/50845_1.jpg\",\"datePublished\":\"2025-03-06T11:56:22+00:00\",\"dateModified\":\"2026-03-05T14:55:50+00:00\",\"description\":\"Zestaw do monta\u017cu Insta360 na rower - \u2705 sklep z dronami i fachowym doradztwem. \u2705 Tutaj kupisz produkty DJI, Yuneec, Parrot, Syma i wiele innych, a tak\u017ce kursy i licencje na operatora drona.\",\"breadcrumb\":{\"@id\":\"https:\/\/ironsky.pl\/sklep\/produkt\/zestaw-do-montazu-insta360-na-rower\/#breadcrumb\"},\"inLanguage\":\"pl-PL\",\"potentialAction\":[{\"@type\":\"ReadAction\",\"target\":[\"https:\/\/ironsky.pl\/sklep\/produkt\/zestaw-do-montazu-insta360-na-rower\/\"]}]},{\"@type\":\"ImageObject\",\"inLanguage\":\"pl-PL\",\"@id\":\"https:\/\/ironsky.pl\/sklep\/produkt\/zestaw-do-montazu-insta360-na-rower\/#primaryimage\",\"url\":\"https:\/\/ironsky.pl\/sklep\/wp-content\/uploads\/2025\/03\/50845_1.jpg\",\"contentUrl\":\"https:\/\/ironsky.pl\/sklep\/wp-content\/uploads\/2025\/03\/50845_1.jpg\",\"width\":800,\"height\":800},{\"@type\":\"BreadcrumbList\",\"@id\":\"https:\/\/ironsky.pl\/sklep\/produkt\/zestaw-do-montazu-insta360-na-rower\/#breadcrumb\",\"itemListElement\":[{\"@type\":\"ListItem\",\"position\":1,\"name\":\"Strona g\u0142\u00f3wna\",\"item\":\"https:\/\/ironsky.pl\/sklep\/\"},{\"@type\":\"ListItem\",\"position\":2,\"name\":\"Wszystkie produkty\",\"item\":\"https:\/\/ironsky.pl\/sklep\/produkty\/\"},{\"@type\":\"ListItem\",\"position\":3,\"name\":\"Zestaw do monta\u017cu Insta360 na rower\"}]},{\"@type\":\"WebSite\",\"@id\":\"https:\/\/ironsky.pl\/sklep\/#website\",\"url\":\"https:\/\/ironsky.pl\/sklep\/\",\"name\":\"IRONSKY.PL Sklep z Dronami\",\"description\":\"IRONSKY.PL Sklep z Dronami\",\"potentialAction\":[{\"@type\":\"SearchAction\",\"target\":{\"@type\":\"EntryPoint\",\"urlTemplate\":\"https:\/\/ironsky.pl\/sklep\/?s={search_term_string}\"},\"query-input\":{\"@type\":\"PropertyValueSpecification\",\"valueRequired\":true,\"valueName\":\"search_term_string\"}}],\"inLanguage\":\"pl-PL\"}]}<\/script>\n<!-- \/ Yoast SEO plugin. -->","yoast_head_json":{"title":"Zestaw do monta\u017cu Insta360 na rower - IRONSKY.PL Sklep z Dronami","description":"Zestaw do monta\u017cu Insta360 na rower - \u2705 sklep z dronami i fachowym doradztwem. \u2705 Tutaj kupisz produkty DJI, Yuneec, Parrot, Syma i wiele innych, a tak\u017ce kursy i licencje na operatora drona.","robots":{"index":"index","follow":"follow","max-snippet":"max-snippet:-1","max-image-preview":"max-image-preview:large","max-video-preview":"max-video-preview:-1"},"canonical":"https:\/\/ironsky.pl\/sklep\/produkt\/zestaw-do-montazu-insta360-na-rower\/","og_locale":"pl_PL","og_type":"article","og_title":"Zestaw do monta\u017cu Insta360 na rower - IRONSKY.PL Sklep z Dronami","og_description":"Zestaw do monta\u017cu Insta360 na rower - \u2705 sklep z dronami i fachowym doradztwem. \u2705 Tutaj kupisz produkty DJI, Yuneec, Parrot, Syma i wiele innych, a tak\u017ce kursy i licencje na operatora drona.","og_url":"https:\/\/ironsky.pl\/sklep\/produkt\/zestaw-do-montazu-insta360-na-rower\/","og_site_name":"IRONSKY.PL Sklep z Dronami","article_modified_time":"2026-03-05T14:55:50+00:00","og_image":[{"width":800,"height":800,"url":"https:\/\/ironsky.pl\/sklep\/wp-content\/uploads\/2025\/03\/50845_1.jpg","type":"image\/jpeg"}],"twitter_card":"summary_large_image","twitter_misc":{"Szacowany czas czytania":"1 minuta"},"schema":{"@context":"https:\/\/schema.org","@graph":[{"@type":"WebPage","@id":"https:\/\/ironsky.pl\/sklep\/produkt\/zestaw-do-montazu-insta360-na-rower\/","url":"https:\/\/ironsky.pl\/sklep\/produkt\/zestaw-do-montazu-insta360-na-rower\/","name":"Zestaw do monta\u017cu Insta360 na rower - IRONSKY.PL Sklep z Dronami","isPartOf":{"@id":"https:\/\/ironsky.pl\/sklep\/#website"},"primaryImageOfPage":{"@id":"https:\/\/ironsky.pl\/sklep\/produkt\/zestaw-do-montazu-insta360-na-rower\/#primaryimage"},"image":{"@id":"https:\/\/ironsky.pl\/sklep\/produkt\/zestaw-do-montazu-insta360-na-rower\/#primaryimage"},"thumbnailUrl":"https:\/\/ironsky.pl\/sklep\/wp-content\/uploads\/2025\/03\/50845_1.jpg","datePublished":"2025-03-06T11:56:22+00:00","dateModified":"2026-03-05T14:55:50+00:00","description":"Zestaw do monta\u017cu Insta360 na rower - \u2705 sklep z dronami i fachowym doradztwem. \u2705 Tutaj kupisz produkty DJI, Yuneec, Parrot, Syma i wiele innych, a tak\u017ce kursy i licencje na operatora drona.","breadcrumb":{"@id":"https:\/\/ironsky.pl\/sklep\/produkt\/zestaw-do-montazu-insta360-na-rower\/#breadcrumb"},"inLanguage":"pl-PL","potentialAction":[{"@type":"ReadAction","target":["https:\/\/ironsky.pl\/sklep\/produkt\/zestaw-do-montazu-insta360-na-rower\/"]}]},{"@type":"ImageObject","inLanguage":"pl-PL","@id":"https:\/\/ironsky.pl\/sklep\/produkt\/zestaw-do-montazu-insta360-na-rower\/#primaryimage","url":"https:\/\/ironsky.pl\/sklep\/wp-content\/uploads\/2025\/03\/50845_1.jpg","contentUrl":"https:\/\/ironsky.pl\/sklep\/wp-content\/uploads\/2025\/03\/50845_1.jpg","width":800,"height":800},{"@type":"BreadcrumbList","@id":"https:\/\/ironsky.pl\/sklep\/produkt\/zestaw-do-montazu-insta360-na-rower\/#breadcrumb","itemListElement":[{"@type":"ListItem","position":1,"name":"Strona g\u0142\u00f3wna","item":"https:\/\/ironsky.pl\/sklep\/"},{"@type":"ListItem","position":2,"name":"Wszystkie produkty","item":"https:\/\/ironsky.pl\/sklep\/produkty\/"},{"@type":"ListItem","position":3,"name":"Zestaw do monta\u017cu Insta360 na rower"}]},{"@type":"WebSite","@id":"https:\/\/ironsky.pl\/sklep\/#website","url":"https:\/\/ironsky.pl\/sklep\/","name":"IRONSKY.PL Sklep z Dronami","description":"IRONSKY.PL Sklep z Dronami","potentialAction":[{"@type":"SearchAction","target":{"@type":"EntryPoint","urlTemplate":"https:\/\/ironsky.pl\/sklep\/?s={search_term_string}"},"query-input":{"@type":"PropertyValueSpecification","valueRequired":true,"valueName":"search_term_string"}}],"inLanguage":"pl-PL"}]}},"_links":{"self":[{"href":"https:\/\/ironsky.pl\/sklep\/wp-json\/wp\/v2\/product\/39023","targetHints":{"allow":["GET"]}}],"collection":[{"href":"https:\/\/ironsky.pl\/sklep\/wp-json\/wp\/v2\/product"}],"about":[{"href":"https:\/\/ironsky.pl\/sklep\/wp-json\/wp\/v2\/types\/product"}],"replies":[{"embeddable":true,"href":"https:\/\/ironsky.pl\/sklep\/wp-json\/wp\/v2\/comments?post=39023"}],"wp:featuredmedia":[{"embeddable":true,"href":"https:\/\/ironsky.pl\/sklep\/wp-json\/wp\/v2\/media\/39024"}],"wp:attachment":[{"href":"https:\/\/ironsky.pl\/sklep\/wp-json\/wp\/v2\/media?parent=39023"}],"wp:term":[{"taxonomy":"product_brand","embeddable":true,"href":"https:\/\/ironsky.pl\/sklep\/wp-json\/wp\/v2\/product_brand?post=39023"},{"taxonomy":"product_cat","embeddable":true,"href":"https:\/\/ironsky.pl\/sklep\/wp-json\/wp\/v2\/product_cat?post=39023"},{"taxonomy":"product_tag","embeddable":true,"href":"https:\/\/ironsky.pl\/sklep\/wp-json\/wp\/v2\/product_tag?post=39023"}],"curies":[{"name":"wp","href":"https:\/\/api.w.org\/{rel}","templated":true}]}}