{"id":38711,"date":"2025-02-18T10:59:22","date_gmt":"2025-02-18T09:59:22","guid":{"rendered":"https:\/\/ironsky.pl\/drony-sklep\/produkt\/ochrona-insta360-virtual-flexicare-do-ace-pro-kod-elektroniczny\/"},"modified":"2026-03-05T15:55:41","modified_gmt":"2026-03-05T14:55:41","slug":"ochrona-insta360-virtual-flexicare-do-ace-pro-kod-elektroniczny","status":"publish","type":"product","link":"https:\/\/ironsky.pl\/sklep\/produkt\/ochrona-insta360-virtual-flexicare-do-ace-pro-kod-elektroniczny\/","title":{"rendered":"Ochrona Insta360 Virtual FlexiCare do Ace Pro &#8211; kod elektroniczny"},"content":{"rendered":"<h3>Ochrona Insta360 Virtual FlexiCare do Ace Pro &#8211; kod elektroniczny<\/p>\n<p><span style=\"color: #ff0000;\">Po zakupie prosz\u0119 o umieszczenie w notatce informacji &#8222;Insta360 kod&#8221; w celu uzyskania kodu.<\/span><\/h3>\n<p>Nie martw si\u0119 o przypadkowe uszkodzenia \u2013 FlexiCare to gwarancja, \u017ce Twoja kamera Insta360 b\u0119dzie w pe\u0142ni zabezpieczona. FlexiCare to us\u0142uga, kt\u00f3ra zapewnia kompleksow\u0105 ochron\u0119 dla produkt\u00f3w Insta360. Oferuje mo\u017cliwo\u015b\u0107 wymiany kamery w przypadku przypadkowego uszkodzenia, takiego jak zalanie, p\u0119kni\u0119cie ekranu czy inne uszkodzenia wynikaj\u0105ce z normalnego u\u017cytkowania. FlexiCare zapewnia dwie wymiany w ci\u0105gu roku od daty aktywacji us\u0142ugi, a koszty zwi\u0105zane z wymian\u0105 s\u0105 znacznie ni\u017csze ni\u017c standardowe op\u0142aty za napraw\u0119.<\/p>\n<p><img decoding=\"async\" src=\"https:\/\/assets.innpro.pl\/11376\/13486\/3.jpg\" border=\"0\" \/><\/p>\n<h3>Aktywuj FlexiCare w kilka minut \u2013 to naprawd\u0119 proste!<\/h3>\n<p>Aktywuj FlexiCare w ci\u0105gu 15 dni od aktywacji swojej kamery i ciesz si\u0119 spokojem! Wystarczy kilka krok\u00f3w na stronie Insta360 (<a href=\"https:\/\/www.insta360.com\/support\/Insta360Care\/activate\">przejd\u017a, aby aktywowa\u0107 us\u0142ug\u0119<\/a>), aby po\u0142\u0105czy\u0107 us\u0142ug\u0119 z Twoim produktem. Proces jest szybki, \u0142atwy i ca\u0142kowicie bezproblemowy. Po aktywacji otrzymasz numer referencyjny, kt\u00f3ry pozwoli Ci szybko z\u0142o\u017cy\u0107 wniosek o wymian\u0119 w razie potrzeby. Dzi\u0119ki temu zawsze b\u0119dziesz mie\u0107 dost\u0119p do pe\u0142nej ochrony, bez zb\u0119dnych formalno\u015bci.<\/p>\n<p><img decoding=\"async\" src=\"https:\/\/assets.innpro.pl\/11376\/13486\/7.jpg\" border=\"0\" \/><\/p>\n<h3>Co zrobi\u0107, gdy Twoja kamera ulegnie uszkodzeniu?\u00a0<\/h3>\n<p>Przypadkowe uszkodzenie? \u017baden problem! FlexiCare pozwala Ci na szybkie ubieganie si\u0119 o wymian\u0119, bez konieczno\u015bci wydawania fortuny na naprawy. Wystarczy z\u0142o\u017cy\u0107 wniosek przez stron\u0119 Insta360 lub skontaktowa\u0107 si\u0119 z autoryzowanym dealerem. Co najlepsze, zamiast naprawia\u0107 uszkodzony sprz\u0119t, otrzymasz zupe\u0142nie now\u0105 kamer\u0119 \u2013 gwarancja jako\u015bci i pe\u0142na satysfakcja!\u00a0UWAGA: Zgubiona lub skradziona kamera nie podlega ochronie.<\/p>\n<p><img decoding=\"async\" src=\"https:\/\/assets.innpro.pl\/11376\/13486\/4.jpg\" border=\"0\" \/><\/p>\n<h3>Inwestycja, kt\u00f3ra si\u0119 op\u0142aca!<\/h3>\n<p>FlexiCare to idealna opcja dla os\u00f3b, kt\u00f3re chc\u0105 mie\u0107 pewno\u015b\u0107, \u017ce w razie wypadku nie b\u0119d\u0105 musia\u0142y ponosi\u0107 wysokich koszt\u00f3w napraw. 1-letnia oficjalna gwarancja Insta360 to bezp\u0142atna us\u0142uga konserwacji i naprawy produktu, kt\u00f3ry uleg\u0142 awarii z przyczyn innych ni\u017c ludzkie. Insta360 FlexiCare obejmuje uszkodzenia spowodowane codziennym u\u017cytkowaniem lub przypadkowym uszkodzeniem. Niska op\u0142ata pocz\u0105tkowa i tanie wymiany to ogromna oszcz\u0119dno\u015b\u0107, a dodatkowo masz pe\u0142n\u0105 kontrol\u0119 nad swoimi wydatkami. Je\u015bli kamera zostanie uszkodzona mechanicznie w ci\u0105gu roku od aktywacji, klient kt\u00f3ry zakup\u0142\u0142 FlexiCare wyda jedyne 33.99\u20ac i dostanie ca\u0142kowicie now\u0105 kamer\u0119 od producenta. Przypadkowe uszkodzenia? Z FlexiCare to ju\u017c nie Tw\u00f3j problem!<\/p>\n<p><img decoding=\"async\" src=\"https:\/\/assets.innpro.pl\/11376\/13486\/5.jpg\" border=\"0\" \/><\/p>\n","protected":false},"excerpt":{"rendered":"<p>Ochrona Insta360 Virtual FlexiCare do Ace Pro &#8211; kod elektroniczny Po zakupie prosz\u0119 o umieszczenie w notatce informacji &#8222;Insta360 kod&#8221;<\/p>\n","protected":false},"featured_media":38712,"comment_status":"closed","ping_status":"open","template":"","meta":{"_acf_changed":false},"product_brand":[],"product_cat":[1130,1137,1128],"product_tag":[],"class_list":{"0":"post-38711","1":"product","2":"type-product","3":"status-publish","4":"has-post-thumbnail","6":"product_cat-akcesoria-foto","7":"product_cat-do-kamer-sportowych","8":"product_cat-foto-wideo","9":"pa_okres-gwarancji-5754","10":"pa_producent-insta360","12":"first","13":"outofstock","14":"taxable","15":"shipping-taxable","16":"purchasable","17":"product-type-simple"},"acf":[],"yoast_head":"<!-- This site is optimized with the Yoast SEO plugin v27.2 - https:\/\/yoast.com\/product\/yoast-seo-wordpress\/ -->\n<title>Ochrona Insta360 Virtual FlexiCare do Ace Pro - kod elektroniczny - IRONSKY.PL Sklep z Dronami<\/title>\n<meta name=\"description\" content=\"Ochrona Insta360 Virtual FlexiCare do Ace Pro - kod elektroniczny - \u2705 sklep z dronami i fachowym doradztwem. \u2705 Tutaj kupisz produkty DJI, Yuneec, Parrot, Syma i wiele innych, a tak\u017ce kursy i licencje na operatora drona.\" \/>\n<meta name=\"robots\" content=\"index, follow, max-snippet:-1, max-image-preview:large, max-video-preview:-1\" \/>\n<link rel=\"canonical\" href=\"https:\/\/ironsky.pl\/sklep\/produkt\/ochrona-insta360-virtual-flexicare-do-ace-pro-kod-elektroniczny\/\" \/>\n<meta property=\"og:locale\" content=\"pl_PL\" \/>\n<meta property=\"og:type\" content=\"article\" \/>\n<meta property=\"og:title\" content=\"Ochrona Insta360 Virtual FlexiCare do Ace Pro - kod elektroniczny - IRONSKY.PL Sklep z Dronami\" \/>\n<meta property=\"og:description\" content=\"Ochrona Insta360 Virtual FlexiCare do Ace Pro - kod elektroniczny - \u2705 sklep z dronami i fachowym doradztwem. \u2705 Tutaj kupisz produkty DJI, Yuneec, Parrot, Syma i wiele innych, a tak\u017ce kursy i licencje na operatora drona.\" \/>\n<meta property=\"og:url\" content=\"https:\/\/ironsky.pl\/sklep\/produkt\/ochrona-insta360-virtual-flexicare-do-ace-pro-kod-elektroniczny\/\" \/>\n<meta property=\"og:site_name\" content=\"IRONSKY.PL Sklep z Dronami\" \/>\n<meta property=\"article:modified_time\" content=\"2026-03-05T14:55:41+00:00\" \/>\n<meta property=\"og:image\" content=\"https:\/\/ironsky.pl\/sklep\/wp-content\/uploads\/2025\/02\/48776_1.jpg\" \/>\n\t<meta property=\"og:image:width\" content=\"800\" \/>\n\t<meta property=\"og:image:height\" content=\"800\" \/>\n\t<meta property=\"og:image:type\" content=\"image\/jpeg\" \/>\n<meta name=\"twitter:card\" content=\"summary_large_image\" \/>\n<meta name=\"twitter:label1\" content=\"Szacowany czas czytania\" \/>\n\t<meta name=\"twitter:data1\" content=\"2 minuty\" \/>\n<script type=\"application\/ld+json\" class=\"yoast-schema-graph\">{\"@context\":\"https:\/\/schema.org\",\"@graph\":[{\"@type\":\"WebPage\",\"@id\":\"https:\/\/ironsky.pl\/sklep\/produkt\/ochrona-insta360-virtual-flexicare-do-ace-pro-kod-elektroniczny\/\",\"url\":\"https:\/\/ironsky.pl\/sklep\/produkt\/ochrona-insta360-virtual-flexicare-do-ace-pro-kod-elektroniczny\/\",\"name\":\"Ochrona Insta360 Virtual FlexiCare do Ace Pro - kod elektroniczny - IRONSKY.PL Sklep z Dronami\",\"isPartOf\":{\"@id\":\"https:\/\/ironsky.pl\/sklep\/#website\"},\"primaryImageOfPage\":{\"@id\":\"https:\/\/ironsky.pl\/sklep\/produkt\/ochrona-insta360-virtual-flexicare-do-ace-pro-kod-elektroniczny\/#primaryimage\"},\"image\":{\"@id\":\"https:\/\/ironsky.pl\/sklep\/produkt\/ochrona-insta360-virtual-flexicare-do-ace-pro-kod-elektroniczny\/#primaryimage\"},\"thumbnailUrl\":\"https:\/\/ironsky.pl\/sklep\/wp-content\/uploads\/2025\/02\/48776_1.jpg\",\"datePublished\":\"2025-02-18T09:59:22+00:00\",\"dateModified\":\"2026-03-05T14:55:41+00:00\",\"description\":\"Ochrona Insta360 Virtual FlexiCare do Ace Pro - kod elektroniczny - \u2705 sklep z dronami i fachowym doradztwem. \u2705 Tutaj kupisz produkty DJI, Yuneec, Parrot, Syma i wiele innych, a tak\u017ce kursy i licencje na operatora drona.\",\"breadcrumb\":{\"@id\":\"https:\/\/ironsky.pl\/sklep\/produkt\/ochrona-insta360-virtual-flexicare-do-ace-pro-kod-elektroniczny\/#breadcrumb\"},\"inLanguage\":\"pl-PL\",\"potentialAction\":[{\"@type\":\"ReadAction\",\"target\":[\"https:\/\/ironsky.pl\/sklep\/produkt\/ochrona-insta360-virtual-flexicare-do-ace-pro-kod-elektroniczny\/\"]}]},{\"@type\":\"ImageObject\",\"inLanguage\":\"pl-PL\",\"@id\":\"https:\/\/ironsky.pl\/sklep\/produkt\/ochrona-insta360-virtual-flexicare-do-ace-pro-kod-elektroniczny\/#primaryimage\",\"url\":\"https:\/\/ironsky.pl\/sklep\/wp-content\/uploads\/2025\/02\/48776_1.jpg\",\"contentUrl\":\"https:\/\/ironsky.pl\/sklep\/wp-content\/uploads\/2025\/02\/48776_1.jpg\",\"width\":800,\"height\":800},{\"@type\":\"BreadcrumbList\",\"@id\":\"https:\/\/ironsky.pl\/sklep\/produkt\/ochrona-insta360-virtual-flexicare-do-ace-pro-kod-elektroniczny\/#breadcrumb\",\"itemListElement\":[{\"@type\":\"ListItem\",\"position\":1,\"name\":\"Strona g\u0142\u00f3wna\",\"item\":\"https:\/\/ironsky.pl\/sklep\/\"},{\"@type\":\"ListItem\",\"position\":2,\"name\":\"Wszystkie produkty\",\"item\":\"https:\/\/ironsky.pl\/sklep\/produkty\/\"},{\"@type\":\"ListItem\",\"position\":3,\"name\":\"Ochrona Insta360 Virtual FlexiCare do Ace Pro &#8211; kod elektroniczny\"}]},{\"@type\":\"WebSite\",\"@id\":\"https:\/\/ironsky.pl\/sklep\/#website\",\"url\":\"https:\/\/ironsky.pl\/sklep\/\",\"name\":\"IRONSKY.PL Sklep z Dronami\",\"description\":\"IRONSKY.PL Sklep z Dronami\",\"potentialAction\":[{\"@type\":\"SearchAction\",\"target\":{\"@type\":\"EntryPoint\",\"urlTemplate\":\"https:\/\/ironsky.pl\/sklep\/?s={search_term_string}\"},\"query-input\":{\"@type\":\"PropertyValueSpecification\",\"valueRequired\":true,\"valueName\":\"search_term_string\"}}],\"inLanguage\":\"pl-PL\"}]}<\/script>\n<!-- \/ Yoast SEO plugin. -->","yoast_head_json":{"title":"Ochrona Insta360 Virtual FlexiCare do Ace Pro - kod elektroniczny - IRONSKY.PL Sklep z Dronami","description":"Ochrona Insta360 Virtual FlexiCare do Ace Pro - kod elektroniczny - \u2705 sklep z dronami i fachowym doradztwem. \u2705 Tutaj kupisz produkty DJI, Yuneec, Parrot, Syma i wiele innych, a tak\u017ce kursy i licencje na operatora drona.","robots":{"index":"index","follow":"follow","max-snippet":"max-snippet:-1","max-image-preview":"max-image-preview:large","max-video-preview":"max-video-preview:-1"},"canonical":"https:\/\/ironsky.pl\/sklep\/produkt\/ochrona-insta360-virtual-flexicare-do-ace-pro-kod-elektroniczny\/","og_locale":"pl_PL","og_type":"article","og_title":"Ochrona Insta360 Virtual FlexiCare do Ace Pro - kod elektroniczny - IRONSKY.PL Sklep z Dronami","og_description":"Ochrona Insta360 Virtual FlexiCare do Ace Pro - kod elektroniczny - \u2705 sklep z dronami i fachowym doradztwem. \u2705 Tutaj kupisz produkty DJI, Yuneec, Parrot, Syma i wiele innych, a tak\u017ce kursy i licencje na operatora drona.","og_url":"https:\/\/ironsky.pl\/sklep\/produkt\/ochrona-insta360-virtual-flexicare-do-ace-pro-kod-elektroniczny\/","og_site_name":"IRONSKY.PL Sklep z Dronami","article_modified_time":"2026-03-05T14:55:41+00:00","og_image":[{"width":800,"height":800,"url":"https:\/\/ironsky.pl\/sklep\/wp-content\/uploads\/2025\/02\/48776_1.jpg","type":"image\/jpeg"}],"twitter_card":"summary_large_image","twitter_misc":{"Szacowany czas czytania":"2 minuty"},"schema":{"@context":"https:\/\/schema.org","@graph":[{"@type":"WebPage","@id":"https:\/\/ironsky.pl\/sklep\/produkt\/ochrona-insta360-virtual-flexicare-do-ace-pro-kod-elektroniczny\/","url":"https:\/\/ironsky.pl\/sklep\/produkt\/ochrona-insta360-virtual-flexicare-do-ace-pro-kod-elektroniczny\/","name":"Ochrona Insta360 Virtual FlexiCare do Ace Pro - kod elektroniczny - IRONSKY.PL Sklep z Dronami","isPartOf":{"@id":"https:\/\/ironsky.pl\/sklep\/#website"},"primaryImageOfPage":{"@id":"https:\/\/ironsky.pl\/sklep\/produkt\/ochrona-insta360-virtual-flexicare-do-ace-pro-kod-elektroniczny\/#primaryimage"},"image":{"@id":"https:\/\/ironsky.pl\/sklep\/produkt\/ochrona-insta360-virtual-flexicare-do-ace-pro-kod-elektroniczny\/#primaryimage"},"thumbnailUrl":"https:\/\/ironsky.pl\/sklep\/wp-content\/uploads\/2025\/02\/48776_1.jpg","datePublished":"2025-02-18T09:59:22+00:00","dateModified":"2026-03-05T14:55:41+00:00","description":"Ochrona Insta360 Virtual FlexiCare do Ace Pro - kod elektroniczny - \u2705 sklep z dronami i fachowym doradztwem. \u2705 Tutaj kupisz produkty DJI, Yuneec, Parrot, Syma i wiele innych, a tak\u017ce kursy i licencje na operatora drona.","breadcrumb":{"@id":"https:\/\/ironsky.pl\/sklep\/produkt\/ochrona-insta360-virtual-flexicare-do-ace-pro-kod-elektroniczny\/#breadcrumb"},"inLanguage":"pl-PL","potentialAction":[{"@type":"ReadAction","target":["https:\/\/ironsky.pl\/sklep\/produkt\/ochrona-insta360-virtual-flexicare-do-ace-pro-kod-elektroniczny\/"]}]},{"@type":"ImageObject","inLanguage":"pl-PL","@id":"https:\/\/ironsky.pl\/sklep\/produkt\/ochrona-insta360-virtual-flexicare-do-ace-pro-kod-elektroniczny\/#primaryimage","url":"https:\/\/ironsky.pl\/sklep\/wp-content\/uploads\/2025\/02\/48776_1.jpg","contentUrl":"https:\/\/ironsky.pl\/sklep\/wp-content\/uploads\/2025\/02\/48776_1.jpg","width":800,"height":800},{"@type":"BreadcrumbList","@id":"https:\/\/ironsky.pl\/sklep\/produkt\/ochrona-insta360-virtual-flexicare-do-ace-pro-kod-elektroniczny\/#breadcrumb","itemListElement":[{"@type":"ListItem","position":1,"name":"Strona g\u0142\u00f3wna","item":"https:\/\/ironsky.pl\/sklep\/"},{"@type":"ListItem","position":2,"name":"Wszystkie produkty","item":"https:\/\/ironsky.pl\/sklep\/produkty\/"},{"@type":"ListItem","position":3,"name":"Ochrona Insta360 Virtual FlexiCare do Ace Pro &#8211; kod elektroniczny"}]},{"@type":"WebSite","@id":"https:\/\/ironsky.pl\/sklep\/#website","url":"https:\/\/ironsky.pl\/sklep\/","name":"IRONSKY.PL Sklep z Dronami","description":"IRONSKY.PL Sklep z Dronami","potentialAction":[{"@type":"SearchAction","target":{"@type":"EntryPoint","urlTemplate":"https:\/\/ironsky.pl\/sklep\/?s={search_term_string}"},"query-input":{"@type":"PropertyValueSpecification","valueRequired":true,"valueName":"search_term_string"}}],"inLanguage":"pl-PL"}]}},"_links":{"self":[{"href":"https:\/\/ironsky.pl\/sklep\/wp-json\/wp\/v2\/product\/38711","targetHints":{"allow":["GET"]}}],"collection":[{"href":"https:\/\/ironsky.pl\/sklep\/wp-json\/wp\/v2\/product"}],"about":[{"href":"https:\/\/ironsky.pl\/sklep\/wp-json\/wp\/v2\/types\/product"}],"replies":[{"embeddable":true,"href":"https:\/\/ironsky.pl\/sklep\/wp-json\/wp\/v2\/comments?post=38711"}],"wp:featuredmedia":[{"embeddable":true,"href":"https:\/\/ironsky.pl\/sklep\/wp-json\/wp\/v2\/media\/38712"}],"wp:attachment":[{"href":"https:\/\/ironsky.pl\/sklep\/wp-json\/wp\/v2\/media?parent=38711"}],"wp:term":[{"taxonomy":"product_brand","embeddable":true,"href":"https:\/\/ironsky.pl\/sklep\/wp-json\/wp\/v2\/product_brand?post=38711"},{"taxonomy":"product_cat","embeddable":true,"href":"https:\/\/ironsky.pl\/sklep\/wp-json\/wp\/v2\/product_cat?post=38711"},{"taxonomy":"product_tag","embeddable":true,"href":"https:\/\/ironsky.pl\/sklep\/wp-json\/wp\/v2\/product_tag?post=38711"}],"curies":[{"name":"wp","href":"https:\/\/api.w.org\/{rel}","templated":true}]}}