{"id":38344,"date":"2025-02-13T17:11:09","date_gmt":"2025-02-13T16:11:09","guid":{"rendered":"https:\/\/ironsky.pl\/drony-sklep\/produkt\/zestaw-insta360-x4-action-bundle\/"},"modified":"2026-03-05T15:55:31","modified_gmt":"2026-03-05T14:55:31","slug":"zestaw-insta360-x4-action-bundle","status":"publish","type":"product","link":"https:\/\/ironsky.pl\/sklep\/produkt\/zestaw-insta360-x4-action-bundle\/","title":{"rendered":"Zestaw Insta360 X4 Action Bundle"},"content":{"rendered":"<h3><\/h3>\n<p>\n<img decoding=\"async\" src=\"https:\/\/assets.innpro.pl\/5392\/6317\/0.jpg\" border=\"0\" \/>\n<\/p>\n<h3>Zestaw Insta360 X4 Action Bundle<\/h3>\n<p>Odkryj nowe mo\u017cliwo\u015bci filmowania z zestawem Insta360 X4 Action Bundle, stworzonym z my\u015bl\u0105 o mi\u0142o\u015bnikach aktywno\u015bci i dynamicznych uj\u0119\u0107! Kamera Insta360 X4 oferuje rozdzielczo\u015b\u0107 zdj\u0119\u0107 si\u0119gaj\u0105c\u0105 72MP i nagrywanie wideo w jako\u015bci do 8K, co pozwala uchwyci\u0107 ka\u017cdy szczeg\u00f3\u0142 Twoich przyg\u00f3d. Zapewnia do 135 minut pracy, wi\u0119c rejestrowa\u0107 wszystko bez obaw o przerwy. W zestawie znajdziesz dodatkowy akumulator, kt\u00f3ry wyd\u0142u\u017cy czas nagrywania, oraz ekran ochronny Insta360 X4 Screen Protector, kt\u00f3ry zabezpieczy kamer\u0119 przed zarysowaniami w najbardziej wymagaj\u0105cych warunkach. 114-centymetrowy Invisible Selfie Stick umo\u017cliwia tworzenie spektakularnych uj\u0119\u0107 z perspektywy trzeciej osoby, daj\u0105c efekt drona bez u\u017cycia dodatkowego sprz\u0119tu. Zestaw Action Bundle to idealne rozwi\u0105zanie dla ka\u017cdego, kto pragnie uwiecznia\u0107 swoje przygody w najwy\u017cszej jako\u015bci i cieszy\u0107 si\u0119 pe\u0142n\u0105 swobod\u0105 dzia\u0142ania!<\/p>\n<p>\n<img decoding=\"async\" src=\"https:\/\/assets.innpro.pl\/5392\/6317\/7.jpg\" border=\"0\" \/>\n<\/p>\n<h3>Niezr\u00f3wnana jako\u015b\u0107 obrazu<\/h3>\n<p>Zacznij tworzy\u0107 niesamowite tre\u015bci, kt\u00f3re wyr\u00f3\u017cni\u0105 si\u0119 spo\u015br\u00f3d t\u0142umu, dzi\u0119ki kamerze Insta360 X4! Korzystaj\u0105c z trybu 360\u00b0, mo\u017cesz nagrywa\u0107 pi\u0119kno otaczaj\u0105cego Ci\u0119 \u015bwiata w rozdzielczo\u015bci si\u0119gaj\u0105cej a\u017c 8K. Dzi\u0119ki temu uchwycisz bogate w szczeg\u00f3\u0142y obrazy, kt\u00f3re zachwyc\u0105 Ci\u0119 niezr\u00f3wnan\u0105 klarowno\u015bci\u0105 oraz g\u0142\u0119bi\u0105, jakiej do tej pory nie do\u015bwiadczy\u0142e\u015b. Co wi\u0119cej, mo\u017cliwo\u015b\u0107 tworzenia zdj\u0119\u0107 w rozdzielczo\u015bci do 72MP sprawia, \u017ce Twoje fotografie b\u0119d\u0105 pe\u0142ne detali, kolory b\u0119d\u0105 wyraziste, a ka\u017cdy szczeg\u00f3\u0142 zostanie uchwycony w najlepszym mo\u017cliwym \u015bwietle.<\/p>\n<p>\n<img decoding=\"async\" src=\"https:\/\/assets.innpro.pl\/5392\/6317\/2.jpg\" border=\"0\" \/>\n<\/p>\n<h3>Kreatywne mo\u017cliwo\u015bci<\/h3>\n<p>Kamera Insta360 X4 otwiera przed Tob\u0105 szeroki wachlarz kreatywnych mo\u017cliwo\u015bci. Do Twojej dyspozycji jest szereg r\u00f3\u017cnorodnych tryb\u00f3w nagrywania, kt\u00f3re umo\u017cliwiaj\u0105 eksperymentowanie i tworzenie niezapomnianych film\u00f3w! Tryb TimeShift pozwoli Ci zatrzyma\u0107 i wyd\u0142u\u017cy\u0107 kluczowe chwile, tworz\u0105c efektowne sekwencje wideo, a Bullet Time umo\u017cliwia wykonywanie dynamicznych uj\u0119\u0107 wok\u00f3\u0142 siebie, daj\u0105c wra\u017cenie zamro\u017cenia czasu. Z trybem Timelapse mo\u017cesz przyspieszy\u0107 czas i zobaczy\u0107, jak \u015bwiat zmienia si\u0119 przed Twoimi oczami!<\/p>\n<p>\n<img decoding=\"async\" src=\"https:\/\/assets.innpro.pl\/5392\/6317\/8.jpg\" border=\"0\" \/>\n<\/p>\n<h3>Nagrywaj z perspektywy trzeciej osoby<\/h3>\n<p>Skorzystaj z trybu ME, aby uwieczni\u0107 najbardziej ekscytuj\u0105ce chwile nietuzinkowej perspektywy! Dzi\u0119ki wykorzystaniu zaawansowanych algorytm\u00f3w jest on w stanie precyzyjnie usun\u0105\u0107 selfie stick z uj\u0119\u0107, pozwalaj\u0105c na uzyskanie nagra\u0144 z perspektywy trzeciej osoby. Mo\u017cliwo\u015b\u0107 nagrywania w trybie ME z rozdzielczo\u015bci\u0105 do 4K przy 30 klatkach na sekund\u0119 sprawia, \u017ce Twoje filmy b\u0119d\u0105 klarowne i pe\u0142ne szczeg\u00f3\u0142\u00f3w, niezale\u017cnie od tego, gdzie si\u0119 znajdziesz. To idealne rozwi\u0105zanie podczas aktywno\u015bci na \u015bwie\u017cym powietrzu, takich jak jazda na rowerze czy zjazd na snowboardzie, zapewniaj\u0105c wyj\u0105tkowe uj\u0119cia, kt\u00f3re przyci\u0105gn\u0105 uwag\u0119 ka\u017cdego widza.<\/p>\n<p>\n<img decoding=\"async\" src=\"https:\/\/assets.innpro.pl\/5392\/6317\/9.jpg\" border=\"0\" \/>\n<\/p>\n<h3>Bez przerw w nagrywaniu<\/h3>\n<p>Z kamer\u0105 Insta360 X4 nie musisz si\u0119 martwi\u0107 o brak energii w najmniej odpowiednich momentach! Wytrzyma\u0142y akumulator o pojemno\u015bci 2290 mAh umo\u017cliwia nawet do 135 minut ci\u0105g\u0142ego nagrywania w trybie 5.7K@30fps, daj\u0105c Ci wystarczaj\u0105co du\u017co czasu na uwiecznienie najwa\u017cniejszych moment\u00f3w. Co wi\u0119cej, \u0142adowanie za pomoc\u0105 portu USB-C pozwoli Ci wr\u00f3ci\u0107 do dzia\u0142ania w zaledwie 60 minut.<\/p>\n<p>\n<img decoding=\"async\" src=\"https:\/\/assets.innpro.pl\/5392\/6317\/5.jpg\" border=\"0\" \/>\n<\/p>\n<h3>Innowacyjne rozwi\u0105zania<\/h3>\n<p>Insta360 X4 wykorzystuje r\u00f3\u017cnorodne usprawnienia, kt\u00f3re \u0142\u0105cz\u0105 funkcjonalno\u015b\u0107 z wygod\u0105. Dzi\u0119ki funkcji Pre-recording mo\u017cesz zapisywa\u0107 15 lub 30-sekundowe klipy wstecz, maj\u0105c pewno\u015b\u0107, \u017ce nie przegapisz \u017cadnej istotnej chwili. Natomiast tryb Loop Recording pozwala na automatyczne nadpisywanie plik\u00f3w, zapewniaj\u0105c wi\u0119ksz\u0105 elastyczno\u015b\u0107 w zarz\u0105dzaniu przestrzeni\u0105 na karcie pami\u0119ci.<\/p>\n<p>\n<img decoding=\"async\" src=\"https:\/\/assets.innpro.pl\/5392\/6317\/6.jpg\" border=\"0\" \/>\n<\/p>\n<h3>Realistyczne brzmienie w ka\u017cdych warunkach<\/h3>\n<p>Niech jako\u015b\u0107 d\u017awi\u0119ku Insta360 X4 dope\u0142ni doskona\u0142e wra\u017cenia wizualne! Dzi\u0119ki r\u00f3\u017cnorodnym trybom audio, takim jak redukcja szum\u00f3w wiatru, stereo oraz skupienie kierunkowe, mo\u017cesz cieszy\u0107 si\u0119 doskona\u0142\u0105 jako\u015bci\u0105 d\u017awi\u0119ku, niezale\u017cnie od warunk\u00f3w otoczenia. Dodatkowo format audio AAC o cz\u0119stotliwo\u015bci pr\u00f3bkowania 48 kHz@16bit gwarantuje, \u017ce ka\u017cdy d\u017awi\u0119k zostanie uchwycony z najwy\u017csz\u0105 precyzj\u0105, zachowuj\u0105c naturalno\u015b\u0107 i czysto\u015b\u0107 brzmienia.<\/p>\n<p>\n<img decoding=\"async\" src=\"https:\/\/assets.innpro.pl\/5392\/6317\/3.jpg\" border=\"0\" \/>\n<\/p>\n<h3>W zestawie<\/h3>\n<ul class=\"list-disc pl-5\">\n<li>Insta360 X4 Standalone<\/li>\n<li>Os\u0142ona ekranu Insta360 X4<\/li>\n<li>Niewidoczny kijek do selfie 114 cm<\/li>\n<li>Akumulator Insta360 X4<\/li>\n<\/ul>\n<div class=\"table-wrapper\">\n<p>\u00a0<\/p>\n<h3><\/h3>\n<table>\n<tbody>\n<tr>\n<th>Producent<\/th>\n<td>Insta360<\/td>\n<\/tr>\n<tr>\n<th>Model<\/th>\n<td>X4<\/td>\n<\/tr>\n<tr>\n<th>Przys\u0142ona<\/th>\n<td>F1.9<\/td>\n<\/tr>\n<tr>\n<th>Odpowiednik ogniskowej 35 mm<\/th>\n<td>6.7 mm<\/td>\n<\/tr>\n<tr>\n<th>Rozdzielczo\u015b\u0107 zdj\u0119\u0107<\/th>\n<td>72MP (11904&#215;5952); 18MP (5888&#215;2944)<\/td>\n<\/tr>\n<tr>\n<th>Rozdzielczo\u015b\u0107 wideo<\/th>\n<td>360\u00b0: 8K: 7680&#215;3840@30\/25\/24fps; 5.7K: 5760&#215;2880@60\/50\/48\/30\/25\/24fps; 4K: 3840&#215;1920@100\/60\/50\/48\/30\/25\/24fps; Tryb pojedynczego obiektywu: 4K: 3840&#215;2160@60\/50\/30\/25\/24fps; 2.7K: 2720&#215;1536@60\/50\/30\/25\/24fps; 1080p: 1920&#215;1080@60\/50\/30\/25\/24fps; Tryb Me (domy\u015blny k\u0105t widzenia): 2.7K: 2720&#215;1536@30\/25\/24fps; 1080p: 1920&#215;1088@30\/25\/24fps; Tryb Me (k\u0105t widzenia+): 4K: 3840&#215;2160@30\/25\/24fps; 2.7K: 2720&#215;1536@120\/100\/60\/50fps; 1080p: 1920&#215;1080@120\/100\/60\/50fps; Tryb FreeFrame: 4K: 4608&#215;4608@30\/25\/24fps; 1080P: 2880&#215;2880@60\/50\/30\/25\/24fps<\/td>\n<\/tr>\n<tr>\n<th>Format zdj\u0119\u0107<\/th>\n<td>JPG (sk\u0142adanie w aparacie); INSP (mo\u017cliwo\u015b\u0107 eksportu za pomoc\u0105 aplikacji mobilnej lub programu Desktop Studio); DNG RAW (zdj\u0119cia PureShot musz\u0105 by\u0107 edytowane na komputerze)<\/td>\n<\/tr>\n<tr>\n<th>Format wideo<\/th>\n<td>Tryb pojedynczego obiektywu: MP4; 360\u00b0: INSV<\/td>\n<\/tr>\n<tr>\n<th>Tryby zdj\u0119\u0107<\/th>\n<td>Standard, HDR Photo, Interval, Starlapse, Burst<\/td>\n<\/tr>\n<tr>\n<th>Tryby wideo<\/th>\n<td>Standard, Active HDR, Timelapse, TimeShift, Bullet Time, Loop Recording, Pre-recording<\/td>\n<\/tr>\n<tr>\n<th>Profile kolor\u00f3w<\/th>\n<td>Vivid, Standard, LOG<\/td>\n<\/tr>\n<tr>\n<th>Waga<\/th>\n<td>203 g<\/td>\n<\/tr>\n<tr>\n<th>Wymiary (S x W x G)<\/th>\n<td>123.6 x 46 x 26.3 mm<\/td>\n<\/tr>\n<tr>\n<th>Czas pracy<\/th>\n<td>70 minut w trybie 8K@30fps; 100 minut w trybie 5.7K@60fps; 135 minut w trybie 5.7K@30fps; 105 minut w trybie 5.7K@30fps Active HDR<\/td>\n<\/tr>\n<tr>\n<th>Maksymalna pr\u0119dko\u015b\u0107 transmisji wideo<\/th>\n<td>200 Mbps<\/td>\n<\/tr>\n<tr>\n<th>\u017byroskop<\/th>\n<td>6-osiowy \u017cyroskop<\/td>\n<\/tr>\n<tr>\n<th>Kompatybilne urz\u0105dzenia<\/th>\n<td>Kompatybilne z urz\u0105dzeniami mobilnymi Apple z chipem A12 lub nowszym oraz wersj\u0105 systemu iOS 12.0 lub nowsz\u0105; Urz\u0105dzenia z systemem Android z chipem Kirin 990 lub nowszym; Urz\u0105dzenia z systemem Android z chipem Snapdragon 888 lub nowszym; Urz\u0105dzenia z systemem Android z chipem Exynos 2200 lub nowszym<\/td>\n<\/tr>\n<tr>\n<th>Transmisje na \u017cywo<\/th>\n<td>Obs\u0142ugiwane przez aplikacj\u0119<\/td>\n<\/tr>\n<tr>\n<th>Warto\u015b\u0107 ekspozycji<\/th>\n<td>\u00b14EV<\/td>\n<\/tr>\n<tr>\n<th>Zakres ISO<\/th>\n<td>100-6400<\/td>\n<\/tr>\n<tr>\n<th>Szybko\u015b\u0107 migawki<\/th>\n<td>Zdj\u0119cia: 1\/8000 &#8211; 120s; Wideo: 1\/8000 &#8211; do limitu klatek na sekund\u0119<\/td>\n<\/tr>\n<tr>\n<th>Balans bieli<\/th>\n<td>2000K-10000K<\/td>\n<\/tr>\n<tr>\n<th>Tryby audio<\/th>\n<td>Redukcja szum\u00f3w wiatru, Stereo, Skupienie kierunkowe<\/td>\n<\/tr>\n<tr>\n<th>Format audio<\/th>\n<td>48 kHz, 16bit\u00f3w, AAC<\/td>\n<\/tr>\n<tr>\n<th>Bluetooth<\/th>\n<td>BLE 5.0<\/td>\n<\/tr>\n<tr>\n<th>Wi-Fi<\/th>\n<td>2,4GHz, 5GHz, 802.11a\/b\/g\/n\/ac<\/td>\n<\/tr>\n<tr>\n<th>USB<\/th>\n<td>Typ C (Uwaga: Ta wersja obs\u0142uguje tylko po\u0142\u0105czenia przewodowe z urz\u0105dzeniami Android \u2013 za po\u015brednictwem Micro-USB lub Typ C. Nie obs\u0142uguje po\u0142\u0105cze\u0144 przewodowych z urz\u0105dzeniami iOS. Pe\u0142ne wsparcie bezprzewodowe jest dost\u0119pne zar\u00f3wno dla systemu iOS, jak i Androida.)<\/td>\n<\/tr>\n<tr>\n<th>Karta MicroSD<\/th>\n<td>Klasa pr\u0119dko\u015bci UHS-I V30, zalecane s\u0105 karty SD o maksymalnej pojemno\u015bci 1TB w formacie exFAT.<\/td>\n<\/tr>\n<tr>\n<th>Pojemno\u015b\u0107 akumulatora<\/th>\n<td>2290 mAh<\/td>\n<\/tr>\n<tr>\n<th>Port \u0142adowania<\/th>\n<td>USB Typ C<\/td>\n<\/tr>\n<tr>\n<th>Czas \u0142adowania<\/th>\n<td>60 minut [9V 2A] (do 80% w 36 minut)<\/td>\n<\/tr>\n<tr>\n<th>Temperatura pracy<\/th>\n<td>-20\u2103 do 40\u2103<\/td>\n<\/tr>\n<\/tbody>\n<\/table>\n<\/div>\n","protected":false},"excerpt":{"rendered":"<p>Zestaw Insta360 X4 Action Bundle Odkryj nowe mo\u017cliwo\u015bci filmowania z zestawem Insta360 X4 Action Bundle, stworzonym z my\u015bl\u0105 o mi\u0142o\u015bnikach<\/p>\n","protected":false},"featured_media":38345,"comment_status":"closed","ping_status":"open","template":"","meta":{"_acf_changed":false},"product_brand":[],"product_cat":[1128,1144],"product_tag":[],"class_list":{"0":"post-38344","1":"product","2":"type-product","3":"status-publish","4":"has-post-thumbnail","6":"product_cat-foto-wideo","7":"product_cat-zestawy-foto-wideo","8":"pa_okres-gwarancji-5757","9":"pa_producent-insta360","11":"first","12":"outofstock","13":"taxable","14":"shipping-taxable","15":"purchasable","16":"product-type-simple"},"acf":[],"yoast_head":"<!-- This site is optimized with the Yoast SEO plugin v27.2 - https:\/\/yoast.com\/product\/yoast-seo-wordpress\/ -->\n<title>Zestaw Insta360 X4 Action Bundle - IRONSKY.PL Sklep z Dronami<\/title>\n<meta name=\"description\" content=\"Zestaw Insta360 X4 Action Bundle - \u2705 sklep z dronami i fachowym doradztwem. \u2705 Tutaj kupisz produkty DJI, Yuneec, Parrot, Syma i wiele innych, a tak\u017ce kursy i licencje na operatora drona.\" \/>\n<meta name=\"robots\" content=\"index, follow, max-snippet:-1, max-image-preview:large, max-video-preview:-1\" \/>\n<link rel=\"canonical\" href=\"https:\/\/ironsky.pl\/sklep\/produkt\/zestaw-insta360-x4-action-bundle\/\" \/>\n<meta property=\"og:locale\" content=\"pl_PL\" \/>\n<meta property=\"og:type\" content=\"article\" \/>\n<meta property=\"og:title\" content=\"Zestaw Insta360 X4 Action Bundle - IRONSKY.PL Sklep z Dronami\" \/>\n<meta property=\"og:description\" content=\"Zestaw Insta360 X4 Action Bundle - \u2705 sklep z dronami i fachowym doradztwem. \u2705 Tutaj kupisz produkty DJI, Yuneec, Parrot, Syma i wiele innych, a tak\u017ce kursy i licencje na operatora drona.\" \/>\n<meta property=\"og:url\" content=\"https:\/\/ironsky.pl\/sklep\/produkt\/zestaw-insta360-x4-action-bundle\/\" \/>\n<meta property=\"og:site_name\" content=\"IRONSKY.PL Sklep z Dronami\" \/>\n<meta property=\"article:modified_time\" content=\"2026-03-05T14:55:31+00:00\" \/>\n<meta property=\"og:image\" content=\"https:\/\/ironsky.pl\/sklep\/wp-content\/uploads\/2025\/02\/48736_1.jpg\" \/>\n\t<meta property=\"og:image:width\" content=\"800\" \/>\n\t<meta property=\"og:image:height\" content=\"800\" \/>\n\t<meta property=\"og:image:type\" content=\"image\/jpeg\" \/>\n<meta name=\"twitter:card\" content=\"summary_large_image\" \/>\n<meta name=\"twitter:label1\" content=\"Szacowany czas czytania\" \/>\n\t<meta name=\"twitter:data1\" content=\"5 minut\" \/>\n<script type=\"application\/ld+json\" class=\"yoast-schema-graph\">{\"@context\":\"https:\/\/schema.org\",\"@graph\":[{\"@type\":\"WebPage\",\"@id\":\"https:\/\/ironsky.pl\/sklep\/produkt\/zestaw-insta360-x4-action-bundle\/\",\"url\":\"https:\/\/ironsky.pl\/sklep\/produkt\/zestaw-insta360-x4-action-bundle\/\",\"name\":\"Zestaw Insta360 X4 Action Bundle - IRONSKY.PL Sklep z Dronami\",\"isPartOf\":{\"@id\":\"https:\/\/ironsky.pl\/sklep\/#website\"},\"primaryImageOfPage\":{\"@id\":\"https:\/\/ironsky.pl\/sklep\/produkt\/zestaw-insta360-x4-action-bundle\/#primaryimage\"},\"image\":{\"@id\":\"https:\/\/ironsky.pl\/sklep\/produkt\/zestaw-insta360-x4-action-bundle\/#primaryimage\"},\"thumbnailUrl\":\"https:\/\/ironsky.pl\/sklep\/wp-content\/uploads\/2025\/02\/48736_1.jpg\",\"datePublished\":\"2025-02-13T16:11:09+00:00\",\"dateModified\":\"2026-03-05T14:55:31+00:00\",\"description\":\"Zestaw Insta360 X4 Action Bundle - \u2705 sklep z dronami i fachowym doradztwem. \u2705 Tutaj kupisz produkty DJI, Yuneec, Parrot, Syma i wiele innych, a tak\u017ce kursy i licencje na operatora drona.\",\"breadcrumb\":{\"@id\":\"https:\/\/ironsky.pl\/sklep\/produkt\/zestaw-insta360-x4-action-bundle\/#breadcrumb\"},\"inLanguage\":\"pl-PL\",\"potentialAction\":[{\"@type\":\"ReadAction\",\"target\":[\"https:\/\/ironsky.pl\/sklep\/produkt\/zestaw-insta360-x4-action-bundle\/\"]}]},{\"@type\":\"ImageObject\",\"inLanguage\":\"pl-PL\",\"@id\":\"https:\/\/ironsky.pl\/sklep\/produkt\/zestaw-insta360-x4-action-bundle\/#primaryimage\",\"url\":\"https:\/\/ironsky.pl\/sklep\/wp-content\/uploads\/2025\/02\/48736_1.jpg\",\"contentUrl\":\"https:\/\/ironsky.pl\/sklep\/wp-content\/uploads\/2025\/02\/48736_1.jpg\",\"width\":800,\"height\":800},{\"@type\":\"BreadcrumbList\",\"@id\":\"https:\/\/ironsky.pl\/sklep\/produkt\/zestaw-insta360-x4-action-bundle\/#breadcrumb\",\"itemListElement\":[{\"@type\":\"ListItem\",\"position\":1,\"name\":\"Strona g\u0142\u00f3wna\",\"item\":\"https:\/\/ironsky.pl\/sklep\/\"},{\"@type\":\"ListItem\",\"position\":2,\"name\":\"Wszystkie produkty\",\"item\":\"https:\/\/ironsky.pl\/sklep\/produkty\/\"},{\"@type\":\"ListItem\",\"position\":3,\"name\":\"Zestaw Insta360 X4 Action Bundle\"}]},{\"@type\":\"WebSite\",\"@id\":\"https:\/\/ironsky.pl\/sklep\/#website\",\"url\":\"https:\/\/ironsky.pl\/sklep\/\",\"name\":\"IRONSKY.PL Sklep z Dronami\",\"description\":\"IRONSKY.PL Sklep z Dronami\",\"potentialAction\":[{\"@type\":\"SearchAction\",\"target\":{\"@type\":\"EntryPoint\",\"urlTemplate\":\"https:\/\/ironsky.pl\/sklep\/?s={search_term_string}\"},\"query-input\":{\"@type\":\"PropertyValueSpecification\",\"valueRequired\":true,\"valueName\":\"search_term_string\"}}],\"inLanguage\":\"pl-PL\"}]}<\/script>\n<!-- \/ Yoast SEO plugin. -->","yoast_head_json":{"title":"Zestaw Insta360 X4 Action Bundle - IRONSKY.PL Sklep z Dronami","description":"Zestaw Insta360 X4 Action Bundle - \u2705 sklep z dronami i fachowym doradztwem. \u2705 Tutaj kupisz produkty DJI, Yuneec, Parrot, Syma i wiele innych, a tak\u017ce kursy i licencje na operatora drona.","robots":{"index":"index","follow":"follow","max-snippet":"max-snippet:-1","max-image-preview":"max-image-preview:large","max-video-preview":"max-video-preview:-1"},"canonical":"https:\/\/ironsky.pl\/sklep\/produkt\/zestaw-insta360-x4-action-bundle\/","og_locale":"pl_PL","og_type":"article","og_title":"Zestaw Insta360 X4 Action Bundle - IRONSKY.PL Sklep z Dronami","og_description":"Zestaw Insta360 X4 Action Bundle - \u2705 sklep z dronami i fachowym doradztwem. \u2705 Tutaj kupisz produkty DJI, Yuneec, Parrot, Syma i wiele innych, a tak\u017ce kursy i licencje na operatora drona.","og_url":"https:\/\/ironsky.pl\/sklep\/produkt\/zestaw-insta360-x4-action-bundle\/","og_site_name":"IRONSKY.PL Sklep z Dronami","article_modified_time":"2026-03-05T14:55:31+00:00","og_image":[{"width":800,"height":800,"url":"https:\/\/ironsky.pl\/sklep\/wp-content\/uploads\/2025\/02\/48736_1.jpg","type":"image\/jpeg"}],"twitter_card":"summary_large_image","twitter_misc":{"Szacowany czas czytania":"5 minut"},"schema":{"@context":"https:\/\/schema.org","@graph":[{"@type":"WebPage","@id":"https:\/\/ironsky.pl\/sklep\/produkt\/zestaw-insta360-x4-action-bundle\/","url":"https:\/\/ironsky.pl\/sklep\/produkt\/zestaw-insta360-x4-action-bundle\/","name":"Zestaw Insta360 X4 Action Bundle - IRONSKY.PL Sklep z Dronami","isPartOf":{"@id":"https:\/\/ironsky.pl\/sklep\/#website"},"primaryImageOfPage":{"@id":"https:\/\/ironsky.pl\/sklep\/produkt\/zestaw-insta360-x4-action-bundle\/#primaryimage"},"image":{"@id":"https:\/\/ironsky.pl\/sklep\/produkt\/zestaw-insta360-x4-action-bundle\/#primaryimage"},"thumbnailUrl":"https:\/\/ironsky.pl\/sklep\/wp-content\/uploads\/2025\/02\/48736_1.jpg","datePublished":"2025-02-13T16:11:09+00:00","dateModified":"2026-03-05T14:55:31+00:00","description":"Zestaw Insta360 X4 Action Bundle - \u2705 sklep z dronami i fachowym doradztwem. \u2705 Tutaj kupisz produkty DJI, Yuneec, Parrot, Syma i wiele innych, a tak\u017ce kursy i licencje na operatora drona.","breadcrumb":{"@id":"https:\/\/ironsky.pl\/sklep\/produkt\/zestaw-insta360-x4-action-bundle\/#breadcrumb"},"inLanguage":"pl-PL","potentialAction":[{"@type":"ReadAction","target":["https:\/\/ironsky.pl\/sklep\/produkt\/zestaw-insta360-x4-action-bundle\/"]}]},{"@type":"ImageObject","inLanguage":"pl-PL","@id":"https:\/\/ironsky.pl\/sklep\/produkt\/zestaw-insta360-x4-action-bundle\/#primaryimage","url":"https:\/\/ironsky.pl\/sklep\/wp-content\/uploads\/2025\/02\/48736_1.jpg","contentUrl":"https:\/\/ironsky.pl\/sklep\/wp-content\/uploads\/2025\/02\/48736_1.jpg","width":800,"height":800},{"@type":"BreadcrumbList","@id":"https:\/\/ironsky.pl\/sklep\/produkt\/zestaw-insta360-x4-action-bundle\/#breadcrumb","itemListElement":[{"@type":"ListItem","position":1,"name":"Strona g\u0142\u00f3wna","item":"https:\/\/ironsky.pl\/sklep\/"},{"@type":"ListItem","position":2,"name":"Wszystkie produkty","item":"https:\/\/ironsky.pl\/sklep\/produkty\/"},{"@type":"ListItem","position":3,"name":"Zestaw Insta360 X4 Action Bundle"}]},{"@type":"WebSite","@id":"https:\/\/ironsky.pl\/sklep\/#website","url":"https:\/\/ironsky.pl\/sklep\/","name":"IRONSKY.PL Sklep z Dronami","description":"IRONSKY.PL Sklep z Dronami","potentialAction":[{"@type":"SearchAction","target":{"@type":"EntryPoint","urlTemplate":"https:\/\/ironsky.pl\/sklep\/?s={search_term_string}"},"query-input":{"@type":"PropertyValueSpecification","valueRequired":true,"valueName":"search_term_string"}}],"inLanguage":"pl-PL"}]}},"_links":{"self":[{"href":"https:\/\/ironsky.pl\/sklep\/wp-json\/wp\/v2\/product\/38344","targetHints":{"allow":["GET"]}}],"collection":[{"href":"https:\/\/ironsky.pl\/sklep\/wp-json\/wp\/v2\/product"}],"about":[{"href":"https:\/\/ironsky.pl\/sklep\/wp-json\/wp\/v2\/types\/product"}],"replies":[{"embeddable":true,"href":"https:\/\/ironsky.pl\/sklep\/wp-json\/wp\/v2\/comments?post=38344"}],"wp:featuredmedia":[{"embeddable":true,"href":"https:\/\/ironsky.pl\/sklep\/wp-json\/wp\/v2\/media\/38345"}],"wp:attachment":[{"href":"https:\/\/ironsky.pl\/sklep\/wp-json\/wp\/v2\/media?parent=38344"}],"wp:term":[{"taxonomy":"product_brand","embeddable":true,"href":"https:\/\/ironsky.pl\/sklep\/wp-json\/wp\/v2\/product_brand?post=38344"},{"taxonomy":"product_cat","embeddable":true,"href":"https:\/\/ironsky.pl\/sklep\/wp-json\/wp\/v2\/product_cat?post=38344"},{"taxonomy":"product_tag","embeddable":true,"href":"https:\/\/ironsky.pl\/sklep\/wp-json\/wp\/v2\/product_tag?post=38344"}],"curies":[{"name":"wp","href":"https:\/\/api.w.org\/{rel}","templated":true}]}}