{"id":38280,"date":"2025-02-13T17:10:26","date_gmt":"2025-02-13T16:10:26","guid":{"rendered":"https:\/\/ironsky.pl\/drony-sklep\/produkt\/oslona-przeciwwietrzna-insta360-ace-pro-2-wind-guard\/"},"modified":"2026-03-05T15:55:30","modified_gmt":"2026-03-05T14:55:30","slug":"oslona-przeciwwietrzna-insta360-ace-pro-2-wind-guard","status":"publish","type":"product","link":"https:\/\/ironsky.pl\/sklep\/produkt\/oslona-przeciwwietrzna-insta360-ace-pro-2-wind-guard\/","title":{"rendered":"Os\u0142ona przeciwwietrzna Insta360 Ace Pro 2 Wind Guard"},"content":{"rendered":"<h3>Os\u0142ona przeciwwietrzna Insta360 Ace Pro 2 Wind Guard<\/h3>\n<p>Zadbaj o krystalicznie czysty d\u017awi\u0119k swoich nagra\u0144, nawet przy silnym wietrze, dzi\u0119ki os\u0142onie przeciwwietrznej Insta360 Ace Pro 2. To od\u0142\u0105czany modu\u0142 zaprojektowany specjalnie z my\u015bl\u0105 o kamerze Ace Pro 2, kt\u00f3ry skutecznie redukuje ha\u0142as wiatru, zapewniaj\u0105c doskona\u0142\u0105 jako\u015b\u0107 audio w ka\u017cdych warunkach \u2013 od spacer\u00f3w po nagrania przy du\u017cych pr\u0119dko\u015bciach.<\/p>\n<p>\n<img decoding=\"async\" src=\"https:\/\/assets.innpro.pl\/11366\/13474\/4.jpg\" border=\"0\" \/>\n<\/p>\n<h3>Redukcja ha\u0142asu i ochrona d\u017awi\u0119ku<\/h3>\n<p>Os\u0142ona przeciwwietrzna wykonana jest z wysokiej jako\u015bci akustycznej pianki i lekkiej metalowej siatki. Dzi\u0119ki temu eliminuje niepo\u017c\u0105dane d\u017awi\u0119ki, jednocze\u015bnie przepuszczaj\u0105c wyra\u017any d\u017awi\u0119k, kt\u00f3ry trafia do mikrofonu. Twoje nagrania zachowaj\u0105 profesjonaln\u0105 jako\u015b\u0107, niezale\u017cnie od otoczenia.<\/p>\n<p>\n<img decoding=\"async\" src=\"https:\/\/assets.innpro.pl\/11366\/13474\/1.jpg\" border=\"0\" \/>\n<\/p>\n<h3>Precyzyjne dopasowanie i \u0142atwo\u015b\u0107 u\u017cycia<\/h3>\n<p>Specjalnie zaprojektowany kszta\u0142t os\u0142ony idealnie pasuje do kamery Insta360 Ace Pro 2, gwarantuj\u0105c stabilno\u015b\u0107 i prostot\u0119 monta\u017cu. Dzi\u0119ki intuicyjnemu systemowi zatrzask\u00f3w instalacja i zdejmowanie os\u0142ony jest szybkie i wygodne.<\/p>\n<p>\n<img decoding=\"async\" src=\"https:\/\/assets.innpro.pl\/11366\/13474\/3.jpg\" border=\"0\" \/>\n<\/p>\n<h3>W zestawie<\/h3>\n<ul class=\"list-disc pl-5\">\n<li>Os\u0142ona przeciwwietrzna x 2<\/li>\n<li>Szczoteczka do czyszczenia x 1<\/li>\n<\/ul>\n<div class=\"table-wrapper\">\n<p>\u00a0<\/p>\n<h3><\/h3>\n<table>\n<tbody>\n<tr>\n<th>Producent<\/th>\n<td>Insta360<\/td>\n<\/tr>\n<tr>\n<th>Kod producenta<\/th>\n<td>CINSABGM<\/td>\n<\/tr>\n<tr>\n<th>Materia\u0142<\/th>\n<td>Plastik, pianka akustyczna, metal<\/td>\n<\/tr>\n<tr>\n<th>Wymiary<\/th>\n<td>32.3 x 12.1 x 7.2 mm<\/td>\n<\/tr>\n<tr>\n<th>Waga<\/th>\n<td>1.7 g<\/td>\n<\/tr>\n<tr>\n<th>Kompatybilno\u015b\u0107<\/th>\n<td>Insta360 Ace Pro 2<\/td>\n<\/tr>\n<\/tbody>\n<\/table>\n<\/div>\n","protected":false},"excerpt":{"rendered":"<p>Os\u0142ona przeciwwietrzna Insta360 Ace Pro 2 Wind Guard Zadbaj o krystalicznie czysty d\u017awi\u0119k swoich nagra\u0144, nawet przy silnym wietrze, dzi\u0119ki<\/p>\n","protected":false},"featured_media":38281,"comment_status":"closed","ping_status":"open","template":"","meta":{"_acf_changed":false},"product_brand":[],"product_cat":[1130,1137,1128],"product_tag":[],"class_list":{"0":"post-38280","1":"product","2":"type-product","3":"status-publish","4":"has-post-thumbnail","6":"product_cat-akcesoria-foto","7":"product_cat-do-kamer-sportowych","8":"product_cat-foto-wideo","9":"pa_okres-gwarancji-5754","10":"pa_producent-insta360","12":"first","13":"outofstock","14":"taxable","15":"shipping-taxable","16":"purchasable","17":"product-type-simple"},"acf":[],"yoast_head":"<!-- This site is optimized with the Yoast SEO plugin v27.2 - https:\/\/yoast.com\/product\/yoast-seo-wordpress\/ -->\n<title>Os\u0142ona przeciwwietrzna Insta360 Ace Pro 2 Wind Guard - IRONSKY.PL Sklep z Dronami<\/title>\n<meta name=\"description\" content=\"Os\u0142ona przeciwwietrzna Insta360 Ace Pro 2 Wind Guard - \u2705 sklep z dronami i fachowym doradztwem. \u2705 Tutaj kupisz produkty DJI, Yuneec, Parrot, Syma i wiele innych, a tak\u017ce kursy i licencje na operatora drona.\" \/>\n<meta name=\"robots\" content=\"index, follow, max-snippet:-1, max-image-preview:large, max-video-preview:-1\" \/>\n<link rel=\"canonical\" href=\"https:\/\/ironsky.pl\/sklep\/produkt\/oslona-przeciwwietrzna-insta360-ace-pro-2-wind-guard\/\" \/>\n<meta property=\"og:locale\" content=\"pl_PL\" \/>\n<meta property=\"og:type\" content=\"article\" \/>\n<meta property=\"og:title\" content=\"Os\u0142ona przeciwwietrzna Insta360 Ace Pro 2 Wind Guard - IRONSKY.PL Sklep z Dronami\" \/>\n<meta property=\"og:description\" content=\"Os\u0142ona przeciwwietrzna Insta360 Ace Pro 2 Wind Guard - \u2705 sklep z dronami i fachowym doradztwem. \u2705 Tutaj kupisz produkty DJI, Yuneec, Parrot, Syma i wiele innych, a tak\u017ce kursy i licencje na operatora drona.\" \/>\n<meta property=\"og:url\" content=\"https:\/\/ironsky.pl\/sklep\/produkt\/oslona-przeciwwietrzna-insta360-ace-pro-2-wind-guard\/\" \/>\n<meta property=\"og:site_name\" content=\"IRONSKY.PL Sklep z Dronami\" \/>\n<meta property=\"article:modified_time\" content=\"2026-03-05T14:55:30+00:00\" \/>\n<meta property=\"og:image\" content=\"https:\/\/ironsky.pl\/sklep\/wp-content\/uploads\/2025\/02\/48697_1.jpg\" \/>\n\t<meta property=\"og:image:width\" content=\"800\" \/>\n\t<meta property=\"og:image:height\" content=\"800\" \/>\n\t<meta property=\"og:image:type\" content=\"image\/jpeg\" \/>\n<meta name=\"twitter:card\" content=\"summary_large_image\" \/>\n<meta name=\"twitter:label1\" content=\"Szacowany czas czytania\" \/>\n\t<meta name=\"twitter:data1\" content=\"1 minuta\" \/>\n<script type=\"application\/ld+json\" class=\"yoast-schema-graph\">{\"@context\":\"https:\/\/schema.org\",\"@graph\":[{\"@type\":\"WebPage\",\"@id\":\"https:\/\/ironsky.pl\/sklep\/produkt\/oslona-przeciwwietrzna-insta360-ace-pro-2-wind-guard\/\",\"url\":\"https:\/\/ironsky.pl\/sklep\/produkt\/oslona-przeciwwietrzna-insta360-ace-pro-2-wind-guard\/\",\"name\":\"Os\u0142ona przeciwwietrzna Insta360 Ace Pro 2 Wind Guard - IRONSKY.PL Sklep z Dronami\",\"isPartOf\":{\"@id\":\"https:\/\/ironsky.pl\/sklep\/#website\"},\"primaryImageOfPage\":{\"@id\":\"https:\/\/ironsky.pl\/sklep\/produkt\/oslona-przeciwwietrzna-insta360-ace-pro-2-wind-guard\/#primaryimage\"},\"image\":{\"@id\":\"https:\/\/ironsky.pl\/sklep\/produkt\/oslona-przeciwwietrzna-insta360-ace-pro-2-wind-guard\/#primaryimage\"},\"thumbnailUrl\":\"https:\/\/ironsky.pl\/sklep\/wp-content\/uploads\/2025\/02\/48697_1.jpg\",\"datePublished\":\"2025-02-13T16:10:26+00:00\",\"dateModified\":\"2026-03-05T14:55:30+00:00\",\"description\":\"Os\u0142ona przeciwwietrzna Insta360 Ace Pro 2 Wind Guard - \u2705 sklep z dronami i fachowym doradztwem. \u2705 Tutaj kupisz produkty DJI, Yuneec, Parrot, Syma i wiele innych, a tak\u017ce kursy i licencje na operatora drona.\",\"breadcrumb\":{\"@id\":\"https:\/\/ironsky.pl\/sklep\/produkt\/oslona-przeciwwietrzna-insta360-ace-pro-2-wind-guard\/#breadcrumb\"},\"inLanguage\":\"pl-PL\",\"potentialAction\":[{\"@type\":\"ReadAction\",\"target\":[\"https:\/\/ironsky.pl\/sklep\/produkt\/oslona-przeciwwietrzna-insta360-ace-pro-2-wind-guard\/\"]}]},{\"@type\":\"ImageObject\",\"inLanguage\":\"pl-PL\",\"@id\":\"https:\/\/ironsky.pl\/sklep\/produkt\/oslona-przeciwwietrzna-insta360-ace-pro-2-wind-guard\/#primaryimage\",\"url\":\"https:\/\/ironsky.pl\/sklep\/wp-content\/uploads\/2025\/02\/48697_1.jpg\",\"contentUrl\":\"https:\/\/ironsky.pl\/sklep\/wp-content\/uploads\/2025\/02\/48697_1.jpg\",\"width\":800,\"height\":800},{\"@type\":\"BreadcrumbList\",\"@id\":\"https:\/\/ironsky.pl\/sklep\/produkt\/oslona-przeciwwietrzna-insta360-ace-pro-2-wind-guard\/#breadcrumb\",\"itemListElement\":[{\"@type\":\"ListItem\",\"position\":1,\"name\":\"Strona g\u0142\u00f3wna\",\"item\":\"https:\/\/ironsky.pl\/sklep\/\"},{\"@type\":\"ListItem\",\"position\":2,\"name\":\"Wszystkie produkty\",\"item\":\"https:\/\/ironsky.pl\/sklep\/produkty\/\"},{\"@type\":\"ListItem\",\"position\":3,\"name\":\"Os\u0142ona przeciwwietrzna Insta360 Ace Pro 2 Wind Guard\"}]},{\"@type\":\"WebSite\",\"@id\":\"https:\/\/ironsky.pl\/sklep\/#website\",\"url\":\"https:\/\/ironsky.pl\/sklep\/\",\"name\":\"IRONSKY.PL Sklep z Dronami\",\"description\":\"IRONSKY.PL Sklep z Dronami\",\"potentialAction\":[{\"@type\":\"SearchAction\",\"target\":{\"@type\":\"EntryPoint\",\"urlTemplate\":\"https:\/\/ironsky.pl\/sklep\/?s={search_term_string}\"},\"query-input\":{\"@type\":\"PropertyValueSpecification\",\"valueRequired\":true,\"valueName\":\"search_term_string\"}}],\"inLanguage\":\"pl-PL\"}]}<\/script>\n<!-- \/ Yoast SEO plugin. -->","yoast_head_json":{"title":"Os\u0142ona przeciwwietrzna Insta360 Ace Pro 2 Wind Guard - IRONSKY.PL Sklep z Dronami","description":"Os\u0142ona przeciwwietrzna Insta360 Ace Pro 2 Wind Guard - \u2705 sklep z dronami i fachowym doradztwem. \u2705 Tutaj kupisz produkty DJI, Yuneec, Parrot, Syma i wiele innych, a tak\u017ce kursy i licencje na operatora drona.","robots":{"index":"index","follow":"follow","max-snippet":"max-snippet:-1","max-image-preview":"max-image-preview:large","max-video-preview":"max-video-preview:-1"},"canonical":"https:\/\/ironsky.pl\/sklep\/produkt\/oslona-przeciwwietrzna-insta360-ace-pro-2-wind-guard\/","og_locale":"pl_PL","og_type":"article","og_title":"Os\u0142ona przeciwwietrzna Insta360 Ace Pro 2 Wind Guard - IRONSKY.PL Sklep z Dronami","og_description":"Os\u0142ona przeciwwietrzna Insta360 Ace Pro 2 Wind Guard - \u2705 sklep z dronami i fachowym doradztwem. \u2705 Tutaj kupisz produkty DJI, Yuneec, Parrot, Syma i wiele innych, a tak\u017ce kursy i licencje na operatora drona.","og_url":"https:\/\/ironsky.pl\/sklep\/produkt\/oslona-przeciwwietrzna-insta360-ace-pro-2-wind-guard\/","og_site_name":"IRONSKY.PL Sklep z Dronami","article_modified_time":"2026-03-05T14:55:30+00:00","og_image":[{"width":800,"height":800,"url":"https:\/\/ironsky.pl\/sklep\/wp-content\/uploads\/2025\/02\/48697_1.jpg","type":"image\/jpeg"}],"twitter_card":"summary_large_image","twitter_misc":{"Szacowany czas czytania":"1 minuta"},"schema":{"@context":"https:\/\/schema.org","@graph":[{"@type":"WebPage","@id":"https:\/\/ironsky.pl\/sklep\/produkt\/oslona-przeciwwietrzna-insta360-ace-pro-2-wind-guard\/","url":"https:\/\/ironsky.pl\/sklep\/produkt\/oslona-przeciwwietrzna-insta360-ace-pro-2-wind-guard\/","name":"Os\u0142ona przeciwwietrzna Insta360 Ace Pro 2 Wind Guard - IRONSKY.PL Sklep z Dronami","isPartOf":{"@id":"https:\/\/ironsky.pl\/sklep\/#website"},"primaryImageOfPage":{"@id":"https:\/\/ironsky.pl\/sklep\/produkt\/oslona-przeciwwietrzna-insta360-ace-pro-2-wind-guard\/#primaryimage"},"image":{"@id":"https:\/\/ironsky.pl\/sklep\/produkt\/oslona-przeciwwietrzna-insta360-ace-pro-2-wind-guard\/#primaryimage"},"thumbnailUrl":"https:\/\/ironsky.pl\/sklep\/wp-content\/uploads\/2025\/02\/48697_1.jpg","datePublished":"2025-02-13T16:10:26+00:00","dateModified":"2026-03-05T14:55:30+00:00","description":"Os\u0142ona przeciwwietrzna Insta360 Ace Pro 2 Wind Guard - \u2705 sklep z dronami i fachowym doradztwem. \u2705 Tutaj kupisz produkty DJI, Yuneec, Parrot, Syma i wiele innych, a tak\u017ce kursy i licencje na operatora drona.","breadcrumb":{"@id":"https:\/\/ironsky.pl\/sklep\/produkt\/oslona-przeciwwietrzna-insta360-ace-pro-2-wind-guard\/#breadcrumb"},"inLanguage":"pl-PL","potentialAction":[{"@type":"ReadAction","target":["https:\/\/ironsky.pl\/sklep\/produkt\/oslona-przeciwwietrzna-insta360-ace-pro-2-wind-guard\/"]}]},{"@type":"ImageObject","inLanguage":"pl-PL","@id":"https:\/\/ironsky.pl\/sklep\/produkt\/oslona-przeciwwietrzna-insta360-ace-pro-2-wind-guard\/#primaryimage","url":"https:\/\/ironsky.pl\/sklep\/wp-content\/uploads\/2025\/02\/48697_1.jpg","contentUrl":"https:\/\/ironsky.pl\/sklep\/wp-content\/uploads\/2025\/02\/48697_1.jpg","width":800,"height":800},{"@type":"BreadcrumbList","@id":"https:\/\/ironsky.pl\/sklep\/produkt\/oslona-przeciwwietrzna-insta360-ace-pro-2-wind-guard\/#breadcrumb","itemListElement":[{"@type":"ListItem","position":1,"name":"Strona g\u0142\u00f3wna","item":"https:\/\/ironsky.pl\/sklep\/"},{"@type":"ListItem","position":2,"name":"Wszystkie produkty","item":"https:\/\/ironsky.pl\/sklep\/produkty\/"},{"@type":"ListItem","position":3,"name":"Os\u0142ona przeciwwietrzna Insta360 Ace Pro 2 Wind Guard"}]},{"@type":"WebSite","@id":"https:\/\/ironsky.pl\/sklep\/#website","url":"https:\/\/ironsky.pl\/sklep\/","name":"IRONSKY.PL Sklep z Dronami","description":"IRONSKY.PL Sklep z Dronami","potentialAction":[{"@type":"SearchAction","target":{"@type":"EntryPoint","urlTemplate":"https:\/\/ironsky.pl\/sklep\/?s={search_term_string}"},"query-input":{"@type":"PropertyValueSpecification","valueRequired":true,"valueName":"search_term_string"}}],"inLanguage":"pl-PL"}]}},"_links":{"self":[{"href":"https:\/\/ironsky.pl\/sklep\/wp-json\/wp\/v2\/product\/38280","targetHints":{"allow":["GET"]}}],"collection":[{"href":"https:\/\/ironsky.pl\/sklep\/wp-json\/wp\/v2\/product"}],"about":[{"href":"https:\/\/ironsky.pl\/sklep\/wp-json\/wp\/v2\/types\/product"}],"replies":[{"embeddable":true,"href":"https:\/\/ironsky.pl\/sklep\/wp-json\/wp\/v2\/comments?post=38280"}],"wp:featuredmedia":[{"embeddable":true,"href":"https:\/\/ironsky.pl\/sklep\/wp-json\/wp\/v2\/media\/38281"}],"wp:attachment":[{"href":"https:\/\/ironsky.pl\/sklep\/wp-json\/wp\/v2\/media?parent=38280"}],"wp:term":[{"taxonomy":"product_brand","embeddable":true,"href":"https:\/\/ironsky.pl\/sklep\/wp-json\/wp\/v2\/product_brand?post=38280"},{"taxonomy":"product_cat","embeddable":true,"href":"https:\/\/ironsky.pl\/sklep\/wp-json\/wp\/v2\/product_cat?post=38280"},{"taxonomy":"product_tag","embeddable":true,"href":"https:\/\/ironsky.pl\/sklep\/wp-json\/wp\/v2\/product_tag?post=38280"}],"curies":[{"name":"wp","href":"https:\/\/api.w.org\/{rel}","templated":true}]}}