{"id":37878,"date":"2025-02-13T17:07:52","date_gmt":"2025-02-13T16:07:52","guid":{"rendered":"https:\/\/ironsky.pl\/drony-sklep\/produkt\/powerbank-ze-swiatlem-joyroom-jr-pbf10-100w-75000mah\/"},"modified":"2026-03-05T15:55:16","modified_gmt":"2026-03-05T14:55:16","slug":"powerbank-ze-swiatlem-joyroom-jr-pbf10-100w-75000mah","status":"publish","type":"product","link":"https:\/\/ironsky.pl\/sklep\/produkt\/powerbank-ze-swiatlem-joyroom-jr-pbf10-100w-75000mah\/","title":{"rendered":"Powerbank ze \u015bwiat\u0142em Joyroom JR-PBF10 100W 75000mAh"},"content":{"rendered":"<h3>Powerbank ze \u015bwiat\u0142em Joyroom JR-PBF10 100W 75000mAh<\/h3>\n<p>Powerbank Joyroom JR-PBF10 to doskona\u0142e po\u0142\u0105czenie mocy, funkcjonalno\u015bci i niezawodno\u015bci. Niezale\u017cnie od tego, czy jeste\u015b profesjonalist\u0105 pracuj\u0105cym w terenie, mi\u0142o\u015bnikiem outdooru czy potrzebujesz pewnego \u017ar\u00f3d\u0142a energii na co dzie\u0144, JR-PBF10 spe\u0142ni wszystkie Twoje oczekiwania. Inwestuj\u0105c w ten powerbank, zyskujesz wszechstronne i trwa\u0142e rozwi\u0105zanie, kt\u00f3re zawsze zapewni Ci energi\u0119 tam, gdzie jej najbardziej potrzebujesz. Nie czekaj \u2013 zapewnij sobie niezale\u017cno\u015b\u0107 energetyczn\u0105 ju\u017c dzi\u015b!<\/p>\n<p>\n<img decoding=\"async\" src=\"https:\/\/assets.innpro.pl\/10506\/12345\/1.jpg\" border=\"0\" \/>\n<\/p>\n<h3>Pot\u0119\u017cna pojemno\u015b\u0107 dla wszystkich potrzeb<\/h3>\n<p>Powerbank Joyroom JR-PBF10 to idealne rozwi\u0105zanie dla os\u00f3b, kt\u00f3re potrzebuj\u0105 niezawodnego \u017ar\u00f3d\u0142a energii w podr\u00f3\u017cy, podczas pracy w terenie czy na imprezach plenerowych. Dzi\u0119ki imponuj\u0105cej pojemno\u015bci 75000 mAh, ten zaawansowany powerbank pozwala na \u0142adowanie MacBooka Air a\u017c 4 razy, tabela do 7 razy, dron\u00f3w do 6 razy, konsoli Nintendo Switch do 14 razy, aparatu fotograficznego do 30 razy, oraz iPhone\u2019a 15 Pro Max a\u017c 15 razy. Ponadto powerbank posiada 8-krotnie d\u0142u\u017csz\u0105 \u017cywotno\u015b\u0107 akumulatora dzi\u0119ki technologii aktywnego r\u00f3wnowa\u017cenia klasy samochodowej, co przek\u0142ada si\u0119 na 2500 cykli \u0142adowania.<\/p>\n<p>\n<img decoding=\"async\" src=\"https:\/\/assets.innpro.pl\/10506\/12345\/2.jpg\" border=\"0\" \/>\n<\/p>\n<h3>Szybkie i efektywne \u0142adowanie<\/h3>\n<p>Wyposa\u017cony w technologi\u0119 super szybkiego \u0142adowania 100W, Joyroom JR-PBF10 pozwala na na\u0142adowanie MacBooka Pro 14\u201d do 50% i iPhone\u2019a 15 do 60% w zaledwie 30 minut. Powerbank wspiera najnowsze protoko\u0142y szybkiego \u0142adowania PD3.0 i QC3.0, co gwarantuje szybkie i bezpieczne \u0142adowanie Twoich urz\u0105dze\u0144.<\/p>\n<p>\n<img decoding=\"async\" src=\"https:\/\/assets.innpro.pl\/10506\/12345\/6.jpg\" border=\"0\" \/>\n<\/p>\n<h3>Wszechstronna \u0142\u0105czno\u015b\u0107 i monitorowanie<\/h3>\n<p>JR-PBF10 umo\u017cliwia jednoczesne \u0142adowanie a\u017c 6 urz\u0105dze\u0144 dzi\u0119ki 3 portom USB-C i 3 portom USB-A. Czytelny i wyra\u017any wy\u015bwietlacz LED pozwala na \u0142atwe monitorowanie stanu na\u0142adowania akumulatora, zapewniaj\u0105c pe\u0142n\u0105 kontrol\u0119 nad energi\u0105. Pomaga to nie tylko w zaoszcz\u0119dzeniu energii, ale r\u00f3wnie\u017c w ochronie sprz\u0119tu przed prze\u0142adowaniem.\u00a0<\/p>\n<p>\n<img decoding=\"async\" src=\"https:\/\/assets.innpro.pl\/10506\/12345\/5.jpg\" border=\"0\" \/>\n<\/p>\n<h3>Wielofunkcyjno\u015b\u0107 i bezpiecze\u0144stwo<\/h3>\n<p>Powerbank oferuje a\u017c 4 sposoby \u0142adowania samego siebie \u2014 przez kabel USB-C, gniazdko samochodowe, panele s\u0142oneczne i za pomoc\u0105 \u0142adowania DC. Dodatkowo wyposa\u017cony jest w wysuwan\u0105 lamp\u0119 LED z 6 opcjami kolorystycznymi oraz funkcj\u0105 migaj\u0105cego \u015bwiat\u0142a SOS, kt\u00f3re umo\u017cliwia sygnalizacj\u0119 w sytuacjach awaryjnych. Alarm d\u017awi\u0119kowy zapewnia dodatkowe bezpiecze\u0144stwo, gdy potrzebujesz natychmiastowej pomocy.<\/p>\n<p>\n<img decoding=\"async\" src=\"https:\/\/assets.innpro.pl\/10506\/12345\/9.jpg\" border=\"0\" \/>\n<\/p>\n<h3>Kompaktowy i praktyczny design<\/h3>\n<p>Mimo swojej pot\u0119\u017cnej mocy JR-PBF10 cechuje si\u0119 lekk\u0105 wag\u0105 i kompaktowymi wymiarami, co pozwala na \u0142atwe przenoszenie. Zintegrowana r\u0105czka u\u0142atwia transport, dzi\u0119ki czemu mo\u017cesz zabra\u0107 go ze sob\u0105 wsz\u0119dzie. Powerbank jest kompatybilny z szerok\u0105 gam\u0105 urz\u0105dze\u0144, takich jak laptopy, smartfony, tablety, drony, kamery GoPro, konsole przeno\u015bne, smartwatche, s\u0142uchawki bezprzewodowe, itd. Ta kompatybilno\u015b\u0107 sprawia, \u017ce powerbank jest idealnym gad\u017cetem dla ka\u017cdego u\u017cytkownika.<\/p>\n<p>\n<img decoding=\"async\" src=\"https:\/\/assets.innpro.pl\/10506\/12345\/3.jpg\" border=\"0\" \/>\n<\/p>\n<h3>W zestawie<\/h3>\n<ul class=\"list-disc pl-5\">\n<li>powerbank<\/li>\n<li>kabel USB-C do USB-C 1.2m<\/li>\n<li>instrukcja obs\u0142ugi<\/li>\n<\/ul>\n<div class=\"table-wrapper\">\n<p>\u00a0<\/p>\n<h3><\/h3>\n<table>\n<tbody>\n<tr>\n<th>Producent<\/th>\n<td>Joyroom<\/td>\n<\/tr>\n<tr>\n<th>Model<\/th>\n<td>JR-PBF10<\/td>\n<\/tr>\n<tr>\n<th>Pe\u0142na nazwa<\/th>\n<td>100W Super Large Capacity Power Bank With Retractable Light 75000mAh<\/td>\n<\/tr>\n<tr>\n<th>Akumulator<\/th>\n<td>litowo-jonowy<\/td>\n<\/tr>\n<tr>\n<th>Pojemno\u015b\u0107 akumulatora<\/th>\n<td>75000 mAh 3,2 V (240 Wh) <\/td>\n<\/tr>\n<tr>\n<th>Pojemno\u015b\u0107 znamionowa<\/th>\n<td>43000 mAh (5 V = 3,0 A)<\/td>\n<\/tr>\n<tr>\n<th>Wej\u015bcie C1<\/th>\n<td>5 V = 3,0 A, 9 V = 3,0 A, 12 V = 3,0 A, 15 V = 3,0 A, 20 V = 5,0 A (maks. 100 W)<\/td>\n<\/tr>\n<tr>\n<th>Wej\u015bcie DC<\/th>\n<td>DC 5-20 V (maks. 100 W)<\/td>\n<\/tr>\n<tr>\n<th>Wyj\u015bcie C1<\/th>\n<td>5 V = 3,0 A, 9 V = 3,0 A, 12 V = 3,0 A, 15 V = 3,0 A, 20 V = 5,0 A (maks. 100 W)<\/td>\n<\/tr>\n<tr>\n<th>Wyj\u015bcie C2 i C3<\/th>\n<td>5 V = 3,0 A, 9 V = 3,0 A, 12 V = 3,0 A, 15 V = 3,0 A, 20 V = 3,25 A (maks. 65 W)<\/td>\n<\/tr>\n<tr>\n<th>Wyj\u015bcie A1 i A2<\/th>\n<td>4,5 V = 5,0 A, 5 V = 4,5 A, 9 V = 2,0 A, 12 V = 1,5 A (maks. 22,5 W)<\/td>\n<\/tr>\n<tr>\n<th>Wyj\u015bcie A3<\/th>\n<td>5 V = 2,4 A (maks. 12 W)<\/td>\n<\/tr>\n<tr>\n<th>Ca\u0142kowita moc wyj\u015bciowa<\/th>\n<td>maks. 100 W<\/td>\n<\/tr>\n<tr>\n<th>Rozmiar<\/th>\n<td>202 x 109 x 110 mm<\/td>\n<\/tr>\n<tr>\n<th>Materia\u0142 wykonania<\/th>\n<td>materia\u0142 ognioodporny PC + ABS<\/td>\n<\/tr>\n<tr>\n<th>Waga<\/th>\n<td>2415g<\/td>\n<\/tr>\n<tr>\n<th>Kolor<\/th>\n<td>oliwkowy<\/td>\n<\/tr>\n<tr>\n<th>Dodatkowe funkcje<\/th>\n<td>alarm d\u017awi\u0119kowy, alarm \u015bwietlny SOS<\/td>\n<\/tr>\n<\/tbody>\n<\/table>\n<\/div>\n","protected":false},"excerpt":{"rendered":"<p>Powerbank ze \u015bwiat\u0142em Joyroom JR-PBF10 100W 75000mAh Powerbank Joyroom JR-PBF10 to doskona\u0142e po\u0142\u0105czenie mocy, funkcjonalno\u015bci i niezawodno\u015bci. Niezale\u017cnie od tego,<\/p>\n","protected":false},"featured_media":37879,"comment_status":"closed","ping_status":"open","template":"","meta":{"_acf_changed":false},"product_brand":[],"product_cat":[1108,1113],"product_tag":[],"class_list":{"0":"post-37878","1":"product","2":"type-product","3":"status-publish","4":"has-post-thumbnail","6":"product_cat-energia","7":"product_cat-powerbanki","8":"pa_okres-gwarancji-5754","9":"pa_producent-joyroom","11":"first","12":"outofstock","13":"taxable","14":"shipping-taxable","15":"purchasable","16":"product-type-simple"},"acf":[],"yoast_head":"<!-- This site is optimized with the Yoast SEO plugin v27.2 - https:\/\/yoast.com\/product\/yoast-seo-wordpress\/ -->\n<title>Powerbank ze \u015bwiat\u0142em Joyroom JR-PBF10 100W 75000mAh - IRONSKY.PL Sklep z Dronami<\/title>\n<meta name=\"description\" content=\"Powerbank ze \u015bwiat\u0142em Joyroom JR-PBF10 100W 75000mAh - \u2705 sklep z dronami i fachowym doradztwem. \u2705 Tutaj kupisz produkty DJI, Yuneec, Parrot, Syma i wiele innych, a tak\u017ce kursy i licencje na operatora drona.\" \/>\n<meta name=\"robots\" content=\"index, follow, max-snippet:-1, max-image-preview:large, max-video-preview:-1\" \/>\n<link rel=\"canonical\" href=\"https:\/\/ironsky.pl\/sklep\/produkt\/powerbank-ze-swiatlem-joyroom-jr-pbf10-100w-75000mah\/\" \/>\n<meta property=\"og:locale\" content=\"pl_PL\" \/>\n<meta property=\"og:type\" content=\"article\" \/>\n<meta property=\"og:title\" content=\"Powerbank ze \u015bwiat\u0142em Joyroom JR-PBF10 100W 75000mAh - IRONSKY.PL Sklep z Dronami\" \/>\n<meta property=\"og:description\" content=\"Powerbank ze \u015bwiat\u0142em Joyroom JR-PBF10 100W 75000mAh - \u2705 sklep z dronami i fachowym doradztwem. \u2705 Tutaj kupisz produkty DJI, Yuneec, Parrot, Syma i wiele innych, a tak\u017ce kursy i licencje na operatora drona.\" \/>\n<meta property=\"og:url\" content=\"https:\/\/ironsky.pl\/sklep\/produkt\/powerbank-ze-swiatlem-joyroom-jr-pbf10-100w-75000mah\/\" \/>\n<meta property=\"og:site_name\" content=\"IRONSKY.PL Sklep z Dronami\" \/>\n<meta property=\"article:modified_time\" content=\"2026-03-05T14:55:16+00:00\" \/>\n<meta property=\"og:image\" content=\"https:\/\/ironsky.pl\/sklep\/wp-content\/uploads\/2025\/02\/47591_1.jpg\" \/>\n\t<meta property=\"og:image:width\" content=\"800\" \/>\n\t<meta property=\"og:image:height\" content=\"800\" \/>\n\t<meta property=\"og:image:type\" content=\"image\/jpeg\" \/>\n<meta name=\"twitter:card\" content=\"summary_large_image\" \/>\n<meta name=\"twitter:label1\" content=\"Szacowany czas czytania\" \/>\n\t<meta name=\"twitter:data1\" content=\"3 minuty\" \/>\n<script type=\"application\/ld+json\" class=\"yoast-schema-graph\">{\"@context\":\"https:\/\/schema.org\",\"@graph\":[{\"@type\":\"WebPage\",\"@id\":\"https:\/\/ironsky.pl\/sklep\/produkt\/powerbank-ze-swiatlem-joyroom-jr-pbf10-100w-75000mah\/\",\"url\":\"https:\/\/ironsky.pl\/sklep\/produkt\/powerbank-ze-swiatlem-joyroom-jr-pbf10-100w-75000mah\/\",\"name\":\"Powerbank ze \u015bwiat\u0142em Joyroom JR-PBF10 100W 75000mAh - IRONSKY.PL Sklep z Dronami\",\"isPartOf\":{\"@id\":\"https:\/\/ironsky.pl\/sklep\/#website\"},\"primaryImageOfPage\":{\"@id\":\"https:\/\/ironsky.pl\/sklep\/produkt\/powerbank-ze-swiatlem-joyroom-jr-pbf10-100w-75000mah\/#primaryimage\"},\"image\":{\"@id\":\"https:\/\/ironsky.pl\/sklep\/produkt\/powerbank-ze-swiatlem-joyroom-jr-pbf10-100w-75000mah\/#primaryimage\"},\"thumbnailUrl\":\"https:\/\/ironsky.pl\/sklep\/wp-content\/uploads\/2025\/02\/47591_1.jpg\",\"datePublished\":\"2025-02-13T16:07:52+00:00\",\"dateModified\":\"2026-03-05T14:55:16+00:00\",\"description\":\"Powerbank ze \u015bwiat\u0142em Joyroom JR-PBF10 100W 75000mAh - \u2705 sklep z dronami i fachowym doradztwem. \u2705 Tutaj kupisz produkty DJI, Yuneec, Parrot, Syma i wiele innych, a tak\u017ce kursy i licencje na operatora drona.\",\"breadcrumb\":{\"@id\":\"https:\/\/ironsky.pl\/sklep\/produkt\/powerbank-ze-swiatlem-joyroom-jr-pbf10-100w-75000mah\/#breadcrumb\"},\"inLanguage\":\"pl-PL\",\"potentialAction\":[{\"@type\":\"ReadAction\",\"target\":[\"https:\/\/ironsky.pl\/sklep\/produkt\/powerbank-ze-swiatlem-joyroom-jr-pbf10-100w-75000mah\/\"]}]},{\"@type\":\"ImageObject\",\"inLanguage\":\"pl-PL\",\"@id\":\"https:\/\/ironsky.pl\/sklep\/produkt\/powerbank-ze-swiatlem-joyroom-jr-pbf10-100w-75000mah\/#primaryimage\",\"url\":\"https:\/\/ironsky.pl\/sklep\/wp-content\/uploads\/2025\/02\/47591_1.jpg\",\"contentUrl\":\"https:\/\/ironsky.pl\/sklep\/wp-content\/uploads\/2025\/02\/47591_1.jpg\",\"width\":800,\"height\":800},{\"@type\":\"BreadcrumbList\",\"@id\":\"https:\/\/ironsky.pl\/sklep\/produkt\/powerbank-ze-swiatlem-joyroom-jr-pbf10-100w-75000mah\/#breadcrumb\",\"itemListElement\":[{\"@type\":\"ListItem\",\"position\":1,\"name\":\"Strona g\u0142\u00f3wna\",\"item\":\"https:\/\/ironsky.pl\/sklep\/\"},{\"@type\":\"ListItem\",\"position\":2,\"name\":\"Wszystkie produkty\",\"item\":\"https:\/\/ironsky.pl\/sklep\/produkty\/\"},{\"@type\":\"ListItem\",\"position\":3,\"name\":\"Powerbank ze \u015bwiat\u0142em Joyroom JR-PBF10 100W 75000mAh\"}]},{\"@type\":\"WebSite\",\"@id\":\"https:\/\/ironsky.pl\/sklep\/#website\",\"url\":\"https:\/\/ironsky.pl\/sklep\/\",\"name\":\"IRONSKY.PL Sklep z Dronami\",\"description\":\"IRONSKY.PL Sklep z Dronami\",\"potentialAction\":[{\"@type\":\"SearchAction\",\"target\":{\"@type\":\"EntryPoint\",\"urlTemplate\":\"https:\/\/ironsky.pl\/sklep\/?s={search_term_string}\"},\"query-input\":{\"@type\":\"PropertyValueSpecification\",\"valueRequired\":true,\"valueName\":\"search_term_string\"}}],\"inLanguage\":\"pl-PL\"}]}<\/script>\n<!-- \/ Yoast SEO plugin. -->","yoast_head_json":{"title":"Powerbank ze \u015bwiat\u0142em Joyroom JR-PBF10 100W 75000mAh - IRONSKY.PL Sklep z Dronami","description":"Powerbank ze \u015bwiat\u0142em Joyroom JR-PBF10 100W 75000mAh - \u2705 sklep z dronami i fachowym doradztwem. \u2705 Tutaj kupisz produkty DJI, Yuneec, Parrot, Syma i wiele innych, a tak\u017ce kursy i licencje na operatora drona.","robots":{"index":"index","follow":"follow","max-snippet":"max-snippet:-1","max-image-preview":"max-image-preview:large","max-video-preview":"max-video-preview:-1"},"canonical":"https:\/\/ironsky.pl\/sklep\/produkt\/powerbank-ze-swiatlem-joyroom-jr-pbf10-100w-75000mah\/","og_locale":"pl_PL","og_type":"article","og_title":"Powerbank ze \u015bwiat\u0142em Joyroom JR-PBF10 100W 75000mAh - IRONSKY.PL Sklep z Dronami","og_description":"Powerbank ze \u015bwiat\u0142em Joyroom JR-PBF10 100W 75000mAh - \u2705 sklep z dronami i fachowym doradztwem. \u2705 Tutaj kupisz produkty DJI, Yuneec, Parrot, Syma i wiele innych, a tak\u017ce kursy i licencje na operatora drona.","og_url":"https:\/\/ironsky.pl\/sklep\/produkt\/powerbank-ze-swiatlem-joyroom-jr-pbf10-100w-75000mah\/","og_site_name":"IRONSKY.PL Sklep z Dronami","article_modified_time":"2026-03-05T14:55:16+00:00","og_image":[{"width":800,"height":800,"url":"https:\/\/ironsky.pl\/sklep\/wp-content\/uploads\/2025\/02\/47591_1.jpg","type":"image\/jpeg"}],"twitter_card":"summary_large_image","twitter_misc":{"Szacowany czas czytania":"3 minuty"},"schema":{"@context":"https:\/\/schema.org","@graph":[{"@type":"WebPage","@id":"https:\/\/ironsky.pl\/sklep\/produkt\/powerbank-ze-swiatlem-joyroom-jr-pbf10-100w-75000mah\/","url":"https:\/\/ironsky.pl\/sklep\/produkt\/powerbank-ze-swiatlem-joyroom-jr-pbf10-100w-75000mah\/","name":"Powerbank ze \u015bwiat\u0142em Joyroom JR-PBF10 100W 75000mAh - IRONSKY.PL Sklep z Dronami","isPartOf":{"@id":"https:\/\/ironsky.pl\/sklep\/#website"},"primaryImageOfPage":{"@id":"https:\/\/ironsky.pl\/sklep\/produkt\/powerbank-ze-swiatlem-joyroom-jr-pbf10-100w-75000mah\/#primaryimage"},"image":{"@id":"https:\/\/ironsky.pl\/sklep\/produkt\/powerbank-ze-swiatlem-joyroom-jr-pbf10-100w-75000mah\/#primaryimage"},"thumbnailUrl":"https:\/\/ironsky.pl\/sklep\/wp-content\/uploads\/2025\/02\/47591_1.jpg","datePublished":"2025-02-13T16:07:52+00:00","dateModified":"2026-03-05T14:55:16+00:00","description":"Powerbank ze \u015bwiat\u0142em Joyroom JR-PBF10 100W 75000mAh - \u2705 sklep z dronami i fachowym doradztwem. \u2705 Tutaj kupisz produkty DJI, Yuneec, Parrot, Syma i wiele innych, a tak\u017ce kursy i licencje na operatora drona.","breadcrumb":{"@id":"https:\/\/ironsky.pl\/sklep\/produkt\/powerbank-ze-swiatlem-joyroom-jr-pbf10-100w-75000mah\/#breadcrumb"},"inLanguage":"pl-PL","potentialAction":[{"@type":"ReadAction","target":["https:\/\/ironsky.pl\/sklep\/produkt\/powerbank-ze-swiatlem-joyroom-jr-pbf10-100w-75000mah\/"]}]},{"@type":"ImageObject","inLanguage":"pl-PL","@id":"https:\/\/ironsky.pl\/sklep\/produkt\/powerbank-ze-swiatlem-joyroom-jr-pbf10-100w-75000mah\/#primaryimage","url":"https:\/\/ironsky.pl\/sklep\/wp-content\/uploads\/2025\/02\/47591_1.jpg","contentUrl":"https:\/\/ironsky.pl\/sklep\/wp-content\/uploads\/2025\/02\/47591_1.jpg","width":800,"height":800},{"@type":"BreadcrumbList","@id":"https:\/\/ironsky.pl\/sklep\/produkt\/powerbank-ze-swiatlem-joyroom-jr-pbf10-100w-75000mah\/#breadcrumb","itemListElement":[{"@type":"ListItem","position":1,"name":"Strona g\u0142\u00f3wna","item":"https:\/\/ironsky.pl\/sklep\/"},{"@type":"ListItem","position":2,"name":"Wszystkie produkty","item":"https:\/\/ironsky.pl\/sklep\/produkty\/"},{"@type":"ListItem","position":3,"name":"Powerbank ze \u015bwiat\u0142em Joyroom JR-PBF10 100W 75000mAh"}]},{"@type":"WebSite","@id":"https:\/\/ironsky.pl\/sklep\/#website","url":"https:\/\/ironsky.pl\/sklep\/","name":"IRONSKY.PL Sklep z Dronami","description":"IRONSKY.PL Sklep z Dronami","potentialAction":[{"@type":"SearchAction","target":{"@type":"EntryPoint","urlTemplate":"https:\/\/ironsky.pl\/sklep\/?s={search_term_string}"},"query-input":{"@type":"PropertyValueSpecification","valueRequired":true,"valueName":"search_term_string"}}],"inLanguage":"pl-PL"}]}},"_links":{"self":[{"href":"https:\/\/ironsky.pl\/sklep\/wp-json\/wp\/v2\/product\/37878","targetHints":{"allow":["GET"]}}],"collection":[{"href":"https:\/\/ironsky.pl\/sklep\/wp-json\/wp\/v2\/product"}],"about":[{"href":"https:\/\/ironsky.pl\/sklep\/wp-json\/wp\/v2\/types\/product"}],"replies":[{"embeddable":true,"href":"https:\/\/ironsky.pl\/sklep\/wp-json\/wp\/v2\/comments?post=37878"}],"wp:featuredmedia":[{"embeddable":true,"href":"https:\/\/ironsky.pl\/sklep\/wp-json\/wp\/v2\/media\/37879"}],"wp:attachment":[{"href":"https:\/\/ironsky.pl\/sklep\/wp-json\/wp\/v2\/media?parent=37878"}],"wp:term":[{"taxonomy":"product_brand","embeddable":true,"href":"https:\/\/ironsky.pl\/sklep\/wp-json\/wp\/v2\/product_brand?post=37878"},{"taxonomy":"product_cat","embeddable":true,"href":"https:\/\/ironsky.pl\/sklep\/wp-json\/wp\/v2\/product_cat?post=37878"},{"taxonomy":"product_tag","embeddable":true,"href":"https:\/\/ironsky.pl\/sklep\/wp-json\/wp\/v2\/product_tag?post=37878"}],"curies":[{"name":"wp","href":"https:\/\/api.w.org\/{rel}","templated":true}]}}