{"id":37761,"date":"2025-02-13T17:07:17","date_gmt":"2025-02-13T16:07:17","guid":{"rendered":"https:\/\/ironsky.pl\/drony-sklep\/produkt\/zestaw-ecoflow-delta-2-max-mikroinwerter-powerstream-800w\/"},"modified":"2026-03-05T15:55:12","modified_gmt":"2026-03-05T14:55:12","slug":"zestaw-ecoflow-delta-2-max-mikroinwerter-powerstream-800w","status":"publish","type":"product","link":"https:\/\/ironsky.pl\/sklep\/produkt\/zestaw-ecoflow-delta-2-max-mikroinwerter-powerstream-800w\/","title":{"rendered":"Zestaw EcoFlow Delta 2 Max + mikroinwerter PowerStream 800W"},"content":{"rendered":"<h3>Zestaw EcoFlow Delta 2 Max + mikroinwerter PowerStream 800W<\/h3>\n<p>EcoFlow prezentuje doskona\u0142y zestaw \u2014 przeno\u015bn\u0105 stacj\u0119 zasilania Delta 2 Max oraz mikroinwerter PowerSteam. Zestaw ten pozwoli Ci na wygodne i efektywne zasilanie r\u00f3\u017cnych urz\u0105dze\u0144 w Twoim domu, niezale\u017cnie od sytuacji, w kt\u00f3rej si\u0119 znajdujesz. Dodatkowo mikroinwerter pozwala na \u0142atwe korzystanie z ekologicznej energii s\u0142onecznej, a mo\u017cliwo\u015b\u0107 pod\u0142\u0105czenia innych urz\u0105dze\u0144 (np. gniazdka Smart Plug lub paneli fotowoltaicznych) zwi\u0119ksza swobod\u0119 podczas u\u017cytkowania i otwiera nowe mo\u017cliwo\u015bci. Postaw na profesjonalizm i niezawodn\u0105 moc z zestawem EcoFlow.<\/p>\n<p><img decoding=\"async\" src=\"https:\/\/assets.innpro.pl\/9637\/11245\/9.jpg\" border=\"0\" alt=\"\"><\/p>\n<h3>Moc i precyzja<\/h3>\n<p>Delta 2 Max mo\u017ce by\u0107 zasilana na dwa sposoby \u2014 dzi\u0119ki dw\u00f3m panelom o mocy 400W lub czterem panelom o mocy 220W, co dba o \u015brodowisko. Ta metoda pozwala na korzystanie ze stacji w zamkni\u0119tych pomieszczeniach, poniewa\u017c nie wytwarza niebezpiecznych gaz\u00f3w. Jest kompatybilna ze wszystkimi urz\u0105dzeniami EcoFlow, co zwi\u0119ksza komfort i swobod\u0119 u\u017cytkowania. Mikroinwerter umo\u017cliwia pod\u0142\u0105czenie paneli fotowoltaicznych o mocy do 800W, a wszelkie nadwy\u017cki pozyskanej przez panele energii gromadz\u0105 si\u0119 w stacji zasilania, co pozwala w zaoszcz\u0119dzeniu pr\u0105du i pieni\u0119dzy.<\/p>\n<p><img decoding=\"async\" src=\"https:\/\/assets.innpro.pl\/9637\/11245\/1.jpg\" border=\"0\" alt=\"\"><\/p>\n<h3>Szybkie \u0142adowanie stacji oraz praca w ka\u017cdych warunkach<\/h3>\n<p>Stacja Delta Max 2 posiada pojemno\u015b\u0107 wynosz\u0105c\u0105 2048 Wh, a do tego mo\u017cesz rozszerzy\u0107 j\u0105 do 6144 Wh. Ju\u017c w zaledwie 53 minuty, na\u0142adujesz j\u0105 do 80%, a wszystko to za pomoc\u0105 technologii X-Stream. Szybkie \u0142adowanie solarne sprawia, \u017ce do ca\u0142kowitego na\u0142adowania stacji b\u0119dziesz potrzebowa\u0107 zaledwie 3 godziny. Ponadto mikroinwerter PowerSteam jest kompatybilny ze wszystkimi stacjami EcoFlow o pojemno\u015bci od 256 Wh do 3,6 kWh, dzi\u0119ki czemu przeczekasz przed\u0142u\u017caj\u0105ce si\u0119 awarie pr\u0105du.<\/p>\n<p><img decoding=\"async\" src=\"https:\/\/assets.innpro.pl\/9637\/11245\/7.jpg\" border=\"0\" alt=\"\"><\/p>\n<h3>Zasilaj r\u00f3\u017cnorodne urz\u0105dzenia<\/h3>\n<p>Stacja EcoFlow wyr\u00f3\u017cnia si\u0119 szerok\u0105 uniwersalno\u015bci\u0105, dzi\u0119ki kt\u00f3rej zasila do 99% urz\u0105dze\u0144 o mocy wyj\u015bciowej do 2400 W. Technologia X-Boost pomaga w zasilaniu niekt\u00f3rych urz\u0105dze\u0144 o mocy do 3100 W, a co za tym idzie, Delta Max 2 dostarcza energi\u0119 takim urz\u0105dzeniom jak spawarki, podgrzewacze wody, lod\u00f3wki, itd. W przypadku przerwy w dostawie pr\u0105du stacja zasilania prze\u0142\u0105cza si\u0119 automatycznie w tryb zasilania z akumulatora w czasie kr\u00f3tszym ni\u017c 30 ms i zapewnia stabilne zasilanie nawet dla 13 urz\u0105dze\u0144 jednocze\u015bnie. Z pomoc\u0105 mikroinwertera automatycznie rozdzielisz odpowiedni\u0105 ilo\u015b\u0107 pr\u0105du, a nadwy\u017cki przeka\u017cesz do stacji, co znacz\u0105co u\u0142atwi oszcz\u0119dzanie pr\u0105du.<\/p>\n<p><img decoding=\"async\" src=\"https:\/\/assets.innpro.pl\/9637\/11245\/3.jpg\" border=\"0\" alt=\"\"><\/p>\n<h3>Prosty monta\u017c i wydajny akumulator<\/h3>\n<p>Mikroinwerter wykorzystuje monta\u017c typu plug &amp; play, co sprawia, \u017ce instalacja jest prosta i wygodna. Posiada porty do podpi\u0119cia paneli fotowoltaicznych i stacji zasilania, oraz port wyj\u015bciowy AC. Stacja Delta Max 2 zosta\u0142a wyposa\u017cona w akumulatory LFP, kt\u00f3re zapewniaj\u0105 d\u0142u\u017csz\u0105 \u017cywotno\u015b\u0107 oraz wykazuje do 3000 cykli \u017cywotno\u015bci przed osi\u0105gni\u0119ciem 80% pojemno\u015bci, co pozwala na a\u017c 10 lat zasilania urz\u0105dze\u0144. Jest to niezb\u0119dne podczas codziennego u\u017cytkowania.<\/p>\n<p><img decoding=\"async\" src=\"https:\/\/assets.innpro.pl\/9637\/11245\/4.jpg\" border=\"0\" alt=\"\"><\/p>\n<h3>Bezpieczne u\u017cytkowanie i \u0142atwa kontrola<\/h3>\n<p>Stacja zasilaj\u0105ca zosta\u0142a wykonana z najwy\u017cszej jako\u015bci materia\u0142\u00f3w, co chroni j\u0105 przed silnymi uderzeniami i upadkami, a dodatkowo zapewnia bezpieczne u\u017cytkowanie. Konstrukcja stacji jest ognioodporna, dzi\u0119ki czemu nie musisz martwi\u0107 si\u0119 o przegrzania czy spi\u0119cia, a miedziowane przewody zosta\u0142y owini\u0119te polimerem dla lepszego ch\u0142odzenia i wytrzyma\u0142o\u015bci. Mo\u017cesz sterowa\u0107 stacj\u0105 za pomoc\u0105 aplikacji dzi\u0119ki Wi-Fi lub Bluetooth, co otwiera takie mo\u017cliwo\u015bci jak zindywidualizowanie zarz\u0105dzania zu\u017cyciem energii, zasilanie awaryjne, ustawianie pr\u0119dko\u015bci \u0142adowania AC, itd.<\/p>\n<p><img decoding=\"async\" src=\"https:\/\/assets.innpro.pl\/9637\/11245\/8.jpg\" border=\"0\" alt=\"\"><\/p>\n<h3>Komfortowe u\u017cytkowanie i wielozadaniowo\u015b\u0107<\/h3>\n<p>Delta 2 Max cechuje lekka waga 23kg, co pozwala na \u0142atwy transport. Dodatkowo jej cicha praca (oko\u0142o 30 dB) zapewnia wygodne u\u017cytkowanie w dowolnym miejscu \u2014 jest o po\u0142ow\u0119 cichsza od d\u017awi\u0119ku w\u0142\u0105czonego wiatraka! Natomiast wielozadaniowo\u015b\u0107 i kompatybilno\u015b\u0107 mikroinwertera z wybranymi panelami fotowoltaicznymi i inteligentnymi gniazdkami SmartPlug pozwala na mo\u017cliwo\u015b\u0107 konfiguracji i rozbudow\u0119, co mo\u017cna zastosowa\u0107 w r\u00f3\u017cnych miejscach, np. na balkonie, na tarasie, w ogrodzie czy w gara\u017cu. Uwaga: je\u015bli mikroinwerter PowerStream jest pod\u0142\u0105czony tylko do stacji, mo\u017ce da\u0107 maksymalnie 600 W do sieci. Aby uzyska\u0107 wi\u0119cej mocy (do 800 W), nale\u017cy jednocze\u015bnie pod\u0142\u0105czy\u0107 stacj\u0119 zasilania i panele fotowoltaiczne o mocy co najmniej 200 W.<\/p>\n<p><img decoding=\"async\" src=\"https:\/\/assets.innpro.pl\/9637\/11245\/6.jpg\" border=\"0\" alt=\"\"><\/p>\n<h3>W zestawie<\/h3>\n<p>Mikroinwerter PowerStream:<\/p>\n<ul>\n<li>Os\u0142ona zabezpieczaj\u0105ca<\/li>\n<li>Klucz do od\u0142\u0105czania przewod\u00f3w<\/li>\n<li>Kabel do paneli PV (MC4) 1m<\/li>\n<li>Kabel sieciowy AC 1,5m<\/li>\n<li>P\u0142ytka do monta\u017cu na \u015bcianie<\/li>\n<li>2x ko\u0142ek rozporowy M5*40<\/li>\n<li>3x \u015bruba M5*12<\/li>\n<li>2x \u015bruba ST5.5*25<\/li>\n<li>2x \u015bruba M6*20<\/li>\n<li>2x nakr\u0119tka M6<\/li>\n<\/ul>\n<p>Delta 2 Max:<\/p>\n<ul>\n<li>Kabel do \u0142adowania AC<\/li>\n<li>Kabel do \u0142adowania samochodowego<\/li>\n<li>Instrukcja obs\u0142ugi<\/li>\n<li>Karta gwarancyjna<\/li>\n<\/ul>\n<p>PowerStream kabel do stacji EcoFlow DELTA<\/p>\n<div class=\"table-wrapper\">\n<p>&nbsp;<\/p>\n<h3>Delta 2 Max<\/h3>\n<table>\n<tbody>\n<tr>\n<th><\/th>\n<td>Producent<\/td>\n<\/tr>\n<tr>\n<th>EcoFlow<\/th>\n<td>Model<\/td>\n<\/tr>\n<tr>\n<th>Delta 2 Max<\/th>\n<td>Pojemno\u015b\u0107<\/td>\n<\/tr>\n<tr>\n<th>2048 Wh (mo\u017cliwo\u015b\u0107 rozszerzenia do 6144 Wh)<\/th>\n<td>Port wej\u015bciowy AC<\/td>\n<\/tr>\n<tr>\n<th>X-Stream 2300W, 10A<\/th>\n<td>Port wyj\u015bciowy AC<\/td>\n<\/tr>\n<tr>\n<th>4 gniazda, 2400W (wzrost 4800W), X-Boost 3100W<\/th>\n<td>Port wyj\u015bciowy DC<\/td>\n<\/tr>\n<tr>\n<th>2 \u00d7 USB-A \/ 2 \u00d7 szybkie \u0142adowanie USB-A \/ 2 \u00d7 USB-C (100 W) \/ 1 \u00d7 samochodowe gniazdo zasilania \/ 2 \u00d7 DC5521<\/th>\n<td>Energia solarna<\/td>\n<\/tr>\n<tr>\n<th>Maks. 1000 W, 11 V-60 V, maks. 15 A; 500 W na port<\/th>\n<td>Akumulator<\/td>\n<\/tr>\n<tr>\n<th>Sk\u0142ad chemiczny LFP<\/th>\n<td>Ilo\u015b\u0107 cykli \u0142adowania<\/td>\n<\/tr>\n<tr>\n<th>3000 cykli do >80% pojemno\u015bci<\/th>\n<td>Po\u0142\u0105czenie<\/td>\n<\/tr>\n<tr>\n<th>Wi-Fi, Bluetooth<\/th>\n<td>Wymiary<\/td>\n<\/tr>\n<tr>\n<th>49.7\u00d724.2\u00d730.5 cm<\/th>\n<td>Waga<\/td>\n<\/tr>\n<tr>\n<th>23 kg<\/th>\n<td><\/td>\n<\/tr>\n<\/tbody>\n<\/table>\n<p>&nbsp;<\/p>\n<h3>Mikroinwerter og\u00f3lne<\/h3>\n<table>\n<tbody>\n<tr>\n<th>Producent<\/th>\n<td>EcoFlow<\/td>\n<\/tr>\n<tr>\n<th>Model<\/th>\n<td>EFWN511<\/td>\n<\/tr>\n<tr>\n<th>Wymiary<\/th>\n<td>242\u00d7169\u00d733 (mm)<\/td>\n<\/tr>\n<tr>\n<th>Waga<\/th>\n<td>Ok. 3 kg<\/td>\n<\/tr>\n<tr>\n<th>Komunikacja<\/th>\n<td>Wi-Fi i Bluetooth<\/td>\n<\/tr>\n<tr>\n<th>Maks. moc \u0142adowania i roz\u0142adowywania<\/th>\n<td>600 W<\/td>\n<\/tr>\n<\/tbody>\n<\/table>\n<p>&nbsp;<\/p>\n<h3>Mikroinwerter port PV<\/h3>\n<table>\n<tbody>\n<tr>\n<th>Napi\u0119cie pracy<\/th>\n<td>11 &#8211; 55 Vd.c.<\/td>\n<\/tr>\n<tr>\n<th>Maksymalne napi\u0119cie wej\u015bciowe<\/th>\n<td>55 Vd.c.<\/td>\n<\/tr>\n<tr>\n<th>Maksymalny pr\u0105d wyj\u015bciowy<\/th>\n<td>13 A<\/td>\n<\/tr>\n<tr>\n<th>Pocz\u0105tkowe napi\u0119cie wej\u015bciowe<\/th>\n<td>15 Vd.c.<\/td>\n<\/tr>\n<tr>\n<th>Zabezpieczenie przed odwrotnym po\u0142\u0105czeniem<\/th>\n<td>Dost\u0119pne<\/td>\n<\/tr>\n<tr>\n<th>Klasa ochrony przed pora\u017ceniem<\/th>\n<td>II<\/td>\n<\/tr>\n<tr>\n<th>Maksymalny pr\u0105d zwarciowy PV (Isc PV)<\/th>\n<td>14 A<\/td>\n<\/tr>\n<tr>\n<th>Maksymalny pr\u0105d zwrotny inwertera do uk\u0142adu<\/th>\n<td>0 A<\/td>\n<\/tr>\n<\/tbody>\n<\/table>\n<p>&nbsp;<\/p>\n<h3>Mikroinwerter port baterii \/ port DC<\/h3>\n<table>\n<tbody>\n<tr>\n<th>Maksymalny pr\u0105d wej\u015bciowy<\/th>\n<td>13 A<\/td>\n<\/tr>\n<tr>\n<th>Napi\u0119cie wej\u015bciowe<\/th>\n<td>11 -15 Vd.c. , 40 &#8211; 59 Vd.c.<\/td>\n<\/tr>\n<tr>\n<th>Maksymalne napi\u0119cie wej\u015bciowe<\/th>\n<td>59 Vd.c.<\/td>\n<\/tr>\n<tr>\n<th>Napi\u0119cie \u0142adowania<\/th>\n<td>30 &#8211; 58 Vd.c.<\/td>\n<\/tr>\n<tr>\n<th>Maksymalny pr\u0105d \u0142adowania<\/th>\n<td>13 A<\/td>\n<\/tr>\n<tr>\n<th>Znamionowe napi\u0119cie \u0142adowania<\/th>\n<td>48 Vd.c.<\/td>\n<\/tr>\n<tr>\n<th>Klasa ochrony przed pora\u017ceniem<\/th>\n<td>II<\/td>\n<\/tr>\n<tr>\n<th>Znamionowy pr\u0105d zwarcia na wej\u015bciu baterii<\/th>\n<td>20 A<\/td>\n<\/tr>\n<\/tbody>\n<\/table>\n<p>&nbsp;<\/p>\n<h3>Mikroinwerter AC<\/h3>\n<table>\n<tbody>\n<tr>\n<th>Napi\u0119cie wyj\u015bciowe<\/th>\n<td>220\/230\/240 Va.c.<\/td>\n<\/tr>\n<tr>\n<th>Cz\u0119stotliwo\u015b\u0107 na wyj\u015bciu<\/th>\n<td>50 Hz<\/td>\n<\/tr>\n<tr>\n<th>Wsp\u00f3\u0142czynnik mocy wyj\u015bciowej<\/th>\n<td>\u00b10.8 ~ 1<\/td>\n<\/tr>\n<tr>\n<th>Maksymalny pr\u0105d wyj\u015bciowy<\/th>\n<td>3.6 A<\/td>\n<\/tr>\n<tr>\n<th>Maksymalny wyj\u015bciowy pr\u0105d zwarciowy<\/th>\n<td>18.4 A<\/td>\n<\/tr>\n<tr>\n<th>Maksymalne zabezpieczenie przeciwprzepi\u0119ciowe wyj\u015bcia<\/th>\n<td>4 A<\/td>\n<\/tr>\n<tr>\n<th>THDI<\/th>\n<td><=3% przy 100% obci\u0105\u017ceniu<\/td>\n<\/tr>\n<tr>\n<th>Klasa ochrony przed pora\u017ceniem<\/th>\n<td>III<\/td>\n<\/tr>\n<\/tbody>\n<\/table>\n<p>&nbsp;<\/p>\n<h3>Mikroinwerter pozosta\u0142e<\/h3>\n<table>\n<tbody>\n<tr>\n<th>Miejsce instalacji<\/th>\n<td>W domu lub poza domem<\/td>\n<\/tr>\n<tr>\n<th>Stopie\u0144 zanieczyszczenia warunk\u00f3w \u015brodowiskowych<\/th>\n<td>PD3<\/td>\n<\/tr>\n<tr>\n<th>Stopie\u0144 ochrony IP<\/th>\n<td>IP67<\/td>\n<\/tr>\n<tr>\n<th>Temperatura pracy<\/th>\n<td>-40\u00b0C to 50\u00b0C<\/td>\n<\/tr>\n<tr>\n<th>Wilgotno\u015b\u0107<\/th>\n<td>0 % to 100 %<\/td>\n<\/tr>\n<tr>\n<th>Wysoko\u015b\u0107 instalacji<\/th>\n<td>\u22642000 m<\/td>\n<\/tr>\n<tr>\n<th>Instalacja w warunkach podwy\u017cszonej wilgotno\u015bci<\/th>\n<td>Tak<\/td>\n<\/tr>\n<tr>\n<th>Typ inwertera<\/th>\n<td>Izolowany<\/td>\n<\/tr>\n<tr>\n<th>Kategoria ochrony<\/th>\n<td>1<\/td>\n<\/tr>\n<tr>\n<th>Zakres cz\u0119stotliwo\u015bci Wi-Fi (2.4G)<\/th>\n<td>20M: 2412 &#8211; 2472 MHz \/ 40M: 2422- 2462 MHz<\/td>\n<\/tr>\n<tr>\n<th>Maksymalna moc wyj\u015bciowa Wi-Fi<\/th>\n<td>\u2264 20 dBm<\/td>\n<\/tr>\n<tr>\n<th>Zakres cz\u0119stotliwo\u015bci Bluetooth<\/th>\n<td>2402-2480 MHz<\/td>\n<\/tr>\n<tr>\n<th>Maksymalna moc wyj\u015bciowa Bluetooth<\/th>\n<td>\u2264 20 dBm<\/td>\n<\/tr>\n<\/tbody>\n<\/table>\n<\/div>\n","protected":false},"excerpt":{"rendered":"<p>Zestaw EcoFlow Delta 2 Max + mikroinwerter PowerStream 800W EcoFlow prezentuje doskona\u0142y zestaw \u2014 przeno\u015bn\u0105 stacj\u0119 zasilania Delta 2 Max<\/p>\n","protected":false},"featured_media":37762,"comment_status":"closed","ping_status":"open","template":"","meta":{"_acf_changed":false},"product_brand":[],"product_cat":[1108,1111],"product_tag":[],"class_list":{"0":"post-37761","1":"product","2":"type-product","3":"status-publish","4":"has-post-thumbnail","6":"product_cat-energia","7":"product_cat-stacje-zasilania","8":"pa_60-m-5771","9":"pa_producent-ecoflow","11":"first","12":"outofstock","13":"taxable","14":"shipping-taxable","15":"purchasable","16":"product-type-simple"},"acf":[],"yoast_head":"<!-- This site is optimized with the Yoast SEO plugin v27.2 - https:\/\/yoast.com\/product\/yoast-seo-wordpress\/ -->\n<title>Zestaw EcoFlow Delta 2 Max + mikroinwerter PowerStream 800W - IRONSKY.PL Sklep z Dronami<\/title>\n<meta name=\"description\" content=\"Zestaw EcoFlow Delta 2 Max + mikroinwerter PowerStream 800W - \u2705 sklep z dronami i fachowym doradztwem. \u2705 Tutaj kupisz produkty DJI, Yuneec, Parrot, Syma i wiele innych, a tak\u017ce kursy i licencje na operatora drona.\" \/>\n<meta name=\"robots\" content=\"index, follow, max-snippet:-1, max-image-preview:large, max-video-preview:-1\" \/>\n<link rel=\"canonical\" href=\"https:\/\/ironsky.pl\/sklep\/produkt\/zestaw-ecoflow-delta-2-max-mikroinwerter-powerstream-800w\/\" \/>\n<meta property=\"og:locale\" content=\"pl_PL\" \/>\n<meta property=\"og:type\" content=\"article\" \/>\n<meta property=\"og:title\" content=\"Zestaw EcoFlow Delta 2 Max + mikroinwerter PowerStream 800W - IRONSKY.PL Sklep z Dronami\" \/>\n<meta property=\"og:description\" content=\"Zestaw EcoFlow Delta 2 Max + mikroinwerter PowerStream 800W - \u2705 sklep z dronami i fachowym doradztwem. \u2705 Tutaj kupisz produkty DJI, Yuneec, Parrot, Syma i wiele innych, a tak\u017ce kursy i licencje na operatora drona.\" \/>\n<meta property=\"og:url\" content=\"https:\/\/ironsky.pl\/sklep\/produkt\/zestaw-ecoflow-delta-2-max-mikroinwerter-powerstream-800w\/\" \/>\n<meta property=\"og:site_name\" content=\"IRONSKY.PL Sklep z Dronami\" \/>\n<meta property=\"article:modified_time\" content=\"2026-03-05T14:55:12+00:00\" \/>\n<meta property=\"og:image\" content=\"https:\/\/ironsky.pl\/sklep\/wp-content\/uploads\/2025\/02\/47209_1.jpg\" \/>\n\t<meta property=\"og:image:width\" content=\"800\" \/>\n\t<meta property=\"og:image:height\" content=\"800\" \/>\n\t<meta property=\"og:image:type\" content=\"image\/jpeg\" \/>\n<meta name=\"twitter:card\" content=\"summary_large_image\" \/>\n<meta name=\"twitter:label1\" content=\"Szacowany czas czytania\" \/>\n\t<meta name=\"twitter:data1\" content=\"5 minut\" \/>\n<script type=\"application\/ld+json\" class=\"yoast-schema-graph\">{\"@context\":\"https:\/\/schema.org\",\"@graph\":[{\"@type\":\"WebPage\",\"@id\":\"https:\/\/ironsky.pl\/sklep\/produkt\/zestaw-ecoflow-delta-2-max-mikroinwerter-powerstream-800w\/\",\"url\":\"https:\/\/ironsky.pl\/sklep\/produkt\/zestaw-ecoflow-delta-2-max-mikroinwerter-powerstream-800w\/\",\"name\":\"Zestaw EcoFlow Delta 2 Max + mikroinwerter PowerStream 800W - IRONSKY.PL Sklep z Dronami\",\"isPartOf\":{\"@id\":\"https:\/\/ironsky.pl\/sklep\/#website\"},\"primaryImageOfPage\":{\"@id\":\"https:\/\/ironsky.pl\/sklep\/produkt\/zestaw-ecoflow-delta-2-max-mikroinwerter-powerstream-800w\/#primaryimage\"},\"image\":{\"@id\":\"https:\/\/ironsky.pl\/sklep\/produkt\/zestaw-ecoflow-delta-2-max-mikroinwerter-powerstream-800w\/#primaryimage\"},\"thumbnailUrl\":\"https:\/\/ironsky.pl\/sklep\/wp-content\/uploads\/2025\/02\/47209_1.jpg\",\"datePublished\":\"2025-02-13T16:07:17+00:00\",\"dateModified\":\"2026-03-05T14:55:12+00:00\",\"description\":\"Zestaw EcoFlow Delta 2 Max + mikroinwerter PowerStream 800W - \u2705 sklep z dronami i fachowym doradztwem. \u2705 Tutaj kupisz produkty DJI, Yuneec, Parrot, Syma i wiele innych, a tak\u017ce kursy i licencje na operatora drona.\",\"breadcrumb\":{\"@id\":\"https:\/\/ironsky.pl\/sklep\/produkt\/zestaw-ecoflow-delta-2-max-mikroinwerter-powerstream-800w\/#breadcrumb\"},\"inLanguage\":\"pl-PL\",\"potentialAction\":[{\"@type\":\"ReadAction\",\"target\":[\"https:\/\/ironsky.pl\/sklep\/produkt\/zestaw-ecoflow-delta-2-max-mikroinwerter-powerstream-800w\/\"]}]},{\"@type\":\"ImageObject\",\"inLanguage\":\"pl-PL\",\"@id\":\"https:\/\/ironsky.pl\/sklep\/produkt\/zestaw-ecoflow-delta-2-max-mikroinwerter-powerstream-800w\/#primaryimage\",\"url\":\"https:\/\/ironsky.pl\/sklep\/wp-content\/uploads\/2025\/02\/47209_1.jpg\",\"contentUrl\":\"https:\/\/ironsky.pl\/sklep\/wp-content\/uploads\/2025\/02\/47209_1.jpg\",\"width\":800,\"height\":800},{\"@type\":\"BreadcrumbList\",\"@id\":\"https:\/\/ironsky.pl\/sklep\/produkt\/zestaw-ecoflow-delta-2-max-mikroinwerter-powerstream-800w\/#breadcrumb\",\"itemListElement\":[{\"@type\":\"ListItem\",\"position\":1,\"name\":\"Strona g\u0142\u00f3wna\",\"item\":\"https:\/\/ironsky.pl\/sklep\/\"},{\"@type\":\"ListItem\",\"position\":2,\"name\":\"Wszystkie produkty\",\"item\":\"https:\/\/ironsky.pl\/sklep\/produkty\/\"},{\"@type\":\"ListItem\",\"position\":3,\"name\":\"Zestaw EcoFlow Delta 2 Max + mikroinwerter PowerStream 800W\"}]},{\"@type\":\"WebSite\",\"@id\":\"https:\/\/ironsky.pl\/sklep\/#website\",\"url\":\"https:\/\/ironsky.pl\/sklep\/\",\"name\":\"IRONSKY.PL Sklep z Dronami\",\"description\":\"IRONSKY.PL Sklep z Dronami\",\"potentialAction\":[{\"@type\":\"SearchAction\",\"target\":{\"@type\":\"EntryPoint\",\"urlTemplate\":\"https:\/\/ironsky.pl\/sklep\/?s={search_term_string}\"},\"query-input\":{\"@type\":\"PropertyValueSpecification\",\"valueRequired\":true,\"valueName\":\"search_term_string\"}}],\"inLanguage\":\"pl-PL\"}]}<\/script>\n<!-- \/ Yoast SEO plugin. -->","yoast_head_json":{"title":"Zestaw EcoFlow Delta 2 Max + mikroinwerter PowerStream 800W - IRONSKY.PL Sklep z Dronami","description":"Zestaw EcoFlow Delta 2 Max + mikroinwerter PowerStream 800W - \u2705 sklep z dronami i fachowym doradztwem. \u2705 Tutaj kupisz produkty DJI, Yuneec, Parrot, Syma i wiele innych, a tak\u017ce kursy i licencje na operatora drona.","robots":{"index":"index","follow":"follow","max-snippet":"max-snippet:-1","max-image-preview":"max-image-preview:large","max-video-preview":"max-video-preview:-1"},"canonical":"https:\/\/ironsky.pl\/sklep\/produkt\/zestaw-ecoflow-delta-2-max-mikroinwerter-powerstream-800w\/","og_locale":"pl_PL","og_type":"article","og_title":"Zestaw EcoFlow Delta 2 Max + mikroinwerter PowerStream 800W - IRONSKY.PL Sklep z Dronami","og_description":"Zestaw EcoFlow Delta 2 Max + mikroinwerter PowerStream 800W - \u2705 sklep z dronami i fachowym doradztwem. \u2705 Tutaj kupisz produkty DJI, Yuneec, Parrot, Syma i wiele innych, a tak\u017ce kursy i licencje na operatora drona.","og_url":"https:\/\/ironsky.pl\/sklep\/produkt\/zestaw-ecoflow-delta-2-max-mikroinwerter-powerstream-800w\/","og_site_name":"IRONSKY.PL Sklep z Dronami","article_modified_time":"2026-03-05T14:55:12+00:00","og_image":[{"width":800,"height":800,"url":"https:\/\/ironsky.pl\/sklep\/wp-content\/uploads\/2025\/02\/47209_1.jpg","type":"image\/jpeg"}],"twitter_card":"summary_large_image","twitter_misc":{"Szacowany czas czytania":"5 minut"},"schema":{"@context":"https:\/\/schema.org","@graph":[{"@type":"WebPage","@id":"https:\/\/ironsky.pl\/sklep\/produkt\/zestaw-ecoflow-delta-2-max-mikroinwerter-powerstream-800w\/","url":"https:\/\/ironsky.pl\/sklep\/produkt\/zestaw-ecoflow-delta-2-max-mikroinwerter-powerstream-800w\/","name":"Zestaw EcoFlow Delta 2 Max + mikroinwerter PowerStream 800W - IRONSKY.PL Sklep z Dronami","isPartOf":{"@id":"https:\/\/ironsky.pl\/sklep\/#website"},"primaryImageOfPage":{"@id":"https:\/\/ironsky.pl\/sklep\/produkt\/zestaw-ecoflow-delta-2-max-mikroinwerter-powerstream-800w\/#primaryimage"},"image":{"@id":"https:\/\/ironsky.pl\/sklep\/produkt\/zestaw-ecoflow-delta-2-max-mikroinwerter-powerstream-800w\/#primaryimage"},"thumbnailUrl":"https:\/\/ironsky.pl\/sklep\/wp-content\/uploads\/2025\/02\/47209_1.jpg","datePublished":"2025-02-13T16:07:17+00:00","dateModified":"2026-03-05T14:55:12+00:00","description":"Zestaw EcoFlow Delta 2 Max + mikroinwerter PowerStream 800W - \u2705 sklep z dronami i fachowym doradztwem. \u2705 Tutaj kupisz produkty DJI, Yuneec, Parrot, Syma i wiele innych, a tak\u017ce kursy i licencje na operatora drona.","breadcrumb":{"@id":"https:\/\/ironsky.pl\/sklep\/produkt\/zestaw-ecoflow-delta-2-max-mikroinwerter-powerstream-800w\/#breadcrumb"},"inLanguage":"pl-PL","potentialAction":[{"@type":"ReadAction","target":["https:\/\/ironsky.pl\/sklep\/produkt\/zestaw-ecoflow-delta-2-max-mikroinwerter-powerstream-800w\/"]}]},{"@type":"ImageObject","inLanguage":"pl-PL","@id":"https:\/\/ironsky.pl\/sklep\/produkt\/zestaw-ecoflow-delta-2-max-mikroinwerter-powerstream-800w\/#primaryimage","url":"https:\/\/ironsky.pl\/sklep\/wp-content\/uploads\/2025\/02\/47209_1.jpg","contentUrl":"https:\/\/ironsky.pl\/sklep\/wp-content\/uploads\/2025\/02\/47209_1.jpg","width":800,"height":800},{"@type":"BreadcrumbList","@id":"https:\/\/ironsky.pl\/sklep\/produkt\/zestaw-ecoflow-delta-2-max-mikroinwerter-powerstream-800w\/#breadcrumb","itemListElement":[{"@type":"ListItem","position":1,"name":"Strona g\u0142\u00f3wna","item":"https:\/\/ironsky.pl\/sklep\/"},{"@type":"ListItem","position":2,"name":"Wszystkie produkty","item":"https:\/\/ironsky.pl\/sklep\/produkty\/"},{"@type":"ListItem","position":3,"name":"Zestaw EcoFlow Delta 2 Max + mikroinwerter PowerStream 800W"}]},{"@type":"WebSite","@id":"https:\/\/ironsky.pl\/sklep\/#website","url":"https:\/\/ironsky.pl\/sklep\/","name":"IRONSKY.PL Sklep z Dronami","description":"IRONSKY.PL Sklep z Dronami","potentialAction":[{"@type":"SearchAction","target":{"@type":"EntryPoint","urlTemplate":"https:\/\/ironsky.pl\/sklep\/?s={search_term_string}"},"query-input":{"@type":"PropertyValueSpecification","valueRequired":true,"valueName":"search_term_string"}}],"inLanguage":"pl-PL"}]}},"_links":{"self":[{"href":"https:\/\/ironsky.pl\/sklep\/wp-json\/wp\/v2\/product\/37761","targetHints":{"allow":["GET"]}}],"collection":[{"href":"https:\/\/ironsky.pl\/sklep\/wp-json\/wp\/v2\/product"}],"about":[{"href":"https:\/\/ironsky.pl\/sklep\/wp-json\/wp\/v2\/types\/product"}],"replies":[{"embeddable":true,"href":"https:\/\/ironsky.pl\/sklep\/wp-json\/wp\/v2\/comments?post=37761"}],"wp:featuredmedia":[{"embeddable":true,"href":"https:\/\/ironsky.pl\/sklep\/wp-json\/wp\/v2\/media\/37762"}],"wp:attachment":[{"href":"https:\/\/ironsky.pl\/sklep\/wp-json\/wp\/v2\/media?parent=37761"}],"wp:term":[{"taxonomy":"product_brand","embeddable":true,"href":"https:\/\/ironsky.pl\/sklep\/wp-json\/wp\/v2\/product_brand?post=37761"},{"taxonomy":"product_cat","embeddable":true,"href":"https:\/\/ironsky.pl\/sklep\/wp-json\/wp\/v2\/product_cat?post=37761"},{"taxonomy":"product_tag","embeddable":true,"href":"https:\/\/ironsky.pl\/sklep\/wp-json\/wp\/v2\/product_tag?post=37761"}],"curies":[{"name":"wp","href":"https:\/\/api.w.org\/{rel}","templated":true}]}}