{"id":37728,"date":"2025-02-13T17:06:42","date_gmt":"2025-02-13T16:06:42","guid":{"rendered":"https:\/\/ironsky.pl\/drony-sklep\/produkt\/dron-dji-mini-4k\/"},"modified":"2026-05-05T15:07:46","modified_gmt":"2026-05-05T13:07:46","slug":"dron-dji-mini-4k","status":"publish","type":"product","link":"https:\/\/ironsky.pl\/sklep\/produkt\/dron-dji-mini-4k\/","title":{"rendered":"Dron DJI Mini 4K"},"content":{"rendered":"<h3>DJI Mini 4K &#8211; 4K na d\u0142oni<\/h3>\n<p>Przedstawiamy DJI Mini 4K \u2013 dron z rodziny DJI, kt\u00f3ry \u0142\u0105czy w sobie intuicyjne u\u017cytkowanie z zaawansowan\u0105 technologi\u0105. Stworzony dla ka\u017cdego, kto pragnie w prosty spos\u00f3b uchwyci\u0107 wyj\u0105tkowe momenty z niesamowit\u0105 szczeg\u00f3\u0142owo\u015bci\u0105. Lekki i kompaktowy, DJI Mini 4K oferuje nagrywanie w jako\u015bci 4K UHD, wyd\u0142u\u017cony czas lotu, stabilizacj\u0119 3-osiowego gimbala i elektroniczn\u0105 stabilizacj\u0119 obrazu (EIS). Dzi\u0119ki temu jest to idealne narz\u0119dzie nie tylko dla zaawansowanych u\u017cytkownik\u00f3w, ale r\u00f3wnie\u017c pocz\u0105tkuj\u0105cych, kt\u00f3rzy chc\u0105 przenie\u015b\u0107 swoje fotografie i wideo na wy\u017cszy poziom.<\/p>\n<p><img decoding=\"async\" src=\"https:\/\/assets.innpro.pl\/9630\/11234\/1.jpg\" border=\"0\" \/><\/p>\n<h3>Ultrakompaktowy i gotowy do lotu<\/h3>\n<p>Stw\u00f3rz niesamowite uj\u0119cia ze wszystkich swoich wypraw! DJI Mini 4K wa\u017cy mniej ni\u017c 249 gram\u00f3w, co czyni go niezwykle por\u0119cznym i przyjaznym dla u\u017cytkownik\u00f3w, kt\u00f3rzy cz\u0119sto podr\u00f3\u017cuj\u0105. Jego niewielka waga sprawia, \u017ce w wielu krajach nie jest wymagane rejestrowanie drona ani posiadanie identyfikatora zdalnego. Zgodny z certyfikatem klasy C0, Mini 4K oferuje maksymalne bezpiecze\u0144stwo i swobod\u0119 latania, jednocze\u015bnie eliminuj\u0105c konieczno\u015b\u0107 egzamin\u00f3w i szkole\u0144 w wi\u0119kszo\u015bci region\u00f3w.<\/p>\n<p><img decoding=\"async\" src=\"https:\/\/assets.innpro.pl\/9630\/11234\/3.jpg\" border=\"0\" \/><\/p>\n<h3>Doskona\u0142a jako\u015b\u0107 obrazu w ka\u017cdym detalu<\/h3>\n<p>Uchwy\u0107 wyj\u0105tkowe momenty w osza\u0142amiaj\u0105cej jako\u015bci 4K UHD z DJI Mini 4K. Wyposa\u017cony w 1\/2,3-calow\u0105 matryc\u0119 CMOS i trzyosiowy gimbal gwarantuje niesamowit\u0105 stabilno\u015b\u0107 i ostro\u015b\u0107 obrazu, niezale\u017cnie od warunk\u00f3w lotu. Elektroniczna stabilizacja obrazu (EIS) dodatkowo minimalizuje drgania, co pozwala na uzyskanie p\u0142ynnych i profesjonalnych uj\u0119\u0107, zar\u00f3wno podczas lotu w dzie\u0144, jak i w nocy.<\/p>\n<p><img decoding=\"async\" src=\"https:\/\/assets.innpro.pl\/9630\/11234\/4.jpg\" border=\"0\" \/><\/p>\n<h3>Niezr\u00f3wnany zasi\u0119g i stabilno\u015b\u0107 transmisji<\/h3>\n<p>Dzi\u0119ki zaawansowanej technologii transmisji wideo DJI Mini 4K oferuje zasi\u0119g do 10 km i mo\u017cliwo\u015b\u0107 transmisji w jako\u015bci HD na \u017cywo. Niskie op\u00f3\u017anienia i stabilne sygna\u0142y zapewniaj\u0105 niezawodne po\u0142\u0105czenie, co pozwala na pe\u0142n\u0105 kontrol\u0119 nad dronem nawet w wymagaj\u0105cych warunkach. Bez obaw o utrat\u0119 sygna\u0142u, mo\u017cesz skupi\u0107 si\u0119 na tworzeniu wyj\u0105tkowych materia\u0142\u00f3w.<\/p>\n<p><img decoding=\"async\" src=\"https:\/\/assets.innpro.pl\/9630\/11234\/5.jpg\" border=\"0\" \/><\/p>\n<h3>Wytrzyma\u0142o\u015b\u0107 i moc w ka\u017cdych warunkach<\/h3>\n<p>DJI Mini 4K jest got\u00f3w na ka\u017cde wyzwanie! Zosta\u0142 zaprojektowany z my\u015bl\u0105 o wytrzyma\u0142o\u015bci \u2013 odporno\u015b\u0107 na wiatr do poziomu 5 (38 km\/h) i maksymalna wysoko\u015b\u0107 startu wynosz\u0105ca 4000 m n.p.m. sprawiaj\u0105, \u017ce dron radzi sobie doskonale nawet w trudniejszych warunkach pogodowych. Bezszczotkowe silniki gwarantuj\u0105 nie tylko wydajno\u015b\u0107, ale tak\u017ce d\u0142u\u017csz\u0105 \u017cywotno\u015b\u0107, redukuj\u0105c do minimum potrzeb\u0119 konserwacji.<\/p>\n<p><img decoding=\"async\" src=\"https:\/\/assets.innpro.pl\/9630\/11234\/6.jpg\" border=\"0\" \/><\/p>\n<h3>Przyjazny dla pocz\u0105tkuj\u0105cych, pot\u0119\u017cny dla ekspert\u00f3w<\/h3>\n<p>Z DJI Mini 4K ka\u017cdy mo\u017ce poczu\u0107 si\u0119 jak profesjonalista. Inteligentne funkcje, takie jak tryb QuickShots i Helix, jednorazowy start\/l\u0105dowanie i inteligentny powr\u00f3t do domu, sprawiaj\u0105, \u017ce dron jest zaskakuj\u0105co prosty w obs\u0142udze. Aplikacja LightCut oferuje gotowe szablony i narz\u0119dzia do szybkiej edycji wideo, pozwalaj\u0105c na stworzenie profesjonalnych, kreatywnych film\u00f3w w zaledwie kilka chwil. Podziel si\u0119 ze \u015bwiatem swoj\u0105 tw\u00f3rczo\u015bci\u0105!<\/p>\n<p><img decoding=\"async\" src=\"https:\/\/assets.innpro.pl\/9630\/11234\/8.jpg\" border=\"0\" \/><\/p>\n<h3>D\u0142ugi czas lotu, bez stresu o akumulator<\/h3>\n<p>Z DJI Mini 4K mo\u017cesz cieszy\u0107 si\u0119 maksymalnym czasem lotu wynosz\u0105cym 31 minut, a opcjonalnie nawet do 93 minut przy wymianie akumulatora (dodatkowy akumulator w osobnej sprzeda\u017cy). To wystarczaj\u0105co d\u0142ugo, aby uchwyci\u0107 ka\u017cdy moment bez konieczno\u015bci ci\u0105g\u0142ego powrotu na ziemi\u0119. Dodatkowo funkcja automatycznego powrotu do domu zapewnia bezpieczne l\u0105dowanie, nawet je\u015bli poziom energii jest niski.<\/p>\n<p><img decoding=\"async\" src=\"https:\/\/assets.innpro.pl\/9630\/11234\/9.jpg\" border=\"0\" \/><\/p>\n<h3>W zestawie<\/h3>\n<ul class=\"list-disc pl-5\">\n<li>DJI Mini 4K 1<\/li>\n<li>Aparatura steruj\u0105ca DJI RC-N1C 1<\/li>\n<li>Kabel do aparatury steruj\u0105cej (USB-C) 1<\/li>\n<li>Kabel do aparatury steruj\u0105cej (Lightning) 1<\/li>\n<li>Kabel do aparatury steruj\u0105cej (micro USB) 1<\/li>\n<li>Akumulator 1<\/li>\n<li>Zapasowe \u015bmig\u0142a (para) 1<\/li>\n<li>Zapasowe \u015bruby 6<\/li>\n<li>Os\u0142ona gimbala 1<\/li>\n<li>\u015arubokr\u0119t 1<\/li>\n<li>Kabel do przesy\u0142ania danych USB-C 1<\/li>\n<\/ul>\n<div class=\"table-wrapper\">\n<h3>Dron<\/h3>\n<table>\n<tbody>\n<tr>\n<th>Masa startowa<\/th>\n<td>246 g *Standardowa waga drona (wliczaj\u0105c akumulator, \u015bmig\u0142a i kart\u0119 microSD). Waga rzeczywistego produktu mo\u017ce si\u0119 r\u00f3\u017cni\u0107 w zale\u017cno\u015bci od wykorzystanych materia\u0142\u00f3w produkcyjnych oraz czynnik\u00f3w zewn\u0119trznych. W wi\u0119kszo\u015bci kraj\u00f3w i region\u00f3w do korzystania z tego produktu nie jest wymagane szkolenie ani egzamin. Przed u\u017cyciem nale\u017cy zawsze sprawdzi\u0107 lokalne przepisy i regulacje prawne.<\/td>\n<\/tr>\n<tr>\n<th>Wymiary<\/th>\n<td>Z\u0142o\u017cony (bez \u015bmigie\u0142): 138 x 81 x 58 mm (D x S x W); Roz\u0142o\u017cony (ze \u015bmig\u0142ami): 245 x 289 x 56 mm (D x S x W);<\/td>\n<\/tr>\n<tr>\n<th>Maks. pr\u0119dko\u015b\u0107 wznoszenia<\/th>\n<td>5 m\/s<\/td>\n<\/tr>\n<tr>\n<th>Maks. pr\u0119dko\u015b\u0107 opadania<\/th>\n<td>3,5 m\/s<\/td>\n<\/tr>\n<tr>\n<th>Maks. pr\u0119dko\u015b\u0107 horyzontalna (w pobli\u017cu poziomu morza, bez wiatru)<\/th>\n<td>16 m\/s *Maks. pr\u0119dko\u015b\u0107 horyzontalna zale\u017cy od zmiennych ogranicze\u0144 lokalnych. Podczas lotu zawsze nale\u017cy przestrzega\u0107 obowi\u0105zuj\u0105cych regulacji prawnych.<\/td>\n<\/tr>\n<tr>\n<th>Maks. pu\u0142ap<\/th>\n<td>4000 m *2000 m, je\u015bli dron startuje z zamontowan\u0105 os\u0142on\u0105 \u015bmigie\u0142.<\/td>\n<\/tr>\n<tr>\n<th>Maks. czas lotu<\/th>\n<td>31 minut *Zmierzono w kontrolowanym \u015brodowisku testowym. Warunki test\u00f3w by\u0142y nast\u0119puj\u0105ce: lot do przodu ze sta\u0142\u0105 pr\u0119dko\u015bci\u0105 17 km\/h, w bezwietrznym \u015brodowisku laboratoryjnym, w trybie fotograficznym (bez robienia zdj\u0119\u0107 podczas lotu) i od 100% poziomu na\u0142adowania akumulatora do 0%. Wyniki mog\u0105 si\u0119 r\u00f3\u017cni\u0107 w zale\u017cno\u015bci od \u015brodowiska, rzeczywistego u\u017cytkowania i wersji oprogramowania sprz\u0119towego.<\/td>\n<\/tr>\n<tr>\n<th>Maks. czas zawisu<\/th>\n<td>Brak danych<\/td>\n<\/tr>\n<tr>\n<th>Maks. dystans lotu<\/th>\n<td>Brak danych<\/td>\n<\/tr>\n<tr>\n<th>Maks. odporno\u015b\u0107 na wiatr<\/th>\n<td>10,7 m\/s (Poziom 5)<\/td>\n<\/tr>\n<tr>\n<th>Maks. k\u0105t nachylenia<\/th>\n<td>40\u00b0<\/td>\n<\/tr>\n<tr>\n<th>Temperatura pracy<\/th>\n<td>Od 0\u00b0C do 40\u00b0C<\/td>\n<\/tr>\n<tr>\n<th>GNSS<\/th>\n<td>GPS + GLONASS + Galileo<\/td>\n<\/tr>\n<tr>\n<th>Zakres dok\u0142adno\u015bci zawisu<\/th>\n<td>W pionie: \u00b10,1 m (z pozycjonowaniem wizyjnym), \u00b10,5 m (z pozycjonowaniem GNSS); W poziomie: \u00b10,3 m (z pozycjonowaniem wizyjnym), \u00b11,5 m (z pozycjonowaniem GNSS);<\/td>\n<\/tr>\n<tr>\n<th>Pami\u0119\u0107 wewn\u0119trzna<\/th>\n<td>Nie dotyczy<\/td>\n<\/tr>\n<\/tbody>\n<\/table>\n<h3>Kamera<\/h3>\n<table>\n<tbody>\n<tr>\n<th>Matryca<\/th>\n<td>1\/2,3-calowa matryca CMOS, efektywne piksele: 12 MP<\/td>\n<\/tr>\n<tr>\n<th>Obiektyw<\/th>\n<td>Pole widzenia (FOV): 83\u00b0; Ogniskowa r\u00f3wnowa\u017cna: 24 mm; Przys\u0142ona: f\/2.8; Focus: od 1 m do \u221e;<\/td>\n<\/tr>\n<tr>\n<th>Zakres ISO<\/th>\n<td>Wideo: 100-3200; Zdj\u0119cia: 100-3200;<\/td>\n<\/tr>\n<tr>\n<th>Czas otwarcia migawki<\/th>\n<td>Migawka elektroniczna: 4-1\/8000 s; Maks. rozmiar obrazu 4000&#215;3000<\/td>\n<\/tr>\n<tr>\n<th>Tryby zdj\u0119\u0107<\/th>\n<td>Single Shot: 12 MP; Timed: 12 MP; JPEG: 2\/3\/5\/7\/10\/15\/20\/30\/60 s; JPEG + RAW: 5\/7\/10\/15\/20\/30\/60 s; Automatic Exposure Bracketing (AEB): 12 MP, 3 klatki przy 2\/3 EV; Panorama: Sphere, 180\u00b0, Wide Angle;<\/td>\n<\/tr>\n<tr>\n<th>Format zdj\u0119\u0107<\/th>\n<td>JPEG \/ DNG (RAW)<\/td>\n<\/tr>\n<tr>\n<th>Rozdzielczo\u015b\u0107 wideo<\/th>\n<td>4K: 3840&#215;2160@24\/25\/30FPS; 2.7K: 2720&#215;1530@24\/25\/30\/48\/50\/60FPS; FHD: 1920x1080p@24\/25\/30\/48\/50\/60FPS;<\/td>\n<\/tr>\n<tr>\n<th>Format wideo<\/th>\n<td>MP4 (H\/264\/MPEG-4 AVC)<\/td>\n<\/tr>\n<tr>\n<th>Maks. bitrate wideo<\/th>\n<td>100 Mbps<\/td>\n<\/tr>\n<tr>\n<th>Obs\u0142ugiwany system plik\u00f3w<\/th>\n<td>FAT32 (\u2264 32 GB); exFAT (&gt; 32 GB);<\/td>\n<\/tr>\n<tr>\n<th>Tryby kolor\u00f3w<\/th>\n<td>Normal<\/td>\n<\/tr>\n<tr>\n<th>Zoom cyfrowy<\/th>\n<td>4K: 2x; 2.7K: 3x; FHD: 4x;<\/td>\n<\/tr>\n<\/tbody>\n<\/table>\n<h3>Gimbal<\/h3>\n<table>\n<tbody>\n<tr>\n<th>Zakres mechaniczny<\/th>\n<td>Tilt: od -110\u00b0 do 35\u00b0; Roll: od -35\u00b0 do 35\u00b0; Pan: od -20\u00b0 do 20\u00b0;<\/td>\n<\/tr>\n<tr>\n<th>Zakres kontroli<\/th>\n<td>Tilt: od -90\u00b0 do 0\u00b0 (domy\u015blny); od -90\u00b0 do 20\u00b0 (rozszerzony);<\/td>\n<\/tr>\n<\/tbody>\n<\/table>\n<h3>System czujnik\u00f3w<\/h3>\n<table>\n<tbody>\n<tr>\n<th>Rodzaj czujnik\u00f3w<\/th>\n<td>Dolne czujniki wizyjne<\/td>\n<\/tr>\n<tr>\n<th>Czujnik przedni<\/th>\n<td>Nie dotyczy<\/td>\n<\/tr>\n<tr>\n<th>Czujnik tylny<\/th>\n<td>Nie dotyczy<\/td>\n<\/tr>\n<tr>\n<th>Czujnik boczny<\/th>\n<td>Nie dotyczy<\/td>\n<\/tr>\n<tr>\n<th>Czujnik g\u00f3rny<\/th>\n<td>Nie dotyczy<\/td>\n<\/tr>\n<tr>\n<th>Czujnik dolny<\/th>\n<td>Zakres dok\u0142adno\u015bci zawisu: 0,5-10 m<\/td>\n<\/tr>\n<\/tbody>\n<\/table>\n<h3>Transmisja wideo<\/h3>\n<table>\n<tbody>\n<tr>\n<th>System transmisji wideo<\/th>\n<td>DJI O2<\/td>\n<\/tr>\n<tr>\n<th>Jako\u015b\u0107 podgl\u0105du na \u017cywo<\/th>\n<td>Z aparatur\u0105 steruj\u0105c\u0105: 720p\/30FPS<\/td>\n<\/tr>\n<tr>\n<th>Cz\u0119stotliwo\u015b\u0107 robocza<\/th>\n<td>2,400-2,4835 GHz; 5.725-5,850 GHz;<\/td>\n<\/tr>\n<tr>\n<th>Moc nadajnika (EIRP)<\/th>\n<td>2,400-2,4835 GHz: \u2264 26 dBm (FCC), \u2264 20 dBm (CE\/SRRC\/MIC); 5,725-5,850 GHz: \u2264 26 dBm (FCC\/SRRC), \u2264 14 dBm (CE);<\/td>\n<\/tr>\n<tr>\n<th>Maks. zasi\u0119g transmisji (bez zak\u0142\u00f3ce\u0144)<\/th>\n<td>FCC: 10 km; CE: 6 km; SRRC: 6 km; MIC: 6 km; Zmierzono w \u015brodowisku zewn\u0119trznym wolnym od przeszk\u00f3d i zak\u0142\u00f3ce\u0144. Powy\u017csze dane pokazuj\u0105 najdalszy zasi\u0119g komunikacji dla lot\u00f3w w jedn\u0105 stron\u0119 bez powrotu w ramach ka\u017cdego standardu. Podczas lotu nale\u017cy zwraca\u0107 uwag\u0119 na przypomnienia RTH w aplikacji DJI Fly.<\/td>\n<\/tr>\n<tr>\n<th>Maks. zasi\u0119g transmisji (z zak\u0142\u00f3ceniami)<\/th>\n<td>Silne zak\u0142\u00f3cenia: krajobraz miejski, ok. 1,5-3 km; \u015arednie zak\u0142\u00f3cenia: krajobraz podmiejski, ok. 3-6 km;<\/td>\n<\/tr>\n<tr>\n<th>Niskie zak\u0142\u00f3cenia: przedmie\u015bcia \/ tereny nadmorskie, ok. 6-10 km;<\/th>\n<td>*Przetestowano zgodnie ze standardem FCC w \u015brodowisku bez przeszk\u00f3d, z typowymi zak\u0142\u00f3ceniami. Podane tu informacje s\u0142u\u017c\u0105 wy\u0142\u0105cznie jako odniesienie i nie daj\u0105 gwarancji rzeczywistego zasi\u0119gu lotu.<\/td>\n<\/tr>\n<tr>\n<th>Maks. pr\u0119dko\u015b\u0107 pobierania<\/th>\n<td>Brak danych<\/td>\n<\/tr>\n<tr>\n<th>Najni\u017csze op\u00f3\u017anienie<\/th>\n<td>Ok. 200 ms *W zale\u017cno\u015bci od rzeczywistego otoczenia i urz\u0105dzenia mobilnego.<\/td>\n<\/tr>\n<tr>\n<th>Anteny<\/th>\n<td>Brak danych<\/td>\n<\/tr>\n<\/tbody>\n<\/table>\n<h3>Akumulator<\/h3>\n<table>\n<tbody>\n<tr>\n<th>Pojemno\u015b\u0107<\/th>\n<td>2250 mAh<\/td>\n<\/tr>\n<tr>\n<th>Waga<\/th>\n<td>82,5 g<\/td>\n<\/tr>\n<tr>\n<th>Napi\u0119cie nominalne<\/th>\n<td>7,7 V<\/td>\n<\/tr>\n<tr>\n<th>Maks. napi\u0119cie \u0142adowania<\/th>\n<td>8,8 V<\/td>\n<\/tr>\n<tr>\n<th>Rodzaj<\/th>\n<td>Li-Ion<\/td>\n<\/tr>\n<tr>\n<th>Energia<\/th>\n<td>17,32 Wh<\/td>\n<\/tr>\n<tr>\n<th>Temperatura \u0142adowania<\/th>\n<td>Od 5\u00b0C do 40\u00b0C<\/td>\n<\/tr>\n<tr>\n<th>Czas \u0142adowania<\/th>\n<td>Brak danych<\/td>\n<\/tr>\n<\/tbody>\n<\/table>\n<h3>Aparatura steruj\u0105ca<\/h3>\n<table>\n<tbody>\n<tr>\n<th>Maks. czas pracy<\/th>\n<td>DJI RC-N1C Bez \u0142adowania urz\u0105dzenia mobilnego: 4 h; Z \u0142adowaniem urz\u0105dzenia mobilnego: 2 h;<\/td>\n<\/tr>\n<tr>\n<th>Maks. rozmiar obs\u0142ugiwanych urz\u0105dze\u0144 mobilnych<\/th>\n<td>DJI RC-N1C; 180 x 86 x 10 mm<\/td>\n<\/tr>\n<tr>\n<th>Temperatura pracy<\/th>\n<td>DJI RC-N1C; Od -10\u00b0C do 40\u00b0C<\/td>\n<\/tr>\n<tr>\n<th>Moc nadajnika (EIRP)<\/th>\n<td>DJI RC-N1C; 2,400-2,4835 GHz: \u2264 26 dBm (FCC), \u2264 20 dBm (CE\/SRRC\/MIC); 5,725-5,850 GHz: \u2264 26 dBm (FCC), \u2264 23 dBm (SRRC), \u2264 14 dBm (CE);<\/td>\n<\/tr>\n<\/tbody>\n<\/table>\n<\/div>\n","protected":false},"excerpt":{"rendered":"<p>DJI Mini 4K &#8211; 4K na d\u0142oni Przedstawiamy DJI Mini 4K \u2013 dron z rodziny DJI, kt\u00f3ry \u0142\u0105czy w sobie<\/p>\n","protected":false},"featured_media":37729,"comment_status":"closed","ping_status":"closed","template":"","meta":{"_acf_changed":false},"product_brand":[],"product_cat":[5657,6088,5735,6108,5715,5737,5707],"product_tag":[],"class_list":{"0":"post-37728","1":"product","2":"type-product","3":"status-publish","4":"has-post-thumbnail","6":"product_cat-dji-mini-4k","7":"product_cat-drony-dji","8":"product_cat-dla-dzieci","9":"product_cat-do-1500zl","10":"product_cat-do-250g","11":"product_cat-4k","12":"product_cat-c0","13":"pa_okres-gwarancji-5757","14":"pa_producent-dji","16":"first","17":"instock","18":"taxable","19":"shipping-taxable","20":"purchasable","21":"product-type-simple"},"acf":[],"yoast_head":"<!-- This site is optimized with the Yoast SEO plugin v27.2 - https:\/\/yoast.com\/product\/yoast-seo-wordpress\/ -->\n<title>Dron DJI Mini 4K | IRONSKY<\/title>\n<meta name=\"description\" content=\"Lekki i kompaktowy dron DJI z kamer\u0105 4K \u2705 Wyd\u0142u\u017cony czas lotu, odporno\u015b\u0107 na wiatr do poziomu 5 i elektroniczna stabilizacja obrazu \u2b50 IRONSKY\" \/>\n<meta name=\"robots\" content=\"index, follow, max-snippet:-1, max-image-preview:large, max-video-preview:-1\" \/>\n<link rel=\"canonical\" href=\"https:\/\/ironsky.pl\/sklep\/produkt\/dron-dji-mini-4k\/\" \/>\n<meta property=\"og:locale\" content=\"pl_PL\" \/>\n<meta property=\"og:type\" content=\"article\" \/>\n<meta property=\"og:title\" content=\"Dron DJI Mini 4K | IRONSKY\" \/>\n<meta property=\"og:description\" content=\"Lekki i kompaktowy dron DJI z kamer\u0105 4K \u2705 Wyd\u0142u\u017cony czas lotu, odporno\u015b\u0107 na wiatr do poziomu 5 i elektroniczna stabilizacja obrazu \u2b50 IRONSKY\" \/>\n<meta property=\"og:url\" content=\"https:\/\/ironsky.pl\/sklep\/produkt\/dron-dji-mini-4k\/\" \/>\n<meta property=\"og:site_name\" content=\"IRONSKY.PL Sklep z Dronami\" \/>\n<meta property=\"article:modified_time\" content=\"2026-05-05T13:07:46+00:00\" \/>\n<meta property=\"og:image\" content=\"https:\/\/ironsky.pl\/sklep\/wp-content\/uploads\/2025\/02\/47181_1.jpg\" \/>\n\t<meta property=\"og:image:width\" content=\"800\" \/>\n\t<meta property=\"og:image:height\" content=\"800\" \/>\n\t<meta property=\"og:image:type\" content=\"image\/jpeg\" \/>\n<meta name=\"twitter:card\" content=\"summary_large_image\" \/>\n<meta name=\"twitter:label1\" content=\"Szacowany czas czytania\" \/>\n\t<meta name=\"twitter:data1\" content=\"9 minut\" \/>\n<script type=\"application\/ld+json\" class=\"yoast-schema-graph\">{\"@context\":\"https:\/\/schema.org\",\"@graph\":[{\"@type\":\"WebPage\",\"@id\":\"https:\/\/ironsky.pl\/sklep\/produkt\/dron-dji-mini-4k\/\",\"url\":\"https:\/\/ironsky.pl\/sklep\/produkt\/dron-dji-mini-4k\/\",\"name\":\"Dron DJI Mini 4K | IRONSKY\",\"isPartOf\":{\"@id\":\"https:\/\/ironsky.pl\/sklep\/#website\"},\"primaryImageOfPage\":{\"@id\":\"https:\/\/ironsky.pl\/sklep\/produkt\/dron-dji-mini-4k\/#primaryimage\"},\"image\":{\"@id\":\"https:\/\/ironsky.pl\/sklep\/produkt\/dron-dji-mini-4k\/#primaryimage\"},\"thumbnailUrl\":\"https:\/\/ironsky.pl\/sklep\/wp-content\/uploads\/2025\/02\/47181_1.jpg\",\"datePublished\":\"2025-02-13T16:06:42+00:00\",\"dateModified\":\"2026-05-05T13:07:46+00:00\",\"description\":\"Lekki i kompaktowy dron DJI z kamer\u0105 4K \u2705 Wyd\u0142u\u017cony czas lotu, odporno\u015b\u0107 na wiatr do poziomu 5 i elektroniczna stabilizacja obrazu \u2b50 IRONSKY\",\"breadcrumb\":{\"@id\":\"https:\/\/ironsky.pl\/sklep\/produkt\/dron-dji-mini-4k\/#breadcrumb\"},\"inLanguage\":\"pl-PL\",\"potentialAction\":[{\"@type\":\"ReadAction\",\"target\":[\"https:\/\/ironsky.pl\/sklep\/produkt\/dron-dji-mini-4k\/\"]}]},{\"@type\":\"ImageObject\",\"inLanguage\":\"pl-PL\",\"@id\":\"https:\/\/ironsky.pl\/sklep\/produkt\/dron-dji-mini-4k\/#primaryimage\",\"url\":\"https:\/\/ironsky.pl\/sklep\/wp-content\/uploads\/2025\/02\/47181_1.jpg\",\"contentUrl\":\"https:\/\/ironsky.pl\/sklep\/wp-content\/uploads\/2025\/02\/47181_1.jpg\",\"width\":800,\"height\":800},{\"@type\":\"BreadcrumbList\",\"@id\":\"https:\/\/ironsky.pl\/sklep\/produkt\/dron-dji-mini-4k\/#breadcrumb\",\"itemListElement\":[{\"@type\":\"ListItem\",\"position\":1,\"name\":\"Strona g\u0142\u00f3wna\",\"item\":\"https:\/\/ironsky.pl\/sklep\/\"},{\"@type\":\"ListItem\",\"position\":2,\"name\":\"Wszystkie produkty\",\"item\":\"https:\/\/ironsky.pl\/sklep\/produkty\/\"},{\"@type\":\"ListItem\",\"position\":3,\"name\":\"Dron DJI Mini 4K\"}]},{\"@type\":\"WebSite\",\"@id\":\"https:\/\/ironsky.pl\/sklep\/#website\",\"url\":\"https:\/\/ironsky.pl\/sklep\/\",\"name\":\"IRONSKY.PL Sklep z Dronami\",\"description\":\"IRONSKY.PL Sklep z Dronami\",\"potentialAction\":[{\"@type\":\"SearchAction\",\"target\":{\"@type\":\"EntryPoint\",\"urlTemplate\":\"https:\/\/ironsky.pl\/sklep\/?s={search_term_string}\"},\"query-input\":{\"@type\":\"PropertyValueSpecification\",\"valueRequired\":true,\"valueName\":\"search_term_string\"}}],\"inLanguage\":\"pl-PL\"}]}<\/script>\n<!-- \/ Yoast SEO plugin. -->","yoast_head_json":{"title":"Dron DJI Mini 4K | IRONSKY","description":"Lekki i kompaktowy dron DJI z kamer\u0105 4K \u2705 Wyd\u0142u\u017cony czas lotu, odporno\u015b\u0107 na wiatr do poziomu 5 i elektroniczna stabilizacja obrazu \u2b50 IRONSKY","robots":{"index":"index","follow":"follow","max-snippet":"max-snippet:-1","max-image-preview":"max-image-preview:large","max-video-preview":"max-video-preview:-1"},"canonical":"https:\/\/ironsky.pl\/sklep\/produkt\/dron-dji-mini-4k\/","og_locale":"pl_PL","og_type":"article","og_title":"Dron DJI Mini 4K | IRONSKY","og_description":"Lekki i kompaktowy dron DJI z kamer\u0105 4K \u2705 Wyd\u0142u\u017cony czas lotu, odporno\u015b\u0107 na wiatr do poziomu 5 i elektroniczna stabilizacja obrazu \u2b50 IRONSKY","og_url":"https:\/\/ironsky.pl\/sklep\/produkt\/dron-dji-mini-4k\/","og_site_name":"IRONSKY.PL Sklep z Dronami","article_modified_time":"2026-05-05T13:07:46+00:00","og_image":[{"width":800,"height":800,"url":"https:\/\/ironsky.pl\/sklep\/wp-content\/uploads\/2025\/02\/47181_1.jpg","type":"image\/jpeg"}],"twitter_card":"summary_large_image","twitter_misc":{"Szacowany czas czytania":"9 minut"},"schema":{"@context":"https:\/\/schema.org","@graph":[{"@type":"WebPage","@id":"https:\/\/ironsky.pl\/sklep\/produkt\/dron-dji-mini-4k\/","url":"https:\/\/ironsky.pl\/sklep\/produkt\/dron-dji-mini-4k\/","name":"Dron DJI Mini 4K | IRONSKY","isPartOf":{"@id":"https:\/\/ironsky.pl\/sklep\/#website"},"primaryImageOfPage":{"@id":"https:\/\/ironsky.pl\/sklep\/produkt\/dron-dji-mini-4k\/#primaryimage"},"image":{"@id":"https:\/\/ironsky.pl\/sklep\/produkt\/dron-dji-mini-4k\/#primaryimage"},"thumbnailUrl":"https:\/\/ironsky.pl\/sklep\/wp-content\/uploads\/2025\/02\/47181_1.jpg","datePublished":"2025-02-13T16:06:42+00:00","dateModified":"2026-05-05T13:07:46+00:00","description":"Lekki i kompaktowy dron DJI z kamer\u0105 4K \u2705 Wyd\u0142u\u017cony czas lotu, odporno\u015b\u0107 na wiatr do poziomu 5 i elektroniczna stabilizacja obrazu \u2b50 IRONSKY","breadcrumb":{"@id":"https:\/\/ironsky.pl\/sklep\/produkt\/dron-dji-mini-4k\/#breadcrumb"},"inLanguage":"pl-PL","potentialAction":[{"@type":"ReadAction","target":["https:\/\/ironsky.pl\/sklep\/produkt\/dron-dji-mini-4k\/"]}]},{"@type":"ImageObject","inLanguage":"pl-PL","@id":"https:\/\/ironsky.pl\/sklep\/produkt\/dron-dji-mini-4k\/#primaryimage","url":"https:\/\/ironsky.pl\/sklep\/wp-content\/uploads\/2025\/02\/47181_1.jpg","contentUrl":"https:\/\/ironsky.pl\/sklep\/wp-content\/uploads\/2025\/02\/47181_1.jpg","width":800,"height":800},{"@type":"BreadcrumbList","@id":"https:\/\/ironsky.pl\/sklep\/produkt\/dron-dji-mini-4k\/#breadcrumb","itemListElement":[{"@type":"ListItem","position":1,"name":"Strona g\u0142\u00f3wna","item":"https:\/\/ironsky.pl\/sklep\/"},{"@type":"ListItem","position":2,"name":"Wszystkie produkty","item":"https:\/\/ironsky.pl\/sklep\/produkty\/"},{"@type":"ListItem","position":3,"name":"Dron DJI Mini 4K"}]},{"@type":"WebSite","@id":"https:\/\/ironsky.pl\/sklep\/#website","url":"https:\/\/ironsky.pl\/sklep\/","name":"IRONSKY.PL Sklep z Dronami","description":"IRONSKY.PL Sklep z Dronami","potentialAction":[{"@type":"SearchAction","target":{"@type":"EntryPoint","urlTemplate":"https:\/\/ironsky.pl\/sklep\/?s={search_term_string}"},"query-input":{"@type":"PropertyValueSpecification","valueRequired":true,"valueName":"search_term_string"}}],"inLanguage":"pl-PL"}]}},"_links":{"self":[{"href":"https:\/\/ironsky.pl\/sklep\/wp-json\/wp\/v2\/product\/37728","targetHints":{"allow":["GET"]}}],"collection":[{"href":"https:\/\/ironsky.pl\/sklep\/wp-json\/wp\/v2\/product"}],"about":[{"href":"https:\/\/ironsky.pl\/sklep\/wp-json\/wp\/v2\/types\/product"}],"replies":[{"embeddable":true,"href":"https:\/\/ironsky.pl\/sklep\/wp-json\/wp\/v2\/comments?post=37728"}],"wp:featuredmedia":[{"embeddable":true,"href":"https:\/\/ironsky.pl\/sklep\/wp-json\/wp\/v2\/media\/37729"}],"wp:attachment":[{"href":"https:\/\/ironsky.pl\/sklep\/wp-json\/wp\/v2\/media?parent=37728"}],"wp:term":[{"taxonomy":"product_brand","embeddable":true,"href":"https:\/\/ironsky.pl\/sklep\/wp-json\/wp\/v2\/product_brand?post=37728"},{"taxonomy":"product_cat","embeddable":true,"href":"https:\/\/ironsky.pl\/sklep\/wp-json\/wp\/v2\/product_cat?post=37728"},{"taxonomy":"product_tag","embeddable":true,"href":"https:\/\/ironsky.pl\/sklep\/wp-json\/wp\/v2\/product_tag?post=37728"}],"curies":[{"name":"wp","href":"https:\/\/api.w.org\/{rel}","templated":true}]}}