{"id":37722,"date":"2025-02-13T17:06:42","date_gmt":"2025-02-13T16:06:42","guid":{"rendered":"https:\/\/ironsky.pl\/drony-sklep\/produkt\/filtry-nd8-16-32-freewell-do-dji-neo\/"},"modified":"2026-04-03T19:23:57","modified_gmt":"2026-04-03T17:23:57","slug":"filtry-nd8-16-32-freewell-do-dji-neo","status":"publish","type":"product","link":"https:\/\/ironsky.pl\/sklep\/produkt\/filtry-nd8-16-32-freewell-do-dji-neo\/","title":{"rendered":"Filtry ND8\/16\/32 Freewell do DJI Neo"},"content":{"rendered":"<h3>Filtry ND8\/16\/32 Freewell do DJI Neo<\/h3>\n<p>Filtry ND8\/16\/32 Freewell do DJI Neo to idealne rozwi\u0105zanie dla ka\u017cdego, kto chce uzyska\u0107 profesjonaln\u0105 jako\u015b\u0107 wideo nawet w jasnych warunkach. Dzi\u0119ki wysokiej jako\u015bci optyce, filtry te redukuj\u0105 odblaski, zapewniaj\u0105 precyzyjne kolory i pozwalaj\u0105 kontrolowa\u0107 pr\u0119dko\u015b\u0107 migawki, co przek\u0142ada si\u0119 na filmowe uj\u0119cia. Wa\u017c\u0105c jedynie 1,1g, filtry nie wp\u0142ywaj\u0105 na balans ani aerodynamik\u0119 drona, umo\u017cliwiaj\u0105c p\u0142ynne loty. Instalacja jest prosta \u2014 wystarczy usun\u0105\u0107 ochronn\u0105 warstw\u0119 z magnetycznego pier\u015bcienia, dopasowa\u0107 go do obiektywu i zamocowa\u0107 filtr, kt\u00f3ry mo\u017cna \u0142atwo wymienia\u0107 bez konieczno\u015bci zdejmowania pier\u015bcienia.<\/p>\n<p><img decoding=\"async\" src=\"https:\/\/assets.innpro.pl\/9613\/11215\/3.jpg\" border=\"0\" \/><\/p>\n<h3>W zestawie:<\/h3>\n<ul class=\"list-disc pl-5\">\n<li>Filtr ND8<\/li>\n<li>Filtr ND16<\/li>\n<li>Filtr ND32<\/li>\n<\/ul>\n<div class=\"table-wrapper\">\n<p>\u00a0<\/p>\n<h3>\u00a0<\/h3>\n<table>\n<tbody>\n<tr>\n<th>Producent<\/th>\n<td>Freewell<\/td>\n<\/tr>\n<tr>\n<th>Model<\/th>\n<td>FW-NE-STD<\/td>\n<\/tr>\n<tr>\n<th>Kompatybilne z<\/th>\n<td>DJI Neo<\/td>\n<\/tr>\n<\/tbody>\n<\/table>\n<\/div>\n","protected":false},"excerpt":{"rendered":"<p>Filtry ND8\/16\/32 Freewell do DJI Neo Filtry ND8\/16\/32 Freewell do DJI Neo to idealne rozwi\u0105zanie dla ka\u017cdego, kto chce uzyska\u0107<\/p>\n","protected":false},"featured_media":37723,"comment_status":"closed","ping_status":"open","template":"","meta":{"_acf_changed":false},"product_brand":[],"product_cat":[5584,1090,1088],"product_tag":[],"class_list":{"0":"post-37722","1":"product","2":"type-product","3":"status-publish","4":"has-post-thumbnail","6":"product_cat-neo-1","7":"product_cat-akcesoria","8":"product_cat-drony","9":"pa_okres-gwarancji-5754","10":"pa_producent-freewell","12":"first","13":"instock","14":"taxable","15":"shipping-taxable","16":"purchasable","17":"product-type-simple"},"acf":[],"yoast_head":"<!-- This site is optimized with the Yoast SEO plugin v27.2 - https:\/\/yoast.com\/product\/yoast-seo-wordpress\/ -->\n<title>Filtry ND8\/16\/32 Freewell do DJI Neo - IRONSKY.PL Sklep z Dronami<\/title>\n<meta name=\"description\" content=\"Filtry ND8\/16\/32 Freewell do DJI Neo - \u2705 sklep z dronami i fachowym doradztwem. \u2705 Tutaj kupisz produkty DJI, Yuneec, Parrot, Syma i wiele innych, a tak\u017ce kursy i licencje na operatora drona.\" \/>\n<meta name=\"robots\" content=\"index, follow, max-snippet:-1, max-image-preview:large, max-video-preview:-1\" \/>\n<link rel=\"canonical\" href=\"https:\/\/ironsky.pl\/sklep\/produkt\/filtry-nd8-16-32-freewell-do-dji-neo\/\" \/>\n<meta property=\"og:locale\" content=\"pl_PL\" \/>\n<meta property=\"og:type\" content=\"article\" \/>\n<meta property=\"og:title\" content=\"Filtry ND8\/16\/32 Freewell do DJI Neo - IRONSKY.PL Sklep z Dronami\" \/>\n<meta property=\"og:description\" content=\"Filtry ND8\/16\/32 Freewell do DJI Neo - \u2705 sklep z dronami i fachowym doradztwem. \u2705 Tutaj kupisz produkty DJI, Yuneec, Parrot, Syma i wiele innych, a tak\u017ce kursy i licencje na operatora drona.\" \/>\n<meta property=\"og:url\" content=\"https:\/\/ironsky.pl\/sklep\/produkt\/filtry-nd8-16-32-freewell-do-dji-neo\/\" \/>\n<meta property=\"og:site_name\" content=\"IRONSKY.PL Sklep z Dronami\" \/>\n<meta property=\"article:modified_time\" content=\"2026-04-03T17:23:57+00:00\" \/>\n<meta property=\"og:image\" content=\"https:\/\/ironsky.pl\/sklep\/wp-content\/uploads\/2025\/02\/47148_1.jpg\" \/>\n\t<meta property=\"og:image:width\" content=\"800\" \/>\n\t<meta property=\"og:image:height\" content=\"800\" \/>\n\t<meta property=\"og:image:type\" content=\"image\/jpeg\" \/>\n<meta name=\"twitter:card\" content=\"summary_large_image\" \/>\n<meta name=\"twitter:label1\" content=\"Szacowany czas czytania\" \/>\n\t<meta name=\"twitter:data1\" content=\"1 minuta\" \/>\n<script type=\"application\/ld+json\" class=\"yoast-schema-graph\">{\"@context\":\"https:\/\/schema.org\",\"@graph\":[{\"@type\":\"WebPage\",\"@id\":\"https:\/\/ironsky.pl\/sklep\/produkt\/filtry-nd8-16-32-freewell-do-dji-neo\/\",\"url\":\"https:\/\/ironsky.pl\/sklep\/produkt\/filtry-nd8-16-32-freewell-do-dji-neo\/\",\"name\":\"Filtry ND8\/16\/32 Freewell do DJI Neo - IRONSKY.PL Sklep z Dronami\",\"isPartOf\":{\"@id\":\"https:\/\/ironsky.pl\/sklep\/#website\"},\"primaryImageOfPage\":{\"@id\":\"https:\/\/ironsky.pl\/sklep\/produkt\/filtry-nd8-16-32-freewell-do-dji-neo\/#primaryimage\"},\"image\":{\"@id\":\"https:\/\/ironsky.pl\/sklep\/produkt\/filtry-nd8-16-32-freewell-do-dji-neo\/#primaryimage\"},\"thumbnailUrl\":\"https:\/\/ironsky.pl\/sklep\/wp-content\/uploads\/2025\/02\/47148_1.jpg\",\"datePublished\":\"2025-02-13T16:06:42+00:00\",\"dateModified\":\"2026-04-03T17:23:57+00:00\",\"description\":\"Filtry ND8\/16\/32 Freewell do DJI Neo - \u2705 sklep z dronami i fachowym doradztwem. \u2705 Tutaj kupisz produkty DJI, Yuneec, Parrot, Syma i wiele innych, a tak\u017ce kursy i licencje na operatora drona.\",\"breadcrumb\":{\"@id\":\"https:\/\/ironsky.pl\/sklep\/produkt\/filtry-nd8-16-32-freewell-do-dji-neo\/#breadcrumb\"},\"inLanguage\":\"pl-PL\",\"potentialAction\":[{\"@type\":\"ReadAction\",\"target\":[\"https:\/\/ironsky.pl\/sklep\/produkt\/filtry-nd8-16-32-freewell-do-dji-neo\/\"]}]},{\"@type\":\"ImageObject\",\"inLanguage\":\"pl-PL\",\"@id\":\"https:\/\/ironsky.pl\/sklep\/produkt\/filtry-nd8-16-32-freewell-do-dji-neo\/#primaryimage\",\"url\":\"https:\/\/ironsky.pl\/sklep\/wp-content\/uploads\/2025\/02\/47148_1.jpg\",\"contentUrl\":\"https:\/\/ironsky.pl\/sklep\/wp-content\/uploads\/2025\/02\/47148_1.jpg\",\"width\":800,\"height\":800},{\"@type\":\"BreadcrumbList\",\"@id\":\"https:\/\/ironsky.pl\/sklep\/produkt\/filtry-nd8-16-32-freewell-do-dji-neo\/#breadcrumb\",\"itemListElement\":[{\"@type\":\"ListItem\",\"position\":1,\"name\":\"Strona g\u0142\u00f3wna\",\"item\":\"https:\/\/ironsky.pl\/sklep\/\"},{\"@type\":\"ListItem\",\"position\":2,\"name\":\"Wszystkie produkty\",\"item\":\"https:\/\/ironsky.pl\/sklep\/sklep\/\"},{\"@type\":\"ListItem\",\"position\":3,\"name\":\"Filtry ND8\/16\/32 Freewell do DJI Neo\"}]},{\"@type\":\"WebSite\",\"@id\":\"https:\/\/ironsky.pl\/sklep\/#website\",\"url\":\"https:\/\/ironsky.pl\/sklep\/\",\"name\":\"IRONSKY.PL Sklep z Dronami\",\"description\":\"IRONSKY.PL Sklep z Dronami\",\"potentialAction\":[{\"@type\":\"SearchAction\",\"target\":{\"@type\":\"EntryPoint\",\"urlTemplate\":\"https:\/\/ironsky.pl\/sklep\/?s={search_term_string}\"},\"query-input\":{\"@type\":\"PropertyValueSpecification\",\"valueRequired\":true,\"valueName\":\"search_term_string\"}}],\"inLanguage\":\"pl-PL\"}]}<\/script>\n<!-- \/ Yoast SEO plugin. -->","yoast_head_json":{"title":"Filtry ND8\/16\/32 Freewell do DJI Neo - IRONSKY.PL Sklep z Dronami","description":"Filtry ND8\/16\/32 Freewell do DJI Neo - \u2705 sklep z dronami i fachowym doradztwem. \u2705 Tutaj kupisz produkty DJI, Yuneec, Parrot, Syma i wiele innych, a tak\u017ce kursy i licencje na operatora drona.","robots":{"index":"index","follow":"follow","max-snippet":"max-snippet:-1","max-image-preview":"max-image-preview:large","max-video-preview":"max-video-preview:-1"},"canonical":"https:\/\/ironsky.pl\/sklep\/produkt\/filtry-nd8-16-32-freewell-do-dji-neo\/","og_locale":"pl_PL","og_type":"article","og_title":"Filtry ND8\/16\/32 Freewell do DJI Neo - IRONSKY.PL Sklep z Dronami","og_description":"Filtry ND8\/16\/32 Freewell do DJI Neo - \u2705 sklep z dronami i fachowym doradztwem. \u2705 Tutaj kupisz produkty DJI, Yuneec, Parrot, Syma i wiele innych, a tak\u017ce kursy i licencje na operatora drona.","og_url":"https:\/\/ironsky.pl\/sklep\/produkt\/filtry-nd8-16-32-freewell-do-dji-neo\/","og_site_name":"IRONSKY.PL Sklep z Dronami","article_modified_time":"2026-04-03T17:23:57+00:00","og_image":[{"width":800,"height":800,"url":"https:\/\/ironsky.pl\/sklep\/wp-content\/uploads\/2025\/02\/47148_1.jpg","type":"image\/jpeg"}],"twitter_card":"summary_large_image","twitter_misc":{"Szacowany czas czytania":"1 minuta"},"schema":{"@context":"https:\/\/schema.org","@graph":[{"@type":"WebPage","@id":"https:\/\/ironsky.pl\/sklep\/produkt\/filtry-nd8-16-32-freewell-do-dji-neo\/","url":"https:\/\/ironsky.pl\/sklep\/produkt\/filtry-nd8-16-32-freewell-do-dji-neo\/","name":"Filtry ND8\/16\/32 Freewell do DJI Neo - IRONSKY.PL Sklep z Dronami","isPartOf":{"@id":"https:\/\/ironsky.pl\/sklep\/#website"},"primaryImageOfPage":{"@id":"https:\/\/ironsky.pl\/sklep\/produkt\/filtry-nd8-16-32-freewell-do-dji-neo\/#primaryimage"},"image":{"@id":"https:\/\/ironsky.pl\/sklep\/produkt\/filtry-nd8-16-32-freewell-do-dji-neo\/#primaryimage"},"thumbnailUrl":"https:\/\/ironsky.pl\/sklep\/wp-content\/uploads\/2025\/02\/47148_1.jpg","datePublished":"2025-02-13T16:06:42+00:00","dateModified":"2026-04-03T17:23:57+00:00","description":"Filtry ND8\/16\/32 Freewell do DJI Neo - \u2705 sklep z dronami i fachowym doradztwem. \u2705 Tutaj kupisz produkty DJI, Yuneec, Parrot, Syma i wiele innych, a tak\u017ce kursy i licencje na operatora drona.","breadcrumb":{"@id":"https:\/\/ironsky.pl\/sklep\/produkt\/filtry-nd8-16-32-freewell-do-dji-neo\/#breadcrumb"},"inLanguage":"pl-PL","potentialAction":[{"@type":"ReadAction","target":["https:\/\/ironsky.pl\/sklep\/produkt\/filtry-nd8-16-32-freewell-do-dji-neo\/"]}]},{"@type":"ImageObject","inLanguage":"pl-PL","@id":"https:\/\/ironsky.pl\/sklep\/produkt\/filtry-nd8-16-32-freewell-do-dji-neo\/#primaryimage","url":"https:\/\/ironsky.pl\/sklep\/wp-content\/uploads\/2025\/02\/47148_1.jpg","contentUrl":"https:\/\/ironsky.pl\/sklep\/wp-content\/uploads\/2025\/02\/47148_1.jpg","width":800,"height":800},{"@type":"BreadcrumbList","@id":"https:\/\/ironsky.pl\/sklep\/produkt\/filtry-nd8-16-32-freewell-do-dji-neo\/#breadcrumb","itemListElement":[{"@type":"ListItem","position":1,"name":"Strona g\u0142\u00f3wna","item":"https:\/\/ironsky.pl\/sklep\/"},{"@type":"ListItem","position":2,"name":"Wszystkie produkty","item":"https:\/\/ironsky.pl\/sklep\/sklep\/"},{"@type":"ListItem","position":3,"name":"Filtry ND8\/16\/32 Freewell do DJI Neo"}]},{"@type":"WebSite","@id":"https:\/\/ironsky.pl\/sklep\/#website","url":"https:\/\/ironsky.pl\/sklep\/","name":"IRONSKY.PL Sklep z Dronami","description":"IRONSKY.PL Sklep z Dronami","potentialAction":[{"@type":"SearchAction","target":{"@type":"EntryPoint","urlTemplate":"https:\/\/ironsky.pl\/sklep\/?s={search_term_string}"},"query-input":{"@type":"PropertyValueSpecification","valueRequired":true,"valueName":"search_term_string"}}],"inLanguage":"pl-PL"}]}},"_links":{"self":[{"href":"https:\/\/ironsky.pl\/sklep\/wp-json\/wp\/v2\/product\/37722","targetHints":{"allow":["GET"]}}],"collection":[{"href":"https:\/\/ironsky.pl\/sklep\/wp-json\/wp\/v2\/product"}],"about":[{"href":"https:\/\/ironsky.pl\/sklep\/wp-json\/wp\/v2\/types\/product"}],"replies":[{"embeddable":true,"href":"https:\/\/ironsky.pl\/sklep\/wp-json\/wp\/v2\/comments?post=37722"}],"wp:featuredmedia":[{"embeddable":true,"href":"https:\/\/ironsky.pl\/sklep\/wp-json\/wp\/v2\/media\/37723"}],"wp:attachment":[{"href":"https:\/\/ironsky.pl\/sklep\/wp-json\/wp\/v2\/media?parent=37722"}],"wp:term":[{"taxonomy":"product_brand","embeddable":true,"href":"https:\/\/ironsky.pl\/sklep\/wp-json\/wp\/v2\/product_brand?post=37722"},{"taxonomy":"product_cat","embeddable":true,"href":"https:\/\/ironsky.pl\/sklep\/wp-json\/wp\/v2\/product_cat?post=37722"},{"taxonomy":"product_tag","embeddable":true,"href":"https:\/\/ironsky.pl\/sklep\/wp-json\/wp\/v2\/product_tag?post=37722"}],"curies":[{"name":"wp","href":"https:\/\/api.w.org\/{rel}","templated":true}]}}