{"id":37607,"date":"2025-02-13T17:06:04","date_gmt":"2025-02-13T16:06:04","guid":{"rendered":"https:\/\/ironsky.pl\/drony-sklep\/produkt\/oslona-mikrofonu-insta360-go-3-go-3s-cinsbatl\/"},"modified":"2026-03-05T15:55:07","modified_gmt":"2026-03-05T14:55:07","slug":"oslona-mikrofonu-insta360-go-3-go-3s-cinsbatl","status":"publish","type":"product","link":"https:\/\/ironsky.pl\/sklep\/produkt\/oslona-mikrofonu-insta360-go-3-go-3s-cinsbatl\/","title":{"rendered":"Os\u0142ona mikrofonu Insta360 GO 3\/GO 3S CINSBATL"},"content":{"rendered":"<h3>Os\u0142ona mikrofonu Insta360 GO 3\/GO 3S CINSBATL<\/h3>\n<p>Os\u0142ona mikrofonu Insta360 GO 3\/GO 3S CINSBATL to doskona\u0142e rozwi\u0105zanie dla u\u017cytkownik\u00f3w kamer Insta360 GO 3 i GO 3S, kt\u00f3re pozwala na rejestrowanie czystego d\u017awi\u0119ku bez zak\u0142\u00f3ce\u0144 wiatru. Wykonany z wysokiej jako\u015bci akustycznej pianki, efektywnie minimalizuje szumy wiatru, jednocze\u015bnie zachowuj\u0105c naturaln\u0105 jako\u015b\u0107 nagrywanego d\u017awi\u0119ku.<\/p>\n<p>\n<img decoding=\"async\" src=\"https:\/\/assets.innpro.pl\/9618\/11221\/4.jpg\" border=\"0\" \/>\n<\/p>\n<h3>Precyzyjne dopasowanie do Twojej kamery<\/h3>\n<p>Stworzony specjalnie z my\u015bl\u0105 o modelach GO 3 i GO 3S, Mic Wind Muff idealnie przylega do mikrofonu, nie wp\u0142ywaj\u0105c negatywnie na kadrowanie uj\u0119\u0107. To akcesorium pozwala rejestrowa\u0107 d\u017awi\u0119k w wysokiej jako\u015bci, niezale\u017cnie od warunk\u00f3w pogodowych.<\/p>\n<p>\n<img decoding=\"async\" src=\"https:\/\/assets.innpro.pl\/9618\/11221\/1.jpg\" border=\"0\" \/>\n<\/p>\n<h3>Lekki i dyskretny design<\/h3>\n<p>Mic Wind Muff wa\u017cy zaledwie 0,2 g i ma kompaktowe wymiary (19.1&#215;18.5&#215;4.7mm), dzi\u0119ki czemu nie obci\u0105\u017ca kamery ani nie zaburza jej funkcjonalno\u015bci. Zestaw zawiera cztery sztuki, co gwarantuje d\u0142ugotrwa\u0142e u\u017cytkowanie i \u0142atw\u0105 wymian\u0119 w razie potrzeby.<\/p>\n<p>\n<img decoding=\"async\" src=\"https:\/\/assets.innpro.pl\/9618\/11221\/2.jpg\" border=\"0\" \/>\n<\/p>\n<div class=\"table-wrapper\">\n<p>\u00a0<\/p>\n<h3><\/h3>\n<table>\n<tbody>\n<tr>\n<th>Nazwa:<\/th>\n<td>Os\u0142ona mikrofonu Insta360 GO 3\/GO 3S CINSBATL<\/td>\n<\/tr>\n<tr>\n<th>Producent:<\/th>\n<td>Insta360<\/td>\n<\/tr>\n<tr>\n<th>Model:<\/th>\n<td>CINSBATL<\/td>\n<\/tr>\n<tr>\n<th>Kompatybilny z:<\/th>\n<td>GO 3\/GO 3S<\/td>\n<\/tr>\n<\/tbody>\n<\/table>\n<\/div>\n","protected":false},"excerpt":{"rendered":"<p>Os\u0142ona mikrofonu Insta360 GO 3\/GO 3S CINSBATL Os\u0142ona mikrofonu Insta360 GO 3\/GO 3S CINSBATL to doskona\u0142e rozwi\u0105zanie dla u\u017cytkownik\u00f3w kamer<\/p>\n","protected":false},"featured_media":37608,"comment_status":"closed","ping_status":"open","template":"","meta":{"_acf_changed":false},"product_brand":[],"product_cat":[1130,1137,1128],"product_tag":[],"class_list":{"0":"post-37607","1":"product","2":"type-product","3":"status-publish","4":"has-post-thumbnail","6":"product_cat-akcesoria-foto","7":"product_cat-do-kamer-sportowych","8":"product_cat-foto-wideo","9":"pa_okres-gwarancji-5757","10":"pa_producent-insta360","12":"first","13":"outofstock","14":"taxable","15":"shipping-taxable","16":"purchasable","17":"product-type-simple"},"acf":[],"yoast_head":"<!-- This site is optimized with the Yoast SEO plugin v27.2 - https:\/\/yoast.com\/product\/yoast-seo-wordpress\/ -->\n<title>Os\u0142ona mikrofonu Insta360 GO 3\/GO 3S CINSBATL - IRONSKY.PL Sklep z Dronami<\/title>\n<meta name=\"description\" content=\"Os\u0142ona mikrofonu Insta360 GO 3\/GO 3S CINSBATL - \u2705 sklep z dronami i fachowym doradztwem. \u2705 Tutaj kupisz produkty DJI, Yuneec, Parrot, Syma i wiele innych, a tak\u017ce kursy i licencje na operatora drona.\" \/>\n<meta name=\"robots\" content=\"index, follow, max-snippet:-1, max-image-preview:large, max-video-preview:-1\" \/>\n<link rel=\"canonical\" href=\"https:\/\/ironsky.pl\/sklep\/produkt\/oslona-mikrofonu-insta360-go-3-go-3s-cinsbatl\/\" \/>\n<meta property=\"og:locale\" content=\"pl_PL\" \/>\n<meta property=\"og:type\" content=\"article\" \/>\n<meta property=\"og:title\" content=\"Os\u0142ona mikrofonu Insta360 GO 3\/GO 3S CINSBATL - IRONSKY.PL Sklep z Dronami\" \/>\n<meta property=\"og:description\" content=\"Os\u0142ona mikrofonu Insta360 GO 3\/GO 3S CINSBATL - \u2705 sklep z dronami i fachowym doradztwem. \u2705 Tutaj kupisz produkty DJI, Yuneec, Parrot, Syma i wiele innych, a tak\u017ce kursy i licencje na operatora drona.\" \/>\n<meta property=\"og:url\" content=\"https:\/\/ironsky.pl\/sklep\/produkt\/oslona-mikrofonu-insta360-go-3-go-3s-cinsbatl\/\" \/>\n<meta property=\"og:site_name\" content=\"IRONSKY.PL Sklep z Dronami\" \/>\n<meta property=\"article:modified_time\" content=\"2026-03-05T14:55:07+00:00\" \/>\n<meta property=\"og:image\" content=\"https:\/\/ironsky.pl\/sklep\/wp-content\/uploads\/2025\/02\/46999_1.jpg\" \/>\n\t<meta property=\"og:image:width\" content=\"800\" \/>\n\t<meta property=\"og:image:height\" content=\"800\" \/>\n\t<meta property=\"og:image:type\" content=\"image\/jpeg\" \/>\n<meta name=\"twitter:card\" content=\"summary_large_image\" \/>\n<meta name=\"twitter:label1\" content=\"Szacowany czas czytania\" \/>\n\t<meta name=\"twitter:data1\" content=\"1 minuta\" \/>\n<script type=\"application\/ld+json\" class=\"yoast-schema-graph\">{\"@context\":\"https:\/\/schema.org\",\"@graph\":[{\"@type\":\"WebPage\",\"@id\":\"https:\/\/ironsky.pl\/sklep\/produkt\/oslona-mikrofonu-insta360-go-3-go-3s-cinsbatl\/\",\"url\":\"https:\/\/ironsky.pl\/sklep\/produkt\/oslona-mikrofonu-insta360-go-3-go-3s-cinsbatl\/\",\"name\":\"Os\u0142ona mikrofonu Insta360 GO 3\/GO 3S CINSBATL - IRONSKY.PL Sklep z Dronami\",\"isPartOf\":{\"@id\":\"https:\/\/ironsky.pl\/sklep\/#website\"},\"primaryImageOfPage\":{\"@id\":\"https:\/\/ironsky.pl\/sklep\/produkt\/oslona-mikrofonu-insta360-go-3-go-3s-cinsbatl\/#primaryimage\"},\"image\":{\"@id\":\"https:\/\/ironsky.pl\/sklep\/produkt\/oslona-mikrofonu-insta360-go-3-go-3s-cinsbatl\/#primaryimage\"},\"thumbnailUrl\":\"https:\/\/ironsky.pl\/sklep\/wp-content\/uploads\/2025\/02\/46999_1.jpg\",\"datePublished\":\"2025-02-13T16:06:04+00:00\",\"dateModified\":\"2026-03-05T14:55:07+00:00\",\"description\":\"Os\u0142ona mikrofonu Insta360 GO 3\/GO 3S CINSBATL - \u2705 sklep z dronami i fachowym doradztwem. \u2705 Tutaj kupisz produkty DJI, Yuneec, Parrot, Syma i wiele innych, a tak\u017ce kursy i licencje na operatora drona.\",\"breadcrumb\":{\"@id\":\"https:\/\/ironsky.pl\/sklep\/produkt\/oslona-mikrofonu-insta360-go-3-go-3s-cinsbatl\/#breadcrumb\"},\"inLanguage\":\"pl-PL\",\"potentialAction\":[{\"@type\":\"ReadAction\",\"target\":[\"https:\/\/ironsky.pl\/sklep\/produkt\/oslona-mikrofonu-insta360-go-3-go-3s-cinsbatl\/\"]}]},{\"@type\":\"ImageObject\",\"inLanguage\":\"pl-PL\",\"@id\":\"https:\/\/ironsky.pl\/sklep\/produkt\/oslona-mikrofonu-insta360-go-3-go-3s-cinsbatl\/#primaryimage\",\"url\":\"https:\/\/ironsky.pl\/sklep\/wp-content\/uploads\/2025\/02\/46999_1.jpg\",\"contentUrl\":\"https:\/\/ironsky.pl\/sklep\/wp-content\/uploads\/2025\/02\/46999_1.jpg\",\"width\":800,\"height\":800},{\"@type\":\"BreadcrumbList\",\"@id\":\"https:\/\/ironsky.pl\/sklep\/produkt\/oslona-mikrofonu-insta360-go-3-go-3s-cinsbatl\/#breadcrumb\",\"itemListElement\":[{\"@type\":\"ListItem\",\"position\":1,\"name\":\"Strona g\u0142\u00f3wna\",\"item\":\"https:\/\/ironsky.pl\/sklep\/\"},{\"@type\":\"ListItem\",\"position\":2,\"name\":\"Wszystkie produkty\",\"item\":\"https:\/\/ironsky.pl\/sklep\/produkty\/\"},{\"@type\":\"ListItem\",\"position\":3,\"name\":\"Os\u0142ona mikrofonu Insta360 GO 3\/GO 3S CINSBATL\"}]},{\"@type\":\"WebSite\",\"@id\":\"https:\/\/ironsky.pl\/sklep\/#website\",\"url\":\"https:\/\/ironsky.pl\/sklep\/\",\"name\":\"IRONSKY.PL Sklep z Dronami\",\"description\":\"IRONSKY.PL Sklep z Dronami\",\"potentialAction\":[{\"@type\":\"SearchAction\",\"target\":{\"@type\":\"EntryPoint\",\"urlTemplate\":\"https:\/\/ironsky.pl\/sklep\/?s={search_term_string}\"},\"query-input\":{\"@type\":\"PropertyValueSpecification\",\"valueRequired\":true,\"valueName\":\"search_term_string\"}}],\"inLanguage\":\"pl-PL\"}]}<\/script>\n<!-- \/ Yoast SEO plugin. -->","yoast_head_json":{"title":"Os\u0142ona mikrofonu Insta360 GO 3\/GO 3S CINSBATL - IRONSKY.PL Sklep z Dronami","description":"Os\u0142ona mikrofonu Insta360 GO 3\/GO 3S CINSBATL - \u2705 sklep z dronami i fachowym doradztwem. \u2705 Tutaj kupisz produkty DJI, Yuneec, Parrot, Syma i wiele innych, a tak\u017ce kursy i licencje na operatora drona.","robots":{"index":"index","follow":"follow","max-snippet":"max-snippet:-1","max-image-preview":"max-image-preview:large","max-video-preview":"max-video-preview:-1"},"canonical":"https:\/\/ironsky.pl\/sklep\/produkt\/oslona-mikrofonu-insta360-go-3-go-3s-cinsbatl\/","og_locale":"pl_PL","og_type":"article","og_title":"Os\u0142ona mikrofonu Insta360 GO 3\/GO 3S CINSBATL - IRONSKY.PL Sklep z Dronami","og_description":"Os\u0142ona mikrofonu Insta360 GO 3\/GO 3S CINSBATL - \u2705 sklep z dronami i fachowym doradztwem. \u2705 Tutaj kupisz produkty DJI, Yuneec, Parrot, Syma i wiele innych, a tak\u017ce kursy i licencje na operatora drona.","og_url":"https:\/\/ironsky.pl\/sklep\/produkt\/oslona-mikrofonu-insta360-go-3-go-3s-cinsbatl\/","og_site_name":"IRONSKY.PL Sklep z Dronami","article_modified_time":"2026-03-05T14:55:07+00:00","og_image":[{"width":800,"height":800,"url":"https:\/\/ironsky.pl\/sklep\/wp-content\/uploads\/2025\/02\/46999_1.jpg","type":"image\/jpeg"}],"twitter_card":"summary_large_image","twitter_misc":{"Szacowany czas czytania":"1 minuta"},"schema":{"@context":"https:\/\/schema.org","@graph":[{"@type":"WebPage","@id":"https:\/\/ironsky.pl\/sklep\/produkt\/oslona-mikrofonu-insta360-go-3-go-3s-cinsbatl\/","url":"https:\/\/ironsky.pl\/sklep\/produkt\/oslona-mikrofonu-insta360-go-3-go-3s-cinsbatl\/","name":"Os\u0142ona mikrofonu Insta360 GO 3\/GO 3S CINSBATL - IRONSKY.PL Sklep z Dronami","isPartOf":{"@id":"https:\/\/ironsky.pl\/sklep\/#website"},"primaryImageOfPage":{"@id":"https:\/\/ironsky.pl\/sklep\/produkt\/oslona-mikrofonu-insta360-go-3-go-3s-cinsbatl\/#primaryimage"},"image":{"@id":"https:\/\/ironsky.pl\/sklep\/produkt\/oslona-mikrofonu-insta360-go-3-go-3s-cinsbatl\/#primaryimage"},"thumbnailUrl":"https:\/\/ironsky.pl\/sklep\/wp-content\/uploads\/2025\/02\/46999_1.jpg","datePublished":"2025-02-13T16:06:04+00:00","dateModified":"2026-03-05T14:55:07+00:00","description":"Os\u0142ona mikrofonu Insta360 GO 3\/GO 3S CINSBATL - \u2705 sklep z dronami i fachowym doradztwem. \u2705 Tutaj kupisz produkty DJI, Yuneec, Parrot, Syma i wiele innych, a tak\u017ce kursy i licencje na operatora drona.","breadcrumb":{"@id":"https:\/\/ironsky.pl\/sklep\/produkt\/oslona-mikrofonu-insta360-go-3-go-3s-cinsbatl\/#breadcrumb"},"inLanguage":"pl-PL","potentialAction":[{"@type":"ReadAction","target":["https:\/\/ironsky.pl\/sklep\/produkt\/oslona-mikrofonu-insta360-go-3-go-3s-cinsbatl\/"]}]},{"@type":"ImageObject","inLanguage":"pl-PL","@id":"https:\/\/ironsky.pl\/sklep\/produkt\/oslona-mikrofonu-insta360-go-3-go-3s-cinsbatl\/#primaryimage","url":"https:\/\/ironsky.pl\/sklep\/wp-content\/uploads\/2025\/02\/46999_1.jpg","contentUrl":"https:\/\/ironsky.pl\/sklep\/wp-content\/uploads\/2025\/02\/46999_1.jpg","width":800,"height":800},{"@type":"BreadcrumbList","@id":"https:\/\/ironsky.pl\/sklep\/produkt\/oslona-mikrofonu-insta360-go-3-go-3s-cinsbatl\/#breadcrumb","itemListElement":[{"@type":"ListItem","position":1,"name":"Strona g\u0142\u00f3wna","item":"https:\/\/ironsky.pl\/sklep\/"},{"@type":"ListItem","position":2,"name":"Wszystkie produkty","item":"https:\/\/ironsky.pl\/sklep\/produkty\/"},{"@type":"ListItem","position":3,"name":"Os\u0142ona mikrofonu Insta360 GO 3\/GO 3S CINSBATL"}]},{"@type":"WebSite","@id":"https:\/\/ironsky.pl\/sklep\/#website","url":"https:\/\/ironsky.pl\/sklep\/","name":"IRONSKY.PL Sklep z Dronami","description":"IRONSKY.PL Sklep z Dronami","potentialAction":[{"@type":"SearchAction","target":{"@type":"EntryPoint","urlTemplate":"https:\/\/ironsky.pl\/sklep\/?s={search_term_string}"},"query-input":{"@type":"PropertyValueSpecification","valueRequired":true,"valueName":"search_term_string"}}],"inLanguage":"pl-PL"}]}},"_links":{"self":[{"href":"https:\/\/ironsky.pl\/sklep\/wp-json\/wp\/v2\/product\/37607","targetHints":{"allow":["GET"]}}],"collection":[{"href":"https:\/\/ironsky.pl\/sklep\/wp-json\/wp\/v2\/product"}],"about":[{"href":"https:\/\/ironsky.pl\/sklep\/wp-json\/wp\/v2\/types\/product"}],"replies":[{"embeddable":true,"href":"https:\/\/ironsky.pl\/sklep\/wp-json\/wp\/v2\/comments?post=37607"}],"wp:featuredmedia":[{"embeddable":true,"href":"https:\/\/ironsky.pl\/sklep\/wp-json\/wp\/v2\/media\/37608"}],"wp:attachment":[{"href":"https:\/\/ironsky.pl\/sklep\/wp-json\/wp\/v2\/media?parent=37607"}],"wp:term":[{"taxonomy":"product_brand","embeddable":true,"href":"https:\/\/ironsky.pl\/sklep\/wp-json\/wp\/v2\/product_brand?post=37607"},{"taxonomy":"product_cat","embeddable":true,"href":"https:\/\/ironsky.pl\/sklep\/wp-json\/wp\/v2\/product_cat?post=37607"},{"taxonomy":"product_tag","embeddable":true,"href":"https:\/\/ironsky.pl\/sklep\/wp-json\/wp\/v2\/product_tag?post=37607"}],"curies":[{"name":"wp","href":"https:\/\/api.w.org\/{rel}","templated":true}]}}