{"id":37556,"date":"2025-02-13T17:06:04","date_gmt":"2025-02-13T16:06:04","guid":{"rendered":"https:\/\/ironsky.pl\/drony-sklep\/produkt\/stacja-dokujaca-insta360-do-go-3s-czarna\/"},"modified":"2026-03-05T15:55:05","modified_gmt":"2026-03-05T14:55:05","slug":"stacja-dokujaca-insta360-do-go-3s-czarna","status":"publish","type":"product","link":"https:\/\/ironsky.pl\/sklep\/produkt\/stacja-dokujaca-insta360-do-go-3s-czarna\/","title":{"rendered":"Stacja dokuj\u0105ca Insta360 do Go 3S (czarna)"},"content":{"rendered":"<h3>Stacja dokuj\u0105ca Insta360 do GO 3S (czarna)<\/h3>\n<p>Poszukujesz zapasowego lub zamiennego rozwi\u0105zania do swojej kamery GO 3S? Stacja dokuj\u0105ca Insta360 GO 3S to idealne akcesorium, kt\u00f3re zapewnia pe\u0142n\u0105 kompatybilno\u015b\u0107 z kamerami GO 3S oraz GO 3 Standalone Camera. Pozwala na szybkie i \u0142atwe po\u0142\u0105czenie z Twoj\u0105 kamer\u0105, umo\u017cliwiaj\u0105c pe\u0142ne wykorzystanie jej mo\u017cliwo\u015bci, niezale\u017cnie od tego, gdzie jeste\u015b. Je\u015bli chcesz uchwyci\u0107 ka\u017cdy szczeg\u00f3\u0142 swoich przyg\u00f3d, stacja dokuj\u0105ca GO 3S jest niezb\u0119dna w Twoim zestawie.<\/p>\n<p>\n<img decoding=\"async\" src=\"https:\/\/assets.innpro.pl\/9251\/10813\/4.jpg\" border=\"0\" \/>\n<\/p>\n<h3>Szybkie i bezproblemowe po\u0142\u0105czenie<\/h3>\n<p>Stacja dokuj\u0105ca GO 3S zosta\u0142a zaprojektowana z my\u015bl\u0105 o intuicyjnym u\u017cytkowaniu i b\u0142yskawicznym po\u0142\u0105czeniu z kamer\u0105 GO 3 lub GO 3S Standalone. Wystarczy przytrzyma\u0107 przycisk kamery przez 2 sekundy, aby j\u0105 w\u0142\u0105czy\u0107, a nast\u0119pnie nacisn\u0105\u0107 przycisk zasilania stacji dokuj\u0105cej. Po umieszczeniu kamery w stacji i wy\u015bwietleniu podgl\u0105du na ekranie dotykowym po\u0142\u0105czenie zostaje nawi\u0105zane. To takie proste!<\/p>\n<p>\n<img decoding=\"async\" src=\"https:\/\/assets.innpro.pl\/9251\/10813\/2.jpg\" border=\"0\" \/>\n<\/p>\n<h3>Wymagania dotycz\u0105ce kompatybilno\u015bci i aktualizacji<\/h3>\n<p>Aby korzysta\u0107 z najnowszych funkcji, upewnij si\u0119, \u017ce Twoja kamera GO 3 ma zaktualizowane oprogramowanie do najnowszej wersji. W przypadku pojawienia si\u0119 komunikatu o niezgodno\u015bci oprogramowania post\u0119puj zgodnie z instrukcjami na ekranie, aby zaktualizowa\u0107 firmware. Stacja dokuj\u0105ca mo\u017ce by\u0107 pod\u0142\u0105czona tylko do jednej kamery GO 3 lub GO 3S Standalone jednocze\u015bnie, co zapewnia stabilno\u015b\u0107 i niezawodno\u015b\u0107 podczas u\u017cytkowania.<\/p>\n<p>\n<img decoding=\"async\" src=\"https:\/\/assets.innpro.pl\/9251\/10813\/3.jpg\" border=\"0\" \/>\n<\/p>\n<div class=\"table-wrapper\">\n<p>\u00a0<\/p>\n<h3><\/h3>\n<table>\n<tbody>\n<tr>\n<th>Producent<\/th>\n<td>Insta360<\/td>\n<\/tr>\n<tr>\n<th>Kod producenta<\/th>\n<td>CINSCATA<\/td>\n<\/tr>\n<tr>\n<th>Kompatybilno\u015b\u0107<\/th>\n<td>Insta360 GO 3S oraz Insta360 GO 3 Standalone<\/td>\n<\/tr>\n<tr>\n<th>Kolor<\/th>\n<td>Czarny<\/td>\n<\/tr>\n<\/tbody>\n<\/table>\n<\/div>\n","protected":false},"excerpt":{"rendered":"<p>Stacja dokuj\u0105ca Insta360 do GO 3S (czarna) Poszukujesz zapasowego lub zamiennego rozwi\u0105zania do swojej kamery GO 3S? Stacja dokuj\u0105ca Insta360<\/p>\n","protected":false},"featured_media":37557,"comment_status":"closed","ping_status":"open","template":"","meta":{"_acf_changed":false},"product_brand":[],"product_cat":[1130,1137,1128],"product_tag":[],"class_list":{"0":"post-37556","1":"product","2":"type-product","3":"status-publish","4":"has-post-thumbnail","6":"product_cat-akcesoria-foto","7":"product_cat-do-kamer-sportowych","8":"product_cat-foto-wideo","9":"pa_okres-gwarancji-5757","10":"pa_producent-insta360","12":"first","13":"outofstock","14":"taxable","15":"shipping-taxable","16":"purchasable","17":"product-type-simple"},"acf":[],"yoast_head":"<!-- This site is optimized with the Yoast SEO plugin v27.2 - https:\/\/yoast.com\/product\/yoast-seo-wordpress\/ -->\n<title>Stacja dokuj\u0105ca Insta360 do Go 3S (czarna) - IRONSKY.PL Sklep z Dronami<\/title>\n<meta name=\"description\" content=\"Stacja dokuj\u0105ca Insta360 do Go 3S (czarna) - \u2705 sklep z dronami i fachowym doradztwem. \u2705 Tutaj kupisz produkty DJI, Yuneec, Parrot, Syma i wiele innych, a tak\u017ce kursy i licencje na operatora drona.\" \/>\n<meta name=\"robots\" content=\"index, follow, max-snippet:-1, max-image-preview:large, max-video-preview:-1\" \/>\n<link rel=\"canonical\" href=\"https:\/\/ironsky.pl\/sklep\/produkt\/stacja-dokujaca-insta360-do-go-3s-czarna\/\" \/>\n<meta property=\"og:locale\" content=\"pl_PL\" \/>\n<meta property=\"og:type\" content=\"article\" \/>\n<meta property=\"og:title\" content=\"Stacja dokuj\u0105ca Insta360 do Go 3S (czarna) - IRONSKY.PL Sklep z Dronami\" \/>\n<meta property=\"og:description\" content=\"Stacja dokuj\u0105ca Insta360 do Go 3S (czarna) - \u2705 sklep z dronami i fachowym doradztwem. \u2705 Tutaj kupisz produkty DJI, Yuneec, Parrot, Syma i wiele innych, a tak\u017ce kursy i licencje na operatora drona.\" \/>\n<meta property=\"og:url\" content=\"https:\/\/ironsky.pl\/sklep\/produkt\/stacja-dokujaca-insta360-do-go-3s-czarna\/\" \/>\n<meta property=\"og:site_name\" content=\"IRONSKY.PL Sklep z Dronami\" \/>\n<meta property=\"article:modified_time\" content=\"2026-03-05T14:55:05+00:00\" \/>\n<meta property=\"og:image\" content=\"https:\/\/ironsky.pl\/sklep\/wp-content\/uploads\/2025\/02\/46801_2.jpg\" \/>\n\t<meta property=\"og:image:width\" content=\"800\" \/>\n\t<meta property=\"og:image:height\" content=\"800\" \/>\n\t<meta property=\"og:image:type\" content=\"image\/jpeg\" \/>\n<meta name=\"twitter:card\" content=\"summary_large_image\" \/>\n<meta name=\"twitter:label1\" content=\"Szacowany czas czytania\" \/>\n\t<meta name=\"twitter:data1\" content=\"1 minuta\" \/>\n<script type=\"application\/ld+json\" class=\"yoast-schema-graph\">{\"@context\":\"https:\/\/schema.org\",\"@graph\":[{\"@type\":\"WebPage\",\"@id\":\"https:\/\/ironsky.pl\/sklep\/produkt\/stacja-dokujaca-insta360-do-go-3s-czarna\/\",\"url\":\"https:\/\/ironsky.pl\/sklep\/produkt\/stacja-dokujaca-insta360-do-go-3s-czarna\/\",\"name\":\"Stacja dokuj\u0105ca Insta360 do Go 3S (czarna) - IRONSKY.PL Sklep z Dronami\",\"isPartOf\":{\"@id\":\"https:\/\/ironsky.pl\/sklep\/#website\"},\"primaryImageOfPage\":{\"@id\":\"https:\/\/ironsky.pl\/sklep\/produkt\/stacja-dokujaca-insta360-do-go-3s-czarna\/#primaryimage\"},\"image\":{\"@id\":\"https:\/\/ironsky.pl\/sklep\/produkt\/stacja-dokujaca-insta360-do-go-3s-czarna\/#primaryimage\"},\"thumbnailUrl\":\"https:\/\/ironsky.pl\/sklep\/wp-content\/uploads\/2025\/02\/46801_2.jpg\",\"datePublished\":\"2025-02-13T16:06:04+00:00\",\"dateModified\":\"2026-03-05T14:55:05+00:00\",\"description\":\"Stacja dokuj\u0105ca Insta360 do Go 3S (czarna) - \u2705 sklep z dronami i fachowym doradztwem. \u2705 Tutaj kupisz produkty DJI, Yuneec, Parrot, Syma i wiele innych, a tak\u017ce kursy i licencje na operatora drona.\",\"breadcrumb\":{\"@id\":\"https:\/\/ironsky.pl\/sklep\/produkt\/stacja-dokujaca-insta360-do-go-3s-czarna\/#breadcrumb\"},\"inLanguage\":\"pl-PL\",\"potentialAction\":[{\"@type\":\"ReadAction\",\"target\":[\"https:\/\/ironsky.pl\/sklep\/produkt\/stacja-dokujaca-insta360-do-go-3s-czarna\/\"]}]},{\"@type\":\"ImageObject\",\"inLanguage\":\"pl-PL\",\"@id\":\"https:\/\/ironsky.pl\/sklep\/produkt\/stacja-dokujaca-insta360-do-go-3s-czarna\/#primaryimage\",\"url\":\"https:\/\/ironsky.pl\/sklep\/wp-content\/uploads\/2025\/02\/46801_2.jpg\",\"contentUrl\":\"https:\/\/ironsky.pl\/sklep\/wp-content\/uploads\/2025\/02\/46801_2.jpg\",\"width\":800,\"height\":800},{\"@type\":\"BreadcrumbList\",\"@id\":\"https:\/\/ironsky.pl\/sklep\/produkt\/stacja-dokujaca-insta360-do-go-3s-czarna\/#breadcrumb\",\"itemListElement\":[{\"@type\":\"ListItem\",\"position\":1,\"name\":\"Strona g\u0142\u00f3wna\",\"item\":\"https:\/\/ironsky.pl\/sklep\/\"},{\"@type\":\"ListItem\",\"position\":2,\"name\":\"Wszystkie produkty\",\"item\":\"https:\/\/ironsky.pl\/sklep\/produkty\/\"},{\"@type\":\"ListItem\",\"position\":3,\"name\":\"Stacja dokuj\u0105ca Insta360 do Go 3S (czarna)\"}]},{\"@type\":\"WebSite\",\"@id\":\"https:\/\/ironsky.pl\/sklep\/#website\",\"url\":\"https:\/\/ironsky.pl\/sklep\/\",\"name\":\"IRONSKY.PL Sklep z Dronami\",\"description\":\"IRONSKY.PL Sklep z Dronami\",\"potentialAction\":[{\"@type\":\"SearchAction\",\"target\":{\"@type\":\"EntryPoint\",\"urlTemplate\":\"https:\/\/ironsky.pl\/sklep\/?s={search_term_string}\"},\"query-input\":{\"@type\":\"PropertyValueSpecification\",\"valueRequired\":true,\"valueName\":\"search_term_string\"}}],\"inLanguage\":\"pl-PL\"}]}<\/script>\n<!-- \/ Yoast SEO plugin. -->","yoast_head_json":{"title":"Stacja dokuj\u0105ca Insta360 do Go 3S (czarna) - IRONSKY.PL Sklep z Dronami","description":"Stacja dokuj\u0105ca Insta360 do Go 3S (czarna) - \u2705 sklep z dronami i fachowym doradztwem. \u2705 Tutaj kupisz produkty DJI, Yuneec, Parrot, Syma i wiele innych, a tak\u017ce kursy i licencje na operatora drona.","robots":{"index":"index","follow":"follow","max-snippet":"max-snippet:-1","max-image-preview":"max-image-preview:large","max-video-preview":"max-video-preview:-1"},"canonical":"https:\/\/ironsky.pl\/sklep\/produkt\/stacja-dokujaca-insta360-do-go-3s-czarna\/","og_locale":"pl_PL","og_type":"article","og_title":"Stacja dokuj\u0105ca Insta360 do Go 3S (czarna) - IRONSKY.PL Sklep z Dronami","og_description":"Stacja dokuj\u0105ca Insta360 do Go 3S (czarna) - \u2705 sklep z dronami i fachowym doradztwem. \u2705 Tutaj kupisz produkty DJI, Yuneec, Parrot, Syma i wiele innych, a tak\u017ce kursy i licencje na operatora drona.","og_url":"https:\/\/ironsky.pl\/sklep\/produkt\/stacja-dokujaca-insta360-do-go-3s-czarna\/","og_site_name":"IRONSKY.PL Sklep z Dronami","article_modified_time":"2026-03-05T14:55:05+00:00","og_image":[{"width":800,"height":800,"url":"https:\/\/ironsky.pl\/sklep\/wp-content\/uploads\/2025\/02\/46801_2.jpg","type":"image\/jpeg"}],"twitter_card":"summary_large_image","twitter_misc":{"Szacowany czas czytania":"1 minuta"},"schema":{"@context":"https:\/\/schema.org","@graph":[{"@type":"WebPage","@id":"https:\/\/ironsky.pl\/sklep\/produkt\/stacja-dokujaca-insta360-do-go-3s-czarna\/","url":"https:\/\/ironsky.pl\/sklep\/produkt\/stacja-dokujaca-insta360-do-go-3s-czarna\/","name":"Stacja dokuj\u0105ca Insta360 do Go 3S (czarna) - IRONSKY.PL Sklep z Dronami","isPartOf":{"@id":"https:\/\/ironsky.pl\/sklep\/#website"},"primaryImageOfPage":{"@id":"https:\/\/ironsky.pl\/sklep\/produkt\/stacja-dokujaca-insta360-do-go-3s-czarna\/#primaryimage"},"image":{"@id":"https:\/\/ironsky.pl\/sklep\/produkt\/stacja-dokujaca-insta360-do-go-3s-czarna\/#primaryimage"},"thumbnailUrl":"https:\/\/ironsky.pl\/sklep\/wp-content\/uploads\/2025\/02\/46801_2.jpg","datePublished":"2025-02-13T16:06:04+00:00","dateModified":"2026-03-05T14:55:05+00:00","description":"Stacja dokuj\u0105ca Insta360 do Go 3S (czarna) - \u2705 sklep z dronami i fachowym doradztwem. \u2705 Tutaj kupisz produkty DJI, Yuneec, Parrot, Syma i wiele innych, a tak\u017ce kursy i licencje na operatora drona.","breadcrumb":{"@id":"https:\/\/ironsky.pl\/sklep\/produkt\/stacja-dokujaca-insta360-do-go-3s-czarna\/#breadcrumb"},"inLanguage":"pl-PL","potentialAction":[{"@type":"ReadAction","target":["https:\/\/ironsky.pl\/sklep\/produkt\/stacja-dokujaca-insta360-do-go-3s-czarna\/"]}]},{"@type":"ImageObject","inLanguage":"pl-PL","@id":"https:\/\/ironsky.pl\/sklep\/produkt\/stacja-dokujaca-insta360-do-go-3s-czarna\/#primaryimage","url":"https:\/\/ironsky.pl\/sklep\/wp-content\/uploads\/2025\/02\/46801_2.jpg","contentUrl":"https:\/\/ironsky.pl\/sklep\/wp-content\/uploads\/2025\/02\/46801_2.jpg","width":800,"height":800},{"@type":"BreadcrumbList","@id":"https:\/\/ironsky.pl\/sklep\/produkt\/stacja-dokujaca-insta360-do-go-3s-czarna\/#breadcrumb","itemListElement":[{"@type":"ListItem","position":1,"name":"Strona g\u0142\u00f3wna","item":"https:\/\/ironsky.pl\/sklep\/"},{"@type":"ListItem","position":2,"name":"Wszystkie produkty","item":"https:\/\/ironsky.pl\/sklep\/produkty\/"},{"@type":"ListItem","position":3,"name":"Stacja dokuj\u0105ca Insta360 do Go 3S (czarna)"}]},{"@type":"WebSite","@id":"https:\/\/ironsky.pl\/sklep\/#website","url":"https:\/\/ironsky.pl\/sklep\/","name":"IRONSKY.PL Sklep z Dronami","description":"IRONSKY.PL Sklep z Dronami","potentialAction":[{"@type":"SearchAction","target":{"@type":"EntryPoint","urlTemplate":"https:\/\/ironsky.pl\/sklep\/?s={search_term_string}"},"query-input":{"@type":"PropertyValueSpecification","valueRequired":true,"valueName":"search_term_string"}}],"inLanguage":"pl-PL"}]}},"_links":{"self":[{"href":"https:\/\/ironsky.pl\/sklep\/wp-json\/wp\/v2\/product\/37556","targetHints":{"allow":["GET"]}}],"collection":[{"href":"https:\/\/ironsky.pl\/sklep\/wp-json\/wp\/v2\/product"}],"about":[{"href":"https:\/\/ironsky.pl\/sklep\/wp-json\/wp\/v2\/types\/product"}],"replies":[{"embeddable":true,"href":"https:\/\/ironsky.pl\/sklep\/wp-json\/wp\/v2\/comments?post=37556"}],"wp:featuredmedia":[{"embeddable":true,"href":"https:\/\/ironsky.pl\/sklep\/wp-json\/wp\/v2\/media\/37557"}],"wp:attachment":[{"href":"https:\/\/ironsky.pl\/sklep\/wp-json\/wp\/v2\/media?parent=37556"}],"wp:term":[{"taxonomy":"product_brand","embeddable":true,"href":"https:\/\/ironsky.pl\/sklep\/wp-json\/wp\/v2\/product_brand?post=37556"},{"taxonomy":"product_cat","embeddable":true,"href":"https:\/\/ironsky.pl\/sklep\/wp-json\/wp\/v2\/product_cat?post=37556"},{"taxonomy":"product_tag","embeddable":true,"href":"https:\/\/ironsky.pl\/sklep\/wp-json\/wp\/v2\/product_tag?post=37556"}],"curies":[{"name":"wp","href":"https:\/\/api.w.org\/{rel}","templated":true}]}}