{"id":37544,"date":"2025-02-13T17:05:31","date_gmt":"2025-02-13T16:05:31","guid":{"rendered":"https:\/\/ironsky.pl\/drony-sklep\/produkt\/mocowanie-do-deski-surfingowej-insta360\/"},"modified":"2026-03-05T15:55:05","modified_gmt":"2026-03-05T14:55:05","slug":"mocowanie-do-deski-surfingowej-insta360","status":"publish","type":"product","link":"https:\/\/ironsky.pl\/sklep\/produkt\/mocowanie-do-deski-surfingowej-insta360\/","title":{"rendered":"Mocowanie do deski surfingowej Insta360"},"content":{"rendered":"<h3>Mocowanie do deski surfingowej Insta360<\/h3>\n<p>Je\u017celi marzysz o uchwyceniu ka\u017cdego epickiego momentu swoich surfowych przyg\u00f3d, Insta360 Floating Surfboard Mount to akcesorium, kt\u00f3rego nie mo\u017cesz przegapi\u0107. Ten wyj\u0105tkowy uchwyt umo\u017cliwia rejestrowanie najlepszych uj\u0119\u0107 z perspektywy deski surfingowej, pozwalaj\u0105c Ci dzieli\u0107 si\u0119 emocjami, jakie towarzysz\u0105 ka\u017cdemu ruchowi na falach. Dzi\u0119ki niemu b\u0119dziesz m\u00f3g\u0142 zarejestrowa\u0107 swoje przeja\u017cd\u017cki na wodzie w spos\u00f3b, kt\u00f3ry wcze\u015bniej wydawa\u0142 si\u0119 niemo\u017cliwy. Nie pozw\u00f3l, by wysoka fala, kt\u00f3r\u0105 z\u0142apa\u0142e\u015b, umkn\u0119\u0142a Twoim widzom \u2013 uwiecznij wszystko w idealnej jako\u015bci!<\/p>\n<p>\n<img decoding=\"async\" src=\"https:\/\/assets.innpro.pl\/9248\/10810\/3.jpg\" border=\"0\" alt=\"\" \/>\n<\/p>\n<h3>Zaprojektowany dla surfer\u00f3w<\/h3>\n<p>Insta360 Floating Surfboard Mount zosta\u0142 stworzony z my\u015bl\u0105 o surferach, kt\u00f3rzy chc\u0105 uchwyci\u0107 ka\u017cd\u0105 fal\u0119 z najlepszej mo\u017cliwej perspektywy. Mocowanie jest p\u0142ywaj\u0105ce i odporne na zatopienie, co oznacza, \u017ce nawet je\u015bli kamera zostanie zepchni\u0119ta z deski, b\u0119dzie si\u0119 unosi\u0107 na wodzie, chroni\u0105c Twoje cenne nagrania przed utrat\u0105. Dzi\u0119ki temu mo\u017cesz surfowa\u0107 z pe\u0142nym zaanga\u017cowaniem, wiedz\u0105c, \u017ce Twoja kamera jest bezpieczna i gotowa do pracy w ka\u017cdych warunkach.<\/p>\n<p>\n<img decoding=\"async\" src=\"https:\/\/assets.innpro.pl\/9248\/10810\/4.jpg\" border=\"0\" alt=\"\" \/>\n<\/p>\n<h3>Bezpiecze\u0144stwo i stabilno\u015b\u0107\u00a0<\/h3>\n<p>Innowacyjny system mocowania z podw\u00f3jnym zamkiem 3M\u2122 Dual Lock\u2122 zapewnia solidne trzymanie, nawet przy najwi\u0119kszych falach. Uchwyt jest \u0142atwy w monta\u017cu i demonta\u017cu, ale jednocze\u015bnie na tyle mocny, \u017ce nie musisz si\u0119 martwi\u0107 o jego przesuni\u0119cie czy poluzowanie. Stabilno\u015b\u0107 gwarantuje niezawodno\u015b\u0107 uj\u0119\u0107 \u2013 bez drga\u0144 i zak\u0142\u00f3ce\u0144, nawet podczas dynamicznych manewr\u00f3w na wodzie. Podstawa uchwytu jest pokryta mocnym klejem 3M\u2122, kt\u00f3ry charakteryzuje si\u0119 doskona\u0142\u0105 odporno\u015bci\u0105 na wod\u0119. Dzi\u0119ki temu masz pewno\u015b\u0107, \u017ce kamera zostanie na swoim miejscu.<\/p>\n<p>\n<img decoding=\"async\" src=\"https:\/\/assets.innpro.pl\/9248\/10810\/2.jpg\" border=\"0\" alt=\"\" \/>\n<\/p>\n<h3>W zestawie<\/h3>\n<ul class=\"list-disc pl-5\">\n<li>Tri-Float x 1<\/li>\n<li>Sticky Basex 1<\/li>\n<li>Silicone Mountx 1<\/li>\n<li>Adapter 2-wyj\u015bciowy na 1\/4 calax 1<\/li>\n<li>\u015aruba dociskowax 1<\/li>\n<li>Chusteczki nas\u0105czone alkoholem x 2<\/li>\n<\/ul>\n<div class=\"table-wrapper\">\n<p>\u00a0<\/p>\n<h3><\/h3>\n<table>\n<tbody>\n<tr>\n<th>Producent<\/th>\n<td>Insta360<\/td>\n<\/tr>\n<tr>\n<th>Kod producenta<\/th>\n<td>CINSCAVF<\/td>\n<\/tr>\n<tr>\n<th>Waga <\/th>\n<td>276g<\/td>\n<\/tr>\n<tr>\n<th>Wymiary (z adapterem 2-wyj\u015bciowym na 1\/4 cala)<\/th>\n<td>220 x 170 x 80mm<\/td>\n<\/tr>\n<tr>\n<th>Materia\u0142<\/th>\n<td>Plastik, stal nierdzewna, EVA, silikon<\/td>\n<\/tr>\n<tr>\n<th>Kompatybilno\u015b\u0107<\/th>\n<td>Insta360 Ace Pro 2, GO 3S, X4, Insta360 Ace Pro, Insta360 Ace, GO 3, X3, ONE RS (Twin\/4K), GO 2, ONE X2, ONE R, ONE X<\/td>\n<\/tr>\n<\/tbody>\n<\/table>\n<\/div>\n","protected":false},"excerpt":{"rendered":"<p>Mocowanie do deski surfingowej Insta360 Je\u017celi marzysz o uchwyceniu ka\u017cdego epickiego momentu swoich surfowych przyg\u00f3d, Insta360 Floating Surfboard Mount to<\/p>\n","protected":false},"featured_media":37545,"comment_status":"closed","ping_status":"open","template":"","meta":{"_acf_changed":false},"product_brand":[],"product_cat":[1128,1139,1140,1141,1138],"product_tag":[],"class_list":{"0":"post-37544","1":"product","2":"type-product","3":"status-publish","4":"has-post-thumbnail","6":"product_cat-foto-wideo","7":"product_cat-selfie-stick","8":"product_cat-statywy","9":"product_cat-uchwyty-do-mocowania-kamer-i-aparatow","10":"product_cat-wysiegniki","11":"pa_okres-gwarancji-5757","12":"pa_producent-insta360","14":"first","15":"outofstock","16":"taxable","17":"shipping-taxable","18":"purchasable","19":"product-type-simple"},"acf":[],"yoast_head":"<!-- This site is optimized with the Yoast SEO plugin v27.2 - https:\/\/yoast.com\/product\/yoast-seo-wordpress\/ -->\n<title>Mocowanie do deski surfingowej Insta360 - IRONSKY.PL Sklep z Dronami<\/title>\n<meta name=\"description\" content=\"Mocowanie do deski surfingowej Insta360 - \u2705 sklep z dronami i fachowym doradztwem. \u2705 Tutaj kupisz produkty DJI, Yuneec, Parrot, Syma i wiele innych, a tak\u017ce kursy i licencje na operatora drona.\" \/>\n<meta name=\"robots\" content=\"index, follow, max-snippet:-1, max-image-preview:large, max-video-preview:-1\" \/>\n<link rel=\"canonical\" href=\"https:\/\/ironsky.pl\/sklep\/produkt\/mocowanie-do-deski-surfingowej-insta360\/\" \/>\n<meta property=\"og:locale\" content=\"pl_PL\" \/>\n<meta property=\"og:type\" content=\"article\" \/>\n<meta property=\"og:title\" content=\"Mocowanie do deski surfingowej Insta360 - IRONSKY.PL Sklep z Dronami\" \/>\n<meta property=\"og:description\" content=\"Mocowanie do deski surfingowej Insta360 - \u2705 sklep z dronami i fachowym doradztwem. \u2705 Tutaj kupisz produkty DJI, Yuneec, Parrot, Syma i wiele innych, a tak\u017ce kursy i licencje na operatora drona.\" \/>\n<meta property=\"og:url\" content=\"https:\/\/ironsky.pl\/sklep\/produkt\/mocowanie-do-deski-surfingowej-insta360\/\" \/>\n<meta property=\"og:site_name\" content=\"IRONSKY.PL Sklep z Dronami\" \/>\n<meta property=\"article:modified_time\" content=\"2026-03-05T14:55:05+00:00\" \/>\n<meta property=\"og:image\" content=\"https:\/\/ironsky.pl\/sklep\/wp-content\/uploads\/2025\/02\/46799_6.jpg\" \/>\n\t<meta property=\"og:image:width\" content=\"800\" \/>\n\t<meta property=\"og:image:height\" content=\"800\" \/>\n\t<meta property=\"og:image:type\" content=\"image\/jpeg\" \/>\n<meta name=\"twitter:card\" content=\"summary_large_image\" \/>\n<meta name=\"twitter:label1\" content=\"Szacowany czas czytania\" \/>\n\t<meta name=\"twitter:data1\" content=\"2 minuty\" \/>\n<script type=\"application\/ld+json\" class=\"yoast-schema-graph\">{\"@context\":\"https:\/\/schema.org\",\"@graph\":[{\"@type\":\"WebPage\",\"@id\":\"https:\/\/ironsky.pl\/sklep\/produkt\/mocowanie-do-deski-surfingowej-insta360\/\",\"url\":\"https:\/\/ironsky.pl\/sklep\/produkt\/mocowanie-do-deski-surfingowej-insta360\/\",\"name\":\"Mocowanie do deski surfingowej Insta360 - IRONSKY.PL Sklep z Dronami\",\"isPartOf\":{\"@id\":\"https:\/\/ironsky.pl\/sklep\/#website\"},\"primaryImageOfPage\":{\"@id\":\"https:\/\/ironsky.pl\/sklep\/produkt\/mocowanie-do-deski-surfingowej-insta360\/#primaryimage\"},\"image\":{\"@id\":\"https:\/\/ironsky.pl\/sklep\/produkt\/mocowanie-do-deski-surfingowej-insta360\/#primaryimage\"},\"thumbnailUrl\":\"https:\/\/ironsky.pl\/sklep\/wp-content\/uploads\/2025\/02\/46799_6.jpg\",\"datePublished\":\"2025-02-13T16:05:31+00:00\",\"dateModified\":\"2026-03-05T14:55:05+00:00\",\"description\":\"Mocowanie do deski surfingowej Insta360 - \u2705 sklep z dronami i fachowym doradztwem. \u2705 Tutaj kupisz produkty DJI, Yuneec, Parrot, Syma i wiele innych, a tak\u017ce kursy i licencje na operatora drona.\",\"breadcrumb\":{\"@id\":\"https:\/\/ironsky.pl\/sklep\/produkt\/mocowanie-do-deski-surfingowej-insta360\/#breadcrumb\"},\"inLanguage\":\"pl-PL\",\"potentialAction\":[{\"@type\":\"ReadAction\",\"target\":[\"https:\/\/ironsky.pl\/sklep\/produkt\/mocowanie-do-deski-surfingowej-insta360\/\"]}]},{\"@type\":\"ImageObject\",\"inLanguage\":\"pl-PL\",\"@id\":\"https:\/\/ironsky.pl\/sklep\/produkt\/mocowanie-do-deski-surfingowej-insta360\/#primaryimage\",\"url\":\"https:\/\/ironsky.pl\/sklep\/wp-content\/uploads\/2025\/02\/46799_6.jpg\",\"contentUrl\":\"https:\/\/ironsky.pl\/sklep\/wp-content\/uploads\/2025\/02\/46799_6.jpg\",\"width\":800,\"height\":800},{\"@type\":\"BreadcrumbList\",\"@id\":\"https:\/\/ironsky.pl\/sklep\/produkt\/mocowanie-do-deski-surfingowej-insta360\/#breadcrumb\",\"itemListElement\":[{\"@type\":\"ListItem\",\"position\":1,\"name\":\"Strona g\u0142\u00f3wna\",\"item\":\"https:\/\/ironsky.pl\/sklep\/\"},{\"@type\":\"ListItem\",\"position\":2,\"name\":\"Wszystkie produkty\",\"item\":\"https:\/\/ironsky.pl\/sklep\/produkty\/\"},{\"@type\":\"ListItem\",\"position\":3,\"name\":\"Mocowanie do deski surfingowej Insta360\"}]},{\"@type\":\"WebSite\",\"@id\":\"https:\/\/ironsky.pl\/sklep\/#website\",\"url\":\"https:\/\/ironsky.pl\/sklep\/\",\"name\":\"IRONSKY.PL Sklep z Dronami\",\"description\":\"IRONSKY.PL Sklep z Dronami\",\"potentialAction\":[{\"@type\":\"SearchAction\",\"target\":{\"@type\":\"EntryPoint\",\"urlTemplate\":\"https:\/\/ironsky.pl\/sklep\/?s={search_term_string}\"},\"query-input\":{\"@type\":\"PropertyValueSpecification\",\"valueRequired\":true,\"valueName\":\"search_term_string\"}}],\"inLanguage\":\"pl-PL\"}]}<\/script>\n<!-- \/ Yoast SEO plugin. -->","yoast_head_json":{"title":"Mocowanie do deski surfingowej Insta360 - IRONSKY.PL Sklep z Dronami","description":"Mocowanie do deski surfingowej Insta360 - \u2705 sklep z dronami i fachowym doradztwem. \u2705 Tutaj kupisz produkty DJI, Yuneec, Parrot, Syma i wiele innych, a tak\u017ce kursy i licencje na operatora drona.","robots":{"index":"index","follow":"follow","max-snippet":"max-snippet:-1","max-image-preview":"max-image-preview:large","max-video-preview":"max-video-preview:-1"},"canonical":"https:\/\/ironsky.pl\/sklep\/produkt\/mocowanie-do-deski-surfingowej-insta360\/","og_locale":"pl_PL","og_type":"article","og_title":"Mocowanie do deski surfingowej Insta360 - IRONSKY.PL Sklep z Dronami","og_description":"Mocowanie do deski surfingowej Insta360 - \u2705 sklep z dronami i fachowym doradztwem. \u2705 Tutaj kupisz produkty DJI, Yuneec, Parrot, Syma i wiele innych, a tak\u017ce kursy i licencje na operatora drona.","og_url":"https:\/\/ironsky.pl\/sklep\/produkt\/mocowanie-do-deski-surfingowej-insta360\/","og_site_name":"IRONSKY.PL Sklep z Dronami","article_modified_time":"2026-03-05T14:55:05+00:00","og_image":[{"width":800,"height":800,"url":"https:\/\/ironsky.pl\/sklep\/wp-content\/uploads\/2025\/02\/46799_6.jpg","type":"image\/jpeg"}],"twitter_card":"summary_large_image","twitter_misc":{"Szacowany czas czytania":"2 minuty"},"schema":{"@context":"https:\/\/schema.org","@graph":[{"@type":"WebPage","@id":"https:\/\/ironsky.pl\/sklep\/produkt\/mocowanie-do-deski-surfingowej-insta360\/","url":"https:\/\/ironsky.pl\/sklep\/produkt\/mocowanie-do-deski-surfingowej-insta360\/","name":"Mocowanie do deski surfingowej Insta360 - IRONSKY.PL Sklep z Dronami","isPartOf":{"@id":"https:\/\/ironsky.pl\/sklep\/#website"},"primaryImageOfPage":{"@id":"https:\/\/ironsky.pl\/sklep\/produkt\/mocowanie-do-deski-surfingowej-insta360\/#primaryimage"},"image":{"@id":"https:\/\/ironsky.pl\/sklep\/produkt\/mocowanie-do-deski-surfingowej-insta360\/#primaryimage"},"thumbnailUrl":"https:\/\/ironsky.pl\/sklep\/wp-content\/uploads\/2025\/02\/46799_6.jpg","datePublished":"2025-02-13T16:05:31+00:00","dateModified":"2026-03-05T14:55:05+00:00","description":"Mocowanie do deski surfingowej Insta360 - \u2705 sklep z dronami i fachowym doradztwem. \u2705 Tutaj kupisz produkty DJI, Yuneec, Parrot, Syma i wiele innych, a tak\u017ce kursy i licencje na operatora drona.","breadcrumb":{"@id":"https:\/\/ironsky.pl\/sklep\/produkt\/mocowanie-do-deski-surfingowej-insta360\/#breadcrumb"},"inLanguage":"pl-PL","potentialAction":[{"@type":"ReadAction","target":["https:\/\/ironsky.pl\/sklep\/produkt\/mocowanie-do-deski-surfingowej-insta360\/"]}]},{"@type":"ImageObject","inLanguage":"pl-PL","@id":"https:\/\/ironsky.pl\/sklep\/produkt\/mocowanie-do-deski-surfingowej-insta360\/#primaryimage","url":"https:\/\/ironsky.pl\/sklep\/wp-content\/uploads\/2025\/02\/46799_6.jpg","contentUrl":"https:\/\/ironsky.pl\/sklep\/wp-content\/uploads\/2025\/02\/46799_6.jpg","width":800,"height":800},{"@type":"BreadcrumbList","@id":"https:\/\/ironsky.pl\/sklep\/produkt\/mocowanie-do-deski-surfingowej-insta360\/#breadcrumb","itemListElement":[{"@type":"ListItem","position":1,"name":"Strona g\u0142\u00f3wna","item":"https:\/\/ironsky.pl\/sklep\/"},{"@type":"ListItem","position":2,"name":"Wszystkie produkty","item":"https:\/\/ironsky.pl\/sklep\/produkty\/"},{"@type":"ListItem","position":3,"name":"Mocowanie do deski surfingowej Insta360"}]},{"@type":"WebSite","@id":"https:\/\/ironsky.pl\/sklep\/#website","url":"https:\/\/ironsky.pl\/sklep\/","name":"IRONSKY.PL Sklep z Dronami","description":"IRONSKY.PL Sklep z Dronami","potentialAction":[{"@type":"SearchAction","target":{"@type":"EntryPoint","urlTemplate":"https:\/\/ironsky.pl\/sklep\/?s={search_term_string}"},"query-input":{"@type":"PropertyValueSpecification","valueRequired":true,"valueName":"search_term_string"}}],"inLanguage":"pl-PL"}]}},"_links":{"self":[{"href":"https:\/\/ironsky.pl\/sklep\/wp-json\/wp\/v2\/product\/37544","targetHints":{"allow":["GET"]}}],"collection":[{"href":"https:\/\/ironsky.pl\/sklep\/wp-json\/wp\/v2\/product"}],"about":[{"href":"https:\/\/ironsky.pl\/sklep\/wp-json\/wp\/v2\/types\/product"}],"replies":[{"embeddable":true,"href":"https:\/\/ironsky.pl\/sklep\/wp-json\/wp\/v2\/comments?post=37544"}],"wp:featuredmedia":[{"embeddable":true,"href":"https:\/\/ironsky.pl\/sklep\/wp-json\/wp\/v2\/media\/37545"}],"wp:attachment":[{"href":"https:\/\/ironsky.pl\/sklep\/wp-json\/wp\/v2\/media?parent=37544"}],"wp:term":[{"taxonomy":"product_brand","embeddable":true,"href":"https:\/\/ironsky.pl\/sklep\/wp-json\/wp\/v2\/product_brand?post=37544"},{"taxonomy":"product_cat","embeddable":true,"href":"https:\/\/ironsky.pl\/sklep\/wp-json\/wp\/v2\/product_cat?post=37544"},{"taxonomy":"product_tag","embeddable":true,"href":"https:\/\/ironsky.pl\/sklep\/wp-json\/wp\/v2\/product_tag?post=37544"}],"curies":[{"name":"wp","href":"https:\/\/api.w.org\/{rel}","templated":true}]}}