{"id":37474,"date":"2025-02-13T17:04:56","date_gmt":"2025-02-13T16:04:56","guid":{"rendered":"https:\/\/ironsky.pl\/drony-sklep\/produkt\/fotopulapka-kjk-20mp-1080p-kjk-hc202-1\/"},"modified":"2026-03-05T15:55:02","modified_gmt":"2026-03-05T14:55:02","slug":"fotopulapka-kjk-20mp-1080p-kjk-hc202-1","status":"publish","type":"product","link":"https:\/\/ironsky.pl\/sklep\/produkt\/fotopulapka-kjk-20mp-1080p-kjk-hc202-1\/","title":{"rendered":"Fotopu\u0142apka KJK 20MP 1080p ( KJK-HC202-1 )"},"content":{"rendered":"<h3>Fotopu\u0142apka KJK 20MP 1080p ( KJK-HC202-1 )<\/h3>\n<p>Fotopu\u0142apka KJK 20MP 1080p (model KJK-HC202-1) to kompaktowe urz\u0105dzenie o zaawansowanych funkcjach, idealne do monitorowania dzikiej przyrody, polowa\u0144, nadzoru nad posesj\u0105 oraz obserwacji ro\u015blinno\u015bci. Dzi\u0119ki wyj\u0105tkowej jako\u015bci obrazu oraz \u0142atwej obs\u0142udze ta kamera jest doskona\u0142ym wyborem zar\u00f3wno dla pocz\u0105tkuj\u0105cych u\u017cytkownik\u00f3w, jak i zaawansowanych mi\u0142o\u015bnik\u00f3w przyrody.<\/p>\n<p>\n<img decoding=\"async\" src=\"https:\/\/assets.innpro.pl\/9178\/10716\/4.jpg\" border=\"0\" \/>\n<\/p>\n<h3>Wysoka jako\u015b\u0107 zdj\u0119\u0107<\/h3>\n<p>Dzi\u0119ki zaawansowanemu sensorowi obrazu oraz wysokiej jako\u015bci obiektywowi optycznemu fotopu\u0142apka KJK-HC202-1 rejestruje zdj\u0119cia o rozdzielczo\u015bci do 20 megapikseli oraz p\u0142ynne wideo w jako\u015bci do 1080p. Wbudowane diody LED o niskiej emisji \u015bwiat\u0142a (850 nm) gwarantuj\u0105 doskona\u0142\u0105 widoczno\u015b\u0107 zar\u00f3wno w ci\u0105gu dnia, jak i w nocy, a tak\u017ce w warunkach s\u0142abego o\u015bwietlenia. Dodatkowo wbudowany g\u0142o\u015bnik z redukcj\u0105 szum\u00f3w oraz 2-calowy kolorowy ekran TFT zapewniaj\u0105 pe\u0142ne zanurzenie w \u015bwiat dzikiej przyrody.<\/p>\n<p>\n<img decoding=\"async\" src=\"https:\/\/assets.innpro.pl\/9178\/10716\/2.jpg\" border=\"0\" \/>\n<\/p>\n<h3>Doskona\u0142a widoczno\u015b\u0107 noc\u0105<\/h3>\n<p>Kamera zosta\u0142a wyposa\u017cona w 22 diody LED o niskiej emisji \u015bwiat\u0142a, kt\u00f3re zapewniaj\u0105 niezawodn\u0105 widoczno\u015b\u0107 nocn\u0105 na odleg\u0142o\u015b\u0107 do 23 metr\u00f3w. Technologia podczerwieni 850 nm sprawia, \u017ce kamera jest praktycznie niewidoczna dla zwierz\u0105t, co pozwala na dyskretne rejestrowanie ich nocnych zachowa\u0144. Dzi\u0119ki adaptacyjnej technologii o\u015bwietlenia unika si\u0119 prze\u015bwietle\u0144 i niedo\u015bwietle\u0144, co gwarantuje wyra\u017ane obrazy i filmy nawet w ca\u0142kowitej ciemno\u015bci.<\/p>\n<p>\n<img decoding=\"async\" src=\"https:\/\/assets.innpro.pl\/9178\/10716\/3.jpg\" border=\"0\" \/>\n<\/p>\n<h3>Superszybki czas reakcji i szeroki k\u0105t widzenia<\/h3>\n<p>Fotopu\u0142apka KJK-HC202-1 wyr\u00f3\u017cnia si\u0119 bardzo szybkim czasem reakcji wynosz\u0105cym mniej ni\u017c 0,1 &#8211; 0,5 sekundy, co pozwala na rejestrowanie ka\u017cdego ruchu w zasi\u0119gu kamery. W po\u0142\u0105czeniu z k\u0105tem detekcji 130\u00b0 kamera zapewnia szerokie pole widzenia, idealne do monitorowania du\u017cych obszar\u00f3w. Z opcj\u0105 wyboru od 1 do 3 zdj\u0119\u0107 na wyzwolenie, nigdy nie przegapisz \u017cadnej aktywno\u015bci w polu widzenia kamery.<\/p>\n<p>\n<img decoding=\"async\" src=\"https:\/\/assets.innpro.pl\/9178\/10716\/6.jpg\" border=\"0\" \/>\n<\/p>\n<h3>Prosta instalacja i obs\u0142uga<\/h3>\n<p>Fotopu\u0142apka KJK-HC202-1 zosta\u0142a zaprojektowana z my\u015bl\u0105 o \u0142atwej obs\u0142udze. Wbudowany 2-calowy kolorowy ekran oraz przyciski w stylu pilota do telewizora pozwalaj\u0105 na szybkie ustawienie i przegl\u0105danie materia\u0142\u00f3w bez potrzeby korzystania z Wi-Fi, kart SIM czy aplikacji mobilnych. Do\u0142\u0105czone paski monta\u017cowe i uchwyty umo\u017cliwiaj\u0105 zamocowanie kamery w r\u00f3\u017cnych miejscach i pod r\u00f3\u017cnymi k\u0105tami. Szczeg\u00f3\u0142owa instrukcja obs\u0142ugi pozwala na szybkie i bezproblemowe rozpocz\u0119cie pracy z kamer\u0105.<\/p>\n<p>\n<img decoding=\"async\" src=\"https:\/\/assets.innpro.pl\/9178\/10716\/5.jpg\" border=\"0\" \/>\n<\/p>\n<h3>Wytrzyma\u0142o\u015b\u0107 na trudne warunki<\/h3>\n<p>Dzi\u0119ki klasie wodoodporno\u015bci IP66 fotopu\u0142apka KJK-HC202-1 jest odporna na deszcz, py\u0142 i mg\u0142\u0119, co pozwala na jej u\u017cycie w ekstremalnych warunkach, takich jak pustynie czy lasy deszczowe. Kamera jest r\u00f3wnie\u017c odporna na ekstremalne temperatury od -30\u00b0C do 70\u00b0C, co czyni j\u0105 idealnym narz\u0119dziem do obserwacji w ka\u017cdych warunkach pogodowych. Kompaktowy rozmiar urz\u0105dzenia u\u0142atwia jego ukrycie oraz transport, a tak\u017ce zmniejsza ryzyko kradzie\u017cy lub uszkodzenia.<\/p>\n<p>\n<img decoding=\"async\" src=\"https:\/\/assets.innpro.pl\/9178\/10716\/1.jpg\" border=\"0\" \/>\n<\/p>\n<h3>W zestawie<\/h3>\n<ul class=\"list-disc pl-5\">\n<li>Fotopu\u0142apka KJK 20MP 1080p ( KJK-HC202-1 )<\/li>\n<li>Statyw gwintowany<\/li>\n<li>Nylonowy pasek<\/li>\n<li>4*Bateria AA<\/li>\n<li>Karta SD 32G<\/li>\n<li>Kabel USB<\/li>\n<li>Akcesoria do \u015br\u00f3b<\/li>\n<li>Instrukcja obs\u0142ugi<\/li>\n<\/ul>\n<div class=\"table-wrapper\">\n<p>\u00a0<\/p>\n<h3><\/h3>\n<table>\n<tbody>\n<tr>\n<th>Nazwa:<\/th>\n<td>Fotopu\u0142apka KJK 20MP 1080p ( KJK-HC202-1 )<\/td>\n<\/tr>\n<tr>\n<th>Producent:<\/th>\n<td>KJK<\/td>\n<\/tr>\n<tr>\n<th>Model:<\/th>\n<td>KJK-HC202-1<\/td>\n<\/tr>\n<tr>\n<th>Rozdzielczo\u015b\u0107:<\/th>\n<td>20MP, 16MP, 12MP, 8MP, 5MP, 3MP, 1MP<\/td>\n<\/tr>\n<tr>\n<th>Jako\u015b\u0107 wideo:<\/th>\n<td>1920x1080p, 1280x720p, 720x480p, 640x480p<\/td>\n<\/tr>\n<tr>\n<th>Emisja \u015bwiat\u0142a (LED):<\/th>\n<td>850nm<\/td>\n<\/tr>\n<tr>\n<th>Czas reakcji:<\/th>\n<td>0.1-0,5s<\/td>\n<\/tr>\n<tr>\n<th>K\u0105t detekcji:<\/th>\n<td>130\u00b0<\/td>\n<\/tr>\n<tr>\n<th>Wodoodporno\u015b\u0107:<\/th>\n<td>IP66<\/td>\n<\/tr>\n<\/tbody>\n<\/table>\n<\/div>\n","protected":false},"excerpt":{"rendered":"<p>Fotopu\u0142apka KJK 20MP 1080p ( KJK-HC202-1 ) Fotopu\u0142apka KJK 20MP 1080p (model KJK-HC202-1) to kompaktowe urz\u0105dzenie o zaawansowanych funkcjach, idealne<\/p>\n","protected":false},"featured_media":37475,"comment_status":"closed","ping_status":"open","template":"","meta":{"_acf_changed":false},"product_brand":[],"product_cat":[1128,5786],"product_tag":[],"class_list":{"0":"post-37474","1":"product","2":"type-product","3":"status-publish","4":"has-post-thumbnail","6":"product_cat-foto-wideo","7":"product_cat-lornetki","8":"pa_okres-gwarancji-5757","9":"pa_producent-kjk","11":"first","12":"outofstock","13":"taxable","14":"shipping-taxable","15":"purchasable","16":"product-type-simple"},"acf":[],"yoast_head":"<!-- This site is optimized with the Yoast SEO plugin v27.2 - https:\/\/yoast.com\/product\/yoast-seo-wordpress\/ -->\n<title>Fotopu\u0142apka KJK 20MP 1080p ( KJK-HC202-1 ) - IRONSKY.PL Sklep z Dronami<\/title>\n<meta name=\"description\" content=\"Fotopu\u0142apka KJK 20MP 1080p ( KJK-HC202-1 ) - \u2705 sklep z dronami i fachowym doradztwem. \u2705 Tutaj kupisz produkty DJI, Yuneec, Parrot, Syma i wiele innych, a tak\u017ce kursy i licencje na operatora drona.\" \/>\n<meta name=\"robots\" content=\"index, follow, max-snippet:-1, max-image-preview:large, max-video-preview:-1\" \/>\n<link rel=\"canonical\" href=\"https:\/\/ironsky.pl\/sklep\/produkt\/fotopulapka-kjk-20mp-1080p-kjk-hc202-1\/\" \/>\n<meta property=\"og:locale\" content=\"pl_PL\" \/>\n<meta property=\"og:type\" content=\"article\" \/>\n<meta property=\"og:title\" content=\"Fotopu\u0142apka KJK 20MP 1080p ( KJK-HC202-1 ) - IRONSKY.PL Sklep z Dronami\" \/>\n<meta property=\"og:description\" content=\"Fotopu\u0142apka KJK 20MP 1080p ( KJK-HC202-1 ) - \u2705 sklep z dronami i fachowym doradztwem. \u2705 Tutaj kupisz produkty DJI, Yuneec, Parrot, Syma i wiele innych, a tak\u017ce kursy i licencje na operatora drona.\" \/>\n<meta property=\"og:url\" content=\"https:\/\/ironsky.pl\/sklep\/produkt\/fotopulapka-kjk-20mp-1080p-kjk-hc202-1\/\" \/>\n<meta property=\"og:site_name\" content=\"IRONSKY.PL Sklep z Dronami\" \/>\n<meta property=\"article:modified_time\" content=\"2026-03-05T14:55:02+00:00\" \/>\n<meta property=\"og:image\" content=\"https:\/\/ironsky.pl\/sklep\/wp-content\/uploads\/2025\/02\/46413_6.jpg\" \/>\n\t<meta property=\"og:image:width\" content=\"800\" \/>\n\t<meta property=\"og:image:height\" content=\"800\" \/>\n\t<meta property=\"og:image:type\" content=\"image\/jpeg\" \/>\n<meta name=\"twitter:card\" content=\"summary_large_image\" \/>\n<meta name=\"twitter:label1\" content=\"Szacowany czas czytania\" \/>\n\t<meta name=\"twitter:data1\" content=\"3 minuty\" \/>\n<script type=\"application\/ld+json\" class=\"yoast-schema-graph\">{\"@context\":\"https:\/\/schema.org\",\"@graph\":[{\"@type\":\"WebPage\",\"@id\":\"https:\/\/ironsky.pl\/sklep\/produkt\/fotopulapka-kjk-20mp-1080p-kjk-hc202-1\/\",\"url\":\"https:\/\/ironsky.pl\/sklep\/produkt\/fotopulapka-kjk-20mp-1080p-kjk-hc202-1\/\",\"name\":\"Fotopu\u0142apka KJK 20MP 1080p ( KJK-HC202-1 ) - IRONSKY.PL Sklep z Dronami\",\"isPartOf\":{\"@id\":\"https:\/\/ironsky.pl\/sklep\/#website\"},\"primaryImageOfPage\":{\"@id\":\"https:\/\/ironsky.pl\/sklep\/produkt\/fotopulapka-kjk-20mp-1080p-kjk-hc202-1\/#primaryimage\"},\"image\":{\"@id\":\"https:\/\/ironsky.pl\/sklep\/produkt\/fotopulapka-kjk-20mp-1080p-kjk-hc202-1\/#primaryimage\"},\"thumbnailUrl\":\"https:\/\/ironsky.pl\/sklep\/wp-content\/uploads\/2025\/02\/46413_6.jpg\",\"datePublished\":\"2025-02-13T16:04:56+00:00\",\"dateModified\":\"2026-03-05T14:55:02+00:00\",\"description\":\"Fotopu\u0142apka KJK 20MP 1080p ( KJK-HC202-1 ) - \u2705 sklep z dronami i fachowym doradztwem. \u2705 Tutaj kupisz produkty DJI, Yuneec, Parrot, Syma i wiele innych, a tak\u017ce kursy i licencje na operatora drona.\",\"breadcrumb\":{\"@id\":\"https:\/\/ironsky.pl\/sklep\/produkt\/fotopulapka-kjk-20mp-1080p-kjk-hc202-1\/#breadcrumb\"},\"inLanguage\":\"pl-PL\",\"potentialAction\":[{\"@type\":\"ReadAction\",\"target\":[\"https:\/\/ironsky.pl\/sklep\/produkt\/fotopulapka-kjk-20mp-1080p-kjk-hc202-1\/\"]}]},{\"@type\":\"ImageObject\",\"inLanguage\":\"pl-PL\",\"@id\":\"https:\/\/ironsky.pl\/sklep\/produkt\/fotopulapka-kjk-20mp-1080p-kjk-hc202-1\/#primaryimage\",\"url\":\"https:\/\/ironsky.pl\/sklep\/wp-content\/uploads\/2025\/02\/46413_6.jpg\",\"contentUrl\":\"https:\/\/ironsky.pl\/sklep\/wp-content\/uploads\/2025\/02\/46413_6.jpg\",\"width\":800,\"height\":800},{\"@type\":\"BreadcrumbList\",\"@id\":\"https:\/\/ironsky.pl\/sklep\/produkt\/fotopulapka-kjk-20mp-1080p-kjk-hc202-1\/#breadcrumb\",\"itemListElement\":[{\"@type\":\"ListItem\",\"position\":1,\"name\":\"Strona g\u0142\u00f3wna\",\"item\":\"https:\/\/ironsky.pl\/sklep\/\"},{\"@type\":\"ListItem\",\"position\":2,\"name\":\"Wszystkie produkty\",\"item\":\"https:\/\/ironsky.pl\/sklep\/produkty\/\"},{\"@type\":\"ListItem\",\"position\":3,\"name\":\"Fotopu\u0142apka KJK 20MP 1080p ( KJK-HC202-1 )\"}]},{\"@type\":\"WebSite\",\"@id\":\"https:\/\/ironsky.pl\/sklep\/#website\",\"url\":\"https:\/\/ironsky.pl\/sklep\/\",\"name\":\"IRONSKY.PL Sklep z Dronami\",\"description\":\"IRONSKY.PL Sklep z Dronami\",\"potentialAction\":[{\"@type\":\"SearchAction\",\"target\":{\"@type\":\"EntryPoint\",\"urlTemplate\":\"https:\/\/ironsky.pl\/sklep\/?s={search_term_string}\"},\"query-input\":{\"@type\":\"PropertyValueSpecification\",\"valueRequired\":true,\"valueName\":\"search_term_string\"}}],\"inLanguage\":\"pl-PL\"}]}<\/script>\n<!-- \/ Yoast SEO plugin. -->","yoast_head_json":{"title":"Fotopu\u0142apka KJK 20MP 1080p ( KJK-HC202-1 ) - IRONSKY.PL Sklep z Dronami","description":"Fotopu\u0142apka KJK 20MP 1080p ( KJK-HC202-1 ) - \u2705 sklep z dronami i fachowym doradztwem. \u2705 Tutaj kupisz produkty DJI, Yuneec, Parrot, Syma i wiele innych, a tak\u017ce kursy i licencje na operatora drona.","robots":{"index":"index","follow":"follow","max-snippet":"max-snippet:-1","max-image-preview":"max-image-preview:large","max-video-preview":"max-video-preview:-1"},"canonical":"https:\/\/ironsky.pl\/sklep\/produkt\/fotopulapka-kjk-20mp-1080p-kjk-hc202-1\/","og_locale":"pl_PL","og_type":"article","og_title":"Fotopu\u0142apka KJK 20MP 1080p ( KJK-HC202-1 ) - IRONSKY.PL Sklep z Dronami","og_description":"Fotopu\u0142apka KJK 20MP 1080p ( KJK-HC202-1 ) - \u2705 sklep z dronami i fachowym doradztwem. \u2705 Tutaj kupisz produkty DJI, Yuneec, Parrot, Syma i wiele innych, a tak\u017ce kursy i licencje na operatora drona.","og_url":"https:\/\/ironsky.pl\/sklep\/produkt\/fotopulapka-kjk-20mp-1080p-kjk-hc202-1\/","og_site_name":"IRONSKY.PL Sklep z Dronami","article_modified_time":"2026-03-05T14:55:02+00:00","og_image":[{"width":800,"height":800,"url":"https:\/\/ironsky.pl\/sklep\/wp-content\/uploads\/2025\/02\/46413_6.jpg","type":"image\/jpeg"}],"twitter_card":"summary_large_image","twitter_misc":{"Szacowany czas czytania":"3 minuty"},"schema":{"@context":"https:\/\/schema.org","@graph":[{"@type":"WebPage","@id":"https:\/\/ironsky.pl\/sklep\/produkt\/fotopulapka-kjk-20mp-1080p-kjk-hc202-1\/","url":"https:\/\/ironsky.pl\/sklep\/produkt\/fotopulapka-kjk-20mp-1080p-kjk-hc202-1\/","name":"Fotopu\u0142apka KJK 20MP 1080p ( KJK-HC202-1 ) - IRONSKY.PL Sklep z Dronami","isPartOf":{"@id":"https:\/\/ironsky.pl\/sklep\/#website"},"primaryImageOfPage":{"@id":"https:\/\/ironsky.pl\/sklep\/produkt\/fotopulapka-kjk-20mp-1080p-kjk-hc202-1\/#primaryimage"},"image":{"@id":"https:\/\/ironsky.pl\/sklep\/produkt\/fotopulapka-kjk-20mp-1080p-kjk-hc202-1\/#primaryimage"},"thumbnailUrl":"https:\/\/ironsky.pl\/sklep\/wp-content\/uploads\/2025\/02\/46413_6.jpg","datePublished":"2025-02-13T16:04:56+00:00","dateModified":"2026-03-05T14:55:02+00:00","description":"Fotopu\u0142apka KJK 20MP 1080p ( KJK-HC202-1 ) - \u2705 sklep z dronami i fachowym doradztwem. \u2705 Tutaj kupisz produkty DJI, Yuneec, Parrot, Syma i wiele innych, a tak\u017ce kursy i licencje na operatora drona.","breadcrumb":{"@id":"https:\/\/ironsky.pl\/sklep\/produkt\/fotopulapka-kjk-20mp-1080p-kjk-hc202-1\/#breadcrumb"},"inLanguage":"pl-PL","potentialAction":[{"@type":"ReadAction","target":["https:\/\/ironsky.pl\/sklep\/produkt\/fotopulapka-kjk-20mp-1080p-kjk-hc202-1\/"]}]},{"@type":"ImageObject","inLanguage":"pl-PL","@id":"https:\/\/ironsky.pl\/sklep\/produkt\/fotopulapka-kjk-20mp-1080p-kjk-hc202-1\/#primaryimage","url":"https:\/\/ironsky.pl\/sklep\/wp-content\/uploads\/2025\/02\/46413_6.jpg","contentUrl":"https:\/\/ironsky.pl\/sklep\/wp-content\/uploads\/2025\/02\/46413_6.jpg","width":800,"height":800},{"@type":"BreadcrumbList","@id":"https:\/\/ironsky.pl\/sklep\/produkt\/fotopulapka-kjk-20mp-1080p-kjk-hc202-1\/#breadcrumb","itemListElement":[{"@type":"ListItem","position":1,"name":"Strona g\u0142\u00f3wna","item":"https:\/\/ironsky.pl\/sklep\/"},{"@type":"ListItem","position":2,"name":"Wszystkie produkty","item":"https:\/\/ironsky.pl\/sklep\/produkty\/"},{"@type":"ListItem","position":3,"name":"Fotopu\u0142apka KJK 20MP 1080p ( KJK-HC202-1 )"}]},{"@type":"WebSite","@id":"https:\/\/ironsky.pl\/sklep\/#website","url":"https:\/\/ironsky.pl\/sklep\/","name":"IRONSKY.PL Sklep z Dronami","description":"IRONSKY.PL Sklep z Dronami","potentialAction":[{"@type":"SearchAction","target":{"@type":"EntryPoint","urlTemplate":"https:\/\/ironsky.pl\/sklep\/?s={search_term_string}"},"query-input":{"@type":"PropertyValueSpecification","valueRequired":true,"valueName":"search_term_string"}}],"inLanguage":"pl-PL"}]}},"_links":{"self":[{"href":"https:\/\/ironsky.pl\/sklep\/wp-json\/wp\/v2\/product\/37474","targetHints":{"allow":["GET"]}}],"collection":[{"href":"https:\/\/ironsky.pl\/sklep\/wp-json\/wp\/v2\/product"}],"about":[{"href":"https:\/\/ironsky.pl\/sklep\/wp-json\/wp\/v2\/types\/product"}],"replies":[{"embeddable":true,"href":"https:\/\/ironsky.pl\/sklep\/wp-json\/wp\/v2\/comments?post=37474"}],"wp:featuredmedia":[{"embeddable":true,"href":"https:\/\/ironsky.pl\/sklep\/wp-json\/wp\/v2\/media\/37475"}],"wp:attachment":[{"href":"https:\/\/ironsky.pl\/sklep\/wp-json\/wp\/v2\/media?parent=37474"}],"wp:term":[{"taxonomy":"product_brand","embeddable":true,"href":"https:\/\/ironsky.pl\/sklep\/wp-json\/wp\/v2\/product_brand?post=37474"},{"taxonomy":"product_cat","embeddable":true,"href":"https:\/\/ironsky.pl\/sklep\/wp-json\/wp\/v2\/product_cat?post=37474"},{"taxonomy":"product_tag","embeddable":true,"href":"https:\/\/ironsky.pl\/sklep\/wp-json\/wp\/v2\/product_tag?post=37474"}],"curies":[{"name":"wp","href":"https:\/\/api.w.org\/{rel}","templated":true}]}}