{"id":37102,"date":"2025-02-13T17:02:57","date_gmt":"2025-02-13T16:02:57","guid":{"rendered":"https:\/\/ironsky.pl\/drony-sklep\/produkt\/plecak-fotograficzny-23l-kf-concept-beta-czarny\/"},"modified":"2026-03-05T15:54:48","modified_gmt":"2026-03-05T14:54:48","slug":"plecak-fotograficzny-23l-kf-concept-beta-czarny","status":"publish","type":"product","link":"https:\/\/ironsky.pl\/sklep\/produkt\/plecak-fotograficzny-23l-kf-concept-beta-czarny\/","title":{"rendered":"Plecak fotograficzny 23L K&#038;F Concept Beta czarny"},"content":{"rendered":"<h3>Plecak fotograficzny 23L K&amp;F Concept Beta (czarny)<\/h3>\n<p>Plecak fotograficzny K&amp;F Concept zapewnia pojemno\u015b\u0107 23 l z mo\u017cliwo\u015bci\u0105 rozbudowy o dodatkowe 4 l, dzi\u0119ki czemu wygodnie przechowasz sw\u00f3j sprz\u0119t. Wodoodporny pokrowiec gwarantuje ochron\u0119 cennych urz\u0105dze\u0144. Istnieje mo\u017cliwo\u015b\u0107 konfiguracji wn\u0119trza.\u00a0<\/p>\n<p>\n<img decoding=\"async\" src=\"https:\/\/assets.innpro.pl\/8209\/9607\/2.jpg\" border=\"0\" \/>\n<\/p>\n<h3>Przemy\u015blana struktura wewn\u0119trzna<\/h3>\n<p>Wn\u0119trze plecaka mo\u017cna skonfigurowa\u0107 w proporcjach 5:5 lub 2:8, aby dostosowa\u0107 je do potrzeb swojego sprz\u0119tu fotograficznego i innych akcesori\u00f3w. Zastosowane rozwi\u0105zanie z pewno\u015bci\u0105 zachwyci fotograf\u00f3w, kt\u00f3rzy cz\u0119sto korzystaj\u0105 z r\u00f3\u017cnorodnych urz\u0105dze\u0144 w zale\u017cno\u015bci od typu sesji.<\/p>\n<p>\n<img decoding=\"async\" src=\"https:\/\/assets.innpro.pl\/8209\/9607\/4.jpg\" border=\"0\" \/>\n<\/p>\n<h3>Ekspansja pojemno\u015bci<\/h3>\n<p>W standardowej konfiguracji plecak oferuje pojemno\u015b\u0107 23 litr\u00f3w, ale mo\u017cna rozszerzy\u0107 j\u0105 do 27 litr\u00f3w. Wymiary po ekspansji wynosz\u0105 35 x 22 x 5 cm. Dzi\u0119ki temu zmie\u015bcisz wi\u0119cej sprz\u0119tu i wygodnie wybierzesz si\u0119 na d\u0142ugie wyprawy fotograficzne.<\/p>\n<p>\n<img decoding=\"async\" src=\"https:\/\/assets.innpro.pl\/8209\/9607\/5.jpg\" border=\"0\" \/>\n<\/p>\n<h3>\u0141atwy dost\u0119p do sprz\u0119tu<\/h3>\n<p>Dzi\u0119ki otworom bocznym i g\u00f3rnym b\u0119dziesz cieszy\u0107 si\u0119 \u0142atwym dost\u0119pem do sprz\u0119tu. Plecak umo\u017cliwia szybkie wyj\u0119cie aparatu lub obiektywu bez konieczno\u015bci zdejmowania go z plec\u00f3w, co jest przydatne w dynamicznych sytuacjach, w kt\u00f3rych ka\u017cda sekunda ma znaczenie. Mo\u017cesz tak\u017ce wygodnie przechowywa\u0107 statyw. Dost\u0119pne s\u0105 te\u017c kieszenie, w kt\u00f3rych przechowywa\u0107 mo\u017cesz karty pami\u0119ci, filtry i akumulatory.<\/p>\n<p>\n<img decoding=\"async\" src=\"https:\/\/assets.innpro.pl\/8209\/9607\/6.jpg\" border=\"0\" \/>\n<\/p>\n<h3>Bezpieczne przechowywanie laptopa<\/h3>\n<p>Plecak zosta\u0142 wyposa\u017cony w niezale\u017cn\u0105 przegrod\u0119 na laptopa o przek\u0105tnej do 16 cali, kt\u00f3ra jest umiejscowiona wewn\u0105trz. Z powodzeniem przechowasz MacBooka Pro i inne urz\u0105dzenia o maksymalnych wymiarach 360 x 250 x 25 mm.<\/p>\n<p>\n<img decoding=\"async\" src=\"https:\/\/assets.innpro.pl\/8209\/9607\/7.jpg\" border=\"0\" \/>\n<\/p>\n<h3>Odporno\u015b\u0107 na wod\u0119<\/h3>\n<p>W zestawie znajduje si\u0119 pokrowiec, kt\u00f3ry chroni plecak i jego zawarto\u015b\u0107 przed deszczem i wilgoci\u0105. Dzi\u0119ki temu sprz\u0119t fotograficzny jest zabezpieczony przed erozj\u0105, co jest istotne w niesprzyjaj\u0105cych warunkach pogodowych.<\/p>\n<p>\n<img decoding=\"async\" src=\"https:\/\/assets.innpro.pl\/8209\/9607\/3.jpg\" border=\"0\" \/>\n<\/p>\n<h3>\u0141atwo\u015b\u0107 transportu<\/h3>\n<p>Plecak mo\u017cna zamocowa\u0107 na walizce, co u\u0142atwia transport podczas podr\u00f3\u017cy. Uwolnij r\u0119ce i odci\u0105\u017c kr\u0119gos\u0142up, ciesz\u0105c si\u0119 wygod\u0105.<\/p>\n<p>\n<img decoding=\"async\" src=\"https:\/\/assets.innpro.pl\/8209\/9607\/1.jpg\" border=\"0\" \/>\n<\/p>\n<h3>W zestawie:<\/h3>\n<ul class=\"list-disc pl-5\">\n<li>Plecak fotograficzny<\/li>\n<li>Pokrowiec przeciwdeszczowy<\/li>\n<li>Przegroda kr\u00f3tka x3<\/li>\n<li>Przegroda d\u0142uga<\/li>\n<li>Przegroda w kszta\u0142cie plastra miodu<\/li>\n<\/ul>\n<div class=\"table-wrapper\">\n<p>\u00a0<\/p>\n<h3><\/h3>\n<table>\n<tbody>\n<tr>\n<th>Producent<\/th>\n<td>K&amp;F Concept<\/td>\n<\/tr>\n<tr>\n<th>Kod producenta<\/th>\n<td>KF13.128V4<\/td>\n<\/tr>\n<tr>\n<th>Pojemno\u015b\u0107<\/th>\n<td>23 l z mo\u017cliwo\u015bci\u0105 rozszerzenia o 4 l<\/td>\n<\/tr>\n<tr>\n<th>Wymiary po rozszerzeniu pojemno\u015bci<\/th>\n<td>35 x 22 x 5 cm<\/td>\n<\/tr>\n<tr>\n<th>Waga<\/th>\n<td>1.2 kg<\/td>\n<\/tr>\n<tr>\n<th>Materia\u0142<\/th>\n<td>wodoodporny poliester<\/td>\n<\/tr>\n<tr>\n<th>Kolor<\/th>\n<td>czarny<\/td>\n<\/tr>\n<\/tbody>\n<\/table>\n<\/div>\n","protected":false},"excerpt":{"rendered":"<p>Plecak fotograficzny 23L K&amp;F Concept Beta (czarny) Plecak fotograficzny K&amp;F Concept zapewnia pojemno\u015b\u0107 23 l z mo\u017cliwo\u015bci\u0105 rozbudowy o dodatkowe<\/p>\n","protected":false},"featured_media":37103,"comment_status":"closed","ping_status":"open","template":"","meta":{"_acf_changed":false},"product_brand":[],"product_cat":[1128,5764,5761],"product_tag":[],"class_list":{"0":"post-37102","1":"product","2":"type-product","3":"status-publish","4":"has-post-thumbnail","6":"product_cat-foto-wideo","7":"product_cat-plecaki-fotograficzne","8":"product_cat-transport","9":"pa_okres-gwarancji-5754","10":"pa_producent-kf-concept","12":"first","13":"outofstock","14":"taxable","15":"shipping-taxable","16":"purchasable","17":"product-type-simple"},"acf":[],"yoast_head":"<!-- This site is optimized with the Yoast SEO plugin v27.2 - https:\/\/yoast.com\/product\/yoast-seo-wordpress\/ -->\n<title>Plecak fotograficzny 23L K&amp;F Concept Beta czarny - IRONSKY.PL Sklep z Dronami<\/title>\n<meta name=\"description\" content=\"Plecak fotograficzny 23L K&amp;F Concept Beta czarny - \u2705 sklep z dronami i fachowym doradztwem. \u2705 Tutaj kupisz produkty DJI, Yuneec, Parrot, Syma i wiele innych, a tak\u017ce kursy i licencje na operatora drona.\" \/>\n<meta name=\"robots\" content=\"index, follow, max-snippet:-1, max-image-preview:large, max-video-preview:-1\" \/>\n<link rel=\"canonical\" href=\"https:\/\/ironsky.pl\/sklep\/produkt\/plecak-fotograficzny-23l-kf-concept-beta-czarny\/\" \/>\n<meta property=\"og:locale\" content=\"pl_PL\" \/>\n<meta property=\"og:type\" content=\"article\" \/>\n<meta property=\"og:title\" content=\"Plecak fotograficzny 23L K&amp;F Concept Beta czarny - IRONSKY.PL Sklep z Dronami\" \/>\n<meta property=\"og:description\" content=\"Plecak fotograficzny 23L K&amp;F Concept Beta czarny - \u2705 sklep z dronami i fachowym doradztwem. \u2705 Tutaj kupisz produkty DJI, Yuneec, Parrot, Syma i wiele innych, a tak\u017ce kursy i licencje na operatora drona.\" \/>\n<meta property=\"og:url\" content=\"https:\/\/ironsky.pl\/sklep\/produkt\/plecak-fotograficzny-23l-kf-concept-beta-czarny\/\" \/>\n<meta property=\"og:site_name\" content=\"IRONSKY.PL Sklep z Dronami\" \/>\n<meta property=\"article:modified_time\" content=\"2026-03-05T14:54:48+00:00\" \/>\n<meta property=\"og:image\" content=\"https:\/\/ironsky.pl\/sklep\/wp-content\/uploads\/2025\/02\/45328_1.jpg\" \/>\n\t<meta property=\"og:image:width\" content=\"800\" \/>\n\t<meta property=\"og:image:height\" content=\"800\" \/>\n\t<meta property=\"og:image:type\" content=\"image\/jpeg\" \/>\n<meta name=\"twitter:card\" content=\"summary_large_image\" \/>\n<meta name=\"twitter:label1\" content=\"Szacowany czas czytania\" \/>\n\t<meta name=\"twitter:data1\" content=\"2 minuty\" \/>\n<script type=\"application\/ld+json\" class=\"yoast-schema-graph\">{\"@context\":\"https:\/\/schema.org\",\"@graph\":[{\"@type\":\"WebPage\",\"@id\":\"https:\/\/ironsky.pl\/sklep\/produkt\/plecak-fotograficzny-23l-kf-concept-beta-czarny\/\",\"url\":\"https:\/\/ironsky.pl\/sklep\/produkt\/plecak-fotograficzny-23l-kf-concept-beta-czarny\/\",\"name\":\"Plecak fotograficzny 23L K&F Concept Beta czarny - IRONSKY.PL Sklep z Dronami\",\"isPartOf\":{\"@id\":\"https:\/\/ironsky.pl\/sklep\/#website\"},\"primaryImageOfPage\":{\"@id\":\"https:\/\/ironsky.pl\/sklep\/produkt\/plecak-fotograficzny-23l-kf-concept-beta-czarny\/#primaryimage\"},\"image\":{\"@id\":\"https:\/\/ironsky.pl\/sklep\/produkt\/plecak-fotograficzny-23l-kf-concept-beta-czarny\/#primaryimage\"},\"thumbnailUrl\":\"https:\/\/ironsky.pl\/sklep\/wp-content\/uploads\/2025\/02\/45328_1.jpg\",\"datePublished\":\"2025-02-13T16:02:57+00:00\",\"dateModified\":\"2026-03-05T14:54:48+00:00\",\"description\":\"Plecak fotograficzny 23L K&F Concept Beta czarny - \u2705 sklep z dronami i fachowym doradztwem. \u2705 Tutaj kupisz produkty DJI, Yuneec, Parrot, Syma i wiele innych, a tak\u017ce kursy i licencje na operatora drona.\",\"breadcrumb\":{\"@id\":\"https:\/\/ironsky.pl\/sklep\/produkt\/plecak-fotograficzny-23l-kf-concept-beta-czarny\/#breadcrumb\"},\"inLanguage\":\"pl-PL\",\"potentialAction\":[{\"@type\":\"ReadAction\",\"target\":[\"https:\/\/ironsky.pl\/sklep\/produkt\/plecak-fotograficzny-23l-kf-concept-beta-czarny\/\"]}]},{\"@type\":\"ImageObject\",\"inLanguage\":\"pl-PL\",\"@id\":\"https:\/\/ironsky.pl\/sklep\/produkt\/plecak-fotograficzny-23l-kf-concept-beta-czarny\/#primaryimage\",\"url\":\"https:\/\/ironsky.pl\/sklep\/wp-content\/uploads\/2025\/02\/45328_1.jpg\",\"contentUrl\":\"https:\/\/ironsky.pl\/sklep\/wp-content\/uploads\/2025\/02\/45328_1.jpg\",\"width\":800,\"height\":800},{\"@type\":\"BreadcrumbList\",\"@id\":\"https:\/\/ironsky.pl\/sklep\/produkt\/plecak-fotograficzny-23l-kf-concept-beta-czarny\/#breadcrumb\",\"itemListElement\":[{\"@type\":\"ListItem\",\"position\":1,\"name\":\"Strona g\u0142\u00f3wna\",\"item\":\"https:\/\/ironsky.pl\/sklep\/\"},{\"@type\":\"ListItem\",\"position\":2,\"name\":\"Wszystkie produkty\",\"item\":\"https:\/\/ironsky.pl\/sklep\/produkty\/\"},{\"@type\":\"ListItem\",\"position\":3,\"name\":\"Plecak fotograficzny 23L K&#038;F Concept Beta czarny\"}]},{\"@type\":\"WebSite\",\"@id\":\"https:\/\/ironsky.pl\/sklep\/#website\",\"url\":\"https:\/\/ironsky.pl\/sklep\/\",\"name\":\"IRONSKY.PL Sklep z Dronami\",\"description\":\"IRONSKY.PL Sklep z Dronami\",\"potentialAction\":[{\"@type\":\"SearchAction\",\"target\":{\"@type\":\"EntryPoint\",\"urlTemplate\":\"https:\/\/ironsky.pl\/sklep\/?s={search_term_string}\"},\"query-input\":{\"@type\":\"PropertyValueSpecification\",\"valueRequired\":true,\"valueName\":\"search_term_string\"}}],\"inLanguage\":\"pl-PL\"}]}<\/script>\n<!-- \/ Yoast SEO plugin. -->","yoast_head_json":{"title":"Plecak fotograficzny 23L K&F Concept Beta czarny - IRONSKY.PL Sklep z Dronami","description":"Plecak fotograficzny 23L K&F Concept Beta czarny - \u2705 sklep z dronami i fachowym doradztwem. \u2705 Tutaj kupisz produkty DJI, Yuneec, Parrot, Syma i wiele innych, a tak\u017ce kursy i licencje na operatora drona.","robots":{"index":"index","follow":"follow","max-snippet":"max-snippet:-1","max-image-preview":"max-image-preview:large","max-video-preview":"max-video-preview:-1"},"canonical":"https:\/\/ironsky.pl\/sklep\/produkt\/plecak-fotograficzny-23l-kf-concept-beta-czarny\/","og_locale":"pl_PL","og_type":"article","og_title":"Plecak fotograficzny 23L K&F Concept Beta czarny - IRONSKY.PL Sklep z Dronami","og_description":"Plecak fotograficzny 23L K&F Concept Beta czarny - \u2705 sklep z dronami i fachowym doradztwem. \u2705 Tutaj kupisz produkty DJI, Yuneec, Parrot, Syma i wiele innych, a tak\u017ce kursy i licencje na operatora drona.","og_url":"https:\/\/ironsky.pl\/sklep\/produkt\/plecak-fotograficzny-23l-kf-concept-beta-czarny\/","og_site_name":"IRONSKY.PL Sklep z Dronami","article_modified_time":"2026-03-05T14:54:48+00:00","og_image":[{"width":800,"height":800,"url":"https:\/\/ironsky.pl\/sklep\/wp-content\/uploads\/2025\/02\/45328_1.jpg","type":"image\/jpeg"}],"twitter_card":"summary_large_image","twitter_misc":{"Szacowany czas czytania":"2 minuty"},"schema":{"@context":"https:\/\/schema.org","@graph":[{"@type":"WebPage","@id":"https:\/\/ironsky.pl\/sklep\/produkt\/plecak-fotograficzny-23l-kf-concept-beta-czarny\/","url":"https:\/\/ironsky.pl\/sklep\/produkt\/plecak-fotograficzny-23l-kf-concept-beta-czarny\/","name":"Plecak fotograficzny 23L K&F Concept Beta czarny - IRONSKY.PL Sklep z Dronami","isPartOf":{"@id":"https:\/\/ironsky.pl\/sklep\/#website"},"primaryImageOfPage":{"@id":"https:\/\/ironsky.pl\/sklep\/produkt\/plecak-fotograficzny-23l-kf-concept-beta-czarny\/#primaryimage"},"image":{"@id":"https:\/\/ironsky.pl\/sklep\/produkt\/plecak-fotograficzny-23l-kf-concept-beta-czarny\/#primaryimage"},"thumbnailUrl":"https:\/\/ironsky.pl\/sklep\/wp-content\/uploads\/2025\/02\/45328_1.jpg","datePublished":"2025-02-13T16:02:57+00:00","dateModified":"2026-03-05T14:54:48+00:00","description":"Plecak fotograficzny 23L K&F Concept Beta czarny - \u2705 sklep z dronami i fachowym doradztwem. \u2705 Tutaj kupisz produkty DJI, Yuneec, Parrot, Syma i wiele innych, a tak\u017ce kursy i licencje na operatora drona.","breadcrumb":{"@id":"https:\/\/ironsky.pl\/sklep\/produkt\/plecak-fotograficzny-23l-kf-concept-beta-czarny\/#breadcrumb"},"inLanguage":"pl-PL","potentialAction":[{"@type":"ReadAction","target":["https:\/\/ironsky.pl\/sklep\/produkt\/plecak-fotograficzny-23l-kf-concept-beta-czarny\/"]}]},{"@type":"ImageObject","inLanguage":"pl-PL","@id":"https:\/\/ironsky.pl\/sklep\/produkt\/plecak-fotograficzny-23l-kf-concept-beta-czarny\/#primaryimage","url":"https:\/\/ironsky.pl\/sklep\/wp-content\/uploads\/2025\/02\/45328_1.jpg","contentUrl":"https:\/\/ironsky.pl\/sklep\/wp-content\/uploads\/2025\/02\/45328_1.jpg","width":800,"height":800},{"@type":"BreadcrumbList","@id":"https:\/\/ironsky.pl\/sklep\/produkt\/plecak-fotograficzny-23l-kf-concept-beta-czarny\/#breadcrumb","itemListElement":[{"@type":"ListItem","position":1,"name":"Strona g\u0142\u00f3wna","item":"https:\/\/ironsky.pl\/sklep\/"},{"@type":"ListItem","position":2,"name":"Wszystkie produkty","item":"https:\/\/ironsky.pl\/sklep\/produkty\/"},{"@type":"ListItem","position":3,"name":"Plecak fotograficzny 23L K&#038;F Concept Beta czarny"}]},{"@type":"WebSite","@id":"https:\/\/ironsky.pl\/sklep\/#website","url":"https:\/\/ironsky.pl\/sklep\/","name":"IRONSKY.PL Sklep z Dronami","description":"IRONSKY.PL Sklep z Dronami","potentialAction":[{"@type":"SearchAction","target":{"@type":"EntryPoint","urlTemplate":"https:\/\/ironsky.pl\/sklep\/?s={search_term_string}"},"query-input":{"@type":"PropertyValueSpecification","valueRequired":true,"valueName":"search_term_string"}}],"inLanguage":"pl-PL"}]}},"_links":{"self":[{"href":"https:\/\/ironsky.pl\/sklep\/wp-json\/wp\/v2\/product\/37102","targetHints":{"allow":["GET"]}}],"collection":[{"href":"https:\/\/ironsky.pl\/sklep\/wp-json\/wp\/v2\/product"}],"about":[{"href":"https:\/\/ironsky.pl\/sklep\/wp-json\/wp\/v2\/types\/product"}],"replies":[{"embeddable":true,"href":"https:\/\/ironsky.pl\/sklep\/wp-json\/wp\/v2\/comments?post=37102"}],"wp:featuredmedia":[{"embeddable":true,"href":"https:\/\/ironsky.pl\/sklep\/wp-json\/wp\/v2\/media\/37103"}],"wp:attachment":[{"href":"https:\/\/ironsky.pl\/sklep\/wp-json\/wp\/v2\/media?parent=37102"}],"wp:term":[{"taxonomy":"product_brand","embeddable":true,"href":"https:\/\/ironsky.pl\/sklep\/wp-json\/wp\/v2\/product_brand?post=37102"},{"taxonomy":"product_cat","embeddable":true,"href":"https:\/\/ironsky.pl\/sklep\/wp-json\/wp\/v2\/product_cat?post=37102"},{"taxonomy":"product_tag","embeddable":true,"href":"https:\/\/ironsky.pl\/sklep\/wp-json\/wp\/v2\/product_tag?post=37102"}],"curies":[{"name":"wp","href":"https:\/\/api.w.org\/{rel}","templated":true}]}}