{"id":37079,"date":"2025-02-13T17:02:38","date_gmt":"2025-02-13T16:02:38","guid":{"rendered":"https:\/\/ironsky.pl\/drony-sklep\/produkt\/plecak-fotograficzny-17l-kf-concept-beta-zip\/"},"modified":"2026-03-05T15:54:46","modified_gmt":"2026-03-05T14:54:46","slug":"plecak-fotograficzny-17l-kf-concept-beta-zip","status":"publish","type":"product","link":"https:\/\/ironsky.pl\/sklep\/produkt\/plecak-fotograficzny-17l-kf-concept-beta-zip\/","title":{"rendered":"Plecak fotograficzny 17L K&#038;F Concept Beta Zip"},"content":{"rendered":"<h3>Plecak fotograficzny 17L K&amp;F Concept Beta Zip<\/h3>\n<p>Plecak fotograficzny K&amp;F Concept pozwala na przechowywanie aparatu, kilku obiektyw\u00f3w, lampy b\u0142yskowej, akumulator\u00f3w, kart SD oraz laptopa o przek\u0105tnej 15,6 cala. Wyposa\u017cono go w regulowane przegrody, dzi\u0119ki kt\u00f3rym zapewnia ochron\u0119 sprz\u0119tu przed wstrz\u0105sami i uszkodzeniami. Dodatkowa zdejmowana p\u0142yta PE zwi\u0119ksza sztywno\u015b\u0107 i stabilno\u015b\u0107, a wodoodporny materia\u0142 oraz do\u0142\u0105czony do zestawu pokrowiec przeciwdeszczowy chroni\u0105 zawarto\u015b\u0107 przed wilgoci\u0105 i kurzem.<\/p>\n<p>\n<img decoding=\"async\" src=\"https:\/\/assets.innpro.pl\/8185\/9582\/2.jpg\" border=\"0\" \/>\n<\/p>\n<h3>Praktyczna konstrukcja<\/h3>\n<p>Pojemno\u015b\u0107 plecaka wynosi 17 l. W jego wn\u0119trzu znajduj\u0105 si\u0119 dobrze zorganizowane komory, kt\u00f3re umo\u017cliwiaj\u0105 przechowywanie jednego aparatu, kilku obiektyw\u00f3w, lampy b\u0142yskowej oraz innych akcesori\u00f3w fotograficznych. Dodatkowo w g\u0142\u00f3wnej komorze znajduje si\u0119 miejsce na laptopa o przek\u0105tnej 15,6 cala oraz osobne kieszonki na akumulatory i karty SD, kt\u00f3re zabezpieczono wysokiej jako\u015bci rzepami.<\/p>\n<p>\n<img decoding=\"async\" src=\"https:\/\/assets.innpro.pl\/8185\/9582\/1.jpg\" border=\"0\" \/>\n<\/p>\n<h3>Wygodne i bezpieczne przenoszenie sprz\u0119tu<\/h3>\n<p>Regulowane przegrody z pianki o grubo\u015bci 10 mm zapewniaj\u0105 ochron\u0119 sprz\u0119tu przed wstrz\u0105sami i uszkodzeniami. Dzi\u0119ki nim wn\u0119trze plecaka mo\u017cesz dostosowywa\u0107 do rozmiar\u00f3w przechowywanego sprz\u0119tu.<\/p>\n<p>\n<img decoding=\"async\" src=\"https:\/\/assets.innpro.pl\/8185\/9582\/6.jpg\" border=\"0\" \/>\n<\/p>\n<h3>Zdejmowana p\u0142yta PE<\/h3>\n<p>Plecak zawiera r\u00f3wnie\u017c zdejmowan\u0105 p\u0142yt\u0119 PE (polietylenow\u0105), kt\u00f3ra dodatkowo stabilizuje i wzmacnia struktur\u0119, chroni\u0105c sprz\u0119t przed wstrz\u0105sami i uderzeniami. Mo\u017cna j\u0105 \u0142atwo wyj\u0105\u0107 w razie potrzeby.<\/p>\n<p>\n<img decoding=\"async\" src=\"https:\/\/assets.innpro.pl\/8185\/9582\/7.jpg\" border=\"0\" \/>\n<\/p>\n<h3>Ergonomiczne rozwi\u0105zania<\/h3>\n<p>Szelki w kszta\u0142cie litery S r\u00f3wnomiernie rozk\u0142adaj\u0105 ci\u0119\u017car, minimalizuj\u0105c obci\u0105\u017cenie ramion. Plecak zosta\u0142 wykonany z wodoodpornego materia\u0142u i wyposa\u017cony w siateczk\u0119 o w\u0142a\u015bciwo\u015bciach ch\u0142odz\u0105cych, co zapewnia komfort noszenia nawet podczas d\u0142ugich wypraw.<\/p>\n<p>\n<img decoding=\"async\" src=\"https:\/\/assets.innpro.pl\/8185\/9582\/5.jpg\" border=\"0\" \/>\n<\/p>\n<h3>\u0141atwy dost\u0119p do sprz\u0119tu<\/h3>\n<p>Boczne wej\u015bcie umo\u017cliwia szybki dost\u0119p do aparatu i obiektyw\u00f3w bez konieczno\u015bci zdejmowania plecaka. Dodatkowo specjalne paski na statyw oraz wiele kieszonek i przegr\u00f3d umo\u017cliwiaj\u0105 przechowywanie butelki z wod\u0105, przewod\u00f3w, notatnik\u00f3w i innych niezb\u0119dnych przedmiot\u00f3w.<\/p>\n<p>\n<img decoding=\"async\" src=\"https:\/\/assets.innpro.pl\/8185\/9582\/3.jpg\" border=\"0\" \/>\n<\/p>\n<h3>Ochrona przed deszczem<\/h3>\n<p>Do plecaka do\u0142\u0105czony jest r\u00f3wnie\u017c pokrowiec przeciwdeszczowy, kt\u00f3ry skutecznie chroni sprz\u0119t przed wod\u0105, brudem i kurzem. Dzi\u0119ki temu mo\u017cesz mie\u0107 pewno\u015b\u0107, \u017ce Twoje urz\u0105dzenia s\u0105 bezpieczne nawet w trudnych warunkach atmosferycznych.<\/p>\n<p>\n<img decoding=\"async\" src=\"https:\/\/assets.innpro.pl\/8185\/9582\/4.jpg\" border=\"0\" \/>\n<\/p>\n<h3>W zestawie:<\/h3>\n<ul class=\"list-disc pl-5\">\n<li>Plecak fotograficzny\u00a0<\/li>\n<li>Pokrowiec przeciwdeszczowy<\/li>\n<li>Regulowane przegrody<\/li>\n<\/ul>\n<div class=\"table-wrapper\">\n<p>\u00a0<\/p>\n<h3><\/h3>\n<table>\n<tbody>\n<tr>\n<th>Producent<\/th>\n<td>K&amp;F Concept<\/td>\n<\/tr>\n<tr>\n<th>Kod producenta<\/th>\n<td>KF13.066V10<\/td>\n<\/tr>\n<tr>\n<th>Pojemno\u015b\u0107<\/th>\n<td>17 l<\/td>\n<\/tr>\n<tr>\n<th>Wymiary<\/th>\n<td>29 x 17 x 44 cm<\/td>\n<\/tr>\n<tr>\n<th>Waga<\/th>\n<td>1,03 kg<\/td>\n<\/tr>\n<\/tbody>\n<\/table>\n<\/div>\n","protected":false},"excerpt":{"rendered":"<p>Plecak fotograficzny 17L K&amp;F Concept Beta Zip Plecak fotograficzny K&amp;F Concept pozwala na przechowywanie aparatu, kilku obiektyw\u00f3w, lampy b\u0142yskowej, akumulator\u00f3w,<\/p>\n","protected":false},"featured_media":37080,"comment_status":"closed","ping_status":"open","template":"","meta":{"_acf_changed":false},"product_brand":[],"product_cat":[1128,5764,5761],"product_tag":[],"class_list":{"0":"post-37079","1":"product","2":"type-product","3":"status-publish","4":"has-post-thumbnail","6":"product_cat-foto-wideo","7":"product_cat-plecaki-fotograficzne","8":"product_cat-transport","9":"pa_okres-gwarancji-5754","10":"pa_producent-kf-concept","12":"first","13":"outofstock","14":"taxable","15":"shipping-taxable","16":"purchasable","17":"product-type-simple"},"acf":[],"yoast_head":"<!-- This site is optimized with the Yoast SEO plugin v27.2 - https:\/\/yoast.com\/product\/yoast-seo-wordpress\/ -->\n<title>Plecak fotograficzny 17L K&amp;F Concept Beta Zip - IRONSKY.PL Sklep z Dronami<\/title>\n<meta name=\"description\" content=\"Plecak fotograficzny 17L K&amp;F Concept Beta Zip - \u2705 sklep z dronami i fachowym doradztwem. \u2705 Tutaj kupisz produkty DJI, Yuneec, Parrot, Syma i wiele innych, a tak\u017ce kursy i licencje na operatora drona.\" \/>\n<meta name=\"robots\" content=\"index, follow, max-snippet:-1, max-image-preview:large, max-video-preview:-1\" \/>\n<link rel=\"canonical\" href=\"https:\/\/ironsky.pl\/sklep\/produkt\/plecak-fotograficzny-17l-kf-concept-beta-zip\/\" \/>\n<meta property=\"og:locale\" content=\"pl_PL\" \/>\n<meta property=\"og:type\" content=\"article\" \/>\n<meta property=\"og:title\" content=\"Plecak fotograficzny 17L K&amp;F Concept Beta Zip - IRONSKY.PL Sklep z Dronami\" \/>\n<meta property=\"og:description\" content=\"Plecak fotograficzny 17L K&amp;F Concept Beta Zip - \u2705 sklep z dronami i fachowym doradztwem. \u2705 Tutaj kupisz produkty DJI, Yuneec, Parrot, Syma i wiele innych, a tak\u017ce kursy i licencje na operatora drona.\" \/>\n<meta property=\"og:url\" content=\"https:\/\/ironsky.pl\/sklep\/produkt\/plecak-fotograficzny-17l-kf-concept-beta-zip\/\" \/>\n<meta property=\"og:site_name\" content=\"IRONSKY.PL Sklep z Dronami\" \/>\n<meta property=\"article:modified_time\" content=\"2026-03-05T14:54:46+00:00\" \/>\n<meta property=\"og:image\" content=\"https:\/\/ironsky.pl\/sklep\/wp-content\/uploads\/2025\/02\/45305_1.jpg\" \/>\n\t<meta property=\"og:image:width\" content=\"800\" \/>\n\t<meta property=\"og:image:height\" content=\"800\" \/>\n\t<meta property=\"og:image:type\" content=\"image\/jpeg\" \/>\n<meta name=\"twitter:card\" content=\"summary_large_image\" \/>\n<meta name=\"twitter:label1\" content=\"Szacowany czas czytania\" \/>\n\t<meta name=\"twitter:data1\" content=\"2 minuty\" \/>\n<script type=\"application\/ld+json\" class=\"yoast-schema-graph\">{\"@context\":\"https:\/\/schema.org\",\"@graph\":[{\"@type\":\"WebPage\",\"@id\":\"https:\/\/ironsky.pl\/sklep\/produkt\/plecak-fotograficzny-17l-kf-concept-beta-zip\/\",\"url\":\"https:\/\/ironsky.pl\/sklep\/produkt\/plecak-fotograficzny-17l-kf-concept-beta-zip\/\",\"name\":\"Plecak fotograficzny 17L K&F Concept Beta Zip - IRONSKY.PL Sklep z Dronami\",\"isPartOf\":{\"@id\":\"https:\/\/ironsky.pl\/sklep\/#website\"},\"primaryImageOfPage\":{\"@id\":\"https:\/\/ironsky.pl\/sklep\/produkt\/plecak-fotograficzny-17l-kf-concept-beta-zip\/#primaryimage\"},\"image\":{\"@id\":\"https:\/\/ironsky.pl\/sklep\/produkt\/plecak-fotograficzny-17l-kf-concept-beta-zip\/#primaryimage\"},\"thumbnailUrl\":\"https:\/\/ironsky.pl\/sklep\/wp-content\/uploads\/2025\/02\/45305_1.jpg\",\"datePublished\":\"2025-02-13T16:02:38+00:00\",\"dateModified\":\"2026-03-05T14:54:46+00:00\",\"description\":\"Plecak fotograficzny 17L K&F Concept Beta Zip - \u2705 sklep z dronami i fachowym doradztwem. \u2705 Tutaj kupisz produkty DJI, Yuneec, Parrot, Syma i wiele innych, a tak\u017ce kursy i licencje na operatora drona.\",\"breadcrumb\":{\"@id\":\"https:\/\/ironsky.pl\/sklep\/produkt\/plecak-fotograficzny-17l-kf-concept-beta-zip\/#breadcrumb\"},\"inLanguage\":\"pl-PL\",\"potentialAction\":[{\"@type\":\"ReadAction\",\"target\":[\"https:\/\/ironsky.pl\/sklep\/produkt\/plecak-fotograficzny-17l-kf-concept-beta-zip\/\"]}]},{\"@type\":\"ImageObject\",\"inLanguage\":\"pl-PL\",\"@id\":\"https:\/\/ironsky.pl\/sklep\/produkt\/plecak-fotograficzny-17l-kf-concept-beta-zip\/#primaryimage\",\"url\":\"https:\/\/ironsky.pl\/sklep\/wp-content\/uploads\/2025\/02\/45305_1.jpg\",\"contentUrl\":\"https:\/\/ironsky.pl\/sklep\/wp-content\/uploads\/2025\/02\/45305_1.jpg\",\"width\":800,\"height\":800},{\"@type\":\"BreadcrumbList\",\"@id\":\"https:\/\/ironsky.pl\/sklep\/produkt\/plecak-fotograficzny-17l-kf-concept-beta-zip\/#breadcrumb\",\"itemListElement\":[{\"@type\":\"ListItem\",\"position\":1,\"name\":\"Strona g\u0142\u00f3wna\",\"item\":\"https:\/\/ironsky.pl\/sklep\/\"},{\"@type\":\"ListItem\",\"position\":2,\"name\":\"Wszystkie produkty\",\"item\":\"https:\/\/ironsky.pl\/sklep\/produkty\/\"},{\"@type\":\"ListItem\",\"position\":3,\"name\":\"Plecak fotograficzny 17L K&#038;F Concept Beta Zip\"}]},{\"@type\":\"WebSite\",\"@id\":\"https:\/\/ironsky.pl\/sklep\/#website\",\"url\":\"https:\/\/ironsky.pl\/sklep\/\",\"name\":\"IRONSKY.PL Sklep z Dronami\",\"description\":\"IRONSKY.PL Sklep z Dronami\",\"potentialAction\":[{\"@type\":\"SearchAction\",\"target\":{\"@type\":\"EntryPoint\",\"urlTemplate\":\"https:\/\/ironsky.pl\/sklep\/?s={search_term_string}\"},\"query-input\":{\"@type\":\"PropertyValueSpecification\",\"valueRequired\":true,\"valueName\":\"search_term_string\"}}],\"inLanguage\":\"pl-PL\"}]}<\/script>\n<!-- \/ Yoast SEO plugin. -->","yoast_head_json":{"title":"Plecak fotograficzny 17L K&F Concept Beta Zip - IRONSKY.PL Sklep z Dronami","description":"Plecak fotograficzny 17L K&F Concept Beta Zip - \u2705 sklep z dronami i fachowym doradztwem. \u2705 Tutaj kupisz produkty DJI, Yuneec, Parrot, Syma i wiele innych, a tak\u017ce kursy i licencje na operatora drona.","robots":{"index":"index","follow":"follow","max-snippet":"max-snippet:-1","max-image-preview":"max-image-preview:large","max-video-preview":"max-video-preview:-1"},"canonical":"https:\/\/ironsky.pl\/sklep\/produkt\/plecak-fotograficzny-17l-kf-concept-beta-zip\/","og_locale":"pl_PL","og_type":"article","og_title":"Plecak fotograficzny 17L K&F Concept Beta Zip - IRONSKY.PL Sklep z Dronami","og_description":"Plecak fotograficzny 17L K&F Concept Beta Zip - \u2705 sklep z dronami i fachowym doradztwem. \u2705 Tutaj kupisz produkty DJI, Yuneec, Parrot, Syma i wiele innych, a tak\u017ce kursy i licencje na operatora drona.","og_url":"https:\/\/ironsky.pl\/sklep\/produkt\/plecak-fotograficzny-17l-kf-concept-beta-zip\/","og_site_name":"IRONSKY.PL Sklep z Dronami","article_modified_time":"2026-03-05T14:54:46+00:00","og_image":[{"width":800,"height":800,"url":"https:\/\/ironsky.pl\/sklep\/wp-content\/uploads\/2025\/02\/45305_1.jpg","type":"image\/jpeg"}],"twitter_card":"summary_large_image","twitter_misc":{"Szacowany czas czytania":"2 minuty"},"schema":{"@context":"https:\/\/schema.org","@graph":[{"@type":"WebPage","@id":"https:\/\/ironsky.pl\/sklep\/produkt\/plecak-fotograficzny-17l-kf-concept-beta-zip\/","url":"https:\/\/ironsky.pl\/sklep\/produkt\/plecak-fotograficzny-17l-kf-concept-beta-zip\/","name":"Plecak fotograficzny 17L K&F Concept Beta Zip - IRONSKY.PL Sklep z Dronami","isPartOf":{"@id":"https:\/\/ironsky.pl\/sklep\/#website"},"primaryImageOfPage":{"@id":"https:\/\/ironsky.pl\/sklep\/produkt\/plecak-fotograficzny-17l-kf-concept-beta-zip\/#primaryimage"},"image":{"@id":"https:\/\/ironsky.pl\/sklep\/produkt\/plecak-fotograficzny-17l-kf-concept-beta-zip\/#primaryimage"},"thumbnailUrl":"https:\/\/ironsky.pl\/sklep\/wp-content\/uploads\/2025\/02\/45305_1.jpg","datePublished":"2025-02-13T16:02:38+00:00","dateModified":"2026-03-05T14:54:46+00:00","description":"Plecak fotograficzny 17L K&F Concept Beta Zip - \u2705 sklep z dronami i fachowym doradztwem. \u2705 Tutaj kupisz produkty DJI, Yuneec, Parrot, Syma i wiele innych, a tak\u017ce kursy i licencje na operatora drona.","breadcrumb":{"@id":"https:\/\/ironsky.pl\/sklep\/produkt\/plecak-fotograficzny-17l-kf-concept-beta-zip\/#breadcrumb"},"inLanguage":"pl-PL","potentialAction":[{"@type":"ReadAction","target":["https:\/\/ironsky.pl\/sklep\/produkt\/plecak-fotograficzny-17l-kf-concept-beta-zip\/"]}]},{"@type":"ImageObject","inLanguage":"pl-PL","@id":"https:\/\/ironsky.pl\/sklep\/produkt\/plecak-fotograficzny-17l-kf-concept-beta-zip\/#primaryimage","url":"https:\/\/ironsky.pl\/sklep\/wp-content\/uploads\/2025\/02\/45305_1.jpg","contentUrl":"https:\/\/ironsky.pl\/sklep\/wp-content\/uploads\/2025\/02\/45305_1.jpg","width":800,"height":800},{"@type":"BreadcrumbList","@id":"https:\/\/ironsky.pl\/sklep\/produkt\/plecak-fotograficzny-17l-kf-concept-beta-zip\/#breadcrumb","itemListElement":[{"@type":"ListItem","position":1,"name":"Strona g\u0142\u00f3wna","item":"https:\/\/ironsky.pl\/sklep\/"},{"@type":"ListItem","position":2,"name":"Wszystkie produkty","item":"https:\/\/ironsky.pl\/sklep\/produkty\/"},{"@type":"ListItem","position":3,"name":"Plecak fotograficzny 17L K&#038;F Concept Beta Zip"}]},{"@type":"WebSite","@id":"https:\/\/ironsky.pl\/sklep\/#website","url":"https:\/\/ironsky.pl\/sklep\/","name":"IRONSKY.PL Sklep z Dronami","description":"IRONSKY.PL Sklep z Dronami","potentialAction":[{"@type":"SearchAction","target":{"@type":"EntryPoint","urlTemplate":"https:\/\/ironsky.pl\/sklep\/?s={search_term_string}"},"query-input":{"@type":"PropertyValueSpecification","valueRequired":true,"valueName":"search_term_string"}}],"inLanguage":"pl-PL"}]}},"_links":{"self":[{"href":"https:\/\/ironsky.pl\/sklep\/wp-json\/wp\/v2\/product\/37079","targetHints":{"allow":["GET"]}}],"collection":[{"href":"https:\/\/ironsky.pl\/sklep\/wp-json\/wp\/v2\/product"}],"about":[{"href":"https:\/\/ironsky.pl\/sklep\/wp-json\/wp\/v2\/types\/product"}],"replies":[{"embeddable":true,"href":"https:\/\/ironsky.pl\/sklep\/wp-json\/wp\/v2\/comments?post=37079"}],"wp:featuredmedia":[{"embeddable":true,"href":"https:\/\/ironsky.pl\/sklep\/wp-json\/wp\/v2\/media\/37080"}],"wp:attachment":[{"href":"https:\/\/ironsky.pl\/sklep\/wp-json\/wp\/v2\/media?parent=37079"}],"wp:term":[{"taxonomy":"product_brand","embeddable":true,"href":"https:\/\/ironsky.pl\/sklep\/wp-json\/wp\/v2\/product_brand?post=37079"},{"taxonomy":"product_cat","embeddable":true,"href":"https:\/\/ironsky.pl\/sklep\/wp-json\/wp\/v2\/product_cat?post=37079"},{"taxonomy":"product_tag","embeddable":true,"href":"https:\/\/ironsky.pl\/sklep\/wp-json\/wp\/v2\/product_tag?post=37079"}],"curies":[{"name":"wp","href":"https:\/\/api.w.org\/{rel}","templated":true}]}}