{"id":37071,"date":"2025-02-13T17:02:38","date_gmt":"2025-02-13T16:02:38","guid":{"rendered":"https:\/\/ironsky.pl\/drony-sklep\/produkt\/luneta-ze-statywem-kf-concept-kf33-033v1\/"},"modified":"2026-03-05T15:54:46","modified_gmt":"2026-03-05T14:54:46","slug":"luneta-ze-statywem-kf-concept-kf33-033v1","status":"publish","type":"product","link":"https:\/\/ironsky.pl\/sklep\/produkt\/luneta-ze-statywem-kf-concept-kf33-033v1\/","title":{"rendered":"Luneta ze statywem K&#038;F Concept KF33.033V1"},"content":{"rendered":"<h3>Luneta ze statywem K&amp;F Concept KF33.033V1<\/h3>\n<p>Luneta K&amp;F Concept KF33.033V1 oferuje zmienne powi\u0119kszenie w zakresie od 20 do 60x i szerokie pole widzenia (nawet 43.7 m na 1000 m). Dzi\u0119ki temu mo\u017cna precyzyjnie \u015bledzi\u0107 cel i przybli\u017ca\u0107 go dla uzyskania wi\u0119kszych detali. 45-stopniowy k\u0105t widzenia zapewnia komfort podczas d\u0142ugotrwa\u0142ych obserwacji.<\/p>\n<p>\n<img decoding=\"async\" src=\"https:\/\/assets.innpro.pl\/8221\/9621\/3.jpg\" border=\"0\" \/>\n<\/p>\n<h3>Wyj\u0105tkowa jako\u015b\u0107 obrazu<\/h3>\n<p>Pryzmat BAK-4 i w pe\u0142ni wielowarstwowe soczewki (FMC) zwi\u0119kszaj\u0105 przepuszczalno\u015b\u0107 \u015bwiat\u0142a i dostarczaj\u0105 wyra\u017ane, kontrastowe obrazy nawet w warunkach s\u0142abego o\u015bwietlenia. Wodoodporna konstrukcja sprawia, \u017ce luneta idealnie nadaje si\u0119 do obserwacji w deszczowe i mgliste dni. Obiektyw o \u015brednicy 60 mm zapewnia doskona\u0142\u0105 jasno\u015b\u0107 i wyrazisto\u015b\u0107 obrazu.<\/p>\n<p>\n<img decoding=\"async\" src=\"https:\/\/assets.innpro.pl\/8221\/9621\/5.jpg\" border=\"0\" \/>\n<\/p>\n<h3>\u0141atwo\u015b\u0107 regulacji i u\u017cytkowania<\/h3>\n<p>Obrotowy, metalowy statyw teleskopowy umo\u017cliwia regulacj\u0119 k\u0105ta widzenia w zakresie 360\u00b0, a tak\u017ce regulacj\u0119 g\u00f3ra-d\u00f3\u0142 za pomoc\u0105 uchwytu panoramicznego. Wbudowana wysuwana os\u0142ona przeciws\u0142oneczna na g\u0142\u00f3wnym obiektywie redukuje odblaski, co znacz\u0105co poprawia komfort u\u017cytkowania. Funkcja \u0142atwego zdalnego fotografowania przy u\u017cyciu telefonu sprawia, \u017ce luneta jest idealna do rejestrowania obserwacji.<\/p>\n<p>\n<img decoding=\"async\" src=\"https:\/\/assets.innpro.pl\/8221\/9621\/4.jpg\" border=\"0\" \/>\n<\/p>\n<h3>Pe\u0142en zestaw akcesori\u00f3w<\/h3>\n<p>W zestawie znajduje si\u0119 standardowa baza \u015brubowa 1\/4-20, kompatybilna z wi\u0119kszo\u015bci\u0105 statyw\u00f3w. Regulowany adapter do telefonu pozwala na \u0142atwe po\u0142\u0105czenie z urz\u0105dzeniem mobilnym. Ochronne pokrywy na okulary i obiektyw utrzymuj\u0105 soczewki w czysto\u015bci, a torba transportowa u\u0142atwia przechowywanie i transport.<\/p>\n<p>\n<img decoding=\"async\" src=\"https:\/\/assets.innpro.pl\/8221\/9621\/7.jpg\" border=\"0\" \/>\n<\/p>\n<h3>Wiele scenariuszy zastosowania<\/h3>\n<p>Luneta K&amp;F Concept KF33.033V1 to doskona\u0142y wyb\u00f3r na prezent dla doros\u0142ych i dzieci, kt\u00f3rzy pasjonuj\u0105 si\u0119 obserwacj\u0105 ptak\u00f3w, dzikiej przyrody, ksi\u0119\u017cyca, podr\u00f3\u017cami, pieszymi w\u0119dr\u00f3wkami, kempingiem, \u0142ucznictwem, astronomi\u0105, a tak\u017ce do obserwacji wydarze\u0144 sportowych, koncert\u00f3w i strzelania do celu.<\/p>\n<p>\n<img decoding=\"async\" src=\"https:\/\/assets.innpro.pl\/8221\/9621\/6.jpg\" border=\"0\" \/>\n<\/p>\n<h3>W zestawie:<\/h3>\n<ul class=\"list-disc pl-5\">\n<li>Luneta<\/li>\n<li>Statyw teleskopowy<\/li>\n<li>Adapter do telefonu<\/li>\n<li>Ochronne pokrywy na okulary i obiektyw<\/li>\n<li>Torba transportowa<\/li>\n<\/ul>\n<div class=\"table-wrapper\">\n<p>\u00a0<\/p>\n<h3><\/h3>\n<table>\n<tbody>\n<tr>\n<th>Producent<\/th>\n<td>K&amp;F Concept<\/td>\n<\/tr>\n<tr>\n<th>Kod producenta<\/th>\n<td>KF33.033V1<\/td>\n<\/tr>\n<tr>\n<th>K\u0105t nachylenia<\/th>\n<td>120\u00b0<\/td>\n<\/tr>\n<tr>\n<th>Wysoko\u015b\u0107 <\/th>\n<td>24.75 cm<\/td>\n<\/tr>\n<tr>\n<th>D\u0142ugo\u015b\u0107 <\/th>\n<td>30 cm<\/td>\n<\/tr>\n<tr>\n<th>Waga<\/th>\n<td>236 g<\/td>\n<\/tr>\n<\/tbody>\n<\/table>\n<\/div>\n","protected":false},"excerpt":{"rendered":"<p>Luneta ze statywem K&amp;F Concept KF33.033V1 Luneta K&amp;F Concept KF33.033V1 oferuje zmienne powi\u0119kszenie w zakresie od 20 do 60x i<\/p>\n","protected":false},"featured_media":37072,"comment_status":"closed","ping_status":"open","template":"","meta":{"_acf_changed":false},"product_brand":[],"product_cat":[1128,5786],"product_tag":[],"class_list":{"0":"post-37071","1":"product","2":"type-product","3":"status-publish","4":"has-post-thumbnail","6":"product_cat-foto-wideo","7":"product_cat-lornetki","8":"pa_okres-gwarancji-5754","9":"pa_producent-kf-concept","11":"first","12":"outofstock","13":"taxable","14":"shipping-taxable","15":"purchasable","16":"product-type-simple"},"acf":[],"yoast_head":"<!-- This site is optimized with the Yoast SEO plugin v27.2 - https:\/\/yoast.com\/product\/yoast-seo-wordpress\/ -->\n<title>Luneta ze statywem K&amp;F Concept KF33.033V1 - IRONSKY.PL Sklep z Dronami<\/title>\n<meta name=\"description\" content=\"Luneta ze statywem K&amp;F Concept KF33.033V1 - \u2705 sklep z dronami i fachowym doradztwem. \u2705 Tutaj kupisz produkty DJI, Yuneec, Parrot, Syma i wiele innych, a tak\u017ce kursy i licencje na operatora drona.\" \/>\n<meta name=\"robots\" content=\"index, follow, max-snippet:-1, max-image-preview:large, max-video-preview:-1\" \/>\n<link rel=\"canonical\" href=\"https:\/\/ironsky.pl\/sklep\/produkt\/luneta-ze-statywem-kf-concept-kf33-033v1\/\" \/>\n<meta property=\"og:locale\" content=\"pl_PL\" \/>\n<meta property=\"og:type\" content=\"article\" \/>\n<meta property=\"og:title\" content=\"Luneta ze statywem K&amp;F Concept KF33.033V1 - IRONSKY.PL Sklep z Dronami\" \/>\n<meta property=\"og:description\" content=\"Luneta ze statywem K&amp;F Concept KF33.033V1 - \u2705 sklep z dronami i fachowym doradztwem. \u2705 Tutaj kupisz produkty DJI, Yuneec, Parrot, Syma i wiele innych, a tak\u017ce kursy i licencje na operatora drona.\" \/>\n<meta property=\"og:url\" content=\"https:\/\/ironsky.pl\/sklep\/produkt\/luneta-ze-statywem-kf-concept-kf33-033v1\/\" \/>\n<meta property=\"og:site_name\" content=\"IRONSKY.PL Sklep z Dronami\" \/>\n<meta property=\"article:modified_time\" content=\"2026-03-05T14:54:46+00:00\" \/>\n<meta property=\"og:image\" content=\"https:\/\/ironsky.pl\/sklep\/wp-content\/uploads\/2025\/02\/45292_1.jpg\" \/>\n\t<meta property=\"og:image:width\" content=\"800\" \/>\n\t<meta property=\"og:image:height\" content=\"800\" \/>\n\t<meta property=\"og:image:type\" content=\"image\/jpeg\" \/>\n<meta name=\"twitter:card\" content=\"summary_large_image\" \/>\n<meta name=\"twitter:label1\" content=\"Szacowany czas czytania\" \/>\n\t<meta name=\"twitter:data1\" content=\"2 minuty\" \/>\n<script type=\"application\/ld+json\" class=\"yoast-schema-graph\">{\"@context\":\"https:\/\/schema.org\",\"@graph\":[{\"@type\":\"WebPage\",\"@id\":\"https:\/\/ironsky.pl\/sklep\/produkt\/luneta-ze-statywem-kf-concept-kf33-033v1\/\",\"url\":\"https:\/\/ironsky.pl\/sklep\/produkt\/luneta-ze-statywem-kf-concept-kf33-033v1\/\",\"name\":\"Luneta ze statywem K&F Concept KF33.033V1 - IRONSKY.PL Sklep z Dronami\",\"isPartOf\":{\"@id\":\"https:\/\/ironsky.pl\/sklep\/#website\"},\"primaryImageOfPage\":{\"@id\":\"https:\/\/ironsky.pl\/sklep\/produkt\/luneta-ze-statywem-kf-concept-kf33-033v1\/#primaryimage\"},\"image\":{\"@id\":\"https:\/\/ironsky.pl\/sklep\/produkt\/luneta-ze-statywem-kf-concept-kf33-033v1\/#primaryimage\"},\"thumbnailUrl\":\"https:\/\/ironsky.pl\/sklep\/wp-content\/uploads\/2025\/02\/45292_1.jpg\",\"datePublished\":\"2025-02-13T16:02:38+00:00\",\"dateModified\":\"2026-03-05T14:54:46+00:00\",\"description\":\"Luneta ze statywem K&F Concept KF33.033V1 - \u2705 sklep z dronami i fachowym doradztwem. \u2705 Tutaj kupisz produkty DJI, Yuneec, Parrot, Syma i wiele innych, a tak\u017ce kursy i licencje na operatora drona.\",\"breadcrumb\":{\"@id\":\"https:\/\/ironsky.pl\/sklep\/produkt\/luneta-ze-statywem-kf-concept-kf33-033v1\/#breadcrumb\"},\"inLanguage\":\"pl-PL\",\"potentialAction\":[{\"@type\":\"ReadAction\",\"target\":[\"https:\/\/ironsky.pl\/sklep\/produkt\/luneta-ze-statywem-kf-concept-kf33-033v1\/\"]}]},{\"@type\":\"ImageObject\",\"inLanguage\":\"pl-PL\",\"@id\":\"https:\/\/ironsky.pl\/sklep\/produkt\/luneta-ze-statywem-kf-concept-kf33-033v1\/#primaryimage\",\"url\":\"https:\/\/ironsky.pl\/sklep\/wp-content\/uploads\/2025\/02\/45292_1.jpg\",\"contentUrl\":\"https:\/\/ironsky.pl\/sklep\/wp-content\/uploads\/2025\/02\/45292_1.jpg\",\"width\":800,\"height\":800},{\"@type\":\"BreadcrumbList\",\"@id\":\"https:\/\/ironsky.pl\/sklep\/produkt\/luneta-ze-statywem-kf-concept-kf33-033v1\/#breadcrumb\",\"itemListElement\":[{\"@type\":\"ListItem\",\"position\":1,\"name\":\"Strona g\u0142\u00f3wna\",\"item\":\"https:\/\/ironsky.pl\/sklep\/\"},{\"@type\":\"ListItem\",\"position\":2,\"name\":\"Wszystkie produkty\",\"item\":\"https:\/\/ironsky.pl\/sklep\/produkty\/\"},{\"@type\":\"ListItem\",\"position\":3,\"name\":\"Luneta ze statywem K&#038;F Concept KF33.033V1\"}]},{\"@type\":\"WebSite\",\"@id\":\"https:\/\/ironsky.pl\/sklep\/#website\",\"url\":\"https:\/\/ironsky.pl\/sklep\/\",\"name\":\"IRONSKY.PL Sklep z Dronami\",\"description\":\"IRONSKY.PL Sklep z Dronami\",\"potentialAction\":[{\"@type\":\"SearchAction\",\"target\":{\"@type\":\"EntryPoint\",\"urlTemplate\":\"https:\/\/ironsky.pl\/sklep\/?s={search_term_string}\"},\"query-input\":{\"@type\":\"PropertyValueSpecification\",\"valueRequired\":true,\"valueName\":\"search_term_string\"}}],\"inLanguage\":\"pl-PL\"}]}<\/script>\n<!-- \/ Yoast SEO plugin. -->","yoast_head_json":{"title":"Luneta ze statywem K&F Concept KF33.033V1 - IRONSKY.PL Sklep z Dronami","description":"Luneta ze statywem K&F Concept KF33.033V1 - \u2705 sklep z dronami i fachowym doradztwem. \u2705 Tutaj kupisz produkty DJI, Yuneec, Parrot, Syma i wiele innych, a tak\u017ce kursy i licencje na operatora drona.","robots":{"index":"index","follow":"follow","max-snippet":"max-snippet:-1","max-image-preview":"max-image-preview:large","max-video-preview":"max-video-preview:-1"},"canonical":"https:\/\/ironsky.pl\/sklep\/produkt\/luneta-ze-statywem-kf-concept-kf33-033v1\/","og_locale":"pl_PL","og_type":"article","og_title":"Luneta ze statywem K&F Concept KF33.033V1 - IRONSKY.PL Sklep z Dronami","og_description":"Luneta ze statywem K&F Concept KF33.033V1 - \u2705 sklep z dronami i fachowym doradztwem. \u2705 Tutaj kupisz produkty DJI, Yuneec, Parrot, Syma i wiele innych, a tak\u017ce kursy i licencje na operatora drona.","og_url":"https:\/\/ironsky.pl\/sklep\/produkt\/luneta-ze-statywem-kf-concept-kf33-033v1\/","og_site_name":"IRONSKY.PL Sklep z Dronami","article_modified_time":"2026-03-05T14:54:46+00:00","og_image":[{"width":800,"height":800,"url":"https:\/\/ironsky.pl\/sklep\/wp-content\/uploads\/2025\/02\/45292_1.jpg","type":"image\/jpeg"}],"twitter_card":"summary_large_image","twitter_misc":{"Szacowany czas czytania":"2 minuty"},"schema":{"@context":"https:\/\/schema.org","@graph":[{"@type":"WebPage","@id":"https:\/\/ironsky.pl\/sklep\/produkt\/luneta-ze-statywem-kf-concept-kf33-033v1\/","url":"https:\/\/ironsky.pl\/sklep\/produkt\/luneta-ze-statywem-kf-concept-kf33-033v1\/","name":"Luneta ze statywem K&F Concept KF33.033V1 - IRONSKY.PL Sklep z Dronami","isPartOf":{"@id":"https:\/\/ironsky.pl\/sklep\/#website"},"primaryImageOfPage":{"@id":"https:\/\/ironsky.pl\/sklep\/produkt\/luneta-ze-statywem-kf-concept-kf33-033v1\/#primaryimage"},"image":{"@id":"https:\/\/ironsky.pl\/sklep\/produkt\/luneta-ze-statywem-kf-concept-kf33-033v1\/#primaryimage"},"thumbnailUrl":"https:\/\/ironsky.pl\/sklep\/wp-content\/uploads\/2025\/02\/45292_1.jpg","datePublished":"2025-02-13T16:02:38+00:00","dateModified":"2026-03-05T14:54:46+00:00","description":"Luneta ze statywem K&F Concept KF33.033V1 - \u2705 sklep z dronami i fachowym doradztwem. \u2705 Tutaj kupisz produkty DJI, Yuneec, Parrot, Syma i wiele innych, a tak\u017ce kursy i licencje na operatora drona.","breadcrumb":{"@id":"https:\/\/ironsky.pl\/sklep\/produkt\/luneta-ze-statywem-kf-concept-kf33-033v1\/#breadcrumb"},"inLanguage":"pl-PL","potentialAction":[{"@type":"ReadAction","target":["https:\/\/ironsky.pl\/sklep\/produkt\/luneta-ze-statywem-kf-concept-kf33-033v1\/"]}]},{"@type":"ImageObject","inLanguage":"pl-PL","@id":"https:\/\/ironsky.pl\/sklep\/produkt\/luneta-ze-statywem-kf-concept-kf33-033v1\/#primaryimage","url":"https:\/\/ironsky.pl\/sklep\/wp-content\/uploads\/2025\/02\/45292_1.jpg","contentUrl":"https:\/\/ironsky.pl\/sklep\/wp-content\/uploads\/2025\/02\/45292_1.jpg","width":800,"height":800},{"@type":"BreadcrumbList","@id":"https:\/\/ironsky.pl\/sklep\/produkt\/luneta-ze-statywem-kf-concept-kf33-033v1\/#breadcrumb","itemListElement":[{"@type":"ListItem","position":1,"name":"Strona g\u0142\u00f3wna","item":"https:\/\/ironsky.pl\/sklep\/"},{"@type":"ListItem","position":2,"name":"Wszystkie produkty","item":"https:\/\/ironsky.pl\/sklep\/produkty\/"},{"@type":"ListItem","position":3,"name":"Luneta ze statywem K&#038;F Concept KF33.033V1"}]},{"@type":"WebSite","@id":"https:\/\/ironsky.pl\/sklep\/#website","url":"https:\/\/ironsky.pl\/sklep\/","name":"IRONSKY.PL Sklep z Dronami","description":"IRONSKY.PL Sklep z Dronami","potentialAction":[{"@type":"SearchAction","target":{"@type":"EntryPoint","urlTemplate":"https:\/\/ironsky.pl\/sklep\/?s={search_term_string}"},"query-input":{"@type":"PropertyValueSpecification","valueRequired":true,"valueName":"search_term_string"}}],"inLanguage":"pl-PL"}]}},"_links":{"self":[{"href":"https:\/\/ironsky.pl\/sklep\/wp-json\/wp\/v2\/product\/37071","targetHints":{"allow":["GET"]}}],"collection":[{"href":"https:\/\/ironsky.pl\/sklep\/wp-json\/wp\/v2\/product"}],"about":[{"href":"https:\/\/ironsky.pl\/sklep\/wp-json\/wp\/v2\/types\/product"}],"replies":[{"embeddable":true,"href":"https:\/\/ironsky.pl\/sklep\/wp-json\/wp\/v2\/comments?post=37071"}],"wp:featuredmedia":[{"embeddable":true,"href":"https:\/\/ironsky.pl\/sklep\/wp-json\/wp\/v2\/media\/37072"}],"wp:attachment":[{"href":"https:\/\/ironsky.pl\/sklep\/wp-json\/wp\/v2\/media?parent=37071"}],"wp:term":[{"taxonomy":"product_brand","embeddable":true,"href":"https:\/\/ironsky.pl\/sklep\/wp-json\/wp\/v2\/product_brand?post=37071"},{"taxonomy":"product_cat","embeddable":true,"href":"https:\/\/ironsky.pl\/sklep\/wp-json\/wp\/v2\/product_cat?post=37071"},{"taxonomy":"product_tag","embeddable":true,"href":"https:\/\/ironsky.pl\/sklep\/wp-json\/wp\/v2\/product_tag?post=37071"}],"curies":[{"name":"wp","href":"https:\/\/api.w.org\/{rel}","templated":true}]}}