{"id":37053,"date":"2025-02-13T17:02:15","date_gmt":"2025-02-13T16:02:15","guid":{"rendered":"https:\/\/ironsky.pl\/drony-sklep\/produkt\/plecak-fotograficzny-20l-kf-concept-beta-v5\/"},"modified":"2026-03-05T15:54:46","modified_gmt":"2026-03-05T14:54:46","slug":"plecak-fotograficzny-20l-kf-concept-beta-v5","status":"publish","type":"product","link":"https:\/\/ironsky.pl\/sklep\/produkt\/plecak-fotograficzny-20l-kf-concept-beta-v5\/","title":{"rendered":"Plecak fotograficzny 20L K&#038;F Concept Beta V5"},"content":{"rendered":"<h3>Plecak fotograficzny 20L K&amp;F Concept Beta V5<\/h3>\n<p>Plecak fotograficzny K&amp;F Concept stanowi niezast\u0105pione narz\u0119dzie dla ka\u017cdego fotografa. Dzi\u0119ki pojemno\u015bci 20 l i przemy\u015blanemu designowi pozwala na wygodne przechowywanie zar\u00f3wno sprz\u0119tu fotograficznego, jak i akcesori\u00f3w. Solidne zamki antykradzie\u017cowe, oddzielne komory i wytrzyma\u0142y materia\u0142 zapewniaj\u0105 pe\u0142n\u0105 ochron\u0119 zawarto\u015bci w ka\u017cdych warunkach.<\/p>\n<p>\n<img decoding=\"async\" src=\"https:\/\/assets.innpro.pl\/8194\/9591\/1.jpg\" border=\"0\" \/>\n<\/p>\n<h3>Pojemny i przestronny<\/h3>\n<p>Pojemno\u015b\u0107 plecaka wynosi 20 l, a jego wymiary to 30 x 20 x 45 cm, dzi\u0119ki czemu jest on w stanie pomie\u015bci\u0107 wszystko, co niezb\u0119dne podczas sesji fotograficznej. G\u00f3rna komora przeznaczona jest do przechowywania osobistych przedmiot\u00f3w takich jak ubrania, portfel, telefon czy lampa b\u0142yskowa. Znajduje si\u0119 tam tak\u017ce specjalna kiesze\u0144 na laptop do 15,6 cala. Dolna komora zosta\u0142a zaprojektowana z my\u015bl\u0105 o przechowywaniu aparatu oraz czterech obiektyw\u00f3w i innych akcesori\u00f3w, takich jak filtry, baterie czy karty pami\u0119ci. Mo\u017cesz tak\u017ce bezpiecznie przechowywa\u0107 drona DJI.<\/p>\n<p>\n<img decoding=\"async\" src=\"https:\/\/assets.innpro.pl\/8194\/9591\/2.jpg\" border=\"0\" \/>\n<\/p>\n<h3>Bezproblemowa organizacja<\/h3>\n<p>Tylne otwarcie umo\u017cliwia \u0142atwe zorganizowanie wszystkich kom\u00f3r i sprz\u0119tu. Dzi\u0119ki szybkiemu dost\u0119powi z boku mo\u017cesz b\u0142yskawicznie si\u0119gn\u0105\u0107 po potrzebny sprz\u0119t bez konieczno\u015bci zdejmowania plecaka, co jest szczeg\u00f3lnie przydatne podczas dynamicznych sesji fotograficznych.<\/p>\n<p>\n<img decoding=\"async\" src=\"https:\/\/assets.innpro.pl\/8194\/9591\/3.jpg\" border=\"0\" \/>\n<\/p>\n<h3>Wysoka jako\u015b\u0107 materia\u0142\u00f3w<\/h3>\n<p>Plecak wykonano z wodoodpornego i niepodatnego na rozdarcia nylonu 900D o wysokiej g\u0119sto\u015bci. Wszystkie szwy zosta\u0142y wzmocnione, co gwarantuje no\u015bno\u015b\u0107 do 21 kg. Wewn\u0105trz znajduj\u0105 si\u0119 wyjmowane przegrody z pianki EPE, kt\u00f3re chroni\u0105 sprz\u0119t przed wstrz\u0105sami i uszkodzeniami. Solidne zamki antykradzie\u017cowe zapewniaj\u0105 dodatkowe bezpiecze\u0144stwo.<\/p>\n<p>\n<img decoding=\"async\" src=\"https:\/\/assets.innpro.pl\/8194\/9591\/4.jpg\" border=\"0\" \/>\n<\/p>\n<h3>Komfort noszenia<\/h3>\n<p>Ergonomicznie zaprojektowane, oddychaj\u0105ce paski na ramiona oraz dobrze wy\u015bcie\u0142ane plecy zapewniaj\u0105 komfort noszenia nawet przy pe\u0142nym obci\u0105\u017ceniu. Regulowany pasek na klatce piersiowej stabilnie utrzymuje paski na ramionach, redukuj\u0105c odczuwalny ci\u0119\u017car.<\/p>\n<p>\n<img decoding=\"async\" src=\"https:\/\/assets.innpro.pl\/8194\/9591\/5.jpg\" border=\"0\" \/>\n<\/p>\n<h3>Dedykowane przegrody<\/h3>\n<p>W plecaku znajduj\u0105 si\u0119 specjalne przegrody na akcesoria fotograficzne, takie jak filtry i pier\u015bcienie adapter\u00f3w. Przednia kiesze\u0144 doskonale nadaje si\u0119 do przechowywania codziennych drobiazg\u00f3w, a boczne kieszenie mog\u0105 pomie\u015bci\u0107 butelk\u0119 z wod\u0105 lub parasolk\u0119.<\/p>\n<p>\n<img decoding=\"async\" src=\"https:\/\/assets.innpro.pl\/8194\/9591\/6.jpg\" border=\"0\" \/>\n<\/p>\n<h3>W zestawie:<\/h3>\n<ul class=\"list-disc pl-5\">\n<li>Plecak fotograficzny<\/li>\n<li>Pokrowiec przeciwdeszczowy<\/li>\n<li>Przegroda x7<\/li>\n<li>Pasek x2<\/li>\n<\/ul>\n<div class=\"table-wrapper\">\n<p>\u00a0<\/p>\n<h3><\/h3>\n<table>\n<tbody>\n<tr>\n<th>Producent<\/th>\n<td>K&amp;F Concept<\/td>\n<\/tr>\n<tr>\n<th>Kod producenta<\/th>\n<td>KF13.087AV5<\/td>\n<\/tr>\n<tr>\n<th>Pojemno\u015b\u0107<\/th>\n<td>20 l<\/td>\n<\/tr>\n<tr>\n<th>Wymiary zewn\u0119trzne<\/th>\n<td>30 x 20 x 45 cm<\/td>\n<\/tr>\n<tr>\n<th>Wymiary komory na sprz\u0119t<\/th>\n<td>29 x 14 x 18 cm<\/td>\n<\/tr>\n<tr>\n<th>Wymiary komory na rzeczy codzienne<\/th>\n<td>29 x 15 x 25 cm<\/td>\n<\/tr>\n<tr>\n<th>Waga<\/th>\n<td>1.85 kg<\/td>\n<\/tr>\n<tr>\n<th>Materia\u0142<\/th>\n<td>PU<\/td>\n<\/tr>\n<tr>\n<th>Kolor<\/th>\n<td>czarny<\/td>\n<\/tr>\n<\/tbody>\n<\/table>\n<\/div>\n","protected":false},"excerpt":{"rendered":"<p>Plecak fotograficzny 20L K&amp;F Concept Beta V5 Plecak fotograficzny K&amp;F Concept stanowi niezast\u0105pione narz\u0119dzie dla ka\u017cdego fotografa. Dzi\u0119ki pojemno\u015bci 20<\/p>\n","protected":false},"featured_media":37054,"comment_status":"closed","ping_status":"open","template":"","meta":{"_acf_changed":false},"product_brand":[],"product_cat":[1128,5764,5761],"product_tag":[],"class_list":{"0":"post-37053","1":"product","2":"type-product","3":"status-publish","4":"has-post-thumbnail","6":"product_cat-foto-wideo","7":"product_cat-plecaki-fotograficzne","8":"product_cat-transport","9":"pa_okres-gwarancji-5754","10":"pa_producent-kf-concept","12":"first","13":"outofstock","14":"taxable","15":"shipping-taxable","16":"purchasable","17":"product-type-simple"},"acf":[],"yoast_head":"<!-- This site is optimized with the Yoast SEO plugin v27.2 - https:\/\/yoast.com\/product\/yoast-seo-wordpress\/ -->\n<title>Plecak fotograficzny 20L K&amp;F Concept Beta V5 - IRONSKY.PL Sklep z Dronami<\/title>\n<meta name=\"description\" content=\"Plecak fotograficzny 20L K&amp;F Concept Beta V5 - \u2705 sklep z dronami i fachowym doradztwem. \u2705 Tutaj kupisz produkty DJI, Yuneec, Parrot, Syma i wiele innych, a tak\u017ce kursy i licencje na operatora drona.\" \/>\n<meta name=\"robots\" content=\"index, follow, max-snippet:-1, max-image-preview:large, max-video-preview:-1\" \/>\n<link rel=\"canonical\" href=\"https:\/\/ironsky.pl\/sklep\/produkt\/plecak-fotograficzny-20l-kf-concept-beta-v5\/\" \/>\n<meta property=\"og:locale\" content=\"pl_PL\" \/>\n<meta property=\"og:type\" content=\"article\" \/>\n<meta property=\"og:title\" content=\"Plecak fotograficzny 20L K&amp;F Concept Beta V5 - IRONSKY.PL Sklep z Dronami\" \/>\n<meta property=\"og:description\" content=\"Plecak fotograficzny 20L K&amp;F Concept Beta V5 - \u2705 sklep z dronami i fachowym doradztwem. \u2705 Tutaj kupisz produkty DJI, Yuneec, Parrot, Syma i wiele innych, a tak\u017ce kursy i licencje na operatora drona.\" \/>\n<meta property=\"og:url\" content=\"https:\/\/ironsky.pl\/sklep\/produkt\/plecak-fotograficzny-20l-kf-concept-beta-v5\/\" \/>\n<meta property=\"og:site_name\" content=\"IRONSKY.PL Sklep z Dronami\" \/>\n<meta property=\"article:modified_time\" content=\"2026-03-05T14:54:46+00:00\" \/>\n<meta property=\"og:image\" content=\"https:\/\/ironsky.pl\/sklep\/wp-content\/uploads\/2025\/02\/45283_1.jpg\" \/>\n\t<meta property=\"og:image:width\" content=\"800\" \/>\n\t<meta property=\"og:image:height\" content=\"800\" \/>\n\t<meta property=\"og:image:type\" content=\"image\/jpeg\" \/>\n<meta name=\"twitter:card\" content=\"summary_large_image\" \/>\n<meta name=\"twitter:label1\" content=\"Szacowany czas czytania\" \/>\n\t<meta name=\"twitter:data1\" content=\"2 minuty\" \/>\n<script type=\"application\/ld+json\" class=\"yoast-schema-graph\">{\"@context\":\"https:\/\/schema.org\",\"@graph\":[{\"@type\":\"WebPage\",\"@id\":\"https:\/\/ironsky.pl\/sklep\/produkt\/plecak-fotograficzny-20l-kf-concept-beta-v5\/\",\"url\":\"https:\/\/ironsky.pl\/sklep\/produkt\/plecak-fotograficzny-20l-kf-concept-beta-v5\/\",\"name\":\"Plecak fotograficzny 20L K&F Concept Beta V5 - IRONSKY.PL Sklep z Dronami\",\"isPartOf\":{\"@id\":\"https:\/\/ironsky.pl\/sklep\/#website\"},\"primaryImageOfPage\":{\"@id\":\"https:\/\/ironsky.pl\/sklep\/produkt\/plecak-fotograficzny-20l-kf-concept-beta-v5\/#primaryimage\"},\"image\":{\"@id\":\"https:\/\/ironsky.pl\/sklep\/produkt\/plecak-fotograficzny-20l-kf-concept-beta-v5\/#primaryimage\"},\"thumbnailUrl\":\"https:\/\/ironsky.pl\/sklep\/wp-content\/uploads\/2025\/02\/45283_1.jpg\",\"datePublished\":\"2025-02-13T16:02:15+00:00\",\"dateModified\":\"2026-03-05T14:54:46+00:00\",\"description\":\"Plecak fotograficzny 20L K&F Concept Beta V5 - \u2705 sklep z dronami i fachowym doradztwem. \u2705 Tutaj kupisz produkty DJI, Yuneec, Parrot, Syma i wiele innych, a tak\u017ce kursy i licencje na operatora drona.\",\"breadcrumb\":{\"@id\":\"https:\/\/ironsky.pl\/sklep\/produkt\/plecak-fotograficzny-20l-kf-concept-beta-v5\/#breadcrumb\"},\"inLanguage\":\"pl-PL\",\"potentialAction\":[{\"@type\":\"ReadAction\",\"target\":[\"https:\/\/ironsky.pl\/sklep\/produkt\/plecak-fotograficzny-20l-kf-concept-beta-v5\/\"]}]},{\"@type\":\"ImageObject\",\"inLanguage\":\"pl-PL\",\"@id\":\"https:\/\/ironsky.pl\/sklep\/produkt\/plecak-fotograficzny-20l-kf-concept-beta-v5\/#primaryimage\",\"url\":\"https:\/\/ironsky.pl\/sklep\/wp-content\/uploads\/2025\/02\/45283_1.jpg\",\"contentUrl\":\"https:\/\/ironsky.pl\/sklep\/wp-content\/uploads\/2025\/02\/45283_1.jpg\",\"width\":800,\"height\":800},{\"@type\":\"BreadcrumbList\",\"@id\":\"https:\/\/ironsky.pl\/sklep\/produkt\/plecak-fotograficzny-20l-kf-concept-beta-v5\/#breadcrumb\",\"itemListElement\":[{\"@type\":\"ListItem\",\"position\":1,\"name\":\"Strona g\u0142\u00f3wna\",\"item\":\"https:\/\/ironsky.pl\/sklep\/\"},{\"@type\":\"ListItem\",\"position\":2,\"name\":\"Wszystkie produkty\",\"item\":\"https:\/\/ironsky.pl\/sklep\/produkty\/\"},{\"@type\":\"ListItem\",\"position\":3,\"name\":\"Plecak fotograficzny 20L K&#038;F Concept Beta V5\"}]},{\"@type\":\"WebSite\",\"@id\":\"https:\/\/ironsky.pl\/sklep\/#website\",\"url\":\"https:\/\/ironsky.pl\/sklep\/\",\"name\":\"IRONSKY.PL Sklep z Dronami\",\"description\":\"IRONSKY.PL Sklep z Dronami\",\"potentialAction\":[{\"@type\":\"SearchAction\",\"target\":{\"@type\":\"EntryPoint\",\"urlTemplate\":\"https:\/\/ironsky.pl\/sklep\/?s={search_term_string}\"},\"query-input\":{\"@type\":\"PropertyValueSpecification\",\"valueRequired\":true,\"valueName\":\"search_term_string\"}}],\"inLanguage\":\"pl-PL\"}]}<\/script>\n<!-- \/ Yoast SEO plugin. -->","yoast_head_json":{"title":"Plecak fotograficzny 20L K&F Concept Beta V5 - IRONSKY.PL Sklep z Dronami","description":"Plecak fotograficzny 20L K&F Concept Beta V5 - \u2705 sklep z dronami i fachowym doradztwem. \u2705 Tutaj kupisz produkty DJI, Yuneec, Parrot, Syma i wiele innych, a tak\u017ce kursy i licencje na operatora drona.","robots":{"index":"index","follow":"follow","max-snippet":"max-snippet:-1","max-image-preview":"max-image-preview:large","max-video-preview":"max-video-preview:-1"},"canonical":"https:\/\/ironsky.pl\/sklep\/produkt\/plecak-fotograficzny-20l-kf-concept-beta-v5\/","og_locale":"pl_PL","og_type":"article","og_title":"Plecak fotograficzny 20L K&F Concept Beta V5 - IRONSKY.PL Sklep z Dronami","og_description":"Plecak fotograficzny 20L K&F Concept Beta V5 - \u2705 sklep z dronami i fachowym doradztwem. \u2705 Tutaj kupisz produkty DJI, Yuneec, Parrot, Syma i wiele innych, a tak\u017ce kursy i licencje na operatora drona.","og_url":"https:\/\/ironsky.pl\/sklep\/produkt\/plecak-fotograficzny-20l-kf-concept-beta-v5\/","og_site_name":"IRONSKY.PL Sklep z Dronami","article_modified_time":"2026-03-05T14:54:46+00:00","og_image":[{"width":800,"height":800,"url":"https:\/\/ironsky.pl\/sklep\/wp-content\/uploads\/2025\/02\/45283_1.jpg","type":"image\/jpeg"}],"twitter_card":"summary_large_image","twitter_misc":{"Szacowany czas czytania":"2 minuty"},"schema":{"@context":"https:\/\/schema.org","@graph":[{"@type":"WebPage","@id":"https:\/\/ironsky.pl\/sklep\/produkt\/plecak-fotograficzny-20l-kf-concept-beta-v5\/","url":"https:\/\/ironsky.pl\/sklep\/produkt\/plecak-fotograficzny-20l-kf-concept-beta-v5\/","name":"Plecak fotograficzny 20L K&F Concept Beta V5 - IRONSKY.PL Sklep z Dronami","isPartOf":{"@id":"https:\/\/ironsky.pl\/sklep\/#website"},"primaryImageOfPage":{"@id":"https:\/\/ironsky.pl\/sklep\/produkt\/plecak-fotograficzny-20l-kf-concept-beta-v5\/#primaryimage"},"image":{"@id":"https:\/\/ironsky.pl\/sklep\/produkt\/plecak-fotograficzny-20l-kf-concept-beta-v5\/#primaryimage"},"thumbnailUrl":"https:\/\/ironsky.pl\/sklep\/wp-content\/uploads\/2025\/02\/45283_1.jpg","datePublished":"2025-02-13T16:02:15+00:00","dateModified":"2026-03-05T14:54:46+00:00","description":"Plecak fotograficzny 20L K&F Concept Beta V5 - \u2705 sklep z dronami i fachowym doradztwem. \u2705 Tutaj kupisz produkty DJI, Yuneec, Parrot, Syma i wiele innych, a tak\u017ce kursy i licencje na operatora drona.","breadcrumb":{"@id":"https:\/\/ironsky.pl\/sklep\/produkt\/plecak-fotograficzny-20l-kf-concept-beta-v5\/#breadcrumb"},"inLanguage":"pl-PL","potentialAction":[{"@type":"ReadAction","target":["https:\/\/ironsky.pl\/sklep\/produkt\/plecak-fotograficzny-20l-kf-concept-beta-v5\/"]}]},{"@type":"ImageObject","inLanguage":"pl-PL","@id":"https:\/\/ironsky.pl\/sklep\/produkt\/plecak-fotograficzny-20l-kf-concept-beta-v5\/#primaryimage","url":"https:\/\/ironsky.pl\/sklep\/wp-content\/uploads\/2025\/02\/45283_1.jpg","contentUrl":"https:\/\/ironsky.pl\/sklep\/wp-content\/uploads\/2025\/02\/45283_1.jpg","width":800,"height":800},{"@type":"BreadcrumbList","@id":"https:\/\/ironsky.pl\/sklep\/produkt\/plecak-fotograficzny-20l-kf-concept-beta-v5\/#breadcrumb","itemListElement":[{"@type":"ListItem","position":1,"name":"Strona g\u0142\u00f3wna","item":"https:\/\/ironsky.pl\/sklep\/"},{"@type":"ListItem","position":2,"name":"Wszystkie produkty","item":"https:\/\/ironsky.pl\/sklep\/produkty\/"},{"@type":"ListItem","position":3,"name":"Plecak fotograficzny 20L K&#038;F Concept Beta V5"}]},{"@type":"WebSite","@id":"https:\/\/ironsky.pl\/sklep\/#website","url":"https:\/\/ironsky.pl\/sklep\/","name":"IRONSKY.PL Sklep z Dronami","description":"IRONSKY.PL Sklep z Dronami","potentialAction":[{"@type":"SearchAction","target":{"@type":"EntryPoint","urlTemplate":"https:\/\/ironsky.pl\/sklep\/?s={search_term_string}"},"query-input":{"@type":"PropertyValueSpecification","valueRequired":true,"valueName":"search_term_string"}}],"inLanguage":"pl-PL"}]}},"_links":{"self":[{"href":"https:\/\/ironsky.pl\/sklep\/wp-json\/wp\/v2\/product\/37053","targetHints":{"allow":["GET"]}}],"collection":[{"href":"https:\/\/ironsky.pl\/sklep\/wp-json\/wp\/v2\/product"}],"about":[{"href":"https:\/\/ironsky.pl\/sklep\/wp-json\/wp\/v2\/types\/product"}],"replies":[{"embeddable":true,"href":"https:\/\/ironsky.pl\/sklep\/wp-json\/wp\/v2\/comments?post=37053"}],"wp:featuredmedia":[{"embeddable":true,"href":"https:\/\/ironsky.pl\/sklep\/wp-json\/wp\/v2\/media\/37054"}],"wp:attachment":[{"href":"https:\/\/ironsky.pl\/sklep\/wp-json\/wp\/v2\/media?parent=37053"}],"wp:term":[{"taxonomy":"product_brand","embeddable":true,"href":"https:\/\/ironsky.pl\/sklep\/wp-json\/wp\/v2\/product_brand?post=37053"},{"taxonomy":"product_cat","embeddable":true,"href":"https:\/\/ironsky.pl\/sklep\/wp-json\/wp\/v2\/product_cat?post=37053"},{"taxonomy":"product_tag","embeddable":true,"href":"https:\/\/ironsky.pl\/sklep\/wp-json\/wp\/v2\/product_tag?post=37053"}],"curies":[{"name":"wp","href":"https:\/\/api.w.org\/{rel}","templated":true}]}}