{"id":37040,"date":"2025-02-13T17:02:15","date_gmt":"2025-02-13T16:02:15","guid":{"rendered":"https:\/\/ironsky.pl\/drony-sklep\/produkt\/plecak-fotograficzny-25l-kf-concept-beta-2\/"},"modified":"2026-03-05T15:54:45","modified_gmt":"2026-03-05T14:54:45","slug":"plecak-fotograficzny-25l-kf-concept-beta-2","status":"publish","type":"product","link":"https:\/\/ironsky.pl\/sklep\/produkt\/plecak-fotograficzny-25l-kf-concept-beta-2\/","title":{"rendered":"Plecak fotograficzny 25L K&#038;F Concept Beta"},"content":{"rendered":"<h3>Plecak fotograficzny 25L K&amp;F Concept Beta<\/h3>\n<p>Plecak fotograficzny K&amp;F Concept Beta o pojemno\u015bci 25 litr\u00f3w pozwala na bezpieczne przechowywanie jednej kamery, kilku obiektyw\u00f3w, laptopa 15,6 cala, statywu oraz innych niezb\u0119dnych akcesori\u00f3w fotograficznych. Jego wodoodporno\u015b\u0107, wzmocniona konstrukcja i dodatkowa os\u0142ona przeciwdeszczowa gwarantuj\u0105 ochron\u0119 sprz\u0119tu w ka\u017cdych warunkach atmosferycznych.<\/p>\n<p>\n<img decoding=\"async\" src=\"https:\/\/assets.innpro.pl\/8202\/9599\/2.jpg\" border=\"0\" \/>\n<\/p>\n<h3>Solidna konstrukcja i materia\u0142y najwy\u017cszej jako\u015bci<\/h3>\n<p>Do wykonania plecaka zastosowano wytrzyma\u0142y materia\u0142 1000D Cordura, kt\u00f3ry zapewnia trwa\u0142o\u015b\u0107 oraz odporno\u015b\u0107 na uszkodzenia mechaniczne. Dodatkowo dwie grube przegrody z EVA skutecznie chroni\u0105 sprz\u0119t fotograficzny przed uderzeniami i wstrz\u0105sami. Dzi\u0119ki temu mo\u017cesz mie\u0107 pewno\u015b\u0107, \u017ce Tw\u00f3j sprz\u0119t jest bezpieczny nawet w trudnych warunkach terenowych.<\/p>\n<p>\n<img decoding=\"async\" src=\"https:\/\/assets.innpro.pl\/8202\/9599\/4.jpg\" border=\"0\" \/>\n<\/p>\n<h3>Przemy\u015blana struktura<\/h3>\n<p>Plecak oferuje oddzielne komory na kamer\u0119 i obiektywy, a tak\u017ce niezale\u017cn\u0105 przegrod\u0119 na laptopa 15,6 cala. Dzi\u0119ki wyjmowanym przegrodom mo\u017cesz dostosowa\u0107 jego wn\u0119trze do swoich potrzeb, co u\u0142atwia przechowywanie r\u00f3\u017cnorodnego sprz\u0119tu. Przednia kiesze\u0144 zapewnia szybki dost\u0119p do cz\u0119sto u\u017cywanych akcesori\u00f3w, takich jak baterie, karty pami\u0119ci czy kable.<\/p>\n<p>\n<img decoding=\"async\" src=\"https:\/\/assets.innpro.pl\/8202\/9599\/6.jpg\" border=\"0\" \/>\n<\/p>\n<h3>Komfort noszenia<\/h3>\n<p>Ergonomiczne szelki w kszta\u0142cie litery S, kt\u00f3re wykonano z wysokiej jako\u015bci bawe\u0142ny per\u0142owej, zapewniaj\u0105 maksymalny komfort noszenia. Plecak zosta\u0142 r\u00f3wnie\u017c wyposa\u017cony w system wentylacji, kt\u00f3ry skutecznie odprowadza ciep\u0142o, dzi\u0119ki czemu mo\u017cesz cieszy\u0107 si\u0119 komfortem nawet w ciep\u0142e dni. Regulowane pasy biodrowe i piersiowe pozwalaj\u0105 na idealne dopasowanie plecaka do sylwetki u\u017cytkownika, co dodatkowo zmniejsza odczuwalne obci\u0105\u017cenie.<\/p>\n<p>\n<img decoding=\"async\" src=\"https:\/\/assets.innpro.pl\/8202\/9599\/5.jpg\" border=\"0\" \/>\n<\/p>\n<h3>Rozwi\u0105zania dla bezpiecze\u0144stwa<\/h3>\n<p>Zabezpieczenie antykradzie\u017cowe w postaci podw\u00f3jnego zamkni\u0119cia na zamek b\u0142yskawiczny i klamry zapewnia bezpiecze\u0144stwo na co dzie\u0144. Dzi\u0119ki specjalnej ta\u015bmie plecak mo\u017cna zamocowa\u0107 na r\u0105czce walizki podr\u00f3\u017cnej, co czyni go idealnym wyborem na podr\u00f3\u017ce.<\/p>\n<p>\n<img decoding=\"async\" src=\"https:\/\/assets.innpro.pl\/8202\/9599\/3.jpg\" border=\"0\" \/>\n<\/p>\n<h3>W zestawie:<\/h3>\n<ul class=\"list-disc pl-5\">\n<li>Plecak fotograficzny<\/li>\n<li>Pokrowiec przeciwdeszczowy<\/li>\n<li>Przegrody<\/li>\n<\/ul>\n<div class=\"table-wrapper\">\n<p>\u00a0<\/p>\n<h3><\/h3>\n<table>\n<tbody>\n<tr>\n<th>Producent<\/th>\n<td>K&amp;F Concept<\/td>\n<\/tr>\n<tr>\n<th>Kod producenta<\/th>\n<td>KF13.098V1<\/td>\n<\/tr>\n<tr>\n<th>Pojemno\u015b\u0107<\/th>\n<td>25 litr\u00f3w (mie\u015bci 1 kamer\u0119, 4 obiektywy, laptop 15,6 cala, statyw i inne niezb\u0119dne akcesoria fotograficzne)<\/td>\n<\/tr>\n<tr>\n<th>Wymiary<\/th>\n<td>45 x 30 x 22 cm<\/td>\n<\/tr>\n<tr>\n<th>Waga<\/th>\n<td>1400 g<\/td>\n<\/tr>\n<tr>\n<th>Materia\u0142<\/th>\n<td>wodoodporny 1000D Cordura<\/td>\n<\/tr>\n<tr>\n<th>Kolor<\/th>\n<td>ciemnoszary<\/td>\n<\/tr>\n<\/tbody>\n<\/table>\n<\/div>\n","protected":false},"excerpt":{"rendered":"<p>Plecak fotograficzny 25L K&amp;F Concept Beta Plecak fotograficzny K&amp;F Concept Beta o pojemno\u015bci 25 litr\u00f3w pozwala na bezpieczne przechowywanie jednej<\/p>\n","protected":false},"featured_media":37041,"comment_status":"closed","ping_status":"open","template":"","meta":{"_acf_changed":false},"product_brand":[],"product_cat":[1128,5772,5761],"product_tag":[],"class_list":{"0":"post-37040","1":"product","2":"type-product","3":"status-publish","4":"has-post-thumbnail","6":"product_cat-foto-wideo","7":"product_cat-torby-fotograficzne","8":"product_cat-transport","9":"pa_okres-gwarancji-5754","10":"pa_producent-kf-concept","12":"first","13":"outofstock","14":"taxable","15":"shipping-taxable","16":"purchasable","17":"product-type-simple"},"acf":[],"yoast_head":"<!-- This site is optimized with the Yoast SEO plugin v27.2 - https:\/\/yoast.com\/product\/yoast-seo-wordpress\/ -->\n<title>Plecak fotograficzny 25L K&amp;F Concept Beta - IRONSKY.PL Sklep z Dronami<\/title>\n<meta name=\"description\" content=\"Plecak fotograficzny 25L K&amp;F Concept Beta - \u2705 sklep z dronami i fachowym doradztwem. \u2705 Tutaj kupisz produkty DJI, Yuneec, Parrot, Syma i wiele innych, a tak\u017ce kursy i licencje na operatora drona.\" \/>\n<meta name=\"robots\" content=\"index, follow, max-snippet:-1, max-image-preview:large, max-video-preview:-1\" \/>\n<link rel=\"canonical\" href=\"https:\/\/ironsky.pl\/sklep\/produkt\/plecak-fotograficzny-25l-kf-concept-beta-2\/\" \/>\n<meta property=\"og:locale\" content=\"pl_PL\" \/>\n<meta property=\"og:type\" content=\"article\" \/>\n<meta property=\"og:title\" content=\"Plecak fotograficzny 25L K&amp;F Concept Beta - IRONSKY.PL Sklep z Dronami\" \/>\n<meta property=\"og:description\" content=\"Plecak fotograficzny 25L K&amp;F Concept Beta - \u2705 sklep z dronami i fachowym doradztwem. \u2705 Tutaj kupisz produkty DJI, Yuneec, Parrot, Syma i wiele innych, a tak\u017ce kursy i licencje na operatora drona.\" \/>\n<meta property=\"og:url\" content=\"https:\/\/ironsky.pl\/sklep\/produkt\/plecak-fotograficzny-25l-kf-concept-beta-2\/\" \/>\n<meta property=\"og:site_name\" content=\"IRONSKY.PL Sklep z Dronami\" \/>\n<meta property=\"article:modified_time\" content=\"2026-03-05T14:54:45+00:00\" \/>\n<meta property=\"og:image\" content=\"https:\/\/ironsky.pl\/sklep\/wp-content\/uploads\/2025\/02\/45276_1.jpg\" \/>\n\t<meta property=\"og:image:width\" content=\"800\" \/>\n\t<meta property=\"og:image:height\" content=\"800\" \/>\n\t<meta property=\"og:image:type\" content=\"image\/jpeg\" \/>\n<meta name=\"twitter:card\" content=\"summary_large_image\" \/>\n<meta name=\"twitter:label1\" content=\"Szacowany czas czytania\" \/>\n\t<meta name=\"twitter:data1\" content=\"2 minuty\" \/>\n<script type=\"application\/ld+json\" class=\"yoast-schema-graph\">{\"@context\":\"https:\/\/schema.org\",\"@graph\":[{\"@type\":\"WebPage\",\"@id\":\"https:\/\/ironsky.pl\/sklep\/produkt\/plecak-fotograficzny-25l-kf-concept-beta-2\/\",\"url\":\"https:\/\/ironsky.pl\/sklep\/produkt\/plecak-fotograficzny-25l-kf-concept-beta-2\/\",\"name\":\"Plecak fotograficzny 25L K&F Concept Beta - IRONSKY.PL Sklep z Dronami\",\"isPartOf\":{\"@id\":\"https:\/\/ironsky.pl\/sklep\/#website\"},\"primaryImageOfPage\":{\"@id\":\"https:\/\/ironsky.pl\/sklep\/produkt\/plecak-fotograficzny-25l-kf-concept-beta-2\/#primaryimage\"},\"image\":{\"@id\":\"https:\/\/ironsky.pl\/sklep\/produkt\/plecak-fotograficzny-25l-kf-concept-beta-2\/#primaryimage\"},\"thumbnailUrl\":\"https:\/\/ironsky.pl\/sklep\/wp-content\/uploads\/2025\/02\/45276_1.jpg\",\"datePublished\":\"2025-02-13T16:02:15+00:00\",\"dateModified\":\"2026-03-05T14:54:45+00:00\",\"description\":\"Plecak fotograficzny 25L K&F Concept Beta - \u2705 sklep z dronami i fachowym doradztwem. \u2705 Tutaj kupisz produkty DJI, Yuneec, Parrot, Syma i wiele innych, a tak\u017ce kursy i licencje na operatora drona.\",\"breadcrumb\":{\"@id\":\"https:\/\/ironsky.pl\/sklep\/produkt\/plecak-fotograficzny-25l-kf-concept-beta-2\/#breadcrumb\"},\"inLanguage\":\"pl-PL\",\"potentialAction\":[{\"@type\":\"ReadAction\",\"target\":[\"https:\/\/ironsky.pl\/sklep\/produkt\/plecak-fotograficzny-25l-kf-concept-beta-2\/\"]}]},{\"@type\":\"ImageObject\",\"inLanguage\":\"pl-PL\",\"@id\":\"https:\/\/ironsky.pl\/sklep\/produkt\/plecak-fotograficzny-25l-kf-concept-beta-2\/#primaryimage\",\"url\":\"https:\/\/ironsky.pl\/sklep\/wp-content\/uploads\/2025\/02\/45276_1.jpg\",\"contentUrl\":\"https:\/\/ironsky.pl\/sklep\/wp-content\/uploads\/2025\/02\/45276_1.jpg\",\"width\":800,\"height\":800},{\"@type\":\"BreadcrumbList\",\"@id\":\"https:\/\/ironsky.pl\/sklep\/produkt\/plecak-fotograficzny-25l-kf-concept-beta-2\/#breadcrumb\",\"itemListElement\":[{\"@type\":\"ListItem\",\"position\":1,\"name\":\"Strona g\u0142\u00f3wna\",\"item\":\"https:\/\/ironsky.pl\/sklep\/\"},{\"@type\":\"ListItem\",\"position\":2,\"name\":\"Wszystkie produkty\",\"item\":\"https:\/\/ironsky.pl\/sklep\/produkty\/\"},{\"@type\":\"ListItem\",\"position\":3,\"name\":\"Plecak fotograficzny 25L K&#038;F Concept Beta\"}]},{\"@type\":\"WebSite\",\"@id\":\"https:\/\/ironsky.pl\/sklep\/#website\",\"url\":\"https:\/\/ironsky.pl\/sklep\/\",\"name\":\"IRONSKY.PL Sklep z Dronami\",\"description\":\"IRONSKY.PL Sklep z Dronami\",\"potentialAction\":[{\"@type\":\"SearchAction\",\"target\":{\"@type\":\"EntryPoint\",\"urlTemplate\":\"https:\/\/ironsky.pl\/sklep\/?s={search_term_string}\"},\"query-input\":{\"@type\":\"PropertyValueSpecification\",\"valueRequired\":true,\"valueName\":\"search_term_string\"}}],\"inLanguage\":\"pl-PL\"}]}<\/script>\n<!-- \/ Yoast SEO plugin. -->","yoast_head_json":{"title":"Plecak fotograficzny 25L K&F Concept Beta - IRONSKY.PL Sklep z Dronami","description":"Plecak fotograficzny 25L K&F Concept Beta - \u2705 sklep z dronami i fachowym doradztwem. \u2705 Tutaj kupisz produkty DJI, Yuneec, Parrot, Syma i wiele innych, a tak\u017ce kursy i licencje na operatora drona.","robots":{"index":"index","follow":"follow","max-snippet":"max-snippet:-1","max-image-preview":"max-image-preview:large","max-video-preview":"max-video-preview:-1"},"canonical":"https:\/\/ironsky.pl\/sklep\/produkt\/plecak-fotograficzny-25l-kf-concept-beta-2\/","og_locale":"pl_PL","og_type":"article","og_title":"Plecak fotograficzny 25L K&F Concept Beta - IRONSKY.PL Sklep z Dronami","og_description":"Plecak fotograficzny 25L K&F Concept Beta - \u2705 sklep z dronami i fachowym doradztwem. \u2705 Tutaj kupisz produkty DJI, Yuneec, Parrot, Syma i wiele innych, a tak\u017ce kursy i licencje na operatora drona.","og_url":"https:\/\/ironsky.pl\/sklep\/produkt\/plecak-fotograficzny-25l-kf-concept-beta-2\/","og_site_name":"IRONSKY.PL Sklep z Dronami","article_modified_time":"2026-03-05T14:54:45+00:00","og_image":[{"width":800,"height":800,"url":"https:\/\/ironsky.pl\/sklep\/wp-content\/uploads\/2025\/02\/45276_1.jpg","type":"image\/jpeg"}],"twitter_card":"summary_large_image","twitter_misc":{"Szacowany czas czytania":"2 minuty"},"schema":{"@context":"https:\/\/schema.org","@graph":[{"@type":"WebPage","@id":"https:\/\/ironsky.pl\/sklep\/produkt\/plecak-fotograficzny-25l-kf-concept-beta-2\/","url":"https:\/\/ironsky.pl\/sklep\/produkt\/plecak-fotograficzny-25l-kf-concept-beta-2\/","name":"Plecak fotograficzny 25L K&F Concept Beta - IRONSKY.PL Sklep z Dronami","isPartOf":{"@id":"https:\/\/ironsky.pl\/sklep\/#website"},"primaryImageOfPage":{"@id":"https:\/\/ironsky.pl\/sklep\/produkt\/plecak-fotograficzny-25l-kf-concept-beta-2\/#primaryimage"},"image":{"@id":"https:\/\/ironsky.pl\/sklep\/produkt\/plecak-fotograficzny-25l-kf-concept-beta-2\/#primaryimage"},"thumbnailUrl":"https:\/\/ironsky.pl\/sklep\/wp-content\/uploads\/2025\/02\/45276_1.jpg","datePublished":"2025-02-13T16:02:15+00:00","dateModified":"2026-03-05T14:54:45+00:00","description":"Plecak fotograficzny 25L K&F Concept Beta - \u2705 sklep z dronami i fachowym doradztwem. \u2705 Tutaj kupisz produkty DJI, Yuneec, Parrot, Syma i wiele innych, a tak\u017ce kursy i licencje na operatora drona.","breadcrumb":{"@id":"https:\/\/ironsky.pl\/sklep\/produkt\/plecak-fotograficzny-25l-kf-concept-beta-2\/#breadcrumb"},"inLanguage":"pl-PL","potentialAction":[{"@type":"ReadAction","target":["https:\/\/ironsky.pl\/sklep\/produkt\/plecak-fotograficzny-25l-kf-concept-beta-2\/"]}]},{"@type":"ImageObject","inLanguage":"pl-PL","@id":"https:\/\/ironsky.pl\/sklep\/produkt\/plecak-fotograficzny-25l-kf-concept-beta-2\/#primaryimage","url":"https:\/\/ironsky.pl\/sklep\/wp-content\/uploads\/2025\/02\/45276_1.jpg","contentUrl":"https:\/\/ironsky.pl\/sklep\/wp-content\/uploads\/2025\/02\/45276_1.jpg","width":800,"height":800},{"@type":"BreadcrumbList","@id":"https:\/\/ironsky.pl\/sklep\/produkt\/plecak-fotograficzny-25l-kf-concept-beta-2\/#breadcrumb","itemListElement":[{"@type":"ListItem","position":1,"name":"Strona g\u0142\u00f3wna","item":"https:\/\/ironsky.pl\/sklep\/"},{"@type":"ListItem","position":2,"name":"Wszystkie produkty","item":"https:\/\/ironsky.pl\/sklep\/produkty\/"},{"@type":"ListItem","position":3,"name":"Plecak fotograficzny 25L K&#038;F Concept Beta"}]},{"@type":"WebSite","@id":"https:\/\/ironsky.pl\/sklep\/#website","url":"https:\/\/ironsky.pl\/sklep\/","name":"IRONSKY.PL Sklep z Dronami","description":"IRONSKY.PL Sklep z Dronami","potentialAction":[{"@type":"SearchAction","target":{"@type":"EntryPoint","urlTemplate":"https:\/\/ironsky.pl\/sklep\/?s={search_term_string}"},"query-input":{"@type":"PropertyValueSpecification","valueRequired":true,"valueName":"search_term_string"}}],"inLanguage":"pl-PL"}]}},"_links":{"self":[{"href":"https:\/\/ironsky.pl\/sklep\/wp-json\/wp\/v2\/product\/37040","targetHints":{"allow":["GET"]}}],"collection":[{"href":"https:\/\/ironsky.pl\/sklep\/wp-json\/wp\/v2\/product"}],"about":[{"href":"https:\/\/ironsky.pl\/sklep\/wp-json\/wp\/v2\/types\/product"}],"replies":[{"embeddable":true,"href":"https:\/\/ironsky.pl\/sklep\/wp-json\/wp\/v2\/comments?post=37040"}],"wp:featuredmedia":[{"embeddable":true,"href":"https:\/\/ironsky.pl\/sklep\/wp-json\/wp\/v2\/media\/37041"}],"wp:attachment":[{"href":"https:\/\/ironsky.pl\/sklep\/wp-json\/wp\/v2\/media?parent=37040"}],"wp:term":[{"taxonomy":"product_brand","embeddable":true,"href":"https:\/\/ironsky.pl\/sklep\/wp-json\/wp\/v2\/product_brand?post=37040"},{"taxonomy":"product_cat","embeddable":true,"href":"https:\/\/ironsky.pl\/sklep\/wp-json\/wp\/v2\/product_cat?post=37040"},{"taxonomy":"product_tag","embeddable":true,"href":"https:\/\/ironsky.pl\/sklep\/wp-json\/wp\/v2\/product_tag?post=37040"}],"curies":[{"name":"wp","href":"https:\/\/api.w.org\/{rel}","templated":true}]}}