{"id":37002,"date":"2025-02-13T17:01:45","date_gmt":"2025-02-13T16:01:45","guid":{"rendered":"https:\/\/ironsky.pl\/drony-sklep\/produkt\/pioro-czyszczace-kf-concept-sku-1898-wymienne-akcesoria\/"},"modified":"2026-03-05T15:54:43","modified_gmt":"2026-03-05T14:54:43","slug":"pioro-czyszczace-kf-concept-sku-1898-wymienne-akcesoria","status":"publish","type":"product","link":"https:\/\/ironsky.pl\/sklep\/produkt\/pioro-czyszczace-kf-concept-sku-1898-wymienne-akcesoria\/","title":{"rendered":"Pi\u00f3ro czyszcz\u0105ce K&#038;F Concept SKU.1898 + wymienne akcesoria"},"content":{"rendered":"<h3>Pi\u00f3ro czyszcz\u0105ce K&amp;F Concept SKU.1898 + wymienne akcesoria<\/h3>\n<p>Pi\u00f3ro czyszcz\u0105ce K&amp;F Concept SKU.1898 wraz z wymiennymi akcesoriami to kompleksowy zestaw do piel\u0119gnacji sprz\u0119tu fotograficznego. Znajdziesz w nim mi\u0119dzy innymi dwie ko\u0144c\u00f3wki karbonowe, cztery sztyfty o szeroko\u015bci 24 mm do czyszczenia pe\u0142noklatkowych sensor\u00f3w oraz dwa sztyfty 16 mm przeznaczone do sensor\u00f3w APS-C.<\/p>\n<p>\n<img decoding=\"async\" src=\"https:\/\/assets.innpro.pl\/8230\/9630\/6.jpg\" border=\"0\" \/>\n<\/p>\n<h3>Precyzyjne i bezpieczne czyszczenie<\/h3>\n<p>W zestawie znajdziesz specjalne sztyfty przeznaczone do czyszczenia matryc aparat\u00f3w pe\u0142noklatkowych i sensor\u00f3w APS-C. Do ich wykonania zastosowano mi\u0119kkie, a zarazem wytrzyma\u0142e materia\u0142y, dzi\u0119ki czemu mo\u017cesz dok\u0142adnie wyczy\u015bci\u0107 obiektyw, nie ryzykuj\u0105c jego uszkodzenia.<\/p>\n<p>\n<img decoding=\"async\" src=\"https:\/\/assets.innpro.pl\/8230\/9630\/2.jpg\" border=\"0\" \/>\n<\/p>\n<h3>Szczoteczka czyszcz\u0105ca<\/h3>\n<p>Pi\u00f3ro zosta\u0142o wyposa\u017cone w szczoteczk\u0119, kt\u00f3ra jest mi\u0119kka i delikatna \u2013 pozwala skutecznie eliminowa\u0107 kurz z obiektywu oraz szczelin aparatu, nie uszkadzaj\u0105c ich powierzchni. To idealne narz\u0119dzie do dok\u0142adnego usuwania drobnych zanieczyszcze\u0144 z trudno dost\u0119pnych miejsc.<\/p>\n<p>\n<img decoding=\"async\" src=\"https:\/\/assets.innpro.pl\/8230\/9630\/1.jpg\" border=\"0\" \/>\n<\/p>\n<h3>Ko\u0144c\u00f3wka karbonowa<\/h3>\n<p>Zestaw zawiera r\u00f3wnie\u017c dwie dodatkowe ko\u0144c\u00f3wki z pokrytymi zamszem g\u0142owicami karbonowymi, kt\u00f3re skutecznie usuwaj\u0105 uporczywy brud. Doskonale sprawdz\u0105 si\u0119 w wypadku trudniejszych zanieczyszcze\u0144!<\/p>\n<p>\n<img decoding=\"async\" src=\"https:\/\/assets.innpro.pl\/8230\/9630\/9.jpg\" border=\"0\" \/>\n<\/p>\n<h3>Indywidualne pakowanie<\/h3>\n<p>Ka\u017cdy sztyft czyszcz\u0105cy jest indywidualnie pakowany pr\u00f3\u017cniowo, co gwarantuje higien\u0119 i u\u0142atwia przenoszenie zestawu. To praktyczne rozwi\u0105zanie pozwala na utrzymanie czysto\u015bci sprz\u0119tu fotograficznego nawet podczas podr\u00f3\u017cy.<\/p>\n<p>\n<img decoding=\"async\" src=\"https:\/\/assets.innpro.pl\/8230\/9630\/3.jpg\" border=\"0\" \/>\n<\/p>\n<h3>Ergonomiczny design<\/h3>\n<p>Pi\u00f3ro czyszcz\u0105ce K&amp;F Concept zosta\u0142o zaprojektowane z my\u015bl\u0105 o wygodzie u\u017cytkownika. Ergonomiczny uchwyt sprawia, \u017ce czyszczenie jest komfortowe i efektywne, a mo\u017cliwo\u015b\u0107 wymiany ko\u0144c\u00f3wek zwi\u0119ksza wszechstronno\u015b\u0107 zastosowa\u0144.<\/p>\n<p>\n<img decoding=\"async\" src=\"https:\/\/assets.innpro.pl\/8230\/9630\/4.jpg\" border=\"0\" \/>\n<\/p>\n<h3>W zestawie<\/h3>\n<ul class=\"list-disc pl-5\">\n<li>Pi\u00f3ro czyszcz\u0105ce<\/li>\n<li>2x ko\u0144c\u00f3wka karbonowa<\/li>\n<li>4x sztyft do czyszczenia matryc aparat\u00f3w pe\u0142noklatkowych<\/li>\n<li>2x sztyft do czyszczenia sensor\u00f3w APS-C<\/li>\n<\/ul>\n<div class=\"table-wrapper\">\n<p>\u00a0<\/p>\n<h3><\/h3>\n<table>\n<tbody>\n<tr>\n<th>Producent<\/th>\n<td>K&amp;F Concept<\/td>\n<\/tr>\n<tr>\n<th>Model<\/th>\n<td>SKU.1898<\/td>\n<\/tr>\n<\/tbody>\n<\/table>\n<\/div>\n","protected":false},"excerpt":{"rendered":"<p>Pi\u00f3ro czyszcz\u0105ce K&amp;F Concept SKU.1898 + wymienne akcesoria Pi\u00f3ro czyszcz\u0105ce K&amp;F Concept SKU.1898 wraz z wymiennymi akcesoriami to kompleksowy zestaw<\/p>\n","protected":false},"featured_media":37003,"comment_status":"closed","ping_status":"open","template":"","meta":{"_acf_changed":false},"product_brand":[],"product_cat":[1130,1128,1150],"product_tag":[],"class_list":{"0":"post-37002","1":"product","2":"type-product","3":"status-publish","4":"has-post-thumbnail","6":"product_cat-akcesoria-foto","7":"product_cat-foto-wideo","8":"product_cat-pozostale","9":"pa_okres-gwarancji-5754","10":"pa_producent-kf-concept","12":"first","13":"outofstock","14":"taxable","15":"shipping-taxable","16":"purchasable","17":"product-type-simple"},"acf":[],"yoast_head":"<!-- This site is optimized with the Yoast SEO plugin v27.2 - https:\/\/yoast.com\/product\/yoast-seo-wordpress\/ -->\n<title>Pi\u00f3ro czyszcz\u0105ce K&amp;F Concept SKU.1898 + wymienne akcesoria - IRONSKY.PL Sklep z Dronami<\/title>\n<meta name=\"description\" content=\"Pi\u00f3ro czyszcz\u0105ce K&amp;F Concept SKU.1898 + wymienne akcesoria - \u2705 sklep z dronami i fachowym doradztwem. \u2705 Tutaj kupisz produkty DJI, Yuneec, Parrot, Syma i wiele innych, a tak\u017ce kursy i licencje na operatora drona.\" \/>\n<meta name=\"robots\" content=\"index, follow, max-snippet:-1, max-image-preview:large, max-video-preview:-1\" \/>\n<link rel=\"canonical\" href=\"https:\/\/ironsky.pl\/sklep\/produkt\/pioro-czyszczace-kf-concept-sku-1898-wymienne-akcesoria\/\" \/>\n<meta property=\"og:locale\" content=\"pl_PL\" \/>\n<meta property=\"og:type\" content=\"article\" \/>\n<meta property=\"og:title\" content=\"Pi\u00f3ro czyszcz\u0105ce K&amp;F Concept SKU.1898 + wymienne akcesoria - IRONSKY.PL Sklep z Dronami\" \/>\n<meta property=\"og:description\" content=\"Pi\u00f3ro czyszcz\u0105ce K&amp;F Concept SKU.1898 + wymienne akcesoria - \u2705 sklep z dronami i fachowym doradztwem. \u2705 Tutaj kupisz produkty DJI, Yuneec, Parrot, Syma i wiele innych, a tak\u017ce kursy i licencje na operatora drona.\" \/>\n<meta property=\"og:url\" content=\"https:\/\/ironsky.pl\/sklep\/produkt\/pioro-czyszczace-kf-concept-sku-1898-wymienne-akcesoria\/\" \/>\n<meta property=\"og:site_name\" content=\"IRONSKY.PL Sklep z Dronami\" \/>\n<meta property=\"article:modified_time\" content=\"2026-03-05T14:54:43+00:00\" \/>\n<meta property=\"og:image\" content=\"https:\/\/ironsky.pl\/sklep\/wp-content\/uploads\/2025\/02\/45248_1.jpg\" \/>\n\t<meta property=\"og:image:width\" content=\"800\" \/>\n\t<meta property=\"og:image:height\" content=\"800\" \/>\n\t<meta property=\"og:image:type\" content=\"image\/jpeg\" \/>\n<meta name=\"twitter:card\" content=\"summary_large_image\" \/>\n<meta name=\"twitter:label1\" content=\"Szacowany czas czytania\" \/>\n\t<meta name=\"twitter:data1\" content=\"1 minuta\" \/>\n<script type=\"application\/ld+json\" class=\"yoast-schema-graph\">{\"@context\":\"https:\/\/schema.org\",\"@graph\":[{\"@type\":\"WebPage\",\"@id\":\"https:\/\/ironsky.pl\/sklep\/produkt\/pioro-czyszczace-kf-concept-sku-1898-wymienne-akcesoria\/\",\"url\":\"https:\/\/ironsky.pl\/sklep\/produkt\/pioro-czyszczace-kf-concept-sku-1898-wymienne-akcesoria\/\",\"name\":\"Pi\u00f3ro czyszcz\u0105ce K&F Concept SKU.1898 + wymienne akcesoria - IRONSKY.PL Sklep z Dronami\",\"isPartOf\":{\"@id\":\"https:\/\/ironsky.pl\/sklep\/#website\"},\"primaryImageOfPage\":{\"@id\":\"https:\/\/ironsky.pl\/sklep\/produkt\/pioro-czyszczace-kf-concept-sku-1898-wymienne-akcesoria\/#primaryimage\"},\"image\":{\"@id\":\"https:\/\/ironsky.pl\/sklep\/produkt\/pioro-czyszczace-kf-concept-sku-1898-wymienne-akcesoria\/#primaryimage\"},\"thumbnailUrl\":\"https:\/\/ironsky.pl\/sklep\/wp-content\/uploads\/2025\/02\/45248_1.jpg\",\"datePublished\":\"2025-02-13T16:01:45+00:00\",\"dateModified\":\"2026-03-05T14:54:43+00:00\",\"description\":\"Pi\u00f3ro czyszcz\u0105ce K&F Concept SKU.1898 + wymienne akcesoria - \u2705 sklep z dronami i fachowym doradztwem. \u2705 Tutaj kupisz produkty DJI, Yuneec, Parrot, Syma i wiele innych, a tak\u017ce kursy i licencje na operatora drona.\",\"breadcrumb\":{\"@id\":\"https:\/\/ironsky.pl\/sklep\/produkt\/pioro-czyszczace-kf-concept-sku-1898-wymienne-akcesoria\/#breadcrumb\"},\"inLanguage\":\"pl-PL\",\"potentialAction\":[{\"@type\":\"ReadAction\",\"target\":[\"https:\/\/ironsky.pl\/sklep\/produkt\/pioro-czyszczace-kf-concept-sku-1898-wymienne-akcesoria\/\"]}]},{\"@type\":\"ImageObject\",\"inLanguage\":\"pl-PL\",\"@id\":\"https:\/\/ironsky.pl\/sklep\/produkt\/pioro-czyszczace-kf-concept-sku-1898-wymienne-akcesoria\/#primaryimage\",\"url\":\"https:\/\/ironsky.pl\/sklep\/wp-content\/uploads\/2025\/02\/45248_1.jpg\",\"contentUrl\":\"https:\/\/ironsky.pl\/sklep\/wp-content\/uploads\/2025\/02\/45248_1.jpg\",\"width\":800,\"height\":800},{\"@type\":\"BreadcrumbList\",\"@id\":\"https:\/\/ironsky.pl\/sklep\/produkt\/pioro-czyszczace-kf-concept-sku-1898-wymienne-akcesoria\/#breadcrumb\",\"itemListElement\":[{\"@type\":\"ListItem\",\"position\":1,\"name\":\"Strona g\u0142\u00f3wna\",\"item\":\"https:\/\/ironsky.pl\/sklep\/\"},{\"@type\":\"ListItem\",\"position\":2,\"name\":\"Wszystkie produkty\",\"item\":\"https:\/\/ironsky.pl\/sklep\/produkty\/\"},{\"@type\":\"ListItem\",\"position\":3,\"name\":\"Pi\u00f3ro czyszcz\u0105ce K&#038;F Concept SKU.1898 + wymienne akcesoria\"}]},{\"@type\":\"WebSite\",\"@id\":\"https:\/\/ironsky.pl\/sklep\/#website\",\"url\":\"https:\/\/ironsky.pl\/sklep\/\",\"name\":\"IRONSKY.PL Sklep z Dronami\",\"description\":\"IRONSKY.PL Sklep z Dronami\",\"potentialAction\":[{\"@type\":\"SearchAction\",\"target\":{\"@type\":\"EntryPoint\",\"urlTemplate\":\"https:\/\/ironsky.pl\/sklep\/?s={search_term_string}\"},\"query-input\":{\"@type\":\"PropertyValueSpecification\",\"valueRequired\":true,\"valueName\":\"search_term_string\"}}],\"inLanguage\":\"pl-PL\"}]}<\/script>\n<!-- \/ Yoast SEO plugin. -->","yoast_head_json":{"title":"Pi\u00f3ro czyszcz\u0105ce K&F Concept SKU.1898 + wymienne akcesoria - IRONSKY.PL Sklep z Dronami","description":"Pi\u00f3ro czyszcz\u0105ce K&F Concept SKU.1898 + wymienne akcesoria - \u2705 sklep z dronami i fachowym doradztwem. \u2705 Tutaj kupisz produkty DJI, Yuneec, Parrot, Syma i wiele innych, a tak\u017ce kursy i licencje na operatora drona.","robots":{"index":"index","follow":"follow","max-snippet":"max-snippet:-1","max-image-preview":"max-image-preview:large","max-video-preview":"max-video-preview:-1"},"canonical":"https:\/\/ironsky.pl\/sklep\/produkt\/pioro-czyszczace-kf-concept-sku-1898-wymienne-akcesoria\/","og_locale":"pl_PL","og_type":"article","og_title":"Pi\u00f3ro czyszcz\u0105ce K&F Concept SKU.1898 + wymienne akcesoria - IRONSKY.PL Sklep z Dronami","og_description":"Pi\u00f3ro czyszcz\u0105ce K&F Concept SKU.1898 + wymienne akcesoria - \u2705 sklep z dronami i fachowym doradztwem. \u2705 Tutaj kupisz produkty DJI, Yuneec, Parrot, Syma i wiele innych, a tak\u017ce kursy i licencje na operatora drona.","og_url":"https:\/\/ironsky.pl\/sklep\/produkt\/pioro-czyszczace-kf-concept-sku-1898-wymienne-akcesoria\/","og_site_name":"IRONSKY.PL Sklep z Dronami","article_modified_time":"2026-03-05T14:54:43+00:00","og_image":[{"width":800,"height":800,"url":"https:\/\/ironsky.pl\/sklep\/wp-content\/uploads\/2025\/02\/45248_1.jpg","type":"image\/jpeg"}],"twitter_card":"summary_large_image","twitter_misc":{"Szacowany czas czytania":"1 minuta"},"schema":{"@context":"https:\/\/schema.org","@graph":[{"@type":"WebPage","@id":"https:\/\/ironsky.pl\/sklep\/produkt\/pioro-czyszczace-kf-concept-sku-1898-wymienne-akcesoria\/","url":"https:\/\/ironsky.pl\/sklep\/produkt\/pioro-czyszczace-kf-concept-sku-1898-wymienne-akcesoria\/","name":"Pi\u00f3ro czyszcz\u0105ce K&F Concept SKU.1898 + wymienne akcesoria - IRONSKY.PL Sklep z Dronami","isPartOf":{"@id":"https:\/\/ironsky.pl\/sklep\/#website"},"primaryImageOfPage":{"@id":"https:\/\/ironsky.pl\/sklep\/produkt\/pioro-czyszczace-kf-concept-sku-1898-wymienne-akcesoria\/#primaryimage"},"image":{"@id":"https:\/\/ironsky.pl\/sklep\/produkt\/pioro-czyszczace-kf-concept-sku-1898-wymienne-akcesoria\/#primaryimage"},"thumbnailUrl":"https:\/\/ironsky.pl\/sklep\/wp-content\/uploads\/2025\/02\/45248_1.jpg","datePublished":"2025-02-13T16:01:45+00:00","dateModified":"2026-03-05T14:54:43+00:00","description":"Pi\u00f3ro czyszcz\u0105ce K&F Concept SKU.1898 + wymienne akcesoria - \u2705 sklep z dronami i fachowym doradztwem. \u2705 Tutaj kupisz produkty DJI, Yuneec, Parrot, Syma i wiele innych, a tak\u017ce kursy i licencje na operatora drona.","breadcrumb":{"@id":"https:\/\/ironsky.pl\/sklep\/produkt\/pioro-czyszczace-kf-concept-sku-1898-wymienne-akcesoria\/#breadcrumb"},"inLanguage":"pl-PL","potentialAction":[{"@type":"ReadAction","target":["https:\/\/ironsky.pl\/sklep\/produkt\/pioro-czyszczace-kf-concept-sku-1898-wymienne-akcesoria\/"]}]},{"@type":"ImageObject","inLanguage":"pl-PL","@id":"https:\/\/ironsky.pl\/sklep\/produkt\/pioro-czyszczace-kf-concept-sku-1898-wymienne-akcesoria\/#primaryimage","url":"https:\/\/ironsky.pl\/sklep\/wp-content\/uploads\/2025\/02\/45248_1.jpg","contentUrl":"https:\/\/ironsky.pl\/sklep\/wp-content\/uploads\/2025\/02\/45248_1.jpg","width":800,"height":800},{"@type":"BreadcrumbList","@id":"https:\/\/ironsky.pl\/sklep\/produkt\/pioro-czyszczace-kf-concept-sku-1898-wymienne-akcesoria\/#breadcrumb","itemListElement":[{"@type":"ListItem","position":1,"name":"Strona g\u0142\u00f3wna","item":"https:\/\/ironsky.pl\/sklep\/"},{"@type":"ListItem","position":2,"name":"Wszystkie produkty","item":"https:\/\/ironsky.pl\/sklep\/produkty\/"},{"@type":"ListItem","position":3,"name":"Pi\u00f3ro czyszcz\u0105ce K&#038;F Concept SKU.1898 + wymienne akcesoria"}]},{"@type":"WebSite","@id":"https:\/\/ironsky.pl\/sklep\/#website","url":"https:\/\/ironsky.pl\/sklep\/","name":"IRONSKY.PL Sklep z Dronami","description":"IRONSKY.PL Sklep z Dronami","potentialAction":[{"@type":"SearchAction","target":{"@type":"EntryPoint","urlTemplate":"https:\/\/ironsky.pl\/sklep\/?s={search_term_string}"},"query-input":{"@type":"PropertyValueSpecification","valueRequired":true,"valueName":"search_term_string"}}],"inLanguage":"pl-PL"}]}},"_links":{"self":[{"href":"https:\/\/ironsky.pl\/sklep\/wp-json\/wp\/v2\/product\/37002","targetHints":{"allow":["GET"]}}],"collection":[{"href":"https:\/\/ironsky.pl\/sklep\/wp-json\/wp\/v2\/product"}],"about":[{"href":"https:\/\/ironsky.pl\/sklep\/wp-json\/wp\/v2\/types\/product"}],"replies":[{"embeddable":true,"href":"https:\/\/ironsky.pl\/sklep\/wp-json\/wp\/v2\/comments?post=37002"}],"wp:featuredmedia":[{"embeddable":true,"href":"https:\/\/ironsky.pl\/sklep\/wp-json\/wp\/v2\/media\/37003"}],"wp:attachment":[{"href":"https:\/\/ironsky.pl\/sklep\/wp-json\/wp\/v2\/media?parent=37002"}],"wp:term":[{"taxonomy":"product_brand","embeddable":true,"href":"https:\/\/ironsky.pl\/sklep\/wp-json\/wp\/v2\/product_brand?post=37002"},{"taxonomy":"product_cat","embeddable":true,"href":"https:\/\/ironsky.pl\/sklep\/wp-json\/wp\/v2\/product_cat?post=37002"},{"taxonomy":"product_tag","embeddable":true,"href":"https:\/\/ironsky.pl\/sklep\/wp-json\/wp\/v2\/product_tag?post=37002"}],"curies":[{"name":"wp","href":"https:\/\/api.w.org\/{rel}","templated":true}]}}