{"id":36998,"date":"2025-02-13T17:01:45","date_gmt":"2025-02-13T16:01:45","guid":{"rendered":"https:\/\/ironsky.pl\/drony-sklep\/produkt\/pioro-czyszczace-kf-concept-sku-2061\/"},"modified":"2026-03-05T15:54:43","modified_gmt":"2026-03-05T14:54:43","slug":"pioro-czyszczace-kf-concept-sku-2061","status":"publish","type":"product","link":"https:\/\/ironsky.pl\/sklep\/produkt\/pioro-czyszczace-kf-concept-sku-2061\/","title":{"rendered":"Pi\u00f3ro czyszcz\u0105ce K&#038;F Concept SKU.2061"},"content":{"rendered":"<h3>Pi\u00f3ro czyszcz\u0105ce K&amp;F Concept SKU.2061<\/h3>\n<p>Pi\u00f3ro czyszcz\u0105ce K&amp;F Concept SKU.2061 to narz\u0119dzie, kt\u00f3re \u0142\u0105czy w sobie nowoczesny design i funkcjonalno\u015b\u0107, aby zapewni\u0107 skuteczne czyszczenie sprz\u0119tu fotograficznego. Wykonane z wysokiej jako\u015bci stopu aluminium \u2013 wyr\u00f3\u017cnia si\u0119 ergonomiczn\u0105 konstrukcj\u0105 z rowkiem dopasowanym do kciuka, co zapewnia wygodny chwyt podczas u\u017cytkowania. Ma r\u00f3wnie\u017c dwie ko\u0144c\u00f3wki \u2013 mi\u0119kk\u0105 szczotk\u0119 i sztyft karbonowy. Dzi\u0119ki temu czyszczenie staje si\u0119 \u0142atwiejsze i bardziej precyzyjne!<\/p>\n<p>\n<img decoding=\"async\" src=\"https:\/\/assets.innpro.pl\/8232\/9632\/6.jpg\" border=\"0\" \/>\n<\/p>\n<h3>Mi\u0119kka i delikatna szczotka<\/h3>\n<p>Pi\u00f3ro wyposa\u017cone jest w mi\u0119kk\u0105 i delikatn\u0105 szczotk\u0119, kt\u00f3ra nie uszkadza pow\u0142ok ochronnych obiektyw\u00f3w. Idealnie nadaje si\u0119 do usuwania kurzu z powierzchni soczewek oraz z trudno dost\u0119pnych szczelin w aparacie. Skutecznie usuwa wszelkie zanieczyszczenia, zapewniaj\u0105c Twoim sprz\u0119tom nieskaziteln\u0105 czysto\u015b\u0107 bez ryzyka zarysowa\u0144.<\/p>\n<p>\n<img decoding=\"async\" src=\"https:\/\/assets.innpro.pl\/8232\/9632\/3.jpg\" border=\"0\" \/>\n<\/p>\n<h3>Skuteczne usuwanie uporczywego brudu<\/h3>\n<p>Produkt ma r\u00f3wnie\u017c ko\u0144c\u00f3wk\u0119 karbonow\u0105 pokryt\u0105 zamszem, kt\u00f3ra jest przeznaczona do usuwania najbardziej uporczywych zabrudze\u0144. Umo\u017cliwia dok\u0142adne i skuteczne czyszczenie, docieraj\u0105c do miejsc, kt\u00f3re s\u0105 trudne do wyczyszczenia innymi metodami. Dzi\u0119ki temu Tw\u00f3j sprz\u0119t fotograficzny b\u0119dzie zawsze w nienagannym stanie!<\/p>\n<p>\n<img decoding=\"async\" src=\"https:\/\/assets.innpro.pl\/8232\/9632\/4.jpg\" border=\"0\" \/>\n<\/p>\n<h3>Sprawdzi si\u0119 podczas podr\u00f3\u017cy<\/h3>\n<p>Specjalny mechanizm chowania szczotki skutecznie chroni j\u0105 przed uszkodzeniem, a Tobie daje pewno\u015b\u0107, \u017ce zawsze b\u0119dzie gotowa do u\u017cycia. To idealne rozwi\u0105zanie dla os\u00f3b, kt\u00f3re cz\u0119sto podr\u00f3\u017cuj\u0105 \u2013 pozwoli na bezpieczny transport pi\u00f3ra bez obaw o deformacj\u0119 jego element\u00f3w.<\/p>\n<p>\n<img decoding=\"async\" src=\"https:\/\/assets.innpro.pl\/8232\/9632\/5.jpg\" border=\"0\" \/>\n<\/p>\n<h3>Wiele zastosowa\u0144<\/h3>\n<p>Dzi\u0119ki dw\u00f3m dost\u0119pnym ko\u0144c\u00f3wkom pi\u00f3ro fantastycznie sprawdza si\u0119 w r\u00f3\u017cnych zastosowaniach. Za jego pomoc\u0105 mo\u017cesz skutecznie czy\u015bci\u0107 nie tylko obiektywy, ale te\u017c na przyk\u0142ad s\u0142uchawki i ekrany urz\u0105dze\u0144 takich jak smartfony i tablety.<\/p>\n<p>\n<img decoding=\"async\" src=\"https:\/\/assets.innpro.pl\/8232\/9632\/7.jpg\" border=\"0\" \/>\n<\/p>\n<div class=\"table-wrapper\">\n<p>\u00a0<\/p>\n<h3><\/h3>\n<table>\n<tbody>\n<tr>\n<th>Producent<\/th>\n<td>K&amp;F Concept<\/td>\n<\/tr>\n<tr>\n<th>Model<\/th>\n<td>SKU.2061<\/td>\n<\/tr>\n<tr>\n<th>Materia\u0142<\/th>\n<td>Stop aluminium<\/td>\n<\/tr>\n<\/tbody>\n<\/table>\n<\/div>\n","protected":false},"excerpt":{"rendered":"<p>Pi\u00f3ro czyszcz\u0105ce K&amp;F Concept SKU.2061 Pi\u00f3ro czyszcz\u0105ce K&amp;F Concept SKU.2061 to narz\u0119dzie, kt\u00f3re \u0142\u0105czy w sobie nowoczesny design i funkcjonalno\u015b\u0107,<\/p>\n","protected":false},"featured_media":36999,"comment_status":"closed","ping_status":"open","template":"","meta":{"_acf_changed":false},"product_brand":[],"product_cat":[1130,1128,1150],"product_tag":[],"class_list":{"0":"post-36998","1":"product","2":"type-product","3":"status-publish","4":"has-post-thumbnail","6":"product_cat-akcesoria-foto","7":"product_cat-foto-wideo","8":"product_cat-pozostale","9":"pa_okres-gwarancji-5754","10":"pa_producent-kf-concept","12":"first","13":"outofstock","14":"taxable","15":"shipping-taxable","16":"purchasable","17":"product-type-simple"},"acf":[],"yoast_head":"<!-- This site is optimized with the Yoast SEO plugin v27.2 - https:\/\/yoast.com\/product\/yoast-seo-wordpress\/ -->\n<title>Pi\u00f3ro czyszcz\u0105ce K&amp;F Concept SKU.2061 - IRONSKY.PL Sklep z Dronami<\/title>\n<meta name=\"description\" content=\"Pi\u00f3ro czyszcz\u0105ce K&amp;F Concept SKU.2061 - \u2705 sklep z dronami i fachowym doradztwem. \u2705 Tutaj kupisz produkty DJI, Yuneec, Parrot, Syma i wiele innych, a tak\u017ce kursy i licencje na operatora drona.\" \/>\n<meta name=\"robots\" content=\"index, follow, max-snippet:-1, max-image-preview:large, max-video-preview:-1\" \/>\n<link rel=\"canonical\" href=\"https:\/\/ironsky.pl\/sklep\/produkt\/pioro-czyszczace-kf-concept-sku-2061\/\" \/>\n<meta property=\"og:locale\" content=\"pl_PL\" \/>\n<meta property=\"og:type\" content=\"article\" \/>\n<meta property=\"og:title\" content=\"Pi\u00f3ro czyszcz\u0105ce K&amp;F Concept SKU.2061 - IRONSKY.PL Sklep z Dronami\" \/>\n<meta property=\"og:description\" content=\"Pi\u00f3ro czyszcz\u0105ce K&amp;F Concept SKU.2061 - \u2705 sklep z dronami i fachowym doradztwem. \u2705 Tutaj kupisz produkty DJI, Yuneec, Parrot, Syma i wiele innych, a tak\u017ce kursy i licencje na operatora drona.\" \/>\n<meta property=\"og:url\" content=\"https:\/\/ironsky.pl\/sklep\/produkt\/pioro-czyszczace-kf-concept-sku-2061\/\" \/>\n<meta property=\"og:site_name\" content=\"IRONSKY.PL Sklep z Dronami\" \/>\n<meta property=\"article:modified_time\" content=\"2026-03-05T14:54:43+00:00\" \/>\n<meta property=\"og:image\" content=\"https:\/\/ironsky.pl\/sklep\/wp-content\/uploads\/2025\/02\/45246_1.jpg\" \/>\n\t<meta property=\"og:image:width\" content=\"800\" \/>\n\t<meta property=\"og:image:height\" content=\"800\" \/>\n\t<meta property=\"og:image:type\" content=\"image\/jpeg\" \/>\n<meta name=\"twitter:card\" content=\"summary_large_image\" \/>\n<meta name=\"twitter:label1\" content=\"Szacowany czas czytania\" \/>\n\t<meta name=\"twitter:data1\" content=\"2 minuty\" \/>\n<script type=\"application\/ld+json\" class=\"yoast-schema-graph\">{\"@context\":\"https:\/\/schema.org\",\"@graph\":[{\"@type\":\"WebPage\",\"@id\":\"https:\/\/ironsky.pl\/sklep\/produkt\/pioro-czyszczace-kf-concept-sku-2061\/\",\"url\":\"https:\/\/ironsky.pl\/sklep\/produkt\/pioro-czyszczace-kf-concept-sku-2061\/\",\"name\":\"Pi\u00f3ro czyszcz\u0105ce K&F Concept SKU.2061 - IRONSKY.PL Sklep z Dronami\",\"isPartOf\":{\"@id\":\"https:\/\/ironsky.pl\/sklep\/#website\"},\"primaryImageOfPage\":{\"@id\":\"https:\/\/ironsky.pl\/sklep\/produkt\/pioro-czyszczace-kf-concept-sku-2061\/#primaryimage\"},\"image\":{\"@id\":\"https:\/\/ironsky.pl\/sklep\/produkt\/pioro-czyszczace-kf-concept-sku-2061\/#primaryimage\"},\"thumbnailUrl\":\"https:\/\/ironsky.pl\/sklep\/wp-content\/uploads\/2025\/02\/45246_1.jpg\",\"datePublished\":\"2025-02-13T16:01:45+00:00\",\"dateModified\":\"2026-03-05T14:54:43+00:00\",\"description\":\"Pi\u00f3ro czyszcz\u0105ce K&F Concept SKU.2061 - \u2705 sklep z dronami i fachowym doradztwem. \u2705 Tutaj kupisz produkty DJI, Yuneec, Parrot, Syma i wiele innych, a tak\u017ce kursy i licencje na operatora drona.\",\"breadcrumb\":{\"@id\":\"https:\/\/ironsky.pl\/sklep\/produkt\/pioro-czyszczace-kf-concept-sku-2061\/#breadcrumb\"},\"inLanguage\":\"pl-PL\",\"potentialAction\":[{\"@type\":\"ReadAction\",\"target\":[\"https:\/\/ironsky.pl\/sklep\/produkt\/pioro-czyszczace-kf-concept-sku-2061\/\"]}]},{\"@type\":\"ImageObject\",\"inLanguage\":\"pl-PL\",\"@id\":\"https:\/\/ironsky.pl\/sklep\/produkt\/pioro-czyszczace-kf-concept-sku-2061\/#primaryimage\",\"url\":\"https:\/\/ironsky.pl\/sklep\/wp-content\/uploads\/2025\/02\/45246_1.jpg\",\"contentUrl\":\"https:\/\/ironsky.pl\/sklep\/wp-content\/uploads\/2025\/02\/45246_1.jpg\",\"width\":800,\"height\":800},{\"@type\":\"BreadcrumbList\",\"@id\":\"https:\/\/ironsky.pl\/sklep\/produkt\/pioro-czyszczace-kf-concept-sku-2061\/#breadcrumb\",\"itemListElement\":[{\"@type\":\"ListItem\",\"position\":1,\"name\":\"Strona g\u0142\u00f3wna\",\"item\":\"https:\/\/ironsky.pl\/sklep\/\"},{\"@type\":\"ListItem\",\"position\":2,\"name\":\"Wszystkie produkty\",\"item\":\"https:\/\/ironsky.pl\/sklep\/produkty\/\"},{\"@type\":\"ListItem\",\"position\":3,\"name\":\"Pi\u00f3ro czyszcz\u0105ce K&#038;F Concept SKU.2061\"}]},{\"@type\":\"WebSite\",\"@id\":\"https:\/\/ironsky.pl\/sklep\/#website\",\"url\":\"https:\/\/ironsky.pl\/sklep\/\",\"name\":\"IRONSKY.PL Sklep z Dronami\",\"description\":\"IRONSKY.PL Sklep z Dronami\",\"potentialAction\":[{\"@type\":\"SearchAction\",\"target\":{\"@type\":\"EntryPoint\",\"urlTemplate\":\"https:\/\/ironsky.pl\/sklep\/?s={search_term_string}\"},\"query-input\":{\"@type\":\"PropertyValueSpecification\",\"valueRequired\":true,\"valueName\":\"search_term_string\"}}],\"inLanguage\":\"pl-PL\"}]}<\/script>\n<!-- \/ Yoast SEO plugin. -->","yoast_head_json":{"title":"Pi\u00f3ro czyszcz\u0105ce K&F Concept SKU.2061 - IRONSKY.PL Sklep z Dronami","description":"Pi\u00f3ro czyszcz\u0105ce K&F Concept SKU.2061 - \u2705 sklep z dronami i fachowym doradztwem. \u2705 Tutaj kupisz produkty DJI, Yuneec, Parrot, Syma i wiele innych, a tak\u017ce kursy i licencje na operatora drona.","robots":{"index":"index","follow":"follow","max-snippet":"max-snippet:-1","max-image-preview":"max-image-preview:large","max-video-preview":"max-video-preview:-1"},"canonical":"https:\/\/ironsky.pl\/sklep\/produkt\/pioro-czyszczace-kf-concept-sku-2061\/","og_locale":"pl_PL","og_type":"article","og_title":"Pi\u00f3ro czyszcz\u0105ce K&F Concept SKU.2061 - IRONSKY.PL Sklep z Dronami","og_description":"Pi\u00f3ro czyszcz\u0105ce K&F Concept SKU.2061 - \u2705 sklep z dronami i fachowym doradztwem. \u2705 Tutaj kupisz produkty DJI, Yuneec, Parrot, Syma i wiele innych, a tak\u017ce kursy i licencje na operatora drona.","og_url":"https:\/\/ironsky.pl\/sklep\/produkt\/pioro-czyszczace-kf-concept-sku-2061\/","og_site_name":"IRONSKY.PL Sklep z Dronami","article_modified_time":"2026-03-05T14:54:43+00:00","og_image":[{"width":800,"height":800,"url":"https:\/\/ironsky.pl\/sklep\/wp-content\/uploads\/2025\/02\/45246_1.jpg","type":"image\/jpeg"}],"twitter_card":"summary_large_image","twitter_misc":{"Szacowany czas czytania":"2 minuty"},"schema":{"@context":"https:\/\/schema.org","@graph":[{"@type":"WebPage","@id":"https:\/\/ironsky.pl\/sklep\/produkt\/pioro-czyszczace-kf-concept-sku-2061\/","url":"https:\/\/ironsky.pl\/sklep\/produkt\/pioro-czyszczace-kf-concept-sku-2061\/","name":"Pi\u00f3ro czyszcz\u0105ce K&F Concept SKU.2061 - IRONSKY.PL Sklep z Dronami","isPartOf":{"@id":"https:\/\/ironsky.pl\/sklep\/#website"},"primaryImageOfPage":{"@id":"https:\/\/ironsky.pl\/sklep\/produkt\/pioro-czyszczace-kf-concept-sku-2061\/#primaryimage"},"image":{"@id":"https:\/\/ironsky.pl\/sklep\/produkt\/pioro-czyszczace-kf-concept-sku-2061\/#primaryimage"},"thumbnailUrl":"https:\/\/ironsky.pl\/sklep\/wp-content\/uploads\/2025\/02\/45246_1.jpg","datePublished":"2025-02-13T16:01:45+00:00","dateModified":"2026-03-05T14:54:43+00:00","description":"Pi\u00f3ro czyszcz\u0105ce K&F Concept SKU.2061 - \u2705 sklep z dronami i fachowym doradztwem. \u2705 Tutaj kupisz produkty DJI, Yuneec, Parrot, Syma i wiele innych, a tak\u017ce kursy i licencje na operatora drona.","breadcrumb":{"@id":"https:\/\/ironsky.pl\/sklep\/produkt\/pioro-czyszczace-kf-concept-sku-2061\/#breadcrumb"},"inLanguage":"pl-PL","potentialAction":[{"@type":"ReadAction","target":["https:\/\/ironsky.pl\/sklep\/produkt\/pioro-czyszczace-kf-concept-sku-2061\/"]}]},{"@type":"ImageObject","inLanguage":"pl-PL","@id":"https:\/\/ironsky.pl\/sklep\/produkt\/pioro-czyszczace-kf-concept-sku-2061\/#primaryimage","url":"https:\/\/ironsky.pl\/sklep\/wp-content\/uploads\/2025\/02\/45246_1.jpg","contentUrl":"https:\/\/ironsky.pl\/sklep\/wp-content\/uploads\/2025\/02\/45246_1.jpg","width":800,"height":800},{"@type":"BreadcrumbList","@id":"https:\/\/ironsky.pl\/sklep\/produkt\/pioro-czyszczace-kf-concept-sku-2061\/#breadcrumb","itemListElement":[{"@type":"ListItem","position":1,"name":"Strona g\u0142\u00f3wna","item":"https:\/\/ironsky.pl\/sklep\/"},{"@type":"ListItem","position":2,"name":"Wszystkie produkty","item":"https:\/\/ironsky.pl\/sklep\/produkty\/"},{"@type":"ListItem","position":3,"name":"Pi\u00f3ro czyszcz\u0105ce K&#038;F Concept SKU.2061"}]},{"@type":"WebSite","@id":"https:\/\/ironsky.pl\/sklep\/#website","url":"https:\/\/ironsky.pl\/sklep\/","name":"IRONSKY.PL Sklep z Dronami","description":"IRONSKY.PL Sklep z Dronami","potentialAction":[{"@type":"SearchAction","target":{"@type":"EntryPoint","urlTemplate":"https:\/\/ironsky.pl\/sklep\/?s={search_term_string}"},"query-input":{"@type":"PropertyValueSpecification","valueRequired":true,"valueName":"search_term_string"}}],"inLanguage":"pl-PL"}]}},"_links":{"self":[{"href":"https:\/\/ironsky.pl\/sklep\/wp-json\/wp\/v2\/product\/36998","targetHints":{"allow":["GET"]}}],"collection":[{"href":"https:\/\/ironsky.pl\/sklep\/wp-json\/wp\/v2\/product"}],"about":[{"href":"https:\/\/ironsky.pl\/sklep\/wp-json\/wp\/v2\/types\/product"}],"replies":[{"embeddable":true,"href":"https:\/\/ironsky.pl\/sklep\/wp-json\/wp\/v2\/comments?post=36998"}],"wp:featuredmedia":[{"embeddable":true,"href":"https:\/\/ironsky.pl\/sklep\/wp-json\/wp\/v2\/media\/36999"}],"wp:attachment":[{"href":"https:\/\/ironsky.pl\/sklep\/wp-json\/wp\/v2\/media?parent=36998"}],"wp:term":[{"taxonomy":"product_brand","embeddable":true,"href":"https:\/\/ironsky.pl\/sklep\/wp-json\/wp\/v2\/product_brand?post=36998"},{"taxonomy":"product_cat","embeddable":true,"href":"https:\/\/ironsky.pl\/sklep\/wp-json\/wp\/v2\/product_cat?post=36998"},{"taxonomy":"product_tag","embeddable":true,"href":"https:\/\/ironsky.pl\/sklep\/wp-json\/wp\/v2\/product_tag?post=36998"}],"curies":[{"name":"wp","href":"https:\/\/api.w.org\/{rel}","templated":true}]}}