{"id":36992,"date":"2025-02-13T17:01:45","date_gmt":"2025-02-13T16:01:45","guid":{"rendered":"https:\/\/ironsky.pl\/drony-sklep\/produkt\/pioro-czyszczace-kf-concept-sku-1975-wymienne-akcesoria\/"},"modified":"2026-03-05T15:54:43","modified_gmt":"2026-03-05T14:54:43","slug":"pioro-czyszczace-kf-concept-sku-1975-wymienne-akcesoria","status":"publish","type":"product","link":"https:\/\/ironsky.pl\/sklep\/produkt\/pioro-czyszczace-kf-concept-sku-1975-wymienne-akcesoria\/","title":{"rendered":"Pi\u00f3ro czyszcz\u0105ce K&#038;F Concept SKU.1975 + wymienne akcesoria"},"content":{"rendered":"<h3>Pi\u00f3ro czyszcz\u0105ce K&amp;F Concept SKU.1975 + wymienne akcesoria<\/h3>\n<p>Wielofunkcyjne pi\u00f3ro czyszcz\u0105ce marki K&amp;F Concept to niezast\u0105pione narz\u0119dzie dla ka\u017cdego fotografa i filmowca. Dzi\u0119ki szerokiej gamie wymiennych ko\u0144c\u00f3wek precyzyjnie usuwa kurz i brud z trudno dost\u0119pnych miejsc, zapewniaj\u0105c doskona\u0142\u0105 czysto\u015b\u0107 Twojego sprz\u0119tu. Co wi\u0119cej, wysokiej jako\u015bci materia\u0142y i ergonomiczny design sprawiaj\u0105, \u017ce jego u\u017cytkowanie jest wyj\u0105tkowo wygodne i efektywne.<\/p>\n<p>\n<img decoding=\"async\" src=\"https:\/\/assets.innpro.pl\/8235\/9635\/6.jpg\" border=\"0\" \/>\n<\/p>\n<h3>Delikatna szczotka<\/h3>\n<p>Pi\u00f3ro wyposa\u017cone jest w mi\u0119kk\u0105 i delikatn\u0105 szczotk\u0119, kt\u00f3ra nie rysuje pow\u0142ok ochronnych obiektyw\u00f3w. Dzi\u0119ki temu mo\u017cesz bez obaw czy\u015bci\u0107 swoje soczewki, zachowuj\u0105c ich doskona\u0142\u0105 jako\u015b\u0107. Teraz z \u0142atwo\u015bci\u0105 usuniesz kurz z najmniejszych szczelin i utrzymasz sw\u00f3j sprz\u0119t w idealnym stanie!<\/p>\n<p>\n<img decoding=\"async\" src=\"https:\/\/assets.innpro.pl\/8235\/9635\/2.jpg\" border=\"0\" \/>\n<\/p>\n<h3>Wymienne akcesoria do r\u00f3\u017cnych zada\u0144<\/h3>\n<p>Zestaw zawiera kilka wymiennych ko\u0144c\u00f3wek, w tym trzy flokowane g\u0105bki, trzy \u0142opatki do czyszczenia oraz sze\u015b\u0107 sztyft\u00f3w o szeroko\u015bci 16 mm przeznaczonych do sensor\u00f3w APS-C. Mo\u017cesz wi\u0119c dostosowa\u0107 pi\u00f3ro do r\u00f3\u017cnych zada\u0144, od delikatnego czyszczenia po usuwanie uporczywego brudu. \u0141atwa wymiana akcesori\u00f3w sprawia, \u017ce produkt jest zawsze gotowy do dzia\u0142ania!<\/p>\n<p>\n<img decoding=\"async\" src=\"https:\/\/assets.innpro.pl\/8235\/9635\/3.jpg\" border=\"0\" \/>\n<\/p>\n<h3>Ergonomiczna i trwa\u0142a konstrukcja<\/h3>\n<p>Pi\u00f3ro czyszcz\u0105ce K&amp;F Concept zosta\u0142o zaprojektowane z my\u015bl\u0105 o Twoim komforcie. Aluminiowa obudowa z ergonomicznym uchwytem idealnie le\u017cy w d\u0142oni, zapewniaj\u0105c wygod\u0119 nawet podczas d\u0142ugotrwa\u0142ego u\u017cytkowania. Ponadto rowek dopasowany do kciuka oraz lekka konstrukcja sprawiaj\u0105, \u017ce korzystanie z pi\u00f3ra jest niezwykle komfortowe.<\/p>\n<p>\n<img decoding=\"async\" src=\"https:\/\/assets.innpro.pl\/8235\/9635\/4.jpg\" border=\"0\" \/>\n<\/p>\n<h3>Wiele zastosowa\u0144<\/h3>\n<p>Dzi\u0119ki dost\u0119pnym ko\u0144c\u00f3wkom pi\u00f3ro K&amp;F Concept doskonale sprawdzi si\u0119 w r\u00f3\u017cnych zastosowaniach. Idealnie nadaje si\u0119 na przyk\u0142ad do czyszczenia s\u0142uchawek, obiektyw\u00f3w i ekran\u00f3w urz\u0105dze\u0144 takich jak smartfony czy tablety. Teraz wystarczy jeden zestaw, aby kompleksowo zadba\u0107 o \u015bwietny stan swojego sprz\u0119tu!<\/p>\n<p>\n<img decoding=\"async\" src=\"https:\/\/assets.innpro.pl\/8235\/9635\/5.jpg\" border=\"0\" \/>\n<\/p>\n<h3>W zestawie<\/h3>\n<ul class=\"list-disc pl-5\">\n<li>Pi\u00f3ro czyszcz\u0105ce<\/li>\n<li>3x flokowana g\u0105bka<\/li>\n<li>3x \u0142opatka do czyszczenia<\/li>\n<li>6x sztyft 16 mm do czyszczenia sensor\u00f3w APS-C<\/li>\n<\/ul>\n<div class=\"table-wrapper\">\n<p>\u00a0<\/p>\n<h3><\/h3>\n<table>\n<tbody>\n<tr>\n<th>Producent<\/th>\n<td>K&amp;F Concept<\/td>\n<\/tr>\n<tr>\n<th>Model<\/th>\n<td>SKU.1975<\/td>\n<\/tr>\n<\/tbody>\n<\/table>\n<\/div>\n","protected":false},"excerpt":{"rendered":"<p>Pi\u00f3ro czyszcz\u0105ce K&amp;F Concept SKU.1975 + wymienne akcesoria Wielofunkcyjne pi\u00f3ro czyszcz\u0105ce marki K&amp;F Concept to niezast\u0105pione narz\u0119dzie dla ka\u017cdego fotografa<\/p>\n","protected":false},"featured_media":36993,"comment_status":"closed","ping_status":"open","template":"","meta":{"_acf_changed":false},"product_brand":[],"product_cat":[1130,1128,1150],"product_tag":[],"class_list":{"0":"post-36992","1":"product","2":"type-product","3":"status-publish","4":"has-post-thumbnail","6":"product_cat-akcesoria-foto","7":"product_cat-foto-wideo","8":"product_cat-pozostale","9":"pa_okres-gwarancji-5754","10":"pa_producent-kf-concept","12":"first","13":"outofstock","14":"taxable","15":"shipping-taxable","16":"purchasable","17":"product-type-simple"},"acf":[],"yoast_head":"<!-- This site is optimized with the Yoast SEO plugin v27.2 - https:\/\/yoast.com\/product\/yoast-seo-wordpress\/ -->\n<title>Pi\u00f3ro czyszcz\u0105ce K&amp;F Concept SKU.1975 + wymienne akcesoria - IRONSKY.PL Sklep z Dronami<\/title>\n<meta name=\"description\" content=\"Pi\u00f3ro czyszcz\u0105ce K&amp;F Concept SKU.1975 + wymienne akcesoria - \u2705 sklep z dronami i fachowym doradztwem. \u2705 Tutaj kupisz produkty DJI, Yuneec, Parrot, Syma i wiele innych, a tak\u017ce kursy i licencje na operatora drona.\" \/>\n<meta name=\"robots\" content=\"index, follow, max-snippet:-1, max-image-preview:large, max-video-preview:-1\" \/>\n<link rel=\"canonical\" href=\"https:\/\/ironsky.pl\/sklep\/produkt\/pioro-czyszczace-kf-concept-sku-1975-wymienne-akcesoria\/\" \/>\n<meta property=\"og:locale\" content=\"pl_PL\" \/>\n<meta property=\"og:type\" content=\"article\" \/>\n<meta property=\"og:title\" content=\"Pi\u00f3ro czyszcz\u0105ce K&amp;F Concept SKU.1975 + wymienne akcesoria - IRONSKY.PL Sklep z Dronami\" \/>\n<meta property=\"og:description\" content=\"Pi\u00f3ro czyszcz\u0105ce K&amp;F Concept SKU.1975 + wymienne akcesoria - \u2705 sklep z dronami i fachowym doradztwem. \u2705 Tutaj kupisz produkty DJI, Yuneec, Parrot, Syma i wiele innych, a tak\u017ce kursy i licencje na operatora drona.\" \/>\n<meta property=\"og:url\" content=\"https:\/\/ironsky.pl\/sklep\/produkt\/pioro-czyszczace-kf-concept-sku-1975-wymienne-akcesoria\/\" \/>\n<meta property=\"og:site_name\" content=\"IRONSKY.PL Sklep z Dronami\" \/>\n<meta property=\"article:modified_time\" content=\"2026-03-05T14:54:43+00:00\" \/>\n<meta property=\"og:image\" content=\"https:\/\/ironsky.pl\/sklep\/wp-content\/uploads\/2025\/02\/45243_1.jpg\" \/>\n\t<meta property=\"og:image:width\" content=\"800\" \/>\n\t<meta property=\"og:image:height\" content=\"800\" \/>\n\t<meta property=\"og:image:type\" content=\"image\/jpeg\" \/>\n<meta name=\"twitter:card\" content=\"summary_large_image\" \/>\n<meta name=\"twitter:label1\" content=\"Szacowany czas czytania\" \/>\n\t<meta name=\"twitter:data1\" content=\"2 minuty\" \/>\n<script type=\"application\/ld+json\" class=\"yoast-schema-graph\">{\"@context\":\"https:\/\/schema.org\",\"@graph\":[{\"@type\":\"WebPage\",\"@id\":\"https:\/\/ironsky.pl\/sklep\/produkt\/pioro-czyszczace-kf-concept-sku-1975-wymienne-akcesoria\/\",\"url\":\"https:\/\/ironsky.pl\/sklep\/produkt\/pioro-czyszczace-kf-concept-sku-1975-wymienne-akcesoria\/\",\"name\":\"Pi\u00f3ro czyszcz\u0105ce K&F Concept SKU.1975 + wymienne akcesoria - IRONSKY.PL Sklep z Dronami\",\"isPartOf\":{\"@id\":\"https:\/\/ironsky.pl\/sklep\/#website\"},\"primaryImageOfPage\":{\"@id\":\"https:\/\/ironsky.pl\/sklep\/produkt\/pioro-czyszczace-kf-concept-sku-1975-wymienne-akcesoria\/#primaryimage\"},\"image\":{\"@id\":\"https:\/\/ironsky.pl\/sklep\/produkt\/pioro-czyszczace-kf-concept-sku-1975-wymienne-akcesoria\/#primaryimage\"},\"thumbnailUrl\":\"https:\/\/ironsky.pl\/sklep\/wp-content\/uploads\/2025\/02\/45243_1.jpg\",\"datePublished\":\"2025-02-13T16:01:45+00:00\",\"dateModified\":\"2026-03-05T14:54:43+00:00\",\"description\":\"Pi\u00f3ro czyszcz\u0105ce K&F Concept SKU.1975 + wymienne akcesoria - \u2705 sklep z dronami i fachowym doradztwem. \u2705 Tutaj kupisz produkty DJI, Yuneec, Parrot, Syma i wiele innych, a tak\u017ce kursy i licencje na operatora drona.\",\"breadcrumb\":{\"@id\":\"https:\/\/ironsky.pl\/sklep\/produkt\/pioro-czyszczace-kf-concept-sku-1975-wymienne-akcesoria\/#breadcrumb\"},\"inLanguage\":\"pl-PL\",\"potentialAction\":[{\"@type\":\"ReadAction\",\"target\":[\"https:\/\/ironsky.pl\/sklep\/produkt\/pioro-czyszczace-kf-concept-sku-1975-wymienne-akcesoria\/\"]}]},{\"@type\":\"ImageObject\",\"inLanguage\":\"pl-PL\",\"@id\":\"https:\/\/ironsky.pl\/sklep\/produkt\/pioro-czyszczace-kf-concept-sku-1975-wymienne-akcesoria\/#primaryimage\",\"url\":\"https:\/\/ironsky.pl\/sklep\/wp-content\/uploads\/2025\/02\/45243_1.jpg\",\"contentUrl\":\"https:\/\/ironsky.pl\/sklep\/wp-content\/uploads\/2025\/02\/45243_1.jpg\",\"width\":800,\"height\":800},{\"@type\":\"BreadcrumbList\",\"@id\":\"https:\/\/ironsky.pl\/sklep\/produkt\/pioro-czyszczace-kf-concept-sku-1975-wymienne-akcesoria\/#breadcrumb\",\"itemListElement\":[{\"@type\":\"ListItem\",\"position\":1,\"name\":\"Strona g\u0142\u00f3wna\",\"item\":\"https:\/\/ironsky.pl\/sklep\/\"},{\"@type\":\"ListItem\",\"position\":2,\"name\":\"Wszystkie produkty\",\"item\":\"https:\/\/ironsky.pl\/sklep\/produkty\/\"},{\"@type\":\"ListItem\",\"position\":3,\"name\":\"Pi\u00f3ro czyszcz\u0105ce K&#038;F Concept SKU.1975 + wymienne akcesoria\"}]},{\"@type\":\"WebSite\",\"@id\":\"https:\/\/ironsky.pl\/sklep\/#website\",\"url\":\"https:\/\/ironsky.pl\/sklep\/\",\"name\":\"IRONSKY.PL Sklep z Dronami\",\"description\":\"IRONSKY.PL Sklep z Dronami\",\"potentialAction\":[{\"@type\":\"SearchAction\",\"target\":{\"@type\":\"EntryPoint\",\"urlTemplate\":\"https:\/\/ironsky.pl\/sklep\/?s={search_term_string}\"},\"query-input\":{\"@type\":\"PropertyValueSpecification\",\"valueRequired\":true,\"valueName\":\"search_term_string\"}}],\"inLanguage\":\"pl-PL\"}]}<\/script>\n<!-- \/ Yoast SEO plugin. -->","yoast_head_json":{"title":"Pi\u00f3ro czyszcz\u0105ce K&F Concept SKU.1975 + wymienne akcesoria - IRONSKY.PL Sklep z Dronami","description":"Pi\u00f3ro czyszcz\u0105ce K&F Concept SKU.1975 + wymienne akcesoria - \u2705 sklep z dronami i fachowym doradztwem. \u2705 Tutaj kupisz produkty DJI, Yuneec, Parrot, Syma i wiele innych, a tak\u017ce kursy i licencje na operatora drona.","robots":{"index":"index","follow":"follow","max-snippet":"max-snippet:-1","max-image-preview":"max-image-preview:large","max-video-preview":"max-video-preview:-1"},"canonical":"https:\/\/ironsky.pl\/sklep\/produkt\/pioro-czyszczace-kf-concept-sku-1975-wymienne-akcesoria\/","og_locale":"pl_PL","og_type":"article","og_title":"Pi\u00f3ro czyszcz\u0105ce K&F Concept SKU.1975 + wymienne akcesoria - IRONSKY.PL Sklep z Dronami","og_description":"Pi\u00f3ro czyszcz\u0105ce K&F Concept SKU.1975 + wymienne akcesoria - \u2705 sklep z dronami i fachowym doradztwem. \u2705 Tutaj kupisz produkty DJI, Yuneec, Parrot, Syma i wiele innych, a tak\u017ce kursy i licencje na operatora drona.","og_url":"https:\/\/ironsky.pl\/sklep\/produkt\/pioro-czyszczace-kf-concept-sku-1975-wymienne-akcesoria\/","og_site_name":"IRONSKY.PL Sklep z Dronami","article_modified_time":"2026-03-05T14:54:43+00:00","og_image":[{"width":800,"height":800,"url":"https:\/\/ironsky.pl\/sklep\/wp-content\/uploads\/2025\/02\/45243_1.jpg","type":"image\/jpeg"}],"twitter_card":"summary_large_image","twitter_misc":{"Szacowany czas czytania":"2 minuty"},"schema":{"@context":"https:\/\/schema.org","@graph":[{"@type":"WebPage","@id":"https:\/\/ironsky.pl\/sklep\/produkt\/pioro-czyszczace-kf-concept-sku-1975-wymienne-akcesoria\/","url":"https:\/\/ironsky.pl\/sklep\/produkt\/pioro-czyszczace-kf-concept-sku-1975-wymienne-akcesoria\/","name":"Pi\u00f3ro czyszcz\u0105ce K&F Concept SKU.1975 + wymienne akcesoria - IRONSKY.PL Sklep z Dronami","isPartOf":{"@id":"https:\/\/ironsky.pl\/sklep\/#website"},"primaryImageOfPage":{"@id":"https:\/\/ironsky.pl\/sklep\/produkt\/pioro-czyszczace-kf-concept-sku-1975-wymienne-akcesoria\/#primaryimage"},"image":{"@id":"https:\/\/ironsky.pl\/sklep\/produkt\/pioro-czyszczace-kf-concept-sku-1975-wymienne-akcesoria\/#primaryimage"},"thumbnailUrl":"https:\/\/ironsky.pl\/sklep\/wp-content\/uploads\/2025\/02\/45243_1.jpg","datePublished":"2025-02-13T16:01:45+00:00","dateModified":"2026-03-05T14:54:43+00:00","description":"Pi\u00f3ro czyszcz\u0105ce K&F Concept SKU.1975 + wymienne akcesoria - \u2705 sklep z dronami i fachowym doradztwem. \u2705 Tutaj kupisz produkty DJI, Yuneec, Parrot, Syma i wiele innych, a tak\u017ce kursy i licencje na operatora drona.","breadcrumb":{"@id":"https:\/\/ironsky.pl\/sklep\/produkt\/pioro-czyszczace-kf-concept-sku-1975-wymienne-akcesoria\/#breadcrumb"},"inLanguage":"pl-PL","potentialAction":[{"@type":"ReadAction","target":["https:\/\/ironsky.pl\/sklep\/produkt\/pioro-czyszczace-kf-concept-sku-1975-wymienne-akcesoria\/"]}]},{"@type":"ImageObject","inLanguage":"pl-PL","@id":"https:\/\/ironsky.pl\/sklep\/produkt\/pioro-czyszczace-kf-concept-sku-1975-wymienne-akcesoria\/#primaryimage","url":"https:\/\/ironsky.pl\/sklep\/wp-content\/uploads\/2025\/02\/45243_1.jpg","contentUrl":"https:\/\/ironsky.pl\/sklep\/wp-content\/uploads\/2025\/02\/45243_1.jpg","width":800,"height":800},{"@type":"BreadcrumbList","@id":"https:\/\/ironsky.pl\/sklep\/produkt\/pioro-czyszczace-kf-concept-sku-1975-wymienne-akcesoria\/#breadcrumb","itemListElement":[{"@type":"ListItem","position":1,"name":"Strona g\u0142\u00f3wna","item":"https:\/\/ironsky.pl\/sklep\/"},{"@type":"ListItem","position":2,"name":"Wszystkie produkty","item":"https:\/\/ironsky.pl\/sklep\/produkty\/"},{"@type":"ListItem","position":3,"name":"Pi\u00f3ro czyszcz\u0105ce K&#038;F Concept SKU.1975 + wymienne akcesoria"}]},{"@type":"WebSite","@id":"https:\/\/ironsky.pl\/sklep\/#website","url":"https:\/\/ironsky.pl\/sklep\/","name":"IRONSKY.PL Sklep z Dronami","description":"IRONSKY.PL Sklep z Dronami","potentialAction":[{"@type":"SearchAction","target":{"@type":"EntryPoint","urlTemplate":"https:\/\/ironsky.pl\/sklep\/?s={search_term_string}"},"query-input":{"@type":"PropertyValueSpecification","valueRequired":true,"valueName":"search_term_string"}}],"inLanguage":"pl-PL"}]}},"_links":{"self":[{"href":"https:\/\/ironsky.pl\/sklep\/wp-json\/wp\/v2\/product\/36992","targetHints":{"allow":["GET"]}}],"collection":[{"href":"https:\/\/ironsky.pl\/sklep\/wp-json\/wp\/v2\/product"}],"about":[{"href":"https:\/\/ironsky.pl\/sklep\/wp-json\/wp\/v2\/types\/product"}],"replies":[{"embeddable":true,"href":"https:\/\/ironsky.pl\/sklep\/wp-json\/wp\/v2\/comments?post=36992"}],"wp:featuredmedia":[{"embeddable":true,"href":"https:\/\/ironsky.pl\/sklep\/wp-json\/wp\/v2\/media\/36993"}],"wp:attachment":[{"href":"https:\/\/ironsky.pl\/sklep\/wp-json\/wp\/v2\/media?parent=36992"}],"wp:term":[{"taxonomy":"product_brand","embeddable":true,"href":"https:\/\/ironsky.pl\/sklep\/wp-json\/wp\/v2\/product_brand?post=36992"},{"taxonomy":"product_cat","embeddable":true,"href":"https:\/\/ironsky.pl\/sklep\/wp-json\/wp\/v2\/product_cat?post=36992"},{"taxonomy":"product_tag","embeddable":true,"href":"https:\/\/ironsky.pl\/sklep\/wp-json\/wp\/v2\/product_tag?post=36992"}],"curies":[{"name":"wp","href":"https:\/\/api.w.org\/{rel}","templated":true}]}}