{"id":36948,"date":"2025-02-13T17:01:18","date_gmt":"2025-02-13T16:01:18","guid":{"rendered":"https:\/\/ironsky.pl\/drony-sklep\/produkt\/statyw-kf-concept-kf09-129\/"},"modified":"2026-03-05T15:54:39","modified_gmt":"2026-03-05T14:54:39","slug":"statyw-kf-concept-kf09-129","status":"publish","type":"product","link":"https:\/\/ironsky.pl\/sklep\/produkt\/statyw-kf-concept-kf09-129\/","title":{"rendered":"Statyw K&#038;F Concept KF09.129"},"content":{"rendered":"<h3>Statyw K&amp;F Concept KF09.129<\/h3>\n<p>Statyw KF09.129 od K&amp;F Concept to praktyczne akcesorium do fotografii i filmowania, idealne dla u\u017cytkownik\u00f3w smartfon\u00f3w i aparat\u00f3w. Dzi\u0119ki kompaktowej i trwa\u0142ej konstrukcji ze stopu aluminium statyw jest nie tylko lekki i \u0142atwy do przenoszenia, ale tak\u017ce wytrzyma\u0142y i zapewnia stabilno\u015b\u0107 w ka\u017cdych warunkach. Ponadto dzi\u0119ki elastycznej konstrukcji mo\u017cesz go przymocowa\u0107 do dowolnej powierzchni i tworzy\u0107 wyj\u0105tkowe uj\u0119cia.\u00a0<\/p>\n<p>\n<img decoding=\"async\" src=\"https:\/\/assets.innpro.pl\/8215\/9614\/2.jpg\" border=\"0\" \/>\n<\/p>\n<h3>Kompatybilno\u015b\u0107 i stabilno\u015b\u0107<\/h3>\n<p>Statyw KF09.129 jest kompatybilny zar\u00f3wno z telefonami kom\u00f3rkowymi, jak i aparatami fotograficznymi dzi\u0119ki uniwersalnemu gwintowi \u00bc\u201d. Mo\u017cna na nim przymocowa\u0107 smartfony o przek\u0105tnej ekranu od 4.5 do 7.6 cala, co zapewnia wszechstronno\u015b\u0107 i wygod\u0119 u\u017cytkowania. Z kolei trwa\u0142a konstrukcja ze stopu aluminium i gumy gwarantuje trwa\u0142o\u015b\u0107 i odporno\u015b\u0107 na uszkodzenia.<\/p>\n<p>\n<img decoding=\"async\" src=\"https:\/\/assets.innpro.pl\/8215\/9614\/5.jpg\" border=\"0\" \/>\n<\/p>\n<h3>Przemy\u015blana konstrukcja<\/h3>\n<p>Mocowanie cold shoe umo\u017cliwia przymocowanie dodatkowych akcesori\u00f3w, takich jak mikrofony czy lampy LED, co znacznie zwi\u0119ksza mo\u017cliwo\u015bci u\u017cytkowania. Elastyczne nogi statywu mo\u017cna dowolnie wygina\u0107 i mocowa\u0107 na r\u00f3\u017cnych powierzchniach, takich jak latarnie, balustrady, ga\u0142\u0119zie drzew czy rowery. To rozwi\u0105zanie pozwala na stabilne ustawienie statywu w niemal ka\u017cdej sytuacji.<\/p>\n<p>\n<img decoding=\"async\" src=\"https:\/\/assets.innpro.pl\/8215\/9614\/3.jpg\" border=\"0\" \/>\n<\/p>\n<h3>Sferyczna g\u0142owica i pilot Bluetooth<\/h3>\n<p>Sferyczna g\u0142owica statywu z funkcj\u0105 obrotu w zakresie 360\u00b0 i k\u0105tem nachylenia 90\u00b0 pozwala na pe\u0142ny zakres fotografowania, umo\u017cliwiaj\u0105c uchwycenie idealnego k\u0105ta i pola widzenia. Dodatkowo pilot zdalnego sterowania Bluetooth umo\u017cliwia robienie zdj\u0119\u0107 lub nagrywanie film\u00f3w z odleg\u0142o\u015bci do 10 m. Pilot dzia\u0142a nieprzerwanie przez 10 godzin, co zapewnia d\u0142ugi czas pracy bez konieczno\u015bci cz\u0119stego \u0142adowania.<\/p>\n<p>\n<img decoding=\"async\" src=\"https:\/\/assets.innpro.pl\/8215\/9614\/6.jpg\" border=\"0\" \/>\n<\/p>\n<h3>Trwa\u0142y i przeno\u015bny<\/h3>\n<p>Statyw wa\u017cy zaledwie 0.32 kg, co czyni go idealnym do podr\u00f3\u017cy i fotografowania w plenerze. Wytrzymuje obci\u0105\u017cenie do 3 kg, co sprawia, \u017ce jest odpowiedni dla wi\u0119kszo\u015bci aparat\u00f3w bezlusterkowych i innych urz\u0105dze\u0144. Materia\u0142y, z kt\u00f3rych jest wykonany, zapewniaj\u0105 wytrzyma\u0142o\u015b\u0107, elastyczno\u015b\u0107 i odporno\u015b\u0107 na warunki atmosferyczne, w tym wod\u0119 i korozj\u0119. Co wi\u0119cej, silikonowa podk\u0142adka antypo\u015blizgowa w dolnej cz\u0119\u015bci n\u00f3g statywu dodatkowo zwi\u0119ksza jego stabilno\u015b\u0107 na r\u00f3\u017cnych powierzchniach.<\/p>\n<p>\n<img decoding=\"async\" src=\"https:\/\/assets.innpro.pl\/8215\/9614\/4.jpg\" border=\"0\" \/>\n<\/p>\n<h3>W zestawie<\/h3>\n<ul class=\"list-disc pl-5\">\n<li>statyw<\/li>\n<li>\n<p style=\"text-align:justify\">pilot zdalnego sterowania<\/p>\n<\/li>\n<li>\n<p style=\"text-align:justify\">instrukcja obs\u0142ugi<\/p>\n<\/li>\n<\/ul>\n<div class=\"table-wrapper\">\n<p>\u00a0<\/p>\n<h3><\/h3>\n<table>\n<tbody>\n<tr>\n<th>Producent<\/th>\n<td>K&amp;F Concept<\/td>\n<\/tr>\n<tr>\n<th>Model<\/th>\n<td>KF09.129<\/td>\n<\/tr>\n<tr>\n<th>Materia\u0142<\/th>\n<td>stop aluminium, guma<\/td>\n<\/tr>\n<tr>\n<th>Maksymalne obci\u0105\u017cenie<\/th>\n<td>3 kg<\/td>\n<\/tr>\n<tr>\n<th>Waga<\/th>\n<td>0.32 kg<\/td>\n<\/tr>\n<tr>\n<th>Zasi\u0119g Bluetooth<\/th>\n<td>10 m<\/td>\n<\/tr>\n<tr>\n<th>Czas pracy (pilot)<\/th>\n<td>do 10 h<\/td>\n<\/tr>\n<tr>\n<th>Gwint<\/th>\n<td>\u00bc\u201d<\/td>\n<\/tr>\n<tr>\n<th>D\u0142ugo\u015b\u0107 po z\u0142o\u017ceniu<\/th>\n<td>308 mm<\/td>\n<\/tr>\n<tr>\n<th>Zakres obrotu g\u0142owicy<\/th>\n<td>360\u00b0<\/td>\n<\/tr>\n<tr>\n<th>K\u0105t nachylenia g\u0142owicy<\/th>\n<td>90\u00b0<\/td>\n<\/tr>\n<\/tbody>\n<\/table>\n<\/div>\n","protected":false},"excerpt":{"rendered":"<p>Statyw K&amp;F Concept KF09.129 Statyw KF09.129 od K&amp;F Concept to praktyczne akcesorium do fotografii i filmowania, idealne dla u\u017cytkownik\u00f3w smartfon\u00f3w<\/p>\n","protected":false},"featured_media":36949,"comment_status":"closed","ping_status":"open","template":"","meta":{"_acf_changed":false},"product_brand":[],"product_cat":[1128,1139,1140,1141,1138],"product_tag":[],"class_list":{"0":"post-36948","1":"product","2":"type-product","3":"status-publish","4":"has-post-thumbnail","6":"product_cat-foto-wideo","7":"product_cat-selfie-stick","8":"product_cat-statywy","9":"product_cat-uchwyty-do-mocowania-kamer-i-aparatow","10":"product_cat-wysiegniki","11":"pa_okres-gwarancji-5754","12":"pa_producent-kf-concept","14":"first","15":"outofstock","16":"taxable","17":"shipping-taxable","18":"purchasable","19":"product-type-simple"},"acf":[],"yoast_head":"<!-- This site is optimized with the Yoast SEO plugin v27.2 - https:\/\/yoast.com\/product\/yoast-seo-wordpress\/ -->\n<title>Statyw K&amp;F Concept KF09.129 - IRONSKY.PL Sklep z Dronami<\/title>\n<meta name=\"description\" content=\"Statyw K&amp;F Concept KF09.129 - \u2705 sklep z dronami i fachowym doradztwem. \u2705 Tutaj kupisz produkty DJI, Yuneec, Parrot, Syma i wiele innych, a tak\u017ce kursy i licencje na operatora drona.\" \/>\n<meta name=\"robots\" content=\"index, follow, max-snippet:-1, max-image-preview:large, max-video-preview:-1\" \/>\n<link rel=\"canonical\" href=\"https:\/\/ironsky.pl\/sklep\/produkt\/statyw-kf-concept-kf09-129\/\" \/>\n<meta property=\"og:locale\" content=\"pl_PL\" \/>\n<meta property=\"og:type\" content=\"article\" \/>\n<meta property=\"og:title\" content=\"Statyw K&amp;F Concept KF09.129 - IRONSKY.PL Sklep z Dronami\" \/>\n<meta property=\"og:description\" content=\"Statyw K&amp;F Concept KF09.129 - \u2705 sklep z dronami i fachowym doradztwem. \u2705 Tutaj kupisz produkty DJI, Yuneec, Parrot, Syma i wiele innych, a tak\u017ce kursy i licencje na operatora drona.\" \/>\n<meta property=\"og:url\" content=\"https:\/\/ironsky.pl\/sklep\/produkt\/statyw-kf-concept-kf09-129\/\" \/>\n<meta property=\"og:site_name\" content=\"IRONSKY.PL Sklep z Dronami\" \/>\n<meta property=\"article:modified_time\" content=\"2026-03-05T14:54:39+00:00\" \/>\n<meta property=\"og:image\" content=\"https:\/\/ironsky.pl\/sklep\/wp-content\/uploads\/2025\/02\/45217_1.jpg\" \/>\n\t<meta property=\"og:image:width\" content=\"800\" \/>\n\t<meta property=\"og:image:height\" content=\"800\" \/>\n\t<meta property=\"og:image:type\" content=\"image\/jpeg\" \/>\n<meta name=\"twitter:card\" content=\"summary_large_image\" \/>\n<meta name=\"twitter:label1\" content=\"Szacowany czas czytania\" \/>\n\t<meta name=\"twitter:data1\" content=\"2 minuty\" \/>\n<script type=\"application\/ld+json\" class=\"yoast-schema-graph\">{\"@context\":\"https:\/\/schema.org\",\"@graph\":[{\"@type\":\"WebPage\",\"@id\":\"https:\/\/ironsky.pl\/sklep\/produkt\/statyw-kf-concept-kf09-129\/\",\"url\":\"https:\/\/ironsky.pl\/sklep\/produkt\/statyw-kf-concept-kf09-129\/\",\"name\":\"Statyw K&F Concept KF09.129 - IRONSKY.PL Sklep z Dronami\",\"isPartOf\":{\"@id\":\"https:\/\/ironsky.pl\/sklep\/#website\"},\"primaryImageOfPage\":{\"@id\":\"https:\/\/ironsky.pl\/sklep\/produkt\/statyw-kf-concept-kf09-129\/#primaryimage\"},\"image\":{\"@id\":\"https:\/\/ironsky.pl\/sklep\/produkt\/statyw-kf-concept-kf09-129\/#primaryimage\"},\"thumbnailUrl\":\"https:\/\/ironsky.pl\/sklep\/wp-content\/uploads\/2025\/02\/45217_1.jpg\",\"datePublished\":\"2025-02-13T16:01:18+00:00\",\"dateModified\":\"2026-03-05T14:54:39+00:00\",\"description\":\"Statyw K&F Concept KF09.129 - \u2705 sklep z dronami i fachowym doradztwem. \u2705 Tutaj kupisz produkty DJI, Yuneec, Parrot, Syma i wiele innych, a tak\u017ce kursy i licencje na operatora drona.\",\"breadcrumb\":{\"@id\":\"https:\/\/ironsky.pl\/sklep\/produkt\/statyw-kf-concept-kf09-129\/#breadcrumb\"},\"inLanguage\":\"pl-PL\",\"potentialAction\":[{\"@type\":\"ReadAction\",\"target\":[\"https:\/\/ironsky.pl\/sklep\/produkt\/statyw-kf-concept-kf09-129\/\"]}]},{\"@type\":\"ImageObject\",\"inLanguage\":\"pl-PL\",\"@id\":\"https:\/\/ironsky.pl\/sklep\/produkt\/statyw-kf-concept-kf09-129\/#primaryimage\",\"url\":\"https:\/\/ironsky.pl\/sklep\/wp-content\/uploads\/2025\/02\/45217_1.jpg\",\"contentUrl\":\"https:\/\/ironsky.pl\/sklep\/wp-content\/uploads\/2025\/02\/45217_1.jpg\",\"width\":800,\"height\":800},{\"@type\":\"BreadcrumbList\",\"@id\":\"https:\/\/ironsky.pl\/sklep\/produkt\/statyw-kf-concept-kf09-129\/#breadcrumb\",\"itemListElement\":[{\"@type\":\"ListItem\",\"position\":1,\"name\":\"Strona g\u0142\u00f3wna\",\"item\":\"https:\/\/ironsky.pl\/sklep\/\"},{\"@type\":\"ListItem\",\"position\":2,\"name\":\"Wszystkie produkty\",\"item\":\"https:\/\/ironsky.pl\/sklep\/produkty\/\"},{\"@type\":\"ListItem\",\"position\":3,\"name\":\"Statyw K&#038;F Concept KF09.129\"}]},{\"@type\":\"WebSite\",\"@id\":\"https:\/\/ironsky.pl\/sklep\/#website\",\"url\":\"https:\/\/ironsky.pl\/sklep\/\",\"name\":\"IRONSKY.PL Sklep z Dronami\",\"description\":\"IRONSKY.PL Sklep z Dronami\",\"potentialAction\":[{\"@type\":\"SearchAction\",\"target\":{\"@type\":\"EntryPoint\",\"urlTemplate\":\"https:\/\/ironsky.pl\/sklep\/?s={search_term_string}\"},\"query-input\":{\"@type\":\"PropertyValueSpecification\",\"valueRequired\":true,\"valueName\":\"search_term_string\"}}],\"inLanguage\":\"pl-PL\"}]}<\/script>\n<!-- \/ Yoast SEO plugin. -->","yoast_head_json":{"title":"Statyw K&F Concept KF09.129 - IRONSKY.PL Sklep z Dronami","description":"Statyw K&F Concept KF09.129 - \u2705 sklep z dronami i fachowym doradztwem. \u2705 Tutaj kupisz produkty DJI, Yuneec, Parrot, Syma i wiele innych, a tak\u017ce kursy i licencje na operatora drona.","robots":{"index":"index","follow":"follow","max-snippet":"max-snippet:-1","max-image-preview":"max-image-preview:large","max-video-preview":"max-video-preview:-1"},"canonical":"https:\/\/ironsky.pl\/sklep\/produkt\/statyw-kf-concept-kf09-129\/","og_locale":"pl_PL","og_type":"article","og_title":"Statyw K&F Concept KF09.129 - IRONSKY.PL Sklep z Dronami","og_description":"Statyw K&F Concept KF09.129 - \u2705 sklep z dronami i fachowym doradztwem. \u2705 Tutaj kupisz produkty DJI, Yuneec, Parrot, Syma i wiele innych, a tak\u017ce kursy i licencje na operatora drona.","og_url":"https:\/\/ironsky.pl\/sklep\/produkt\/statyw-kf-concept-kf09-129\/","og_site_name":"IRONSKY.PL Sklep z Dronami","article_modified_time":"2026-03-05T14:54:39+00:00","og_image":[{"width":800,"height":800,"url":"https:\/\/ironsky.pl\/sklep\/wp-content\/uploads\/2025\/02\/45217_1.jpg","type":"image\/jpeg"}],"twitter_card":"summary_large_image","twitter_misc":{"Szacowany czas czytania":"2 minuty"},"schema":{"@context":"https:\/\/schema.org","@graph":[{"@type":"WebPage","@id":"https:\/\/ironsky.pl\/sklep\/produkt\/statyw-kf-concept-kf09-129\/","url":"https:\/\/ironsky.pl\/sklep\/produkt\/statyw-kf-concept-kf09-129\/","name":"Statyw K&F Concept KF09.129 - IRONSKY.PL Sklep z Dronami","isPartOf":{"@id":"https:\/\/ironsky.pl\/sklep\/#website"},"primaryImageOfPage":{"@id":"https:\/\/ironsky.pl\/sklep\/produkt\/statyw-kf-concept-kf09-129\/#primaryimage"},"image":{"@id":"https:\/\/ironsky.pl\/sklep\/produkt\/statyw-kf-concept-kf09-129\/#primaryimage"},"thumbnailUrl":"https:\/\/ironsky.pl\/sklep\/wp-content\/uploads\/2025\/02\/45217_1.jpg","datePublished":"2025-02-13T16:01:18+00:00","dateModified":"2026-03-05T14:54:39+00:00","description":"Statyw K&F Concept KF09.129 - \u2705 sklep z dronami i fachowym doradztwem. \u2705 Tutaj kupisz produkty DJI, Yuneec, Parrot, Syma i wiele innych, a tak\u017ce kursy i licencje na operatora drona.","breadcrumb":{"@id":"https:\/\/ironsky.pl\/sklep\/produkt\/statyw-kf-concept-kf09-129\/#breadcrumb"},"inLanguage":"pl-PL","potentialAction":[{"@type":"ReadAction","target":["https:\/\/ironsky.pl\/sklep\/produkt\/statyw-kf-concept-kf09-129\/"]}]},{"@type":"ImageObject","inLanguage":"pl-PL","@id":"https:\/\/ironsky.pl\/sklep\/produkt\/statyw-kf-concept-kf09-129\/#primaryimage","url":"https:\/\/ironsky.pl\/sklep\/wp-content\/uploads\/2025\/02\/45217_1.jpg","contentUrl":"https:\/\/ironsky.pl\/sklep\/wp-content\/uploads\/2025\/02\/45217_1.jpg","width":800,"height":800},{"@type":"BreadcrumbList","@id":"https:\/\/ironsky.pl\/sklep\/produkt\/statyw-kf-concept-kf09-129\/#breadcrumb","itemListElement":[{"@type":"ListItem","position":1,"name":"Strona g\u0142\u00f3wna","item":"https:\/\/ironsky.pl\/sklep\/"},{"@type":"ListItem","position":2,"name":"Wszystkie produkty","item":"https:\/\/ironsky.pl\/sklep\/produkty\/"},{"@type":"ListItem","position":3,"name":"Statyw K&#038;F Concept KF09.129"}]},{"@type":"WebSite","@id":"https:\/\/ironsky.pl\/sklep\/#website","url":"https:\/\/ironsky.pl\/sklep\/","name":"IRONSKY.PL Sklep z Dronami","description":"IRONSKY.PL Sklep z Dronami","potentialAction":[{"@type":"SearchAction","target":{"@type":"EntryPoint","urlTemplate":"https:\/\/ironsky.pl\/sklep\/?s={search_term_string}"},"query-input":{"@type":"PropertyValueSpecification","valueRequired":true,"valueName":"search_term_string"}}],"inLanguage":"pl-PL"}]}},"_links":{"self":[{"href":"https:\/\/ironsky.pl\/sklep\/wp-json\/wp\/v2\/product\/36948","targetHints":{"allow":["GET"]}}],"collection":[{"href":"https:\/\/ironsky.pl\/sklep\/wp-json\/wp\/v2\/product"}],"about":[{"href":"https:\/\/ironsky.pl\/sklep\/wp-json\/wp\/v2\/types\/product"}],"replies":[{"embeddable":true,"href":"https:\/\/ironsky.pl\/sklep\/wp-json\/wp\/v2\/comments?post=36948"}],"wp:featuredmedia":[{"embeddable":true,"href":"https:\/\/ironsky.pl\/sklep\/wp-json\/wp\/v2\/media\/36949"}],"wp:attachment":[{"href":"https:\/\/ironsky.pl\/sklep\/wp-json\/wp\/v2\/media?parent=36948"}],"wp:term":[{"taxonomy":"product_brand","embeddable":true,"href":"https:\/\/ironsky.pl\/sklep\/wp-json\/wp\/v2\/product_brand?post=36948"},{"taxonomy":"product_cat","embeddable":true,"href":"https:\/\/ironsky.pl\/sklep\/wp-json\/wp\/v2\/product_cat?post=36948"},{"taxonomy":"product_tag","embeddable":true,"href":"https:\/\/ironsky.pl\/sklep\/wp-json\/wp\/v2\/product_tag?post=36948"}],"curies":[{"name":"wp","href":"https:\/\/api.w.org\/{rel}","templated":true}]}}