{"id":36868,"date":"2025-02-13T17:00:53","date_gmt":"2025-02-13T16:00:53","guid":{"rendered":"https:\/\/ironsky.pl\/drony-sklep\/produkt\/megafon-h10-dla-dji-matrice-30-30t\/"},"modified":"2026-03-05T15:54:37","modified_gmt":"2026-03-05T14:54:37","slug":"megafon-h10-dla-dji-matrice-30-30t","status":"publish","type":"product","link":"https:\/\/ironsky.pl\/sklep\/produkt\/megafon-h10-dla-dji-matrice-30-30t\/","title":{"rendered":"Megafon H10 dla DJI Matrice 30\/30T"},"content":{"rendered":"<h3>Jeszcze wyra\u017aniejsza komunikacja<br \/><img decoding=\"async\" src=\"\/data\/include\/cms\/.product\/0\/2\/44120\/H10.jpg\" border=\"0\" width=\"450\" height=\"450\" \/><\/h3>\n<p>Maksymalne nat\u0119\u017cenie d\u017awi\u0119ku g\u0142o\u015bnika H10 to ponad 125db, a zasi\u0119g transmisji to a\u017c 300m. Kompatybilny ze standardowymi mocowaniami z szybkoz\u0142\u0105czk\u0105, wyposa\u017cony jest w sterowany gimbal, kt\u00f3ry mo\u017ce by\u0107 regulowany wraz z kamer\u0105.<\/p>\n<div class=\"table-wrapper\">\n<table style=\"height: 195px;\" width=\"416\">\n<tbody>\n<tr>\n<th>Model<\/th>\n<td><span>H10<\/span><\/td>\n<\/tr>\n<tr>\n<th>Kompatybilno\u015b\u0107<\/th>\n<td><span>seria Matrice 30<\/span><\/td>\n<\/tr>\n<tr>\n<th>Wymiary<\/th>\n<td><span>91 x 98.5 x 83.7 mm<\/span><\/td>\n<\/tr>\n<tr>\n<th>Waga<\/th>\n<td><span>265g<\/span><\/td>\n<\/tr>\n<tr>\n<th>Maksymalne nat\u0119\u017cenie d\u017awi\u0119ku<\/th>\n<td><span>125db<\/span><\/td>\n<\/tr>\n<tr>\n<th>Stopie\u0144 ochrony IP<\/th>\n<td><span>IP54<\/span><\/td>\n<\/tr>\n<tr>\n<th>Odleg\u0142o\u015b\u0107 transmisji d\u017awi\u0119ku<\/th>\n<td>300m<\/td>\n<\/tr>\n<tr>\n<th>Moc maksymalna<\/th>\n<td>60W<\/td>\n<\/tr>\n<tr>\n<th>Gimbal<\/th>\n<td>Obs\u0142uga nachylenia od 0 do -85 \u00b0<\/td>\n<\/tr>\n<tr>\n<th>Temperatura pracy<\/th>\n<td>-10\u2103-50\u2103<\/td>\n<\/tr>\n<tr>\n<th>Temperatura przechowywania<\/th>\n<td>-20\u2103-60\u2103<\/td>\n<\/tr>\n<\/tbody>\n<\/table>\n<\/div>\n","protected":false},"excerpt":{"rendered":"<p>Jeszcze wyra\u017aniejsza komunikacja Maksymalne nat\u0119\u017cenie d\u017awi\u0119ku g\u0142o\u015bnika H10 to ponad 125db, a zasi\u0119g transmisji to a\u017c 300m. Kompatybilny ze standardowymi<\/p>\n","protected":false},"featured_media":36869,"comment_status":"closed","ping_status":"open","template":"","meta":{"_acf_changed":false},"product_brand":[],"product_cat":[5662,6094,1093],"product_tag":[],"class_list":{"0":"post-36868","1":"product","2":"type-product","3":"status-publish","4":"has-post-thumbnail","6":"product_cat-matrice-30","7":"product_cat-czujniki-do-dronow","8":"product_cat-urzadzenia-i-akcesoria","9":"pa_producent-jz","11":"first","12":"outofstock","13":"taxable","14":"shipping-taxable","15":"purchasable","16":"product-type-simple"},"acf":[],"yoast_head":"<!-- This site is optimized with the Yoast SEO plugin v27.2 - https:\/\/yoast.com\/product\/yoast-seo-wordpress\/ -->\n<title>Megafon H10 dla DJI Matrice 30\/30T - IRONSKY.PL Sklep z Dronami<\/title>\n<meta name=\"description\" content=\"Megafon H10 dla DJI Matrice 30\/30T - \u2705 sklep z dronami i fachowym doradztwem. \u2705 Tutaj kupisz produkty DJI, Yuneec, Parrot, Syma i wiele innych, a tak\u017ce kursy i licencje na operatora drona.\" \/>\n<meta name=\"robots\" content=\"index, follow, max-snippet:-1, max-image-preview:large, max-video-preview:-1\" \/>\n<link rel=\"canonical\" href=\"https:\/\/ironsky.pl\/sklep\/produkt\/megafon-h10-dla-dji-matrice-30-30t\/\" \/>\n<meta property=\"og:locale\" content=\"pl_PL\" \/>\n<meta property=\"og:type\" content=\"article\" \/>\n<meta property=\"og:title\" content=\"Megafon H10 dla DJI Matrice 30\/30T - IRONSKY.PL Sklep z Dronami\" \/>\n<meta property=\"og:description\" content=\"Megafon H10 dla DJI Matrice 30\/30T - \u2705 sklep z dronami i fachowym doradztwem. \u2705 Tutaj kupisz produkty DJI, Yuneec, Parrot, Syma i wiele innych, a tak\u017ce kursy i licencje na operatora drona.\" \/>\n<meta property=\"og:url\" content=\"https:\/\/ironsky.pl\/sklep\/produkt\/megafon-h10-dla-dji-matrice-30-30t\/\" \/>\n<meta property=\"og:site_name\" content=\"IRONSKY.PL Sklep z Dronami\" \/>\n<meta property=\"article:modified_time\" content=\"2026-03-05T14:54:37+00:00\" \/>\n<meta property=\"og:image\" content=\"https:\/\/ironsky.pl\/sklep\/wp-content\/uploads\/2025\/02\/44120_1.jpg\" \/>\n\t<meta property=\"og:image:width\" content=\"600\" \/>\n\t<meta property=\"og:image:height\" content=\"600\" \/>\n\t<meta property=\"og:image:type\" content=\"image\/jpeg\" \/>\n<meta name=\"twitter:card\" content=\"summary_large_image\" \/>\n<script type=\"application\/ld+json\" class=\"yoast-schema-graph\">{\"@context\":\"https:\/\/schema.org\",\"@graph\":[{\"@type\":\"WebPage\",\"@id\":\"https:\/\/ironsky.pl\/sklep\/produkt\/megafon-h10-dla-dji-matrice-30-30t\/\",\"url\":\"https:\/\/ironsky.pl\/sklep\/produkt\/megafon-h10-dla-dji-matrice-30-30t\/\",\"name\":\"Megafon H10 dla DJI Matrice 30\/30T - IRONSKY.PL Sklep z Dronami\",\"isPartOf\":{\"@id\":\"https:\/\/ironsky.pl\/sklep\/#website\"},\"primaryImageOfPage\":{\"@id\":\"https:\/\/ironsky.pl\/sklep\/produkt\/megafon-h10-dla-dji-matrice-30-30t\/#primaryimage\"},\"image\":{\"@id\":\"https:\/\/ironsky.pl\/sklep\/produkt\/megafon-h10-dla-dji-matrice-30-30t\/#primaryimage\"},\"thumbnailUrl\":\"https:\/\/ironsky.pl\/sklep\/wp-content\/uploads\/2025\/02\/44120_1.jpg\",\"datePublished\":\"2025-02-13T16:00:53+00:00\",\"dateModified\":\"2026-03-05T14:54:37+00:00\",\"description\":\"Megafon H10 dla DJI Matrice 30\/30T - \u2705 sklep z dronami i fachowym doradztwem. \u2705 Tutaj kupisz produkty DJI, Yuneec, Parrot, Syma i wiele innych, a tak\u017ce kursy i licencje na operatora drona.\",\"breadcrumb\":{\"@id\":\"https:\/\/ironsky.pl\/sklep\/produkt\/megafon-h10-dla-dji-matrice-30-30t\/#breadcrumb\"},\"inLanguage\":\"pl-PL\",\"potentialAction\":[{\"@type\":\"ReadAction\",\"target\":[\"https:\/\/ironsky.pl\/sklep\/produkt\/megafon-h10-dla-dji-matrice-30-30t\/\"]}]},{\"@type\":\"ImageObject\",\"inLanguage\":\"pl-PL\",\"@id\":\"https:\/\/ironsky.pl\/sklep\/produkt\/megafon-h10-dla-dji-matrice-30-30t\/#primaryimage\",\"url\":\"https:\/\/ironsky.pl\/sklep\/wp-content\/uploads\/2025\/02\/44120_1.jpg\",\"contentUrl\":\"https:\/\/ironsky.pl\/sklep\/wp-content\/uploads\/2025\/02\/44120_1.jpg\",\"width\":600,\"height\":600},{\"@type\":\"BreadcrumbList\",\"@id\":\"https:\/\/ironsky.pl\/sklep\/produkt\/megafon-h10-dla-dji-matrice-30-30t\/#breadcrumb\",\"itemListElement\":[{\"@type\":\"ListItem\",\"position\":1,\"name\":\"Strona g\u0142\u00f3wna\",\"item\":\"https:\/\/ironsky.pl\/sklep\/\"},{\"@type\":\"ListItem\",\"position\":2,\"name\":\"Wszystkie produkty\",\"item\":\"https:\/\/ironsky.pl\/sklep\/produkty\/\"},{\"@type\":\"ListItem\",\"position\":3,\"name\":\"Megafon H10 dla DJI Matrice 30\/30T\"}]},{\"@type\":\"WebSite\",\"@id\":\"https:\/\/ironsky.pl\/sklep\/#website\",\"url\":\"https:\/\/ironsky.pl\/sklep\/\",\"name\":\"IRONSKY.PL Sklep z Dronami\",\"description\":\"IRONSKY.PL Sklep z Dronami\",\"potentialAction\":[{\"@type\":\"SearchAction\",\"target\":{\"@type\":\"EntryPoint\",\"urlTemplate\":\"https:\/\/ironsky.pl\/sklep\/?s={search_term_string}\"},\"query-input\":{\"@type\":\"PropertyValueSpecification\",\"valueRequired\":true,\"valueName\":\"search_term_string\"}}],\"inLanguage\":\"pl-PL\"}]}<\/script>\n<!-- \/ Yoast SEO plugin. -->","yoast_head_json":{"title":"Megafon H10 dla DJI Matrice 30\/30T - IRONSKY.PL Sklep z Dronami","description":"Megafon H10 dla DJI Matrice 30\/30T - \u2705 sklep z dronami i fachowym doradztwem. \u2705 Tutaj kupisz produkty DJI, Yuneec, Parrot, Syma i wiele innych, a tak\u017ce kursy i licencje na operatora drona.","robots":{"index":"index","follow":"follow","max-snippet":"max-snippet:-1","max-image-preview":"max-image-preview:large","max-video-preview":"max-video-preview:-1"},"canonical":"https:\/\/ironsky.pl\/sklep\/produkt\/megafon-h10-dla-dji-matrice-30-30t\/","og_locale":"pl_PL","og_type":"article","og_title":"Megafon H10 dla DJI Matrice 30\/30T - IRONSKY.PL Sklep z Dronami","og_description":"Megafon H10 dla DJI Matrice 30\/30T - \u2705 sklep z dronami i fachowym doradztwem. \u2705 Tutaj kupisz produkty DJI, Yuneec, Parrot, Syma i wiele innych, a tak\u017ce kursy i licencje na operatora drona.","og_url":"https:\/\/ironsky.pl\/sklep\/produkt\/megafon-h10-dla-dji-matrice-30-30t\/","og_site_name":"IRONSKY.PL Sklep z Dronami","article_modified_time":"2026-03-05T14:54:37+00:00","og_image":[{"width":600,"height":600,"url":"https:\/\/ironsky.pl\/sklep\/wp-content\/uploads\/2025\/02\/44120_1.jpg","type":"image\/jpeg"}],"twitter_card":"summary_large_image","schema":{"@context":"https:\/\/schema.org","@graph":[{"@type":"WebPage","@id":"https:\/\/ironsky.pl\/sklep\/produkt\/megafon-h10-dla-dji-matrice-30-30t\/","url":"https:\/\/ironsky.pl\/sklep\/produkt\/megafon-h10-dla-dji-matrice-30-30t\/","name":"Megafon H10 dla DJI Matrice 30\/30T - IRONSKY.PL Sklep z Dronami","isPartOf":{"@id":"https:\/\/ironsky.pl\/sklep\/#website"},"primaryImageOfPage":{"@id":"https:\/\/ironsky.pl\/sklep\/produkt\/megafon-h10-dla-dji-matrice-30-30t\/#primaryimage"},"image":{"@id":"https:\/\/ironsky.pl\/sklep\/produkt\/megafon-h10-dla-dji-matrice-30-30t\/#primaryimage"},"thumbnailUrl":"https:\/\/ironsky.pl\/sklep\/wp-content\/uploads\/2025\/02\/44120_1.jpg","datePublished":"2025-02-13T16:00:53+00:00","dateModified":"2026-03-05T14:54:37+00:00","description":"Megafon H10 dla DJI Matrice 30\/30T - \u2705 sklep z dronami i fachowym doradztwem. \u2705 Tutaj kupisz produkty DJI, Yuneec, Parrot, Syma i wiele innych, a tak\u017ce kursy i licencje na operatora drona.","breadcrumb":{"@id":"https:\/\/ironsky.pl\/sklep\/produkt\/megafon-h10-dla-dji-matrice-30-30t\/#breadcrumb"},"inLanguage":"pl-PL","potentialAction":[{"@type":"ReadAction","target":["https:\/\/ironsky.pl\/sklep\/produkt\/megafon-h10-dla-dji-matrice-30-30t\/"]}]},{"@type":"ImageObject","inLanguage":"pl-PL","@id":"https:\/\/ironsky.pl\/sklep\/produkt\/megafon-h10-dla-dji-matrice-30-30t\/#primaryimage","url":"https:\/\/ironsky.pl\/sklep\/wp-content\/uploads\/2025\/02\/44120_1.jpg","contentUrl":"https:\/\/ironsky.pl\/sklep\/wp-content\/uploads\/2025\/02\/44120_1.jpg","width":600,"height":600},{"@type":"BreadcrumbList","@id":"https:\/\/ironsky.pl\/sklep\/produkt\/megafon-h10-dla-dji-matrice-30-30t\/#breadcrumb","itemListElement":[{"@type":"ListItem","position":1,"name":"Strona g\u0142\u00f3wna","item":"https:\/\/ironsky.pl\/sklep\/"},{"@type":"ListItem","position":2,"name":"Wszystkie produkty","item":"https:\/\/ironsky.pl\/sklep\/produkty\/"},{"@type":"ListItem","position":3,"name":"Megafon H10 dla DJI Matrice 30\/30T"}]},{"@type":"WebSite","@id":"https:\/\/ironsky.pl\/sklep\/#website","url":"https:\/\/ironsky.pl\/sklep\/","name":"IRONSKY.PL Sklep z Dronami","description":"IRONSKY.PL Sklep z Dronami","potentialAction":[{"@type":"SearchAction","target":{"@type":"EntryPoint","urlTemplate":"https:\/\/ironsky.pl\/sklep\/?s={search_term_string}"},"query-input":{"@type":"PropertyValueSpecification","valueRequired":true,"valueName":"search_term_string"}}],"inLanguage":"pl-PL"}]}},"_links":{"self":[{"href":"https:\/\/ironsky.pl\/sklep\/wp-json\/wp\/v2\/product\/36868","targetHints":{"allow":["GET"]}}],"collection":[{"href":"https:\/\/ironsky.pl\/sklep\/wp-json\/wp\/v2\/product"}],"about":[{"href":"https:\/\/ironsky.pl\/sklep\/wp-json\/wp\/v2\/types\/product"}],"replies":[{"embeddable":true,"href":"https:\/\/ironsky.pl\/sklep\/wp-json\/wp\/v2\/comments?post=36868"}],"wp:featuredmedia":[{"embeddable":true,"href":"https:\/\/ironsky.pl\/sklep\/wp-json\/wp\/v2\/media\/36869"}],"wp:attachment":[{"href":"https:\/\/ironsky.pl\/sklep\/wp-json\/wp\/v2\/media?parent=36868"}],"wp:term":[{"taxonomy":"product_brand","embeddable":true,"href":"https:\/\/ironsky.pl\/sklep\/wp-json\/wp\/v2\/product_brand?post=36868"},{"taxonomy":"product_cat","embeddable":true,"href":"https:\/\/ironsky.pl\/sklep\/wp-json\/wp\/v2\/product_cat?post=36868"},{"taxonomy":"product_tag","embeddable":true,"href":"https:\/\/ironsky.pl\/sklep\/wp-json\/wp\/v2\/product_tag?post=36868"}],"curies":[{"name":"wp","href":"https:\/\/api.w.org\/{rel}","templated":true}]}}