{"id":36621,"date":"2025-02-13T16:58:41","date_gmt":"2025-02-13T15:58:41","guid":{"rendered":"https:\/\/ironsky.pl\/drony-sklep\/produkt\/etui-polarpro-do-iphone-15-pro-max-czarny\/"},"modified":"2026-03-05T15:54:30","modified_gmt":"2026-03-05T14:54:30","slug":"etui-polarpro-do-iphone-15-pro-max-czarny","status":"publish","type":"product","link":"https:\/\/ironsky.pl\/sklep\/produkt\/etui-polarpro-do-iphone-15-pro-max-czarny\/","title":{"rendered":"Etui Polarpro do iPhone 15 Pro Max (czarny)"},"content":{"rendered":"<h3>Etui Polarpro do iPhone 15 Pro Max (czarny)<\/h3>\n<p><p>Etui PolarPro na iPhone 15 Pro Max to wysokiej jako\u015bci etui, kt\u00f3re wykonane z materia\u0142u zapobiegaj\u0105cego wy\u015blizgiwaniu si\u0119. Wspiera ono \u0142adowanie bezprzewodowe, aby u\u017cytkownik nie musia\u0142 go zdejmowa\u0107 w tym czasie.&nbsp;<\/p>\n<\/p>\n<p><img decoding=\"async\" src=\"https:\/\/assets.innpro.pl\/2697\/2877\/2.jpg\" border=\"0\" alt=\"\"><\/p>\n<h3>Zaawansowana ochrona aparatu i prywatno\u015bci<\/h3>\n<p><p>Etui posiada za\u015blepk\u0119, kt\u00f3ra chroni obiektywy przed zadrapaniami i rysami w czasie codziennego u\u017cytkowania czy podr\u00f3\u017cy, co pozwala zachowa\u0107 doskona\u0142\u0105 jako\u015b\u0107 zdj\u0119\u0107 i film\u00f3w. Dodatkowo za\u015blepka zapewnia tak\u017ce prywatno\u015b\u0107 u\u017cytkownika.<\/p>\n<\/p>\n<p><img decoding=\"async\" src=\"https:\/\/assets.innpro.pl\/2697\/2877\/4.jpg\" border=\"0\" alt=\"\"><\/p>\n<h3>Wsparcie dla magnetycznego \u0142adowania<\/h3>\n<p><p>PolarPro dba o wygod\u0119 u\u017cytkownika. Etui zosta\u0142o zaprojektowane z my\u015bl\u0105 o \u0142atwym i szybkim \u0142adowaniu. Dzi\u0119ki wsparciu dla magnetycznego \u0142adowania mo\u017cna cieszy\u0107 si\u0119 bezprzewodowym \u0142adowaniem bez konieczno\u015bci zdejmowania etui.<\/p>\n<\/p>\n<p><img decoding=\"async\" src=\"https:\/\/assets.innpro.pl\/2697\/2877\/6.jpg\" border=\"0\" alt=\"\"><\/p>\n<h3>Materia\u0142 zapewniaj\u0105cy pewny chwyt<\/h3>\n<p><p>Materia\u0142, z kt\u00f3rego wykonane jest etui, posiada specjaln\u0105 faktur\u0119, kt\u00f3ra zapobiega wy\u015blizgiwaniu si\u0119 z d\u0142oni. Dodatkowo, wypustki na etui dodaj\u0105 pewno\u015bci chwytu, co zwi\u0119ksza komfort korzystania z iPhone 15 Pro Max, zw\u0142aszcza podczas obs\u0142ugiwania telefonu jedn\u0105 r\u0119k\u0105.<\/p>\n<\/p>\n<p><img decoding=\"async\" src=\"https:\/\/assets.innpro.pl\/2697\/2877\/7.jpg\" border=\"0\" alt=\"\"><\/p>\n<h3>Elegancki design<\/h3>\n<p><p>Etui PolarPro do iPhone 15 Pro Max w kolorze czarnym to tak\u017ce doskona\u0142a kompatybilno\u015b\u0107 oraz elegancki design. Minimalistyczna styl doskonale zgra si\u0119 z ka\u017cdym strojem.&nbsp;<\/p>\n<\/p>\n<p><img decoding=\"async\" src=\"https:\/\/assets.innpro.pl\/2697\/2877\/5.jpg\" border=\"0\" alt=\"\"><\/p>\n<div class=\"table-wrapper\"><\/div>\n","protected":false},"excerpt":{"rendered":"<p>Etui Polarpro do iPhone 15 Pro Max (czarny) Etui PolarPro na iPhone 15 Pro Max to wysokiej jako\u015bci etui, kt\u00f3re<\/p>\n","protected":false},"featured_media":36622,"comment_status":"closed","ping_status":"open","template":"","meta":{"_acf_changed":false},"product_brand":[],"product_cat":[1132,1153,1128],"product_tag":[],"class_list":{"0":"post-36621","1":"product","2":"type-product","3":"status-publish","4":"has-post-thumbnail","6":"product_cat-filtry-foto","7":"product_cat-do-smartfonow","8":"product_cat-foto-wideo","9":"pa_okres-gwarancji-5757","10":"pa_producent-polarpro","12":"first","13":"outofstock","14":"taxable","15":"shipping-taxable","16":"purchasable","17":"product-type-simple"},"acf":[],"yoast_head":"<!-- This site is optimized with the Yoast SEO plugin v27.2 - https:\/\/yoast.com\/product\/yoast-seo-wordpress\/ -->\n<title>Etui Polarpro do iPhone 15 Pro Max (czarny) - IRONSKY.PL Sklep z Dronami<\/title>\n<meta name=\"description\" content=\"Etui Polarpro do iPhone 15 Pro Max (czarny) - \u2705 sklep z dronami i fachowym doradztwem. \u2705 Tutaj kupisz produkty DJI, Yuneec, Parrot, Syma i wiele innych, a tak\u017ce kursy i licencje na operatora drona.\" \/>\n<meta name=\"robots\" content=\"index, follow, max-snippet:-1, max-image-preview:large, max-video-preview:-1\" \/>\n<link rel=\"canonical\" href=\"https:\/\/ironsky.pl\/sklep\/produkt\/etui-polarpro-do-iphone-15-pro-max-czarny\/\" \/>\n<meta property=\"og:locale\" content=\"pl_PL\" \/>\n<meta property=\"og:type\" content=\"article\" \/>\n<meta property=\"og:title\" content=\"Etui Polarpro do iPhone 15 Pro Max (czarny) - IRONSKY.PL Sklep z Dronami\" \/>\n<meta property=\"og:description\" content=\"Etui Polarpro do iPhone 15 Pro Max (czarny) - \u2705 sklep z dronami i fachowym doradztwem. \u2705 Tutaj kupisz produkty DJI, Yuneec, Parrot, Syma i wiele innych, a tak\u017ce kursy i licencje na operatora drona.\" \/>\n<meta property=\"og:url\" content=\"https:\/\/ironsky.pl\/sklep\/produkt\/etui-polarpro-do-iphone-15-pro-max-czarny\/\" \/>\n<meta property=\"og:site_name\" content=\"IRONSKY.PL Sklep z Dronami\" \/>\n<meta property=\"article:modified_time\" content=\"2026-03-05T14:54:30+00:00\" \/>\n<meta property=\"og:image\" content=\"https:\/\/ironsky.pl\/sklep\/wp-content\/uploads\/2025\/02\/36861_1.jpg\" \/>\n\t<meta property=\"og:image:width\" content=\"800\" \/>\n\t<meta property=\"og:image:height\" content=\"800\" \/>\n\t<meta property=\"og:image:type\" content=\"image\/jpeg\" \/>\n<meta name=\"twitter:card\" content=\"summary_large_image\" \/>\n<meta name=\"twitter:label1\" content=\"Szacowany czas czytania\" \/>\n\t<meta name=\"twitter:data1\" content=\"1 minuta\" \/>\n<script type=\"application\/ld+json\" class=\"yoast-schema-graph\">{\"@context\":\"https:\/\/schema.org\",\"@graph\":[{\"@type\":\"WebPage\",\"@id\":\"https:\/\/ironsky.pl\/sklep\/produkt\/etui-polarpro-do-iphone-15-pro-max-czarny\/\",\"url\":\"https:\/\/ironsky.pl\/sklep\/produkt\/etui-polarpro-do-iphone-15-pro-max-czarny\/\",\"name\":\"Etui Polarpro do iPhone 15 Pro Max (czarny) - IRONSKY.PL Sklep z Dronami\",\"isPartOf\":{\"@id\":\"https:\/\/ironsky.pl\/sklep\/#website\"},\"primaryImageOfPage\":{\"@id\":\"https:\/\/ironsky.pl\/sklep\/produkt\/etui-polarpro-do-iphone-15-pro-max-czarny\/#primaryimage\"},\"image\":{\"@id\":\"https:\/\/ironsky.pl\/sklep\/produkt\/etui-polarpro-do-iphone-15-pro-max-czarny\/#primaryimage\"},\"thumbnailUrl\":\"https:\/\/ironsky.pl\/sklep\/wp-content\/uploads\/2025\/02\/36861_1.jpg\",\"datePublished\":\"2025-02-13T15:58:41+00:00\",\"dateModified\":\"2026-03-05T14:54:30+00:00\",\"description\":\"Etui Polarpro do iPhone 15 Pro Max (czarny) - \u2705 sklep z dronami i fachowym doradztwem. \u2705 Tutaj kupisz produkty DJI, Yuneec, Parrot, Syma i wiele innych, a tak\u017ce kursy i licencje na operatora drona.\",\"breadcrumb\":{\"@id\":\"https:\/\/ironsky.pl\/sklep\/produkt\/etui-polarpro-do-iphone-15-pro-max-czarny\/#breadcrumb\"},\"inLanguage\":\"pl-PL\",\"potentialAction\":[{\"@type\":\"ReadAction\",\"target\":[\"https:\/\/ironsky.pl\/sklep\/produkt\/etui-polarpro-do-iphone-15-pro-max-czarny\/\"]}]},{\"@type\":\"ImageObject\",\"inLanguage\":\"pl-PL\",\"@id\":\"https:\/\/ironsky.pl\/sklep\/produkt\/etui-polarpro-do-iphone-15-pro-max-czarny\/#primaryimage\",\"url\":\"https:\/\/ironsky.pl\/sklep\/wp-content\/uploads\/2025\/02\/36861_1.jpg\",\"contentUrl\":\"https:\/\/ironsky.pl\/sklep\/wp-content\/uploads\/2025\/02\/36861_1.jpg\",\"width\":800,\"height\":800},{\"@type\":\"BreadcrumbList\",\"@id\":\"https:\/\/ironsky.pl\/sklep\/produkt\/etui-polarpro-do-iphone-15-pro-max-czarny\/#breadcrumb\",\"itemListElement\":[{\"@type\":\"ListItem\",\"position\":1,\"name\":\"Strona g\u0142\u00f3wna\",\"item\":\"https:\/\/ironsky.pl\/sklep\/\"},{\"@type\":\"ListItem\",\"position\":2,\"name\":\"Wszystkie produkty\",\"item\":\"https:\/\/ironsky.pl\/sklep\/produkty\/\"},{\"@type\":\"ListItem\",\"position\":3,\"name\":\"Etui Polarpro do iPhone 15 Pro Max (czarny)\"}]},{\"@type\":\"WebSite\",\"@id\":\"https:\/\/ironsky.pl\/sklep\/#website\",\"url\":\"https:\/\/ironsky.pl\/sklep\/\",\"name\":\"IRONSKY.PL Sklep z Dronami\",\"description\":\"IRONSKY.PL Sklep z Dronami\",\"potentialAction\":[{\"@type\":\"SearchAction\",\"target\":{\"@type\":\"EntryPoint\",\"urlTemplate\":\"https:\/\/ironsky.pl\/sklep\/?s={search_term_string}\"},\"query-input\":{\"@type\":\"PropertyValueSpecification\",\"valueRequired\":true,\"valueName\":\"search_term_string\"}}],\"inLanguage\":\"pl-PL\"}]}<\/script>\n<!-- \/ Yoast SEO plugin. -->","yoast_head_json":{"title":"Etui Polarpro do iPhone 15 Pro Max (czarny) - IRONSKY.PL Sklep z Dronami","description":"Etui Polarpro do iPhone 15 Pro Max (czarny) - \u2705 sklep z dronami i fachowym doradztwem. \u2705 Tutaj kupisz produkty DJI, Yuneec, Parrot, Syma i wiele innych, a tak\u017ce kursy i licencje na operatora drona.","robots":{"index":"index","follow":"follow","max-snippet":"max-snippet:-1","max-image-preview":"max-image-preview:large","max-video-preview":"max-video-preview:-1"},"canonical":"https:\/\/ironsky.pl\/sklep\/produkt\/etui-polarpro-do-iphone-15-pro-max-czarny\/","og_locale":"pl_PL","og_type":"article","og_title":"Etui Polarpro do iPhone 15 Pro Max (czarny) - IRONSKY.PL Sklep z Dronami","og_description":"Etui Polarpro do iPhone 15 Pro Max (czarny) - \u2705 sklep z dronami i fachowym doradztwem. \u2705 Tutaj kupisz produkty DJI, Yuneec, Parrot, Syma i wiele innych, a tak\u017ce kursy i licencje na operatora drona.","og_url":"https:\/\/ironsky.pl\/sklep\/produkt\/etui-polarpro-do-iphone-15-pro-max-czarny\/","og_site_name":"IRONSKY.PL Sklep z Dronami","article_modified_time":"2026-03-05T14:54:30+00:00","og_image":[{"width":800,"height":800,"url":"https:\/\/ironsky.pl\/sklep\/wp-content\/uploads\/2025\/02\/36861_1.jpg","type":"image\/jpeg"}],"twitter_card":"summary_large_image","twitter_misc":{"Szacowany czas czytania":"1 minuta"},"schema":{"@context":"https:\/\/schema.org","@graph":[{"@type":"WebPage","@id":"https:\/\/ironsky.pl\/sklep\/produkt\/etui-polarpro-do-iphone-15-pro-max-czarny\/","url":"https:\/\/ironsky.pl\/sklep\/produkt\/etui-polarpro-do-iphone-15-pro-max-czarny\/","name":"Etui Polarpro do iPhone 15 Pro Max (czarny) - IRONSKY.PL Sklep z Dronami","isPartOf":{"@id":"https:\/\/ironsky.pl\/sklep\/#website"},"primaryImageOfPage":{"@id":"https:\/\/ironsky.pl\/sklep\/produkt\/etui-polarpro-do-iphone-15-pro-max-czarny\/#primaryimage"},"image":{"@id":"https:\/\/ironsky.pl\/sklep\/produkt\/etui-polarpro-do-iphone-15-pro-max-czarny\/#primaryimage"},"thumbnailUrl":"https:\/\/ironsky.pl\/sklep\/wp-content\/uploads\/2025\/02\/36861_1.jpg","datePublished":"2025-02-13T15:58:41+00:00","dateModified":"2026-03-05T14:54:30+00:00","description":"Etui Polarpro do iPhone 15 Pro Max (czarny) - \u2705 sklep z dronami i fachowym doradztwem. \u2705 Tutaj kupisz produkty DJI, Yuneec, Parrot, Syma i wiele innych, a tak\u017ce kursy i licencje na operatora drona.","breadcrumb":{"@id":"https:\/\/ironsky.pl\/sklep\/produkt\/etui-polarpro-do-iphone-15-pro-max-czarny\/#breadcrumb"},"inLanguage":"pl-PL","potentialAction":[{"@type":"ReadAction","target":["https:\/\/ironsky.pl\/sklep\/produkt\/etui-polarpro-do-iphone-15-pro-max-czarny\/"]}]},{"@type":"ImageObject","inLanguage":"pl-PL","@id":"https:\/\/ironsky.pl\/sklep\/produkt\/etui-polarpro-do-iphone-15-pro-max-czarny\/#primaryimage","url":"https:\/\/ironsky.pl\/sklep\/wp-content\/uploads\/2025\/02\/36861_1.jpg","contentUrl":"https:\/\/ironsky.pl\/sklep\/wp-content\/uploads\/2025\/02\/36861_1.jpg","width":800,"height":800},{"@type":"BreadcrumbList","@id":"https:\/\/ironsky.pl\/sklep\/produkt\/etui-polarpro-do-iphone-15-pro-max-czarny\/#breadcrumb","itemListElement":[{"@type":"ListItem","position":1,"name":"Strona g\u0142\u00f3wna","item":"https:\/\/ironsky.pl\/sklep\/"},{"@type":"ListItem","position":2,"name":"Wszystkie produkty","item":"https:\/\/ironsky.pl\/sklep\/produkty\/"},{"@type":"ListItem","position":3,"name":"Etui Polarpro do iPhone 15 Pro Max (czarny)"}]},{"@type":"WebSite","@id":"https:\/\/ironsky.pl\/sklep\/#website","url":"https:\/\/ironsky.pl\/sklep\/","name":"IRONSKY.PL Sklep z Dronami","description":"IRONSKY.PL Sklep z Dronami","potentialAction":[{"@type":"SearchAction","target":{"@type":"EntryPoint","urlTemplate":"https:\/\/ironsky.pl\/sklep\/?s={search_term_string}"},"query-input":{"@type":"PropertyValueSpecification","valueRequired":true,"valueName":"search_term_string"}}],"inLanguage":"pl-PL"}]}},"_links":{"self":[{"href":"https:\/\/ironsky.pl\/sklep\/wp-json\/wp\/v2\/product\/36621","targetHints":{"allow":["GET"]}}],"collection":[{"href":"https:\/\/ironsky.pl\/sklep\/wp-json\/wp\/v2\/product"}],"about":[{"href":"https:\/\/ironsky.pl\/sklep\/wp-json\/wp\/v2\/types\/product"}],"replies":[{"embeddable":true,"href":"https:\/\/ironsky.pl\/sklep\/wp-json\/wp\/v2\/comments?post=36621"}],"wp:featuredmedia":[{"embeddable":true,"href":"https:\/\/ironsky.pl\/sklep\/wp-json\/wp\/v2\/media\/36622"}],"wp:attachment":[{"href":"https:\/\/ironsky.pl\/sklep\/wp-json\/wp\/v2\/media?parent=36621"}],"wp:term":[{"taxonomy":"product_brand","embeddable":true,"href":"https:\/\/ironsky.pl\/sklep\/wp-json\/wp\/v2\/product_brand?post=36621"},{"taxonomy":"product_cat","embeddable":true,"href":"https:\/\/ironsky.pl\/sklep\/wp-json\/wp\/v2\/product_cat?post=36621"},{"taxonomy":"product_tag","embeddable":true,"href":"https:\/\/ironsky.pl\/sklep\/wp-json\/wp\/v2\/product_tag?post=36621"}],"curies":[{"name":"wp","href":"https:\/\/api.w.org\/{rel}","templated":true}]}}