{"id":36567,"date":"2025-02-13T16:57:53","date_gmt":"2025-02-13T15:57:53","guid":{"rendered":"https:\/\/ironsky.pl\/drony-sklep\/produkt\/magnetyczny-uchwyt-na-telefon-baseus-magpro-samoprzylepny-czarny\/"},"modified":"2026-03-05T15:54:28","modified_gmt":"2026-03-05T14:54:28","slug":"magnetyczny-uchwyt-na-telefon-baseus-magpro-samoprzylepny-czarny","status":"publish","type":"product","link":"https:\/\/ironsky.pl\/sklep\/produkt\/magnetyczny-uchwyt-na-telefon-baseus-magpro-samoprzylepny-czarny\/","title":{"rendered":"Magnetyczny uchwyt na telefon Baseus MagPro samoprzylepny (czarny)"},"content":{"rendered":"<h3>Magnetyczny uchwyt na telefon Baseus MagPro samoprzylepny (czarny)<\/h3>\n<p>Lubisz gotowa\u0107 z przepisami video z internetu, ale nie chcesz ubrudzi\u0107 swojego iPhone\u2019a lub ci\u0105gle szuka\u0107 mi\u0119dzy sk\u0142adnikami do da\u0144? A mo\u017ce uwielbiasz \u0107wiczy\u0107 nowe makija\u017ce przed lustrem w \u0142azience i chcesz k\u0105tem oka zerka\u0107 na instrukcje z telefonu, a nie szuka\u0107 go ci\u0105gle wzrokiem lub martwi\u0107 si\u0119, \u017ce za chwile ze\u015blizgnie si\u0119 z umywalki? Uchwyt Baseus MagPro to doskona\u0142e rozwi\u0105zanie dla Ciebie! Silne magnesy mocno trzymaj\u0105 telefon, aby\u015b mia\u0142a pewno\u015b\u0107, \u017ce jest bezpieczny, a regulowane elementy pozwalaj\u0105 ustawi\u0107 rami\u0119 urz\u0105dzenia pod k\u0105tem 180 stopni w dw\u00f3ch miejscach i obraca\u0107 uchwyt o 360 stopni, aby jak najlepiej spe\u0142nia\u0142 dla Ciebie swoje zadanie! Co wi\u0119cej, wyci\u0105gane rami\u0119 sprawia, \u017ce mo\u017cesz przybli\u017ca\u0107 lub oddala\u0107 od siebie urz\u0105dzenie. <\/p>\n<p><img decoding=\"async\" src=\"https:\/\/b2b.innpro.pl\/data\/include\/cms\/-Baseus\/B10564101121-00\/3.jpg\" alt=\"-Baseus\/B10564101121-00\/3\"><\/p>\n<h3>Nic nie blokuje widoku <\/h3>\n<p>Dzi\u0119ki przyci\u0105ganiu magnetycznemu uchwyt nie posiada \u017cadnych zaczep\u00f3w, kt\u00f3re blokowa\u0142yby obraz na telefonie.<\/p>\n<p><img decoding=\"async\" src=\"https:\/\/b2b.innpro.pl\/data\/include\/cms\/-Baseus\/B10564101121-00\/1.jpg\" alt=\"-Baseus\/B10564101121-00\/1\"><\/p>\n<h3>Kompatybilno\u015b\u0107 <\/h3>\n<p>Uchwyt fantastycznie sprawdzi si\u0119 z telefonami Apple 12 lub nowszymi, kt\u00f3re wystarczy przy\u0142o\u017cy\u0107 do uchwytu i gotowe! Z kolei w przypadku pozosta\u0142ych telefon\u00f3w potrzebne b\u0119dzie magnetyczne etui lub naklejka na telefon.<\/p>\n<p><img decoding=\"async\" src=\"https:\/\/b2b.innpro.pl\/data\/include\/cms\/-Baseus\/B10564101121-00\/4.jpg\" alt=\"-Baseus\/B10564101121-00\/4\"><\/p>\n<h3>Niewielkie wymiary <\/h3>\n<p>Uchwyt to dwa niewielkie dyski o szeroko\u015bci ok. 6cm, kt\u00f3re po z\u0142o\u017ceniu maj\u0105 grubo\u015b\u0107 ok. 2 cm, co sprawia, \u017ce urz\u0105dzenie zajmuje bardzo ma\u0142o miejsca.<\/p>\n<p><img decoding=\"async\" src=\"https:\/\/b2b.innpro.pl\/data\/include\/cms\/-Baseus\/B10564101121-00\/5.jpg\" alt=\"-Baseus\/B10564101121-00\/5\"><\/p>\n<h3>Monta\u017c <\/h3>\n<p>Aby przyczepi\u0107 uchwyt do \u015bciany, nale\u017cy wyczy\u015bci\u0107 miejsce, w kt\u00f3rym b\u0119dzie przyklejony, przyklei\u0107 uchwyt i poczeka\u0107 24 godziny przed za\u0142o\u017ceniem na niego urz\u0105dzenia. Uchwyt mocuje si\u0119 do \u015bciany z pomoc\u0105 ta\u015bmy 3M, kt\u00f3ra nie pozostawia kleju po jego demonta\u017cu. Z \u0142atwo\u015bci\u0105 przykleisz uchwyt do p\u0142ytek, szk\u0142a, marmuru czy metalu. <\/p>\n<h3>W zestawie znajduje si\u0119:<\/h3>\n<ul>\n<li>uchwyt<\/li>\n<\/ul>\n<div class=\"table-wrapper\">\n<table>\n<tbody>\n<tr>\n<th>Marka<\/th>\n<td>Baseus<\/td>\n<\/tr>\n<tr>\n<th>Model <\/th>\n<td>BS-HP016<\/td>\n<\/tr>\n<tr>\n<th>Kolor <\/th>\n<td>Czarny<\/td>\n<\/tr>\n<tr>\n<th>Materia\u0142 <\/th>\n<td>ABS+PC <\/td>\n<\/tr>\n<tr>\n<th>Waga <\/th>\n<td>55g <\/td>\n<\/tr>\n<tr>\n<th>Wymiary <\/th>\n<td>59 x 59 x 19mm (po z\u0142o\u017ceniu)<\/td>\n<\/tr>\n<\/tbody>\n<\/table>\n<\/div>\n","protected":false},"excerpt":{"rendered":"<p>Magnetyczny uchwyt na telefon Baseus MagPro samoprzylepny (czarny) Lubisz gotowa\u0107 z przepisami video z internetu, ale nie chcesz ubrudzi\u0107 swojego<\/p>\n","protected":false},"featured_media":36568,"comment_status":"closed","ping_status":"open","template":"","meta":{"_acf_changed":false},"product_brand":[],"product_cat":[1128,1139,1140,1141,1138],"product_tag":[],"class_list":{"0":"post-36567","1":"product","2":"type-product","3":"status-publish","4":"has-post-thumbnail","6":"product_cat-foto-wideo","7":"product_cat-selfie-stick","8":"product_cat-statywy","9":"product_cat-uchwyty-do-mocowania-kamer-i-aparatow","10":"product_cat-wysiegniki","11":"pa_okres-gwarancji-5754","12":"pa_producent-baseus","14":"first","15":"outofstock","16":"taxable","17":"shipping-taxable","18":"purchasable","19":"product-type-simple"},"acf":[],"yoast_head":"<!-- This site is optimized with the Yoast SEO plugin v27.2 - https:\/\/yoast.com\/product\/yoast-seo-wordpress\/ -->\n<title>Magnetyczny uchwyt na telefon Baseus MagPro samoprzylepny (czarny) - IRONSKY.PL Sklep z Dronami<\/title>\n<meta name=\"description\" content=\"Magnetyczny uchwyt na telefon Baseus MagPro samoprzylepny (czarny) - \u2705 sklep z dronami i fachowym doradztwem. \u2705 Tutaj kupisz produkty DJI, Yuneec, Parrot, Syma i wiele innych, a tak\u017ce kursy i licencje na operatora drona.\" \/>\n<meta name=\"robots\" content=\"index, follow, max-snippet:-1, max-image-preview:large, max-video-preview:-1\" \/>\n<link rel=\"canonical\" href=\"https:\/\/ironsky.pl\/sklep\/produkt\/magnetyczny-uchwyt-na-telefon-baseus-magpro-samoprzylepny-czarny\/\" \/>\n<meta property=\"og:locale\" content=\"pl_PL\" \/>\n<meta property=\"og:type\" content=\"article\" \/>\n<meta property=\"og:title\" content=\"Magnetyczny uchwyt na telefon Baseus MagPro samoprzylepny (czarny) - IRONSKY.PL Sklep z Dronami\" \/>\n<meta property=\"og:description\" content=\"Magnetyczny uchwyt na telefon Baseus MagPro samoprzylepny (czarny) - \u2705 sklep z dronami i fachowym doradztwem. \u2705 Tutaj kupisz produkty DJI, Yuneec, Parrot, Syma i wiele innych, a tak\u017ce kursy i licencje na operatora drona.\" \/>\n<meta property=\"og:url\" content=\"https:\/\/ironsky.pl\/sklep\/produkt\/magnetyczny-uchwyt-na-telefon-baseus-magpro-samoprzylepny-czarny\/\" \/>\n<meta property=\"og:site_name\" content=\"IRONSKY.PL Sklep z Dronami\" \/>\n<meta property=\"article:modified_time\" content=\"2026-03-05T14:54:28+00:00\" \/>\n<meta property=\"og:image\" content=\"https:\/\/ironsky.pl\/sklep\/wp-content\/uploads\/2025\/02\/34439_5.webp\" \/>\n\t<meta property=\"og:image:width\" content=\"800\" \/>\n\t<meta property=\"og:image:height\" content=\"800\" \/>\n\t<meta property=\"og:image:type\" content=\"image\/webp\" \/>\n<meta name=\"twitter:card\" content=\"summary_large_image\" \/>\n<meta name=\"twitter:label1\" content=\"Szacowany czas czytania\" \/>\n\t<meta name=\"twitter:data1\" content=\"2 minuty\" \/>\n<script type=\"application\/ld+json\" class=\"yoast-schema-graph\">{\"@context\":\"https:\/\/schema.org\",\"@graph\":[{\"@type\":\"WebPage\",\"@id\":\"https:\/\/ironsky.pl\/sklep\/produkt\/magnetyczny-uchwyt-na-telefon-baseus-magpro-samoprzylepny-czarny\/\",\"url\":\"https:\/\/ironsky.pl\/sklep\/produkt\/magnetyczny-uchwyt-na-telefon-baseus-magpro-samoprzylepny-czarny\/\",\"name\":\"Magnetyczny uchwyt na telefon Baseus MagPro samoprzylepny (czarny) - IRONSKY.PL Sklep z Dronami\",\"isPartOf\":{\"@id\":\"https:\/\/ironsky.pl\/sklep\/#website\"},\"primaryImageOfPage\":{\"@id\":\"https:\/\/ironsky.pl\/sklep\/produkt\/magnetyczny-uchwyt-na-telefon-baseus-magpro-samoprzylepny-czarny\/#primaryimage\"},\"image\":{\"@id\":\"https:\/\/ironsky.pl\/sklep\/produkt\/magnetyczny-uchwyt-na-telefon-baseus-magpro-samoprzylepny-czarny\/#primaryimage\"},\"thumbnailUrl\":\"https:\/\/ironsky.pl\/sklep\/wp-content\/uploads\/2025\/02\/34439_5.webp\",\"datePublished\":\"2025-02-13T15:57:53+00:00\",\"dateModified\":\"2026-03-05T14:54:28+00:00\",\"description\":\"Magnetyczny uchwyt na telefon Baseus MagPro samoprzylepny (czarny) - \u2705 sklep z dronami i fachowym doradztwem. \u2705 Tutaj kupisz produkty DJI, Yuneec, Parrot, Syma i wiele innych, a tak\u017ce kursy i licencje na operatora drona.\",\"breadcrumb\":{\"@id\":\"https:\/\/ironsky.pl\/sklep\/produkt\/magnetyczny-uchwyt-na-telefon-baseus-magpro-samoprzylepny-czarny\/#breadcrumb\"},\"inLanguage\":\"pl-PL\",\"potentialAction\":[{\"@type\":\"ReadAction\",\"target\":[\"https:\/\/ironsky.pl\/sklep\/produkt\/magnetyczny-uchwyt-na-telefon-baseus-magpro-samoprzylepny-czarny\/\"]}]},{\"@type\":\"ImageObject\",\"inLanguage\":\"pl-PL\",\"@id\":\"https:\/\/ironsky.pl\/sklep\/produkt\/magnetyczny-uchwyt-na-telefon-baseus-magpro-samoprzylepny-czarny\/#primaryimage\",\"url\":\"https:\/\/ironsky.pl\/sklep\/wp-content\/uploads\/2025\/02\/34439_5.webp\",\"contentUrl\":\"https:\/\/ironsky.pl\/sklep\/wp-content\/uploads\/2025\/02\/34439_5.webp\",\"width\":800,\"height\":800},{\"@type\":\"BreadcrumbList\",\"@id\":\"https:\/\/ironsky.pl\/sklep\/produkt\/magnetyczny-uchwyt-na-telefon-baseus-magpro-samoprzylepny-czarny\/#breadcrumb\",\"itemListElement\":[{\"@type\":\"ListItem\",\"position\":1,\"name\":\"Strona g\u0142\u00f3wna\",\"item\":\"https:\/\/ironsky.pl\/sklep\/\"},{\"@type\":\"ListItem\",\"position\":2,\"name\":\"Wszystkie produkty\",\"item\":\"https:\/\/ironsky.pl\/sklep\/produkty\/\"},{\"@type\":\"ListItem\",\"position\":3,\"name\":\"Magnetyczny uchwyt na telefon Baseus MagPro samoprzylepny (czarny)\"}]},{\"@type\":\"WebSite\",\"@id\":\"https:\/\/ironsky.pl\/sklep\/#website\",\"url\":\"https:\/\/ironsky.pl\/sklep\/\",\"name\":\"IRONSKY.PL Sklep z Dronami\",\"description\":\"IRONSKY.PL Sklep z Dronami\",\"potentialAction\":[{\"@type\":\"SearchAction\",\"target\":{\"@type\":\"EntryPoint\",\"urlTemplate\":\"https:\/\/ironsky.pl\/sklep\/?s={search_term_string}\"},\"query-input\":{\"@type\":\"PropertyValueSpecification\",\"valueRequired\":true,\"valueName\":\"search_term_string\"}}],\"inLanguage\":\"pl-PL\"}]}<\/script>\n<!-- \/ Yoast SEO plugin. -->","yoast_head_json":{"title":"Magnetyczny uchwyt na telefon Baseus MagPro samoprzylepny (czarny) - IRONSKY.PL Sklep z Dronami","description":"Magnetyczny uchwyt na telefon Baseus MagPro samoprzylepny (czarny) - \u2705 sklep z dronami i fachowym doradztwem. \u2705 Tutaj kupisz produkty DJI, Yuneec, Parrot, Syma i wiele innych, a tak\u017ce kursy i licencje na operatora drona.","robots":{"index":"index","follow":"follow","max-snippet":"max-snippet:-1","max-image-preview":"max-image-preview:large","max-video-preview":"max-video-preview:-1"},"canonical":"https:\/\/ironsky.pl\/sklep\/produkt\/magnetyczny-uchwyt-na-telefon-baseus-magpro-samoprzylepny-czarny\/","og_locale":"pl_PL","og_type":"article","og_title":"Magnetyczny uchwyt na telefon Baseus MagPro samoprzylepny (czarny) - IRONSKY.PL Sklep z Dronami","og_description":"Magnetyczny uchwyt na telefon Baseus MagPro samoprzylepny (czarny) - \u2705 sklep z dronami i fachowym doradztwem. \u2705 Tutaj kupisz produkty DJI, Yuneec, Parrot, Syma i wiele innych, a tak\u017ce kursy i licencje na operatora drona.","og_url":"https:\/\/ironsky.pl\/sklep\/produkt\/magnetyczny-uchwyt-na-telefon-baseus-magpro-samoprzylepny-czarny\/","og_site_name":"IRONSKY.PL Sklep z Dronami","article_modified_time":"2026-03-05T14:54:28+00:00","og_image":[{"width":800,"height":800,"url":"https:\/\/ironsky.pl\/sklep\/wp-content\/uploads\/2025\/02\/34439_5.webp","type":"image\/webp"}],"twitter_card":"summary_large_image","twitter_misc":{"Szacowany czas czytania":"2 minuty"},"schema":{"@context":"https:\/\/schema.org","@graph":[{"@type":"WebPage","@id":"https:\/\/ironsky.pl\/sklep\/produkt\/magnetyczny-uchwyt-na-telefon-baseus-magpro-samoprzylepny-czarny\/","url":"https:\/\/ironsky.pl\/sklep\/produkt\/magnetyczny-uchwyt-na-telefon-baseus-magpro-samoprzylepny-czarny\/","name":"Magnetyczny uchwyt na telefon Baseus MagPro samoprzylepny (czarny) - IRONSKY.PL Sklep z Dronami","isPartOf":{"@id":"https:\/\/ironsky.pl\/sklep\/#website"},"primaryImageOfPage":{"@id":"https:\/\/ironsky.pl\/sklep\/produkt\/magnetyczny-uchwyt-na-telefon-baseus-magpro-samoprzylepny-czarny\/#primaryimage"},"image":{"@id":"https:\/\/ironsky.pl\/sklep\/produkt\/magnetyczny-uchwyt-na-telefon-baseus-magpro-samoprzylepny-czarny\/#primaryimage"},"thumbnailUrl":"https:\/\/ironsky.pl\/sklep\/wp-content\/uploads\/2025\/02\/34439_5.webp","datePublished":"2025-02-13T15:57:53+00:00","dateModified":"2026-03-05T14:54:28+00:00","description":"Magnetyczny uchwyt na telefon Baseus MagPro samoprzylepny (czarny) - \u2705 sklep z dronami i fachowym doradztwem. \u2705 Tutaj kupisz produkty DJI, Yuneec, Parrot, Syma i wiele innych, a tak\u017ce kursy i licencje na operatora drona.","breadcrumb":{"@id":"https:\/\/ironsky.pl\/sklep\/produkt\/magnetyczny-uchwyt-na-telefon-baseus-magpro-samoprzylepny-czarny\/#breadcrumb"},"inLanguage":"pl-PL","potentialAction":[{"@type":"ReadAction","target":["https:\/\/ironsky.pl\/sklep\/produkt\/magnetyczny-uchwyt-na-telefon-baseus-magpro-samoprzylepny-czarny\/"]}]},{"@type":"ImageObject","inLanguage":"pl-PL","@id":"https:\/\/ironsky.pl\/sklep\/produkt\/magnetyczny-uchwyt-na-telefon-baseus-magpro-samoprzylepny-czarny\/#primaryimage","url":"https:\/\/ironsky.pl\/sklep\/wp-content\/uploads\/2025\/02\/34439_5.webp","contentUrl":"https:\/\/ironsky.pl\/sklep\/wp-content\/uploads\/2025\/02\/34439_5.webp","width":800,"height":800},{"@type":"BreadcrumbList","@id":"https:\/\/ironsky.pl\/sklep\/produkt\/magnetyczny-uchwyt-na-telefon-baseus-magpro-samoprzylepny-czarny\/#breadcrumb","itemListElement":[{"@type":"ListItem","position":1,"name":"Strona g\u0142\u00f3wna","item":"https:\/\/ironsky.pl\/sklep\/"},{"@type":"ListItem","position":2,"name":"Wszystkie produkty","item":"https:\/\/ironsky.pl\/sklep\/produkty\/"},{"@type":"ListItem","position":3,"name":"Magnetyczny uchwyt na telefon Baseus MagPro samoprzylepny (czarny)"}]},{"@type":"WebSite","@id":"https:\/\/ironsky.pl\/sklep\/#website","url":"https:\/\/ironsky.pl\/sklep\/","name":"IRONSKY.PL Sklep z Dronami","description":"IRONSKY.PL Sklep z Dronami","potentialAction":[{"@type":"SearchAction","target":{"@type":"EntryPoint","urlTemplate":"https:\/\/ironsky.pl\/sklep\/?s={search_term_string}"},"query-input":{"@type":"PropertyValueSpecification","valueRequired":true,"valueName":"search_term_string"}}],"inLanguage":"pl-PL"}]}},"_links":{"self":[{"href":"https:\/\/ironsky.pl\/sklep\/wp-json\/wp\/v2\/product\/36567","targetHints":{"allow":["GET"]}}],"collection":[{"href":"https:\/\/ironsky.pl\/sklep\/wp-json\/wp\/v2\/product"}],"about":[{"href":"https:\/\/ironsky.pl\/sklep\/wp-json\/wp\/v2\/types\/product"}],"replies":[{"embeddable":true,"href":"https:\/\/ironsky.pl\/sklep\/wp-json\/wp\/v2\/comments?post=36567"}],"wp:featuredmedia":[{"embeddable":true,"href":"https:\/\/ironsky.pl\/sklep\/wp-json\/wp\/v2\/media\/36568"}],"wp:attachment":[{"href":"https:\/\/ironsky.pl\/sklep\/wp-json\/wp\/v2\/media?parent=36567"}],"wp:term":[{"taxonomy":"product_brand","embeddable":true,"href":"https:\/\/ironsky.pl\/sklep\/wp-json\/wp\/v2\/product_brand?post=36567"},{"taxonomy":"product_cat","embeddable":true,"href":"https:\/\/ironsky.pl\/sklep\/wp-json\/wp\/v2\/product_cat?post=36567"},{"taxonomy":"product_tag","embeddable":true,"href":"https:\/\/ironsky.pl\/sklep\/wp-json\/wp\/v2\/product_tag?post=36567"}],"curies":[{"name":"wp","href":"https:\/\/api.w.org\/{rel}","templated":true}]}}