{"id":36538,"date":"2025-02-13T16:57:38","date_gmt":"2025-02-13T15:57:38","guid":{"rendered":"https:\/\/ironsky.pl\/drony-sklep\/produkt\/skladany-uchwyt-na-telefon-baseus-bialy\/"},"modified":"2026-03-05T15:54:28","modified_gmt":"2026-03-05T14:54:28","slug":"skladany-uchwyt-na-telefon-baseus-bialy","status":"publish","type":"product","link":"https:\/\/ironsky.pl\/sklep\/produkt\/skladany-uchwyt-na-telefon-baseus-bialy\/","title":{"rendered":"sk\u0142adany Uchwyt na telefon Baseus (bia\u0142y)"},"content":{"rendered":"<h3>Sk\u0142adany uchwyt na telefon Baseus (bia\u0142y)<\/h3>\n<p>Zadbaj o sw\u00f3j komfort podczas pracy, kurs\u00f3w online czy te\u017c ogl\u0105dania film\u00f3w. Sk\u0142adany uchwyt na telefon marki Baseus umo\u017cliwia usytuowanie urz\u0105dzenia zar\u00f3wno poziomo, jak i pionowo. Zapewnia przy tym stabilne podparcie, a jego waga nie przekracza 12.5 g. Wyr\u00f3\u017cnia si\u0119 te\u017c oryginaln\u0105, sk\u0142adan\u0105 konstrukcj\u0105. Teraz mo\u017cesz swobodnie korzysta\u0107 ze swojego smartfona w dowolnej chwili!<\/p>\n<p><img decoding=\"async\" src=\"https:\/\/b2b.innpro.pl\/data\/include\/cms\/-Baseus\/B10556600211-00\/3.jpg\" alt=\"-Baseus\/B10556600211-00\/3\"><\/p>\n<h3>Dopracowana konstrukcja<\/h3>\n<p>Uchwyt na telefon marki Baseus jest cienki i lekki \u2013 mo\u017cesz wygodnie go z\u0142o\u017cy\u0107 i schowa\u0107 do torby czy nawet kieszeni. Produkt umo\u017cliwia swobodne korzystanie z telefonu zar\u00f3wno poziomo, jak i pionowo. Jego kraw\u0119dzie wykonano z materia\u0142u TPU, a dzi\u0119ki antypo\u015blizgowej konstrukcji nie musisz obawia\u0107 si\u0119 o bezpiecze\u0144stwo swojego smartfona.<\/p>\n<p><img decoding=\"async\" src=\"https:\/\/b2b.innpro.pl\/data\/include\/cms\/-Baseus\/B10556600211-00\/1.jpg\" alt=\"-Baseus\/B10556600211-00\/1\"><\/p>\n<div class=\"table-wrapper\">\n<table>\n<tbody>\n<tr>\n<th>Producent<\/th>\n<td>Baseus<\/td>\n<\/tr>\n<tr>\n<th>Model<\/th>\n<td>B10556600211-00<\/td>\n<\/tr>\n<tr>\n<th>Materia\u0142<\/th>\n<td>PC+TPU<\/td>\n<\/tr>\n<tr>\n<th>Waga<\/th>\n<td>12.5 g<\/td>\n<\/tr>\n<tr>\n<th>Kolor<\/th>\n<td>bia\u0142y<\/td>\n<\/tr>\n<\/tbody>\n<\/table>\n<\/div>\n","protected":false},"excerpt":{"rendered":"<p>Sk\u0142adany uchwyt na telefon Baseus (bia\u0142y) Zadbaj o sw\u00f3j komfort podczas pracy, kurs\u00f3w online czy te\u017c ogl\u0105dania film\u00f3w. Sk\u0142adany uchwyt<\/p>\n","protected":false},"featured_media":36539,"comment_status":"closed","ping_status":"open","template":"","meta":{"_acf_changed":false},"product_brand":[],"product_cat":[1128,1139,1140,1141,1138],"product_tag":[],"class_list":{"0":"post-36538","1":"product","2":"type-product","3":"status-publish","4":"has-post-thumbnail","6":"product_cat-foto-wideo","7":"product_cat-selfie-stick","8":"product_cat-statywy","9":"product_cat-uchwyty-do-mocowania-kamer-i-aparatow","10":"product_cat-wysiegniki","11":"pa_okres-gwarancji-5754","12":"pa_producent-baseus","14":"first","15":"outofstock","16":"taxable","17":"shipping-taxable","18":"purchasable","19":"product-type-simple"},"acf":[],"yoast_head":"<!-- This site is optimized with the Yoast SEO plugin v27.2 - https:\/\/yoast.com\/product\/yoast-seo-wordpress\/ -->\n<title>sk\u0142adany Uchwyt na telefon Baseus (bia\u0142y) - IRONSKY.PL Sklep z Dronami<\/title>\n<meta name=\"description\" content=\"sk\u0142adany Uchwyt na telefon Baseus (bia\u0142y) - \u2705 sklep z dronami i fachowym doradztwem. \u2705 Tutaj kupisz produkty DJI, Yuneec, Parrot, Syma i wiele innych, a tak\u017ce kursy i licencje na operatora drona.\" \/>\n<meta name=\"robots\" content=\"index, follow, max-snippet:-1, max-image-preview:large, max-video-preview:-1\" \/>\n<link rel=\"canonical\" href=\"https:\/\/ironsky.pl\/sklep\/produkt\/skladany-uchwyt-na-telefon-baseus-bialy\/\" \/>\n<meta property=\"og:locale\" content=\"pl_PL\" \/>\n<meta property=\"og:type\" content=\"article\" \/>\n<meta property=\"og:title\" content=\"sk\u0142adany Uchwyt na telefon Baseus (bia\u0142y) - IRONSKY.PL Sklep z Dronami\" \/>\n<meta property=\"og:description\" content=\"sk\u0142adany Uchwyt na telefon Baseus (bia\u0142y) - \u2705 sklep z dronami i fachowym doradztwem. \u2705 Tutaj kupisz produkty DJI, Yuneec, Parrot, Syma i wiele innych, a tak\u017ce kursy i licencje na operatora drona.\" \/>\n<meta property=\"og:url\" content=\"https:\/\/ironsky.pl\/sklep\/produkt\/skladany-uchwyt-na-telefon-baseus-bialy\/\" \/>\n<meta property=\"og:site_name\" content=\"IRONSKY.PL Sklep z Dronami\" \/>\n<meta property=\"article:modified_time\" content=\"2026-03-05T14:54:28+00:00\" \/>\n<meta property=\"og:image\" content=\"https:\/\/ironsky.pl\/sklep\/wp-content\/uploads\/2025\/02\/32550_8.webp\" \/>\n\t<meta property=\"og:image:width\" content=\"800\" \/>\n\t<meta property=\"og:image:height\" content=\"800\" \/>\n\t<meta property=\"og:image:type\" content=\"image\/webp\" \/>\n<meta name=\"twitter:card\" content=\"summary_large_image\" \/>\n<meta name=\"twitter:label1\" content=\"Szacowany czas czytania\" \/>\n\t<meta name=\"twitter:data1\" content=\"1 minuta\" \/>\n<script type=\"application\/ld+json\" class=\"yoast-schema-graph\">{\"@context\":\"https:\/\/schema.org\",\"@graph\":[{\"@type\":\"WebPage\",\"@id\":\"https:\/\/ironsky.pl\/sklep\/produkt\/skladany-uchwyt-na-telefon-baseus-bialy\/\",\"url\":\"https:\/\/ironsky.pl\/sklep\/produkt\/skladany-uchwyt-na-telefon-baseus-bialy\/\",\"name\":\"sk\u0142adany Uchwyt na telefon Baseus (bia\u0142y) - IRONSKY.PL Sklep z Dronami\",\"isPartOf\":{\"@id\":\"https:\/\/ironsky.pl\/sklep\/#website\"},\"primaryImageOfPage\":{\"@id\":\"https:\/\/ironsky.pl\/sklep\/produkt\/skladany-uchwyt-na-telefon-baseus-bialy\/#primaryimage\"},\"image\":{\"@id\":\"https:\/\/ironsky.pl\/sklep\/produkt\/skladany-uchwyt-na-telefon-baseus-bialy\/#primaryimage\"},\"thumbnailUrl\":\"https:\/\/ironsky.pl\/sklep\/wp-content\/uploads\/2025\/02\/32550_8.webp\",\"datePublished\":\"2025-02-13T15:57:38+00:00\",\"dateModified\":\"2026-03-05T14:54:28+00:00\",\"description\":\"sk\u0142adany Uchwyt na telefon Baseus (bia\u0142y) - \u2705 sklep z dronami i fachowym doradztwem. \u2705 Tutaj kupisz produkty DJI, Yuneec, Parrot, Syma i wiele innych, a tak\u017ce kursy i licencje na operatora drona.\",\"breadcrumb\":{\"@id\":\"https:\/\/ironsky.pl\/sklep\/produkt\/skladany-uchwyt-na-telefon-baseus-bialy\/#breadcrumb\"},\"inLanguage\":\"pl-PL\",\"potentialAction\":[{\"@type\":\"ReadAction\",\"target\":[\"https:\/\/ironsky.pl\/sklep\/produkt\/skladany-uchwyt-na-telefon-baseus-bialy\/\"]}]},{\"@type\":\"ImageObject\",\"inLanguage\":\"pl-PL\",\"@id\":\"https:\/\/ironsky.pl\/sklep\/produkt\/skladany-uchwyt-na-telefon-baseus-bialy\/#primaryimage\",\"url\":\"https:\/\/ironsky.pl\/sklep\/wp-content\/uploads\/2025\/02\/32550_8.webp\",\"contentUrl\":\"https:\/\/ironsky.pl\/sklep\/wp-content\/uploads\/2025\/02\/32550_8.webp\",\"width\":800,\"height\":800},{\"@type\":\"BreadcrumbList\",\"@id\":\"https:\/\/ironsky.pl\/sklep\/produkt\/skladany-uchwyt-na-telefon-baseus-bialy\/#breadcrumb\",\"itemListElement\":[{\"@type\":\"ListItem\",\"position\":1,\"name\":\"Strona g\u0142\u00f3wna\",\"item\":\"https:\/\/ironsky.pl\/sklep\/\"},{\"@type\":\"ListItem\",\"position\":2,\"name\":\"Wszystkie produkty\",\"item\":\"https:\/\/ironsky.pl\/sklep\/produkty\/\"},{\"@type\":\"ListItem\",\"position\":3,\"name\":\"sk\u0142adany Uchwyt na telefon Baseus (bia\u0142y)\"}]},{\"@type\":\"WebSite\",\"@id\":\"https:\/\/ironsky.pl\/sklep\/#website\",\"url\":\"https:\/\/ironsky.pl\/sklep\/\",\"name\":\"IRONSKY.PL Sklep z Dronami\",\"description\":\"IRONSKY.PL Sklep z Dronami\",\"potentialAction\":[{\"@type\":\"SearchAction\",\"target\":{\"@type\":\"EntryPoint\",\"urlTemplate\":\"https:\/\/ironsky.pl\/sklep\/?s={search_term_string}\"},\"query-input\":{\"@type\":\"PropertyValueSpecification\",\"valueRequired\":true,\"valueName\":\"search_term_string\"}}],\"inLanguage\":\"pl-PL\"}]}<\/script>\n<!-- \/ Yoast SEO plugin. -->","yoast_head_json":{"title":"sk\u0142adany Uchwyt na telefon Baseus (bia\u0142y) - IRONSKY.PL Sklep z Dronami","description":"sk\u0142adany Uchwyt na telefon Baseus (bia\u0142y) - \u2705 sklep z dronami i fachowym doradztwem. \u2705 Tutaj kupisz produkty DJI, Yuneec, Parrot, Syma i wiele innych, a tak\u017ce kursy i licencje na operatora drona.","robots":{"index":"index","follow":"follow","max-snippet":"max-snippet:-1","max-image-preview":"max-image-preview:large","max-video-preview":"max-video-preview:-1"},"canonical":"https:\/\/ironsky.pl\/sklep\/produkt\/skladany-uchwyt-na-telefon-baseus-bialy\/","og_locale":"pl_PL","og_type":"article","og_title":"sk\u0142adany Uchwyt na telefon Baseus (bia\u0142y) - IRONSKY.PL Sklep z Dronami","og_description":"sk\u0142adany Uchwyt na telefon Baseus (bia\u0142y) - \u2705 sklep z dronami i fachowym doradztwem. \u2705 Tutaj kupisz produkty DJI, Yuneec, Parrot, Syma i wiele innych, a tak\u017ce kursy i licencje na operatora drona.","og_url":"https:\/\/ironsky.pl\/sklep\/produkt\/skladany-uchwyt-na-telefon-baseus-bialy\/","og_site_name":"IRONSKY.PL Sklep z Dronami","article_modified_time":"2026-03-05T14:54:28+00:00","og_image":[{"width":800,"height":800,"url":"https:\/\/ironsky.pl\/sklep\/wp-content\/uploads\/2025\/02\/32550_8.webp","type":"image\/webp"}],"twitter_card":"summary_large_image","twitter_misc":{"Szacowany czas czytania":"1 minuta"},"schema":{"@context":"https:\/\/schema.org","@graph":[{"@type":"WebPage","@id":"https:\/\/ironsky.pl\/sklep\/produkt\/skladany-uchwyt-na-telefon-baseus-bialy\/","url":"https:\/\/ironsky.pl\/sklep\/produkt\/skladany-uchwyt-na-telefon-baseus-bialy\/","name":"sk\u0142adany Uchwyt na telefon Baseus (bia\u0142y) - IRONSKY.PL Sklep z Dronami","isPartOf":{"@id":"https:\/\/ironsky.pl\/sklep\/#website"},"primaryImageOfPage":{"@id":"https:\/\/ironsky.pl\/sklep\/produkt\/skladany-uchwyt-na-telefon-baseus-bialy\/#primaryimage"},"image":{"@id":"https:\/\/ironsky.pl\/sklep\/produkt\/skladany-uchwyt-na-telefon-baseus-bialy\/#primaryimage"},"thumbnailUrl":"https:\/\/ironsky.pl\/sklep\/wp-content\/uploads\/2025\/02\/32550_8.webp","datePublished":"2025-02-13T15:57:38+00:00","dateModified":"2026-03-05T14:54:28+00:00","description":"sk\u0142adany Uchwyt na telefon Baseus (bia\u0142y) - \u2705 sklep z dronami i fachowym doradztwem. \u2705 Tutaj kupisz produkty DJI, Yuneec, Parrot, Syma i wiele innych, a tak\u017ce kursy i licencje na operatora drona.","breadcrumb":{"@id":"https:\/\/ironsky.pl\/sklep\/produkt\/skladany-uchwyt-na-telefon-baseus-bialy\/#breadcrumb"},"inLanguage":"pl-PL","potentialAction":[{"@type":"ReadAction","target":["https:\/\/ironsky.pl\/sklep\/produkt\/skladany-uchwyt-na-telefon-baseus-bialy\/"]}]},{"@type":"ImageObject","inLanguage":"pl-PL","@id":"https:\/\/ironsky.pl\/sklep\/produkt\/skladany-uchwyt-na-telefon-baseus-bialy\/#primaryimage","url":"https:\/\/ironsky.pl\/sklep\/wp-content\/uploads\/2025\/02\/32550_8.webp","contentUrl":"https:\/\/ironsky.pl\/sklep\/wp-content\/uploads\/2025\/02\/32550_8.webp","width":800,"height":800},{"@type":"BreadcrumbList","@id":"https:\/\/ironsky.pl\/sklep\/produkt\/skladany-uchwyt-na-telefon-baseus-bialy\/#breadcrumb","itemListElement":[{"@type":"ListItem","position":1,"name":"Strona g\u0142\u00f3wna","item":"https:\/\/ironsky.pl\/sklep\/"},{"@type":"ListItem","position":2,"name":"Wszystkie produkty","item":"https:\/\/ironsky.pl\/sklep\/produkty\/"},{"@type":"ListItem","position":3,"name":"sk\u0142adany Uchwyt na telefon Baseus (bia\u0142y)"}]},{"@type":"WebSite","@id":"https:\/\/ironsky.pl\/sklep\/#website","url":"https:\/\/ironsky.pl\/sklep\/","name":"IRONSKY.PL Sklep z Dronami","description":"IRONSKY.PL Sklep z Dronami","potentialAction":[{"@type":"SearchAction","target":{"@type":"EntryPoint","urlTemplate":"https:\/\/ironsky.pl\/sklep\/?s={search_term_string}"},"query-input":{"@type":"PropertyValueSpecification","valueRequired":true,"valueName":"search_term_string"}}],"inLanguage":"pl-PL"}]}},"_links":{"self":[{"href":"https:\/\/ironsky.pl\/sklep\/wp-json\/wp\/v2\/product\/36538","targetHints":{"allow":["GET"]}}],"collection":[{"href":"https:\/\/ironsky.pl\/sklep\/wp-json\/wp\/v2\/product"}],"about":[{"href":"https:\/\/ironsky.pl\/sklep\/wp-json\/wp\/v2\/types\/product"}],"replies":[{"embeddable":true,"href":"https:\/\/ironsky.pl\/sklep\/wp-json\/wp\/v2\/comments?post=36538"}],"wp:featuredmedia":[{"embeddable":true,"href":"https:\/\/ironsky.pl\/sklep\/wp-json\/wp\/v2\/media\/36539"}],"wp:attachment":[{"href":"https:\/\/ironsky.pl\/sklep\/wp-json\/wp\/v2\/media?parent=36538"}],"wp:term":[{"taxonomy":"product_brand","embeddable":true,"href":"https:\/\/ironsky.pl\/sklep\/wp-json\/wp\/v2\/product_brand?post=36538"},{"taxonomy":"product_cat","embeddable":true,"href":"https:\/\/ironsky.pl\/sklep\/wp-json\/wp\/v2\/product_cat?post=36538"},{"taxonomy":"product_tag","embeddable":true,"href":"https:\/\/ironsky.pl\/sklep\/wp-json\/wp\/v2\/product_tag?post=36538"}],"curies":[{"name":"wp","href":"https:\/\/api.w.org\/{rel}","templated":true}]}}